{"id":1010,"date":"2020-11-29T13:54:44","date_gmt":"2020-11-29T12:54:44","guid":{"rendered":"https:\/\/www.retrocomputing-whv.net\/?page_id=1010"},"modified":"2020-11-29T13:54:44","modified_gmt":"2020-11-29T12:54:44","slug":"c64-basic-fuer-einsteiger","status":"publish","type":"page","link":"https:\/\/www.retrocomputing-whv.net\/?page_id=1010","title":{"rendered":"C64 BASIC f\u00fcr Einsteiger"},"content":{"rendered":"\n<figure class=\"wp-block-image size-large\"><img loading=\"lazy\" decoding=\"async\" width=\"724\" height=\"1024\" src=\"https:\/\/www.retrocomputing-whv.net\/wp-content\/uploads\/2020\/05\/DATA-BECKER-C64-BASIC-f\u00fcr-Einsteiger-724x1024.jpg\" alt=\"DATA BECKER - C64 BASIC f\u00fcr Einsteiger\" class=\"wp-image-464\" srcset=\"https:\/\/www.retrocomputing-whv.net\/wp-content\/uploads\/2020\/05\/DATA-BECKER-C64-BASIC-f\u00fcr-Einsteiger-724x1024.jpg 724w, https:\/\/www.retrocomputing-whv.net\/wp-content\/uploads\/2020\/05\/DATA-BECKER-C64-BASIC-f\u00fcr-Einsteiger-212x300.jpg 212w, https:\/\/www.retrocomputing-whv.net\/wp-content\/uploads\/2020\/05\/DATA-BECKER-C64-BASIC-f\u00fcr-Einsteiger-768x1087.jpg 768w, https:\/\/www.retrocomputing-whv.net\/wp-content\/uploads\/2020\/05\/DATA-BECKER-C64-BASIC-f\u00fcr-Einsteiger-1086x1536.jpg 1086w, https:\/\/www.retrocomputing-whv.net\/wp-content\/uploads\/2020\/05\/DATA-BECKER-C64-BASIC-f\u00fcr-Einsteiger.jpg 1200w\" sizes=\"auto, (max-width: 724px) 100vw, 724px\" \/><\/figure>\n\n\n\n<p>Ein DATA BECKER Buch &#8211; Autoren Manfred Tornsdorf, Helmut Tornsdorf<br>1. Auflage &#8211; Erscheinungsjahr 1988 &#8211; ISBN 3-89011-246-3<\/p>\n\n\n\n<p><strong>Das steht drin:<\/strong><br>Sie wollen die vielf\u00e4ltigen M\u00f6glichkeiten Ihres neuerworbenen C64 m\u00f6glichst schnell kennenlernen. Der Schl\u00fcssel dazu hei\u00dft BASIC. Da\u00df die Einarbeitung darin nicht schwierig sein mu\u00df, ja sogar Spa\u00df machen kann, zeigt dieses Buch. Schritt f\u00fcr Schritt werden Sie in die Welt des C64 und seines BASIC eingef\u00fchrt. Durch Zusammenfassungen werden die neuerworbenen F\u00e4higkeiten zum sicheren Besitz. Das Umfangreiche Lexikon am Schlu\u00df macht das Buch f\u00fcr Sie auch noch wertvoll, wenn Sie kein Einsteiger mehr sind.<\/p>\n\n\n\n<p><strong>Aus dem Inhalt:<\/strong><\/p>\n\n\n\n<ul class=\"wp-block-list\"><li>BASIC an einem Abend: Der schnelle Weg zum ersten Programm<\/li><li>BASIC an einem Wochenende: Variablen (Bedeutung und Arten, Anwendungsbeispiele aus der allt\u00e4glichen Praxis)<\/li><li>Grundbefehle f\u00fcr die Erstellung von Programmabl\u00e4ufen &#8211; GOTO, IF THEN, FOR NEXT<\/li><li>Der Weg zum Profi-Programm &#8211; Einsatz von Unterprogrammen<\/li><li>Zahlreiche Anwendungsbeispiele f\u00fcr Programme<\/li><li>Grafik zum Nulltarif: einfache Grafik (von Phantasiebildern bis hin zu Balkendiagrammen)<\/li><li>Datenspeicherung innerhalb von Programmen und auf Diskette &#8211; sequentielle Dateien<\/li><li>Hochaufl\u00f6sende Grafik<\/li><li>SPRITES und dazu ein Spielprogramm (Landung eines Ballons)<\/li><li>Pannenhilfe &#8211; Zusammenstellung von Hilfen bei Problemen<\/li><li>Lexikon &#8211; umfangreiche, leichtverst\u00e4ndliche Begriffserkl\u00e4rungen zum Nachschlagen<\/li><\/ul>\n\n\n\n<figure class=\"wp-block-image size-large\"><a href=\"https:\/\/www.retrocomputing-whv.net\/?page_id=840\"><img loading=\"lazy\" decoding=\"async\" width=\"256\" height=\"136\" src=\"https:\/\/www.retrocomputing-whv.net\/wp-content\/uploads\/2020\/08\/Backspace.jpg\" alt=\"Backspace\" class=\"wp-image-681\"\/><\/a><\/figure>\n\n\n\n<p><\/p>\n","protected":false},"excerpt":{"rendered":"<p>Ein DATA BECKER Buch &#8211; Autoren Manfred Tornsdorf, Helmut Tornsdorf1. Auflage &#8211; Erscheinungsjahr 1988 &#8211; ISBN 3-89011-246-3 Das steht drin:Sie wollen die vielf\u00e4ltigen M\u00f6glichkeiten Ihres neuerworbenen C64 m\u00f6glichst schnell kennenlernen. Der Schl\u00fcssel dazu hei\u00dft BASIC. Da\u00df die Einarbeitung darin nicht schwierig sein mu\u00df, ja sogar Spa\u00df machen kann, zeigt dieses Buch. Schritt f\u00fcr Schritt werden Sie in die Welt des<\/p>\n","protected":false},"author":1,"featured_media":0,"parent":840,"menu_order":0,"comment_status":"closed","ping_status":"closed","template":"","meta":{"footnotes":""},"class_list":["post-1010","page","type-page","status-publish","hentry"],"yoast_head":"<!-- This site is optimized with the Yoast SEO plugin v27.5 - https:\/\/yoast.com\/product\/yoast-seo-wordpress\/ -->\n<title>C64 BASIC f\u00fcr Einsteiger - Retrocomputing WHV<\/title>\n<meta name=\"robots\" content=\"index, follow, max-snippet:-1, max-image-preview:large, max-video-preview:-1\" \/>\n<link rel=\"canonical\" href=\"https:\/\/www.retrocomputing-whv.net\/?page_id=1010\" \/>\n<meta property=\"og:locale\" content=\"de_DE\" \/>\n<meta property=\"og:type\" content=\"article\" \/>\n<meta property=\"og:title\" content=\"C64 BASIC f\u00fcr Einsteiger - Retrocomputing WHV\" \/>\n<meta property=\"og:description\" content=\"Ein DATA BECKER Buch &#8211; Autoren Manfred Tornsdorf, Helmut Tornsdorf1. Auflage &#8211; Erscheinungsjahr 1988 &#8211; ISBN 3-89011-246-3 Das steht drin:Sie wollen die vielf\u00e4ltigen M\u00f6glichkeiten Ihres neuerworbenen C64 m\u00f6glichst schnell kennenlernen. Der Schl\u00fcssel dazu hei\u00dft BASIC. Da\u00df die Einarbeitung darin nicht schwierig sein mu\u00df, ja sogar Spa\u00df machen kann, zeigt dieses Buch. Schritt f\u00fcr Schritt werden Sie in die Welt des\" \/>\n<meta property=\"og:url\" content=\"https:\/\/www.retrocomputing-whv.net\/?page_id=1010\" \/>\n<meta property=\"og:site_name\" content=\"Retrocomputing WHV\" \/>\n<meta property=\"og:image\" content=\"https:\/\/www.retrocomputing-whv.net\/wp-content\/uploads\/2020\/05\/DATA-BECKER-C64-BASIC-f\u00fcr-Einsteiger-724x1024.jpg\" \/>\n<meta name=\"twitter:card\" content=\"summary_large_image\" \/>\n<meta name=\"twitter:label1\" content=\"Gesch\u00e4tzte Lesezeit\" \/>\n\t<meta name=\"twitter:data1\" content=\"1\u00a0Minute\" \/>\n<script type=\"application\/ld+json\" class=\"yoast-schema-graph\">{\"@context\":\"https:\\\/\\\/schema.org\",\"@graph\":[{\"@type\":\"WebPage\",\"@id\":\"https:\\\/\\\/www.retrocomputing-whv.net\\\/?page_id=1010\",\"url\":\"https:\\\/\\\/www.retrocomputing-whv.net\\\/?page_id=1010\",\"name\":\"C64 BASIC f\u00fcr Einsteiger - Retrocomputing WHV\",\"isPartOf\":{\"@id\":\"https:\\\/\\\/www.retrocomputing-whv.net\\\/#website\"},\"primaryImageOfPage\":{\"@id\":\"https:\\\/\\\/www.retrocomputing-whv.net\\\/?page_id=1010#primaryimage\"},\"image\":{\"@id\":\"https:\\\/\\\/www.retrocomputing-whv.net\\\/?page_id=1010#primaryimage\"},\"thumbnailUrl\":\"https:\\\/\\\/www.retrocomputing-whv.net\\\/wp-content\\\/uploads\\\/2020\\\/08\\\/Backspace.jpg\",\"datePublished\":\"2020-11-29T12:54:44+00:00\",\"breadcrumb\":{\"@id\":\"https:\\\/\\\/www.retrocomputing-whv.net\\\/?page_id=1010#breadcrumb\"},\"inLanguage\":\"de\",\"potentialAction\":[{\"@type\":\"ReadAction\",\"target\":[\"https:\\\/\\\/www.retrocomputing-whv.net\\\/?page_id=1010\"]}]},{\"@type\":\"ImageObject\",\"inLanguage\":\"de\",\"@id\":\"https:\\\/\\\/www.retrocomputing-whv.net\\\/?page_id=1010#primaryimage\",\"url\":\"https:\\\/\\\/www.retrocomputing-whv.net\\\/wp-content\\\/uploads\\\/2020\\\/08\\\/Backspace.jpg\",\"contentUrl\":\"https:\\\/\\\/www.retrocomputing-whv.net\\\/wp-content\\\/uploads\\\/2020\\\/08\\\/Backspace.jpg\",\"width\":256,\"height\":136,\"caption\":\"Backspace\"},{\"@type\":\"BreadcrumbList\",\"@id\":\"https:\\\/\\\/www.retrocomputing-whv.net\\\/?page_id=1010#breadcrumb\",\"itemListElement\":[{\"@type\":\"ListItem\",\"position\":1,\"name\":\"Startseite\",\"item\":\"https:\\\/\\\/www.retrocomputing-whv.net\\\/\"},{\"@type\":\"ListItem\",\"position\":2,\"name\":\"Literatur\",\"item\":\"https:\\\/\\\/www.retrocomputing-whv.net\\\/?page_id=105\"},{\"@type\":\"ListItem\",\"position\":3,\"name\":\"DATA BECKER\",\"item\":\"https:\\\/\\\/www.retrocomputing-whv.net\\\/?page_id=807\"},{\"@type\":\"ListItem\",\"position\":4,\"name\":\"Commodore 64\",\"item\":\"https:\\\/\\\/www.retrocomputing-whv.net\\\/?page_id=840\"},{\"@type\":\"ListItem\",\"position\":5,\"name\":\"C64 BASIC f\u00fcr Einsteiger\"}]},{\"@type\":\"WebSite\",\"@id\":\"https:\\\/\\\/www.retrocomputing-whv.net\\\/#website\",\"url\":\"https:\\\/\\\/www.retrocomputing-whv.net\\\/\",\"name\":\"Retrocomputing WHV\",\"description\":\"\",\"publisher\":{\"@id\":\"https:\\\/\\\/www.retrocomputing-whv.net\\\/#organization\"},\"potentialAction\":[{\"@type\":\"SearchAction\",\"target\":{\"@type\":\"EntryPoint\",\"urlTemplate\":\"https:\\\/\\\/www.retrocomputing-whv.net\\\/?s={search_term_string}\"},\"query-input\":{\"@type\":\"PropertyValueSpecification\",\"valueRequired\":true,\"valueName\":\"search_term_string\"}}],\"inLanguage\":\"de\"},{\"@type\":\"Organization\",\"@id\":\"https:\\\/\\\/www.retrocomputing-whv.net\\\/#organization\",\"name\":\"Retrocomputing-WHV\",\"url\":\"https:\\\/\\\/www.retrocomputing-whv.net\\\/\",\"logo\":{\"@type\":\"ImageObject\",\"inLanguage\":\"de\",\"@id\":\"https:\\\/\\\/www.retrocomputing-whv.net\\\/#\\\/schema\\\/logo\\\/image\\\/\",\"url\":\"https:\\\/\\\/www.retrocomputing-whv.net\\\/wp-content\\\/uploads\\\/2020\\\/04\\\/Logo.png\",\"contentUrl\":\"https:\\\/\\\/www.retrocomputing-whv.net\\\/wp-content\\\/uploads\\\/2020\\\/04\\\/Logo.png\",\"width\":1340,\"height\":250,\"caption\":\"Retrocomputing-WHV\"},\"image\":{\"@id\":\"https:\\\/\\\/www.retrocomputing-whv.net\\\/#\\\/schema\\\/logo\\\/image\\\/\"}}]}<\/script>\n<!-- \/ Yoast SEO plugin. -->","yoast_head_json":{"title":"C64 BASIC f\u00fcr Einsteiger - Retrocomputing WHV","robots":{"index":"index","follow":"follow","max-snippet":"max-snippet:-1","max-image-preview":"max-image-preview:large","max-video-preview":"max-video-preview:-1"},"canonical":"https:\/\/www.retrocomputing-whv.net\/?page_id=1010","og_locale":"de_DE","og_type":"article","og_title":"C64 BASIC f\u00fcr Einsteiger - Retrocomputing WHV","og_description":"Ein DATA BECKER Buch &#8211; Autoren Manfred Tornsdorf, Helmut Tornsdorf1. Auflage &#8211; Erscheinungsjahr 1988 &#8211; ISBN 3-89011-246-3 Das steht drin:Sie wollen die vielf\u00e4ltigen M\u00f6glichkeiten Ihres neuerworbenen C64 m\u00f6glichst schnell kennenlernen. Der Schl\u00fcssel dazu hei\u00dft BASIC. Da\u00df die Einarbeitung darin nicht schwierig sein mu\u00df, ja sogar Spa\u00df machen kann, zeigt dieses Buch. Schritt f\u00fcr Schritt werden Sie in die Welt des","og_url":"https:\/\/www.retrocomputing-whv.net\/?page_id=1010","og_site_name":"Retrocomputing WHV","og_image":[{"url":"https:\/\/www.retrocomputing-whv.net\/wp-content\/uploads\/2020\/05\/DATA-BECKER-C64-BASIC-f\u00fcr-Einsteiger-724x1024.jpg","type":"","width":"","height":""}],"twitter_card":"summary_large_image","twitter_misc":{"Gesch\u00e4tzte Lesezeit":"1\u00a0Minute"},"schema":{"@context":"https:\/\/schema.org","@graph":[{"@type":"WebPage","@id":"https:\/\/www.retrocomputing-whv.net\/?page_id=1010","url":"https:\/\/www.retrocomputing-whv.net\/?page_id=1010","name":"C64 BASIC f\u00fcr Einsteiger - Retrocomputing WHV","isPartOf":{"@id":"https:\/\/www.retrocomputing-whv.net\/#website"},"primaryImageOfPage":{"@id":"https:\/\/www.retrocomputing-whv.net\/?page_id=1010#primaryimage"},"image":{"@id":"https:\/\/www.retrocomputing-whv.net\/?page_id=1010#primaryimage"},"thumbnailUrl":"https:\/\/www.retrocomputing-whv.net\/wp-content\/uploads\/2020\/08\/Backspace.jpg","datePublished":"2020-11-29T12:54:44+00:00","breadcrumb":{"@id":"https:\/\/www.retrocomputing-whv.net\/?page_id=1010#breadcrumb"},"inLanguage":"de","potentialAction":[{"@type":"ReadAction","target":["https:\/\/www.retrocomputing-whv.net\/?page_id=1010"]}]},{"@type":"ImageObject","inLanguage":"de","@id":"https:\/\/www.retrocomputing-whv.net\/?page_id=1010#primaryimage","url":"https:\/\/www.retrocomputing-whv.net\/wp-content\/uploads\/2020\/08\/Backspace.jpg","contentUrl":"https:\/\/www.retrocomputing-whv.net\/wp-content\/uploads\/2020\/08\/Backspace.jpg","width":256,"height":136,"caption":"Backspace"},{"@type":"BreadcrumbList","@id":"https:\/\/www.retrocomputing-whv.net\/?page_id=1010#breadcrumb","itemListElement":[{"@type":"ListItem","position":1,"name":"Startseite","item":"https:\/\/www.retrocomputing-whv.net\/"},{"@type":"ListItem","position":2,"name":"Literatur","item":"https:\/\/www.retrocomputing-whv.net\/?page_id=105"},{"@type":"ListItem","position":3,"name":"DATA BECKER","item":"https:\/\/www.retrocomputing-whv.net\/?page_id=807"},{"@type":"ListItem","position":4,"name":"Commodore 64","item":"https:\/\/www.retrocomputing-whv.net\/?page_id=840"},{"@type":"ListItem","position":5,"name":"C64 BASIC f\u00fcr Einsteiger"}]},{"@type":"WebSite","@id":"https:\/\/www.retrocomputing-whv.net\/#website","url":"https:\/\/www.retrocomputing-whv.net\/","name":"Retrocomputing WHV","description":"","publisher":{"@id":"https:\/\/www.retrocomputing-whv.net\/#organization"},"potentialAction":[{"@type":"SearchAction","target":{"@type":"EntryPoint","urlTemplate":"https:\/\/www.retrocomputing-whv.net\/?s={search_term_string}"},"query-input":{"@type":"PropertyValueSpecification","valueRequired":true,"valueName":"search_term_string"}}],"inLanguage":"de"},{"@type":"Organization","@id":"https:\/\/www.retrocomputing-whv.net\/#organization","name":"Retrocomputing-WHV","url":"https:\/\/www.retrocomputing-whv.net\/","logo":{"@type":"ImageObject","inLanguage":"de","@id":"https:\/\/www.retrocomputing-whv.net\/#\/schema\/logo\/image\/","url":"https:\/\/www.retrocomputing-whv.net\/wp-content\/uploads\/2020\/04\/Logo.png","contentUrl":"https:\/\/www.retrocomputing-whv.net\/wp-content\/uploads\/2020\/04\/Logo.png","width":1340,"height":250,"caption":"Retrocomputing-WHV"},"image":{"@id":"https:\/\/www.retrocomputing-whv.net\/#\/schema\/logo\/image\/"}}]}},"_links":{"self":[{"href":"https:\/\/www.retrocomputing-whv.net\/index.php?rest_route=\/wp\/v2\/pages\/1010","targetHints":{"allow":["GET"]}}],"collection":[{"href":"https:\/\/www.retrocomputing-whv.net\/index.php?rest_route=\/wp\/v2\/pages"}],"about":[{"href":"https:\/\/www.retrocomputing-whv.net\/index.php?rest_route=\/wp\/v2\/types\/page"}],"author":[{"embeddable":true,"href":"https:\/\/www.retrocomputing-whv.net\/index.php?rest_route=\/wp\/v2\/users\/1"}],"replies":[{"embeddable":true,"href":"https:\/\/www.retrocomputing-whv.net\/index.php?rest_route=%2Fwp%2Fv2%2Fcomments&post=1010"}],"version-history":[{"count":0,"href":"https:\/\/www.retrocomputing-whv.net\/index.php?rest_route=\/wp\/v2\/pages\/1010\/revisions"}],"up":[{"embeddable":true,"href":"https:\/\/www.retrocomputing-whv.net\/index.php?rest_route=\/wp\/v2\/pages\/840"}],"wp:attachment":[{"href":"https:\/\/www.retrocomputing-whv.net\/index.php?rest_route=%2Fwp%2Fv2%2Fmedia&parent=1010"}],"curies":[{"name":"wp","href":"https:\/\/api.w.org\/{rel}","templated":true}]}}