{"id":1013,"date":"2020-11-29T14:16:46","date_gmt":"2020-11-29T13:16:46","guid":{"rendered":"https:\/\/www.retrocomputing-whv.net\/?page_id=1013"},"modified":"2020-11-29T14:16:46","modified_gmt":"2020-11-29T13:16:46","slug":"commodore-128-fuer-einsteiger","status":"publish","type":"page","link":"https:\/\/www.retrocomputing-whv.net\/?page_id=1013","title":{"rendered":"Commodore 128 f\u00fcr Einsteiger"},"content":{"rendered":"\n<figure class=\"wp-block-image size-large\"><img loading=\"lazy\" decoding=\"async\" width=\"734\" height=\"1024\" src=\"https:\/\/www.retrocomputing-whv.net\/wp-content\/uploads\/2020\/06\/DATA-BECKER-Commodore-128-fuer-Einsteiger-734x1024.jpg\" alt=\"DATA BECKER - Commodore 128 fuer Einsteiger\" class=\"wp-image-574\" srcset=\"https:\/\/www.retrocomputing-whv.net\/wp-content\/uploads\/2020\/06\/DATA-BECKER-Commodore-128-fuer-Einsteiger-734x1024.jpg 734w, https:\/\/www.retrocomputing-whv.net\/wp-content\/uploads\/2020\/06\/DATA-BECKER-Commodore-128-fuer-Einsteiger-215x300.jpg 215w, https:\/\/www.retrocomputing-whv.net\/wp-content\/uploads\/2020\/06\/DATA-BECKER-Commodore-128-fuer-Einsteiger-768x1072.jpg 768w, https:\/\/www.retrocomputing-whv.net\/wp-content\/uploads\/2020\/06\/DATA-BECKER-Commodore-128-fuer-Einsteiger-1100x1536.jpg 1100w, https:\/\/www.retrocomputing-whv.net\/wp-content\/uploads\/2020\/06\/DATA-BECKER-Commodore-128-fuer-Einsteiger.jpg 1200w\" sizes=\"auto, (max-width: 734px) 100vw, 734px\" \/><\/figure>\n\n\n\n<p>Ein DATA BECKER Buch &#8211; Autoren Norbert Szczepanowski, Heribert Schmidt<br>1. Auflage &#8211; Erscheinungsjahr 1985 &#8211; ISBN 3-89011-099-1<\/p>\n\n\n\n<p><strong>Das steht drin:<\/strong><br>128 f\u00fcr Einsteiger sollte Ihr erstes Buch zum Commodore 128 sein. Es bietet eine leichtverst\u00e4ndliche Einf\u00fchrung in Handhabung, Einsatz und Programmierung Ihres neuen Rechners und setzt keinerlei Vorkenntnisse voraus.<\/p>\n\n\n\n<p><strong>Aus dem Inhalt:<\/strong><\/p>\n\n\n\n<ul class=\"wp-block-list\"><li>Die Ger\u00e4te nach dem Auspacken<\/li><li>Die Bedienung der Tastatur und des Editors<\/li><li>Fertigprogramme laden und starten<\/li><li>Der erste Befehl<\/li><li>Das erste Programm<\/li><li>BASIC-Einf\u00fchrung Schritt f\u00fcr Schritt<\/li><li>Programmieren einer Adressenverwaltung<\/li><li>Bedienen der Peripherieger\u00e4te<\/li><li>Anwendungsbeispiele<\/li><li>Textverarbeitung<\/li><li>Dateiverwaltung<\/li><li>Finanzbuchhaltung<\/li><li>Fakturierung<\/li><li>Grafik<\/li><li>Sound<\/li><li>Sprites<\/li><\/ul>\n\n\n\n<figure class=\"wp-block-image size-large\"><a href=\"https:\/\/www.retrocomputing-whv.net\/?page_id=842\"><img loading=\"lazy\" decoding=\"async\" width=\"256\" height=\"136\" src=\"https:\/\/www.retrocomputing-whv.net\/wp-content\/uploads\/2020\/08\/Backspace.jpg\" alt=\"Backspace\" class=\"wp-image-681\"\/><\/a><\/figure>\n\n\n\n<p><\/p>\n","protected":false},"excerpt":{"rendered":"<p>Ein DATA BECKER Buch &#8211; Autoren Norbert Szczepanowski, Heribert Schmidt1. Auflage &#8211; Erscheinungsjahr 1985 &#8211; ISBN 3-89011-099-1 Das steht drin:128 f\u00fcr Einsteiger sollte Ihr erstes Buch zum Commodore 128 sein. Es bietet eine leichtverst\u00e4ndliche Einf\u00fchrung in Handhabung, Einsatz und Programmierung Ihres neuen Rechners und setzt keinerlei Vorkenntnisse voraus. Aus dem Inhalt: Die Ger\u00e4te nach dem Auspacken Die Bedienung der Tastatur<\/p>\n","protected":false},"author":1,"featured_media":0,"parent":842,"menu_order":0,"comment_status":"closed","ping_status":"closed","template":"","meta":{"footnotes":""},"class_list":["post-1013","page","type-page","status-publish","hentry"],"yoast_head":"<!-- This site is optimized with the Yoast SEO plugin v27.4 - https:\/\/yoast.com\/product\/yoast-seo-wordpress\/ -->\n<title>Commodore 128 f\u00fcr Einsteiger - Retrocomputing WHV<\/title>\n<meta name=\"robots\" content=\"index, follow, max-snippet:-1, max-image-preview:large, max-video-preview:-1\" \/>\n<link rel=\"canonical\" href=\"https:\/\/www.retrocomputing-whv.net\/?page_id=1013\" \/>\n<meta property=\"og:locale\" content=\"de_DE\" \/>\n<meta property=\"og:type\" content=\"article\" \/>\n<meta property=\"og:title\" content=\"Commodore 128 f\u00fcr Einsteiger - Retrocomputing WHV\" \/>\n<meta property=\"og:description\" content=\"Ein DATA BECKER Buch &#8211; Autoren Norbert Szczepanowski, Heribert Schmidt1. Auflage &#8211; Erscheinungsjahr 1985 &#8211; ISBN 3-89011-099-1 Das steht drin:128 f\u00fcr Einsteiger sollte Ihr erstes Buch zum Commodore 128 sein. Es bietet eine leichtverst\u00e4ndliche Einf\u00fchrung in Handhabung, Einsatz und Programmierung Ihres neuen Rechners und setzt keinerlei Vorkenntnisse voraus. Aus dem Inhalt: Die Ger\u00e4te nach dem Auspacken Die Bedienung der Tastatur\" \/>\n<meta property=\"og:url\" content=\"https:\/\/www.retrocomputing-whv.net\/?page_id=1013\" \/>\n<meta property=\"og:site_name\" content=\"Retrocomputing WHV\" \/>\n<meta property=\"og:image\" content=\"https:\/\/www.retrocomputing-whv.net\/wp-content\/uploads\/2020\/06\/DATA-BECKER-Commodore-128-fuer-Einsteiger-734x1024.jpg\" \/>\n<meta name=\"twitter:card\" content=\"summary_large_image\" \/>\n<script type=\"application\/ld+json\" class=\"yoast-schema-graph\">{\"@context\":\"https:\\\/\\\/schema.org\",\"@graph\":[{\"@type\":\"WebPage\",\"@id\":\"https:\\\/\\\/www.retrocomputing-whv.net\\\/?page_id=1013\",\"url\":\"https:\\\/\\\/www.retrocomputing-whv.net\\\/?page_id=1013\",\"name\":\"Commodore 128 f\u00fcr Einsteiger - Retrocomputing WHV\",\"isPartOf\":{\"@id\":\"https:\\\/\\\/www.retrocomputing-whv.net\\\/#website\"},\"primaryImageOfPage\":{\"@id\":\"https:\\\/\\\/www.retrocomputing-whv.net\\\/?page_id=1013#primaryimage\"},\"image\":{\"@id\":\"https:\\\/\\\/www.retrocomputing-whv.net\\\/?page_id=1013#primaryimage\"},\"thumbnailUrl\":\"https:\\\/\\\/www.retrocomputing-whv.net\\\/wp-content\\\/uploads\\\/2020\\\/06\\\/DATA-BECKER-Commodore-128-fuer-Einsteiger-734x1024.jpg\",\"datePublished\":\"2020-11-29T13:16:46+00:00\",\"breadcrumb\":{\"@id\":\"https:\\\/\\\/www.retrocomputing-whv.net\\\/?page_id=1013#breadcrumb\"},\"inLanguage\":\"de\",\"potentialAction\":[{\"@type\":\"ReadAction\",\"target\":[\"https:\\\/\\\/www.retrocomputing-whv.net\\\/?page_id=1013\"]}]},{\"@type\":\"ImageObject\",\"inLanguage\":\"de\",\"@id\":\"https:\\\/\\\/www.retrocomputing-whv.net\\\/?page_id=1013#primaryimage\",\"url\":\"https:\\\/\\\/www.retrocomputing-whv.net\\\/wp-content\\\/uploads\\\/2020\\\/06\\\/DATA-BECKER-Commodore-128-fuer-Einsteiger.jpg\",\"contentUrl\":\"https:\\\/\\\/www.retrocomputing-whv.net\\\/wp-content\\\/uploads\\\/2020\\\/06\\\/DATA-BECKER-Commodore-128-fuer-Einsteiger.jpg\",\"width\":1200,\"height\":1675,\"caption\":\"DATA BECKER - Commodore 128 fuer Einsteiger\"},{\"@type\":\"BreadcrumbList\",\"@id\":\"https:\\\/\\\/www.retrocomputing-whv.net\\\/?page_id=1013#breadcrumb\",\"itemListElement\":[{\"@type\":\"ListItem\",\"position\":1,\"name\":\"Startseite\",\"item\":\"https:\\\/\\\/www.retrocomputing-whv.net\\\/\"},{\"@type\":\"ListItem\",\"position\":2,\"name\":\"Literatur\",\"item\":\"https:\\\/\\\/www.retrocomputing-whv.net\\\/?page_id=105\"},{\"@type\":\"ListItem\",\"position\":3,\"name\":\"DATA BECKER\",\"item\":\"https:\\\/\\\/www.retrocomputing-whv.net\\\/?page_id=807\"},{\"@type\":\"ListItem\",\"position\":4,\"name\":\"Commodore 128\",\"item\":\"https:\\\/\\\/www.retrocomputing-whv.net\\\/?page_id=842\"},{\"@type\":\"ListItem\",\"position\":5,\"name\":\"Commodore 128 f\u00fcr Einsteiger\"}]},{\"@type\":\"WebSite\",\"@id\":\"https:\\\/\\\/www.retrocomputing-whv.net\\\/#website\",\"url\":\"https:\\\/\\\/www.retrocomputing-whv.net\\\/\",\"name\":\"Retrocomputing WHV\",\"description\":\"\",\"publisher\":{\"@id\":\"https:\\\/\\\/www.retrocomputing-whv.net\\\/#organization\"},\"potentialAction\":[{\"@type\":\"SearchAction\",\"target\":{\"@type\":\"EntryPoint\",\"urlTemplate\":\"https:\\\/\\\/www.retrocomputing-whv.net\\\/?s={search_term_string}\"},\"query-input\":{\"@type\":\"PropertyValueSpecification\",\"valueRequired\":true,\"valueName\":\"search_term_string\"}}],\"inLanguage\":\"de\"},{\"@type\":\"Organization\",\"@id\":\"https:\\\/\\\/www.retrocomputing-whv.net\\\/#organization\",\"name\":\"Retrocomputing-WHV\",\"url\":\"https:\\\/\\\/www.retrocomputing-whv.net\\\/\",\"logo\":{\"@type\":\"ImageObject\",\"inLanguage\":\"de\",\"@id\":\"https:\\\/\\\/www.retrocomputing-whv.net\\\/#\\\/schema\\\/logo\\\/image\\\/\",\"url\":\"https:\\\/\\\/www.retrocomputing-whv.net\\\/wp-content\\\/uploads\\\/2020\\\/04\\\/Logo.png\",\"contentUrl\":\"https:\\\/\\\/www.retrocomputing-whv.net\\\/wp-content\\\/uploads\\\/2020\\\/04\\\/Logo.png\",\"width\":1340,\"height\":250,\"caption\":\"Retrocomputing-WHV\"},\"image\":{\"@id\":\"https:\\\/\\\/www.retrocomputing-whv.net\\\/#\\\/schema\\\/logo\\\/image\\\/\"}}]}<\/script>\n<!-- \/ Yoast SEO plugin. -->","yoast_head_json":{"title":"Commodore 128 f\u00fcr Einsteiger - Retrocomputing WHV","robots":{"index":"index","follow":"follow","max-snippet":"max-snippet:-1","max-image-preview":"max-image-preview:large","max-video-preview":"max-video-preview:-1"},"canonical":"https:\/\/www.retrocomputing-whv.net\/?page_id=1013","og_locale":"de_DE","og_type":"article","og_title":"Commodore 128 f\u00fcr Einsteiger - Retrocomputing WHV","og_description":"Ein DATA BECKER Buch &#8211; Autoren Norbert Szczepanowski, Heribert Schmidt1. Auflage &#8211; Erscheinungsjahr 1985 &#8211; ISBN 3-89011-099-1 Das steht drin:128 f\u00fcr Einsteiger sollte Ihr erstes Buch zum Commodore 128 sein. Es bietet eine leichtverst\u00e4ndliche Einf\u00fchrung in Handhabung, Einsatz und Programmierung Ihres neuen Rechners und setzt keinerlei Vorkenntnisse voraus. Aus dem Inhalt: Die Ger\u00e4te nach dem Auspacken Die Bedienung der Tastatur","og_url":"https:\/\/www.retrocomputing-whv.net\/?page_id=1013","og_site_name":"Retrocomputing WHV","og_image":[{"url":"https:\/\/www.retrocomputing-whv.net\/wp-content\/uploads\/2020\/06\/DATA-BECKER-Commodore-128-fuer-Einsteiger-734x1024.jpg","type":"","width":"","height":""}],"twitter_card":"summary_large_image","schema":{"@context":"https:\/\/schema.org","@graph":[{"@type":"WebPage","@id":"https:\/\/www.retrocomputing-whv.net\/?page_id=1013","url":"https:\/\/www.retrocomputing-whv.net\/?page_id=1013","name":"Commodore 128 f\u00fcr Einsteiger - Retrocomputing WHV","isPartOf":{"@id":"https:\/\/www.retrocomputing-whv.net\/#website"},"primaryImageOfPage":{"@id":"https:\/\/www.retrocomputing-whv.net\/?page_id=1013#primaryimage"},"image":{"@id":"https:\/\/www.retrocomputing-whv.net\/?page_id=1013#primaryimage"},"thumbnailUrl":"https:\/\/www.retrocomputing-whv.net\/wp-content\/uploads\/2020\/06\/DATA-BECKER-Commodore-128-fuer-Einsteiger-734x1024.jpg","datePublished":"2020-11-29T13:16:46+00:00","breadcrumb":{"@id":"https:\/\/www.retrocomputing-whv.net\/?page_id=1013#breadcrumb"},"inLanguage":"de","potentialAction":[{"@type":"ReadAction","target":["https:\/\/www.retrocomputing-whv.net\/?page_id=1013"]}]},{"@type":"ImageObject","inLanguage":"de","@id":"https:\/\/www.retrocomputing-whv.net\/?page_id=1013#primaryimage","url":"https:\/\/www.retrocomputing-whv.net\/wp-content\/uploads\/2020\/06\/DATA-BECKER-Commodore-128-fuer-Einsteiger.jpg","contentUrl":"https:\/\/www.retrocomputing-whv.net\/wp-content\/uploads\/2020\/06\/DATA-BECKER-Commodore-128-fuer-Einsteiger.jpg","width":1200,"height":1675,"caption":"DATA BECKER - Commodore 128 fuer Einsteiger"},{"@type":"BreadcrumbList","@id":"https:\/\/www.retrocomputing-whv.net\/?page_id=1013#breadcrumb","itemListElement":[{"@type":"ListItem","position":1,"name":"Startseite","item":"https:\/\/www.retrocomputing-whv.net\/"},{"@type":"ListItem","position":2,"name":"Literatur","item":"https:\/\/www.retrocomputing-whv.net\/?page_id=105"},{"@type":"ListItem","position":3,"name":"DATA BECKER","item":"https:\/\/www.retrocomputing-whv.net\/?page_id=807"},{"@type":"ListItem","position":4,"name":"Commodore 128","item":"https:\/\/www.retrocomputing-whv.net\/?page_id=842"},{"@type":"ListItem","position":5,"name":"Commodore 128 f\u00fcr Einsteiger"}]},{"@type":"WebSite","@id":"https:\/\/www.retrocomputing-whv.net\/#website","url":"https:\/\/www.retrocomputing-whv.net\/","name":"Retrocomputing WHV","description":"","publisher":{"@id":"https:\/\/www.retrocomputing-whv.net\/#organization"},"potentialAction":[{"@type":"SearchAction","target":{"@type":"EntryPoint","urlTemplate":"https:\/\/www.retrocomputing-whv.net\/?s={search_term_string}"},"query-input":{"@type":"PropertyValueSpecification","valueRequired":true,"valueName":"search_term_string"}}],"inLanguage":"de"},{"@type":"Organization","@id":"https:\/\/www.retrocomputing-whv.net\/#organization","name":"Retrocomputing-WHV","url":"https:\/\/www.retrocomputing-whv.net\/","logo":{"@type":"ImageObject","inLanguage":"de","@id":"https:\/\/www.retrocomputing-whv.net\/#\/schema\/logo\/image\/","url":"https:\/\/www.retrocomputing-whv.net\/wp-content\/uploads\/2020\/04\/Logo.png","contentUrl":"https:\/\/www.retrocomputing-whv.net\/wp-content\/uploads\/2020\/04\/Logo.png","width":1340,"height":250,"caption":"Retrocomputing-WHV"},"image":{"@id":"https:\/\/www.retrocomputing-whv.net\/#\/schema\/logo\/image\/"}}]}},"_links":{"self":[{"href":"https:\/\/www.retrocomputing-whv.net\/index.php?rest_route=\/wp\/v2\/pages\/1013","targetHints":{"allow":["GET"]}}],"collection":[{"href":"https:\/\/www.retrocomputing-whv.net\/index.php?rest_route=\/wp\/v2\/pages"}],"about":[{"href":"https:\/\/www.retrocomputing-whv.net\/index.php?rest_route=\/wp\/v2\/types\/page"}],"author":[{"embeddable":true,"href":"https:\/\/www.retrocomputing-whv.net\/index.php?rest_route=\/wp\/v2\/users\/1"}],"replies":[{"embeddable":true,"href":"https:\/\/www.retrocomputing-whv.net\/index.php?rest_route=%2Fwp%2Fv2%2Fcomments&post=1013"}],"version-history":[{"count":0,"href":"https:\/\/www.retrocomputing-whv.net\/index.php?rest_route=\/wp\/v2\/pages\/1013\/revisions"}],"up":[{"embeddable":true,"href":"https:\/\/www.retrocomputing-whv.net\/index.php?rest_route=\/wp\/v2\/pages\/842"}],"wp:attachment":[{"href":"https:\/\/www.retrocomputing-whv.net\/index.php?rest_route=%2Fwp%2Fv2%2Fmedia&parent=1013"}],"curies":[{"name":"wp","href":"https:\/\/api.w.org\/{rel}","templated":true}]}}