{"id":1035,"date":"2020-11-29T15:15:04","date_gmt":"2020-11-29T14:15:04","guid":{"rendered":"https:\/\/www.retrocomputing-whv.net\/?page_id=1035"},"modified":"2020-11-29T15:15:05","modified_gmt":"2020-11-29T14:15:05","slug":"floppy-vc-1541-pflegen-und-reparieren","status":"publish","type":"page","link":"https:\/\/www.retrocomputing-whv.net\/?page_id=1035","title":{"rendered":"Floppy VC 1541 &#8211; Pflegen und Reparieren"},"content":{"rendered":"\n<figure class=\"wp-block-image size-large\"><img loading=\"lazy\" decoding=\"async\" width=\"715\" height=\"1024\" src=\"https:\/\/www.retrocomputing-whv.net\/wp-content\/uploads\/2020\/04\/DATA-BECKER-Commodore-Floppy-VC-1541-Pflegen-und-Reparieren-715x1024.jpg\" alt=\"DATA BECKER - Commodore Floppy VC 1541 Pflegen und Reparieren\" class=\"wp-image-182\" srcset=\"https:\/\/www.retrocomputing-whv.net\/wp-content\/uploads\/2020\/04\/DATA-BECKER-Commodore-Floppy-VC-1541-Pflegen-und-Reparieren-715x1024.jpg 715w, https:\/\/www.retrocomputing-whv.net\/wp-content\/uploads\/2020\/04\/DATA-BECKER-Commodore-Floppy-VC-1541-Pflegen-und-Reparieren-210x300.jpg 210w, https:\/\/www.retrocomputing-whv.net\/wp-content\/uploads\/2020\/04\/DATA-BECKER-Commodore-Floppy-VC-1541-Pflegen-und-Reparieren-768x1100.jpg 768w, https:\/\/www.retrocomputing-whv.net\/wp-content\/uploads\/2020\/04\/DATA-BECKER-Commodore-Floppy-VC-1541-Pflegen-und-Reparieren-1073x1536.jpg 1073w, https:\/\/www.retrocomputing-whv.net\/wp-content\/uploads\/2020\/04\/DATA-BECKER-Commodore-Floppy-VC-1541-Pflegen-und-Reparieren.jpg 1200w\" sizes=\"auto, (max-width: 715px) 100vw, 715px\" \/><\/figure>\n\n\n\n<p>Ein DATA BECKER Buch &#8211; Autor Reinhold Herrmann<br>1. Auflage &#8211; Erscheinungsjahr 1985 &#8211; ISBN 3-89011-079-7<\/p>\n\n\n\n<p><strong>Das steht drin:<\/strong><br>Dieses Buch enth\u00e4lt alle wichtigen Informationen \u00fcber Pflege, Wartung und Reparatur der Commodorefloppy VC-1541. Zus\u00e4tzlich werden ausf\u00fchrlich Mechanik und Elektronik beschrieben.<\/p>\n\n\n\n<p><strong>Aus dem Inhalt:<\/strong><\/p>\n\n\n\n<ul class=\"wp-block-list\"><li>Pr\u00fcfen ohne Werkzeug<\/li><li>Werkzeuge und andere Hilfen<\/li><li>Garantie und Reparaturen<\/li><li>Wartungsintervalle<\/li><li>Wartung und Pflege<\/li><li>Mechanik<\/li><li>Pr\u00fcfen der Einstellungen<\/li><li>Geschwindigkeit justieren<\/li><li>Spur 1-35 justieren<\/li><li>Schreib-\/Lesekopf einstellen<\/li><li>Justagehilfen<\/li><li>Einf\u00fchrung in die Elektronik und Digitaltechnik<\/li><li>Me\u00dfger\u00e4te<\/li><li>Tips zur Elektronik-Fehlersuche<\/li><\/ul>\n\n\n\n<figure class=\"wp-block-image size-large\"><a href=\"https:\/\/www.retrocomputing-whv.net\/?page_id=833\"><img loading=\"lazy\" decoding=\"async\" width=\"256\" height=\"136\" src=\"https:\/\/www.retrocomputing-whv.net\/wp-content\/uploads\/2020\/08\/Backspace.jpg\" alt=\"Backspace\" class=\"wp-image-681\"\/><\/a><\/figure>\n\n\n\n<p><\/p>\n","protected":false},"excerpt":{"rendered":"<p>Ein DATA BECKER Buch &#8211; Autor Reinhold Herrmann1. Auflage &#8211; Erscheinungsjahr 1985 &#8211; ISBN 3-89011-079-7 Das steht drin:Dieses Buch enth\u00e4lt alle wichtigen Informationen \u00fcber Pflege, Wartung und Reparatur der Commodorefloppy VC-1541. Zus\u00e4tzlich werden ausf\u00fchrlich Mechanik und Elektronik beschrieben. Aus dem Inhalt: Pr\u00fcfen ohne Werkzeug Werkzeuge und andere Hilfen Garantie und Reparaturen Wartungsintervalle Wartung und Pflege Mechanik Pr\u00fcfen der Einstellungen Geschwindigkeit<\/p>\n","protected":false},"author":1,"featured_media":0,"parent":833,"menu_order":0,"comment_status":"closed","ping_status":"closed","template":"","meta":{"footnotes":""},"class_list":["post-1035","page","type-page","status-publish","hentry"],"yoast_head":"<!-- This site is optimized with the Yoast SEO plugin v27.4 - https:\/\/yoast.com\/product\/yoast-seo-wordpress\/ -->\n<title>Floppy VC 1541 - Pflegen und Reparieren - Retrocomputing WHV<\/title>\n<meta name=\"robots\" content=\"index, follow, max-snippet:-1, max-image-preview:large, max-video-preview:-1\" \/>\n<link rel=\"canonical\" href=\"https:\/\/www.retrocomputing-whv.net\/?page_id=1035\" \/>\n<meta property=\"og:locale\" content=\"de_DE\" \/>\n<meta property=\"og:type\" content=\"article\" \/>\n<meta property=\"og:title\" content=\"Floppy VC 1541 - Pflegen und Reparieren - Retrocomputing WHV\" \/>\n<meta property=\"og:description\" content=\"Ein DATA BECKER Buch &#8211; Autor Reinhold Herrmann1. Auflage &#8211; Erscheinungsjahr 1985 &#8211; ISBN 3-89011-079-7 Das steht drin:Dieses Buch enth\u00e4lt alle wichtigen Informationen \u00fcber Pflege, Wartung und Reparatur der Commodorefloppy VC-1541. Zus\u00e4tzlich werden ausf\u00fchrlich Mechanik und Elektronik beschrieben. Aus dem Inhalt: Pr\u00fcfen ohne Werkzeug Werkzeuge und andere Hilfen Garantie und Reparaturen Wartungsintervalle Wartung und Pflege Mechanik Pr\u00fcfen der Einstellungen Geschwindigkeit\" \/>\n<meta property=\"og:url\" content=\"https:\/\/www.retrocomputing-whv.net\/?page_id=1035\" \/>\n<meta property=\"og:site_name\" content=\"Retrocomputing WHV\" \/>\n<meta property=\"article:modified_time\" content=\"2020-11-29T14:15:05+00:00\" \/>\n<meta property=\"og:image\" content=\"https:\/\/www.retrocomputing-whv.net\/wp-content\/uploads\/2020\/04\/DATA-BECKER-Commodore-Floppy-VC-1541-Pflegen-und-Reparieren-715x1024.jpg\" \/>\n<meta name=\"twitter:card\" content=\"summary_large_image\" \/>\n<script type=\"application\/ld+json\" class=\"yoast-schema-graph\">{\"@context\":\"https:\\\/\\\/schema.org\",\"@graph\":[{\"@type\":\"WebPage\",\"@id\":\"https:\\\/\\\/www.retrocomputing-whv.net\\\/?page_id=1035\",\"url\":\"https:\\\/\\\/www.retrocomputing-whv.net\\\/?page_id=1035\",\"name\":\"Floppy VC 1541 - Pflegen und Reparieren - Retrocomputing WHV\",\"isPartOf\":{\"@id\":\"https:\\\/\\\/www.retrocomputing-whv.net\\\/#website\"},\"primaryImageOfPage\":{\"@id\":\"https:\\\/\\\/www.retrocomputing-whv.net\\\/?page_id=1035#primaryimage\"},\"image\":{\"@id\":\"https:\\\/\\\/www.retrocomputing-whv.net\\\/?page_id=1035#primaryimage\"},\"thumbnailUrl\":\"https:\\\/\\\/www.retrocomputing-whv.net\\\/wp-content\\\/uploads\\\/2020\\\/04\\\/DATA-BECKER-Commodore-Floppy-VC-1541-Pflegen-und-Reparieren-715x1024.jpg\",\"datePublished\":\"2020-11-29T14:15:04+00:00\",\"dateModified\":\"2020-11-29T14:15:05+00:00\",\"breadcrumb\":{\"@id\":\"https:\\\/\\\/www.retrocomputing-whv.net\\\/?page_id=1035#breadcrumb\"},\"inLanguage\":\"de\",\"potentialAction\":[{\"@type\":\"ReadAction\",\"target\":[\"https:\\\/\\\/www.retrocomputing-whv.net\\\/?page_id=1035\"]}]},{\"@type\":\"ImageObject\",\"inLanguage\":\"de\",\"@id\":\"https:\\\/\\\/www.retrocomputing-whv.net\\\/?page_id=1035#primaryimage\",\"url\":\"https:\\\/\\\/www.retrocomputing-whv.net\\\/wp-content\\\/uploads\\\/2020\\\/04\\\/DATA-BECKER-Commodore-Floppy-VC-1541-Pflegen-und-Reparieren.jpg\",\"contentUrl\":\"https:\\\/\\\/www.retrocomputing-whv.net\\\/wp-content\\\/uploads\\\/2020\\\/04\\\/DATA-BECKER-Commodore-Floppy-VC-1541-Pflegen-und-Reparieren.jpg\",\"width\":1200,\"height\":1718,\"caption\":\"DATA BECKER - Floppy VC 1541 Pflegen und Reparieren\"},{\"@type\":\"BreadcrumbList\",\"@id\":\"https:\\\/\\\/www.retrocomputing-whv.net\\\/?page_id=1035#breadcrumb\",\"itemListElement\":[{\"@type\":\"ListItem\",\"position\":1,\"name\":\"Startseite\",\"item\":\"https:\\\/\\\/www.retrocomputing-whv.net\\\/\"},{\"@type\":\"ListItem\",\"position\":2,\"name\":\"Literatur\",\"item\":\"https:\\\/\\\/www.retrocomputing-whv.net\\\/?page_id=105\"},{\"@type\":\"ListItem\",\"position\":3,\"name\":\"DATA BECKER\",\"item\":\"https:\\\/\\\/www.retrocomputing-whv.net\\\/?page_id=807\"},{\"@type\":\"ListItem\",\"position\":4,\"name\":\"Commodore Plus\\\/4\",\"item\":\"https:\\\/\\\/www.retrocomputing-whv.net\\\/?page_id=833\"},{\"@type\":\"ListItem\",\"position\":5,\"name\":\"Floppy VC 1541 &#8211; Pflegen und Reparieren\"}]},{\"@type\":\"WebSite\",\"@id\":\"https:\\\/\\\/www.retrocomputing-whv.net\\\/#website\",\"url\":\"https:\\\/\\\/www.retrocomputing-whv.net\\\/\",\"name\":\"Retrocomputing WHV\",\"description\":\"\",\"publisher\":{\"@id\":\"https:\\\/\\\/www.retrocomputing-whv.net\\\/#organization\"},\"potentialAction\":[{\"@type\":\"SearchAction\",\"target\":{\"@type\":\"EntryPoint\",\"urlTemplate\":\"https:\\\/\\\/www.retrocomputing-whv.net\\\/?s={search_term_string}\"},\"query-input\":{\"@type\":\"PropertyValueSpecification\",\"valueRequired\":true,\"valueName\":\"search_term_string\"}}],\"inLanguage\":\"de\"},{\"@type\":\"Organization\",\"@id\":\"https:\\\/\\\/www.retrocomputing-whv.net\\\/#organization\",\"name\":\"Retrocomputing-WHV\",\"url\":\"https:\\\/\\\/www.retrocomputing-whv.net\\\/\",\"logo\":{\"@type\":\"ImageObject\",\"inLanguage\":\"de\",\"@id\":\"https:\\\/\\\/www.retrocomputing-whv.net\\\/#\\\/schema\\\/logo\\\/image\\\/\",\"url\":\"https:\\\/\\\/www.retrocomputing-whv.net\\\/wp-content\\\/uploads\\\/2020\\\/04\\\/Logo.png\",\"contentUrl\":\"https:\\\/\\\/www.retrocomputing-whv.net\\\/wp-content\\\/uploads\\\/2020\\\/04\\\/Logo.png\",\"width\":1340,\"height\":250,\"caption\":\"Retrocomputing-WHV\"},\"image\":{\"@id\":\"https:\\\/\\\/www.retrocomputing-whv.net\\\/#\\\/schema\\\/logo\\\/image\\\/\"}}]}<\/script>\n<!-- \/ Yoast SEO plugin. -->","yoast_head_json":{"title":"Floppy VC 1541 - Pflegen und Reparieren - Retrocomputing WHV","robots":{"index":"index","follow":"follow","max-snippet":"max-snippet:-1","max-image-preview":"max-image-preview:large","max-video-preview":"max-video-preview:-1"},"canonical":"https:\/\/www.retrocomputing-whv.net\/?page_id=1035","og_locale":"de_DE","og_type":"article","og_title":"Floppy VC 1541 - Pflegen und Reparieren - Retrocomputing WHV","og_description":"Ein DATA BECKER Buch &#8211; Autor Reinhold Herrmann1. Auflage &#8211; Erscheinungsjahr 1985 &#8211; ISBN 3-89011-079-7 Das steht drin:Dieses Buch enth\u00e4lt alle wichtigen Informationen \u00fcber Pflege, Wartung und Reparatur der Commodorefloppy VC-1541. Zus\u00e4tzlich werden ausf\u00fchrlich Mechanik und Elektronik beschrieben. Aus dem Inhalt: Pr\u00fcfen ohne Werkzeug Werkzeuge und andere Hilfen Garantie und Reparaturen Wartungsintervalle Wartung und Pflege Mechanik Pr\u00fcfen der Einstellungen Geschwindigkeit","og_url":"https:\/\/www.retrocomputing-whv.net\/?page_id=1035","og_site_name":"Retrocomputing WHV","article_modified_time":"2020-11-29T14:15:05+00:00","og_image":[{"url":"https:\/\/www.retrocomputing-whv.net\/wp-content\/uploads\/2020\/04\/DATA-BECKER-Commodore-Floppy-VC-1541-Pflegen-und-Reparieren-715x1024.jpg","type":"","width":"","height":""}],"twitter_card":"summary_large_image","schema":{"@context":"https:\/\/schema.org","@graph":[{"@type":"WebPage","@id":"https:\/\/www.retrocomputing-whv.net\/?page_id=1035","url":"https:\/\/www.retrocomputing-whv.net\/?page_id=1035","name":"Floppy VC 1541 - Pflegen und Reparieren - Retrocomputing WHV","isPartOf":{"@id":"https:\/\/www.retrocomputing-whv.net\/#website"},"primaryImageOfPage":{"@id":"https:\/\/www.retrocomputing-whv.net\/?page_id=1035#primaryimage"},"image":{"@id":"https:\/\/www.retrocomputing-whv.net\/?page_id=1035#primaryimage"},"thumbnailUrl":"https:\/\/www.retrocomputing-whv.net\/wp-content\/uploads\/2020\/04\/DATA-BECKER-Commodore-Floppy-VC-1541-Pflegen-und-Reparieren-715x1024.jpg","datePublished":"2020-11-29T14:15:04+00:00","dateModified":"2020-11-29T14:15:05+00:00","breadcrumb":{"@id":"https:\/\/www.retrocomputing-whv.net\/?page_id=1035#breadcrumb"},"inLanguage":"de","potentialAction":[{"@type":"ReadAction","target":["https:\/\/www.retrocomputing-whv.net\/?page_id=1035"]}]},{"@type":"ImageObject","inLanguage":"de","@id":"https:\/\/www.retrocomputing-whv.net\/?page_id=1035#primaryimage","url":"https:\/\/www.retrocomputing-whv.net\/wp-content\/uploads\/2020\/04\/DATA-BECKER-Commodore-Floppy-VC-1541-Pflegen-und-Reparieren.jpg","contentUrl":"https:\/\/www.retrocomputing-whv.net\/wp-content\/uploads\/2020\/04\/DATA-BECKER-Commodore-Floppy-VC-1541-Pflegen-und-Reparieren.jpg","width":1200,"height":1718,"caption":"DATA BECKER - Floppy VC 1541 Pflegen und Reparieren"},{"@type":"BreadcrumbList","@id":"https:\/\/www.retrocomputing-whv.net\/?page_id=1035#breadcrumb","itemListElement":[{"@type":"ListItem","position":1,"name":"Startseite","item":"https:\/\/www.retrocomputing-whv.net\/"},{"@type":"ListItem","position":2,"name":"Literatur","item":"https:\/\/www.retrocomputing-whv.net\/?page_id=105"},{"@type":"ListItem","position":3,"name":"DATA BECKER","item":"https:\/\/www.retrocomputing-whv.net\/?page_id=807"},{"@type":"ListItem","position":4,"name":"Commodore Plus\/4","item":"https:\/\/www.retrocomputing-whv.net\/?page_id=833"},{"@type":"ListItem","position":5,"name":"Floppy VC 1541 &#8211; Pflegen und Reparieren"}]},{"@type":"WebSite","@id":"https:\/\/www.retrocomputing-whv.net\/#website","url":"https:\/\/www.retrocomputing-whv.net\/","name":"Retrocomputing WHV","description":"","publisher":{"@id":"https:\/\/www.retrocomputing-whv.net\/#organization"},"potentialAction":[{"@type":"SearchAction","target":{"@type":"EntryPoint","urlTemplate":"https:\/\/www.retrocomputing-whv.net\/?s={search_term_string}"},"query-input":{"@type":"PropertyValueSpecification","valueRequired":true,"valueName":"search_term_string"}}],"inLanguage":"de"},{"@type":"Organization","@id":"https:\/\/www.retrocomputing-whv.net\/#organization","name":"Retrocomputing-WHV","url":"https:\/\/www.retrocomputing-whv.net\/","logo":{"@type":"ImageObject","inLanguage":"de","@id":"https:\/\/www.retrocomputing-whv.net\/#\/schema\/logo\/image\/","url":"https:\/\/www.retrocomputing-whv.net\/wp-content\/uploads\/2020\/04\/Logo.png","contentUrl":"https:\/\/www.retrocomputing-whv.net\/wp-content\/uploads\/2020\/04\/Logo.png","width":1340,"height":250,"caption":"Retrocomputing-WHV"},"image":{"@id":"https:\/\/www.retrocomputing-whv.net\/#\/schema\/logo\/image\/"}}]}},"_links":{"self":[{"href":"https:\/\/www.retrocomputing-whv.net\/index.php?rest_route=\/wp\/v2\/pages\/1035","targetHints":{"allow":["GET"]}}],"collection":[{"href":"https:\/\/www.retrocomputing-whv.net\/index.php?rest_route=\/wp\/v2\/pages"}],"about":[{"href":"https:\/\/www.retrocomputing-whv.net\/index.php?rest_route=\/wp\/v2\/types\/page"}],"author":[{"embeddable":true,"href":"https:\/\/www.retrocomputing-whv.net\/index.php?rest_route=\/wp\/v2\/users\/1"}],"replies":[{"embeddable":true,"href":"https:\/\/www.retrocomputing-whv.net\/index.php?rest_route=%2Fwp%2Fv2%2Fcomments&post=1035"}],"version-history":[{"count":0,"href":"https:\/\/www.retrocomputing-whv.net\/index.php?rest_route=\/wp\/v2\/pages\/1035\/revisions"}],"up":[{"embeddable":true,"href":"https:\/\/www.retrocomputing-whv.net\/index.php?rest_route=\/wp\/v2\/pages\/833"}],"wp:attachment":[{"href":"https:\/\/www.retrocomputing-whv.net\/index.php?rest_route=%2Fwp%2Fv2%2Fmedia&parent=1035"}],"curies":[{"name":"wp","href":"https:\/\/api.w.org\/{rel}","templated":true}]}}