{"id":1047,"date":"2020-11-29T17:07:18","date_gmt":"2020-11-29T16:07:18","guid":{"rendered":"https:\/\/www.retrocomputing-whv.net\/?page_id=1047"},"modified":"2020-11-29T17:07:18","modified_gmt":"2020-11-29T16:07:18","slug":"das-grosse-druckerbuch","status":"publish","type":"page","link":"https:\/\/www.retrocomputing-whv.net\/?page_id=1047","title":{"rendered":"Das gro\u00dfe Druckerbuch"},"content":{"rendered":"\n<figure class=\"wp-block-image size-large\"><img loading=\"lazy\" decoding=\"async\" width=\"718\" height=\"1024\" src=\"https:\/\/www.retrocomputing-whv.net\/wp-content\/uploads\/2020\/04\/DATA-BECKER-Das-grosse-Druckerbuch-718x1024.jpg\" alt=\"DATA BECKER - Das grosse Druckerbuch\" class=\"wp-image-259\" srcset=\"https:\/\/www.retrocomputing-whv.net\/wp-content\/uploads\/2020\/04\/DATA-BECKER-Das-grosse-Druckerbuch-718x1024.jpg 718w, https:\/\/www.retrocomputing-whv.net\/wp-content\/uploads\/2020\/04\/DATA-BECKER-Das-grosse-Druckerbuch-210x300.jpg 210w, https:\/\/www.retrocomputing-whv.net\/wp-content\/uploads\/2020\/04\/DATA-BECKER-Das-grosse-Druckerbuch-768x1095.jpg 768w, https:\/\/www.retrocomputing-whv.net\/wp-content\/uploads\/2020\/04\/DATA-BECKER-Das-grosse-Druckerbuch-1077x1536.jpg 1077w, https:\/\/www.retrocomputing-whv.net\/wp-content\/uploads\/2020\/04\/DATA-BECKER-Das-grosse-Druckerbuch.jpg 1200w\" sizes=\"auto, (max-width: 718px) 100vw, 718px\" \/><\/figure>\n\n\n\n<p>Ein DATA BECKER Buch &#8211; Autoren Rolf Br\u00fcckmann, Klaus Gerits, Thomas Wiens<br>1. Auflage &#8211; Erscheinungsjahr 1984 &#8211; ISBN 3-89011-020-7<\/p>\n\n\n\n<p><strong>Das steht drin:<\/strong><br>Das gro\u00dfe Druckerbuch f\u00fcr Druckeranwender mit einem Commodore 64 oder VC-20 enth\u00e4lt eine riesige Sammlung von Tips &amp; Tricks, Programmlistings und Hardwareinformationen. Ob Sie nun einen Typenrad- oder Matrixdrucker oder den Plotter VC-1520 besitzen. In jedem Fall ist das gro\u00dfe Druckerbuch eine unsch\u00e4tzbare Informationsquelle.<\/p>\n\n\n\n<ul class=\"wp-block-list\"><li>Schnittstellen<\/li><li>Sekund\u00e4radressen<\/li><li>Schreibmaschine am Userport<\/li><li>Formatierung<\/li><li>Textverarbeitung<\/li><li>Hardcopy<\/li><li>High-Res-Graphik<\/li><li>Druckprinzipien<\/li><li>Betriebssystem des MPS-801<\/li><li>Programmierung des Plotters VC 1520<\/li><\/ul>\n\n\n\n<figure class=\"wp-block-image size-large\"><a href=\"https:\/\/www.retrocomputing-whv.net\/?page_id=838\"><img loading=\"lazy\" decoding=\"async\" width=\"256\" height=\"136\" src=\"https:\/\/www.retrocomputing-whv.net\/wp-content\/uploads\/2020\/08\/Backspace.jpg\" alt=\"Backspace\" class=\"wp-image-681\"\/><\/a><\/figure>\n\n\n\n<p><\/p>\n","protected":false},"excerpt":{"rendered":"<p>Ein DATA BECKER Buch &#8211; Autoren Rolf Br\u00fcckmann, Klaus Gerits, Thomas Wiens1. Auflage &#8211; Erscheinungsjahr 1984 &#8211; ISBN 3-89011-020-7 Das steht drin:Das gro\u00dfe Druckerbuch f\u00fcr Druckeranwender mit einem Commodore 64 oder VC-20 enth\u00e4lt eine riesige Sammlung von Tips &amp; Tricks, Programmlistings und Hardwareinformationen. Ob Sie nun einen Typenrad- oder Matrixdrucker oder den Plotter VC-1520 besitzen. In jedem Fall ist das<\/p>\n","protected":false},"author":1,"featured_media":0,"parent":838,"menu_order":0,"comment_status":"closed","ping_status":"closed","template":"","meta":{"footnotes":""},"class_list":["post-1047","page","type-page","status-publish","hentry"],"yoast_head":"<!-- This site is optimized with the Yoast SEO plugin v27.5 - https:\/\/yoast.com\/product\/yoast-seo-wordpress\/ -->\n<title>Das gro\u00dfe Druckerbuch - Retrocomputing WHV<\/title>\n<meta name=\"robots\" content=\"index, follow, max-snippet:-1, max-image-preview:large, max-video-preview:-1\" \/>\n<link rel=\"canonical\" href=\"https:\/\/www.retrocomputing-whv.net\/?page_id=1047\" \/>\n<meta property=\"og:locale\" content=\"de_DE\" \/>\n<meta property=\"og:type\" content=\"article\" \/>\n<meta property=\"og:title\" content=\"Das gro\u00dfe Druckerbuch - Retrocomputing WHV\" \/>\n<meta property=\"og:description\" content=\"Ein DATA BECKER Buch &#8211; Autoren Rolf Br\u00fcckmann, Klaus Gerits, Thomas Wiens1. Auflage &#8211; Erscheinungsjahr 1984 &#8211; ISBN 3-89011-020-7 Das steht drin:Das gro\u00dfe Druckerbuch f\u00fcr Druckeranwender mit einem Commodore 64 oder VC-20 enth\u00e4lt eine riesige Sammlung von Tips &amp; Tricks, Programmlistings und Hardwareinformationen. Ob Sie nun einen Typenrad- oder Matrixdrucker oder den Plotter VC-1520 besitzen. In jedem Fall ist das\" \/>\n<meta property=\"og:url\" content=\"https:\/\/www.retrocomputing-whv.net\/?page_id=1047\" \/>\n<meta property=\"og:site_name\" content=\"Retrocomputing WHV\" \/>\n<meta property=\"og:image\" content=\"https:\/\/www.retrocomputing-whv.net\/wp-content\/uploads\/2020\/04\/DATA-BECKER-Das-grosse-Druckerbuch-718x1024.jpg\" \/>\n<meta name=\"twitter:card\" content=\"summary_large_image\" \/>\n<script type=\"application\/ld+json\" class=\"yoast-schema-graph\">{\"@context\":\"https:\\\/\\\/schema.org\",\"@graph\":[{\"@type\":\"WebPage\",\"@id\":\"https:\\\/\\\/www.retrocomputing-whv.net\\\/?page_id=1047\",\"url\":\"https:\\\/\\\/www.retrocomputing-whv.net\\\/?page_id=1047\",\"name\":\"Das gro\u00dfe Druckerbuch - Retrocomputing WHV\",\"isPartOf\":{\"@id\":\"https:\\\/\\\/www.retrocomputing-whv.net\\\/#website\"},\"primaryImageOfPage\":{\"@id\":\"https:\\\/\\\/www.retrocomputing-whv.net\\\/?page_id=1047#primaryimage\"},\"image\":{\"@id\":\"https:\\\/\\\/www.retrocomputing-whv.net\\\/?page_id=1047#primaryimage\"},\"thumbnailUrl\":\"https:\\\/\\\/www.retrocomputing-whv.net\\\/wp-content\\\/uploads\\\/2020\\\/04\\\/DATA-BECKER-Das-grosse-Druckerbuch-718x1024.jpg\",\"datePublished\":\"2020-11-29T16:07:18+00:00\",\"breadcrumb\":{\"@id\":\"https:\\\/\\\/www.retrocomputing-whv.net\\\/?page_id=1047#breadcrumb\"},\"inLanguage\":\"de\",\"potentialAction\":[{\"@type\":\"ReadAction\",\"target\":[\"https:\\\/\\\/www.retrocomputing-whv.net\\\/?page_id=1047\"]}]},{\"@type\":\"ImageObject\",\"inLanguage\":\"de\",\"@id\":\"https:\\\/\\\/www.retrocomputing-whv.net\\\/?page_id=1047#primaryimage\",\"url\":\"https:\\\/\\\/www.retrocomputing-whv.net\\\/wp-content\\\/uploads\\\/2020\\\/04\\\/DATA-BECKER-Das-grosse-Druckerbuch.jpg\",\"contentUrl\":\"https:\\\/\\\/www.retrocomputing-whv.net\\\/wp-content\\\/uploads\\\/2020\\\/04\\\/DATA-BECKER-Das-grosse-Druckerbuch.jpg\",\"width\":1200,\"height\":1711,\"caption\":\"DATA BECKER - Das grosse Druckerbuch - Auflage 1\"},{\"@type\":\"BreadcrumbList\",\"@id\":\"https:\\\/\\\/www.retrocomputing-whv.net\\\/?page_id=1047#breadcrumb\",\"itemListElement\":[{\"@type\":\"ListItem\",\"position\":1,\"name\":\"Startseite\",\"item\":\"https:\\\/\\\/www.retrocomputing-whv.net\\\/\"},{\"@type\":\"ListItem\",\"position\":2,\"name\":\"Literatur\",\"item\":\"https:\\\/\\\/www.retrocomputing-whv.net\\\/?page_id=105\"},{\"@type\":\"ListItem\",\"position\":3,\"name\":\"DATA BECKER\",\"item\":\"https:\\\/\\\/www.retrocomputing-whv.net\\\/?page_id=807\"},{\"@type\":\"ListItem\",\"position\":4,\"name\":\"Commodore VC-20\",\"item\":\"https:\\\/\\\/www.retrocomputing-whv.net\\\/?page_id=838\"},{\"@type\":\"ListItem\",\"position\":5,\"name\":\"Das gro\u00dfe Druckerbuch\"}]},{\"@type\":\"WebSite\",\"@id\":\"https:\\\/\\\/www.retrocomputing-whv.net\\\/#website\",\"url\":\"https:\\\/\\\/www.retrocomputing-whv.net\\\/\",\"name\":\"Retrocomputing WHV\",\"description\":\"\",\"publisher\":{\"@id\":\"https:\\\/\\\/www.retrocomputing-whv.net\\\/#organization\"},\"potentialAction\":[{\"@type\":\"SearchAction\",\"target\":{\"@type\":\"EntryPoint\",\"urlTemplate\":\"https:\\\/\\\/www.retrocomputing-whv.net\\\/?s={search_term_string}\"},\"query-input\":{\"@type\":\"PropertyValueSpecification\",\"valueRequired\":true,\"valueName\":\"search_term_string\"}}],\"inLanguage\":\"de\"},{\"@type\":\"Organization\",\"@id\":\"https:\\\/\\\/www.retrocomputing-whv.net\\\/#organization\",\"name\":\"Retrocomputing-WHV\",\"url\":\"https:\\\/\\\/www.retrocomputing-whv.net\\\/\",\"logo\":{\"@type\":\"ImageObject\",\"inLanguage\":\"de\",\"@id\":\"https:\\\/\\\/www.retrocomputing-whv.net\\\/#\\\/schema\\\/logo\\\/image\\\/\",\"url\":\"https:\\\/\\\/www.retrocomputing-whv.net\\\/wp-content\\\/uploads\\\/2020\\\/04\\\/Logo.png\",\"contentUrl\":\"https:\\\/\\\/www.retrocomputing-whv.net\\\/wp-content\\\/uploads\\\/2020\\\/04\\\/Logo.png\",\"width\":1340,\"height\":250,\"caption\":\"Retrocomputing-WHV\"},\"image\":{\"@id\":\"https:\\\/\\\/www.retrocomputing-whv.net\\\/#\\\/schema\\\/logo\\\/image\\\/\"}}]}<\/script>\n<!-- \/ Yoast SEO plugin. -->","yoast_head_json":{"title":"Das gro\u00dfe Druckerbuch - Retrocomputing WHV","robots":{"index":"index","follow":"follow","max-snippet":"max-snippet:-1","max-image-preview":"max-image-preview:large","max-video-preview":"max-video-preview:-1"},"canonical":"https:\/\/www.retrocomputing-whv.net\/?page_id=1047","og_locale":"de_DE","og_type":"article","og_title":"Das gro\u00dfe Druckerbuch - Retrocomputing WHV","og_description":"Ein DATA BECKER Buch &#8211; Autoren Rolf Br\u00fcckmann, Klaus Gerits, Thomas Wiens1. Auflage &#8211; Erscheinungsjahr 1984 &#8211; ISBN 3-89011-020-7 Das steht drin:Das gro\u00dfe Druckerbuch f\u00fcr Druckeranwender mit einem Commodore 64 oder VC-20 enth\u00e4lt eine riesige Sammlung von Tips &amp; Tricks, Programmlistings und Hardwareinformationen. Ob Sie nun einen Typenrad- oder Matrixdrucker oder den Plotter VC-1520 besitzen. In jedem Fall ist das","og_url":"https:\/\/www.retrocomputing-whv.net\/?page_id=1047","og_site_name":"Retrocomputing WHV","og_image":[{"url":"https:\/\/www.retrocomputing-whv.net\/wp-content\/uploads\/2020\/04\/DATA-BECKER-Das-grosse-Druckerbuch-718x1024.jpg","type":"","width":"","height":""}],"twitter_card":"summary_large_image","schema":{"@context":"https:\/\/schema.org","@graph":[{"@type":"WebPage","@id":"https:\/\/www.retrocomputing-whv.net\/?page_id=1047","url":"https:\/\/www.retrocomputing-whv.net\/?page_id=1047","name":"Das gro\u00dfe Druckerbuch - Retrocomputing WHV","isPartOf":{"@id":"https:\/\/www.retrocomputing-whv.net\/#website"},"primaryImageOfPage":{"@id":"https:\/\/www.retrocomputing-whv.net\/?page_id=1047#primaryimage"},"image":{"@id":"https:\/\/www.retrocomputing-whv.net\/?page_id=1047#primaryimage"},"thumbnailUrl":"https:\/\/www.retrocomputing-whv.net\/wp-content\/uploads\/2020\/04\/DATA-BECKER-Das-grosse-Druckerbuch-718x1024.jpg","datePublished":"2020-11-29T16:07:18+00:00","breadcrumb":{"@id":"https:\/\/www.retrocomputing-whv.net\/?page_id=1047#breadcrumb"},"inLanguage":"de","potentialAction":[{"@type":"ReadAction","target":["https:\/\/www.retrocomputing-whv.net\/?page_id=1047"]}]},{"@type":"ImageObject","inLanguage":"de","@id":"https:\/\/www.retrocomputing-whv.net\/?page_id=1047#primaryimage","url":"https:\/\/www.retrocomputing-whv.net\/wp-content\/uploads\/2020\/04\/DATA-BECKER-Das-grosse-Druckerbuch.jpg","contentUrl":"https:\/\/www.retrocomputing-whv.net\/wp-content\/uploads\/2020\/04\/DATA-BECKER-Das-grosse-Druckerbuch.jpg","width":1200,"height":1711,"caption":"DATA BECKER - Das grosse Druckerbuch - Auflage 1"},{"@type":"BreadcrumbList","@id":"https:\/\/www.retrocomputing-whv.net\/?page_id=1047#breadcrumb","itemListElement":[{"@type":"ListItem","position":1,"name":"Startseite","item":"https:\/\/www.retrocomputing-whv.net\/"},{"@type":"ListItem","position":2,"name":"Literatur","item":"https:\/\/www.retrocomputing-whv.net\/?page_id=105"},{"@type":"ListItem","position":3,"name":"DATA BECKER","item":"https:\/\/www.retrocomputing-whv.net\/?page_id=807"},{"@type":"ListItem","position":4,"name":"Commodore VC-20","item":"https:\/\/www.retrocomputing-whv.net\/?page_id=838"},{"@type":"ListItem","position":5,"name":"Das gro\u00dfe Druckerbuch"}]},{"@type":"WebSite","@id":"https:\/\/www.retrocomputing-whv.net\/#website","url":"https:\/\/www.retrocomputing-whv.net\/","name":"Retrocomputing WHV","description":"","publisher":{"@id":"https:\/\/www.retrocomputing-whv.net\/#organization"},"potentialAction":[{"@type":"SearchAction","target":{"@type":"EntryPoint","urlTemplate":"https:\/\/www.retrocomputing-whv.net\/?s={search_term_string}"},"query-input":{"@type":"PropertyValueSpecification","valueRequired":true,"valueName":"search_term_string"}}],"inLanguage":"de"},{"@type":"Organization","@id":"https:\/\/www.retrocomputing-whv.net\/#organization","name":"Retrocomputing-WHV","url":"https:\/\/www.retrocomputing-whv.net\/","logo":{"@type":"ImageObject","inLanguage":"de","@id":"https:\/\/www.retrocomputing-whv.net\/#\/schema\/logo\/image\/","url":"https:\/\/www.retrocomputing-whv.net\/wp-content\/uploads\/2020\/04\/Logo.png","contentUrl":"https:\/\/www.retrocomputing-whv.net\/wp-content\/uploads\/2020\/04\/Logo.png","width":1340,"height":250,"caption":"Retrocomputing-WHV"},"image":{"@id":"https:\/\/www.retrocomputing-whv.net\/#\/schema\/logo\/image\/"}}]}},"_links":{"self":[{"href":"https:\/\/www.retrocomputing-whv.net\/index.php?rest_route=\/wp\/v2\/pages\/1047","targetHints":{"allow":["GET"]}}],"collection":[{"href":"https:\/\/www.retrocomputing-whv.net\/index.php?rest_route=\/wp\/v2\/pages"}],"about":[{"href":"https:\/\/www.retrocomputing-whv.net\/index.php?rest_route=\/wp\/v2\/types\/page"}],"author":[{"embeddable":true,"href":"https:\/\/www.retrocomputing-whv.net\/index.php?rest_route=\/wp\/v2\/users\/1"}],"replies":[{"embeddable":true,"href":"https:\/\/www.retrocomputing-whv.net\/index.php?rest_route=%2Fwp%2Fv2%2Fcomments&post=1047"}],"version-history":[{"count":0,"href":"https:\/\/www.retrocomputing-whv.net\/index.php?rest_route=\/wp\/v2\/pages\/1047\/revisions"}],"up":[{"embeddable":true,"href":"https:\/\/www.retrocomputing-whv.net\/index.php?rest_route=\/wp\/v2\/pages\/838"}],"wp:attachment":[{"href":"https:\/\/www.retrocomputing-whv.net\/index.php?rest_route=%2Fwp%2Fv2%2Fmedia&parent=1047"}],"curies":[{"name":"wp","href":"https:\/\/api.w.org\/{rel}","templated":true}]}}