{"id":1056,"date":"2020-11-29T17:52:14","date_gmt":"2020-11-29T16:52:14","guid":{"rendered":"https:\/\/www.retrocomputing-whv.net\/?page_id=1056"},"modified":"2020-11-29T17:52:14","modified_gmt":"2020-11-29T16:52:14","slug":"vc-20-intern","status":"publish","type":"page","link":"https:\/\/www.retrocomputing-whv.net\/?page_id=1056","title":{"rendered":"VC-20 intern"},"content":{"rendered":"\n<figure class=\"wp-block-image size-large\"><img loading=\"lazy\" decoding=\"async\" width=\"728\" height=\"1024\" src=\"https:\/\/www.retrocomputing-whv.net\/wp-content\/uploads\/2020\/05\/DATA-BECKER-VC-20-intern-728x1024.jpg\" alt=\"DATA BECKER - VC-20 intern\" class=\"wp-image-501\" srcset=\"https:\/\/www.retrocomputing-whv.net\/wp-content\/uploads\/2020\/05\/DATA-BECKER-VC-20-intern-728x1024.jpg 728w, https:\/\/www.retrocomputing-whv.net\/wp-content\/uploads\/2020\/05\/DATA-BECKER-VC-20-intern-213x300.jpg 213w, https:\/\/www.retrocomputing-whv.net\/wp-content\/uploads\/2020\/05\/DATA-BECKER-VC-20-intern-768x1080.jpg 768w, https:\/\/www.retrocomputing-whv.net\/wp-content\/uploads\/2020\/05\/DATA-BECKER-VC-20-intern-1093x1536.jpg 1093w, https:\/\/www.retrocomputing-whv.net\/wp-content\/uploads\/2020\/05\/DATA-BECKER-VC-20-intern.jpg 1200w\" sizes=\"auto, (max-width: 728px) 100vw, 728px\" \/><\/figure>\n\n\n\n<p>Ein DATA BECKER Buch &#8211; Autoren Michael Angerhausen, Rolf Br\u00fcckmann, Lothar Englisch<br>3. Auflage &#8211; Erscheinungsjahr 1983 &#8211; ISBN 3-89011-002-9<\/p>\n\n\n\n<p><strong>Das steht drin:<\/strong><br>Die bereits 3. Auflage von &#8222;VC-20 intern&#8220; ist wieder erheblich erweitert worden. Das Buch besch\u00e4ftigt sich ausf\u00fchrlich mit der Technik und dem Betriebssystem des VC-20. Dazu geh\u00f6rt nat\u00fcrlich zuerst einmal ein komplettes und ausf\u00fchrlich dokumentiertes ROM-Listing. Dazu geh\u00f6rt auch die Belegung der ZEROPAGE, dem wichtigsten Speicherbereich f\u00fcr den 6502-Prozessor, eine \u00fcbersichtliche Auflistung der Adressen aller Betriebssystemroutinen, ihrer Bedeutung  und ihrer \u00dcbergabeparameter. Dies erm\u00f6glicht dem Programmierer endlich den VC-20 von Maschinensprache aus sinnvoll einzusetzen. Denn warum Routinen, die bereits vorhanden sind, noch einmal schreiben? F\u00fcr Einsteiger befindet sich eine Einf\u00fchrung in die Programmierung in Maschinensprache am Anfang des Buches. Diese behandelt die Themen Maschinensprachemonitor, Disassembler und Assembler. Au\u00dferdem wird die Verbindung von BASIC- und Maschinenspracheprogrammen besprochen. Doch nicht nur die Software, auch die Hardware wird ausf\u00fchrlich beschrieben. Detailliert werden alle wichtigen IC\u00b4s im VC-20 in Ihrer Arbeitsweise beschrieben. Neben einem \u00fcbersichtlichen Blockschaltbild enth\u00e4lt &#8222;VC-20 intern&#8220; noch als besonderen Clou drei Original Commodore Schaltpl\u00e4ne zum Ausklappen. Dieses Buch braucht jeder, der sich n\u00e4her mit Technik und Maschinenprogrammierung des VC-20 auseinandersetzen m\u00f6chte.<\/p>\n\n\n\n<figure class=\"wp-block-image size-large\"><a href=\"https:\/\/www.retrocomputing-whv.net\/?page_id=838\"><img loading=\"lazy\" decoding=\"async\" width=\"256\" height=\"136\" src=\"https:\/\/www.retrocomputing-whv.net\/wp-content\/uploads\/2020\/08\/Backspace.jpg\" alt=\"Backspace\" class=\"wp-image-681\"\/><\/a><\/figure>\n\n\n\n<p><\/p>\n","protected":false},"excerpt":{"rendered":"<p>Ein DATA BECKER Buch &#8211; Autoren Michael Angerhausen, Rolf Br\u00fcckmann, Lothar Englisch3. Auflage &#8211; Erscheinungsjahr 1983 &#8211; ISBN 3-89011-002-9 Das steht drin:Die bereits 3. Auflage von &#8222;VC-20 intern&#8220; ist wieder erheblich erweitert worden. Das Buch besch\u00e4ftigt sich ausf\u00fchrlich mit der Technik und dem Betriebssystem des VC-20. Dazu geh\u00f6rt nat\u00fcrlich zuerst einmal ein komplettes und ausf\u00fchrlich dokumentiertes ROM-Listing. Dazu geh\u00f6rt auch<\/p>\n","protected":false},"author":1,"featured_media":0,"parent":838,"menu_order":0,"comment_status":"closed","ping_status":"closed","template":"","meta":{"footnotes":""},"class_list":["post-1056","page","type-page","status-publish","hentry"],"yoast_head":"<!-- This site is optimized with the Yoast SEO plugin v27.5 - https:\/\/yoast.com\/product\/yoast-seo-wordpress\/ -->\n<title>VC-20 intern - Retrocomputing WHV<\/title>\n<meta name=\"robots\" content=\"index, follow, max-snippet:-1, max-image-preview:large, max-video-preview:-1\" \/>\n<link rel=\"canonical\" href=\"https:\/\/www.retrocomputing-whv.net\/?page_id=1056\" \/>\n<meta property=\"og:locale\" content=\"de_DE\" \/>\n<meta property=\"og:type\" content=\"article\" \/>\n<meta property=\"og:title\" content=\"VC-20 intern - Retrocomputing WHV\" \/>\n<meta property=\"og:description\" content=\"Ein DATA BECKER Buch &#8211; Autoren Michael Angerhausen, Rolf Br\u00fcckmann, Lothar Englisch3. Auflage &#8211; Erscheinungsjahr 1983 &#8211; ISBN 3-89011-002-9 Das steht drin:Die bereits 3. Auflage von &#8222;VC-20 intern&#8220; ist wieder erheblich erweitert worden. Das Buch besch\u00e4ftigt sich ausf\u00fchrlich mit der Technik und dem Betriebssystem des VC-20. Dazu geh\u00f6rt nat\u00fcrlich zuerst einmal ein komplettes und ausf\u00fchrlich dokumentiertes ROM-Listing. Dazu geh\u00f6rt auch\" \/>\n<meta property=\"og:url\" content=\"https:\/\/www.retrocomputing-whv.net\/?page_id=1056\" \/>\n<meta property=\"og:site_name\" content=\"Retrocomputing WHV\" \/>\n<meta property=\"og:image\" content=\"https:\/\/www.retrocomputing-whv.net\/wp-content\/uploads\/2020\/05\/DATA-BECKER-VC-20-intern-728x1024.jpg\" \/>\n<meta name=\"twitter:card\" content=\"summary_large_image\" \/>\n<meta name=\"twitter:label1\" content=\"Gesch\u00e4tzte Lesezeit\" \/>\n\t<meta name=\"twitter:data1\" content=\"1\u00a0Minute\" \/>\n<script type=\"application\/ld+json\" class=\"yoast-schema-graph\">{\"@context\":\"https:\\\/\\\/schema.org\",\"@graph\":[{\"@type\":\"WebPage\",\"@id\":\"https:\\\/\\\/www.retrocomputing-whv.net\\\/?page_id=1056\",\"url\":\"https:\\\/\\\/www.retrocomputing-whv.net\\\/?page_id=1056\",\"name\":\"VC-20 intern - Retrocomputing WHV\",\"isPartOf\":{\"@id\":\"https:\\\/\\\/www.retrocomputing-whv.net\\\/#website\"},\"primaryImageOfPage\":{\"@id\":\"https:\\\/\\\/www.retrocomputing-whv.net\\\/?page_id=1056#primaryimage\"},\"image\":{\"@id\":\"https:\\\/\\\/www.retrocomputing-whv.net\\\/?page_id=1056#primaryimage\"},\"thumbnailUrl\":\"https:\\\/\\\/www.retrocomputing-whv.net\\\/wp-content\\\/uploads\\\/2020\\\/05\\\/DATA-BECKER-VC-20-intern-728x1024.jpg\",\"datePublished\":\"2020-11-29T16:52:14+00:00\",\"breadcrumb\":{\"@id\":\"https:\\\/\\\/www.retrocomputing-whv.net\\\/?page_id=1056#breadcrumb\"},\"inLanguage\":\"de\",\"potentialAction\":[{\"@type\":\"ReadAction\",\"target\":[\"https:\\\/\\\/www.retrocomputing-whv.net\\\/?page_id=1056\"]}]},{\"@type\":\"ImageObject\",\"inLanguage\":\"de\",\"@id\":\"https:\\\/\\\/www.retrocomputing-whv.net\\\/?page_id=1056#primaryimage\",\"url\":\"https:\\\/\\\/www.retrocomputing-whv.net\\\/wp-content\\\/uploads\\\/2020\\\/05\\\/DATA-BECKER-VC-20-intern.jpg\",\"contentUrl\":\"https:\\\/\\\/www.retrocomputing-whv.net\\\/wp-content\\\/uploads\\\/2020\\\/05\\\/DATA-BECKER-VC-20-intern.jpg\",\"width\":1200,\"height\":1687,\"caption\":\"DATA BECKER - VC-20 intern\"},{\"@type\":\"BreadcrumbList\",\"@id\":\"https:\\\/\\\/www.retrocomputing-whv.net\\\/?page_id=1056#breadcrumb\",\"itemListElement\":[{\"@type\":\"ListItem\",\"position\":1,\"name\":\"Startseite\",\"item\":\"https:\\\/\\\/www.retrocomputing-whv.net\\\/\"},{\"@type\":\"ListItem\",\"position\":2,\"name\":\"Literatur\",\"item\":\"https:\\\/\\\/www.retrocomputing-whv.net\\\/?page_id=105\"},{\"@type\":\"ListItem\",\"position\":3,\"name\":\"DATA BECKER\",\"item\":\"https:\\\/\\\/www.retrocomputing-whv.net\\\/?page_id=807\"},{\"@type\":\"ListItem\",\"position\":4,\"name\":\"Commodore VC-20\",\"item\":\"https:\\\/\\\/www.retrocomputing-whv.net\\\/?page_id=838\"},{\"@type\":\"ListItem\",\"position\":5,\"name\":\"VC-20 intern\"}]},{\"@type\":\"WebSite\",\"@id\":\"https:\\\/\\\/www.retrocomputing-whv.net\\\/#website\",\"url\":\"https:\\\/\\\/www.retrocomputing-whv.net\\\/\",\"name\":\"Retrocomputing WHV\",\"description\":\"\",\"publisher\":{\"@id\":\"https:\\\/\\\/www.retrocomputing-whv.net\\\/#organization\"},\"potentialAction\":[{\"@type\":\"SearchAction\",\"target\":{\"@type\":\"EntryPoint\",\"urlTemplate\":\"https:\\\/\\\/www.retrocomputing-whv.net\\\/?s={search_term_string}\"},\"query-input\":{\"@type\":\"PropertyValueSpecification\",\"valueRequired\":true,\"valueName\":\"search_term_string\"}}],\"inLanguage\":\"de\"},{\"@type\":\"Organization\",\"@id\":\"https:\\\/\\\/www.retrocomputing-whv.net\\\/#organization\",\"name\":\"Retrocomputing-WHV\",\"url\":\"https:\\\/\\\/www.retrocomputing-whv.net\\\/\",\"logo\":{\"@type\":\"ImageObject\",\"inLanguage\":\"de\",\"@id\":\"https:\\\/\\\/www.retrocomputing-whv.net\\\/#\\\/schema\\\/logo\\\/image\\\/\",\"url\":\"https:\\\/\\\/www.retrocomputing-whv.net\\\/wp-content\\\/uploads\\\/2020\\\/04\\\/Logo.png\",\"contentUrl\":\"https:\\\/\\\/www.retrocomputing-whv.net\\\/wp-content\\\/uploads\\\/2020\\\/04\\\/Logo.png\",\"width\":1340,\"height\":250,\"caption\":\"Retrocomputing-WHV\"},\"image\":{\"@id\":\"https:\\\/\\\/www.retrocomputing-whv.net\\\/#\\\/schema\\\/logo\\\/image\\\/\"}}]}<\/script>\n<!-- \/ Yoast SEO plugin. -->","yoast_head_json":{"title":"VC-20 intern - Retrocomputing WHV","robots":{"index":"index","follow":"follow","max-snippet":"max-snippet:-1","max-image-preview":"max-image-preview:large","max-video-preview":"max-video-preview:-1"},"canonical":"https:\/\/www.retrocomputing-whv.net\/?page_id=1056","og_locale":"de_DE","og_type":"article","og_title":"VC-20 intern - Retrocomputing WHV","og_description":"Ein DATA BECKER Buch &#8211; Autoren Michael Angerhausen, Rolf Br\u00fcckmann, Lothar Englisch3. Auflage &#8211; Erscheinungsjahr 1983 &#8211; ISBN 3-89011-002-9 Das steht drin:Die bereits 3. Auflage von &#8222;VC-20 intern&#8220; ist wieder erheblich erweitert worden. Das Buch besch\u00e4ftigt sich ausf\u00fchrlich mit der Technik und dem Betriebssystem des VC-20. Dazu geh\u00f6rt nat\u00fcrlich zuerst einmal ein komplettes und ausf\u00fchrlich dokumentiertes ROM-Listing. Dazu geh\u00f6rt auch","og_url":"https:\/\/www.retrocomputing-whv.net\/?page_id=1056","og_site_name":"Retrocomputing WHV","og_image":[{"url":"https:\/\/www.retrocomputing-whv.net\/wp-content\/uploads\/2020\/05\/DATA-BECKER-VC-20-intern-728x1024.jpg","type":"","width":"","height":""}],"twitter_card":"summary_large_image","twitter_misc":{"Gesch\u00e4tzte Lesezeit":"1\u00a0Minute"},"schema":{"@context":"https:\/\/schema.org","@graph":[{"@type":"WebPage","@id":"https:\/\/www.retrocomputing-whv.net\/?page_id=1056","url":"https:\/\/www.retrocomputing-whv.net\/?page_id=1056","name":"VC-20 intern - Retrocomputing WHV","isPartOf":{"@id":"https:\/\/www.retrocomputing-whv.net\/#website"},"primaryImageOfPage":{"@id":"https:\/\/www.retrocomputing-whv.net\/?page_id=1056#primaryimage"},"image":{"@id":"https:\/\/www.retrocomputing-whv.net\/?page_id=1056#primaryimage"},"thumbnailUrl":"https:\/\/www.retrocomputing-whv.net\/wp-content\/uploads\/2020\/05\/DATA-BECKER-VC-20-intern-728x1024.jpg","datePublished":"2020-11-29T16:52:14+00:00","breadcrumb":{"@id":"https:\/\/www.retrocomputing-whv.net\/?page_id=1056#breadcrumb"},"inLanguage":"de","potentialAction":[{"@type":"ReadAction","target":["https:\/\/www.retrocomputing-whv.net\/?page_id=1056"]}]},{"@type":"ImageObject","inLanguage":"de","@id":"https:\/\/www.retrocomputing-whv.net\/?page_id=1056#primaryimage","url":"https:\/\/www.retrocomputing-whv.net\/wp-content\/uploads\/2020\/05\/DATA-BECKER-VC-20-intern.jpg","contentUrl":"https:\/\/www.retrocomputing-whv.net\/wp-content\/uploads\/2020\/05\/DATA-BECKER-VC-20-intern.jpg","width":1200,"height":1687,"caption":"DATA BECKER - VC-20 intern"},{"@type":"BreadcrumbList","@id":"https:\/\/www.retrocomputing-whv.net\/?page_id=1056#breadcrumb","itemListElement":[{"@type":"ListItem","position":1,"name":"Startseite","item":"https:\/\/www.retrocomputing-whv.net\/"},{"@type":"ListItem","position":2,"name":"Literatur","item":"https:\/\/www.retrocomputing-whv.net\/?page_id=105"},{"@type":"ListItem","position":3,"name":"DATA BECKER","item":"https:\/\/www.retrocomputing-whv.net\/?page_id=807"},{"@type":"ListItem","position":4,"name":"Commodore VC-20","item":"https:\/\/www.retrocomputing-whv.net\/?page_id=838"},{"@type":"ListItem","position":5,"name":"VC-20 intern"}]},{"@type":"WebSite","@id":"https:\/\/www.retrocomputing-whv.net\/#website","url":"https:\/\/www.retrocomputing-whv.net\/","name":"Retrocomputing WHV","description":"","publisher":{"@id":"https:\/\/www.retrocomputing-whv.net\/#organization"},"potentialAction":[{"@type":"SearchAction","target":{"@type":"EntryPoint","urlTemplate":"https:\/\/www.retrocomputing-whv.net\/?s={search_term_string}"},"query-input":{"@type":"PropertyValueSpecification","valueRequired":true,"valueName":"search_term_string"}}],"inLanguage":"de"},{"@type":"Organization","@id":"https:\/\/www.retrocomputing-whv.net\/#organization","name":"Retrocomputing-WHV","url":"https:\/\/www.retrocomputing-whv.net\/","logo":{"@type":"ImageObject","inLanguage":"de","@id":"https:\/\/www.retrocomputing-whv.net\/#\/schema\/logo\/image\/","url":"https:\/\/www.retrocomputing-whv.net\/wp-content\/uploads\/2020\/04\/Logo.png","contentUrl":"https:\/\/www.retrocomputing-whv.net\/wp-content\/uploads\/2020\/04\/Logo.png","width":1340,"height":250,"caption":"Retrocomputing-WHV"},"image":{"@id":"https:\/\/www.retrocomputing-whv.net\/#\/schema\/logo\/image\/"}}]}},"_links":{"self":[{"href":"https:\/\/www.retrocomputing-whv.net\/index.php?rest_route=\/wp\/v2\/pages\/1056","targetHints":{"allow":["GET"]}}],"collection":[{"href":"https:\/\/www.retrocomputing-whv.net\/index.php?rest_route=\/wp\/v2\/pages"}],"about":[{"href":"https:\/\/www.retrocomputing-whv.net\/index.php?rest_route=\/wp\/v2\/types\/page"}],"author":[{"embeddable":true,"href":"https:\/\/www.retrocomputing-whv.net\/index.php?rest_route=\/wp\/v2\/users\/1"}],"replies":[{"embeddable":true,"href":"https:\/\/www.retrocomputing-whv.net\/index.php?rest_route=%2Fwp%2Fv2%2Fcomments&post=1056"}],"version-history":[{"count":0,"href":"https:\/\/www.retrocomputing-whv.net\/index.php?rest_route=\/wp\/v2\/pages\/1056\/revisions"}],"up":[{"embeddable":true,"href":"https:\/\/www.retrocomputing-whv.net\/index.php?rest_route=\/wp\/v2\/pages\/838"}],"wp:attachment":[{"href":"https:\/\/www.retrocomputing-whv.net\/index.php?rest_route=%2Fwp%2Fv2%2Fmedia&parent=1056"}],"curies":[{"name":"wp","href":"https:\/\/api.w.org\/{rel}","templated":true}]}}