{"id":1059,"date":"2020-11-29T17:58:36","date_gmt":"2020-11-29T16:58:36","guid":{"rendered":"https:\/\/www.retrocomputing-whv.net\/?page_id=1059"},"modified":"2020-11-29T17:58:36","modified_gmt":"2020-11-29T16:58:36","slug":"vc-20-tips-tricks","status":"publish","type":"page","link":"https:\/\/www.retrocomputing-whv.net\/?page_id=1059","title":{"rendered":"VC-20 Tips &#038; Tricks"},"content":{"rendered":"\n<figure class=\"wp-block-image size-large\"><img loading=\"lazy\" decoding=\"async\" width=\"721\" height=\"1024\" src=\"https:\/\/www.retrocomputing-whv.net\/wp-content\/uploads\/2020\/05\/DATA-BECKER-VC-20-Tips-und-Tricks-721x1024.jpg\" alt=\"DATA BECKER - VC-20 Tips und Tricks\" class=\"wp-image-502\" srcset=\"https:\/\/www.retrocomputing-whv.net\/wp-content\/uploads\/2020\/05\/DATA-BECKER-VC-20-Tips-und-Tricks-721x1024.jpg 721w, https:\/\/www.retrocomputing-whv.net\/wp-content\/uploads\/2020\/05\/DATA-BECKER-VC-20-Tips-und-Tricks-211x300.jpg 211w, https:\/\/www.retrocomputing-whv.net\/wp-content\/uploads\/2020\/05\/DATA-BECKER-VC-20-Tips-und-Tricks-768x1091.jpg 768w, https:\/\/www.retrocomputing-whv.net\/wp-content\/uploads\/2020\/05\/DATA-BECKER-VC-20-Tips-und-Tricks-1082x1536.jpg 1082w, https:\/\/www.retrocomputing-whv.net\/wp-content\/uploads\/2020\/05\/DATA-BECKER-VC-20-Tips-und-Tricks.jpg 1200w\" sizes=\"auto, (max-width: 721px) 100vw, 721px\" \/><\/figure>\n\n\n\n<p>Ein DATA BECKER Buch &#8211; Autoren Michael Angerhausen, Paulissen, Riedner, Schellenberger<br>2. Auflage &#8211; Erscheinungsjahr 1984<\/p>\n\n\n\n<p><strong>Das steht drin:<\/strong><br>Die \u00fcberarbeitete und erheblich erweiterte 2. Auflage von &#8222;VC-20 Tips &amp; Tricks&#8220; enth\u00e4lt endlich eine genaue Erkl\u00e4rung des Speicheraufbaus des VC-20 in allen m\u00f6glichen Erweiterungsstufen. Vergessen Sie alles, was Ihnen \u00fcber Grafik und Sound auf dem VC-20 bisher geliefert wurde. In diesem Buch finden Sie von den Grundlagen angefangen \u00fcber die programmierbaren Zeichen, \u00fcber eine Grafikerweiterung in Maschinensprache, \u00fcber luxuri\u00f6se Programme wie z.B. Grafikeditor, Funktionenplotter oder 3D-Grafiken bis hin zur Supererweiterung zum VC-20 alles Wissenswerte und zum Arbeiten Notwendige f\u00fcr eine gute Grafik. Ebenso ausf\u00fchrlich wird die Tonerzeugung behandelt. Neben der Erl\u00e4uterung der Grundlagen und einem Soundeditor sind nat\u00fcrlich auch fertige Programme, z.B. der VC-20 als Synthesizer oder Schlagzeug abgedruckt. Auf \u00fcber 100 Seiten finden Sie viele n\u00fctzliche Tricks, POKE-Befehle, BASIC-Erweiterungen fix und fertig zum Eintippen. Dazu geh\u00f6ren z.B. Unnew, automatische Zeilennumerierung, die Programmierung des USER-Port, ein Diskmenue, Hardcopy und so weiter. Bringen Sie Ihrem VC-20 v\u00f6llig neue Befehle bei! Abgerundet wird das Buch durch Anwenderprogramme zum Eintippen, wie Dateiverwaltung, Textverarbeitung und Spiele. VC-20 Tips &amp; Tricks braucht jeder VC-20 Besitzer, der mehr \u00fcber seinen Computer wissen m\u00f6chte.<\/p>\n\n\n\n<figure class=\"wp-block-image size-large\"><a href=\"https:\/\/www.retrocomputing-whv.net\/?page_id=838\"><img loading=\"lazy\" decoding=\"async\" width=\"256\" height=\"136\" src=\"https:\/\/www.retrocomputing-whv.net\/wp-content\/uploads\/2020\/08\/Backspace.jpg\" alt=\"Backspace\" class=\"wp-image-681\"\/><\/a><\/figure>\n\n\n\n<p><\/p>\n","protected":false},"excerpt":{"rendered":"<p>Ein DATA BECKER Buch &#8211; Autoren Michael Angerhausen, Paulissen, Riedner, Schellenberger2. Auflage &#8211; Erscheinungsjahr 1984 Das steht drin:Die \u00fcberarbeitete und erheblich erweiterte 2. Auflage von &#8222;VC-20 Tips &amp; Tricks&#8220; enth\u00e4lt endlich eine genaue Erkl\u00e4rung des Speicheraufbaus des VC-20 in allen m\u00f6glichen Erweiterungsstufen. Vergessen Sie alles, was Ihnen \u00fcber Grafik und Sound auf dem VC-20 bisher geliefert wurde. In diesem Buch<\/p>\n","protected":false},"author":1,"featured_media":0,"parent":838,"menu_order":0,"comment_status":"closed","ping_status":"closed","template":"","meta":{"footnotes":""},"class_list":["post-1059","page","type-page","status-publish","hentry"],"yoast_head":"<!-- This site is optimized with the Yoast SEO plugin v27.5 - https:\/\/yoast.com\/product\/yoast-seo-wordpress\/ -->\n<title>VC-20 Tips &amp; Tricks - Retrocomputing WHV<\/title>\n<meta name=\"robots\" content=\"index, follow, max-snippet:-1, max-image-preview:large, max-video-preview:-1\" \/>\n<link rel=\"canonical\" href=\"https:\/\/www.retrocomputing-whv.net\/?page_id=1059\" \/>\n<meta property=\"og:locale\" content=\"de_DE\" \/>\n<meta property=\"og:type\" content=\"article\" \/>\n<meta property=\"og:title\" content=\"VC-20 Tips &amp; Tricks - Retrocomputing WHV\" \/>\n<meta property=\"og:description\" content=\"Ein DATA BECKER Buch &#8211; Autoren Michael Angerhausen, Paulissen, Riedner, Schellenberger2. Auflage &#8211; Erscheinungsjahr 1984 Das steht drin:Die \u00fcberarbeitete und erheblich erweiterte 2. Auflage von &#8222;VC-20 Tips &amp; Tricks&#8220; enth\u00e4lt endlich eine genaue Erkl\u00e4rung des Speicheraufbaus des VC-20 in allen m\u00f6glichen Erweiterungsstufen. Vergessen Sie alles, was Ihnen \u00fcber Grafik und Sound auf dem VC-20 bisher geliefert wurde. In diesem Buch\" \/>\n<meta property=\"og:url\" content=\"https:\/\/www.retrocomputing-whv.net\/?page_id=1059\" \/>\n<meta property=\"og:site_name\" content=\"Retrocomputing WHV\" \/>\n<meta property=\"og:image\" content=\"https:\/\/www.retrocomputing-whv.net\/wp-content\/uploads\/2020\/05\/DATA-BECKER-VC-20-Tips-und-Tricks-721x1024.jpg\" \/>\n<meta name=\"twitter:card\" content=\"summary_large_image\" \/>\n<meta name=\"twitter:label1\" content=\"Gesch\u00e4tzte Lesezeit\" \/>\n\t<meta name=\"twitter:data1\" content=\"1\u00a0Minute\" \/>\n<script type=\"application\/ld+json\" class=\"yoast-schema-graph\">{\"@context\":\"https:\\\/\\\/schema.org\",\"@graph\":[{\"@type\":\"WebPage\",\"@id\":\"https:\\\/\\\/www.retrocomputing-whv.net\\\/?page_id=1059\",\"url\":\"https:\\\/\\\/www.retrocomputing-whv.net\\\/?page_id=1059\",\"name\":\"VC-20 Tips & Tricks - Retrocomputing WHV\",\"isPartOf\":{\"@id\":\"https:\\\/\\\/www.retrocomputing-whv.net\\\/#website\"},\"primaryImageOfPage\":{\"@id\":\"https:\\\/\\\/www.retrocomputing-whv.net\\\/?page_id=1059#primaryimage\"},\"image\":{\"@id\":\"https:\\\/\\\/www.retrocomputing-whv.net\\\/?page_id=1059#primaryimage\"},\"thumbnailUrl\":\"https:\\\/\\\/www.retrocomputing-whv.net\\\/wp-content\\\/uploads\\\/2020\\\/05\\\/DATA-BECKER-VC-20-Tips-und-Tricks-721x1024.jpg\",\"datePublished\":\"2020-11-29T16:58:36+00:00\",\"breadcrumb\":{\"@id\":\"https:\\\/\\\/www.retrocomputing-whv.net\\\/?page_id=1059#breadcrumb\"},\"inLanguage\":\"de\",\"potentialAction\":[{\"@type\":\"ReadAction\",\"target\":[\"https:\\\/\\\/www.retrocomputing-whv.net\\\/?page_id=1059\"]}]},{\"@type\":\"ImageObject\",\"inLanguage\":\"de\",\"@id\":\"https:\\\/\\\/www.retrocomputing-whv.net\\\/?page_id=1059#primaryimage\",\"url\":\"https:\\\/\\\/www.retrocomputing-whv.net\\\/wp-content\\\/uploads\\\/2020\\\/05\\\/DATA-BECKER-VC-20-Tips-und-Tricks.jpg\",\"contentUrl\":\"https:\\\/\\\/www.retrocomputing-whv.net\\\/wp-content\\\/uploads\\\/2020\\\/05\\\/DATA-BECKER-VC-20-Tips-und-Tricks.jpg\",\"width\":1200,\"height\":1704,\"caption\":\"DATA BECKER - VC-20 Tips und Tricks\"},{\"@type\":\"BreadcrumbList\",\"@id\":\"https:\\\/\\\/www.retrocomputing-whv.net\\\/?page_id=1059#breadcrumb\",\"itemListElement\":[{\"@type\":\"ListItem\",\"position\":1,\"name\":\"Startseite\",\"item\":\"https:\\\/\\\/www.retrocomputing-whv.net\\\/\"},{\"@type\":\"ListItem\",\"position\":2,\"name\":\"Literatur\",\"item\":\"https:\\\/\\\/www.retrocomputing-whv.net\\\/?page_id=105\"},{\"@type\":\"ListItem\",\"position\":3,\"name\":\"DATA BECKER\",\"item\":\"https:\\\/\\\/www.retrocomputing-whv.net\\\/?page_id=807\"},{\"@type\":\"ListItem\",\"position\":4,\"name\":\"Commodore VC-20\",\"item\":\"https:\\\/\\\/www.retrocomputing-whv.net\\\/?page_id=838\"},{\"@type\":\"ListItem\",\"position\":5,\"name\":\"VC-20 Tips &#038; Tricks\"}]},{\"@type\":\"WebSite\",\"@id\":\"https:\\\/\\\/www.retrocomputing-whv.net\\\/#website\",\"url\":\"https:\\\/\\\/www.retrocomputing-whv.net\\\/\",\"name\":\"Retrocomputing WHV\",\"description\":\"\",\"publisher\":{\"@id\":\"https:\\\/\\\/www.retrocomputing-whv.net\\\/#organization\"},\"potentialAction\":[{\"@type\":\"SearchAction\",\"target\":{\"@type\":\"EntryPoint\",\"urlTemplate\":\"https:\\\/\\\/www.retrocomputing-whv.net\\\/?s={search_term_string}\"},\"query-input\":{\"@type\":\"PropertyValueSpecification\",\"valueRequired\":true,\"valueName\":\"search_term_string\"}}],\"inLanguage\":\"de\"},{\"@type\":\"Organization\",\"@id\":\"https:\\\/\\\/www.retrocomputing-whv.net\\\/#organization\",\"name\":\"Retrocomputing-WHV\",\"url\":\"https:\\\/\\\/www.retrocomputing-whv.net\\\/\",\"logo\":{\"@type\":\"ImageObject\",\"inLanguage\":\"de\",\"@id\":\"https:\\\/\\\/www.retrocomputing-whv.net\\\/#\\\/schema\\\/logo\\\/image\\\/\",\"url\":\"https:\\\/\\\/www.retrocomputing-whv.net\\\/wp-content\\\/uploads\\\/2020\\\/04\\\/Logo.png\",\"contentUrl\":\"https:\\\/\\\/www.retrocomputing-whv.net\\\/wp-content\\\/uploads\\\/2020\\\/04\\\/Logo.png\",\"width\":1340,\"height\":250,\"caption\":\"Retrocomputing-WHV\"},\"image\":{\"@id\":\"https:\\\/\\\/www.retrocomputing-whv.net\\\/#\\\/schema\\\/logo\\\/image\\\/\"}}]}<\/script>\n<!-- \/ Yoast SEO plugin. -->","yoast_head_json":{"title":"VC-20 Tips & Tricks - Retrocomputing WHV","robots":{"index":"index","follow":"follow","max-snippet":"max-snippet:-1","max-image-preview":"max-image-preview:large","max-video-preview":"max-video-preview:-1"},"canonical":"https:\/\/www.retrocomputing-whv.net\/?page_id=1059","og_locale":"de_DE","og_type":"article","og_title":"VC-20 Tips & Tricks - Retrocomputing WHV","og_description":"Ein DATA BECKER Buch &#8211; Autoren Michael Angerhausen, Paulissen, Riedner, Schellenberger2. Auflage &#8211; Erscheinungsjahr 1984 Das steht drin:Die \u00fcberarbeitete und erheblich erweiterte 2. Auflage von &#8222;VC-20 Tips &amp; Tricks&#8220; enth\u00e4lt endlich eine genaue Erkl\u00e4rung des Speicheraufbaus des VC-20 in allen m\u00f6glichen Erweiterungsstufen. Vergessen Sie alles, was Ihnen \u00fcber Grafik und Sound auf dem VC-20 bisher geliefert wurde. In diesem Buch","og_url":"https:\/\/www.retrocomputing-whv.net\/?page_id=1059","og_site_name":"Retrocomputing WHV","og_image":[{"url":"https:\/\/www.retrocomputing-whv.net\/wp-content\/uploads\/2020\/05\/DATA-BECKER-VC-20-Tips-und-Tricks-721x1024.jpg","type":"","width":"","height":""}],"twitter_card":"summary_large_image","twitter_misc":{"Gesch\u00e4tzte Lesezeit":"1\u00a0Minute"},"schema":{"@context":"https:\/\/schema.org","@graph":[{"@type":"WebPage","@id":"https:\/\/www.retrocomputing-whv.net\/?page_id=1059","url":"https:\/\/www.retrocomputing-whv.net\/?page_id=1059","name":"VC-20 Tips & Tricks - Retrocomputing WHV","isPartOf":{"@id":"https:\/\/www.retrocomputing-whv.net\/#website"},"primaryImageOfPage":{"@id":"https:\/\/www.retrocomputing-whv.net\/?page_id=1059#primaryimage"},"image":{"@id":"https:\/\/www.retrocomputing-whv.net\/?page_id=1059#primaryimage"},"thumbnailUrl":"https:\/\/www.retrocomputing-whv.net\/wp-content\/uploads\/2020\/05\/DATA-BECKER-VC-20-Tips-und-Tricks-721x1024.jpg","datePublished":"2020-11-29T16:58:36+00:00","breadcrumb":{"@id":"https:\/\/www.retrocomputing-whv.net\/?page_id=1059#breadcrumb"},"inLanguage":"de","potentialAction":[{"@type":"ReadAction","target":["https:\/\/www.retrocomputing-whv.net\/?page_id=1059"]}]},{"@type":"ImageObject","inLanguage":"de","@id":"https:\/\/www.retrocomputing-whv.net\/?page_id=1059#primaryimage","url":"https:\/\/www.retrocomputing-whv.net\/wp-content\/uploads\/2020\/05\/DATA-BECKER-VC-20-Tips-und-Tricks.jpg","contentUrl":"https:\/\/www.retrocomputing-whv.net\/wp-content\/uploads\/2020\/05\/DATA-BECKER-VC-20-Tips-und-Tricks.jpg","width":1200,"height":1704,"caption":"DATA BECKER - VC-20 Tips und Tricks"},{"@type":"BreadcrumbList","@id":"https:\/\/www.retrocomputing-whv.net\/?page_id=1059#breadcrumb","itemListElement":[{"@type":"ListItem","position":1,"name":"Startseite","item":"https:\/\/www.retrocomputing-whv.net\/"},{"@type":"ListItem","position":2,"name":"Literatur","item":"https:\/\/www.retrocomputing-whv.net\/?page_id=105"},{"@type":"ListItem","position":3,"name":"DATA BECKER","item":"https:\/\/www.retrocomputing-whv.net\/?page_id=807"},{"@type":"ListItem","position":4,"name":"Commodore VC-20","item":"https:\/\/www.retrocomputing-whv.net\/?page_id=838"},{"@type":"ListItem","position":5,"name":"VC-20 Tips &#038; Tricks"}]},{"@type":"WebSite","@id":"https:\/\/www.retrocomputing-whv.net\/#website","url":"https:\/\/www.retrocomputing-whv.net\/","name":"Retrocomputing WHV","description":"","publisher":{"@id":"https:\/\/www.retrocomputing-whv.net\/#organization"},"potentialAction":[{"@type":"SearchAction","target":{"@type":"EntryPoint","urlTemplate":"https:\/\/www.retrocomputing-whv.net\/?s={search_term_string}"},"query-input":{"@type":"PropertyValueSpecification","valueRequired":true,"valueName":"search_term_string"}}],"inLanguage":"de"},{"@type":"Organization","@id":"https:\/\/www.retrocomputing-whv.net\/#organization","name":"Retrocomputing-WHV","url":"https:\/\/www.retrocomputing-whv.net\/","logo":{"@type":"ImageObject","inLanguage":"de","@id":"https:\/\/www.retrocomputing-whv.net\/#\/schema\/logo\/image\/","url":"https:\/\/www.retrocomputing-whv.net\/wp-content\/uploads\/2020\/04\/Logo.png","contentUrl":"https:\/\/www.retrocomputing-whv.net\/wp-content\/uploads\/2020\/04\/Logo.png","width":1340,"height":250,"caption":"Retrocomputing-WHV"},"image":{"@id":"https:\/\/www.retrocomputing-whv.net\/#\/schema\/logo\/image\/"}}]}},"_links":{"self":[{"href":"https:\/\/www.retrocomputing-whv.net\/index.php?rest_route=\/wp\/v2\/pages\/1059","targetHints":{"allow":["GET"]}}],"collection":[{"href":"https:\/\/www.retrocomputing-whv.net\/index.php?rest_route=\/wp\/v2\/pages"}],"about":[{"href":"https:\/\/www.retrocomputing-whv.net\/index.php?rest_route=\/wp\/v2\/types\/page"}],"author":[{"embeddable":true,"href":"https:\/\/www.retrocomputing-whv.net\/index.php?rest_route=\/wp\/v2\/users\/1"}],"replies":[{"embeddable":true,"href":"https:\/\/www.retrocomputing-whv.net\/index.php?rest_route=%2Fwp%2Fv2%2Fcomments&post=1059"}],"version-history":[{"count":0,"href":"https:\/\/www.retrocomputing-whv.net\/index.php?rest_route=\/wp\/v2\/pages\/1059\/revisions"}],"up":[{"embeddable":true,"href":"https:\/\/www.retrocomputing-whv.net\/index.php?rest_route=\/wp\/v2\/pages\/838"}],"wp:attachment":[{"href":"https:\/\/www.retrocomputing-whv.net\/index.php?rest_route=%2Fwp%2Fv2%2Fmedia&parent=1059"}],"curies":[{"name":"wp","href":"https:\/\/api.w.org\/{rel}","templated":true}]}}