{"id":115,"date":"2020-04-07T08:08:23","date_gmt":"2020-04-07T06:08:23","guid":{"rendered":"https:\/\/www.retrocomputing-whv.net\/?page_id=115"},"modified":"2021-01-17T10:21:33","modified_gmt":"2021-01-17T09:21:33","slug":"ich-suche","status":"publish","type":"page","link":"https:\/\/www.retrocomputing-whv.net\/?page_id=115","title":{"rendered":"Ich suche"},"content":{"rendered":"\n<p><strong>Folgende B\u00fccher werden gesucht:<\/strong><\/p>\n\n\n\n<ol class=\"wp-block-list\"><li>DATA BECKER &#8211; Adventures &#8211; und wie man sie programmiert \/ ISBN 3-89011-043-6<\/li><li>DATA BECKER &#8211; Alles \u00fcber Datenbanken und Dateiverwaltung f\u00fcr den Commodore 64 \/ ISBN 3-89011-054-1<\/li><li>DATA BECKER &#8211; Commodore 128 intern \/ ISBN 3-89011-098-3<\/li><li>DATA BECKER &#8211; Commodore 128 Tips &amp; Tricks \/ ISBN 3-89011-097-5<\/li><li>DATA BECKER &#8211; Commodore 64 &amp; 128 Maschinensprache f\u00fcr Einsteiger \/ ISBN 3-89011-182-3<\/li><li>DATA BECKER &#8211; Compiler &#8211; verstehen, anwenden, entwickeln \/ ISBN 3-89011-061-4<\/li><li>DATA BECKER &#8211; Das Assembler Trainingsbuch \/ ISBN 3-89011-071-1<\/li><li>DATA BECKER &#8211; Das Betriebssystem des Commodore 64 \/ ISBN 3-89011-136-X<\/li><li>DATA BECKER &#8211; Das gro\u00dfe Computer-Viren Buch \/ ISBN 3-89011-200-5<\/li><li>DATA BECKER &#8211; Das Maschinensprachebuch f\u00fcr Fortgeschrittene zum Commodore 64 \/ ISBN 3-89011-022-3<\/li><li>DATA BECKER &#8211; Das Roboterbuch zum Commodore 64 \/ ISBN 3-89011-86-X<\/li><li>DATA BECKER &#8211; Das Super Grafik Buch zum Commodore 64 \/ ISBN 3-89011-213-7<\/li><li>DATA BECKER &#8211; DATA BECKERs gro\u00dfe 64er PROGRAMMSAMMLUNG \/ ISBN 3-89011-014-2<\/li><li>DATA BECKER &#8211; DF\u00dc f\u00fcr Jedermann zum Commodore 64 &amp; 128 \/ ISBN 3-89011-141-6<\/li><li>DATA BECKER &#8211; GEOS f\u00fcr Einsteiger \/ ISBN 3-89011-275-7<\/li><li>DATA BECKER &#8211; Hardware-Erweiterungen zu Commodore 64-128 \/ ISBN 3-89011-128-9<\/li><li>DATA BECKER &#8211; Einf\u00fchrung in die K\u00fcnstliche Intelligenz mit vielen Programmen f\u00fcr den C 64 \/ ISBN 3-89011-081-9<\/li><li>Hofacker-B\u00fccher &#8211; Nr. 21 &#8211; Digitaltechnik Grundkurs<\/li><li>Hofacker-B\u00fccher &#8211; Nr. 23 &#8211; Elektronik Grundkurs, Kurzlehrgang Elektronik<\/li><li>Hofacker-B\u00fccher &#8211; Nr. 25 &#8211; Hobby Computer Handbuch<\/li><li>Hofacker-B\u00fccher &#8211; Nr. 26 &#8211; Mikroprozessor, Teil 2<\/li><li>Hofacker-B\u00fccher &#8211; Nr. 27 &#8211; Mikrocomputer Software Handbuch<\/li><li>Hofacker-B\u00fccher &#8211; Nr. 29 &#8211; Mikrocomputer Datenbuch<\/li><li>Hofacker-B\u00fccher &#8211; Nr. 31 &#8211; 57 Praktische BASIC Programme<\/li><li>Hofacker-B\u00fccher &#8211; Nr. 32 &#8211; ATARI BASIC Handbuch<\/li><li>Hofacker-B\u00fccher &#8211; Nr. 109 &#8211; 6502 Microcomputer Programmierung<\/li><li>Hofacker-B\u00fccher &#8211; Nr. 118 &#8211; Programmieren in Maschinensprache mit dem 6502<\/li><li>Hofacker-B\u00fccher &#8211; Nr. 124 &#8211; Programmieren in Maschinensprache mit dem C-64<\/li><li>Hofacker-B\u00fccher &#8211; Nr. 127 &#8211; Einf\u00fchrung in die Microcomputer-Programmierung mit 6800<\/li><li>Hofacker-B\u00fccher &#8211; Nr. 128 &#8211; Programmieren mit dem CBM<\/li><li>Hofacker-B\u00fccher &#8211; Nr. 130 &#8211; Programmierbeispiele f\u00fcr CBM<\/li><li>Hofacker-B\u00fccher &#8211; Nr. 132 &#8211; CP\/M Handbuch<\/li><li>Hofacker-B\u00fccher &#8211; Nr. 136 &#8211; Funktionsanalyse<\/li><li>Hofacker-B\u00fccher &#8211; Nr. 182 &#8211; The Great Book of Games Volume I<\/li><li>Hofacker-B\u00fccher &#8211; Nr. 183 &#8211; More on the Sixtyfour (64)<\/li><li>Hofacker-B\u00fccher &#8211; Nr. 184 &#8211; How to Program your C-64 in 6502<\/li><li>Hofacker-B\u00fccher &#8211; Nr. 186 &#8211; Small Business Programs for the Commodore 64<\/li><li>Hofacker-B\u00fccher &#8211; Nr. 1076 &#8211; Artifical Intelligence<\/li><li>Markt und Technik &#8211; Die besten Internetadressen f\u00fcr Sch\u00fcler<\/li><li>Markt und Technik &#8211; Homepage bauen<\/li><li>Markt und Technik &#8211; Musik im Internet<\/li><li>Markt und Technik &#8211; Roboter programmieren<\/li><li>Markt und Technik &#8211; Spielecodes knacken<\/li><li>Markt und Technik &#8211; Umsonst downloaden<\/li><li>Markt und Technik &#8211; Amiga Assembler Buch<\/li><li>Markt und Technik &#8211; Amiga Programmieren in Maschinensprache<\/li><li>Markt und Technik &#8211; Amiga Programmieren mit Modula 2<\/li><li>Markt und Technik &#8211; Amiga Programmierpraxis Intuition<\/li><li>Markt und Technik &#8211; Amiga-BASIC f\u00fcr Profis<\/li><li>Markt und Technik &#8211; Amiga Documentum<\/li><li>Markt und Technik &#8211; Amiga Public-Domain-Dokumentation<\/li><li>Markt und Technik &#8211; Fraktale Grafik auf dem Amiga<\/li><li>Markt und Technik &#8211; Grafik mit Amiga-BASIC<\/li><li>Markt und Technik &#8211; Scriptum<\/li><\/ol>\n\n\n\n<p><\/p>\n","protected":false},"excerpt":{"rendered":"<p>Folgende B\u00fccher werden gesucht: DATA BECKER &#8211; Adventures &#8211; und wie man sie programmiert \/ ISBN 3-89011-043-6 DATA BECKER &#8211; Alles \u00fcber Datenbanken und Dateiverwaltung f\u00fcr den Commodore 64 \/ ISBN 3-89011-054-1 DATA BECKER &#8211; Commodore 128 intern \/ ISBN 3-89011-098-3 DATA BECKER &#8211; Commodore 128 Tips &amp; Tricks \/ ISBN 3-89011-097-5 DATA BECKER &#8211; Commodore 64 &amp; 128 Maschinensprache<\/p>\n","protected":false},"author":1,"featured_media":0,"parent":105,"menu_order":2000,"comment_status":"closed","ping_status":"closed","template":"","meta":{"footnotes":""},"class_list":["post-115","page","type-page","status-publish","hentry"],"yoast_head":"<!-- This site is optimized with the Yoast SEO plugin v27.4 - https:\/\/yoast.com\/product\/yoast-seo-wordpress\/ -->\n<title>Ich suche - Retrocomputing WHV<\/title>\n<meta name=\"robots\" content=\"index, follow, max-snippet:-1, max-image-preview:large, max-video-preview:-1\" \/>\n<link rel=\"canonical\" href=\"https:\/\/www.retrocomputing-whv.net\/?page_id=115\" \/>\n<meta property=\"og:locale\" content=\"de_DE\" \/>\n<meta property=\"og:type\" content=\"article\" \/>\n<meta property=\"og:title\" content=\"Ich suche - Retrocomputing WHV\" \/>\n<meta property=\"og:description\" content=\"Folgende B\u00fccher werden gesucht: DATA BECKER &#8211; Adventures &#8211; und wie man sie programmiert \/ ISBN 3-89011-043-6 DATA BECKER &#8211; Alles \u00fcber Datenbanken und Dateiverwaltung f\u00fcr den Commodore 64 \/ ISBN 3-89011-054-1 DATA BECKER &#8211; Commodore 128 intern \/ ISBN 3-89011-098-3 DATA BECKER &#8211; Commodore 128 Tips &amp; Tricks \/ ISBN 3-89011-097-5 DATA BECKER &#8211; Commodore 64 &amp; 128 Maschinensprache\" \/>\n<meta property=\"og:url\" content=\"https:\/\/www.retrocomputing-whv.net\/?page_id=115\" \/>\n<meta property=\"og:site_name\" content=\"Retrocomputing WHV\" \/>\n<meta property=\"article:modified_time\" content=\"2021-01-17T09:21:33+00:00\" \/>\n<meta name=\"twitter:card\" content=\"summary_large_image\" \/>\n<meta name=\"twitter:label1\" content=\"Gesch\u00e4tzte Lesezeit\" \/>\n\t<meta name=\"twitter:data1\" content=\"2\u00a0Minuten\" \/>\n<script type=\"application\/ld+json\" class=\"yoast-schema-graph\">{\"@context\":\"https:\\\/\\\/schema.org\",\"@graph\":[{\"@type\":\"WebPage\",\"@id\":\"https:\\\/\\\/www.retrocomputing-whv.net\\\/?page_id=115\",\"url\":\"https:\\\/\\\/www.retrocomputing-whv.net\\\/?page_id=115\",\"name\":\"Ich suche - Retrocomputing WHV\",\"isPartOf\":{\"@id\":\"https:\\\/\\\/www.retrocomputing-whv.net\\\/#website\"},\"datePublished\":\"2020-04-07T06:08:23+00:00\",\"dateModified\":\"2021-01-17T09:21:33+00:00\",\"breadcrumb\":{\"@id\":\"https:\\\/\\\/www.retrocomputing-whv.net\\\/?page_id=115#breadcrumb\"},\"inLanguage\":\"de\",\"potentialAction\":[{\"@type\":\"ReadAction\",\"target\":[\"https:\\\/\\\/www.retrocomputing-whv.net\\\/?page_id=115\"]}]},{\"@type\":\"BreadcrumbList\",\"@id\":\"https:\\\/\\\/www.retrocomputing-whv.net\\\/?page_id=115#breadcrumb\",\"itemListElement\":[{\"@type\":\"ListItem\",\"position\":1,\"name\":\"Startseite\",\"item\":\"https:\\\/\\\/www.retrocomputing-whv.net\\\/\"},{\"@type\":\"ListItem\",\"position\":2,\"name\":\"Literatur\",\"item\":\"https:\\\/\\\/www.retrocomputing-whv.net\\\/?page_id=105\"},{\"@type\":\"ListItem\",\"position\":3,\"name\":\"Ich suche\"}]},{\"@type\":\"WebSite\",\"@id\":\"https:\\\/\\\/www.retrocomputing-whv.net\\\/#website\",\"url\":\"https:\\\/\\\/www.retrocomputing-whv.net\\\/\",\"name\":\"Retrocomputing WHV\",\"description\":\"\",\"publisher\":{\"@id\":\"https:\\\/\\\/www.retrocomputing-whv.net\\\/#organization\"},\"potentialAction\":[{\"@type\":\"SearchAction\",\"target\":{\"@type\":\"EntryPoint\",\"urlTemplate\":\"https:\\\/\\\/www.retrocomputing-whv.net\\\/?s={search_term_string}\"},\"query-input\":{\"@type\":\"PropertyValueSpecification\",\"valueRequired\":true,\"valueName\":\"search_term_string\"}}],\"inLanguage\":\"de\"},{\"@type\":\"Organization\",\"@id\":\"https:\\\/\\\/www.retrocomputing-whv.net\\\/#organization\",\"name\":\"Retrocomputing-WHV\",\"url\":\"https:\\\/\\\/www.retrocomputing-whv.net\\\/\",\"logo\":{\"@type\":\"ImageObject\",\"inLanguage\":\"de\",\"@id\":\"https:\\\/\\\/www.retrocomputing-whv.net\\\/#\\\/schema\\\/logo\\\/image\\\/\",\"url\":\"https:\\\/\\\/www.retrocomputing-whv.net\\\/wp-content\\\/uploads\\\/2020\\\/04\\\/Logo.png\",\"contentUrl\":\"https:\\\/\\\/www.retrocomputing-whv.net\\\/wp-content\\\/uploads\\\/2020\\\/04\\\/Logo.png\",\"width\":1340,\"height\":250,\"caption\":\"Retrocomputing-WHV\"},\"image\":{\"@id\":\"https:\\\/\\\/www.retrocomputing-whv.net\\\/#\\\/schema\\\/logo\\\/image\\\/\"}}]}<\/script>\n<!-- \/ Yoast SEO plugin. -->","yoast_head_json":{"title":"Ich suche - Retrocomputing WHV","robots":{"index":"index","follow":"follow","max-snippet":"max-snippet:-1","max-image-preview":"max-image-preview:large","max-video-preview":"max-video-preview:-1"},"canonical":"https:\/\/www.retrocomputing-whv.net\/?page_id=115","og_locale":"de_DE","og_type":"article","og_title":"Ich suche - Retrocomputing WHV","og_description":"Folgende B\u00fccher werden gesucht: DATA BECKER &#8211; Adventures &#8211; und wie man sie programmiert \/ ISBN 3-89011-043-6 DATA BECKER &#8211; Alles \u00fcber Datenbanken und Dateiverwaltung f\u00fcr den Commodore 64 \/ ISBN 3-89011-054-1 DATA BECKER &#8211; Commodore 128 intern \/ ISBN 3-89011-098-3 DATA BECKER &#8211; Commodore 128 Tips &amp; Tricks \/ ISBN 3-89011-097-5 DATA BECKER &#8211; Commodore 64 &amp; 128 Maschinensprache","og_url":"https:\/\/www.retrocomputing-whv.net\/?page_id=115","og_site_name":"Retrocomputing WHV","article_modified_time":"2021-01-17T09:21:33+00:00","twitter_card":"summary_large_image","twitter_misc":{"Gesch\u00e4tzte Lesezeit":"2\u00a0Minuten"},"schema":{"@context":"https:\/\/schema.org","@graph":[{"@type":"WebPage","@id":"https:\/\/www.retrocomputing-whv.net\/?page_id=115","url":"https:\/\/www.retrocomputing-whv.net\/?page_id=115","name":"Ich suche - Retrocomputing WHV","isPartOf":{"@id":"https:\/\/www.retrocomputing-whv.net\/#website"},"datePublished":"2020-04-07T06:08:23+00:00","dateModified":"2021-01-17T09:21:33+00:00","breadcrumb":{"@id":"https:\/\/www.retrocomputing-whv.net\/?page_id=115#breadcrumb"},"inLanguage":"de","potentialAction":[{"@type":"ReadAction","target":["https:\/\/www.retrocomputing-whv.net\/?page_id=115"]}]},{"@type":"BreadcrumbList","@id":"https:\/\/www.retrocomputing-whv.net\/?page_id=115#breadcrumb","itemListElement":[{"@type":"ListItem","position":1,"name":"Startseite","item":"https:\/\/www.retrocomputing-whv.net\/"},{"@type":"ListItem","position":2,"name":"Literatur","item":"https:\/\/www.retrocomputing-whv.net\/?page_id=105"},{"@type":"ListItem","position":3,"name":"Ich suche"}]},{"@type":"WebSite","@id":"https:\/\/www.retrocomputing-whv.net\/#website","url":"https:\/\/www.retrocomputing-whv.net\/","name":"Retrocomputing WHV","description":"","publisher":{"@id":"https:\/\/www.retrocomputing-whv.net\/#organization"},"potentialAction":[{"@type":"SearchAction","target":{"@type":"EntryPoint","urlTemplate":"https:\/\/www.retrocomputing-whv.net\/?s={search_term_string}"},"query-input":{"@type":"PropertyValueSpecification","valueRequired":true,"valueName":"search_term_string"}}],"inLanguage":"de"},{"@type":"Organization","@id":"https:\/\/www.retrocomputing-whv.net\/#organization","name":"Retrocomputing-WHV","url":"https:\/\/www.retrocomputing-whv.net\/","logo":{"@type":"ImageObject","inLanguage":"de","@id":"https:\/\/www.retrocomputing-whv.net\/#\/schema\/logo\/image\/","url":"https:\/\/www.retrocomputing-whv.net\/wp-content\/uploads\/2020\/04\/Logo.png","contentUrl":"https:\/\/www.retrocomputing-whv.net\/wp-content\/uploads\/2020\/04\/Logo.png","width":1340,"height":250,"caption":"Retrocomputing-WHV"},"image":{"@id":"https:\/\/www.retrocomputing-whv.net\/#\/schema\/logo\/image\/"}}]}},"_links":{"self":[{"href":"https:\/\/www.retrocomputing-whv.net\/index.php?rest_route=\/wp\/v2\/pages\/115","targetHints":{"allow":["GET"]}}],"collection":[{"href":"https:\/\/www.retrocomputing-whv.net\/index.php?rest_route=\/wp\/v2\/pages"}],"about":[{"href":"https:\/\/www.retrocomputing-whv.net\/index.php?rest_route=\/wp\/v2\/types\/page"}],"author":[{"embeddable":true,"href":"https:\/\/www.retrocomputing-whv.net\/index.php?rest_route=\/wp\/v2\/users\/1"}],"replies":[{"embeddable":true,"href":"https:\/\/www.retrocomputing-whv.net\/index.php?rest_route=%2Fwp%2Fv2%2Fcomments&post=115"}],"version-history":[{"count":1,"href":"https:\/\/www.retrocomputing-whv.net\/index.php?rest_route=\/wp\/v2\/pages\/115\/revisions"}],"predecessor-version":[{"id":1300,"href":"https:\/\/www.retrocomputing-whv.net\/index.php?rest_route=\/wp\/v2\/pages\/115\/revisions\/1300"}],"up":[{"embeddable":true,"href":"https:\/\/www.retrocomputing-whv.net\/index.php?rest_route=\/wp\/v2\/pages\/105"}],"wp:attachment":[{"href":"https:\/\/www.retrocomputing-whv.net\/index.php?rest_route=%2Fwp%2Fv2%2Fmedia&parent=115"}],"curies":[{"name":"wp","href":"https:\/\/api.w.org\/{rel}","templated":true}]}}