{"id":1168,"date":"2021-01-14T13:51:56","date_gmt":"2021-01-14T12:51:56","guid":{"rendered":"https:\/\/www.retrocomputing-whv.net\/?page_id=1168"},"modified":"2021-01-14T13:52:24","modified_gmt":"2021-01-14T12:52:24","slug":"amiga-500-fuer-einsteiger","status":"publish","type":"page","link":"https:\/\/www.retrocomputing-whv.net\/?page_id=1168","title":{"rendered":"Amiga 500 f\u00fcr Einsteiger"},"content":{"rendered":"\n<figure class=\"wp-block-image size-large\"><img loading=\"lazy\" decoding=\"async\" width=\"718\" height=\"1024\" src=\"https:\/\/www.retrocomputing-whv.net\/wp-content\/uploads\/2021\/01\/DATA-BECKER-Amiga-500-fuer-Einsteiger_b-718x1024.jpg\" alt=\"DATA BECKER - Amiga 500 f\u00fcr Einsteiger\" class=\"wp-image-1162\" srcset=\"https:\/\/www.retrocomputing-whv.net\/wp-content\/uploads\/2021\/01\/DATA-BECKER-Amiga-500-fuer-Einsteiger_b-718x1024.jpg 718w, https:\/\/www.retrocomputing-whv.net\/wp-content\/uploads\/2021\/01\/DATA-BECKER-Amiga-500-fuer-Einsteiger_b-210x300.jpg 210w, https:\/\/www.retrocomputing-whv.net\/wp-content\/uploads\/2021\/01\/DATA-BECKER-Amiga-500-fuer-Einsteiger_b-768x1096.jpg 768w, https:\/\/www.retrocomputing-whv.net\/wp-content\/uploads\/2021\/01\/DATA-BECKER-Amiga-500-fuer-Einsteiger_b-1077x1536.jpg 1077w, https:\/\/www.retrocomputing-whv.net\/wp-content\/uploads\/2021\/01\/DATA-BECKER-Amiga-500-fuer-Einsteiger_b.jpg 1200w\" sizes=\"auto, (max-width: 718px) 100vw, 718px\" \/><\/figure>\n\n\n\n<p>DATA BECKER &#8211; Amiga 500 f\u00fcr Einsteiger &#8211; Autor Christian Spanik<br>10. Auflage &#8211; Erscheinungsjahr 1991 &#8211; ISBN 3-89011-192-0<\/p>\n\n\n\n<p>Auspacken, anschlie\u00dfen und problemlos mit dem Amiga 500 arbeiten. Aber das ist leider nicht so einfach, denn wenn Sie ihren Amiga 500 richtig verstehen wollen, d\u00fcrfen Sie vor lauter Fachchinesisch und grauer Theorie nicht den Spa\u00df an Ihrem neuen Rechner verlieren! Das einzige, was allen Amiga-500-Besitzern fehlt, ist die entsprechende Literatur, die alles in und um den Amiga 500 herum behandelt. Das soll sich mit diesem Buch nun \u00e4ndern. Es stellt eine leichtverst\u00e4ndliche Einf\u00fchrung in Handhabung, Einsatz und Programmierung des Amiga 500 dar, die keinerlei Vorkenntnisse voraussetzt, denn beim t\u00e4glichen Umgang mit dem Amiga ist es besonders wichtig, die mitgelieferten Programme bestens zu kennen. Dabei hilft Ihnen dieses Buch, indem es Ihnen den professionellen Einsatz der Programme in der Praxis zeigt. Auch wenn Sie BASIC lernen wolle, l\u00e4sst Sie dieses Buch nicht im Stich. Wenn Sie Ihren Amiga 500 von der besten Seite kennenlernen und die ersten Erfolge verbuchen wollen, dann sollte Amiga 500 f\u00fcr Einsteiger das erste Buch zu Ihrem neuen Amiga 500 sein.<\/p>\n\n\n\n<p><strong>Aus dem Inhalt:<\/strong><\/p>\n\n\n\n<ul class=\"wp-block-list\"><li>Auspacken und Anschlie\u00dfen des Rechners und des Zubeh\u00f6rs<\/li><li>Die Bedienung mit Tastatur und Maus<\/li><li>Arbeiten mit dem Diskettenlaufwerk und der RAM-Disk<\/li><li>Anpassung der Workbench an die eigenen Bed\u00fcrfnisse<\/li><li>Richtiger Einsatz der Programme auf der Workbench-Diskette<\/li><li>BASIC-Einf\u00fchrung, Schritt f\u00fcr Schritt<\/li><li>AmigaDOS \u2013 kein Buch mit sieben Siegeln<\/li><li>Kennenlernen des CLI und der DOS-Befehle<\/li><li>Richtiger Einsatz der Shell<\/li><\/ul>\n\n\n\n<figure class=\"wp-block-image size-large\"><a href=\"https:\/\/www.retrocomputing-whv.net\/?page_id=825\"><img loading=\"lazy\" decoding=\"async\" width=\"256\" height=\"136\" src=\"https:\/\/www.retrocomputing-whv.net\/wp-content\/uploads\/2020\/08\/Backspace.jpg\" alt=\"Backspace\" class=\"wp-image-681\"\/><\/a><\/figure>\n\n\n\n<p><\/p>\n","protected":false},"excerpt":{"rendered":"<p>DATA BECKER &#8211; Amiga 500 f\u00fcr Einsteiger &#8211; Autor Christian Spanik10. Auflage &#8211; Erscheinungsjahr 1991 &#8211; ISBN 3-89011-192-0 Auspacken, anschlie\u00dfen und problemlos mit dem Amiga 500 arbeiten. Aber das ist leider nicht so einfach, denn wenn Sie ihren Amiga 500 richtig verstehen wollen, d\u00fcrfen Sie vor lauter Fachchinesisch und grauer Theorie nicht den Spa\u00df an Ihrem neuen Rechner verlieren! Das<\/p>\n","protected":false},"author":1,"featured_media":0,"parent":825,"menu_order":0,"comment_status":"closed","ping_status":"closed","template":"","meta":{"footnotes":""},"class_list":["post-1168","page","type-page","status-publish","hentry"],"yoast_head":"<!-- This site is optimized with the Yoast SEO plugin v27.5 - https:\/\/yoast.com\/product\/yoast-seo-wordpress\/ -->\n<title>Amiga 500 f\u00fcr Einsteiger - Retrocomputing WHV<\/title>\n<meta name=\"robots\" content=\"index, follow, max-snippet:-1, max-image-preview:large, max-video-preview:-1\" \/>\n<link rel=\"canonical\" href=\"https:\/\/www.retrocomputing-whv.net\/?page_id=1168\" \/>\n<meta property=\"og:locale\" content=\"de_DE\" \/>\n<meta property=\"og:type\" content=\"article\" \/>\n<meta property=\"og:title\" content=\"Amiga 500 f\u00fcr Einsteiger - Retrocomputing WHV\" \/>\n<meta property=\"og:description\" content=\"DATA BECKER &#8211; Amiga 500 f\u00fcr Einsteiger &#8211; Autor Christian Spanik10. Auflage &#8211; Erscheinungsjahr 1991 &#8211; ISBN 3-89011-192-0 Auspacken, anschlie\u00dfen und problemlos mit dem Amiga 500 arbeiten. Aber das ist leider nicht so einfach, denn wenn Sie ihren Amiga 500 richtig verstehen wollen, d\u00fcrfen Sie vor lauter Fachchinesisch und grauer Theorie nicht den Spa\u00df an Ihrem neuen Rechner verlieren! Das\" \/>\n<meta property=\"og:url\" content=\"https:\/\/www.retrocomputing-whv.net\/?page_id=1168\" \/>\n<meta property=\"og:site_name\" content=\"Retrocomputing WHV\" \/>\n<meta property=\"article:modified_time\" content=\"2021-01-14T12:52:24+00:00\" \/>\n<meta property=\"og:image\" content=\"https:\/\/www.retrocomputing-whv.net\/wp-content\/uploads\/2021\/01\/DATA-BECKER-Amiga-500-fuer-Einsteiger_b-718x1024.jpg\" \/>\n<meta name=\"twitter:card\" content=\"summary_large_image\" \/>\n<meta name=\"twitter:label1\" content=\"Gesch\u00e4tzte Lesezeit\" \/>\n\t<meta name=\"twitter:data1\" content=\"2\u00a0Minuten\" \/>\n<script type=\"application\/ld+json\" class=\"yoast-schema-graph\">{\"@context\":\"https:\\\/\\\/schema.org\",\"@graph\":[{\"@type\":\"WebPage\",\"@id\":\"https:\\\/\\\/www.retrocomputing-whv.net\\\/?page_id=1168\",\"url\":\"https:\\\/\\\/www.retrocomputing-whv.net\\\/?page_id=1168\",\"name\":\"Amiga 500 f\u00fcr Einsteiger - Retrocomputing WHV\",\"isPartOf\":{\"@id\":\"https:\\\/\\\/www.retrocomputing-whv.net\\\/#website\"},\"primaryImageOfPage\":{\"@id\":\"https:\\\/\\\/www.retrocomputing-whv.net\\\/?page_id=1168#primaryimage\"},\"image\":{\"@id\":\"https:\\\/\\\/www.retrocomputing-whv.net\\\/?page_id=1168#primaryimage\"},\"thumbnailUrl\":\"https:\\\/\\\/www.retrocomputing-whv.net\\\/wp-content\\\/uploads\\\/2021\\\/01\\\/DATA-BECKER-Amiga-500-fuer-Einsteiger_b-718x1024.jpg\",\"datePublished\":\"2021-01-14T12:51:56+00:00\",\"dateModified\":\"2021-01-14T12:52:24+00:00\",\"breadcrumb\":{\"@id\":\"https:\\\/\\\/www.retrocomputing-whv.net\\\/?page_id=1168#breadcrumb\"},\"inLanguage\":\"de\",\"potentialAction\":[{\"@type\":\"ReadAction\",\"target\":[\"https:\\\/\\\/www.retrocomputing-whv.net\\\/?page_id=1168\"]}]},{\"@type\":\"ImageObject\",\"inLanguage\":\"de\",\"@id\":\"https:\\\/\\\/www.retrocomputing-whv.net\\\/?page_id=1168#primaryimage\",\"url\":\"https:\\\/\\\/www.retrocomputing-whv.net\\\/wp-content\\\/uploads\\\/2021\\\/01\\\/DATA-BECKER-Amiga-500-fuer-Einsteiger_b.jpg\",\"contentUrl\":\"https:\\\/\\\/www.retrocomputing-whv.net\\\/wp-content\\\/uploads\\\/2021\\\/01\\\/DATA-BECKER-Amiga-500-fuer-Einsteiger_b.jpg\",\"width\":1200,\"height\":1712,\"caption\":\"DATA BECKER - Amiga 500 f\u00fcr Einsteiger\"},{\"@type\":\"BreadcrumbList\",\"@id\":\"https:\\\/\\\/www.retrocomputing-whv.net\\\/?page_id=1168#breadcrumb\",\"itemListElement\":[{\"@type\":\"ListItem\",\"position\":1,\"name\":\"Startseite\",\"item\":\"https:\\\/\\\/www.retrocomputing-whv.net\\\/\"},{\"@type\":\"ListItem\",\"position\":2,\"name\":\"Literatur\",\"item\":\"https:\\\/\\\/www.retrocomputing-whv.net\\\/?page_id=105\"},{\"@type\":\"ListItem\",\"position\":3,\"name\":\"DATA BECKER\",\"item\":\"https:\\\/\\\/www.retrocomputing-whv.net\\\/?page_id=807\"},{\"@type\":\"ListItem\",\"position\":4,\"name\":\"Amiga\",\"item\":\"https:\\\/\\\/www.retrocomputing-whv.net\\\/?page_id=825\"},{\"@type\":\"ListItem\",\"position\":5,\"name\":\"Amiga 500 f\u00fcr Einsteiger\"}]},{\"@type\":\"WebSite\",\"@id\":\"https:\\\/\\\/www.retrocomputing-whv.net\\\/#website\",\"url\":\"https:\\\/\\\/www.retrocomputing-whv.net\\\/\",\"name\":\"Retrocomputing WHV\",\"description\":\"\",\"publisher\":{\"@id\":\"https:\\\/\\\/www.retrocomputing-whv.net\\\/#organization\"},\"potentialAction\":[{\"@type\":\"SearchAction\",\"target\":{\"@type\":\"EntryPoint\",\"urlTemplate\":\"https:\\\/\\\/www.retrocomputing-whv.net\\\/?s={search_term_string}\"},\"query-input\":{\"@type\":\"PropertyValueSpecification\",\"valueRequired\":true,\"valueName\":\"search_term_string\"}}],\"inLanguage\":\"de\"},{\"@type\":\"Organization\",\"@id\":\"https:\\\/\\\/www.retrocomputing-whv.net\\\/#organization\",\"name\":\"Retrocomputing-WHV\",\"url\":\"https:\\\/\\\/www.retrocomputing-whv.net\\\/\",\"logo\":{\"@type\":\"ImageObject\",\"inLanguage\":\"de\",\"@id\":\"https:\\\/\\\/www.retrocomputing-whv.net\\\/#\\\/schema\\\/logo\\\/image\\\/\",\"url\":\"https:\\\/\\\/www.retrocomputing-whv.net\\\/wp-content\\\/uploads\\\/2020\\\/04\\\/Logo.png\",\"contentUrl\":\"https:\\\/\\\/www.retrocomputing-whv.net\\\/wp-content\\\/uploads\\\/2020\\\/04\\\/Logo.png\",\"width\":1340,\"height\":250,\"caption\":\"Retrocomputing-WHV\"},\"image\":{\"@id\":\"https:\\\/\\\/www.retrocomputing-whv.net\\\/#\\\/schema\\\/logo\\\/image\\\/\"}}]}<\/script>\n<!-- \/ Yoast SEO plugin. -->","yoast_head_json":{"title":"Amiga 500 f\u00fcr Einsteiger - Retrocomputing WHV","robots":{"index":"index","follow":"follow","max-snippet":"max-snippet:-1","max-image-preview":"max-image-preview:large","max-video-preview":"max-video-preview:-1"},"canonical":"https:\/\/www.retrocomputing-whv.net\/?page_id=1168","og_locale":"de_DE","og_type":"article","og_title":"Amiga 500 f\u00fcr Einsteiger - Retrocomputing WHV","og_description":"DATA BECKER &#8211; Amiga 500 f\u00fcr Einsteiger &#8211; Autor Christian Spanik10. Auflage &#8211; Erscheinungsjahr 1991 &#8211; ISBN 3-89011-192-0 Auspacken, anschlie\u00dfen und problemlos mit dem Amiga 500 arbeiten. Aber das ist leider nicht so einfach, denn wenn Sie ihren Amiga 500 richtig verstehen wollen, d\u00fcrfen Sie vor lauter Fachchinesisch und grauer Theorie nicht den Spa\u00df an Ihrem neuen Rechner verlieren! Das","og_url":"https:\/\/www.retrocomputing-whv.net\/?page_id=1168","og_site_name":"Retrocomputing WHV","article_modified_time":"2021-01-14T12:52:24+00:00","og_image":[{"url":"https:\/\/www.retrocomputing-whv.net\/wp-content\/uploads\/2021\/01\/DATA-BECKER-Amiga-500-fuer-Einsteiger_b-718x1024.jpg","type":"","width":"","height":""}],"twitter_card":"summary_large_image","twitter_misc":{"Gesch\u00e4tzte Lesezeit":"2\u00a0Minuten"},"schema":{"@context":"https:\/\/schema.org","@graph":[{"@type":"WebPage","@id":"https:\/\/www.retrocomputing-whv.net\/?page_id=1168","url":"https:\/\/www.retrocomputing-whv.net\/?page_id=1168","name":"Amiga 500 f\u00fcr Einsteiger - Retrocomputing WHV","isPartOf":{"@id":"https:\/\/www.retrocomputing-whv.net\/#website"},"primaryImageOfPage":{"@id":"https:\/\/www.retrocomputing-whv.net\/?page_id=1168#primaryimage"},"image":{"@id":"https:\/\/www.retrocomputing-whv.net\/?page_id=1168#primaryimage"},"thumbnailUrl":"https:\/\/www.retrocomputing-whv.net\/wp-content\/uploads\/2021\/01\/DATA-BECKER-Amiga-500-fuer-Einsteiger_b-718x1024.jpg","datePublished":"2021-01-14T12:51:56+00:00","dateModified":"2021-01-14T12:52:24+00:00","breadcrumb":{"@id":"https:\/\/www.retrocomputing-whv.net\/?page_id=1168#breadcrumb"},"inLanguage":"de","potentialAction":[{"@type":"ReadAction","target":["https:\/\/www.retrocomputing-whv.net\/?page_id=1168"]}]},{"@type":"ImageObject","inLanguage":"de","@id":"https:\/\/www.retrocomputing-whv.net\/?page_id=1168#primaryimage","url":"https:\/\/www.retrocomputing-whv.net\/wp-content\/uploads\/2021\/01\/DATA-BECKER-Amiga-500-fuer-Einsteiger_b.jpg","contentUrl":"https:\/\/www.retrocomputing-whv.net\/wp-content\/uploads\/2021\/01\/DATA-BECKER-Amiga-500-fuer-Einsteiger_b.jpg","width":1200,"height":1712,"caption":"DATA BECKER - Amiga 500 f\u00fcr Einsteiger"},{"@type":"BreadcrumbList","@id":"https:\/\/www.retrocomputing-whv.net\/?page_id=1168#breadcrumb","itemListElement":[{"@type":"ListItem","position":1,"name":"Startseite","item":"https:\/\/www.retrocomputing-whv.net\/"},{"@type":"ListItem","position":2,"name":"Literatur","item":"https:\/\/www.retrocomputing-whv.net\/?page_id=105"},{"@type":"ListItem","position":3,"name":"DATA BECKER","item":"https:\/\/www.retrocomputing-whv.net\/?page_id=807"},{"@type":"ListItem","position":4,"name":"Amiga","item":"https:\/\/www.retrocomputing-whv.net\/?page_id=825"},{"@type":"ListItem","position":5,"name":"Amiga 500 f\u00fcr Einsteiger"}]},{"@type":"WebSite","@id":"https:\/\/www.retrocomputing-whv.net\/#website","url":"https:\/\/www.retrocomputing-whv.net\/","name":"Retrocomputing WHV","description":"","publisher":{"@id":"https:\/\/www.retrocomputing-whv.net\/#organization"},"potentialAction":[{"@type":"SearchAction","target":{"@type":"EntryPoint","urlTemplate":"https:\/\/www.retrocomputing-whv.net\/?s={search_term_string}"},"query-input":{"@type":"PropertyValueSpecification","valueRequired":true,"valueName":"search_term_string"}}],"inLanguage":"de"},{"@type":"Organization","@id":"https:\/\/www.retrocomputing-whv.net\/#organization","name":"Retrocomputing-WHV","url":"https:\/\/www.retrocomputing-whv.net\/","logo":{"@type":"ImageObject","inLanguage":"de","@id":"https:\/\/www.retrocomputing-whv.net\/#\/schema\/logo\/image\/","url":"https:\/\/www.retrocomputing-whv.net\/wp-content\/uploads\/2020\/04\/Logo.png","contentUrl":"https:\/\/www.retrocomputing-whv.net\/wp-content\/uploads\/2020\/04\/Logo.png","width":1340,"height":250,"caption":"Retrocomputing-WHV"},"image":{"@id":"https:\/\/www.retrocomputing-whv.net\/#\/schema\/logo\/image\/"}}]}},"_links":{"self":[{"href":"https:\/\/www.retrocomputing-whv.net\/index.php?rest_route=\/wp\/v2\/pages\/1168","targetHints":{"allow":["GET"]}}],"collection":[{"href":"https:\/\/www.retrocomputing-whv.net\/index.php?rest_route=\/wp\/v2\/pages"}],"about":[{"href":"https:\/\/www.retrocomputing-whv.net\/index.php?rest_route=\/wp\/v2\/types\/page"}],"author":[{"embeddable":true,"href":"https:\/\/www.retrocomputing-whv.net\/index.php?rest_route=\/wp\/v2\/users\/1"}],"replies":[{"embeddable":true,"href":"https:\/\/www.retrocomputing-whv.net\/index.php?rest_route=%2Fwp%2Fv2%2Fcomments&post=1168"}],"version-history":[{"count":0,"href":"https:\/\/www.retrocomputing-whv.net\/index.php?rest_route=\/wp\/v2\/pages\/1168\/revisions"}],"up":[{"embeddable":true,"href":"https:\/\/www.retrocomputing-whv.net\/index.php?rest_route=\/wp\/v2\/pages\/825"}],"wp:attachment":[{"href":"https:\/\/www.retrocomputing-whv.net\/index.php?rest_route=%2Fwp%2Fv2%2Fmedia&parent=1168"}],"curies":[{"name":"wp","href":"https:\/\/api.w.org\/{rel}","templated":true}]}}