{"id":1227,"date":"2021-01-16T10:56:28","date_gmt":"2021-01-16T09:56:28","guid":{"rendered":"https:\/\/www.retrocomputing-whv.net\/?page_id=1227"},"modified":"2021-01-16T10:56:58","modified_gmt":"2021-01-16T09:56:58","slug":"kommunikation-mit-isdn","status":"publish","type":"page","link":"https:\/\/www.retrocomputing-whv.net\/?page_id=1227","title":{"rendered":"Kommunikation mit ISDN"},"content":{"rendered":"\n<figure class=\"wp-block-image size-large\"><img loading=\"lazy\" decoding=\"async\" width=\"729\" height=\"1024\" src=\"https:\/\/www.retrocomputing-whv.net\/wp-content\/uploads\/2021\/01\/Markt-und-Technik-Kommunikation-mit-ISDN_b-729x1024.jpg\" alt=\"Markt und Technik - Kommunikation mit ISDN\" class=\"wp-image-1203\" srcset=\"https:\/\/www.retrocomputing-whv.net\/wp-content\/uploads\/2021\/01\/Markt-und-Technik-Kommunikation-mit-ISDN_b-729x1024.jpg 729w, https:\/\/www.retrocomputing-whv.net\/wp-content\/uploads\/2021\/01\/Markt-und-Technik-Kommunikation-mit-ISDN_b-214x300.jpg 214w, https:\/\/www.retrocomputing-whv.net\/wp-content\/uploads\/2021\/01\/Markt-und-Technik-Kommunikation-mit-ISDN_b-768x1078.jpg 768w, https:\/\/www.retrocomputing-whv.net\/wp-content\/uploads\/2021\/01\/Markt-und-Technik-Kommunikation-mit-ISDN_b-1094x1536.jpg 1094w, https:\/\/www.retrocomputing-whv.net\/wp-content\/uploads\/2021\/01\/Markt-und-Technik-Kommunikation-mit-ISDN_b.jpg 1200w\" sizes=\"auto, (max-width: 729px) 100vw, 729px\" \/><\/figure>\n\n\n\n<p>Markt und Technik &#8211; Kommunikation mit ISDN &#8211; Autor Dr. Horst-Edgar Martin<br>1. Auflage &#8211; Erscheinungsjahr 1988 &#8211; ISBN 3-89090-560-9<\/p>\n\n\n\n<p>ISDN, das Integrierte, f\u00fcr alle Services der Telekommunikation geeignete Digitale Netz, hat sich in den letzten Jahren von einer wohlfundierten Idee mit fr\u00fchzeitig standardisierten Grundparametern f\u00fcr Schnittstellen, \u00dcbertragungskan\u00e4le und Diensteprofile zu einer weltweiten Aktivit\u00e4t der n\u00e4chsten Generation der Kommunikationstechnik entwickelt. Mit seiner Integration von Funktionen der Informations\u00fcbermittlung und \u2013verarbeitung stellt es auch eine unentbehrliche Voraussetzung f\u00fcr die Bew\u00e4ltigung der vor uns liegenden Kommunikationsaufgaben dar. Schlie\u00dflich ist die Wettbewerbs- und damit die Existenzf\u00e4higkeit ganzer Industriezweige betroffen.<\/p>\n\n\n\n<p>Die mit ISDN m\u00f6glichen Dienstleistungen, insbesondere im gesch\u00e4ftlichen Bereich, werden \u00fcber nutzungsspezifische Endger\u00e4te in Verbindung mit den erforderlichen Vernetzungen garantiert. Erste Nutzungsergebnisse aus verschiedenen Branchen liegen bereits vor. Zahlreiche, f\u00fcr alle Bereiche des Gesch\u00e4ftslebens und der Verwaltungen angepasste Anwendungsprofile sind in Vorbereitung.<\/p>\n\n\n\n<p>Im vorliegenden Buch werden behandelt:<\/p>\n\n\n\n<ul class=\"wp-block-list\"><li>Grundvorstellungen der Teilkommunikationsfunktionen sowie die hierf\u00fcr erforderlichen Standards und Spezifikationen<\/li><li>Prinzipien und Vorteile der Digitalisierung und damit auch des ISDN<\/li><li>Grundelemente des ISDN, seine Anschlussm\u00f6glichkeiten, Dienste und Tarife<\/li><li>Inhouse-Netze und B\u00fcrokommunikation sowie ihre Zusammenfassung im ISDN<\/li><li>Anwendungs- und Nutzungsbeispiele des ISDN in verschiedenen Branchen<\/li><li>Bedarf und Anforderungen f\u00fcr Breitbanddienste und ihre Realisierung im ISDN<\/li><li>Chancen und Risiken \u2013 die k\u00fcnftigen Wege des ISDN<\/li><\/ul>\n\n\n\n<p>Die Ausf\u00fchrungen in den 15 Kapiteln werden durch ein Glossar und ein ausf\u00fchrliches Literaturverzeichnis erg\u00e4nzt.<\/p>\n\n\n\n<figure class=\"wp-block-image size-large\"><a href=\"https:\/\/www.retrocomputing-whv.net\/?page_id=1200\"><img loading=\"lazy\" decoding=\"async\" width=\"256\" height=\"136\" src=\"https:\/\/www.retrocomputing-whv.net\/wp-content\/uploads\/2020\/08\/Backspace.jpg\" alt=\"Backspace\" class=\"wp-image-681\"\/><\/a><\/figure>\n","protected":false},"excerpt":{"rendered":"<p>Markt und Technik &#8211; Kommunikation mit ISDN &#8211; Autor Dr. Horst-Edgar Martin1. Auflage &#8211; Erscheinungsjahr 1988 &#8211; ISBN 3-89090-560-9 ISDN, das Integrierte, f\u00fcr alle Services der Telekommunikation geeignete Digitale Netz, hat sich in den letzten Jahren von einer wohlfundierten Idee mit fr\u00fchzeitig standardisierten Grundparametern f\u00fcr Schnittstellen, \u00dcbertragungskan\u00e4le und Diensteprofile zu einer weltweiten Aktivit\u00e4t der n\u00e4chsten Generation der Kommunikationstechnik entwickelt. Mit<\/p>\n","protected":false},"author":1,"featured_media":0,"parent":1200,"menu_order":0,"comment_status":"closed","ping_status":"closed","template":"","meta":{"footnotes":""},"class_list":["post-1227","page","type-page","status-publish","hentry"],"yoast_head":"<!-- This site is optimized with the Yoast SEO plugin v27.4 - https:\/\/yoast.com\/product\/yoast-seo-wordpress\/ -->\n<title>Kommunikation mit ISDN - Retrocomputing WHV<\/title>\n<meta name=\"robots\" content=\"index, follow, max-snippet:-1, max-image-preview:large, max-video-preview:-1\" \/>\n<link rel=\"canonical\" href=\"https:\/\/www.retrocomputing-whv.net\/?page_id=1227\" \/>\n<meta property=\"og:locale\" content=\"de_DE\" \/>\n<meta property=\"og:type\" content=\"article\" \/>\n<meta property=\"og:title\" content=\"Kommunikation mit ISDN - Retrocomputing WHV\" \/>\n<meta property=\"og:description\" content=\"Markt und Technik &#8211; Kommunikation mit ISDN &#8211; Autor Dr. Horst-Edgar Martin1. Auflage &#8211; Erscheinungsjahr 1988 &#8211; ISBN 3-89090-560-9 ISDN, das Integrierte, f\u00fcr alle Services der Telekommunikation geeignete Digitale Netz, hat sich in den letzten Jahren von einer wohlfundierten Idee mit fr\u00fchzeitig standardisierten Grundparametern f\u00fcr Schnittstellen, \u00dcbertragungskan\u00e4le und Diensteprofile zu einer weltweiten Aktivit\u00e4t der n\u00e4chsten Generation der Kommunikationstechnik entwickelt. Mit\" \/>\n<meta property=\"og:url\" content=\"https:\/\/www.retrocomputing-whv.net\/?page_id=1227\" \/>\n<meta property=\"og:site_name\" content=\"Retrocomputing WHV\" \/>\n<meta property=\"article:modified_time\" content=\"2021-01-16T09:56:58+00:00\" \/>\n<meta property=\"og:image\" content=\"https:\/\/www.retrocomputing-whv.net\/wp-content\/uploads\/2021\/01\/Markt-und-Technik-Kommunikation-mit-ISDN_b-729x1024.jpg\" \/>\n<meta name=\"twitter:card\" content=\"summary_large_image\" \/>\n<meta name=\"twitter:label1\" content=\"Gesch\u00e4tzte Lesezeit\" \/>\n\t<meta name=\"twitter:data1\" content=\"2\u00a0Minuten\" \/>\n<script type=\"application\/ld+json\" class=\"yoast-schema-graph\">{\"@context\":\"https:\\\/\\\/schema.org\",\"@graph\":[{\"@type\":\"WebPage\",\"@id\":\"https:\\\/\\\/www.retrocomputing-whv.net\\\/?page_id=1227\",\"url\":\"https:\\\/\\\/www.retrocomputing-whv.net\\\/?page_id=1227\",\"name\":\"Kommunikation mit ISDN - Retrocomputing WHV\",\"isPartOf\":{\"@id\":\"https:\\\/\\\/www.retrocomputing-whv.net\\\/#website\"},\"primaryImageOfPage\":{\"@id\":\"https:\\\/\\\/www.retrocomputing-whv.net\\\/?page_id=1227#primaryimage\"},\"image\":{\"@id\":\"https:\\\/\\\/www.retrocomputing-whv.net\\\/?page_id=1227#primaryimage\"},\"thumbnailUrl\":\"https:\\\/\\\/www.retrocomputing-whv.net\\\/wp-content\\\/uploads\\\/2021\\\/01\\\/Markt-und-Technik-Kommunikation-mit-ISDN_b-729x1024.jpg\",\"datePublished\":\"2021-01-16T09:56:28+00:00\",\"dateModified\":\"2021-01-16T09:56:58+00:00\",\"breadcrumb\":{\"@id\":\"https:\\\/\\\/www.retrocomputing-whv.net\\\/?page_id=1227#breadcrumb\"},\"inLanguage\":\"de\",\"potentialAction\":[{\"@type\":\"ReadAction\",\"target\":[\"https:\\\/\\\/www.retrocomputing-whv.net\\\/?page_id=1227\"]}]},{\"@type\":\"ImageObject\",\"inLanguage\":\"de\",\"@id\":\"https:\\\/\\\/www.retrocomputing-whv.net\\\/?page_id=1227#primaryimage\",\"url\":\"https:\\\/\\\/www.retrocomputing-whv.net\\\/wp-content\\\/uploads\\\/2021\\\/01\\\/Markt-und-Technik-Kommunikation-mit-ISDN_b.jpg\",\"contentUrl\":\"https:\\\/\\\/www.retrocomputing-whv.net\\\/wp-content\\\/uploads\\\/2021\\\/01\\\/Markt-und-Technik-Kommunikation-mit-ISDN_b.jpg\",\"width\":1200,\"height\":1685,\"caption\":\"Markt und Technik - Kommunikation mit ISDN\"},{\"@type\":\"BreadcrumbList\",\"@id\":\"https:\\\/\\\/www.retrocomputing-whv.net\\\/?page_id=1227#breadcrumb\",\"itemListElement\":[{\"@type\":\"ListItem\",\"position\":1,\"name\":\"Startseite\",\"item\":\"https:\\\/\\\/www.retrocomputing-whv.net\\\/\"},{\"@type\":\"ListItem\",\"position\":2,\"name\":\"Literatur\",\"item\":\"https:\\\/\\\/www.retrocomputing-whv.net\\\/?page_id=105\"},{\"@type\":\"ListItem\",\"position\":3,\"name\":\"Markt &#038; Technik\",\"item\":\"https:\\\/\\\/www.retrocomputing-whv.net\\\/?page_id=1170\"},{\"@type\":\"ListItem\",\"position\":4,\"name\":\"Verschiedenes\",\"item\":\"https:\\\/\\\/www.retrocomputing-whv.net\\\/?page_id=1200\"},{\"@type\":\"ListItem\",\"position\":5,\"name\":\"Kommunikation mit ISDN\"}]},{\"@type\":\"WebSite\",\"@id\":\"https:\\\/\\\/www.retrocomputing-whv.net\\\/#website\",\"url\":\"https:\\\/\\\/www.retrocomputing-whv.net\\\/\",\"name\":\"Retrocomputing WHV\",\"description\":\"\",\"publisher\":{\"@id\":\"https:\\\/\\\/www.retrocomputing-whv.net\\\/#organization\"},\"potentialAction\":[{\"@type\":\"SearchAction\",\"target\":{\"@type\":\"EntryPoint\",\"urlTemplate\":\"https:\\\/\\\/www.retrocomputing-whv.net\\\/?s={search_term_string}\"},\"query-input\":{\"@type\":\"PropertyValueSpecification\",\"valueRequired\":true,\"valueName\":\"search_term_string\"}}],\"inLanguage\":\"de\"},{\"@type\":\"Organization\",\"@id\":\"https:\\\/\\\/www.retrocomputing-whv.net\\\/#organization\",\"name\":\"Retrocomputing-WHV\",\"url\":\"https:\\\/\\\/www.retrocomputing-whv.net\\\/\",\"logo\":{\"@type\":\"ImageObject\",\"inLanguage\":\"de\",\"@id\":\"https:\\\/\\\/www.retrocomputing-whv.net\\\/#\\\/schema\\\/logo\\\/image\\\/\",\"url\":\"https:\\\/\\\/www.retrocomputing-whv.net\\\/wp-content\\\/uploads\\\/2020\\\/04\\\/Logo.png\",\"contentUrl\":\"https:\\\/\\\/www.retrocomputing-whv.net\\\/wp-content\\\/uploads\\\/2020\\\/04\\\/Logo.png\",\"width\":1340,\"height\":250,\"caption\":\"Retrocomputing-WHV\"},\"image\":{\"@id\":\"https:\\\/\\\/www.retrocomputing-whv.net\\\/#\\\/schema\\\/logo\\\/image\\\/\"}}]}<\/script>\n<!-- \/ Yoast SEO plugin. -->","yoast_head_json":{"title":"Kommunikation mit ISDN - Retrocomputing WHV","robots":{"index":"index","follow":"follow","max-snippet":"max-snippet:-1","max-image-preview":"max-image-preview:large","max-video-preview":"max-video-preview:-1"},"canonical":"https:\/\/www.retrocomputing-whv.net\/?page_id=1227","og_locale":"de_DE","og_type":"article","og_title":"Kommunikation mit ISDN - Retrocomputing WHV","og_description":"Markt und Technik &#8211; Kommunikation mit ISDN &#8211; Autor Dr. Horst-Edgar Martin1. Auflage &#8211; Erscheinungsjahr 1988 &#8211; ISBN 3-89090-560-9 ISDN, das Integrierte, f\u00fcr alle Services der Telekommunikation geeignete Digitale Netz, hat sich in den letzten Jahren von einer wohlfundierten Idee mit fr\u00fchzeitig standardisierten Grundparametern f\u00fcr Schnittstellen, \u00dcbertragungskan\u00e4le und Diensteprofile zu einer weltweiten Aktivit\u00e4t der n\u00e4chsten Generation der Kommunikationstechnik entwickelt. Mit","og_url":"https:\/\/www.retrocomputing-whv.net\/?page_id=1227","og_site_name":"Retrocomputing WHV","article_modified_time":"2021-01-16T09:56:58+00:00","og_image":[{"url":"https:\/\/www.retrocomputing-whv.net\/wp-content\/uploads\/2021\/01\/Markt-und-Technik-Kommunikation-mit-ISDN_b-729x1024.jpg","type":"","width":"","height":""}],"twitter_card":"summary_large_image","twitter_misc":{"Gesch\u00e4tzte Lesezeit":"2\u00a0Minuten"},"schema":{"@context":"https:\/\/schema.org","@graph":[{"@type":"WebPage","@id":"https:\/\/www.retrocomputing-whv.net\/?page_id=1227","url":"https:\/\/www.retrocomputing-whv.net\/?page_id=1227","name":"Kommunikation mit ISDN - Retrocomputing WHV","isPartOf":{"@id":"https:\/\/www.retrocomputing-whv.net\/#website"},"primaryImageOfPage":{"@id":"https:\/\/www.retrocomputing-whv.net\/?page_id=1227#primaryimage"},"image":{"@id":"https:\/\/www.retrocomputing-whv.net\/?page_id=1227#primaryimage"},"thumbnailUrl":"https:\/\/www.retrocomputing-whv.net\/wp-content\/uploads\/2021\/01\/Markt-und-Technik-Kommunikation-mit-ISDN_b-729x1024.jpg","datePublished":"2021-01-16T09:56:28+00:00","dateModified":"2021-01-16T09:56:58+00:00","breadcrumb":{"@id":"https:\/\/www.retrocomputing-whv.net\/?page_id=1227#breadcrumb"},"inLanguage":"de","potentialAction":[{"@type":"ReadAction","target":["https:\/\/www.retrocomputing-whv.net\/?page_id=1227"]}]},{"@type":"ImageObject","inLanguage":"de","@id":"https:\/\/www.retrocomputing-whv.net\/?page_id=1227#primaryimage","url":"https:\/\/www.retrocomputing-whv.net\/wp-content\/uploads\/2021\/01\/Markt-und-Technik-Kommunikation-mit-ISDN_b.jpg","contentUrl":"https:\/\/www.retrocomputing-whv.net\/wp-content\/uploads\/2021\/01\/Markt-und-Technik-Kommunikation-mit-ISDN_b.jpg","width":1200,"height":1685,"caption":"Markt und Technik - Kommunikation mit ISDN"},{"@type":"BreadcrumbList","@id":"https:\/\/www.retrocomputing-whv.net\/?page_id=1227#breadcrumb","itemListElement":[{"@type":"ListItem","position":1,"name":"Startseite","item":"https:\/\/www.retrocomputing-whv.net\/"},{"@type":"ListItem","position":2,"name":"Literatur","item":"https:\/\/www.retrocomputing-whv.net\/?page_id=105"},{"@type":"ListItem","position":3,"name":"Markt &#038; Technik","item":"https:\/\/www.retrocomputing-whv.net\/?page_id=1170"},{"@type":"ListItem","position":4,"name":"Verschiedenes","item":"https:\/\/www.retrocomputing-whv.net\/?page_id=1200"},{"@type":"ListItem","position":5,"name":"Kommunikation mit ISDN"}]},{"@type":"WebSite","@id":"https:\/\/www.retrocomputing-whv.net\/#website","url":"https:\/\/www.retrocomputing-whv.net\/","name":"Retrocomputing WHV","description":"","publisher":{"@id":"https:\/\/www.retrocomputing-whv.net\/#organization"},"potentialAction":[{"@type":"SearchAction","target":{"@type":"EntryPoint","urlTemplate":"https:\/\/www.retrocomputing-whv.net\/?s={search_term_string}"},"query-input":{"@type":"PropertyValueSpecification","valueRequired":true,"valueName":"search_term_string"}}],"inLanguage":"de"},{"@type":"Organization","@id":"https:\/\/www.retrocomputing-whv.net\/#organization","name":"Retrocomputing-WHV","url":"https:\/\/www.retrocomputing-whv.net\/","logo":{"@type":"ImageObject","inLanguage":"de","@id":"https:\/\/www.retrocomputing-whv.net\/#\/schema\/logo\/image\/","url":"https:\/\/www.retrocomputing-whv.net\/wp-content\/uploads\/2020\/04\/Logo.png","contentUrl":"https:\/\/www.retrocomputing-whv.net\/wp-content\/uploads\/2020\/04\/Logo.png","width":1340,"height":250,"caption":"Retrocomputing-WHV"},"image":{"@id":"https:\/\/www.retrocomputing-whv.net\/#\/schema\/logo\/image\/"}}]}},"_links":{"self":[{"href":"https:\/\/www.retrocomputing-whv.net\/index.php?rest_route=\/wp\/v2\/pages\/1227","targetHints":{"allow":["GET"]}}],"collection":[{"href":"https:\/\/www.retrocomputing-whv.net\/index.php?rest_route=\/wp\/v2\/pages"}],"about":[{"href":"https:\/\/www.retrocomputing-whv.net\/index.php?rest_route=\/wp\/v2\/types\/page"}],"author":[{"embeddable":true,"href":"https:\/\/www.retrocomputing-whv.net\/index.php?rest_route=\/wp\/v2\/users\/1"}],"replies":[{"embeddable":true,"href":"https:\/\/www.retrocomputing-whv.net\/index.php?rest_route=%2Fwp%2Fv2%2Fcomments&post=1227"}],"version-history":[{"count":1,"href":"https:\/\/www.retrocomputing-whv.net\/index.php?rest_route=\/wp\/v2\/pages\/1227\/revisions"}],"predecessor-version":[{"id":1228,"href":"https:\/\/www.retrocomputing-whv.net\/index.php?rest_route=\/wp\/v2\/pages\/1227\/revisions\/1228"}],"up":[{"embeddable":true,"href":"https:\/\/www.retrocomputing-whv.net\/index.php?rest_route=\/wp\/v2\/pages\/1200"}],"wp:attachment":[{"href":"https:\/\/www.retrocomputing-whv.net\/index.php?rest_route=%2Fwp%2Fv2%2Fmedia&parent=1227"}],"curies":[{"name":"wp","href":"https:\/\/api.w.org\/{rel}","templated":true}]}}