{"id":1332,"date":"2021-01-17T14:59:08","date_gmt":"2021-01-17T13:59:08","guid":{"rendered":"https:\/\/www.retrocomputing-whv.net\/?page_id=1332"},"modified":"2021-01-17T14:59:50","modified_gmt":"2021-01-17T13:59:50","slug":"datamat-st","status":"publish","type":"page","link":"https:\/\/www.retrocomputing-whv.net\/?page_id=1332","title":{"rendered":"DATAMAT ST"},"content":{"rendered":"\n<figure class=\"wp-block-image size-large\"><img loading=\"lazy\" decoding=\"async\" width=\"729\" height=\"1024\" src=\"https:\/\/www.retrocomputing-whv.net\/wp-content\/uploads\/2020\/05\/DATA-BECKER-DATAMAT-ST-729x1024.jpg\" alt=\"DATA BECKER - DATAMAT ST\" class=\"wp-image-447\" srcset=\"https:\/\/www.retrocomputing-whv.net\/wp-content\/uploads\/2020\/05\/DATA-BECKER-DATAMAT-ST-729x1024.jpg 729w, https:\/\/www.retrocomputing-whv.net\/wp-content\/uploads\/2020\/05\/DATA-BECKER-DATAMAT-ST-214x300.jpg 214w, https:\/\/www.retrocomputing-whv.net\/wp-content\/uploads\/2020\/05\/DATA-BECKER-DATAMAT-ST-768x1079.jpg 768w, https:\/\/www.retrocomputing-whv.net\/wp-content\/uploads\/2020\/05\/DATA-BECKER-DATAMAT-ST-1093x1536.jpg 1093w, https:\/\/www.retrocomputing-whv.net\/wp-content\/uploads\/2020\/05\/DATA-BECKER-DATAMAT-ST.jpg 1200w\" sizes=\"auto, (max-width: 729px) 100vw, 729px\" \/><\/figure>\n\n\n\n<p>Ein DATA BECKER Buch &#8211; Autoren Andre Claa\u00dfen, Gerd-Uwe Neukamp<br>2. Auflage &#8211; Erscheinungsjahr 1986<\/p>\n\n\n\n<p><strong>Das steht drin:<\/strong><br>DATAMAT ST vereinigt eine komfortable Benutzerf\u00fchrung mit umfangreichen Dateifunktionen. Die Leistungsmerkmale des Programms sprechen f\u00fcr sich.<\/p>\n\n\n\n<p><strong>Aus dem Inhalt:<\/strong><\/p>\n\n\n\n<ul class=\"wp-block-list\"><li>maximal 4 offene Dateien k\u00f6nnen gleichzeitig bearbeitet werden<\/li><li>maximale Dateigr\u00f6\u00dfe 2 Milliarden Zeichen<\/li><li>maximale Datensatzgr\u00f6\u00dfe 64.000 Zeichen<\/li><li>maximal 64.000 Datens\u00e4tze<\/li><li>unbeschr\u00e4nkte Anzahl von Datenfeldern<\/li><li>maximale Gr\u00f6\u00dfe eines Datenfeldes 32.000 Zeichen<\/li><li>massenspeicherorientierte Dateiorganisation<\/li><li>bis zu 20 Indexfelder pro Datei<\/li><li>Indexgenauigkeit w\u00e4hlbar von 3-20 Zeichen<\/li><li>Komfortable Such- und Selektierfunktion<\/li><li>Unbeschr\u00e4nkte Anzahl von Suchkriterien<\/li><li>Text-, Datums- und Zahlenfelder<\/li><li>Datenaustausch mit anderen Programmen m\u00f6glich<\/li><li>Programmsteuerung \u00fcber Maus und Tastatur<\/li><li>Bildschirmmaske bis max. 5000&#215;5000 Pixel gro\u00df<\/li><li>Textverarbeitungs\u00e4hnliche Maskeneingabe<\/li><li>Mehrere Dateimasken gleichzeitig auf dem Bildschirm<\/li><li>Integrierter Ganzseiten-Druckermaskeneditor<\/li><li>Integrierter Listeneditor<\/li><li>Komfortable Druckeranpassung, Unterst\u00fctzung aller Texteffekte<\/li><\/ul>\n\n\n\n<figure class=\"wp-block-image size-large\"><a href=\"https:\/\/www.retrocomputing-whv.net\/?page_id=1329\"><img loading=\"lazy\" decoding=\"async\" width=\"256\" height=\"136\" src=\"https:\/\/www.retrocomputing-whv.net\/wp-content\/uploads\/2020\/08\/Backspace.jpg\" alt=\"Backspace\" class=\"wp-image-681\"\/><\/a><\/figure>\n","protected":false},"excerpt":{"rendered":"<p>Ein DATA BECKER Buch &#8211; Autoren Andre Claa\u00dfen, Gerd-Uwe Neukamp2. Auflage &#8211; Erscheinungsjahr 1986 Das steht drin:DATAMAT ST vereinigt eine komfortable Benutzerf\u00fchrung mit umfangreichen Dateifunktionen. Die Leistungsmerkmale des Programms sprechen f\u00fcr sich. Aus dem Inhalt: maximal 4 offene Dateien k\u00f6nnen gleichzeitig bearbeitet werden maximale Dateigr\u00f6\u00dfe 2 Milliarden Zeichen maximale Datensatzgr\u00f6\u00dfe 64.000 Zeichen maximal 64.000 Datens\u00e4tze unbeschr\u00e4nkte Anzahl von Datenfeldern maximale<\/p>\n","protected":false},"author":1,"featured_media":0,"parent":1329,"menu_order":0,"comment_status":"closed","ping_status":"closed","template":"","meta":{"footnotes":""},"class_list":["post-1332","page","type-page","status-publish","hentry"],"yoast_head":"<!-- This site is optimized with the Yoast SEO plugin v27.5 - https:\/\/yoast.com\/product\/yoast-seo-wordpress\/ -->\n<title>DATAMAT ST - Retrocomputing WHV<\/title>\n<meta name=\"robots\" content=\"index, follow, max-snippet:-1, max-image-preview:large, max-video-preview:-1\" \/>\n<link rel=\"canonical\" href=\"https:\/\/www.retrocomputing-whv.net\/?page_id=1332\" \/>\n<meta property=\"og:locale\" content=\"de_DE\" \/>\n<meta property=\"og:type\" content=\"article\" \/>\n<meta property=\"og:title\" content=\"DATAMAT ST - Retrocomputing WHV\" \/>\n<meta property=\"og:description\" content=\"Ein DATA BECKER Buch &#8211; Autoren Andre Claa\u00dfen, Gerd-Uwe Neukamp2. Auflage &#8211; Erscheinungsjahr 1986 Das steht drin:DATAMAT ST vereinigt eine komfortable Benutzerf\u00fchrung mit umfangreichen Dateifunktionen. Die Leistungsmerkmale des Programms sprechen f\u00fcr sich. Aus dem Inhalt: maximal 4 offene Dateien k\u00f6nnen gleichzeitig bearbeitet werden maximale Dateigr\u00f6\u00dfe 2 Milliarden Zeichen maximale Datensatzgr\u00f6\u00dfe 64.000 Zeichen maximal 64.000 Datens\u00e4tze unbeschr\u00e4nkte Anzahl von Datenfeldern maximale\" \/>\n<meta property=\"og:url\" content=\"https:\/\/www.retrocomputing-whv.net\/?page_id=1332\" \/>\n<meta property=\"og:site_name\" content=\"Retrocomputing WHV\" \/>\n<meta property=\"article:modified_time\" content=\"2021-01-17T13:59:50+00:00\" \/>\n<meta property=\"og:image\" content=\"https:\/\/www.retrocomputing-whv.net\/wp-content\/uploads\/2020\/05\/DATA-BECKER-DATAMAT-ST-729x1024.jpg\" \/>\n<meta name=\"twitter:card\" content=\"summary_large_image\" \/>\n<meta name=\"twitter:label1\" content=\"Gesch\u00e4tzte Lesezeit\" \/>\n\t<meta name=\"twitter:data1\" content=\"1\u00a0Minute\" \/>\n<script type=\"application\/ld+json\" class=\"yoast-schema-graph\">{\"@context\":\"https:\\\/\\\/schema.org\",\"@graph\":[{\"@type\":\"WebPage\",\"@id\":\"https:\\\/\\\/www.retrocomputing-whv.net\\\/?page_id=1332\",\"url\":\"https:\\\/\\\/www.retrocomputing-whv.net\\\/?page_id=1332\",\"name\":\"DATAMAT ST - Retrocomputing WHV\",\"isPartOf\":{\"@id\":\"https:\\\/\\\/www.retrocomputing-whv.net\\\/#website\"},\"primaryImageOfPage\":{\"@id\":\"https:\\\/\\\/www.retrocomputing-whv.net\\\/?page_id=1332#primaryimage\"},\"image\":{\"@id\":\"https:\\\/\\\/www.retrocomputing-whv.net\\\/?page_id=1332#primaryimage\"},\"thumbnailUrl\":\"https:\\\/\\\/www.retrocomputing-whv.net\\\/wp-content\\\/uploads\\\/2020\\\/05\\\/DATA-BECKER-DATAMAT-ST-729x1024.jpg\",\"datePublished\":\"2021-01-17T13:59:08+00:00\",\"dateModified\":\"2021-01-17T13:59:50+00:00\",\"breadcrumb\":{\"@id\":\"https:\\\/\\\/www.retrocomputing-whv.net\\\/?page_id=1332#breadcrumb\"},\"inLanguage\":\"de\",\"potentialAction\":[{\"@type\":\"ReadAction\",\"target\":[\"https:\\\/\\\/www.retrocomputing-whv.net\\\/?page_id=1332\"]}]},{\"@type\":\"ImageObject\",\"inLanguage\":\"de\",\"@id\":\"https:\\\/\\\/www.retrocomputing-whv.net\\\/?page_id=1332#primaryimage\",\"url\":\"https:\\\/\\\/www.retrocomputing-whv.net\\\/wp-content\\\/uploads\\\/2020\\\/05\\\/DATA-BECKER-DATAMAT-ST.jpg\",\"contentUrl\":\"https:\\\/\\\/www.retrocomputing-whv.net\\\/wp-content\\\/uploads\\\/2020\\\/05\\\/DATA-BECKER-DATAMAT-ST.jpg\",\"width\":1200,\"height\":1686,\"caption\":\"DATA BECKER - DATAMAT ST\"},{\"@type\":\"BreadcrumbList\",\"@id\":\"https:\\\/\\\/www.retrocomputing-whv.net\\\/?page_id=1332#breadcrumb\",\"itemListElement\":[{\"@type\":\"ListItem\",\"position\":1,\"name\":\"Startseite\",\"item\":\"https:\\\/\\\/www.retrocomputing-whv.net\\\/\"},{\"@type\":\"ListItem\",\"position\":2,\"name\":\"Literatur\",\"item\":\"https:\\\/\\\/www.retrocomputing-whv.net\\\/?page_id=105\"},{\"@type\":\"ListItem\",\"position\":3,\"name\":\"DATA BECKER\",\"item\":\"https:\\\/\\\/www.retrocomputing-whv.net\\\/?page_id=807\"},{\"@type\":\"ListItem\",\"position\":4,\"name\":\"Atari\",\"item\":\"https:\\\/\\\/www.retrocomputing-whv.net\\\/?page_id=1329\"},{\"@type\":\"ListItem\",\"position\":5,\"name\":\"DATAMAT ST\"}]},{\"@type\":\"WebSite\",\"@id\":\"https:\\\/\\\/www.retrocomputing-whv.net\\\/#website\",\"url\":\"https:\\\/\\\/www.retrocomputing-whv.net\\\/\",\"name\":\"Retrocomputing WHV\",\"description\":\"\",\"publisher\":{\"@id\":\"https:\\\/\\\/www.retrocomputing-whv.net\\\/#organization\"},\"potentialAction\":[{\"@type\":\"SearchAction\",\"target\":{\"@type\":\"EntryPoint\",\"urlTemplate\":\"https:\\\/\\\/www.retrocomputing-whv.net\\\/?s={search_term_string}\"},\"query-input\":{\"@type\":\"PropertyValueSpecification\",\"valueRequired\":true,\"valueName\":\"search_term_string\"}}],\"inLanguage\":\"de\"},{\"@type\":\"Organization\",\"@id\":\"https:\\\/\\\/www.retrocomputing-whv.net\\\/#organization\",\"name\":\"Retrocomputing-WHV\",\"url\":\"https:\\\/\\\/www.retrocomputing-whv.net\\\/\",\"logo\":{\"@type\":\"ImageObject\",\"inLanguage\":\"de\",\"@id\":\"https:\\\/\\\/www.retrocomputing-whv.net\\\/#\\\/schema\\\/logo\\\/image\\\/\",\"url\":\"https:\\\/\\\/www.retrocomputing-whv.net\\\/wp-content\\\/uploads\\\/2020\\\/04\\\/Logo.png\",\"contentUrl\":\"https:\\\/\\\/www.retrocomputing-whv.net\\\/wp-content\\\/uploads\\\/2020\\\/04\\\/Logo.png\",\"width\":1340,\"height\":250,\"caption\":\"Retrocomputing-WHV\"},\"image\":{\"@id\":\"https:\\\/\\\/www.retrocomputing-whv.net\\\/#\\\/schema\\\/logo\\\/image\\\/\"}}]}<\/script>\n<!-- \/ Yoast SEO plugin. -->","yoast_head_json":{"title":"DATAMAT ST - Retrocomputing WHV","robots":{"index":"index","follow":"follow","max-snippet":"max-snippet:-1","max-image-preview":"max-image-preview:large","max-video-preview":"max-video-preview:-1"},"canonical":"https:\/\/www.retrocomputing-whv.net\/?page_id=1332","og_locale":"de_DE","og_type":"article","og_title":"DATAMAT ST - Retrocomputing WHV","og_description":"Ein DATA BECKER Buch &#8211; Autoren Andre Claa\u00dfen, Gerd-Uwe Neukamp2. Auflage &#8211; Erscheinungsjahr 1986 Das steht drin:DATAMAT ST vereinigt eine komfortable Benutzerf\u00fchrung mit umfangreichen Dateifunktionen. Die Leistungsmerkmale des Programms sprechen f\u00fcr sich. Aus dem Inhalt: maximal 4 offene Dateien k\u00f6nnen gleichzeitig bearbeitet werden maximale Dateigr\u00f6\u00dfe 2 Milliarden Zeichen maximale Datensatzgr\u00f6\u00dfe 64.000 Zeichen maximal 64.000 Datens\u00e4tze unbeschr\u00e4nkte Anzahl von Datenfeldern maximale","og_url":"https:\/\/www.retrocomputing-whv.net\/?page_id=1332","og_site_name":"Retrocomputing WHV","article_modified_time":"2021-01-17T13:59:50+00:00","og_image":[{"url":"https:\/\/www.retrocomputing-whv.net\/wp-content\/uploads\/2020\/05\/DATA-BECKER-DATAMAT-ST-729x1024.jpg","type":"","width":"","height":""}],"twitter_card":"summary_large_image","twitter_misc":{"Gesch\u00e4tzte Lesezeit":"1\u00a0Minute"},"schema":{"@context":"https:\/\/schema.org","@graph":[{"@type":"WebPage","@id":"https:\/\/www.retrocomputing-whv.net\/?page_id=1332","url":"https:\/\/www.retrocomputing-whv.net\/?page_id=1332","name":"DATAMAT ST - Retrocomputing WHV","isPartOf":{"@id":"https:\/\/www.retrocomputing-whv.net\/#website"},"primaryImageOfPage":{"@id":"https:\/\/www.retrocomputing-whv.net\/?page_id=1332#primaryimage"},"image":{"@id":"https:\/\/www.retrocomputing-whv.net\/?page_id=1332#primaryimage"},"thumbnailUrl":"https:\/\/www.retrocomputing-whv.net\/wp-content\/uploads\/2020\/05\/DATA-BECKER-DATAMAT-ST-729x1024.jpg","datePublished":"2021-01-17T13:59:08+00:00","dateModified":"2021-01-17T13:59:50+00:00","breadcrumb":{"@id":"https:\/\/www.retrocomputing-whv.net\/?page_id=1332#breadcrumb"},"inLanguage":"de","potentialAction":[{"@type":"ReadAction","target":["https:\/\/www.retrocomputing-whv.net\/?page_id=1332"]}]},{"@type":"ImageObject","inLanguage":"de","@id":"https:\/\/www.retrocomputing-whv.net\/?page_id=1332#primaryimage","url":"https:\/\/www.retrocomputing-whv.net\/wp-content\/uploads\/2020\/05\/DATA-BECKER-DATAMAT-ST.jpg","contentUrl":"https:\/\/www.retrocomputing-whv.net\/wp-content\/uploads\/2020\/05\/DATA-BECKER-DATAMAT-ST.jpg","width":1200,"height":1686,"caption":"DATA BECKER - DATAMAT ST"},{"@type":"BreadcrumbList","@id":"https:\/\/www.retrocomputing-whv.net\/?page_id=1332#breadcrumb","itemListElement":[{"@type":"ListItem","position":1,"name":"Startseite","item":"https:\/\/www.retrocomputing-whv.net\/"},{"@type":"ListItem","position":2,"name":"Literatur","item":"https:\/\/www.retrocomputing-whv.net\/?page_id=105"},{"@type":"ListItem","position":3,"name":"DATA BECKER","item":"https:\/\/www.retrocomputing-whv.net\/?page_id=807"},{"@type":"ListItem","position":4,"name":"Atari","item":"https:\/\/www.retrocomputing-whv.net\/?page_id=1329"},{"@type":"ListItem","position":5,"name":"DATAMAT ST"}]},{"@type":"WebSite","@id":"https:\/\/www.retrocomputing-whv.net\/#website","url":"https:\/\/www.retrocomputing-whv.net\/","name":"Retrocomputing WHV","description":"","publisher":{"@id":"https:\/\/www.retrocomputing-whv.net\/#organization"},"potentialAction":[{"@type":"SearchAction","target":{"@type":"EntryPoint","urlTemplate":"https:\/\/www.retrocomputing-whv.net\/?s={search_term_string}"},"query-input":{"@type":"PropertyValueSpecification","valueRequired":true,"valueName":"search_term_string"}}],"inLanguage":"de"},{"@type":"Organization","@id":"https:\/\/www.retrocomputing-whv.net\/#organization","name":"Retrocomputing-WHV","url":"https:\/\/www.retrocomputing-whv.net\/","logo":{"@type":"ImageObject","inLanguage":"de","@id":"https:\/\/www.retrocomputing-whv.net\/#\/schema\/logo\/image\/","url":"https:\/\/www.retrocomputing-whv.net\/wp-content\/uploads\/2020\/04\/Logo.png","contentUrl":"https:\/\/www.retrocomputing-whv.net\/wp-content\/uploads\/2020\/04\/Logo.png","width":1340,"height":250,"caption":"Retrocomputing-WHV"},"image":{"@id":"https:\/\/www.retrocomputing-whv.net\/#\/schema\/logo\/image\/"}}]}},"_links":{"self":[{"href":"https:\/\/www.retrocomputing-whv.net\/index.php?rest_route=\/wp\/v2\/pages\/1332","targetHints":{"allow":["GET"]}}],"collection":[{"href":"https:\/\/www.retrocomputing-whv.net\/index.php?rest_route=\/wp\/v2\/pages"}],"about":[{"href":"https:\/\/www.retrocomputing-whv.net\/index.php?rest_route=\/wp\/v2\/types\/page"}],"author":[{"embeddable":true,"href":"https:\/\/www.retrocomputing-whv.net\/index.php?rest_route=\/wp\/v2\/users\/1"}],"replies":[{"embeddable":true,"href":"https:\/\/www.retrocomputing-whv.net\/index.php?rest_route=%2Fwp%2Fv2%2Fcomments&post=1332"}],"version-history":[{"count":1,"href":"https:\/\/www.retrocomputing-whv.net\/index.php?rest_route=\/wp\/v2\/pages\/1332\/revisions"}],"predecessor-version":[{"id":1333,"href":"https:\/\/www.retrocomputing-whv.net\/index.php?rest_route=\/wp\/v2\/pages\/1332\/revisions\/1333"}],"up":[{"embeddable":true,"href":"https:\/\/www.retrocomputing-whv.net\/index.php?rest_route=\/wp\/v2\/pages\/1329"}],"wp:attachment":[{"href":"https:\/\/www.retrocomputing-whv.net\/index.php?rest_route=%2Fwp%2Fv2%2Fmedia&parent=1332"}],"curies":[{"name":"wp","href":"https:\/\/api.w.org\/{rel}","templated":true}]}}