{"id":1341,"date":"2021-01-17T15:42:32","date_gmt":"2021-01-17T14:42:32","guid":{"rendered":"https:\/\/www.retrocomputing-whv.net\/?page_id=1341"},"modified":"2021-01-17T15:50:08","modified_gmt":"2021-01-17T14:50:08","slug":"64er-spielesammlung-band-1","status":"publish","type":"page","link":"https:\/\/www.retrocomputing-whv.net\/?page_id=1341","title":{"rendered":"64\u00b4er Spielesammlung Band 1"},"content":{"rendered":"\n<figure class=\"wp-block-image size-large\"><img loading=\"lazy\" decoding=\"async\" width=\"712\" height=\"1024\" src=\"https:\/\/www.retrocomputing-whv.net\/wp-content\/uploads\/2020\/07\/Markt-und-Technik-64er-Spielesammlung-Band-1-712x1024.jpg\" alt=\"Markt und Technik - 64er Spielesammlung Band 1\" class=\"wp-image-595\" srcset=\"https:\/\/www.retrocomputing-whv.net\/wp-content\/uploads\/2020\/07\/Markt-und-Technik-64er-Spielesammlung-Band-1-712x1024.jpg 712w, https:\/\/www.retrocomputing-whv.net\/wp-content\/uploads\/2020\/07\/Markt-und-Technik-64er-Spielesammlung-Band-1-209x300.jpg 209w, https:\/\/www.retrocomputing-whv.net\/wp-content\/uploads\/2020\/07\/Markt-und-Technik-64er-Spielesammlung-Band-1-768x1104.jpg 768w, https:\/\/www.retrocomputing-whv.net\/wp-content\/uploads\/2020\/07\/Markt-und-Technik-64er-Spielesammlung-Band-1-1069x1536.jpg 1069w, https:\/\/www.retrocomputing-whv.net\/wp-content\/uploads\/2020\/07\/Markt-und-Technik-64er-Spielesammlung-Band-1.jpg 1200w\" sizes=\"auto, (max-width: 712px) 100vw, 712px\" \/><\/figure>\n\n\n\n<p>Markt und Technik &#8211; 64er Spielesammlung Band 1 &#8211; Autor Axel Seibert<br>1. Auflage &#8211;  Erscheinungsjahr 1987 &#8211; ISBN 3-89090-429-7<\/p>\n\n\n\n<p>Lassen Sie sich in eine abenteuerliche Spielewelt entf\u00fchren! Alles, was Sie brauchen, ist ein C64 oder ein C128, beiliegende Spielediskette \u2013 und schon kann die Reise losgehen. Beweisen Sie Ihre Joystick-K\u00fcnste, indem Sie sicher den Weg aus dem Labyrinth finden! Bewahren Sie Ihren k\u00fchlen Kopf in aufregenden Actionszenen! Zeigen Sie Ihre F\u00e4higkeiten als B\u00f6rsenmakler in lebensnahen Wirtschaftssimulationen! Mit den 15 spannenden Spielen, der ausf\u00fchrlichen Anleitung sowie den farbigen Bildschirmfotos ist Ihnen ein fantastisches Spielvergn\u00fcgen gewiss.<\/p>\n\n\n\n<ul class=\"wp-block-list\"><li>Balliard: Einfallswinkel = Ausfallswinkel. Wer das nicht befolgt, hat es schwer bei dieser Mischung aus Tennis und Billard.<\/li><li>Maze: Wer die \u00dcbersicht beh\u00e4lt und nicht kopflos herumspringt, wird das Ziel erreichen.<\/li><li>The Way: Zu verschlungenen Pfaden gesellen sich Gelds\u00e4cke und b\u00f6se Geister, die es zu bek\u00e4mpfen gilt.<\/li><li>Schiffe versenken: Endlich eine faire Version dieses weitverbreiteten Spieles, mit zus\u00e4tzlichen Spielvarianten.<\/li><li>Vager 3: Joystickprofis mit ungetr\u00fcbtem Visierblick und Trefferinstinkt k\u00f6nnen ihr Punktekonto schwer mit Abschusspr\u00e4mien beladen.<\/li><li>Firebug: Hoffentlich f\u00e4ngt ihr Joystick nicht ebenfalls Feuer, wenn es hei\u00dft, die wertvollen Koffer aus dem brennenden Haus des Professors zu erwischen.<\/li><li>Pirat: Taktik, Timing und gute Navigationskenntnisse sind Voraussetzung f\u00fcr ein bis zu 25 Jahre langes Piratenleben.<\/li><li>Handel: Hier k\u00f6nnen Sie Ihren Gesch\u00e4ftssinn und Ihre Risikobereitschaft unter Beweis stellen, ohne wirklich sp\u00e4ter am Hungertuch nagen zu m\u00fcssen.<\/li><li>Wirtschaftsmanager: Simulation aus den h\u00f6chsten Etagen der Wirtschaft, nicht 1000 St\u00fcck, sondern ganze Firmen gehen \u00fcber den Ladentisch.<\/li><li>B\u00f6rse: Dieses Spiel bietet wirklich einen hervorragenden Einstieg ins B\u00f6rsenkarussell.<\/li><li>Vier gewinnt: Einfach, aber gerade deswegen ein Spiel, das schnell zu Erfolgserlebnissen f\u00fchrt.<\/li><li>Vier in vier: Die Steigerung zu \u201eVier gewinnt\u201c, bei der in vier Ebenen und damit dreidimensional gesetzt werden muss.<\/li><li>Brainstorm: Mastermind stand Pate f\u00fcr dieses vielseitige Denkspiel.<\/li><li>Hypra-Chess: Spielen Sie Schach gegen einen C64.<\/li><li>Magic-Cube: Ein Spiel, das eigentlich gar keines ist, aber f\u00fcr alle Zauberw\u00fcrfelfans als Schl\u00fcssel zur L\u00f6sung entpuppt.<\/li><li>Hardware-Anforderungen: C64 oder C128 beziehungsweise C128D (64er-Modus), Floppy 1541, 1570 oder 1571 und Joystick.<\/li><\/ul>\n\n\n\n<figure class=\"wp-block-image size-large\"><a href=\"https:\/\/www.retrocomputing-whv.net\/?page_id=1344\"><img loading=\"lazy\" decoding=\"async\" width=\"256\" height=\"136\" src=\"https:\/\/www.retrocomputing-whv.net\/wp-content\/uploads\/2020\/08\/Backspace.jpg\" alt=\"Backspace\" class=\"wp-image-681\"\/><\/a><\/figure>\n\n\n\n<p><\/p>\n","protected":false},"excerpt":{"rendered":"<p>Markt und Technik &#8211; 64er Spielesammlung Band 1 &#8211; Autor Axel Seibert1. Auflage &#8211; Erscheinungsjahr 1987 &#8211; ISBN 3-89090-429-7 Lassen Sie sich in eine abenteuerliche Spielewelt entf\u00fchren! Alles, was Sie brauchen, ist ein C64 oder ein C128, beiliegende Spielediskette \u2013 und schon kann die Reise losgehen. Beweisen Sie Ihre Joystick-K\u00fcnste, indem Sie sicher den Weg aus dem Labyrinth finden! Bewahren<\/p>\n","protected":false},"author":1,"featured_media":0,"parent":1344,"menu_order":0,"comment_status":"closed","ping_status":"closed","template":"","meta":{"footnotes":""},"class_list":["post-1341","page","type-page","status-publish","hentry"],"yoast_head":"<!-- This site is optimized with the Yoast SEO plugin v27.5 - https:\/\/yoast.com\/product\/yoast-seo-wordpress\/ -->\n<title>64\u00b4er Spielesammlung Band 1 - Retrocomputing WHV<\/title>\n<meta name=\"robots\" content=\"index, follow, max-snippet:-1, max-image-preview:large, max-video-preview:-1\" \/>\n<link rel=\"canonical\" href=\"https:\/\/www.retrocomputing-whv.net\/?page_id=1341\" \/>\n<meta property=\"og:locale\" content=\"de_DE\" \/>\n<meta property=\"og:type\" content=\"article\" \/>\n<meta property=\"og:title\" content=\"64\u00b4er Spielesammlung Band 1 - Retrocomputing WHV\" \/>\n<meta property=\"og:description\" content=\"Markt und Technik &#8211; 64er Spielesammlung Band 1 &#8211; Autor Axel Seibert1. Auflage &#8211; Erscheinungsjahr 1987 &#8211; ISBN 3-89090-429-7 Lassen Sie sich in eine abenteuerliche Spielewelt entf\u00fchren! Alles, was Sie brauchen, ist ein C64 oder ein C128, beiliegende Spielediskette \u2013 und schon kann die Reise losgehen. Beweisen Sie Ihre Joystick-K\u00fcnste, indem Sie sicher den Weg aus dem Labyrinth finden! Bewahren\" \/>\n<meta property=\"og:url\" content=\"https:\/\/www.retrocomputing-whv.net\/?page_id=1341\" \/>\n<meta property=\"og:site_name\" content=\"Retrocomputing WHV\" \/>\n<meta property=\"article:modified_time\" content=\"2021-01-17T14:50:08+00:00\" \/>\n<meta property=\"og:image\" content=\"https:\/\/www.retrocomputing-whv.net\/wp-content\/uploads\/2020\/07\/Markt-und-Technik-64er-Spielesammlung-Band-1-712x1024.jpg\" \/>\n<meta name=\"twitter:card\" content=\"summary_large_image\" \/>\n<meta name=\"twitter:label1\" content=\"Gesch\u00e4tzte Lesezeit\" \/>\n\t<meta name=\"twitter:data1\" content=\"2\u00a0Minuten\" \/>\n<script type=\"application\/ld+json\" class=\"yoast-schema-graph\">{\"@context\":\"https:\\\/\\\/schema.org\",\"@graph\":[{\"@type\":\"WebPage\",\"@id\":\"https:\\\/\\\/www.retrocomputing-whv.net\\\/?page_id=1341\",\"url\":\"https:\\\/\\\/www.retrocomputing-whv.net\\\/?page_id=1341\",\"name\":\"64\u00b4er Spielesammlung Band 1 - Retrocomputing WHV\",\"isPartOf\":{\"@id\":\"https:\\\/\\\/www.retrocomputing-whv.net\\\/#website\"},\"primaryImageOfPage\":{\"@id\":\"https:\\\/\\\/www.retrocomputing-whv.net\\\/?page_id=1341#primaryimage\"},\"image\":{\"@id\":\"https:\\\/\\\/www.retrocomputing-whv.net\\\/?page_id=1341#primaryimage\"},\"thumbnailUrl\":\"https:\\\/\\\/www.retrocomputing-whv.net\\\/wp-content\\\/uploads\\\/2020\\\/07\\\/Markt-und-Technik-64er-Spielesammlung-Band-1-712x1024.jpg\",\"datePublished\":\"2021-01-17T14:42:32+00:00\",\"dateModified\":\"2021-01-17T14:50:08+00:00\",\"breadcrumb\":{\"@id\":\"https:\\\/\\\/www.retrocomputing-whv.net\\\/?page_id=1341#breadcrumb\"},\"inLanguage\":\"de\",\"potentialAction\":[{\"@type\":\"ReadAction\",\"target\":[\"https:\\\/\\\/www.retrocomputing-whv.net\\\/?page_id=1341\"]}]},{\"@type\":\"ImageObject\",\"inLanguage\":\"de\",\"@id\":\"https:\\\/\\\/www.retrocomputing-whv.net\\\/?page_id=1341#primaryimage\",\"url\":\"https:\\\/\\\/www.retrocomputing-whv.net\\\/wp-content\\\/uploads\\\/2020\\\/07\\\/Markt-und-Technik-64er-Spielesammlung-Band-1.jpg\",\"contentUrl\":\"https:\\\/\\\/www.retrocomputing-whv.net\\\/wp-content\\\/uploads\\\/2020\\\/07\\\/Markt-und-Technik-64er-Spielesammlung-Band-1.jpg\",\"width\":1200,\"height\":1725,\"caption\":\"Markt und Technik - 64er Spielesammlung Band 1\"},{\"@type\":\"BreadcrumbList\",\"@id\":\"https:\\\/\\\/www.retrocomputing-whv.net\\\/?page_id=1341#breadcrumb\",\"itemListElement\":[{\"@type\":\"ListItem\",\"position\":1,\"name\":\"Startseite\",\"item\":\"https:\\\/\\\/www.retrocomputing-whv.net\\\/\"},{\"@type\":\"ListItem\",\"position\":2,\"name\":\"Literatur\",\"item\":\"https:\\\/\\\/www.retrocomputing-whv.net\\\/?page_id=105\"},{\"@type\":\"ListItem\",\"position\":3,\"name\":\"Markt &#038; Technik\",\"item\":\"https:\\\/\\\/www.retrocomputing-whv.net\\\/?page_id=1170\"},{\"@type\":\"ListItem\",\"position\":4,\"name\":\"Commodore 64\",\"item\":\"https:\\\/\\\/www.retrocomputing-whv.net\\\/?page_id=1344\"},{\"@type\":\"ListItem\",\"position\":5,\"name\":\"64\u00b4er Spielesammlung Band 1\"}]},{\"@type\":\"WebSite\",\"@id\":\"https:\\\/\\\/www.retrocomputing-whv.net\\\/#website\",\"url\":\"https:\\\/\\\/www.retrocomputing-whv.net\\\/\",\"name\":\"Retrocomputing WHV\",\"description\":\"\",\"publisher\":{\"@id\":\"https:\\\/\\\/www.retrocomputing-whv.net\\\/#organization\"},\"potentialAction\":[{\"@type\":\"SearchAction\",\"target\":{\"@type\":\"EntryPoint\",\"urlTemplate\":\"https:\\\/\\\/www.retrocomputing-whv.net\\\/?s={search_term_string}\"},\"query-input\":{\"@type\":\"PropertyValueSpecification\",\"valueRequired\":true,\"valueName\":\"search_term_string\"}}],\"inLanguage\":\"de\"},{\"@type\":\"Organization\",\"@id\":\"https:\\\/\\\/www.retrocomputing-whv.net\\\/#organization\",\"name\":\"Retrocomputing-WHV\",\"url\":\"https:\\\/\\\/www.retrocomputing-whv.net\\\/\",\"logo\":{\"@type\":\"ImageObject\",\"inLanguage\":\"de\",\"@id\":\"https:\\\/\\\/www.retrocomputing-whv.net\\\/#\\\/schema\\\/logo\\\/image\\\/\",\"url\":\"https:\\\/\\\/www.retrocomputing-whv.net\\\/wp-content\\\/uploads\\\/2020\\\/04\\\/Logo.png\",\"contentUrl\":\"https:\\\/\\\/www.retrocomputing-whv.net\\\/wp-content\\\/uploads\\\/2020\\\/04\\\/Logo.png\",\"width\":1340,\"height\":250,\"caption\":\"Retrocomputing-WHV\"},\"image\":{\"@id\":\"https:\\\/\\\/www.retrocomputing-whv.net\\\/#\\\/schema\\\/logo\\\/image\\\/\"}}]}<\/script>\n<!-- \/ Yoast SEO plugin. -->","yoast_head_json":{"title":"64\u00b4er Spielesammlung Band 1 - Retrocomputing WHV","robots":{"index":"index","follow":"follow","max-snippet":"max-snippet:-1","max-image-preview":"max-image-preview:large","max-video-preview":"max-video-preview:-1"},"canonical":"https:\/\/www.retrocomputing-whv.net\/?page_id=1341","og_locale":"de_DE","og_type":"article","og_title":"64\u00b4er Spielesammlung Band 1 - Retrocomputing WHV","og_description":"Markt und Technik &#8211; 64er Spielesammlung Band 1 &#8211; Autor Axel Seibert1. Auflage &#8211; Erscheinungsjahr 1987 &#8211; ISBN 3-89090-429-7 Lassen Sie sich in eine abenteuerliche Spielewelt entf\u00fchren! Alles, was Sie brauchen, ist ein C64 oder ein C128, beiliegende Spielediskette \u2013 und schon kann die Reise losgehen. Beweisen Sie Ihre Joystick-K\u00fcnste, indem Sie sicher den Weg aus dem Labyrinth finden! Bewahren","og_url":"https:\/\/www.retrocomputing-whv.net\/?page_id=1341","og_site_name":"Retrocomputing WHV","article_modified_time":"2021-01-17T14:50:08+00:00","og_image":[{"url":"https:\/\/www.retrocomputing-whv.net\/wp-content\/uploads\/2020\/07\/Markt-und-Technik-64er-Spielesammlung-Band-1-712x1024.jpg","type":"","width":"","height":""}],"twitter_card":"summary_large_image","twitter_misc":{"Gesch\u00e4tzte Lesezeit":"2\u00a0Minuten"},"schema":{"@context":"https:\/\/schema.org","@graph":[{"@type":"WebPage","@id":"https:\/\/www.retrocomputing-whv.net\/?page_id=1341","url":"https:\/\/www.retrocomputing-whv.net\/?page_id=1341","name":"64\u00b4er Spielesammlung Band 1 - Retrocomputing WHV","isPartOf":{"@id":"https:\/\/www.retrocomputing-whv.net\/#website"},"primaryImageOfPage":{"@id":"https:\/\/www.retrocomputing-whv.net\/?page_id=1341#primaryimage"},"image":{"@id":"https:\/\/www.retrocomputing-whv.net\/?page_id=1341#primaryimage"},"thumbnailUrl":"https:\/\/www.retrocomputing-whv.net\/wp-content\/uploads\/2020\/07\/Markt-und-Technik-64er-Spielesammlung-Band-1-712x1024.jpg","datePublished":"2021-01-17T14:42:32+00:00","dateModified":"2021-01-17T14:50:08+00:00","breadcrumb":{"@id":"https:\/\/www.retrocomputing-whv.net\/?page_id=1341#breadcrumb"},"inLanguage":"de","potentialAction":[{"@type":"ReadAction","target":["https:\/\/www.retrocomputing-whv.net\/?page_id=1341"]}]},{"@type":"ImageObject","inLanguage":"de","@id":"https:\/\/www.retrocomputing-whv.net\/?page_id=1341#primaryimage","url":"https:\/\/www.retrocomputing-whv.net\/wp-content\/uploads\/2020\/07\/Markt-und-Technik-64er-Spielesammlung-Band-1.jpg","contentUrl":"https:\/\/www.retrocomputing-whv.net\/wp-content\/uploads\/2020\/07\/Markt-und-Technik-64er-Spielesammlung-Band-1.jpg","width":1200,"height":1725,"caption":"Markt und Technik - 64er Spielesammlung Band 1"},{"@type":"BreadcrumbList","@id":"https:\/\/www.retrocomputing-whv.net\/?page_id=1341#breadcrumb","itemListElement":[{"@type":"ListItem","position":1,"name":"Startseite","item":"https:\/\/www.retrocomputing-whv.net\/"},{"@type":"ListItem","position":2,"name":"Literatur","item":"https:\/\/www.retrocomputing-whv.net\/?page_id=105"},{"@type":"ListItem","position":3,"name":"Markt &#038; Technik","item":"https:\/\/www.retrocomputing-whv.net\/?page_id=1170"},{"@type":"ListItem","position":4,"name":"Commodore 64","item":"https:\/\/www.retrocomputing-whv.net\/?page_id=1344"},{"@type":"ListItem","position":5,"name":"64\u00b4er Spielesammlung Band 1"}]},{"@type":"WebSite","@id":"https:\/\/www.retrocomputing-whv.net\/#website","url":"https:\/\/www.retrocomputing-whv.net\/","name":"Retrocomputing WHV","description":"","publisher":{"@id":"https:\/\/www.retrocomputing-whv.net\/#organization"},"potentialAction":[{"@type":"SearchAction","target":{"@type":"EntryPoint","urlTemplate":"https:\/\/www.retrocomputing-whv.net\/?s={search_term_string}"},"query-input":{"@type":"PropertyValueSpecification","valueRequired":true,"valueName":"search_term_string"}}],"inLanguage":"de"},{"@type":"Organization","@id":"https:\/\/www.retrocomputing-whv.net\/#organization","name":"Retrocomputing-WHV","url":"https:\/\/www.retrocomputing-whv.net\/","logo":{"@type":"ImageObject","inLanguage":"de","@id":"https:\/\/www.retrocomputing-whv.net\/#\/schema\/logo\/image\/","url":"https:\/\/www.retrocomputing-whv.net\/wp-content\/uploads\/2020\/04\/Logo.png","contentUrl":"https:\/\/www.retrocomputing-whv.net\/wp-content\/uploads\/2020\/04\/Logo.png","width":1340,"height":250,"caption":"Retrocomputing-WHV"},"image":{"@id":"https:\/\/www.retrocomputing-whv.net\/#\/schema\/logo\/image\/"}}]}},"_links":{"self":[{"href":"https:\/\/www.retrocomputing-whv.net\/index.php?rest_route=\/wp\/v2\/pages\/1341","targetHints":{"allow":["GET"]}}],"collection":[{"href":"https:\/\/www.retrocomputing-whv.net\/index.php?rest_route=\/wp\/v2\/pages"}],"about":[{"href":"https:\/\/www.retrocomputing-whv.net\/index.php?rest_route=\/wp\/v2\/types\/page"}],"author":[{"embeddable":true,"href":"https:\/\/www.retrocomputing-whv.net\/index.php?rest_route=\/wp\/v2\/users\/1"}],"replies":[{"embeddable":true,"href":"https:\/\/www.retrocomputing-whv.net\/index.php?rest_route=%2Fwp%2Fv2%2Fcomments&post=1341"}],"version-history":[{"count":2,"href":"https:\/\/www.retrocomputing-whv.net\/index.php?rest_route=\/wp\/v2\/pages\/1341\/revisions"}],"predecessor-version":[{"id":1347,"href":"https:\/\/www.retrocomputing-whv.net\/index.php?rest_route=\/wp\/v2\/pages\/1341\/revisions\/1347"}],"up":[{"embeddable":true,"href":"https:\/\/www.retrocomputing-whv.net\/index.php?rest_route=\/wp\/v2\/pages\/1344"}],"wp:attachment":[{"href":"https:\/\/www.retrocomputing-whv.net\/index.php?rest_route=%2Fwp%2Fv2%2Fmedia&parent=1341"}],"curies":[{"name":"wp","href":"https:\/\/api.w.org\/{rel}","templated":true}]}}