{"id":1350,"date":"2021-01-17T16:00:48","date_gmt":"2021-01-17T15:00:48","guid":{"rendered":"https:\/\/www.retrocomputing-whv.net\/?page_id=1350"},"modified":"2021-01-17T16:01:04","modified_gmt":"2021-01-17T15:01:04","slug":"64er-spielesammlung-band-3","status":"publish","type":"page","link":"https:\/\/www.retrocomputing-whv.net\/?page_id=1350","title":{"rendered":"64\u00b4er Spielesammlung Band 3"},"content":{"rendered":"\n<figure class=\"wp-block-image size-large\"><img loading=\"lazy\" decoding=\"async\" width=\"717\" height=\"1024\" src=\"https:\/\/www.retrocomputing-whv.net\/wp-content\/uploads\/2020\/07\/Markt-und-Technik-64er-Spielesammlung-Band-3-717x1024.jpg\" alt=\"Markt und Technik - 64er Spielesammlung Band 3\" class=\"wp-image-594\" srcset=\"https:\/\/www.retrocomputing-whv.net\/wp-content\/uploads\/2020\/07\/Markt-und-Technik-64er-Spielesammlung-Band-3-717x1024.jpg 717w, https:\/\/www.retrocomputing-whv.net\/wp-content\/uploads\/2020\/07\/Markt-und-Technik-64er-Spielesammlung-Band-3-210x300.jpg 210w, https:\/\/www.retrocomputing-whv.net\/wp-content\/uploads\/2020\/07\/Markt-und-Technik-64er-Spielesammlung-Band-3-768x1098.jpg 768w, https:\/\/www.retrocomputing-whv.net\/wp-content\/uploads\/2020\/07\/Markt-und-Technik-64er-Spielesammlung-Band-3-1075x1536.jpg 1075w, https:\/\/www.retrocomputing-whv.net\/wp-content\/uploads\/2020\/07\/Markt-und-Technik-64er-Spielesammlung-Band-3.jpg 1200w\" sizes=\"auto, (max-width: 717px) 100vw, 717px\" \/><\/figure>\n\n\n\n<p>Markt und Technik &#8211; 64er Spielesammlung Band 3 &#8211; Autor Axel Seibert<br>1. Auflage &#8211;  Erscheinungsjahr 1988 &#8211; ISBN 3-89090-596-X<\/p>\n\n\n\n<p>Lassen Sie sich auch mit dem dritten Band dieser erfolgreichen Spielebibliothek wieder in eine zauberhafte Spielewelt entf\u00fchren. Dazu brauchen Sie nur einen C64 oder einen C128, beiliegende Diskette und \u2013 gute Nerven! Es erwarten Sie wieder mannigfaltige Gefahren mit Zauberern, Agenten und B\u00f6sewichten. F\u00fcr gute Unterhaltung und ausgiebigen Spielespa\u00df ist gesorgt! Alle zw\u00f6lf Spiele sind verst\u00e4ndlich beschrieben, mit farbigen Bildschirmfotos kurz vorgestellt, und mit dem auf der Diskette enthaltenen Schnellader (Ultraload Plus), lassen sich die Ladezeiten bis auf 1\/8 der urspr\u00fcnglichen Ladezeit verk\u00fcrzen.<\/p>\n\n\n\n<ul class=\"wp-block-list\"><li>Arabian Treasurehunt: Im Morgenland einen magischen Teppich zu finden, d\u00fcrfte keine leichte Aufgabe sein, oder?<\/li><li>Block\u00b4n\u00b4Bubble: Wenn Sie sich schon als Zauberer bet\u00e4tigen mussten, warum dann so, dass Sie von Ihren eigenen Produkten gef\u00e4hrdet werden?!<\/li><li>Robo\u00b4s Revenge: Helfen Sie dem armen Robo-Egg durch ein gef\u00e4hrliches Labyrinth!<\/li><li>Race oft he Bones: Hier sind Nerven gefragt. Es ist schlie\u00dflich nicht allt\u00e4glich, dass man Knochen sammeln geht\u2026.<\/li><li>Quadranoid: Eine \u00e4u\u00dferst professionelle Umsetzung des bekannten Spielhallenhits Acranoid.<\/li><li>Future Race: Zwei Personen k\u00f6nnen auf je einem halben Bildschirm Rennen austragen. Sie glauben das nicht? Schauen Sie rein!<\/li><li>Risiko: Die Politiker k\u00f6nnen das nicht. Da m\u00fcssen in der Kriegsf\u00fchrung so erfahrene Leute wie Sie heran!<\/li><li>Copter-Fight: Einen Spion am Verlassen der Stadt zu hindern? Ein Kinderspiel \u2013 wenn Sie vorher mit Copter-Fight flei\u00dfig trainiert haben.<\/li><li>Asteroids 64: Die erste Umsetzung des bekannten Automatenspiels!<\/li><li>Verminator: Sie besitzen einen Kampfpanzer der neuesten Art und m\u00fcssen eine ganze Stadt vor dem Untergang retten.<\/li><li>Der kleine Hobbit: Diese deutsche Version des bekannten Adventures h\u00e4lt sich mehr an das Buch als das englische Original!<\/li><li>Odyssey: Hier gilt es, von einer vermeintlich einsamen Insel wieder in die Zivilisation zur\u00fcckzufinden.<\/li><li>Hardware-Anforderungen: C64 oder C128 beziehungsweise C128D (64\u00b4er Modus), Floppy 1541, 1570 oder 1571 und mindestens einen Joystick, f\u00fcr Partnerspiele zwei Joysticks.<\/li><\/ul>\n\n\n\n<figure class=\"wp-block-image size-large\"><a href=\"https:\/\/www.retrocomputing-whv.net\/?page_id=1344\"><img loading=\"lazy\" decoding=\"async\" width=\"256\" height=\"136\" src=\"https:\/\/www.retrocomputing-whv.net\/wp-content\/uploads\/2020\/08\/Backspace.jpg\" alt=\"Backspace\" class=\"wp-image-681\"\/><\/a><\/figure>\n","protected":false},"excerpt":{"rendered":"<p>Markt und Technik &#8211; 64er Spielesammlung Band 3 &#8211; Autor Axel Seibert1. Auflage &#8211; Erscheinungsjahr 1988 &#8211; ISBN 3-89090-596-X Lassen Sie sich auch mit dem dritten Band dieser erfolgreichen Spielebibliothek wieder in eine zauberhafte Spielewelt entf\u00fchren. Dazu brauchen Sie nur einen C64 oder einen C128, beiliegende Diskette und \u2013 gute Nerven! Es erwarten Sie wieder mannigfaltige Gefahren mit Zauberern, Agenten<\/p>\n","protected":false},"author":1,"featured_media":0,"parent":1344,"menu_order":0,"comment_status":"closed","ping_status":"closed","template":"","meta":{"footnotes":""},"class_list":["post-1350","page","type-page","status-publish","hentry"],"yoast_head":"<!-- This site is optimized with the Yoast SEO plugin v27.5 - https:\/\/yoast.com\/product\/yoast-seo-wordpress\/ -->\n<title>64\u00b4er Spielesammlung Band 3 - Retrocomputing WHV<\/title>\n<meta name=\"robots\" content=\"index, follow, max-snippet:-1, max-image-preview:large, max-video-preview:-1\" \/>\n<link rel=\"canonical\" href=\"https:\/\/www.retrocomputing-whv.net\/?page_id=1350\" \/>\n<meta property=\"og:locale\" content=\"de_DE\" \/>\n<meta property=\"og:type\" content=\"article\" \/>\n<meta property=\"og:title\" content=\"64\u00b4er Spielesammlung Band 3 - Retrocomputing WHV\" \/>\n<meta property=\"og:description\" content=\"Markt und Technik &#8211; 64er Spielesammlung Band 3 &#8211; Autor Axel Seibert1. Auflage &#8211; Erscheinungsjahr 1988 &#8211; ISBN 3-89090-596-X Lassen Sie sich auch mit dem dritten Band dieser erfolgreichen Spielebibliothek wieder in eine zauberhafte Spielewelt entf\u00fchren. Dazu brauchen Sie nur einen C64 oder einen C128, beiliegende Diskette und \u2013 gute Nerven! Es erwarten Sie wieder mannigfaltige Gefahren mit Zauberern, Agenten\" \/>\n<meta property=\"og:url\" content=\"https:\/\/www.retrocomputing-whv.net\/?page_id=1350\" \/>\n<meta property=\"og:site_name\" content=\"Retrocomputing WHV\" \/>\n<meta property=\"article:modified_time\" content=\"2021-01-17T15:01:04+00:00\" \/>\n<meta property=\"og:image\" content=\"https:\/\/www.retrocomputing-whv.net\/wp-content\/uploads\/2020\/07\/Markt-und-Technik-64er-Spielesammlung-Band-3-717x1024.jpg\" \/>\n<meta name=\"twitter:card\" content=\"summary_large_image\" \/>\n<meta name=\"twitter:label1\" content=\"Gesch\u00e4tzte Lesezeit\" \/>\n\t<meta name=\"twitter:data1\" content=\"2\u00a0Minuten\" \/>\n<script type=\"application\/ld+json\" class=\"yoast-schema-graph\">{\"@context\":\"https:\\\/\\\/schema.org\",\"@graph\":[{\"@type\":\"WebPage\",\"@id\":\"https:\\\/\\\/www.retrocomputing-whv.net\\\/?page_id=1350\",\"url\":\"https:\\\/\\\/www.retrocomputing-whv.net\\\/?page_id=1350\",\"name\":\"64\u00b4er Spielesammlung Band 3 - Retrocomputing WHV\",\"isPartOf\":{\"@id\":\"https:\\\/\\\/www.retrocomputing-whv.net\\\/#website\"},\"primaryImageOfPage\":{\"@id\":\"https:\\\/\\\/www.retrocomputing-whv.net\\\/?page_id=1350#primaryimage\"},\"image\":{\"@id\":\"https:\\\/\\\/www.retrocomputing-whv.net\\\/?page_id=1350#primaryimage\"},\"thumbnailUrl\":\"https:\\\/\\\/www.retrocomputing-whv.net\\\/wp-content\\\/uploads\\\/2020\\\/07\\\/Markt-und-Technik-64er-Spielesammlung-Band-3-717x1024.jpg\",\"datePublished\":\"2021-01-17T15:00:48+00:00\",\"dateModified\":\"2021-01-17T15:01:04+00:00\",\"breadcrumb\":{\"@id\":\"https:\\\/\\\/www.retrocomputing-whv.net\\\/?page_id=1350#breadcrumb\"},\"inLanguage\":\"de\",\"potentialAction\":[{\"@type\":\"ReadAction\",\"target\":[\"https:\\\/\\\/www.retrocomputing-whv.net\\\/?page_id=1350\"]}]},{\"@type\":\"ImageObject\",\"inLanguage\":\"de\",\"@id\":\"https:\\\/\\\/www.retrocomputing-whv.net\\\/?page_id=1350#primaryimage\",\"url\":\"https:\\\/\\\/www.retrocomputing-whv.net\\\/wp-content\\\/uploads\\\/2020\\\/07\\\/Markt-und-Technik-64er-Spielesammlung-Band-3.jpg\",\"contentUrl\":\"https:\\\/\\\/www.retrocomputing-whv.net\\\/wp-content\\\/uploads\\\/2020\\\/07\\\/Markt-und-Technik-64er-Spielesammlung-Band-3.jpg\",\"width\":1200,\"height\":1715,\"caption\":\"Markt und Technik - 64er Spielesammlung Band 3\"},{\"@type\":\"BreadcrumbList\",\"@id\":\"https:\\\/\\\/www.retrocomputing-whv.net\\\/?page_id=1350#breadcrumb\",\"itemListElement\":[{\"@type\":\"ListItem\",\"position\":1,\"name\":\"Startseite\",\"item\":\"https:\\\/\\\/www.retrocomputing-whv.net\\\/\"},{\"@type\":\"ListItem\",\"position\":2,\"name\":\"Literatur\",\"item\":\"https:\\\/\\\/www.retrocomputing-whv.net\\\/?page_id=105\"},{\"@type\":\"ListItem\",\"position\":3,\"name\":\"Markt &#038; Technik\",\"item\":\"https:\\\/\\\/www.retrocomputing-whv.net\\\/?page_id=1170\"},{\"@type\":\"ListItem\",\"position\":4,\"name\":\"Commodore 64\",\"item\":\"https:\\\/\\\/www.retrocomputing-whv.net\\\/?page_id=1344\"},{\"@type\":\"ListItem\",\"position\":5,\"name\":\"64\u00b4er Spielesammlung Band 3\"}]},{\"@type\":\"WebSite\",\"@id\":\"https:\\\/\\\/www.retrocomputing-whv.net\\\/#website\",\"url\":\"https:\\\/\\\/www.retrocomputing-whv.net\\\/\",\"name\":\"Retrocomputing WHV\",\"description\":\"\",\"publisher\":{\"@id\":\"https:\\\/\\\/www.retrocomputing-whv.net\\\/#organization\"},\"potentialAction\":[{\"@type\":\"SearchAction\",\"target\":{\"@type\":\"EntryPoint\",\"urlTemplate\":\"https:\\\/\\\/www.retrocomputing-whv.net\\\/?s={search_term_string}\"},\"query-input\":{\"@type\":\"PropertyValueSpecification\",\"valueRequired\":true,\"valueName\":\"search_term_string\"}}],\"inLanguage\":\"de\"},{\"@type\":\"Organization\",\"@id\":\"https:\\\/\\\/www.retrocomputing-whv.net\\\/#organization\",\"name\":\"Retrocomputing-WHV\",\"url\":\"https:\\\/\\\/www.retrocomputing-whv.net\\\/\",\"logo\":{\"@type\":\"ImageObject\",\"inLanguage\":\"de\",\"@id\":\"https:\\\/\\\/www.retrocomputing-whv.net\\\/#\\\/schema\\\/logo\\\/image\\\/\",\"url\":\"https:\\\/\\\/www.retrocomputing-whv.net\\\/wp-content\\\/uploads\\\/2020\\\/04\\\/Logo.png\",\"contentUrl\":\"https:\\\/\\\/www.retrocomputing-whv.net\\\/wp-content\\\/uploads\\\/2020\\\/04\\\/Logo.png\",\"width\":1340,\"height\":250,\"caption\":\"Retrocomputing-WHV\"},\"image\":{\"@id\":\"https:\\\/\\\/www.retrocomputing-whv.net\\\/#\\\/schema\\\/logo\\\/image\\\/\"}}]}<\/script>\n<!-- \/ Yoast SEO plugin. -->","yoast_head_json":{"title":"64\u00b4er Spielesammlung Band 3 - Retrocomputing WHV","robots":{"index":"index","follow":"follow","max-snippet":"max-snippet:-1","max-image-preview":"max-image-preview:large","max-video-preview":"max-video-preview:-1"},"canonical":"https:\/\/www.retrocomputing-whv.net\/?page_id=1350","og_locale":"de_DE","og_type":"article","og_title":"64\u00b4er Spielesammlung Band 3 - Retrocomputing WHV","og_description":"Markt und Technik &#8211; 64er Spielesammlung Band 3 &#8211; Autor Axel Seibert1. Auflage &#8211; Erscheinungsjahr 1988 &#8211; ISBN 3-89090-596-X Lassen Sie sich auch mit dem dritten Band dieser erfolgreichen Spielebibliothek wieder in eine zauberhafte Spielewelt entf\u00fchren. Dazu brauchen Sie nur einen C64 oder einen C128, beiliegende Diskette und \u2013 gute Nerven! Es erwarten Sie wieder mannigfaltige Gefahren mit Zauberern, Agenten","og_url":"https:\/\/www.retrocomputing-whv.net\/?page_id=1350","og_site_name":"Retrocomputing WHV","article_modified_time":"2021-01-17T15:01:04+00:00","og_image":[{"url":"https:\/\/www.retrocomputing-whv.net\/wp-content\/uploads\/2020\/07\/Markt-und-Technik-64er-Spielesammlung-Band-3-717x1024.jpg","type":"","width":"","height":""}],"twitter_card":"summary_large_image","twitter_misc":{"Gesch\u00e4tzte Lesezeit":"2\u00a0Minuten"},"schema":{"@context":"https:\/\/schema.org","@graph":[{"@type":"WebPage","@id":"https:\/\/www.retrocomputing-whv.net\/?page_id=1350","url":"https:\/\/www.retrocomputing-whv.net\/?page_id=1350","name":"64\u00b4er Spielesammlung Band 3 - Retrocomputing WHV","isPartOf":{"@id":"https:\/\/www.retrocomputing-whv.net\/#website"},"primaryImageOfPage":{"@id":"https:\/\/www.retrocomputing-whv.net\/?page_id=1350#primaryimage"},"image":{"@id":"https:\/\/www.retrocomputing-whv.net\/?page_id=1350#primaryimage"},"thumbnailUrl":"https:\/\/www.retrocomputing-whv.net\/wp-content\/uploads\/2020\/07\/Markt-und-Technik-64er-Spielesammlung-Band-3-717x1024.jpg","datePublished":"2021-01-17T15:00:48+00:00","dateModified":"2021-01-17T15:01:04+00:00","breadcrumb":{"@id":"https:\/\/www.retrocomputing-whv.net\/?page_id=1350#breadcrumb"},"inLanguage":"de","potentialAction":[{"@type":"ReadAction","target":["https:\/\/www.retrocomputing-whv.net\/?page_id=1350"]}]},{"@type":"ImageObject","inLanguage":"de","@id":"https:\/\/www.retrocomputing-whv.net\/?page_id=1350#primaryimage","url":"https:\/\/www.retrocomputing-whv.net\/wp-content\/uploads\/2020\/07\/Markt-und-Technik-64er-Spielesammlung-Band-3.jpg","contentUrl":"https:\/\/www.retrocomputing-whv.net\/wp-content\/uploads\/2020\/07\/Markt-und-Technik-64er-Spielesammlung-Band-3.jpg","width":1200,"height":1715,"caption":"Markt und Technik - 64er Spielesammlung Band 3"},{"@type":"BreadcrumbList","@id":"https:\/\/www.retrocomputing-whv.net\/?page_id=1350#breadcrumb","itemListElement":[{"@type":"ListItem","position":1,"name":"Startseite","item":"https:\/\/www.retrocomputing-whv.net\/"},{"@type":"ListItem","position":2,"name":"Literatur","item":"https:\/\/www.retrocomputing-whv.net\/?page_id=105"},{"@type":"ListItem","position":3,"name":"Markt &#038; Technik","item":"https:\/\/www.retrocomputing-whv.net\/?page_id=1170"},{"@type":"ListItem","position":4,"name":"Commodore 64","item":"https:\/\/www.retrocomputing-whv.net\/?page_id=1344"},{"@type":"ListItem","position":5,"name":"64\u00b4er Spielesammlung Band 3"}]},{"@type":"WebSite","@id":"https:\/\/www.retrocomputing-whv.net\/#website","url":"https:\/\/www.retrocomputing-whv.net\/","name":"Retrocomputing WHV","description":"","publisher":{"@id":"https:\/\/www.retrocomputing-whv.net\/#organization"},"potentialAction":[{"@type":"SearchAction","target":{"@type":"EntryPoint","urlTemplate":"https:\/\/www.retrocomputing-whv.net\/?s={search_term_string}"},"query-input":{"@type":"PropertyValueSpecification","valueRequired":true,"valueName":"search_term_string"}}],"inLanguage":"de"},{"@type":"Organization","@id":"https:\/\/www.retrocomputing-whv.net\/#organization","name":"Retrocomputing-WHV","url":"https:\/\/www.retrocomputing-whv.net\/","logo":{"@type":"ImageObject","inLanguage":"de","@id":"https:\/\/www.retrocomputing-whv.net\/#\/schema\/logo\/image\/","url":"https:\/\/www.retrocomputing-whv.net\/wp-content\/uploads\/2020\/04\/Logo.png","contentUrl":"https:\/\/www.retrocomputing-whv.net\/wp-content\/uploads\/2020\/04\/Logo.png","width":1340,"height":250,"caption":"Retrocomputing-WHV"},"image":{"@id":"https:\/\/www.retrocomputing-whv.net\/#\/schema\/logo\/image\/"}}]}},"_links":{"self":[{"href":"https:\/\/www.retrocomputing-whv.net\/index.php?rest_route=\/wp\/v2\/pages\/1350","targetHints":{"allow":["GET"]}}],"collection":[{"href":"https:\/\/www.retrocomputing-whv.net\/index.php?rest_route=\/wp\/v2\/pages"}],"about":[{"href":"https:\/\/www.retrocomputing-whv.net\/index.php?rest_route=\/wp\/v2\/types\/page"}],"author":[{"embeddable":true,"href":"https:\/\/www.retrocomputing-whv.net\/index.php?rest_route=\/wp\/v2\/users\/1"}],"replies":[{"embeddable":true,"href":"https:\/\/www.retrocomputing-whv.net\/index.php?rest_route=%2Fwp%2Fv2%2Fcomments&post=1350"}],"version-history":[{"count":1,"href":"https:\/\/www.retrocomputing-whv.net\/index.php?rest_route=\/wp\/v2\/pages\/1350\/revisions"}],"predecessor-version":[{"id":1351,"href":"https:\/\/www.retrocomputing-whv.net\/index.php?rest_route=\/wp\/v2\/pages\/1350\/revisions\/1351"}],"up":[{"embeddable":true,"href":"https:\/\/www.retrocomputing-whv.net\/index.php?rest_route=\/wp\/v2\/pages\/1344"}],"wp:attachment":[{"href":"https:\/\/www.retrocomputing-whv.net\/index.php?rest_route=%2Fwp%2Fv2%2Fmedia&parent=1350"}],"curies":[{"name":"wp","href":"https:\/\/api.w.org\/{rel}","templated":true}]}}