{"id":1353,"date":"2021-01-17T16:12:47","date_gmt":"2021-01-17T15:12:47","guid":{"rendered":"https:\/\/www.retrocomputing-whv.net\/?page_id=1353"},"modified":"2021-01-17T16:17:43","modified_gmt":"2021-01-17T15:17:43","slug":"geos-erfolgreich-starten-sicher-nutzen","status":"publish","type":"page","link":"https:\/\/www.retrocomputing-whv.net\/?page_id=1353","title":{"rendered":"GEOS &#8211; Erfolgreich starten &#8211; sicher nutzen"},"content":{"rendered":"\n<figure class=\"wp-block-image size-large\"><img loading=\"lazy\" decoding=\"async\" width=\"721\" height=\"1024\" src=\"https:\/\/www.retrocomputing-whv.net\/wp-content\/uploads\/2020\/08\/Markt-und-Technik-GEOS-Erfolgreich-starten-sicher-nutzen-721x1024.jpg\" alt=\"Markt und Technik - GEOS - Erfolgreich starten - sicher nutzen\" class=\"wp-image-649\" srcset=\"https:\/\/www.retrocomputing-whv.net\/wp-content\/uploads\/2020\/08\/Markt-und-Technik-GEOS-Erfolgreich-starten-sicher-nutzen-721x1024.jpg 721w, https:\/\/www.retrocomputing-whv.net\/wp-content\/uploads\/2020\/08\/Markt-und-Technik-GEOS-Erfolgreich-starten-sicher-nutzen-211x300.jpg 211w, https:\/\/www.retrocomputing-whv.net\/wp-content\/uploads\/2020\/08\/Markt-und-Technik-GEOS-Erfolgreich-starten-sicher-nutzen-768x1091.jpg 768w, https:\/\/www.retrocomputing-whv.net\/wp-content\/uploads\/2020\/08\/Markt-und-Technik-GEOS-Erfolgreich-starten-sicher-nutzen-1082x1536.jpg 1082w, https:\/\/www.retrocomputing-whv.net\/wp-content\/uploads\/2020\/08\/Markt-und-Technik-GEOS-Erfolgreich-starten-sicher-nutzen.jpg 1200w\" sizes=\"auto, (max-width: 721px) 100vw, 721px\" \/><\/figure>\n\n\n\n<p>Markt und Technik &#8211; Autor Ronald K\u00f6rber<br>1. Auflage &#8211;  Erscheinungsjahr 1991 &#8211; ISBN 3-87791-176-5 &#8211; DM 39,00,-<\/p>\n\n\n\n<p><strong>Zum Programm:<\/strong><br>Der bis heute ungebrochene Siegeszug von GEOS beweist es: GEOS bleibt in seiner Leistungsf\u00e4higkeit un\u00fcbertroffen. Es erschlie\u00dft dem C64 eine v\u00f6llig neue Software-Generation und steigert seine Leistung um ein Vielfaches. GEOS ist aber nicht nur ein grafisches Betriebssystem, sondern gleichzeitig ein integriertes Software-Paket mit sechs leistungsstarken Applikationen. Ob Sie ein anspruchsvolles Dokument gestalten wollen, es auf Rechtschreibfehler \u00fcberpr\u00fcfen m\u00f6chten oder Ihre Kunstwerke zu Papier bringen wollen \u2013 mit GeoWrite, GeoSpell, GeoPaint \u2026 kein Problem \u2013 gewusst, wie!<\/p>\n\n\n\n<p><strong>Zum Buch:<\/strong><br>Workshop \u2013 das hei\u00dft: sichere Lernerfolge in k\u00fcrzester Zeit<\/p>\n\n\n\n<p><strong>Erfolgreich starten<\/strong><br>Im Einf\u00fchrungskapitel erfahren Sie alles, was zum grundlegenden Umgang mit GEOS und diesem Buch notwendig ist.<br>Au\u00dferdem: Starthilfe in Sachen Installation.<br>Das Tutorium f\u00fchrt Sie dann in zehn Sitzungen in die Funktionsvielfalt von GEOS und seinen Applikationen ein \u2013 ausf\u00fchrlich und praxisgerecht \u2013 anhand von vielen attraktiven Beispielen. Ihr Nutzen: Sie arbeiten mit GEOS von Anfang an effektiv und haben auch noch Spa\u00df dabei.<\/p>\n\n\n\n<p><strong>Sicher nutzen<\/strong><br>Das Kapitel Know-how wird Ihr Ratgeber f\u00fcr die t\u00e4gliche Praxis: h\u00e4ufige Fehlerquellen und entsprechende L\u00f6sungsvorschl\u00e4ge; eine Sammlung n\u00fctzlicher Tipps &amp; Kniffe; ein \u00dcberblick \u00fcber sinnvolle Erweiterungen von Hard- und Software und vieles mehr.<br>Dann der Referenzteil: knapp, pr\u00e4zise und men\u00fcorientiert \u2013 alle Befehle auf einen Blick. Als n\u00fctzliches Add-on: eine Befehlskarte mit dem Allerwichtigsten.<br>Der Abschnitt Schnellinformation bietet schlie\u00dflich nach dem Motto \u201eWie kann ich \u2026?\u201c drei\u00dfig L\u00f6sungen zu ebenso vielen Problemstellungen aus der Anwenderpraxis.<br>Markt &amp; Technik-Workshops \u2013 verst\u00e4ndlich und informativ; zu popul\u00e4ren Themen wie Grafik, Musik, Textverarbeitung und Programmiersprachen.<\/p>\n\n\n\n<figure class=\"wp-block-image size-large\"><a href=\"https:\/\/www.retrocomputing-whv.net\/?page_id=1344\"><img loading=\"lazy\" decoding=\"async\" width=\"256\" height=\"136\" src=\"https:\/\/www.retrocomputing-whv.net\/wp-content\/uploads\/2020\/08\/Backspace.jpg\" alt=\"Backspace\" class=\"wp-image-681\"\/><\/a><\/figure>\n","protected":false},"excerpt":{"rendered":"<p>Markt und Technik &#8211; Autor Ronald K\u00f6rber1. Auflage &#8211; Erscheinungsjahr 1991 &#8211; ISBN 3-87791-176-5 &#8211; DM 39,00,- Zum Programm:Der bis heute ungebrochene Siegeszug von GEOS beweist es: GEOS bleibt in seiner Leistungsf\u00e4higkeit un\u00fcbertroffen. Es erschlie\u00dft dem C64 eine v\u00f6llig neue Software-Generation und steigert seine Leistung um ein Vielfaches. GEOS ist aber nicht nur ein grafisches Betriebssystem, sondern gleichzeitig ein integriertes<\/p>\n","protected":false},"author":1,"featured_media":0,"parent":1344,"menu_order":0,"comment_status":"closed","ping_status":"closed","template":"","meta":{"footnotes":""},"class_list":["post-1353","page","type-page","status-publish","hentry"],"yoast_head":"<!-- This site is optimized with the Yoast SEO plugin v27.5 - https:\/\/yoast.com\/product\/yoast-seo-wordpress\/ -->\n<title>GEOS - Erfolgreich starten - sicher nutzen - Retrocomputing WHV<\/title>\n<meta name=\"robots\" content=\"index, follow, max-snippet:-1, max-image-preview:large, max-video-preview:-1\" \/>\n<link rel=\"canonical\" href=\"https:\/\/www.retrocomputing-whv.net\/?page_id=1353\" \/>\n<meta property=\"og:locale\" content=\"de_DE\" \/>\n<meta property=\"og:type\" content=\"article\" \/>\n<meta property=\"og:title\" content=\"GEOS - Erfolgreich starten - sicher nutzen - Retrocomputing WHV\" \/>\n<meta property=\"og:description\" content=\"Markt und Technik &#8211; Autor Ronald K\u00f6rber1. Auflage &#8211; Erscheinungsjahr 1991 &#8211; ISBN 3-87791-176-5 &#8211; DM 39,00,- Zum Programm:Der bis heute ungebrochene Siegeszug von GEOS beweist es: GEOS bleibt in seiner Leistungsf\u00e4higkeit un\u00fcbertroffen. Es erschlie\u00dft dem C64 eine v\u00f6llig neue Software-Generation und steigert seine Leistung um ein Vielfaches. GEOS ist aber nicht nur ein grafisches Betriebssystem, sondern gleichzeitig ein integriertes\" \/>\n<meta property=\"og:url\" content=\"https:\/\/www.retrocomputing-whv.net\/?page_id=1353\" \/>\n<meta property=\"og:site_name\" content=\"Retrocomputing WHV\" \/>\n<meta property=\"article:modified_time\" content=\"2021-01-17T15:17:43+00:00\" \/>\n<meta property=\"og:image\" content=\"https:\/\/www.retrocomputing-whv.net\/wp-content\/uploads\/2020\/08\/Markt-und-Technik-GEOS-Erfolgreich-starten-sicher-nutzen-721x1024.jpg\" \/>\n<meta name=\"twitter:card\" content=\"summary_large_image\" \/>\n<meta name=\"twitter:label1\" content=\"Gesch\u00e4tzte Lesezeit\" \/>\n\t<meta name=\"twitter:data1\" content=\"2\u00a0Minuten\" \/>\n<script type=\"application\/ld+json\" class=\"yoast-schema-graph\">{\"@context\":\"https:\\\/\\\/schema.org\",\"@graph\":[{\"@type\":\"WebPage\",\"@id\":\"https:\\\/\\\/www.retrocomputing-whv.net\\\/?page_id=1353\",\"url\":\"https:\\\/\\\/www.retrocomputing-whv.net\\\/?page_id=1353\",\"name\":\"GEOS - Erfolgreich starten - sicher nutzen - Retrocomputing WHV\",\"isPartOf\":{\"@id\":\"https:\\\/\\\/www.retrocomputing-whv.net\\\/#website\"},\"primaryImageOfPage\":{\"@id\":\"https:\\\/\\\/www.retrocomputing-whv.net\\\/?page_id=1353#primaryimage\"},\"image\":{\"@id\":\"https:\\\/\\\/www.retrocomputing-whv.net\\\/?page_id=1353#primaryimage\"},\"thumbnailUrl\":\"https:\\\/\\\/www.retrocomputing-whv.net\\\/wp-content\\\/uploads\\\/2020\\\/08\\\/Markt-und-Technik-GEOS-Erfolgreich-starten-sicher-nutzen-721x1024.jpg\",\"datePublished\":\"2021-01-17T15:12:47+00:00\",\"dateModified\":\"2021-01-17T15:17:43+00:00\",\"breadcrumb\":{\"@id\":\"https:\\\/\\\/www.retrocomputing-whv.net\\\/?page_id=1353#breadcrumb\"},\"inLanguage\":\"de\",\"potentialAction\":[{\"@type\":\"ReadAction\",\"target\":[\"https:\\\/\\\/www.retrocomputing-whv.net\\\/?page_id=1353\"]}]},{\"@type\":\"ImageObject\",\"inLanguage\":\"de\",\"@id\":\"https:\\\/\\\/www.retrocomputing-whv.net\\\/?page_id=1353#primaryimage\",\"url\":\"https:\\\/\\\/www.retrocomputing-whv.net\\\/wp-content\\\/uploads\\\/2020\\\/08\\\/Markt-und-Technik-GEOS-Erfolgreich-starten-sicher-nutzen.jpg\",\"contentUrl\":\"https:\\\/\\\/www.retrocomputing-whv.net\\\/wp-content\\\/uploads\\\/2020\\\/08\\\/Markt-und-Technik-GEOS-Erfolgreich-starten-sicher-nutzen.jpg\",\"width\":1200,\"height\":1704,\"caption\":\"Markt und Technik - GEOS - Erfolgreich starten - sicher nutzen\"},{\"@type\":\"BreadcrumbList\",\"@id\":\"https:\\\/\\\/www.retrocomputing-whv.net\\\/?page_id=1353#breadcrumb\",\"itemListElement\":[{\"@type\":\"ListItem\",\"position\":1,\"name\":\"Startseite\",\"item\":\"https:\\\/\\\/www.retrocomputing-whv.net\\\/\"},{\"@type\":\"ListItem\",\"position\":2,\"name\":\"Literatur\",\"item\":\"https:\\\/\\\/www.retrocomputing-whv.net\\\/?page_id=105\"},{\"@type\":\"ListItem\",\"position\":3,\"name\":\"Markt &#038; Technik\",\"item\":\"https:\\\/\\\/www.retrocomputing-whv.net\\\/?page_id=1170\"},{\"@type\":\"ListItem\",\"position\":4,\"name\":\"Commodore 64\",\"item\":\"https:\\\/\\\/www.retrocomputing-whv.net\\\/?page_id=1344\"},{\"@type\":\"ListItem\",\"position\":5,\"name\":\"GEOS &#8211; Erfolgreich starten &#8211; sicher nutzen\"}]},{\"@type\":\"WebSite\",\"@id\":\"https:\\\/\\\/www.retrocomputing-whv.net\\\/#website\",\"url\":\"https:\\\/\\\/www.retrocomputing-whv.net\\\/\",\"name\":\"Retrocomputing WHV\",\"description\":\"\",\"publisher\":{\"@id\":\"https:\\\/\\\/www.retrocomputing-whv.net\\\/#organization\"},\"potentialAction\":[{\"@type\":\"SearchAction\",\"target\":{\"@type\":\"EntryPoint\",\"urlTemplate\":\"https:\\\/\\\/www.retrocomputing-whv.net\\\/?s={search_term_string}\"},\"query-input\":{\"@type\":\"PropertyValueSpecification\",\"valueRequired\":true,\"valueName\":\"search_term_string\"}}],\"inLanguage\":\"de\"},{\"@type\":\"Organization\",\"@id\":\"https:\\\/\\\/www.retrocomputing-whv.net\\\/#organization\",\"name\":\"Retrocomputing-WHV\",\"url\":\"https:\\\/\\\/www.retrocomputing-whv.net\\\/\",\"logo\":{\"@type\":\"ImageObject\",\"inLanguage\":\"de\",\"@id\":\"https:\\\/\\\/www.retrocomputing-whv.net\\\/#\\\/schema\\\/logo\\\/image\\\/\",\"url\":\"https:\\\/\\\/www.retrocomputing-whv.net\\\/wp-content\\\/uploads\\\/2020\\\/04\\\/Logo.png\",\"contentUrl\":\"https:\\\/\\\/www.retrocomputing-whv.net\\\/wp-content\\\/uploads\\\/2020\\\/04\\\/Logo.png\",\"width\":1340,\"height\":250,\"caption\":\"Retrocomputing-WHV\"},\"image\":{\"@id\":\"https:\\\/\\\/www.retrocomputing-whv.net\\\/#\\\/schema\\\/logo\\\/image\\\/\"}}]}<\/script>\n<!-- \/ Yoast SEO plugin. -->","yoast_head_json":{"title":"GEOS - Erfolgreich starten - sicher nutzen - Retrocomputing WHV","robots":{"index":"index","follow":"follow","max-snippet":"max-snippet:-1","max-image-preview":"max-image-preview:large","max-video-preview":"max-video-preview:-1"},"canonical":"https:\/\/www.retrocomputing-whv.net\/?page_id=1353","og_locale":"de_DE","og_type":"article","og_title":"GEOS - Erfolgreich starten - sicher nutzen - Retrocomputing WHV","og_description":"Markt und Technik &#8211; Autor Ronald K\u00f6rber1. Auflage &#8211; Erscheinungsjahr 1991 &#8211; ISBN 3-87791-176-5 &#8211; DM 39,00,- Zum Programm:Der bis heute ungebrochene Siegeszug von GEOS beweist es: GEOS bleibt in seiner Leistungsf\u00e4higkeit un\u00fcbertroffen. Es erschlie\u00dft dem C64 eine v\u00f6llig neue Software-Generation und steigert seine Leistung um ein Vielfaches. GEOS ist aber nicht nur ein grafisches Betriebssystem, sondern gleichzeitig ein integriertes","og_url":"https:\/\/www.retrocomputing-whv.net\/?page_id=1353","og_site_name":"Retrocomputing WHV","article_modified_time":"2021-01-17T15:17:43+00:00","og_image":[{"url":"https:\/\/www.retrocomputing-whv.net\/wp-content\/uploads\/2020\/08\/Markt-und-Technik-GEOS-Erfolgreich-starten-sicher-nutzen-721x1024.jpg","type":"","width":"","height":""}],"twitter_card":"summary_large_image","twitter_misc":{"Gesch\u00e4tzte Lesezeit":"2\u00a0Minuten"},"schema":{"@context":"https:\/\/schema.org","@graph":[{"@type":"WebPage","@id":"https:\/\/www.retrocomputing-whv.net\/?page_id=1353","url":"https:\/\/www.retrocomputing-whv.net\/?page_id=1353","name":"GEOS - Erfolgreich starten - sicher nutzen - Retrocomputing WHV","isPartOf":{"@id":"https:\/\/www.retrocomputing-whv.net\/#website"},"primaryImageOfPage":{"@id":"https:\/\/www.retrocomputing-whv.net\/?page_id=1353#primaryimage"},"image":{"@id":"https:\/\/www.retrocomputing-whv.net\/?page_id=1353#primaryimage"},"thumbnailUrl":"https:\/\/www.retrocomputing-whv.net\/wp-content\/uploads\/2020\/08\/Markt-und-Technik-GEOS-Erfolgreich-starten-sicher-nutzen-721x1024.jpg","datePublished":"2021-01-17T15:12:47+00:00","dateModified":"2021-01-17T15:17:43+00:00","breadcrumb":{"@id":"https:\/\/www.retrocomputing-whv.net\/?page_id=1353#breadcrumb"},"inLanguage":"de","potentialAction":[{"@type":"ReadAction","target":["https:\/\/www.retrocomputing-whv.net\/?page_id=1353"]}]},{"@type":"ImageObject","inLanguage":"de","@id":"https:\/\/www.retrocomputing-whv.net\/?page_id=1353#primaryimage","url":"https:\/\/www.retrocomputing-whv.net\/wp-content\/uploads\/2020\/08\/Markt-und-Technik-GEOS-Erfolgreich-starten-sicher-nutzen.jpg","contentUrl":"https:\/\/www.retrocomputing-whv.net\/wp-content\/uploads\/2020\/08\/Markt-und-Technik-GEOS-Erfolgreich-starten-sicher-nutzen.jpg","width":1200,"height":1704,"caption":"Markt und Technik - GEOS - Erfolgreich starten - sicher nutzen"},{"@type":"BreadcrumbList","@id":"https:\/\/www.retrocomputing-whv.net\/?page_id=1353#breadcrumb","itemListElement":[{"@type":"ListItem","position":1,"name":"Startseite","item":"https:\/\/www.retrocomputing-whv.net\/"},{"@type":"ListItem","position":2,"name":"Literatur","item":"https:\/\/www.retrocomputing-whv.net\/?page_id=105"},{"@type":"ListItem","position":3,"name":"Markt &#038; Technik","item":"https:\/\/www.retrocomputing-whv.net\/?page_id=1170"},{"@type":"ListItem","position":4,"name":"Commodore 64","item":"https:\/\/www.retrocomputing-whv.net\/?page_id=1344"},{"@type":"ListItem","position":5,"name":"GEOS &#8211; Erfolgreich starten &#8211; sicher nutzen"}]},{"@type":"WebSite","@id":"https:\/\/www.retrocomputing-whv.net\/#website","url":"https:\/\/www.retrocomputing-whv.net\/","name":"Retrocomputing WHV","description":"","publisher":{"@id":"https:\/\/www.retrocomputing-whv.net\/#organization"},"potentialAction":[{"@type":"SearchAction","target":{"@type":"EntryPoint","urlTemplate":"https:\/\/www.retrocomputing-whv.net\/?s={search_term_string}"},"query-input":{"@type":"PropertyValueSpecification","valueRequired":true,"valueName":"search_term_string"}}],"inLanguage":"de"},{"@type":"Organization","@id":"https:\/\/www.retrocomputing-whv.net\/#organization","name":"Retrocomputing-WHV","url":"https:\/\/www.retrocomputing-whv.net\/","logo":{"@type":"ImageObject","inLanguage":"de","@id":"https:\/\/www.retrocomputing-whv.net\/#\/schema\/logo\/image\/","url":"https:\/\/www.retrocomputing-whv.net\/wp-content\/uploads\/2020\/04\/Logo.png","contentUrl":"https:\/\/www.retrocomputing-whv.net\/wp-content\/uploads\/2020\/04\/Logo.png","width":1340,"height":250,"caption":"Retrocomputing-WHV"},"image":{"@id":"https:\/\/www.retrocomputing-whv.net\/#\/schema\/logo\/image\/"}}]}},"_links":{"self":[{"href":"https:\/\/www.retrocomputing-whv.net\/index.php?rest_route=\/wp\/v2\/pages\/1353","targetHints":{"allow":["GET"]}}],"collection":[{"href":"https:\/\/www.retrocomputing-whv.net\/index.php?rest_route=\/wp\/v2\/pages"}],"about":[{"href":"https:\/\/www.retrocomputing-whv.net\/index.php?rest_route=\/wp\/v2\/types\/page"}],"author":[{"embeddable":true,"href":"https:\/\/www.retrocomputing-whv.net\/index.php?rest_route=\/wp\/v2\/users\/1"}],"replies":[{"embeddable":true,"href":"https:\/\/www.retrocomputing-whv.net\/index.php?rest_route=%2Fwp%2Fv2%2Fcomments&post=1353"}],"version-history":[{"count":1,"href":"https:\/\/www.retrocomputing-whv.net\/index.php?rest_route=\/wp\/v2\/pages\/1353\/revisions"}],"predecessor-version":[{"id":1354,"href":"https:\/\/www.retrocomputing-whv.net\/index.php?rest_route=\/wp\/v2\/pages\/1353\/revisions\/1354"}],"up":[{"embeddable":true,"href":"https:\/\/www.retrocomputing-whv.net\/index.php?rest_route=\/wp\/v2\/pages\/1344"}],"wp:attachment":[{"href":"https:\/\/www.retrocomputing-whv.net\/index.php?rest_route=%2Fwp%2Fv2%2Fmedia&parent=1353"}],"curies":[{"name":"wp","href":"https:\/\/api.w.org\/{rel}","templated":true}]}}