{"id":1364,"date":"2021-01-17T16:45:00","date_gmt":"2021-01-17T15:45:00","guid":{"rendered":"https:\/\/www.retrocomputing-whv.net\/?page_id=1364"},"modified":"2021-01-17T16:49:32","modified_gmt":"2021-01-17T15:49:32","slug":"3044-farbspiele-mit-dem-commodore-64","status":"publish","type":"page","link":"https:\/\/www.retrocomputing-whv.net\/?page_id=1364","title":{"rendered":"3044 &#8211; Farbspiele mit dem Commodore 64"},"content":{"rendered":"\n<figure class=\"wp-block-image size-large\"><img loading=\"lazy\" decoding=\"async\" width=\"734\" height=\"1024\" src=\"https:\/\/www.retrocomputing-whv.net\/wp-content\/uploads\/2020\/08\/SYBEX-3044-Farbspiele-mit-dem-Commodore-64-734x1024.jpg\" alt=\"SYBEX 3044 - Farbspiele mit dem Commodore 64\" class=\"wp-image-648\" srcset=\"https:\/\/www.retrocomputing-whv.net\/wp-content\/uploads\/2020\/08\/SYBEX-3044-Farbspiele-mit-dem-Commodore-64-734x1024.jpg 734w, https:\/\/www.retrocomputing-whv.net\/wp-content\/uploads\/2020\/08\/SYBEX-3044-Farbspiele-mit-dem-Commodore-64-215x300.jpg 215w, https:\/\/www.retrocomputing-whv.net\/wp-content\/uploads\/2020\/08\/SYBEX-3044-Farbspiele-mit-dem-Commodore-64-768x1071.jpg 768w, https:\/\/www.retrocomputing-whv.net\/wp-content\/uploads\/2020\/08\/SYBEX-3044-Farbspiele-mit-dem-Commodore-64-1102x1536.jpg 1102w, https:\/\/www.retrocomputing-whv.net\/wp-content\/uploads\/2020\/08\/SYBEX-3044-Farbspiele-mit-dem-Commodore-64.jpg 1200w\" sizes=\"auto, (max-width: 734px) 100vw, 734px\" \/><\/figure>\n\n\n\n<p>SYBEX &#8211; Nr. 3044 &#8211; Autoren Wolfgang Black, Matthias Richter<br>1. Auflage &#8211;  Erscheinungsjahr 1984 &#8211; ISBN 3-88745-044-2<\/p>\n\n\n\n<p>Dieses Buch beinhaltet mehr als 70 getestete Anwenderprogramme, die direkt eingegeben werden k\u00f6nnen. Es wird Ihnen helfen, die vielseitigen M\u00f6glichkeiten Ihres C64 zu entdecken und bei vielen neuen Anwendungen erfolgreich einzusetzen. Jedes Programm wird erl\u00e4utert, um eine optimale Nutzung zu gew\u00e4hrleisten. Sie m\u00fcssen \u00fcber keine Programmiererfahrung verf\u00fcgen, um sofort Ihren neuen Rechner einsetzen zu k\u00f6nnen!<\/p>\n\n\n\n<p><strong>Inhaltsverzeichnis<\/strong><\/p>\n\n\n\n<ul class=\"wp-block-list\"><li>Vorwort<\/li><li>Einige Tipps zum Anfang<\/li><li>Die Spiele:<ul><li>Aktienb\u00f6rse<\/li><li>Befehle<\/li><li>Flugzeug<\/li><li>Graphics I<\/li><li>Graphics II<\/li><li>Invader<\/li><li>Irrgarten<\/li><li>Labyrinth<\/li><li>LISTschutz<\/li><li>Mastermind<\/li><li>Mondlandung<\/li><li>Slogan<\/li><li>Space-Force<\/li><li>Spielautomat<\/li><li>Stra\u00dfenrennen<\/li><li>Superschlange<\/li><li>Tastaturpiep<\/li><li>White Max<\/li><li>Worm-Trap<\/li><li>W\u00fcrfelwalzer<\/li><\/ul><\/li><\/ul>\n\n\n\n<figure class=\"wp-block-image size-large\"><a href=\"https:\/\/www.retrocomputing-whv.net\/?page_id=1362\"><img loading=\"lazy\" decoding=\"async\" width=\"256\" height=\"136\" src=\"https:\/\/www.retrocomputing-whv.net\/wp-content\/uploads\/2020\/08\/Backspace.jpg\" alt=\"Backspace\" class=\"wp-image-681\"\/><\/a><\/figure>\n\n\n\n<p><\/p>\n","protected":false},"excerpt":{"rendered":"<p>SYBEX &#8211; Nr. 3044 &#8211; Autoren Wolfgang Black, Matthias Richter1. Auflage &#8211; Erscheinungsjahr 1984 &#8211; ISBN 3-88745-044-2 Dieses Buch beinhaltet mehr als 70 getestete Anwenderprogramme, die direkt eingegeben werden k\u00f6nnen. Es wird Ihnen helfen, die vielseitigen M\u00f6glichkeiten Ihres C64 zu entdecken und bei vielen neuen Anwendungen erfolgreich einzusetzen. Jedes Programm wird erl\u00e4utert, um eine optimale Nutzung zu gew\u00e4hrleisten. Sie m\u00fcssen<\/p>\n","protected":false},"author":1,"featured_media":0,"parent":1362,"menu_order":0,"comment_status":"closed","ping_status":"closed","template":"","meta":{"footnotes":""},"class_list":["post-1364","page","type-page","status-publish","hentry"],"yoast_head":"<!-- This site is optimized with the Yoast SEO plugin v27.6 - https:\/\/yoast.com\/product\/yoast-seo-wordpress\/ -->\n<title>3044 - Farbspiele mit dem Commodore 64 - Retrocomputing WHV<\/title>\n<meta name=\"robots\" content=\"index, follow, max-snippet:-1, max-image-preview:large, max-video-preview:-1\" \/>\n<link rel=\"canonical\" href=\"https:\/\/www.retrocomputing-whv.net\/?page_id=1364\" \/>\n<meta property=\"og:locale\" content=\"de_DE\" \/>\n<meta property=\"og:type\" content=\"article\" \/>\n<meta property=\"og:title\" content=\"3044 - Farbspiele mit dem Commodore 64 - Retrocomputing WHV\" \/>\n<meta property=\"og:description\" content=\"SYBEX &#8211; Nr. 3044 &#8211; Autoren Wolfgang Black, Matthias Richter1. Auflage &#8211; Erscheinungsjahr 1984 &#8211; ISBN 3-88745-044-2 Dieses Buch beinhaltet mehr als 70 getestete Anwenderprogramme, die direkt eingegeben werden k\u00f6nnen. Es wird Ihnen helfen, die vielseitigen M\u00f6glichkeiten Ihres C64 zu entdecken und bei vielen neuen Anwendungen erfolgreich einzusetzen. Jedes Programm wird erl\u00e4utert, um eine optimale Nutzung zu gew\u00e4hrleisten. Sie m\u00fcssen\" \/>\n<meta property=\"og:url\" content=\"https:\/\/www.retrocomputing-whv.net\/?page_id=1364\" \/>\n<meta property=\"og:site_name\" content=\"Retrocomputing WHV\" \/>\n<meta property=\"article:modified_time\" content=\"2021-01-17T15:49:32+00:00\" \/>\n<meta property=\"og:image\" content=\"https:\/\/www.retrocomputing-whv.net\/wp-content\/uploads\/2020\/08\/SYBEX-3044-Farbspiele-mit-dem-Commodore-64-734x1024.jpg\" \/>\n<meta name=\"twitter:card\" content=\"summary_large_image\" \/>\n<meta name=\"twitter:label1\" content=\"Gesch\u00e4tzte Lesezeit\" \/>\n\t<meta name=\"twitter:data1\" content=\"1\u00a0Minute\" \/>\n<script type=\"application\/ld+json\" class=\"yoast-schema-graph\">{\"@context\":\"https:\\\/\\\/schema.org\",\"@graph\":[{\"@type\":\"WebPage\",\"@id\":\"https:\\\/\\\/www.retrocomputing-whv.net\\\/?page_id=1364\",\"url\":\"https:\\\/\\\/www.retrocomputing-whv.net\\\/?page_id=1364\",\"name\":\"3044 - Farbspiele mit dem Commodore 64 - Retrocomputing WHV\",\"isPartOf\":{\"@id\":\"https:\\\/\\\/www.retrocomputing-whv.net\\\/#website\"},\"primaryImageOfPage\":{\"@id\":\"https:\\\/\\\/www.retrocomputing-whv.net\\\/?page_id=1364#primaryimage\"},\"image\":{\"@id\":\"https:\\\/\\\/www.retrocomputing-whv.net\\\/?page_id=1364#primaryimage\"},\"thumbnailUrl\":\"https:\\\/\\\/www.retrocomputing-whv.net\\\/wp-content\\\/uploads\\\/2020\\\/08\\\/SYBEX-3044-Farbspiele-mit-dem-Commodore-64-734x1024.jpg\",\"datePublished\":\"2021-01-17T15:45:00+00:00\",\"dateModified\":\"2021-01-17T15:49:32+00:00\",\"breadcrumb\":{\"@id\":\"https:\\\/\\\/www.retrocomputing-whv.net\\\/?page_id=1364#breadcrumb\"},\"inLanguage\":\"de\",\"potentialAction\":[{\"@type\":\"ReadAction\",\"target\":[\"https:\\\/\\\/www.retrocomputing-whv.net\\\/?page_id=1364\"]}]},{\"@type\":\"ImageObject\",\"inLanguage\":\"de\",\"@id\":\"https:\\\/\\\/www.retrocomputing-whv.net\\\/?page_id=1364#primaryimage\",\"url\":\"https:\\\/\\\/www.retrocomputing-whv.net\\\/wp-content\\\/uploads\\\/2020\\\/08\\\/SYBEX-3044-Farbspiele-mit-dem-Commodore-64.jpg\",\"contentUrl\":\"https:\\\/\\\/www.retrocomputing-whv.net\\\/wp-content\\\/uploads\\\/2020\\\/08\\\/SYBEX-3044-Farbspiele-mit-dem-Commodore-64.jpg\",\"width\":1200,\"height\":1673,\"caption\":\"SYBEX 3044 - Farbspiele mit dem Commodore 64\"},{\"@type\":\"BreadcrumbList\",\"@id\":\"https:\\\/\\\/www.retrocomputing-whv.net\\\/?page_id=1364#breadcrumb\",\"itemListElement\":[{\"@type\":\"ListItem\",\"position\":1,\"name\":\"Startseite\",\"item\":\"https:\\\/\\\/www.retrocomputing-whv.net\\\/\"},{\"@type\":\"ListItem\",\"position\":2,\"name\":\"Literatur\",\"item\":\"https:\\\/\\\/www.retrocomputing-whv.net\\\/?page_id=105\"},{\"@type\":\"ListItem\",\"position\":3,\"name\":\"SYBEX\",\"item\":\"https:\\\/\\\/www.retrocomputing-whv.net\\\/?page_id=1362\"},{\"@type\":\"ListItem\",\"position\":4,\"name\":\"3044 &#8211; Farbspiele mit dem Commodore 64\"}]},{\"@type\":\"WebSite\",\"@id\":\"https:\\\/\\\/www.retrocomputing-whv.net\\\/#website\",\"url\":\"https:\\\/\\\/www.retrocomputing-whv.net\\\/\",\"name\":\"Retrocomputing WHV\",\"description\":\"\",\"publisher\":{\"@id\":\"https:\\\/\\\/www.retrocomputing-whv.net\\\/#organization\"},\"potentialAction\":[{\"@type\":\"SearchAction\",\"target\":{\"@type\":\"EntryPoint\",\"urlTemplate\":\"https:\\\/\\\/www.retrocomputing-whv.net\\\/?s={search_term_string}\"},\"query-input\":{\"@type\":\"PropertyValueSpecification\",\"valueRequired\":true,\"valueName\":\"search_term_string\"}}],\"inLanguage\":\"de\"},{\"@type\":\"Organization\",\"@id\":\"https:\\\/\\\/www.retrocomputing-whv.net\\\/#organization\",\"name\":\"Retrocomputing-WHV\",\"url\":\"https:\\\/\\\/www.retrocomputing-whv.net\\\/\",\"logo\":{\"@type\":\"ImageObject\",\"inLanguage\":\"de\",\"@id\":\"https:\\\/\\\/www.retrocomputing-whv.net\\\/#\\\/schema\\\/logo\\\/image\\\/\",\"url\":\"https:\\\/\\\/www.retrocomputing-whv.net\\\/wp-content\\\/uploads\\\/2020\\\/04\\\/Logo.png\",\"contentUrl\":\"https:\\\/\\\/www.retrocomputing-whv.net\\\/wp-content\\\/uploads\\\/2020\\\/04\\\/Logo.png\",\"width\":1340,\"height\":250,\"caption\":\"Retrocomputing-WHV\"},\"image\":{\"@id\":\"https:\\\/\\\/www.retrocomputing-whv.net\\\/#\\\/schema\\\/logo\\\/image\\\/\"}}]}<\/script>\n<!-- \/ Yoast SEO plugin. -->","yoast_head_json":{"title":"3044 - Farbspiele mit dem Commodore 64 - Retrocomputing WHV","robots":{"index":"index","follow":"follow","max-snippet":"max-snippet:-1","max-image-preview":"max-image-preview:large","max-video-preview":"max-video-preview:-1"},"canonical":"https:\/\/www.retrocomputing-whv.net\/?page_id=1364","og_locale":"de_DE","og_type":"article","og_title":"3044 - Farbspiele mit dem Commodore 64 - Retrocomputing WHV","og_description":"SYBEX &#8211; Nr. 3044 &#8211; Autoren Wolfgang Black, Matthias Richter1. Auflage &#8211; Erscheinungsjahr 1984 &#8211; ISBN 3-88745-044-2 Dieses Buch beinhaltet mehr als 70 getestete Anwenderprogramme, die direkt eingegeben werden k\u00f6nnen. Es wird Ihnen helfen, die vielseitigen M\u00f6glichkeiten Ihres C64 zu entdecken und bei vielen neuen Anwendungen erfolgreich einzusetzen. Jedes Programm wird erl\u00e4utert, um eine optimale Nutzung zu gew\u00e4hrleisten. Sie m\u00fcssen","og_url":"https:\/\/www.retrocomputing-whv.net\/?page_id=1364","og_site_name":"Retrocomputing WHV","article_modified_time":"2021-01-17T15:49:32+00:00","og_image":[{"url":"https:\/\/www.retrocomputing-whv.net\/wp-content\/uploads\/2020\/08\/SYBEX-3044-Farbspiele-mit-dem-Commodore-64-734x1024.jpg","type":"","width":"","height":""}],"twitter_card":"summary_large_image","twitter_misc":{"Gesch\u00e4tzte Lesezeit":"1\u00a0Minute"},"schema":{"@context":"https:\/\/schema.org","@graph":[{"@type":"WebPage","@id":"https:\/\/www.retrocomputing-whv.net\/?page_id=1364","url":"https:\/\/www.retrocomputing-whv.net\/?page_id=1364","name":"3044 - Farbspiele mit dem Commodore 64 - Retrocomputing WHV","isPartOf":{"@id":"https:\/\/www.retrocomputing-whv.net\/#website"},"primaryImageOfPage":{"@id":"https:\/\/www.retrocomputing-whv.net\/?page_id=1364#primaryimage"},"image":{"@id":"https:\/\/www.retrocomputing-whv.net\/?page_id=1364#primaryimage"},"thumbnailUrl":"https:\/\/www.retrocomputing-whv.net\/wp-content\/uploads\/2020\/08\/SYBEX-3044-Farbspiele-mit-dem-Commodore-64-734x1024.jpg","datePublished":"2021-01-17T15:45:00+00:00","dateModified":"2021-01-17T15:49:32+00:00","breadcrumb":{"@id":"https:\/\/www.retrocomputing-whv.net\/?page_id=1364#breadcrumb"},"inLanguage":"de","potentialAction":[{"@type":"ReadAction","target":["https:\/\/www.retrocomputing-whv.net\/?page_id=1364"]}]},{"@type":"ImageObject","inLanguage":"de","@id":"https:\/\/www.retrocomputing-whv.net\/?page_id=1364#primaryimage","url":"https:\/\/www.retrocomputing-whv.net\/wp-content\/uploads\/2020\/08\/SYBEX-3044-Farbspiele-mit-dem-Commodore-64.jpg","contentUrl":"https:\/\/www.retrocomputing-whv.net\/wp-content\/uploads\/2020\/08\/SYBEX-3044-Farbspiele-mit-dem-Commodore-64.jpg","width":1200,"height":1673,"caption":"SYBEX 3044 - Farbspiele mit dem Commodore 64"},{"@type":"BreadcrumbList","@id":"https:\/\/www.retrocomputing-whv.net\/?page_id=1364#breadcrumb","itemListElement":[{"@type":"ListItem","position":1,"name":"Startseite","item":"https:\/\/www.retrocomputing-whv.net\/"},{"@type":"ListItem","position":2,"name":"Literatur","item":"https:\/\/www.retrocomputing-whv.net\/?page_id=105"},{"@type":"ListItem","position":3,"name":"SYBEX","item":"https:\/\/www.retrocomputing-whv.net\/?page_id=1362"},{"@type":"ListItem","position":4,"name":"3044 &#8211; Farbspiele mit dem Commodore 64"}]},{"@type":"WebSite","@id":"https:\/\/www.retrocomputing-whv.net\/#website","url":"https:\/\/www.retrocomputing-whv.net\/","name":"Retrocomputing WHV","description":"","publisher":{"@id":"https:\/\/www.retrocomputing-whv.net\/#organization"},"potentialAction":[{"@type":"SearchAction","target":{"@type":"EntryPoint","urlTemplate":"https:\/\/www.retrocomputing-whv.net\/?s={search_term_string}"},"query-input":{"@type":"PropertyValueSpecification","valueRequired":true,"valueName":"search_term_string"}}],"inLanguage":"de"},{"@type":"Organization","@id":"https:\/\/www.retrocomputing-whv.net\/#organization","name":"Retrocomputing-WHV","url":"https:\/\/www.retrocomputing-whv.net\/","logo":{"@type":"ImageObject","inLanguage":"de","@id":"https:\/\/www.retrocomputing-whv.net\/#\/schema\/logo\/image\/","url":"https:\/\/www.retrocomputing-whv.net\/wp-content\/uploads\/2020\/04\/Logo.png","contentUrl":"https:\/\/www.retrocomputing-whv.net\/wp-content\/uploads\/2020\/04\/Logo.png","width":1340,"height":250,"caption":"Retrocomputing-WHV"},"image":{"@id":"https:\/\/www.retrocomputing-whv.net\/#\/schema\/logo\/image\/"}}]}},"_links":{"self":[{"href":"https:\/\/www.retrocomputing-whv.net\/index.php?rest_route=\/wp\/v2\/pages\/1364","targetHints":{"allow":["GET"]}}],"collection":[{"href":"https:\/\/www.retrocomputing-whv.net\/index.php?rest_route=\/wp\/v2\/pages"}],"about":[{"href":"https:\/\/www.retrocomputing-whv.net\/index.php?rest_route=\/wp\/v2\/types\/page"}],"author":[{"embeddable":true,"href":"https:\/\/www.retrocomputing-whv.net\/index.php?rest_route=\/wp\/v2\/users\/1"}],"replies":[{"embeddable":true,"href":"https:\/\/www.retrocomputing-whv.net\/index.php?rest_route=%2Fwp%2Fv2%2Fcomments&post=1364"}],"version-history":[{"count":1,"href":"https:\/\/www.retrocomputing-whv.net\/index.php?rest_route=\/wp\/v2\/pages\/1364\/revisions"}],"predecessor-version":[{"id":1365,"href":"https:\/\/www.retrocomputing-whv.net\/index.php?rest_route=\/wp\/v2\/pages\/1364\/revisions\/1365"}],"up":[{"embeddable":true,"href":"https:\/\/www.retrocomputing-whv.net\/index.php?rest_route=\/wp\/v2\/pages\/1362"}],"wp:attachment":[{"href":"https:\/\/www.retrocomputing-whv.net\/index.php?rest_route=%2Fwp%2Fv2%2Fmedia&parent=1364"}],"curies":[{"name":"wp","href":"https:\/\/api.w.org\/{rel}","templated":true}]}}