{"id":1366,"date":"2021-01-17T16:47:27","date_gmt":"2021-01-17T15:47:27","guid":{"rendered":"https:\/\/www.retrocomputing-whv.net\/?page_id=1366"},"modified":"2021-01-17T16:49:23","modified_gmt":"2021-01-17T15:49:23","slug":"3051-commodore-64-programmsammlung","status":"publish","type":"page","link":"https:\/\/www.retrocomputing-whv.net\/?page_id=1366","title":{"rendered":"3051 &#8211; Commodore 64 Programmsammlung"},"content":{"rendered":"\n<figure class=\"wp-block-image size-large\"><img loading=\"lazy\" decoding=\"async\" width=\"721\" height=\"1024\" src=\"https:\/\/www.retrocomputing-whv.net\/wp-content\/uploads\/2020\/05\/SYBEX-Commodore-64-Programm-Sammlung-721x1024.jpg\" alt=\"SYBEX - Commodore 64 Programm-Sammlung\" class=\"wp-image-535\" srcset=\"https:\/\/www.retrocomputing-whv.net\/wp-content\/uploads\/2020\/05\/SYBEX-Commodore-64-Programm-Sammlung-721x1024.jpg 721w, https:\/\/www.retrocomputing-whv.net\/wp-content\/uploads\/2020\/05\/SYBEX-Commodore-64-Programm-Sammlung-211x300.jpg 211w, https:\/\/www.retrocomputing-whv.net\/wp-content\/uploads\/2020\/05\/SYBEX-Commodore-64-Programm-Sammlung-768x1091.jpg 768w, https:\/\/www.retrocomputing-whv.net\/wp-content\/uploads\/2020\/05\/SYBEX-Commodore-64-Programm-Sammlung-1082x1536.jpg 1082w, https:\/\/www.retrocomputing-whv.net\/wp-content\/uploads\/2020\/05\/SYBEX-Commodore-64-Programm-Sammlung.jpg 1200w\" sizes=\"auto, (max-width: 721px) 100vw, 721px\" \/><\/figure>\n\n\n\n<p>SYBEX &#8211; Nr. 3051 &#8211; Autor Stanley R. Trost<br>1. Auflage &#8211;  Erscheinungsjahr 1983 &#8211; ISBN 3-88745-051-5<\/p>\n\n\n\n<p>Dieses Buch beinhaltet mehr als 70 getestete Anwenderprogramme, die direkt eingegeben werden k\u00f6nnen. Es wird Ihnen helfen, die vielseitigen M\u00f6glichkeiten Ihres C64 zu entdecken und bei vielen neuen Anwendungen erfolgreich einzusetzen. Jedes Programm wird erl\u00e4utert, um eine optimale Nutzung zu gew\u00e4hrleisten. Sie m\u00fcssen \u00fcber keine Programmiererfahrung verf\u00fcgen, um sofort Ihren neuen Rechner einsetzen zu k\u00f6nnen!<\/p>\n\n\n\n<p><strong>Inhaltsverzeichnis<\/strong><\/p>\n\n\n\n<ul class=\"wp-block-list\"><li>Einf\u00fchrung<\/li><li>Zinsrechnung<\/li><li>Kaufm\u00e4nnisches Rechnen<\/li><li>Immobilien-Programme<\/li><li>Programme zur Datenanalyse<\/li><li>Programme zur Dateiverwaltung<\/li><li>Programme f\u00fcr mathematische \u00dcbungen<\/li><li>Anhang<ul><li>Zentrale Unterprogramme<\/li><li>Beispiele zur Anwendung der zentralen Unterprogramme<\/li><li>N\u00fctzliche Drucker-Unterprogramme<\/li><\/ul><\/li><\/ul>\n\n\n\n<figure class=\"wp-block-image size-large\"><a href=\"https:\/\/www.retrocomputing-whv.net\/?page_id=1362\"><img loading=\"lazy\" decoding=\"async\" width=\"256\" height=\"136\" src=\"https:\/\/www.retrocomputing-whv.net\/wp-content\/uploads\/2020\/08\/Backspace.jpg\" alt=\"Backspace\" class=\"wp-image-681\"\/><\/a><\/figure>\n\n\n\n<p><\/p>\n","protected":false},"excerpt":{"rendered":"<p>SYBEX &#8211; Nr. 3051 &#8211; Autor Stanley R. Trost1. Auflage &#8211; Erscheinungsjahr 1983 &#8211; ISBN 3-88745-051-5 Dieses Buch beinhaltet mehr als 70 getestete Anwenderprogramme, die direkt eingegeben werden k\u00f6nnen. Es wird Ihnen helfen, die vielseitigen M\u00f6glichkeiten Ihres C64 zu entdecken und bei vielen neuen Anwendungen erfolgreich einzusetzen. Jedes Programm wird erl\u00e4utert, um eine optimale Nutzung zu gew\u00e4hrleisten. Sie m\u00fcssen \u00fcber<\/p>\n","protected":false},"author":1,"featured_media":0,"parent":1362,"menu_order":0,"comment_status":"closed","ping_status":"closed","template":"","meta":{"footnotes":""},"class_list":["post-1366","page","type-page","status-publish","hentry"],"yoast_head":"<!-- This site is optimized with the Yoast SEO plugin v27.6 - https:\/\/yoast.com\/product\/yoast-seo-wordpress\/ -->\n<title>3051 - Commodore 64 Programmsammlung - Retrocomputing WHV<\/title>\n<meta name=\"robots\" content=\"index, follow, max-snippet:-1, max-image-preview:large, max-video-preview:-1\" \/>\n<link rel=\"canonical\" href=\"https:\/\/www.retrocomputing-whv.net\/?page_id=1366\" \/>\n<meta property=\"og:locale\" content=\"de_DE\" \/>\n<meta property=\"og:type\" content=\"article\" \/>\n<meta property=\"og:title\" content=\"3051 - Commodore 64 Programmsammlung - Retrocomputing WHV\" \/>\n<meta property=\"og:description\" content=\"SYBEX &#8211; Nr. 3051 &#8211; Autor Stanley R. Trost1. Auflage &#8211; Erscheinungsjahr 1983 &#8211; ISBN 3-88745-051-5 Dieses Buch beinhaltet mehr als 70 getestete Anwenderprogramme, die direkt eingegeben werden k\u00f6nnen. Es wird Ihnen helfen, die vielseitigen M\u00f6glichkeiten Ihres C64 zu entdecken und bei vielen neuen Anwendungen erfolgreich einzusetzen. Jedes Programm wird erl\u00e4utert, um eine optimale Nutzung zu gew\u00e4hrleisten. Sie m\u00fcssen \u00fcber\" \/>\n<meta property=\"og:url\" content=\"https:\/\/www.retrocomputing-whv.net\/?page_id=1366\" \/>\n<meta property=\"og:site_name\" content=\"Retrocomputing WHV\" \/>\n<meta property=\"article:modified_time\" content=\"2021-01-17T15:49:23+00:00\" \/>\n<meta property=\"og:image\" content=\"https:\/\/www.retrocomputing-whv.net\/wp-content\/uploads\/2020\/05\/SYBEX-Commodore-64-Programm-Sammlung-721x1024.jpg\" \/>\n<meta name=\"twitter:card\" content=\"summary_large_image\" \/>\n<meta name=\"twitter:label1\" content=\"Gesch\u00e4tzte Lesezeit\" \/>\n\t<meta name=\"twitter:data1\" content=\"1\u00a0Minute\" \/>\n<script type=\"application\/ld+json\" class=\"yoast-schema-graph\">{\"@context\":\"https:\\\/\\\/schema.org\",\"@graph\":[{\"@type\":\"WebPage\",\"@id\":\"https:\\\/\\\/www.retrocomputing-whv.net\\\/?page_id=1366\",\"url\":\"https:\\\/\\\/www.retrocomputing-whv.net\\\/?page_id=1366\",\"name\":\"3051 - Commodore 64 Programmsammlung - Retrocomputing WHV\",\"isPartOf\":{\"@id\":\"https:\\\/\\\/www.retrocomputing-whv.net\\\/#website\"},\"primaryImageOfPage\":{\"@id\":\"https:\\\/\\\/www.retrocomputing-whv.net\\\/?page_id=1366#primaryimage\"},\"image\":{\"@id\":\"https:\\\/\\\/www.retrocomputing-whv.net\\\/?page_id=1366#primaryimage\"},\"thumbnailUrl\":\"https:\\\/\\\/www.retrocomputing-whv.net\\\/wp-content\\\/uploads\\\/2020\\\/05\\\/SYBEX-Commodore-64-Programm-Sammlung-721x1024.jpg\",\"datePublished\":\"2021-01-17T15:47:27+00:00\",\"dateModified\":\"2021-01-17T15:49:23+00:00\",\"breadcrumb\":{\"@id\":\"https:\\\/\\\/www.retrocomputing-whv.net\\\/?page_id=1366#breadcrumb\"},\"inLanguage\":\"de\",\"potentialAction\":[{\"@type\":\"ReadAction\",\"target\":[\"https:\\\/\\\/www.retrocomputing-whv.net\\\/?page_id=1366\"]}]},{\"@type\":\"ImageObject\",\"inLanguage\":\"de\",\"@id\":\"https:\\\/\\\/www.retrocomputing-whv.net\\\/?page_id=1366#primaryimage\",\"url\":\"https:\\\/\\\/www.retrocomputing-whv.net\\\/wp-content\\\/uploads\\\/2020\\\/05\\\/SYBEX-Commodore-64-Programm-Sammlung.jpg\",\"contentUrl\":\"https:\\\/\\\/www.retrocomputing-whv.net\\\/wp-content\\\/uploads\\\/2020\\\/05\\\/SYBEX-Commodore-64-Programm-Sammlung.jpg\",\"width\":1200,\"height\":1704,\"caption\":\"SYBEX - Commodore 64 Programm-Sammlung\"},{\"@type\":\"BreadcrumbList\",\"@id\":\"https:\\\/\\\/www.retrocomputing-whv.net\\\/?page_id=1366#breadcrumb\",\"itemListElement\":[{\"@type\":\"ListItem\",\"position\":1,\"name\":\"Startseite\",\"item\":\"https:\\\/\\\/www.retrocomputing-whv.net\\\/\"},{\"@type\":\"ListItem\",\"position\":2,\"name\":\"Literatur\",\"item\":\"https:\\\/\\\/www.retrocomputing-whv.net\\\/?page_id=105\"},{\"@type\":\"ListItem\",\"position\":3,\"name\":\"SYBEX\",\"item\":\"https:\\\/\\\/www.retrocomputing-whv.net\\\/?page_id=1362\"},{\"@type\":\"ListItem\",\"position\":4,\"name\":\"3051 &#8211; Commodore 64 Programmsammlung\"}]},{\"@type\":\"WebSite\",\"@id\":\"https:\\\/\\\/www.retrocomputing-whv.net\\\/#website\",\"url\":\"https:\\\/\\\/www.retrocomputing-whv.net\\\/\",\"name\":\"Retrocomputing WHV\",\"description\":\"\",\"publisher\":{\"@id\":\"https:\\\/\\\/www.retrocomputing-whv.net\\\/#organization\"},\"potentialAction\":[{\"@type\":\"SearchAction\",\"target\":{\"@type\":\"EntryPoint\",\"urlTemplate\":\"https:\\\/\\\/www.retrocomputing-whv.net\\\/?s={search_term_string}\"},\"query-input\":{\"@type\":\"PropertyValueSpecification\",\"valueRequired\":true,\"valueName\":\"search_term_string\"}}],\"inLanguage\":\"de\"},{\"@type\":\"Organization\",\"@id\":\"https:\\\/\\\/www.retrocomputing-whv.net\\\/#organization\",\"name\":\"Retrocomputing-WHV\",\"url\":\"https:\\\/\\\/www.retrocomputing-whv.net\\\/\",\"logo\":{\"@type\":\"ImageObject\",\"inLanguage\":\"de\",\"@id\":\"https:\\\/\\\/www.retrocomputing-whv.net\\\/#\\\/schema\\\/logo\\\/image\\\/\",\"url\":\"https:\\\/\\\/www.retrocomputing-whv.net\\\/wp-content\\\/uploads\\\/2020\\\/04\\\/Logo.png\",\"contentUrl\":\"https:\\\/\\\/www.retrocomputing-whv.net\\\/wp-content\\\/uploads\\\/2020\\\/04\\\/Logo.png\",\"width\":1340,\"height\":250,\"caption\":\"Retrocomputing-WHV\"},\"image\":{\"@id\":\"https:\\\/\\\/www.retrocomputing-whv.net\\\/#\\\/schema\\\/logo\\\/image\\\/\"}}]}<\/script>\n<!-- \/ Yoast SEO plugin. -->","yoast_head_json":{"title":"3051 - Commodore 64 Programmsammlung - Retrocomputing WHV","robots":{"index":"index","follow":"follow","max-snippet":"max-snippet:-1","max-image-preview":"max-image-preview:large","max-video-preview":"max-video-preview:-1"},"canonical":"https:\/\/www.retrocomputing-whv.net\/?page_id=1366","og_locale":"de_DE","og_type":"article","og_title":"3051 - Commodore 64 Programmsammlung - Retrocomputing WHV","og_description":"SYBEX &#8211; Nr. 3051 &#8211; Autor Stanley R. Trost1. Auflage &#8211; Erscheinungsjahr 1983 &#8211; ISBN 3-88745-051-5 Dieses Buch beinhaltet mehr als 70 getestete Anwenderprogramme, die direkt eingegeben werden k\u00f6nnen. Es wird Ihnen helfen, die vielseitigen M\u00f6glichkeiten Ihres C64 zu entdecken und bei vielen neuen Anwendungen erfolgreich einzusetzen. Jedes Programm wird erl\u00e4utert, um eine optimale Nutzung zu gew\u00e4hrleisten. Sie m\u00fcssen \u00fcber","og_url":"https:\/\/www.retrocomputing-whv.net\/?page_id=1366","og_site_name":"Retrocomputing WHV","article_modified_time":"2021-01-17T15:49:23+00:00","og_image":[{"url":"https:\/\/www.retrocomputing-whv.net\/wp-content\/uploads\/2020\/05\/SYBEX-Commodore-64-Programm-Sammlung-721x1024.jpg","type":"","width":"","height":""}],"twitter_card":"summary_large_image","twitter_misc":{"Gesch\u00e4tzte Lesezeit":"1\u00a0Minute"},"schema":{"@context":"https:\/\/schema.org","@graph":[{"@type":"WebPage","@id":"https:\/\/www.retrocomputing-whv.net\/?page_id=1366","url":"https:\/\/www.retrocomputing-whv.net\/?page_id=1366","name":"3051 - Commodore 64 Programmsammlung - Retrocomputing WHV","isPartOf":{"@id":"https:\/\/www.retrocomputing-whv.net\/#website"},"primaryImageOfPage":{"@id":"https:\/\/www.retrocomputing-whv.net\/?page_id=1366#primaryimage"},"image":{"@id":"https:\/\/www.retrocomputing-whv.net\/?page_id=1366#primaryimage"},"thumbnailUrl":"https:\/\/www.retrocomputing-whv.net\/wp-content\/uploads\/2020\/05\/SYBEX-Commodore-64-Programm-Sammlung-721x1024.jpg","datePublished":"2021-01-17T15:47:27+00:00","dateModified":"2021-01-17T15:49:23+00:00","breadcrumb":{"@id":"https:\/\/www.retrocomputing-whv.net\/?page_id=1366#breadcrumb"},"inLanguage":"de","potentialAction":[{"@type":"ReadAction","target":["https:\/\/www.retrocomputing-whv.net\/?page_id=1366"]}]},{"@type":"ImageObject","inLanguage":"de","@id":"https:\/\/www.retrocomputing-whv.net\/?page_id=1366#primaryimage","url":"https:\/\/www.retrocomputing-whv.net\/wp-content\/uploads\/2020\/05\/SYBEX-Commodore-64-Programm-Sammlung.jpg","contentUrl":"https:\/\/www.retrocomputing-whv.net\/wp-content\/uploads\/2020\/05\/SYBEX-Commodore-64-Programm-Sammlung.jpg","width":1200,"height":1704,"caption":"SYBEX - Commodore 64 Programm-Sammlung"},{"@type":"BreadcrumbList","@id":"https:\/\/www.retrocomputing-whv.net\/?page_id=1366#breadcrumb","itemListElement":[{"@type":"ListItem","position":1,"name":"Startseite","item":"https:\/\/www.retrocomputing-whv.net\/"},{"@type":"ListItem","position":2,"name":"Literatur","item":"https:\/\/www.retrocomputing-whv.net\/?page_id=105"},{"@type":"ListItem","position":3,"name":"SYBEX","item":"https:\/\/www.retrocomputing-whv.net\/?page_id=1362"},{"@type":"ListItem","position":4,"name":"3051 &#8211; Commodore 64 Programmsammlung"}]},{"@type":"WebSite","@id":"https:\/\/www.retrocomputing-whv.net\/#website","url":"https:\/\/www.retrocomputing-whv.net\/","name":"Retrocomputing WHV","description":"","publisher":{"@id":"https:\/\/www.retrocomputing-whv.net\/#organization"},"potentialAction":[{"@type":"SearchAction","target":{"@type":"EntryPoint","urlTemplate":"https:\/\/www.retrocomputing-whv.net\/?s={search_term_string}"},"query-input":{"@type":"PropertyValueSpecification","valueRequired":true,"valueName":"search_term_string"}}],"inLanguage":"de"},{"@type":"Organization","@id":"https:\/\/www.retrocomputing-whv.net\/#organization","name":"Retrocomputing-WHV","url":"https:\/\/www.retrocomputing-whv.net\/","logo":{"@type":"ImageObject","inLanguage":"de","@id":"https:\/\/www.retrocomputing-whv.net\/#\/schema\/logo\/image\/","url":"https:\/\/www.retrocomputing-whv.net\/wp-content\/uploads\/2020\/04\/Logo.png","contentUrl":"https:\/\/www.retrocomputing-whv.net\/wp-content\/uploads\/2020\/04\/Logo.png","width":1340,"height":250,"caption":"Retrocomputing-WHV"},"image":{"@id":"https:\/\/www.retrocomputing-whv.net\/#\/schema\/logo\/image\/"}}]}},"_links":{"self":[{"href":"https:\/\/www.retrocomputing-whv.net\/index.php?rest_route=\/wp\/v2\/pages\/1366","targetHints":{"allow":["GET"]}}],"collection":[{"href":"https:\/\/www.retrocomputing-whv.net\/index.php?rest_route=\/wp\/v2\/pages"}],"about":[{"href":"https:\/\/www.retrocomputing-whv.net\/index.php?rest_route=\/wp\/v2\/types\/page"}],"author":[{"embeddable":true,"href":"https:\/\/www.retrocomputing-whv.net\/index.php?rest_route=\/wp\/v2\/users\/1"}],"replies":[{"embeddable":true,"href":"https:\/\/www.retrocomputing-whv.net\/index.php?rest_route=%2Fwp%2Fv2%2Fcomments&post=1366"}],"version-history":[{"count":1,"href":"https:\/\/www.retrocomputing-whv.net\/index.php?rest_route=\/wp\/v2\/pages\/1366\/revisions"}],"predecessor-version":[{"id":1368,"href":"https:\/\/www.retrocomputing-whv.net\/index.php?rest_route=\/wp\/v2\/pages\/1366\/revisions\/1368"}],"up":[{"embeddable":true,"href":"https:\/\/www.retrocomputing-whv.net\/index.php?rest_route=\/wp\/v2\/pages\/1362"}],"wp:attachment":[{"href":"https:\/\/www.retrocomputing-whv.net\/index.php?rest_route=%2Fwp%2Fv2%2Fmedia&parent=1366"}],"curies":[{"name":"wp","href":"https:\/\/api.w.org\/{rel}","templated":true}]}}