{"id":1437,"date":"2021-02-08T07:21:37","date_gmt":"2021-02-08T06:21:37","guid":{"rendered":"https:\/\/www.retrocomputing-whv.net\/?page_id=1437"},"modified":"2021-04-09T18:03:45","modified_gmt":"2021-04-09T16:03:45","slug":"hofacker-0140-programmieren-in-basic-und-maschinencode-mit-dem-zx81","status":"publish","type":"page","link":"https:\/\/www.retrocomputing-whv.net\/?page_id=1437","title":{"rendered":"Hofacker 0140 &#8211; Programmieren in BASIC und Maschinencode mit dem ZX81"},"content":{"rendered":"\n<figure class=\"wp-block-image size-large\"><img loading=\"lazy\" decoding=\"async\" width=\"713\" height=\"1024\" src=\"https:\/\/www.retrocomputing-whv.net\/wp-content\/uploads\/2021\/02\/Hofacker-140-Programmieren-in-BASIC-und-Maschinensprache-mit-dem-ZX81_b-713x1024.jpg\" alt=\"Hofacker 140 - Programmieren in BASIC und Maschinensprache mit dem ZX81\" class=\"wp-image-1424\" srcset=\"https:\/\/www.retrocomputing-whv.net\/wp-content\/uploads\/2021\/02\/Hofacker-140-Programmieren-in-BASIC-und-Maschinensprache-mit-dem-ZX81_b-713x1024.jpg 713w, https:\/\/www.retrocomputing-whv.net\/wp-content\/uploads\/2021\/02\/Hofacker-140-Programmieren-in-BASIC-und-Maschinensprache-mit-dem-ZX81_b-209x300.jpg 209w, https:\/\/www.retrocomputing-whv.net\/wp-content\/uploads\/2021\/02\/Hofacker-140-Programmieren-in-BASIC-und-Maschinensprache-mit-dem-ZX81_b-768x1103.jpg 768w, https:\/\/www.retrocomputing-whv.net\/wp-content\/uploads\/2021\/02\/Hofacker-140-Programmieren-in-BASIC-und-Maschinensprache-mit-dem-ZX81_b-1070x1536.jpg 1070w, https:\/\/www.retrocomputing-whv.net\/wp-content\/uploads\/2021\/02\/Hofacker-140-Programmieren-in-BASIC-und-Maschinensprache-mit-dem-ZX81_b.jpg 1200w\" sizes=\"auto, (max-width: 713px) 100vw, 713px\" \/><\/figure>\n\n\n\n<p>Hofacker-B\u00fccher &#8211; Nr. 140 &#8211; Autor Ekkehrad Fl\u00f6gel<br>1. Auflage &#8211;  Erscheinungsjahr 1982 &#8211; ISBN 3-92168-293-2<\/p>\n\n\n\n<p><strong>Inhaltsverzeichnis:<\/strong><\/p>\n\n\n\n<ul class=\"wp-block-list\"><li>Was hei\u00dft Programmieren?<\/li><li>Programmieren in BASIC<ul><li>Programm zur Erfassung der Kosten eines Kraftfahrzeugs<\/li><li>Korrigieren und \u00c4ndern von Programmen<\/li><li>Fehlersuche in Programmen<\/li><\/ul><\/li><li>Spiele<ul><li>Spielelemente<\/li><li>Schie\u00dfbude<\/li><li>K\u00e4fer<\/li><li>PENG<\/li><li>Schlange<\/li><li>Der freie Fall<\/li><li>Der schiefe Wurf<\/li><li>Ente<\/li><\/ul><\/li><li>Programme f\u00fcr die Schule<ul><li>GGT<\/li><li>KGV<\/li><li>Primfaktorzerlegung<\/li><li>L\u00f6sung der quadratischen Gleichung<\/li><li>NUSU<\/li><li>FKTW<\/li><li>POLYM<\/li><li>Darstellung von Funktionen<\/li><li>Vokabeln lernen<\/li><li>Berechnung der Mehrwertsteuer und des Nettobetrages<\/li><li>Berechnung des Wochentages<\/li><li>Dezimal Hexadezimal Wandlung<\/li><\/ul><\/li><li>Datenverwaltungsprogramme<ul><li>Lagerbestand<\/li><li>LISTE<\/li><li>Terminkalender<\/li><li>Schallplattenverzeichnis<\/li><\/ul><\/li><li>Programmieren in Maschinencode<ul><li>Einf\u00fchrung in die Programmierung mit Maschinencode<\/li><li>Der Maschinencode-Editor MONI (16K)<\/li><\/ul><\/li><li>Anschluss einer PIO an den ZX81 \u2013 Einf\u00fchrung<ul><li>Anschluss der PIO an den ZX81<\/li><li>Programmierung der PIO<\/li><\/ul><\/li><li>Steuerungsprogramme<ul><li>Ansteuerung einer Leuchtdiodenzeile<\/li><li>Lauflicht<\/li><li>Lichtbalken<\/li><li>Blinklicht<\/li><\/ul><\/li><li>Anhang<ul><li>Vergleich ZX81 BASIC-Befehle mit anderen Rechnern<\/li><li>HEX-DEZ Zahlen<\/li><li>Tabelle f\u00fcr Vorw\u00e4rts- und R\u00fcckw\u00e4rtsverzweigungen<\/li><li>Befehlssatz f\u00fcr Z80 A CPU<\/li><li>Z80 PIO-Pinbelegung<\/li><li>Datenblatt 47 LS 138<\/li><li>Programme und Tips f\u00fcr den ZX81-Anwender<\/li><li>Literaturhinweis<\/li><\/ul><\/li><\/ul>\n\n\n\n<figure class=\"wp-block-image size-large\"><a href=\"https:\/\/www.retrocomputing-whv.net\/?page_id=1230\"><img loading=\"lazy\" decoding=\"async\" width=\"256\" height=\"136\" src=\"https:\/\/www.retrocomputing-whv.net\/wp-content\/uploads\/2020\/08\/Backspace.jpg\" alt=\"Backspace\" class=\"wp-image-681\"\/><\/a><\/figure>\n","protected":false},"excerpt":{"rendered":"<p>Hofacker-B\u00fccher &#8211; Nr. 140 &#8211; Autor Ekkehrad Fl\u00f6gel1. Auflage &#8211; Erscheinungsjahr 1982 &#8211; ISBN 3-92168-293-2 Inhaltsverzeichnis: Was hei\u00dft Programmieren? Programmieren in BASIC Programm zur Erfassung der Kosten eines Kraftfahrzeugs Korrigieren und \u00c4ndern von Programmen Fehlersuche in Programmen Spiele Spielelemente Schie\u00dfbude K\u00e4fer PENG Schlange Der freie Fall Der schiefe Wurf Ente Programme f\u00fcr die Schule GGT KGV Primfaktorzerlegung L\u00f6sung der quadratischen<\/p>\n","protected":false},"author":1,"featured_media":0,"parent":1230,"menu_order":0,"comment_status":"closed","ping_status":"closed","template":"","meta":{"footnotes":""},"class_list":["post-1437","page","type-page","status-publish","hentry"],"yoast_head":"<!-- This site is optimized with the Yoast SEO plugin v27.5 - https:\/\/yoast.com\/product\/yoast-seo-wordpress\/ -->\n<title>Hofacker 0140 - Programmieren in BASIC und Maschinencode mit dem ZX81 - Retrocomputing WHV<\/title>\n<meta name=\"robots\" content=\"index, follow, max-snippet:-1, max-image-preview:large, max-video-preview:-1\" \/>\n<link rel=\"canonical\" href=\"https:\/\/www.retrocomputing-whv.net\/?page_id=1437\" \/>\n<meta property=\"og:locale\" content=\"de_DE\" \/>\n<meta property=\"og:type\" content=\"article\" \/>\n<meta property=\"og:title\" content=\"Hofacker 0140 - Programmieren in BASIC und Maschinencode mit dem ZX81 - Retrocomputing WHV\" \/>\n<meta property=\"og:description\" content=\"Hofacker-B\u00fccher &#8211; Nr. 140 &#8211; Autor Ekkehrad Fl\u00f6gel1. Auflage &#8211; Erscheinungsjahr 1982 &#8211; ISBN 3-92168-293-2 Inhaltsverzeichnis: Was hei\u00dft Programmieren? Programmieren in BASIC Programm zur Erfassung der Kosten eines Kraftfahrzeugs Korrigieren und \u00c4ndern von Programmen Fehlersuche in Programmen Spiele Spielelemente Schie\u00dfbude K\u00e4fer PENG Schlange Der freie Fall Der schiefe Wurf Ente Programme f\u00fcr die Schule GGT KGV Primfaktorzerlegung L\u00f6sung der quadratischen\" \/>\n<meta property=\"og:url\" content=\"https:\/\/www.retrocomputing-whv.net\/?page_id=1437\" \/>\n<meta property=\"og:site_name\" content=\"Retrocomputing WHV\" \/>\n<meta property=\"article:modified_time\" content=\"2021-04-09T16:03:45+00:00\" \/>\n<meta property=\"og:image\" content=\"https:\/\/www.retrocomputing-whv.net\/wp-content\/uploads\/2021\/02\/Hofacker-140-Programmieren-in-BASIC-und-Maschinensprache-mit-dem-ZX81_b-713x1024.jpg\" \/>\n<meta name=\"twitter:card\" content=\"summary_large_image\" \/>\n<meta name=\"twitter:label1\" content=\"Gesch\u00e4tzte Lesezeit\" \/>\n\t<meta name=\"twitter:data1\" content=\"2\u00a0Minuten\" \/>\n<script type=\"application\/ld+json\" class=\"yoast-schema-graph\">{\"@context\":\"https:\\\/\\\/schema.org\",\"@graph\":[{\"@type\":\"WebPage\",\"@id\":\"https:\\\/\\\/www.retrocomputing-whv.net\\\/?page_id=1437\",\"url\":\"https:\\\/\\\/www.retrocomputing-whv.net\\\/?page_id=1437\",\"name\":\"Hofacker 0140 - Programmieren in BASIC und Maschinencode mit dem ZX81 - Retrocomputing WHV\",\"isPartOf\":{\"@id\":\"https:\\\/\\\/www.retrocomputing-whv.net\\\/#website\"},\"primaryImageOfPage\":{\"@id\":\"https:\\\/\\\/www.retrocomputing-whv.net\\\/?page_id=1437#primaryimage\"},\"image\":{\"@id\":\"https:\\\/\\\/www.retrocomputing-whv.net\\\/?page_id=1437#primaryimage\"},\"thumbnailUrl\":\"https:\\\/\\\/www.retrocomputing-whv.net\\\/wp-content\\\/uploads\\\/2021\\\/02\\\/Hofacker-140-Programmieren-in-BASIC-und-Maschinensprache-mit-dem-ZX81_b-713x1024.jpg\",\"datePublished\":\"2021-02-08T06:21:37+00:00\",\"dateModified\":\"2021-04-09T16:03:45+00:00\",\"breadcrumb\":{\"@id\":\"https:\\\/\\\/www.retrocomputing-whv.net\\\/?page_id=1437#breadcrumb\"},\"inLanguage\":\"de\",\"potentialAction\":[{\"@type\":\"ReadAction\",\"target\":[\"https:\\\/\\\/www.retrocomputing-whv.net\\\/?page_id=1437\"]}]},{\"@type\":\"ImageObject\",\"inLanguage\":\"de\",\"@id\":\"https:\\\/\\\/www.retrocomputing-whv.net\\\/?page_id=1437#primaryimage\",\"url\":\"https:\\\/\\\/www.retrocomputing-whv.net\\\/wp-content\\\/uploads\\\/2021\\\/02\\\/Hofacker-140-Programmieren-in-BASIC-und-Maschinensprache-mit-dem-ZX81_b.jpg\",\"contentUrl\":\"https:\\\/\\\/www.retrocomputing-whv.net\\\/wp-content\\\/uploads\\\/2021\\\/02\\\/Hofacker-140-Programmieren-in-BASIC-und-Maschinensprache-mit-dem-ZX81_b.jpg\",\"width\":1200,\"height\":1723,\"caption\":\"Hofacker 140 - Programmieren in BASIC und Maschinensprache mit dem ZX81\"},{\"@type\":\"BreadcrumbList\",\"@id\":\"https:\\\/\\\/www.retrocomputing-whv.net\\\/?page_id=1437#breadcrumb\",\"itemListElement\":[{\"@type\":\"ListItem\",\"position\":1,\"name\":\"Startseite\",\"item\":\"https:\\\/\\\/www.retrocomputing-whv.net\\\/\"},{\"@type\":\"ListItem\",\"position\":2,\"name\":\"Literatur\",\"item\":\"https:\\\/\\\/www.retrocomputing-whv.net\\\/?page_id=105\"},{\"@type\":\"ListItem\",\"position\":3,\"name\":\"Hofacker\",\"item\":\"https:\\\/\\\/www.retrocomputing-whv.net\\\/?page_id=1230\"},{\"@type\":\"ListItem\",\"position\":4,\"name\":\"Hofacker 0140 &#8211; Programmieren in BASIC und Maschinencode mit dem ZX81\"}]},{\"@type\":\"WebSite\",\"@id\":\"https:\\\/\\\/www.retrocomputing-whv.net\\\/#website\",\"url\":\"https:\\\/\\\/www.retrocomputing-whv.net\\\/\",\"name\":\"Retrocomputing WHV\",\"description\":\"\",\"publisher\":{\"@id\":\"https:\\\/\\\/www.retrocomputing-whv.net\\\/#organization\"},\"potentialAction\":[{\"@type\":\"SearchAction\",\"target\":{\"@type\":\"EntryPoint\",\"urlTemplate\":\"https:\\\/\\\/www.retrocomputing-whv.net\\\/?s={search_term_string}\"},\"query-input\":{\"@type\":\"PropertyValueSpecification\",\"valueRequired\":true,\"valueName\":\"search_term_string\"}}],\"inLanguage\":\"de\"},{\"@type\":\"Organization\",\"@id\":\"https:\\\/\\\/www.retrocomputing-whv.net\\\/#organization\",\"name\":\"Retrocomputing-WHV\",\"url\":\"https:\\\/\\\/www.retrocomputing-whv.net\\\/\",\"logo\":{\"@type\":\"ImageObject\",\"inLanguage\":\"de\",\"@id\":\"https:\\\/\\\/www.retrocomputing-whv.net\\\/#\\\/schema\\\/logo\\\/image\\\/\",\"url\":\"https:\\\/\\\/www.retrocomputing-whv.net\\\/wp-content\\\/uploads\\\/2020\\\/04\\\/Logo.png\",\"contentUrl\":\"https:\\\/\\\/www.retrocomputing-whv.net\\\/wp-content\\\/uploads\\\/2020\\\/04\\\/Logo.png\",\"width\":1340,\"height\":250,\"caption\":\"Retrocomputing-WHV\"},\"image\":{\"@id\":\"https:\\\/\\\/www.retrocomputing-whv.net\\\/#\\\/schema\\\/logo\\\/image\\\/\"}}]}<\/script>\n<!-- \/ Yoast SEO plugin. -->","yoast_head_json":{"title":"Hofacker 0140 - Programmieren in BASIC und Maschinencode mit dem ZX81 - Retrocomputing WHV","robots":{"index":"index","follow":"follow","max-snippet":"max-snippet:-1","max-image-preview":"max-image-preview:large","max-video-preview":"max-video-preview:-1"},"canonical":"https:\/\/www.retrocomputing-whv.net\/?page_id=1437","og_locale":"de_DE","og_type":"article","og_title":"Hofacker 0140 - Programmieren in BASIC und Maschinencode mit dem ZX81 - Retrocomputing WHV","og_description":"Hofacker-B\u00fccher &#8211; Nr. 140 &#8211; Autor Ekkehrad Fl\u00f6gel1. Auflage &#8211; Erscheinungsjahr 1982 &#8211; ISBN 3-92168-293-2 Inhaltsverzeichnis: Was hei\u00dft Programmieren? Programmieren in BASIC Programm zur Erfassung der Kosten eines Kraftfahrzeugs Korrigieren und \u00c4ndern von Programmen Fehlersuche in Programmen Spiele Spielelemente Schie\u00dfbude K\u00e4fer PENG Schlange Der freie Fall Der schiefe Wurf Ente Programme f\u00fcr die Schule GGT KGV Primfaktorzerlegung L\u00f6sung der quadratischen","og_url":"https:\/\/www.retrocomputing-whv.net\/?page_id=1437","og_site_name":"Retrocomputing WHV","article_modified_time":"2021-04-09T16:03:45+00:00","og_image":[{"url":"https:\/\/www.retrocomputing-whv.net\/wp-content\/uploads\/2021\/02\/Hofacker-140-Programmieren-in-BASIC-und-Maschinensprache-mit-dem-ZX81_b-713x1024.jpg","type":"","width":"","height":""}],"twitter_card":"summary_large_image","twitter_misc":{"Gesch\u00e4tzte Lesezeit":"2\u00a0Minuten"},"schema":{"@context":"https:\/\/schema.org","@graph":[{"@type":"WebPage","@id":"https:\/\/www.retrocomputing-whv.net\/?page_id=1437","url":"https:\/\/www.retrocomputing-whv.net\/?page_id=1437","name":"Hofacker 0140 - Programmieren in BASIC und Maschinencode mit dem ZX81 - Retrocomputing WHV","isPartOf":{"@id":"https:\/\/www.retrocomputing-whv.net\/#website"},"primaryImageOfPage":{"@id":"https:\/\/www.retrocomputing-whv.net\/?page_id=1437#primaryimage"},"image":{"@id":"https:\/\/www.retrocomputing-whv.net\/?page_id=1437#primaryimage"},"thumbnailUrl":"https:\/\/www.retrocomputing-whv.net\/wp-content\/uploads\/2021\/02\/Hofacker-140-Programmieren-in-BASIC-und-Maschinensprache-mit-dem-ZX81_b-713x1024.jpg","datePublished":"2021-02-08T06:21:37+00:00","dateModified":"2021-04-09T16:03:45+00:00","breadcrumb":{"@id":"https:\/\/www.retrocomputing-whv.net\/?page_id=1437#breadcrumb"},"inLanguage":"de","potentialAction":[{"@type":"ReadAction","target":["https:\/\/www.retrocomputing-whv.net\/?page_id=1437"]}]},{"@type":"ImageObject","inLanguage":"de","@id":"https:\/\/www.retrocomputing-whv.net\/?page_id=1437#primaryimage","url":"https:\/\/www.retrocomputing-whv.net\/wp-content\/uploads\/2021\/02\/Hofacker-140-Programmieren-in-BASIC-und-Maschinensprache-mit-dem-ZX81_b.jpg","contentUrl":"https:\/\/www.retrocomputing-whv.net\/wp-content\/uploads\/2021\/02\/Hofacker-140-Programmieren-in-BASIC-und-Maschinensprache-mit-dem-ZX81_b.jpg","width":1200,"height":1723,"caption":"Hofacker 140 - Programmieren in BASIC und Maschinensprache mit dem ZX81"},{"@type":"BreadcrumbList","@id":"https:\/\/www.retrocomputing-whv.net\/?page_id=1437#breadcrumb","itemListElement":[{"@type":"ListItem","position":1,"name":"Startseite","item":"https:\/\/www.retrocomputing-whv.net\/"},{"@type":"ListItem","position":2,"name":"Literatur","item":"https:\/\/www.retrocomputing-whv.net\/?page_id=105"},{"@type":"ListItem","position":3,"name":"Hofacker","item":"https:\/\/www.retrocomputing-whv.net\/?page_id=1230"},{"@type":"ListItem","position":4,"name":"Hofacker 0140 &#8211; Programmieren in BASIC und Maschinencode mit dem ZX81"}]},{"@type":"WebSite","@id":"https:\/\/www.retrocomputing-whv.net\/#website","url":"https:\/\/www.retrocomputing-whv.net\/","name":"Retrocomputing WHV","description":"","publisher":{"@id":"https:\/\/www.retrocomputing-whv.net\/#organization"},"potentialAction":[{"@type":"SearchAction","target":{"@type":"EntryPoint","urlTemplate":"https:\/\/www.retrocomputing-whv.net\/?s={search_term_string}"},"query-input":{"@type":"PropertyValueSpecification","valueRequired":true,"valueName":"search_term_string"}}],"inLanguage":"de"},{"@type":"Organization","@id":"https:\/\/www.retrocomputing-whv.net\/#organization","name":"Retrocomputing-WHV","url":"https:\/\/www.retrocomputing-whv.net\/","logo":{"@type":"ImageObject","inLanguage":"de","@id":"https:\/\/www.retrocomputing-whv.net\/#\/schema\/logo\/image\/","url":"https:\/\/www.retrocomputing-whv.net\/wp-content\/uploads\/2020\/04\/Logo.png","contentUrl":"https:\/\/www.retrocomputing-whv.net\/wp-content\/uploads\/2020\/04\/Logo.png","width":1340,"height":250,"caption":"Retrocomputing-WHV"},"image":{"@id":"https:\/\/www.retrocomputing-whv.net\/#\/schema\/logo\/image\/"}}]}},"_links":{"self":[{"href":"https:\/\/www.retrocomputing-whv.net\/index.php?rest_route=\/wp\/v2\/pages\/1437","targetHints":{"allow":["GET"]}}],"collection":[{"href":"https:\/\/www.retrocomputing-whv.net\/index.php?rest_route=\/wp\/v2\/pages"}],"about":[{"href":"https:\/\/www.retrocomputing-whv.net\/index.php?rest_route=\/wp\/v2\/types\/page"}],"author":[{"embeddable":true,"href":"https:\/\/www.retrocomputing-whv.net\/index.php?rest_route=\/wp\/v2\/users\/1"}],"replies":[{"embeddable":true,"href":"https:\/\/www.retrocomputing-whv.net\/index.php?rest_route=%2Fwp%2Fv2%2Fcomments&post=1437"}],"version-history":[{"count":2,"href":"https:\/\/www.retrocomputing-whv.net\/index.php?rest_route=\/wp\/v2\/pages\/1437\/revisions"}],"predecessor-version":[{"id":1559,"href":"https:\/\/www.retrocomputing-whv.net\/index.php?rest_route=\/wp\/v2\/pages\/1437\/revisions\/1559"}],"up":[{"embeddable":true,"href":"https:\/\/www.retrocomputing-whv.net\/index.php?rest_route=\/wp\/v2\/pages\/1230"}],"wp:attachment":[{"href":"https:\/\/www.retrocomputing-whv.net\/index.php?rest_route=%2Fwp%2Fv2%2Fmedia&parent=1437"}],"curies":[{"name":"wp","href":"https:\/\/api.w.org\/{rel}","templated":true}]}}