{"id":1471,"date":"2021-03-02T19:58:38","date_gmt":"2021-03-02T18:58:38","guid":{"rendered":"https:\/\/www.retrocomputing-whv.net\/?page_id=1471"},"modified":"2021-03-02T20:00:45","modified_gmt":"2021-03-02T19:00:45","slug":"c200d-mein-erster-computer","status":"publish","type":"page","link":"https:\/\/www.retrocomputing-whv.net\/?page_id=1471","title":{"rendered":"C200D &#8211; Mein erster Computer"},"content":{"rendered":"\n<figure class=\"wp-block-image size-large\"><img loading=\"lazy\" decoding=\"async\" width=\"731\" height=\"1024\" src=\"https:\/\/www.retrocomputing-whv.net\/wp-content\/uploads\/2021\/02\/SYBEX-C200D-Mein-erster-Computer_b-731x1024.jpg\" alt=\"SYBEX C200D - Mein erster Computer\" class=\"wp-image-1451\" srcset=\"https:\/\/www.retrocomputing-whv.net\/wp-content\/uploads\/2021\/02\/SYBEX-C200D-Mein-erster-Computer_b-731x1024.jpg 731w, https:\/\/www.retrocomputing-whv.net\/wp-content\/uploads\/2021\/02\/SYBEX-C200D-Mein-erster-Computer_b-214x300.jpg 214w, https:\/\/www.retrocomputing-whv.net\/wp-content\/uploads\/2021\/02\/SYBEX-C200D-Mein-erster-Computer_b-768x1076.jpg 768w, https:\/\/www.retrocomputing-whv.net\/wp-content\/uploads\/2021\/02\/SYBEX-C200D-Mein-erster-Computer_b-1096x1536.jpg 1096w, https:\/\/www.retrocomputing-whv.net\/wp-content\/uploads\/2021\/02\/SYBEX-C200D-Mein-erster-Computer_b.jpg 1200w\" sizes=\"auto, (max-width: 731px) 100vw, 731px\" \/><\/figure>\n\n\n\n<p>SYBEX &#8211; Nr. C200D &#8211; Autor Rodnay Zaks<br>1. Auflage &#8211;  Erscheinungsjahr 1981 &#8211; ISBN 3-88745-003-5<\/p>\n\n\n\n<p>Das Buch f\u00fcr all diejenigen, die den Kauf oder die Nutzung eines Microcomputersystems erw\u00e4gen. Dieses Buch erkl\u00e4rt Ihnen in einer direkt zug\u00e4nglichen Art, aus was ein Microcomputersystem besteht, wie es zu benutzen ist, welche Kosten damit verbunden sind sowohl Auswahlkriterien die Hardware und Software die Sie vielleicht ins Auge gefasst haben. Insbesondere die gesch\u00e4ftlichen Nutzungen von Microcomputersystemen werden eingehend besprochen.<\/p>\n\n\n\n<p><strong>Inhaltsverzeichnis<\/strong><\/p>\n\n\n\n<ul class=\"wp-block-list\"><li>Das Zeitalter der Mikrocomputer<\/li><li>Die Bedienung eines Mikrocomputersystems<\/li><li>Grundlegende Definitionen<\/li><li>Wie funktioniert ein Mikrocomputersystem?<\/li><li>Das Programmieren eines Computers<\/li><li>Von BASIC bis COBOL<\/li><li>Kommerzieller Computereinsatz<\/li><li>Die Auswahl eines Systems<\/li><li>Die Peripherieger\u00e4te<\/li><li>Die Auswahl eines Mikrocomputers<\/li><li>Die Wirtschaftlichkeit eines kommerziellen Systems<\/li><li>Fehler in einem kommerziellen System<\/li><li>Hilfen<\/li><li>Morgen<\/li><li>Index<\/li><li>Produktinformationen<\/li><\/ul>\n\n\n\n<figure class=\"wp-block-image size-large\"><a href=\"https:\/\/www.retrocomputing-whv.net\/?page_id=1362\"><img loading=\"lazy\" decoding=\"async\" width=\"256\" height=\"136\" src=\"https:\/\/www.retrocomputing-whv.net\/wp-content\/uploads\/2020\/08\/Backspace.jpg\" alt=\"Backspace\" class=\"wp-image-681\"\/><\/a><\/figure>\n","protected":false},"excerpt":{"rendered":"<p>SYBEX &#8211; Nr. C200D &#8211; Autor Rodnay Zaks1. Auflage &#8211; Erscheinungsjahr 1981 &#8211; ISBN 3-88745-003-5 Das Buch f\u00fcr all diejenigen, die den Kauf oder die Nutzung eines Microcomputersystems erw\u00e4gen. Dieses Buch erkl\u00e4rt Ihnen in einer direkt zug\u00e4nglichen Art, aus was ein Microcomputersystem besteht, wie es zu benutzen ist, welche Kosten damit verbunden sind sowohl Auswahlkriterien die Hardware und Software die<\/p>\n","protected":false},"author":1,"featured_media":0,"parent":1362,"menu_order":0,"comment_status":"closed","ping_status":"closed","template":"","meta":{"footnotes":""},"class_list":["post-1471","page","type-page","status-publish","hentry"],"yoast_head":"<!-- This site is optimized with the Yoast SEO plugin v27.6 - https:\/\/yoast.com\/product\/yoast-seo-wordpress\/ -->\n<title>C200D - Mein erster Computer - Retrocomputing WHV<\/title>\n<meta name=\"robots\" content=\"index, follow, max-snippet:-1, max-image-preview:large, max-video-preview:-1\" \/>\n<link rel=\"canonical\" href=\"https:\/\/www.retrocomputing-whv.net\/?page_id=1471\" \/>\n<meta property=\"og:locale\" content=\"de_DE\" \/>\n<meta property=\"og:type\" content=\"article\" \/>\n<meta property=\"og:title\" content=\"C200D - Mein erster Computer - Retrocomputing WHV\" \/>\n<meta property=\"og:description\" content=\"SYBEX &#8211; Nr. C200D &#8211; Autor Rodnay Zaks1. Auflage &#8211; Erscheinungsjahr 1981 &#8211; ISBN 3-88745-003-5 Das Buch f\u00fcr all diejenigen, die den Kauf oder die Nutzung eines Microcomputersystems erw\u00e4gen. Dieses Buch erkl\u00e4rt Ihnen in einer direkt zug\u00e4nglichen Art, aus was ein Microcomputersystem besteht, wie es zu benutzen ist, welche Kosten damit verbunden sind sowohl Auswahlkriterien die Hardware und Software die\" \/>\n<meta property=\"og:url\" content=\"https:\/\/www.retrocomputing-whv.net\/?page_id=1471\" \/>\n<meta property=\"og:site_name\" content=\"Retrocomputing WHV\" \/>\n<meta property=\"article:modified_time\" content=\"2021-03-02T19:00:45+00:00\" \/>\n<meta property=\"og:image\" content=\"https:\/\/www.retrocomputing-whv.net\/wp-content\/uploads\/2021\/02\/SYBEX-C200D-Mein-erster-Computer_b-731x1024.jpg\" \/>\n<meta name=\"twitter:card\" content=\"summary_large_image\" \/>\n<meta name=\"twitter:label1\" content=\"Gesch\u00e4tzte Lesezeit\" \/>\n\t<meta name=\"twitter:data1\" content=\"1\u00a0Minute\" \/>\n<script type=\"application\/ld+json\" class=\"yoast-schema-graph\">{\"@context\":\"https:\\\/\\\/schema.org\",\"@graph\":[{\"@type\":\"WebPage\",\"@id\":\"https:\\\/\\\/www.retrocomputing-whv.net\\\/?page_id=1471\",\"url\":\"https:\\\/\\\/www.retrocomputing-whv.net\\\/?page_id=1471\",\"name\":\"C200D - Mein erster Computer - Retrocomputing WHV\",\"isPartOf\":{\"@id\":\"https:\\\/\\\/www.retrocomputing-whv.net\\\/#website\"},\"primaryImageOfPage\":{\"@id\":\"https:\\\/\\\/www.retrocomputing-whv.net\\\/?page_id=1471#primaryimage\"},\"image\":{\"@id\":\"https:\\\/\\\/www.retrocomputing-whv.net\\\/?page_id=1471#primaryimage\"},\"thumbnailUrl\":\"https:\\\/\\\/www.retrocomputing-whv.net\\\/wp-content\\\/uploads\\\/2021\\\/02\\\/SYBEX-C200D-Mein-erster-Computer_b-731x1024.jpg\",\"datePublished\":\"2021-03-02T18:58:38+00:00\",\"dateModified\":\"2021-03-02T19:00:45+00:00\",\"breadcrumb\":{\"@id\":\"https:\\\/\\\/www.retrocomputing-whv.net\\\/?page_id=1471#breadcrumb\"},\"inLanguage\":\"de\",\"potentialAction\":[{\"@type\":\"ReadAction\",\"target\":[\"https:\\\/\\\/www.retrocomputing-whv.net\\\/?page_id=1471\"]}]},{\"@type\":\"ImageObject\",\"inLanguage\":\"de\",\"@id\":\"https:\\\/\\\/www.retrocomputing-whv.net\\\/?page_id=1471#primaryimage\",\"url\":\"https:\\\/\\\/www.retrocomputing-whv.net\\\/wp-content\\\/uploads\\\/2021\\\/02\\\/SYBEX-C200D-Mein-erster-Computer_b.jpg\",\"contentUrl\":\"https:\\\/\\\/www.retrocomputing-whv.net\\\/wp-content\\\/uploads\\\/2021\\\/02\\\/SYBEX-C200D-Mein-erster-Computer_b.jpg\",\"width\":1200,\"height\":1681,\"caption\":\"SYBEX C200D - Mein erster Computer\"},{\"@type\":\"BreadcrumbList\",\"@id\":\"https:\\\/\\\/www.retrocomputing-whv.net\\\/?page_id=1471#breadcrumb\",\"itemListElement\":[{\"@type\":\"ListItem\",\"position\":1,\"name\":\"Startseite\",\"item\":\"https:\\\/\\\/www.retrocomputing-whv.net\\\/\"},{\"@type\":\"ListItem\",\"position\":2,\"name\":\"Literatur\",\"item\":\"https:\\\/\\\/www.retrocomputing-whv.net\\\/?page_id=105\"},{\"@type\":\"ListItem\",\"position\":3,\"name\":\"SYBEX\",\"item\":\"https:\\\/\\\/www.retrocomputing-whv.net\\\/?page_id=1362\"},{\"@type\":\"ListItem\",\"position\":4,\"name\":\"C200D &#8211; Mein erster Computer\"}]},{\"@type\":\"WebSite\",\"@id\":\"https:\\\/\\\/www.retrocomputing-whv.net\\\/#website\",\"url\":\"https:\\\/\\\/www.retrocomputing-whv.net\\\/\",\"name\":\"Retrocomputing WHV\",\"description\":\"\",\"publisher\":{\"@id\":\"https:\\\/\\\/www.retrocomputing-whv.net\\\/#organization\"},\"potentialAction\":[{\"@type\":\"SearchAction\",\"target\":{\"@type\":\"EntryPoint\",\"urlTemplate\":\"https:\\\/\\\/www.retrocomputing-whv.net\\\/?s={search_term_string}\"},\"query-input\":{\"@type\":\"PropertyValueSpecification\",\"valueRequired\":true,\"valueName\":\"search_term_string\"}}],\"inLanguage\":\"de\"},{\"@type\":\"Organization\",\"@id\":\"https:\\\/\\\/www.retrocomputing-whv.net\\\/#organization\",\"name\":\"Retrocomputing-WHV\",\"url\":\"https:\\\/\\\/www.retrocomputing-whv.net\\\/\",\"logo\":{\"@type\":\"ImageObject\",\"inLanguage\":\"de\",\"@id\":\"https:\\\/\\\/www.retrocomputing-whv.net\\\/#\\\/schema\\\/logo\\\/image\\\/\",\"url\":\"https:\\\/\\\/www.retrocomputing-whv.net\\\/wp-content\\\/uploads\\\/2020\\\/04\\\/Logo.png\",\"contentUrl\":\"https:\\\/\\\/www.retrocomputing-whv.net\\\/wp-content\\\/uploads\\\/2020\\\/04\\\/Logo.png\",\"width\":1340,\"height\":250,\"caption\":\"Retrocomputing-WHV\"},\"image\":{\"@id\":\"https:\\\/\\\/www.retrocomputing-whv.net\\\/#\\\/schema\\\/logo\\\/image\\\/\"}}]}<\/script>\n<!-- \/ Yoast SEO plugin. -->","yoast_head_json":{"title":"C200D - Mein erster Computer - Retrocomputing WHV","robots":{"index":"index","follow":"follow","max-snippet":"max-snippet:-1","max-image-preview":"max-image-preview:large","max-video-preview":"max-video-preview:-1"},"canonical":"https:\/\/www.retrocomputing-whv.net\/?page_id=1471","og_locale":"de_DE","og_type":"article","og_title":"C200D - Mein erster Computer - Retrocomputing WHV","og_description":"SYBEX &#8211; Nr. C200D &#8211; Autor Rodnay Zaks1. Auflage &#8211; Erscheinungsjahr 1981 &#8211; ISBN 3-88745-003-5 Das Buch f\u00fcr all diejenigen, die den Kauf oder die Nutzung eines Microcomputersystems erw\u00e4gen. Dieses Buch erkl\u00e4rt Ihnen in einer direkt zug\u00e4nglichen Art, aus was ein Microcomputersystem besteht, wie es zu benutzen ist, welche Kosten damit verbunden sind sowohl Auswahlkriterien die Hardware und Software die","og_url":"https:\/\/www.retrocomputing-whv.net\/?page_id=1471","og_site_name":"Retrocomputing WHV","article_modified_time":"2021-03-02T19:00:45+00:00","og_image":[{"url":"https:\/\/www.retrocomputing-whv.net\/wp-content\/uploads\/2021\/02\/SYBEX-C200D-Mein-erster-Computer_b-731x1024.jpg","type":"","width":"","height":""}],"twitter_card":"summary_large_image","twitter_misc":{"Gesch\u00e4tzte Lesezeit":"1\u00a0Minute"},"schema":{"@context":"https:\/\/schema.org","@graph":[{"@type":"WebPage","@id":"https:\/\/www.retrocomputing-whv.net\/?page_id=1471","url":"https:\/\/www.retrocomputing-whv.net\/?page_id=1471","name":"C200D - Mein erster Computer - Retrocomputing WHV","isPartOf":{"@id":"https:\/\/www.retrocomputing-whv.net\/#website"},"primaryImageOfPage":{"@id":"https:\/\/www.retrocomputing-whv.net\/?page_id=1471#primaryimage"},"image":{"@id":"https:\/\/www.retrocomputing-whv.net\/?page_id=1471#primaryimage"},"thumbnailUrl":"https:\/\/www.retrocomputing-whv.net\/wp-content\/uploads\/2021\/02\/SYBEX-C200D-Mein-erster-Computer_b-731x1024.jpg","datePublished":"2021-03-02T18:58:38+00:00","dateModified":"2021-03-02T19:00:45+00:00","breadcrumb":{"@id":"https:\/\/www.retrocomputing-whv.net\/?page_id=1471#breadcrumb"},"inLanguage":"de","potentialAction":[{"@type":"ReadAction","target":["https:\/\/www.retrocomputing-whv.net\/?page_id=1471"]}]},{"@type":"ImageObject","inLanguage":"de","@id":"https:\/\/www.retrocomputing-whv.net\/?page_id=1471#primaryimage","url":"https:\/\/www.retrocomputing-whv.net\/wp-content\/uploads\/2021\/02\/SYBEX-C200D-Mein-erster-Computer_b.jpg","contentUrl":"https:\/\/www.retrocomputing-whv.net\/wp-content\/uploads\/2021\/02\/SYBEX-C200D-Mein-erster-Computer_b.jpg","width":1200,"height":1681,"caption":"SYBEX C200D - Mein erster Computer"},{"@type":"BreadcrumbList","@id":"https:\/\/www.retrocomputing-whv.net\/?page_id=1471#breadcrumb","itemListElement":[{"@type":"ListItem","position":1,"name":"Startseite","item":"https:\/\/www.retrocomputing-whv.net\/"},{"@type":"ListItem","position":2,"name":"Literatur","item":"https:\/\/www.retrocomputing-whv.net\/?page_id=105"},{"@type":"ListItem","position":3,"name":"SYBEX","item":"https:\/\/www.retrocomputing-whv.net\/?page_id=1362"},{"@type":"ListItem","position":4,"name":"C200D &#8211; Mein erster Computer"}]},{"@type":"WebSite","@id":"https:\/\/www.retrocomputing-whv.net\/#website","url":"https:\/\/www.retrocomputing-whv.net\/","name":"Retrocomputing WHV","description":"","publisher":{"@id":"https:\/\/www.retrocomputing-whv.net\/#organization"},"potentialAction":[{"@type":"SearchAction","target":{"@type":"EntryPoint","urlTemplate":"https:\/\/www.retrocomputing-whv.net\/?s={search_term_string}"},"query-input":{"@type":"PropertyValueSpecification","valueRequired":true,"valueName":"search_term_string"}}],"inLanguage":"de"},{"@type":"Organization","@id":"https:\/\/www.retrocomputing-whv.net\/#organization","name":"Retrocomputing-WHV","url":"https:\/\/www.retrocomputing-whv.net\/","logo":{"@type":"ImageObject","inLanguage":"de","@id":"https:\/\/www.retrocomputing-whv.net\/#\/schema\/logo\/image\/","url":"https:\/\/www.retrocomputing-whv.net\/wp-content\/uploads\/2020\/04\/Logo.png","contentUrl":"https:\/\/www.retrocomputing-whv.net\/wp-content\/uploads\/2020\/04\/Logo.png","width":1340,"height":250,"caption":"Retrocomputing-WHV"},"image":{"@id":"https:\/\/www.retrocomputing-whv.net\/#\/schema\/logo\/image\/"}}]}},"_links":{"self":[{"href":"https:\/\/www.retrocomputing-whv.net\/index.php?rest_route=\/wp\/v2\/pages\/1471","targetHints":{"allow":["GET"]}}],"collection":[{"href":"https:\/\/www.retrocomputing-whv.net\/index.php?rest_route=\/wp\/v2\/pages"}],"about":[{"href":"https:\/\/www.retrocomputing-whv.net\/index.php?rest_route=\/wp\/v2\/types\/page"}],"author":[{"embeddable":true,"href":"https:\/\/www.retrocomputing-whv.net\/index.php?rest_route=\/wp\/v2\/users\/1"}],"replies":[{"embeddable":true,"href":"https:\/\/www.retrocomputing-whv.net\/index.php?rest_route=%2Fwp%2Fv2%2Fcomments&post=1471"}],"version-history":[{"count":1,"href":"https:\/\/www.retrocomputing-whv.net\/index.php?rest_route=\/wp\/v2\/pages\/1471\/revisions"}],"predecessor-version":[{"id":1472,"href":"https:\/\/www.retrocomputing-whv.net\/index.php?rest_route=\/wp\/v2\/pages\/1471\/revisions\/1472"}],"up":[{"embeddable":true,"href":"https:\/\/www.retrocomputing-whv.net\/index.php?rest_route=\/wp\/v2\/pages\/1362"}],"wp:attachment":[{"href":"https:\/\/www.retrocomputing-whv.net\/index.php?rest_route=%2Fwp%2Fv2%2Fmedia&parent=1471"}],"curies":[{"name":"wp","href":"https:\/\/api.w.org\/{rel}","templated":true}]}}