{"id":1484,"date":"2021-03-07T14:28:13","date_gmt":"2021-03-07T13:28:13","guid":{"rendered":"https:\/\/www.retrocomputing-whv.net\/?page_id=1484"},"modified":"2021-03-07T14:33:55","modified_gmt":"2021-03-07T13:33:55","slug":"3012-mikroprozessor-interface-techniken","status":"publish","type":"page","link":"https:\/\/www.retrocomputing-whv.net\/?page_id=1484","title":{"rendered":"3012 &#8211; Mikroprozessor Interface Techniken"},"content":{"rendered":"\n<figure class=\"wp-block-image size-large\"><img loading=\"lazy\" decoding=\"async\" width=\"722\" height=\"1024\" src=\"https:\/\/www.retrocomputing-whv.net\/wp-content\/uploads\/2021\/02\/SYBEX-3012-Mikroprozessor-Interface-Techniken_b-722x1024.jpg\" alt=\"SYBEX 3012 - Mikroprozessor Interface Techniken\" class=\"wp-image-1459\" srcset=\"https:\/\/www.retrocomputing-whv.net\/wp-content\/uploads\/2021\/02\/SYBEX-3012-Mikroprozessor-Interface-Techniken_b-722x1024.jpg 722w, https:\/\/www.retrocomputing-whv.net\/wp-content\/uploads\/2021\/02\/SYBEX-3012-Mikroprozessor-Interface-Techniken_b-211x300.jpg 211w, https:\/\/www.retrocomputing-whv.net\/wp-content\/uploads\/2021\/02\/SYBEX-3012-Mikroprozessor-Interface-Techniken_b-768x1090.jpg 768w, https:\/\/www.retrocomputing-whv.net\/wp-content\/uploads\/2021\/02\/SYBEX-3012-Mikroprozessor-Interface-Techniken_b-1082x1536.jpg 1082w, https:\/\/www.retrocomputing-whv.net\/wp-content\/uploads\/2021\/02\/SYBEX-3012-Mikroprozessor-Interface-Techniken_b.jpg 1200w\" sizes=\"auto, (max-width: 722px) 100vw, 722px\" \/><\/figure>\n\n\n\n<p>SYBEX &#8211; Nr. 3012 &#8211; Autoren Rodney Zaks, Austin Lesea<br>4. Auflage &#8211;  Erscheinungsjahr 1982 &#8211; ISBN 3-88745-012-4<\/p>\n\n\n\n<p>Interface Technik ist keine Kunst mehr, sondern eine Technik der Anwendung von Komponenten in der Elektronik. Dieses Buch will Ihnen erkl\u00e4ren, wie einfach im Grunde genommen die Gesamtschaltung eines Mikrocomputers ist, wenn man die einzelnen Peripherie-Ger\u00e4te f\u00fcr sich betrachtet.<br>Software- und Hardware-Techniken werden in Beispielen mit IEEE-488 und S-100-Bus behandelt.<\/p>\n\n\n\n<p><strong>Inhaltsverzeichnis<\/strong><\/p>\n\n\n\n<ul class=\"wp-block-list\"><li>Einf\u00fchrung<ul><li>Konzept, die beschriebenen Techniken, Einf\u00fchrung in Bus-Strukturen, Einzelheiten \u00fcber den Bus<\/li><\/ul><\/li><li>Aufbau der Zentraleinheit<ul><li>Einf\u00fchrung, Der 8080, Der 6800, Der Z-80, Dynamische Speicher, Der 8085<\/li><\/ul><\/li><li>Grundlegende Ein-\/Ausgabe Techniken<ul><li>Parallele, Serielle LSI-Interface Bausteine f\u00fcr 8080-, 6800-Systeme, Unterbrechungssteuerung, Direkter Speicherzugriff, N\u00fctzliche Schaltungen<\/li><\/ul><\/li><li>Anschluss von Peripherie-Einheiten<ul><li>Tastaturen, LED-Anzeigen, Teletype, Lochstreifenleser, Schrittmotoren, Magnetischer Kreditkartenleser, Kassetteninterface f\u00fcr KIM-1, Kansas-City-Standard, Tarbell-Interface, Anschluss eines Bildschirmger\u00e4tes, Einchipsteuerungen (CRTC\u00b4s), Intelligentes Sichtger\u00e4t, Anschluss von Floppy Disk Speichern, Disketten Interface, Musiksynthesizer, Auffrischen Dynamischer RAMs<\/li><\/ul><\/li><li>Analog\/Digital und Digital\/Analog Wandler<ul><li>Einleitung, Prinzip eines D\/A Wandlers, Ein ausgef\u00fchrter D\/A Wandler, Produkte, Abtastung, Das Abtasttheorem, A\/D Wandlung durch schrittweise Ann\u00e4herung, Einbezug eines Mikroprozessors, Eingangsspannungen, Integration, Direkter Vergleich, Typische Bausteine, Anschluss eines D\/A Wandlers, Beispiele D\/A und A\/D, Mehr Kan\u00e4le-Techniken zur Aufl\u00f6sungsverbesserung<\/li><\/ul><\/li><li>Standards und Techniken zur Buserstellung<ul><li>Einf\u00fchrung, Parallel: S-100, Systembus 6800, IEEE-488 (IEC-BUS) (mit Beispiel), CAMAC, Serielle Standards: EIA-RS232C, RS422 und 423, Synchroner Datenverkehr, Parit\u00e4t, Cyclic Redundancy, Ein S-100 Interface Beispiel, Stromversorgungen<\/li><\/ul><\/li><li>Der Multiplexer \u2013 Eine Fallstudie<ul><li>Einf\u00fchrung, Eigenschaften, Aufbau, Software, CPU und PROM-Moduln, RAM-Moduln, USART-Karte, Interface zum Zentralrechner<\/li><\/ul><\/li><li>Testen<ul><li>Einf\u00fchrung, Was funktioniert nicht?, Bauteilefehler, Software, St\u00f6rspannungen, Ger\u00e4te zur Fehlersuche: Multimeter, Logiktester, Oszilloskop, Logikanalysatoren, Selbstdiagnose, Simulation und Emulation, Inbetriebnahme, Fallstudie: Das eine Bit unter 16.384!<\/li><\/ul><\/li><li>Entwicklungsrichtungen<ul><li>Technologische Entwicklung, Plastiksoftware<\/li><\/ul><\/li><li>Anh\u00e4nge<ul><li>Microprozessor Hersteller<\/li><li>S-100 Hersteller<\/li><li>Umwandlungstabelle: Dezimal\/Bin\u00e4r\/Hexadezimal\/Oktal<\/li><li>RS232C Signale<\/li><li>IEEE-488 (IEC-BUS) Signale<\/li><li>Abk\u00fcrzungen aus der Computertechnik<\/li><\/ul><\/li><li>Inhaltsregister<\/li><\/ul>\n\n\n\n<figure class=\"wp-block-image size-large\"><a href=\"https:\/\/www.retrocomputing-whv.net\/?page_id=1362\"><img loading=\"lazy\" decoding=\"async\" width=\"256\" height=\"136\" src=\"https:\/\/www.retrocomputing-whv.net\/wp-content\/uploads\/2020\/08\/Backspace.jpg\" alt=\"Backspace\" class=\"wp-image-681\"\/><\/a><\/figure>\n","protected":false},"excerpt":{"rendered":"<p>SYBEX &#8211; Nr. 3012 &#8211; Autoren Rodney Zaks, Austin Lesea4. Auflage &#8211; Erscheinungsjahr 1982 &#8211; ISBN 3-88745-012-4 Interface Technik ist keine Kunst mehr, sondern eine Technik der Anwendung von Komponenten in der Elektronik. Dieses Buch will Ihnen erkl\u00e4ren, wie einfach im Grunde genommen die Gesamtschaltung eines Mikrocomputers ist, wenn man die einzelnen Peripherie-Ger\u00e4te f\u00fcr sich betrachtet.Software- und Hardware-Techniken werden in<\/p>\n","protected":false},"author":1,"featured_media":0,"parent":1362,"menu_order":0,"comment_status":"closed","ping_status":"closed","template":"","meta":{"footnotes":""},"class_list":["post-1484","page","type-page","status-publish","hentry"],"yoast_head":"<!-- This site is optimized with the Yoast SEO plugin v27.6 - https:\/\/yoast.com\/product\/yoast-seo-wordpress\/ -->\n<title>3012 - Mikroprozessor Interface Techniken - Retrocomputing WHV<\/title>\n<meta name=\"robots\" content=\"index, follow, max-snippet:-1, max-image-preview:large, max-video-preview:-1\" \/>\n<link rel=\"canonical\" href=\"https:\/\/www.retrocomputing-whv.net\/?page_id=1484\" \/>\n<meta property=\"og:locale\" content=\"de_DE\" \/>\n<meta property=\"og:type\" content=\"article\" \/>\n<meta property=\"og:title\" content=\"3012 - Mikroprozessor Interface Techniken - Retrocomputing WHV\" \/>\n<meta property=\"og:description\" content=\"SYBEX &#8211; Nr. 3012 &#8211; Autoren Rodney Zaks, Austin Lesea4. Auflage &#8211; Erscheinungsjahr 1982 &#8211; ISBN 3-88745-012-4 Interface Technik ist keine Kunst mehr, sondern eine Technik der Anwendung von Komponenten in der Elektronik. Dieses Buch will Ihnen erkl\u00e4ren, wie einfach im Grunde genommen die Gesamtschaltung eines Mikrocomputers ist, wenn man die einzelnen Peripherie-Ger\u00e4te f\u00fcr sich betrachtet.Software- und Hardware-Techniken werden in\" \/>\n<meta property=\"og:url\" content=\"https:\/\/www.retrocomputing-whv.net\/?page_id=1484\" \/>\n<meta property=\"og:site_name\" content=\"Retrocomputing WHV\" \/>\n<meta property=\"article:modified_time\" content=\"2021-03-07T13:33:55+00:00\" \/>\n<meta property=\"og:image\" content=\"https:\/\/www.retrocomputing-whv.net\/wp-content\/uploads\/2021\/02\/SYBEX-3012-Mikroprozessor-Interface-Techniken_b-722x1024.jpg\" \/>\n<meta name=\"twitter:card\" content=\"summary_large_image\" \/>\n<meta name=\"twitter:label1\" content=\"Gesch\u00e4tzte Lesezeit\" \/>\n\t<meta name=\"twitter:data1\" content=\"2\u00a0Minuten\" \/>\n<script type=\"application\/ld+json\" class=\"yoast-schema-graph\">{\"@context\":\"https:\\\/\\\/schema.org\",\"@graph\":[{\"@type\":\"WebPage\",\"@id\":\"https:\\\/\\\/www.retrocomputing-whv.net\\\/?page_id=1484\",\"url\":\"https:\\\/\\\/www.retrocomputing-whv.net\\\/?page_id=1484\",\"name\":\"3012 - Mikroprozessor Interface Techniken - Retrocomputing WHV\",\"isPartOf\":{\"@id\":\"https:\\\/\\\/www.retrocomputing-whv.net\\\/#website\"},\"primaryImageOfPage\":{\"@id\":\"https:\\\/\\\/www.retrocomputing-whv.net\\\/?page_id=1484#primaryimage\"},\"image\":{\"@id\":\"https:\\\/\\\/www.retrocomputing-whv.net\\\/?page_id=1484#primaryimage\"},\"thumbnailUrl\":\"https:\\\/\\\/www.retrocomputing-whv.net\\\/wp-content\\\/uploads\\\/2021\\\/02\\\/SYBEX-3012-Mikroprozessor-Interface-Techniken_b-722x1024.jpg\",\"datePublished\":\"2021-03-07T13:28:13+00:00\",\"dateModified\":\"2021-03-07T13:33:55+00:00\",\"breadcrumb\":{\"@id\":\"https:\\\/\\\/www.retrocomputing-whv.net\\\/?page_id=1484#breadcrumb\"},\"inLanguage\":\"de\",\"potentialAction\":[{\"@type\":\"ReadAction\",\"target\":[\"https:\\\/\\\/www.retrocomputing-whv.net\\\/?page_id=1484\"]}]},{\"@type\":\"ImageObject\",\"inLanguage\":\"de\",\"@id\":\"https:\\\/\\\/www.retrocomputing-whv.net\\\/?page_id=1484#primaryimage\",\"url\":\"https:\\\/\\\/www.retrocomputing-whv.net\\\/wp-content\\\/uploads\\\/2021\\\/02\\\/SYBEX-3012-Mikroprozessor-Interface-Techniken_b.jpg\",\"contentUrl\":\"https:\\\/\\\/www.retrocomputing-whv.net\\\/wp-content\\\/uploads\\\/2021\\\/02\\\/SYBEX-3012-Mikroprozessor-Interface-Techniken_b.jpg\",\"width\":1200,\"height\":1703,\"caption\":\"SYBEX 3012 - Mikroprozessor Interface Techniken\"},{\"@type\":\"BreadcrumbList\",\"@id\":\"https:\\\/\\\/www.retrocomputing-whv.net\\\/?page_id=1484#breadcrumb\",\"itemListElement\":[{\"@type\":\"ListItem\",\"position\":1,\"name\":\"Startseite\",\"item\":\"https:\\\/\\\/www.retrocomputing-whv.net\\\/\"},{\"@type\":\"ListItem\",\"position\":2,\"name\":\"Literatur\",\"item\":\"https:\\\/\\\/www.retrocomputing-whv.net\\\/?page_id=105\"},{\"@type\":\"ListItem\",\"position\":3,\"name\":\"SYBEX\",\"item\":\"https:\\\/\\\/www.retrocomputing-whv.net\\\/?page_id=1362\"},{\"@type\":\"ListItem\",\"position\":4,\"name\":\"3012 &#8211; Mikroprozessor Interface Techniken\"}]},{\"@type\":\"WebSite\",\"@id\":\"https:\\\/\\\/www.retrocomputing-whv.net\\\/#website\",\"url\":\"https:\\\/\\\/www.retrocomputing-whv.net\\\/\",\"name\":\"Retrocomputing WHV\",\"description\":\"\",\"publisher\":{\"@id\":\"https:\\\/\\\/www.retrocomputing-whv.net\\\/#organization\"},\"potentialAction\":[{\"@type\":\"SearchAction\",\"target\":{\"@type\":\"EntryPoint\",\"urlTemplate\":\"https:\\\/\\\/www.retrocomputing-whv.net\\\/?s={search_term_string}\"},\"query-input\":{\"@type\":\"PropertyValueSpecification\",\"valueRequired\":true,\"valueName\":\"search_term_string\"}}],\"inLanguage\":\"de\"},{\"@type\":\"Organization\",\"@id\":\"https:\\\/\\\/www.retrocomputing-whv.net\\\/#organization\",\"name\":\"Retrocomputing-WHV\",\"url\":\"https:\\\/\\\/www.retrocomputing-whv.net\\\/\",\"logo\":{\"@type\":\"ImageObject\",\"inLanguage\":\"de\",\"@id\":\"https:\\\/\\\/www.retrocomputing-whv.net\\\/#\\\/schema\\\/logo\\\/image\\\/\",\"url\":\"https:\\\/\\\/www.retrocomputing-whv.net\\\/wp-content\\\/uploads\\\/2020\\\/04\\\/Logo.png\",\"contentUrl\":\"https:\\\/\\\/www.retrocomputing-whv.net\\\/wp-content\\\/uploads\\\/2020\\\/04\\\/Logo.png\",\"width\":1340,\"height\":250,\"caption\":\"Retrocomputing-WHV\"},\"image\":{\"@id\":\"https:\\\/\\\/www.retrocomputing-whv.net\\\/#\\\/schema\\\/logo\\\/image\\\/\"}}]}<\/script>\n<!-- \/ Yoast SEO plugin. -->","yoast_head_json":{"title":"3012 - Mikroprozessor Interface Techniken - Retrocomputing WHV","robots":{"index":"index","follow":"follow","max-snippet":"max-snippet:-1","max-image-preview":"max-image-preview:large","max-video-preview":"max-video-preview:-1"},"canonical":"https:\/\/www.retrocomputing-whv.net\/?page_id=1484","og_locale":"de_DE","og_type":"article","og_title":"3012 - Mikroprozessor Interface Techniken - Retrocomputing WHV","og_description":"SYBEX &#8211; Nr. 3012 &#8211; Autoren Rodney Zaks, Austin Lesea4. Auflage &#8211; Erscheinungsjahr 1982 &#8211; ISBN 3-88745-012-4 Interface Technik ist keine Kunst mehr, sondern eine Technik der Anwendung von Komponenten in der Elektronik. Dieses Buch will Ihnen erkl\u00e4ren, wie einfach im Grunde genommen die Gesamtschaltung eines Mikrocomputers ist, wenn man die einzelnen Peripherie-Ger\u00e4te f\u00fcr sich betrachtet.Software- und Hardware-Techniken werden in","og_url":"https:\/\/www.retrocomputing-whv.net\/?page_id=1484","og_site_name":"Retrocomputing WHV","article_modified_time":"2021-03-07T13:33:55+00:00","og_image":[{"url":"https:\/\/www.retrocomputing-whv.net\/wp-content\/uploads\/2021\/02\/SYBEX-3012-Mikroprozessor-Interface-Techniken_b-722x1024.jpg","type":"","width":"","height":""}],"twitter_card":"summary_large_image","twitter_misc":{"Gesch\u00e4tzte Lesezeit":"2\u00a0Minuten"},"schema":{"@context":"https:\/\/schema.org","@graph":[{"@type":"WebPage","@id":"https:\/\/www.retrocomputing-whv.net\/?page_id=1484","url":"https:\/\/www.retrocomputing-whv.net\/?page_id=1484","name":"3012 - Mikroprozessor Interface Techniken - Retrocomputing WHV","isPartOf":{"@id":"https:\/\/www.retrocomputing-whv.net\/#website"},"primaryImageOfPage":{"@id":"https:\/\/www.retrocomputing-whv.net\/?page_id=1484#primaryimage"},"image":{"@id":"https:\/\/www.retrocomputing-whv.net\/?page_id=1484#primaryimage"},"thumbnailUrl":"https:\/\/www.retrocomputing-whv.net\/wp-content\/uploads\/2021\/02\/SYBEX-3012-Mikroprozessor-Interface-Techniken_b-722x1024.jpg","datePublished":"2021-03-07T13:28:13+00:00","dateModified":"2021-03-07T13:33:55+00:00","breadcrumb":{"@id":"https:\/\/www.retrocomputing-whv.net\/?page_id=1484#breadcrumb"},"inLanguage":"de","potentialAction":[{"@type":"ReadAction","target":["https:\/\/www.retrocomputing-whv.net\/?page_id=1484"]}]},{"@type":"ImageObject","inLanguage":"de","@id":"https:\/\/www.retrocomputing-whv.net\/?page_id=1484#primaryimage","url":"https:\/\/www.retrocomputing-whv.net\/wp-content\/uploads\/2021\/02\/SYBEX-3012-Mikroprozessor-Interface-Techniken_b.jpg","contentUrl":"https:\/\/www.retrocomputing-whv.net\/wp-content\/uploads\/2021\/02\/SYBEX-3012-Mikroprozessor-Interface-Techniken_b.jpg","width":1200,"height":1703,"caption":"SYBEX 3012 - Mikroprozessor Interface Techniken"},{"@type":"BreadcrumbList","@id":"https:\/\/www.retrocomputing-whv.net\/?page_id=1484#breadcrumb","itemListElement":[{"@type":"ListItem","position":1,"name":"Startseite","item":"https:\/\/www.retrocomputing-whv.net\/"},{"@type":"ListItem","position":2,"name":"Literatur","item":"https:\/\/www.retrocomputing-whv.net\/?page_id=105"},{"@type":"ListItem","position":3,"name":"SYBEX","item":"https:\/\/www.retrocomputing-whv.net\/?page_id=1362"},{"@type":"ListItem","position":4,"name":"3012 &#8211; Mikroprozessor Interface Techniken"}]},{"@type":"WebSite","@id":"https:\/\/www.retrocomputing-whv.net\/#website","url":"https:\/\/www.retrocomputing-whv.net\/","name":"Retrocomputing WHV","description":"","publisher":{"@id":"https:\/\/www.retrocomputing-whv.net\/#organization"},"potentialAction":[{"@type":"SearchAction","target":{"@type":"EntryPoint","urlTemplate":"https:\/\/www.retrocomputing-whv.net\/?s={search_term_string}"},"query-input":{"@type":"PropertyValueSpecification","valueRequired":true,"valueName":"search_term_string"}}],"inLanguage":"de"},{"@type":"Organization","@id":"https:\/\/www.retrocomputing-whv.net\/#organization","name":"Retrocomputing-WHV","url":"https:\/\/www.retrocomputing-whv.net\/","logo":{"@type":"ImageObject","inLanguage":"de","@id":"https:\/\/www.retrocomputing-whv.net\/#\/schema\/logo\/image\/","url":"https:\/\/www.retrocomputing-whv.net\/wp-content\/uploads\/2020\/04\/Logo.png","contentUrl":"https:\/\/www.retrocomputing-whv.net\/wp-content\/uploads\/2020\/04\/Logo.png","width":1340,"height":250,"caption":"Retrocomputing-WHV"},"image":{"@id":"https:\/\/www.retrocomputing-whv.net\/#\/schema\/logo\/image\/"}}]}},"_links":{"self":[{"href":"https:\/\/www.retrocomputing-whv.net\/index.php?rest_route=\/wp\/v2\/pages\/1484","targetHints":{"allow":["GET"]}}],"collection":[{"href":"https:\/\/www.retrocomputing-whv.net\/index.php?rest_route=\/wp\/v2\/pages"}],"about":[{"href":"https:\/\/www.retrocomputing-whv.net\/index.php?rest_route=\/wp\/v2\/types\/page"}],"author":[{"embeddable":true,"href":"https:\/\/www.retrocomputing-whv.net\/index.php?rest_route=\/wp\/v2\/users\/1"}],"replies":[{"embeddable":true,"href":"https:\/\/www.retrocomputing-whv.net\/index.php?rest_route=%2Fwp%2Fv2%2Fcomments&post=1484"}],"version-history":[{"count":2,"href":"https:\/\/www.retrocomputing-whv.net\/index.php?rest_route=\/wp\/v2\/pages\/1484\/revisions"}],"predecessor-version":[{"id":1487,"href":"https:\/\/www.retrocomputing-whv.net\/index.php?rest_route=\/wp\/v2\/pages\/1484\/revisions\/1487"}],"up":[{"embeddable":true,"href":"https:\/\/www.retrocomputing-whv.net\/index.php?rest_route=\/wp\/v2\/pages\/1362"}],"wp:attachment":[{"href":"https:\/\/www.retrocomputing-whv.net\/index.php?rest_route=%2Fwp%2Fv2%2Fmedia&parent=1484"}],"curies":[{"name":"wp","href":"https:\/\/api.w.org\/{rel}","templated":true}]}}