{"id":1497,"date":"2021-03-08T07:28:57","date_gmt":"2021-03-08T06:28:57","guid":{"rendered":"https:\/\/www.retrocomputing-whv.net\/?page_id=1497"},"modified":"2021-03-08T07:29:31","modified_gmt":"2021-03-08T06:29:31","slug":"3698-grundkurs-turbo-pascal-band-2","status":"publish","type":"page","link":"https:\/\/www.retrocomputing-whv.net\/?page_id=1497","title":{"rendered":"3698 &#8211; Grundkurs Turbo Pascal Band 2"},"content":{"rendered":"\n<figure class=\"wp-block-image size-large\"><img loading=\"lazy\" decoding=\"async\" width=\"737\" height=\"1024\" src=\"https:\/\/www.retrocomputing-whv.net\/wp-content\/uploads\/2021\/02\/SYBEX-3698-Grundkurs-Turbo-Pascal-Band-2_b-737x1024.jpg\" alt=\"SYBEX 3698 - Grundkurs Turbo Pascal Band 2\" class=\"wp-image-1454\" srcset=\"https:\/\/www.retrocomputing-whv.net\/wp-content\/uploads\/2021\/02\/SYBEX-3698-Grundkurs-Turbo-Pascal-Band-2_b-737x1024.jpg 737w, https:\/\/www.retrocomputing-whv.net\/wp-content\/uploads\/2021\/02\/SYBEX-3698-Grundkurs-Turbo-Pascal-Band-2_b-216x300.jpg 216w, https:\/\/www.retrocomputing-whv.net\/wp-content\/uploads\/2021\/02\/SYBEX-3698-Grundkurs-Turbo-Pascal-Band-2_b-768x1067.jpg 768w, https:\/\/www.retrocomputing-whv.net\/wp-content\/uploads\/2021\/02\/SYBEX-3698-Grundkurs-Turbo-Pascal-Band-2_b-1106x1536.jpg 1106w, https:\/\/www.retrocomputing-whv.net\/wp-content\/uploads\/2021\/02\/SYBEX-3698-Grundkurs-Turbo-Pascal-Band-2_b.jpg 1200w\" sizes=\"auto, (max-width: 737px) 100vw, 737px\" \/><\/figure>\n\n\n\n<p>SYBEX &#8211; Nr. 3698 &#8211; Autor Karl Hermann Rollke<br>4. Auflage &#8211;  Erscheinungsjahr 1989 &#8211; ISBN 3-88745-698-X<\/p>\n\n\n\n<p>Umfassendes Pascal-Wissen<\/p>\n\n\n\n<ul class=\"wp-block-list\"><li>F\u00fcr den Informatik-Unterricht in der Sekundarstufe II<\/li><li>F\u00fcr Informatik-Kurse an der Volkshochschule<\/li><li>F\u00fcr Kurse und als Sekund\u00e4rliteratur an der Hochschule<\/li><\/ul>\n\n\n\n<p>Von einem Lehrer aus der Praxis geschrieben \u2013 von Lehrern erprobt und mitgestaltet.<br>Mit diesem Buch schlie\u00dft der Autor nahtlos an den bereits erschienenen Grundkurs Turbo Pascal Band I an. Der zweite Band f\u00fchrt das Studium der Programmiersprache fort.<br>Als ein Hauptthema werden die sogenannten Datenstrukturen behandelt; dabei werden in leicht verst\u00e4ndlicher Weise Verbunde, Mengen, Dateien und Zeiger vorgestellt.<br>Weitere Schwerpunkte sind der abstrakte Datentyp und das ab Version 4.0 neu hinzugekommene Bibliothekskonzept in Turbo Pascal. Au\u00dferdem erh\u00e4lt der Lernende eine kleine Einf\u00fchrung in die elektronischen Funktionen und in die Programmierung auf Maschinenebene.<br>Viele \u00dcbungen und Beispielprogramme helfen, das Gelernte zu vertiefen und zu erproben. Die Programme sind alle auf einem IBM PC bzw. einem APPLE-Rechner getestet worden und lassen sich leicht auf andere Systeme \u00fcbertragen.<br>Abgerundet wird der Grundkurs Turbo Pascal durch einige Gedanken \u00fcber die gesellschaftlichen Auswirkungen der Datenverarbeitung und Vorschl\u00e4ge des Autors f\u00fcr Projekte.<\/p>\n\n\n\n<p><strong>Inhaltsverzeichnis<\/strong><\/p>\n\n\n\n<ul class=\"wp-block-list\"><li>Vorwort<\/li><li>Typen gibt\u00b4s<ul><li>Die TYPE-Deklaration \u2013 Aufz\u00e4hlungen \u2013 Unterbereiche<\/li><li>Mehrdimensionale Felder<\/li><li>Verbunde und Varianten<\/li><li>Mengen<\/li><li>Zusammenfassung<\/li><\/ul><\/li><li>Dateien<ul><li>Das Dateikonzept in Pascal<\/li><li>Sequentielle Dateien<\/li><li>Textdateien<\/li><li>Typenlose Dateien (f\u00fcr Fortgeschrittene)<\/li><li>Zusammenfassung<\/li><\/ul><\/li><li>Dynamische Datenstrukturen<ul><li>Zeiger \u2013 das Konzept<\/li><li>Listen<\/li><li>B\u00e4ume<\/li><li>Zusammenfassung<\/li><\/ul><\/li><li>Einige weiterf\u00fchrende Themen<ul><li>Erweiterungen des Prozedurkonzepts<\/li><li>Weitere Speichermanipulationen<\/li><li>Programmverkettungen<\/li><li>Fehlerbehandlung ab Version 3.0<\/li><li>Zusammenfassung<\/li><\/ul><\/li><li>Abstrakter Datentyp und Bibliothekskonzept<ul><li>Abstrakter Datentyp (ADT)<\/li><li>Bibliothekskonzept und UNITs (am Beispiel des ADT-Stacks)<\/li><li>ADT-Stack als Includefile<\/li><li>Zusammenfassung<\/li><\/ul><\/li><li>Aufbau und Arbeitsweise einer Datenverarbeitungs-(DV)-Anlage<ul><li>Der Aufbau unseres Computers<\/li><li>Speichermanipulationen<\/li><li>Etwas bin\u00e4re Mathematik<\/li><li>Etwas Schaltalgebra<\/li><li>Darstellung der Prozessoren 8088 und 6502 und ihrer Register<\/li><li>Einige Beispiele f\u00fcr typische Prozessoroperationen<\/li><li>Zusammenfassung<\/li><\/ul><\/li><li>Gesellschaftliche Auswirkungen der Datenverarbeitung<ul><li>Auswirkungen auf den Arbeitsmarkt und Arbeitsplatz<\/li><li>Auswirkungen auf das gesellschaftliche Umfeld des einzelnen<\/li><li>Datenschutz<\/li><li>Zusammenfassung<\/li><\/ul><\/li><li>Vorschl\u00e4ge f\u00fcr Projekte<\/li><li>Anhang<ul><li>Standardprozeduren und -funktionen<\/li><li>Fehlermeldungen<\/li><li>Compiler-Direktiven<\/li><li>6502-Instruction-Set (mit Registern)<\/li><li>Die Register des 8086\/8088<\/li><li>Die Flags des 8086\/8088<\/li><li>Die Referenzdaten des 8086\/8088<\/li><li>Die Speicherorganisation des IBM PC<\/li><li>Der IBM-Zeichensatz<\/li><li>Die DEBUG-Befehle<\/li><li>Datenschutzgesetz<\/li><li>Literaturverzeichnis<\/li><li>Stichwortverzeichnis<\/li><\/ul><\/li><\/ul>\n\n\n\n<figure class=\"wp-block-image size-large\"><a href=\"https:\/\/www.retrocomputing-whv.net\/?page_id=1362\"><img loading=\"lazy\" decoding=\"async\" width=\"256\" height=\"136\" src=\"https:\/\/www.retrocomputing-whv.net\/wp-content\/uploads\/2020\/08\/Backspace.jpg\" alt=\"Backspace\" class=\"wp-image-681\"\/><\/a><\/figure>\n","protected":false},"excerpt":{"rendered":"<p>SYBEX &#8211; Nr. 3698 &#8211; Autor Karl Hermann Rollke4. Auflage &#8211; Erscheinungsjahr 1989 &#8211; ISBN 3-88745-698-X Umfassendes Pascal-Wissen F\u00fcr den Informatik-Unterricht in der Sekundarstufe II F\u00fcr Informatik-Kurse an der Volkshochschule F\u00fcr Kurse und als Sekund\u00e4rliteratur an der Hochschule Von einem Lehrer aus der Praxis geschrieben \u2013 von Lehrern erprobt und mitgestaltet.Mit diesem Buch schlie\u00dft der Autor nahtlos an den bereits<\/p>\n","protected":false},"author":1,"featured_media":0,"parent":1362,"menu_order":0,"comment_status":"closed","ping_status":"closed","template":"","meta":{"footnotes":""},"class_list":["post-1497","page","type-page","status-publish","hentry"],"yoast_head":"<!-- This site is optimized with the Yoast SEO plugin v27.6 - https:\/\/yoast.com\/product\/yoast-seo-wordpress\/ -->\n<title>3698 - Grundkurs Turbo Pascal Band 2 - Retrocomputing WHV<\/title>\n<meta name=\"robots\" content=\"index, follow, max-snippet:-1, max-image-preview:large, max-video-preview:-1\" \/>\n<link rel=\"canonical\" href=\"https:\/\/www.retrocomputing-whv.net\/?page_id=1497\" \/>\n<meta property=\"og:locale\" content=\"de_DE\" \/>\n<meta property=\"og:type\" content=\"article\" \/>\n<meta property=\"og:title\" content=\"3698 - Grundkurs Turbo Pascal Band 2 - Retrocomputing WHV\" \/>\n<meta property=\"og:description\" content=\"SYBEX &#8211; Nr. 3698 &#8211; Autor Karl Hermann Rollke4. Auflage &#8211; Erscheinungsjahr 1989 &#8211; ISBN 3-88745-698-X Umfassendes Pascal-Wissen F\u00fcr den Informatik-Unterricht in der Sekundarstufe II F\u00fcr Informatik-Kurse an der Volkshochschule F\u00fcr Kurse und als Sekund\u00e4rliteratur an der Hochschule Von einem Lehrer aus der Praxis geschrieben \u2013 von Lehrern erprobt und mitgestaltet.Mit diesem Buch schlie\u00dft der Autor nahtlos an den bereits\" \/>\n<meta property=\"og:url\" content=\"https:\/\/www.retrocomputing-whv.net\/?page_id=1497\" \/>\n<meta property=\"og:site_name\" content=\"Retrocomputing WHV\" \/>\n<meta property=\"article:modified_time\" content=\"2021-03-08T06:29:31+00:00\" \/>\n<meta property=\"og:image\" content=\"https:\/\/www.retrocomputing-whv.net\/wp-content\/uploads\/2021\/02\/SYBEX-3698-Grundkurs-Turbo-Pascal-Band-2_b-737x1024.jpg\" \/>\n<meta name=\"twitter:card\" content=\"summary_large_image\" \/>\n<meta name=\"twitter:label1\" content=\"Gesch\u00e4tzte Lesezeit\" \/>\n\t<meta name=\"twitter:data1\" content=\"2\u00a0Minuten\" \/>\n<script type=\"application\/ld+json\" class=\"yoast-schema-graph\">{\"@context\":\"https:\\\/\\\/schema.org\",\"@graph\":[{\"@type\":\"WebPage\",\"@id\":\"https:\\\/\\\/www.retrocomputing-whv.net\\\/?page_id=1497\",\"url\":\"https:\\\/\\\/www.retrocomputing-whv.net\\\/?page_id=1497\",\"name\":\"3698 - Grundkurs Turbo Pascal Band 2 - Retrocomputing WHV\",\"isPartOf\":{\"@id\":\"https:\\\/\\\/www.retrocomputing-whv.net\\\/#website\"},\"primaryImageOfPage\":{\"@id\":\"https:\\\/\\\/www.retrocomputing-whv.net\\\/?page_id=1497#primaryimage\"},\"image\":{\"@id\":\"https:\\\/\\\/www.retrocomputing-whv.net\\\/?page_id=1497#primaryimage\"},\"thumbnailUrl\":\"https:\\\/\\\/www.retrocomputing-whv.net\\\/wp-content\\\/uploads\\\/2021\\\/02\\\/SYBEX-3698-Grundkurs-Turbo-Pascal-Band-2_b-737x1024.jpg\",\"datePublished\":\"2021-03-08T06:28:57+00:00\",\"dateModified\":\"2021-03-08T06:29:31+00:00\",\"breadcrumb\":{\"@id\":\"https:\\\/\\\/www.retrocomputing-whv.net\\\/?page_id=1497#breadcrumb\"},\"inLanguage\":\"de\",\"potentialAction\":[{\"@type\":\"ReadAction\",\"target\":[\"https:\\\/\\\/www.retrocomputing-whv.net\\\/?page_id=1497\"]}]},{\"@type\":\"ImageObject\",\"inLanguage\":\"de\",\"@id\":\"https:\\\/\\\/www.retrocomputing-whv.net\\\/?page_id=1497#primaryimage\",\"url\":\"https:\\\/\\\/www.retrocomputing-whv.net\\\/wp-content\\\/uploads\\\/2021\\\/02\\\/SYBEX-3698-Grundkurs-Turbo-Pascal-Band-2_b.jpg\",\"contentUrl\":\"https:\\\/\\\/www.retrocomputing-whv.net\\\/wp-content\\\/uploads\\\/2021\\\/02\\\/SYBEX-3698-Grundkurs-Turbo-Pascal-Band-2_b.jpg\",\"width\":1200,\"height\":1667,\"caption\":\"SYBEX 3698 - Grundkurs Turbo Pascal Band 2\"},{\"@type\":\"BreadcrumbList\",\"@id\":\"https:\\\/\\\/www.retrocomputing-whv.net\\\/?page_id=1497#breadcrumb\",\"itemListElement\":[{\"@type\":\"ListItem\",\"position\":1,\"name\":\"Startseite\",\"item\":\"https:\\\/\\\/www.retrocomputing-whv.net\\\/\"},{\"@type\":\"ListItem\",\"position\":2,\"name\":\"Literatur\",\"item\":\"https:\\\/\\\/www.retrocomputing-whv.net\\\/?page_id=105\"},{\"@type\":\"ListItem\",\"position\":3,\"name\":\"SYBEX\",\"item\":\"https:\\\/\\\/www.retrocomputing-whv.net\\\/?page_id=1362\"},{\"@type\":\"ListItem\",\"position\":4,\"name\":\"3698 &#8211; Grundkurs Turbo Pascal Band 2\"}]},{\"@type\":\"WebSite\",\"@id\":\"https:\\\/\\\/www.retrocomputing-whv.net\\\/#website\",\"url\":\"https:\\\/\\\/www.retrocomputing-whv.net\\\/\",\"name\":\"Retrocomputing WHV\",\"description\":\"\",\"publisher\":{\"@id\":\"https:\\\/\\\/www.retrocomputing-whv.net\\\/#organization\"},\"potentialAction\":[{\"@type\":\"SearchAction\",\"target\":{\"@type\":\"EntryPoint\",\"urlTemplate\":\"https:\\\/\\\/www.retrocomputing-whv.net\\\/?s={search_term_string}\"},\"query-input\":{\"@type\":\"PropertyValueSpecification\",\"valueRequired\":true,\"valueName\":\"search_term_string\"}}],\"inLanguage\":\"de\"},{\"@type\":\"Organization\",\"@id\":\"https:\\\/\\\/www.retrocomputing-whv.net\\\/#organization\",\"name\":\"Retrocomputing-WHV\",\"url\":\"https:\\\/\\\/www.retrocomputing-whv.net\\\/\",\"logo\":{\"@type\":\"ImageObject\",\"inLanguage\":\"de\",\"@id\":\"https:\\\/\\\/www.retrocomputing-whv.net\\\/#\\\/schema\\\/logo\\\/image\\\/\",\"url\":\"https:\\\/\\\/www.retrocomputing-whv.net\\\/wp-content\\\/uploads\\\/2020\\\/04\\\/Logo.png\",\"contentUrl\":\"https:\\\/\\\/www.retrocomputing-whv.net\\\/wp-content\\\/uploads\\\/2020\\\/04\\\/Logo.png\",\"width\":1340,\"height\":250,\"caption\":\"Retrocomputing-WHV\"},\"image\":{\"@id\":\"https:\\\/\\\/www.retrocomputing-whv.net\\\/#\\\/schema\\\/logo\\\/image\\\/\"}}]}<\/script>\n<!-- \/ Yoast SEO plugin. -->","yoast_head_json":{"title":"3698 - Grundkurs Turbo Pascal Band 2 - Retrocomputing WHV","robots":{"index":"index","follow":"follow","max-snippet":"max-snippet:-1","max-image-preview":"max-image-preview:large","max-video-preview":"max-video-preview:-1"},"canonical":"https:\/\/www.retrocomputing-whv.net\/?page_id=1497","og_locale":"de_DE","og_type":"article","og_title":"3698 - Grundkurs Turbo Pascal Band 2 - Retrocomputing WHV","og_description":"SYBEX &#8211; Nr. 3698 &#8211; Autor Karl Hermann Rollke4. Auflage &#8211; Erscheinungsjahr 1989 &#8211; ISBN 3-88745-698-X Umfassendes Pascal-Wissen F\u00fcr den Informatik-Unterricht in der Sekundarstufe II F\u00fcr Informatik-Kurse an der Volkshochschule F\u00fcr Kurse und als Sekund\u00e4rliteratur an der Hochschule Von einem Lehrer aus der Praxis geschrieben \u2013 von Lehrern erprobt und mitgestaltet.Mit diesem Buch schlie\u00dft der Autor nahtlos an den bereits","og_url":"https:\/\/www.retrocomputing-whv.net\/?page_id=1497","og_site_name":"Retrocomputing WHV","article_modified_time":"2021-03-08T06:29:31+00:00","og_image":[{"url":"https:\/\/www.retrocomputing-whv.net\/wp-content\/uploads\/2021\/02\/SYBEX-3698-Grundkurs-Turbo-Pascal-Band-2_b-737x1024.jpg","type":"","width":"","height":""}],"twitter_card":"summary_large_image","twitter_misc":{"Gesch\u00e4tzte Lesezeit":"2\u00a0Minuten"},"schema":{"@context":"https:\/\/schema.org","@graph":[{"@type":"WebPage","@id":"https:\/\/www.retrocomputing-whv.net\/?page_id=1497","url":"https:\/\/www.retrocomputing-whv.net\/?page_id=1497","name":"3698 - Grundkurs Turbo Pascal Band 2 - Retrocomputing WHV","isPartOf":{"@id":"https:\/\/www.retrocomputing-whv.net\/#website"},"primaryImageOfPage":{"@id":"https:\/\/www.retrocomputing-whv.net\/?page_id=1497#primaryimage"},"image":{"@id":"https:\/\/www.retrocomputing-whv.net\/?page_id=1497#primaryimage"},"thumbnailUrl":"https:\/\/www.retrocomputing-whv.net\/wp-content\/uploads\/2021\/02\/SYBEX-3698-Grundkurs-Turbo-Pascal-Band-2_b-737x1024.jpg","datePublished":"2021-03-08T06:28:57+00:00","dateModified":"2021-03-08T06:29:31+00:00","breadcrumb":{"@id":"https:\/\/www.retrocomputing-whv.net\/?page_id=1497#breadcrumb"},"inLanguage":"de","potentialAction":[{"@type":"ReadAction","target":["https:\/\/www.retrocomputing-whv.net\/?page_id=1497"]}]},{"@type":"ImageObject","inLanguage":"de","@id":"https:\/\/www.retrocomputing-whv.net\/?page_id=1497#primaryimage","url":"https:\/\/www.retrocomputing-whv.net\/wp-content\/uploads\/2021\/02\/SYBEX-3698-Grundkurs-Turbo-Pascal-Band-2_b.jpg","contentUrl":"https:\/\/www.retrocomputing-whv.net\/wp-content\/uploads\/2021\/02\/SYBEX-3698-Grundkurs-Turbo-Pascal-Band-2_b.jpg","width":1200,"height":1667,"caption":"SYBEX 3698 - Grundkurs Turbo Pascal Band 2"},{"@type":"BreadcrumbList","@id":"https:\/\/www.retrocomputing-whv.net\/?page_id=1497#breadcrumb","itemListElement":[{"@type":"ListItem","position":1,"name":"Startseite","item":"https:\/\/www.retrocomputing-whv.net\/"},{"@type":"ListItem","position":2,"name":"Literatur","item":"https:\/\/www.retrocomputing-whv.net\/?page_id=105"},{"@type":"ListItem","position":3,"name":"SYBEX","item":"https:\/\/www.retrocomputing-whv.net\/?page_id=1362"},{"@type":"ListItem","position":4,"name":"3698 &#8211; Grundkurs Turbo Pascal Band 2"}]},{"@type":"WebSite","@id":"https:\/\/www.retrocomputing-whv.net\/#website","url":"https:\/\/www.retrocomputing-whv.net\/","name":"Retrocomputing WHV","description":"","publisher":{"@id":"https:\/\/www.retrocomputing-whv.net\/#organization"},"potentialAction":[{"@type":"SearchAction","target":{"@type":"EntryPoint","urlTemplate":"https:\/\/www.retrocomputing-whv.net\/?s={search_term_string}"},"query-input":{"@type":"PropertyValueSpecification","valueRequired":true,"valueName":"search_term_string"}}],"inLanguage":"de"},{"@type":"Organization","@id":"https:\/\/www.retrocomputing-whv.net\/#organization","name":"Retrocomputing-WHV","url":"https:\/\/www.retrocomputing-whv.net\/","logo":{"@type":"ImageObject","inLanguage":"de","@id":"https:\/\/www.retrocomputing-whv.net\/#\/schema\/logo\/image\/","url":"https:\/\/www.retrocomputing-whv.net\/wp-content\/uploads\/2020\/04\/Logo.png","contentUrl":"https:\/\/www.retrocomputing-whv.net\/wp-content\/uploads\/2020\/04\/Logo.png","width":1340,"height":250,"caption":"Retrocomputing-WHV"},"image":{"@id":"https:\/\/www.retrocomputing-whv.net\/#\/schema\/logo\/image\/"}}]}},"_links":{"self":[{"href":"https:\/\/www.retrocomputing-whv.net\/index.php?rest_route=\/wp\/v2\/pages\/1497","targetHints":{"allow":["GET"]}}],"collection":[{"href":"https:\/\/www.retrocomputing-whv.net\/index.php?rest_route=\/wp\/v2\/pages"}],"about":[{"href":"https:\/\/www.retrocomputing-whv.net\/index.php?rest_route=\/wp\/v2\/types\/page"}],"author":[{"embeddable":true,"href":"https:\/\/www.retrocomputing-whv.net\/index.php?rest_route=\/wp\/v2\/users\/1"}],"replies":[{"embeddable":true,"href":"https:\/\/www.retrocomputing-whv.net\/index.php?rest_route=%2Fwp%2Fv2%2Fcomments&post=1497"}],"version-history":[{"count":1,"href":"https:\/\/www.retrocomputing-whv.net\/index.php?rest_route=\/wp\/v2\/pages\/1497\/revisions"}],"predecessor-version":[{"id":1498,"href":"https:\/\/www.retrocomputing-whv.net\/index.php?rest_route=\/wp\/v2\/pages\/1497\/revisions\/1498"}],"up":[{"embeddable":true,"href":"https:\/\/www.retrocomputing-whv.net\/index.php?rest_route=\/wp\/v2\/pages\/1362"}],"wp:attachment":[{"href":"https:\/\/www.retrocomputing-whv.net\/index.php?rest_route=%2Fwp%2Fv2%2Fmedia&parent=1497"}],"curies":[{"name":"wp","href":"https:\/\/api.w.org\/{rel}","templated":true}]}}