{"id":1585,"date":"2021-05-01T08:06:26","date_gmt":"2021-05-01T06:06:26","guid":{"rendered":"https:\/\/www.retrocomputing-whv.net\/?page_id=1585"},"modified":"2021-05-01T08:06:47","modified_gmt":"2021-05-01T06:06:47","slug":"deluxe-paint-iv","status":"publish","type":"page","link":"https:\/\/www.retrocomputing-whv.net\/?page_id=1585","title":{"rendered":"Deluxe Paint IV"},"content":{"rendered":"\n<figure class=\"wp-block-image size-large\"><img loading=\"lazy\" decoding=\"async\" width=\"720\" height=\"1024\" src=\"https:\/\/www.retrocomputing-whv.net\/wp-content\/uploads\/2021\/05\/Markt-und-Technik-Deluxe-Paint-IV_b-720x1024.jpg\" alt=\"Markt und Technik - Deluxe Paint IV\" class=\"wp-image-1584\" srcset=\"https:\/\/www.retrocomputing-whv.net\/wp-content\/uploads\/2021\/05\/Markt-und-Technik-Deluxe-Paint-IV_b-720x1024.jpg 720w, https:\/\/www.retrocomputing-whv.net\/wp-content\/uploads\/2021\/05\/Markt-und-Technik-Deluxe-Paint-IV_b-211x300.jpg 211w, https:\/\/www.retrocomputing-whv.net\/wp-content\/uploads\/2021\/05\/Markt-und-Technik-Deluxe-Paint-IV_b-768x1092.jpg 768w, https:\/\/www.retrocomputing-whv.net\/wp-content\/uploads\/2021\/05\/Markt-und-Technik-Deluxe-Paint-IV_b-1080x1536.jpg 1080w, https:\/\/www.retrocomputing-whv.net\/wp-content\/uploads\/2021\/05\/Markt-und-Technik-Deluxe-Paint-IV_b.jpg 1200w\" sizes=\"auto, (max-width: 720px) 100vw, 720px\" \/><\/figure>\n\n\n\n<p>Markt und Technik &#8211; Deluxe Paint IV &#8211; Autor Christian Caroli<br>1. Auflage &#8211; Erscheinungsjahr 1992 &#8211; ISBN 3-87791-004-1<\/p>\n\n\n\n<p><strong>Zum Programm:<\/strong><br>DPaint \u2013 jetzt in der Version IV \u2013 ist der Klassiker unter den Mal- und Animationsprogrammen f\u00fcr den Amiga. Es kombiniert leistungsstarke Werkzeuge mit einer intuitiven Oberfl\u00e4che, so dass von Anfang an optimale Ergebnisse erzielt werden k\u00f6nnen. Allerdings erschwert die endlose F\u00fclle von Funktionen den leichten Einstieg.<\/p>\n\n\n\n<p><strong>Zum Buch:<\/strong><br>Workshop \u2013 das hei\u00dft: sichere Lernerfolge in k\u00fcrzester Zeit.<\/p>\n\n\n\n<p><strong>Erfolgreich starten<\/strong>:<br>Im Einf\u00fchrungskapitel erfahren Sie alles, was zum grundlegenden Umgang mit DPaint IV und dem Buch notwendig ist. Au\u00dferdem: Starthilfe in Sachen Installation. Das Tutorium f\u00fchrt Sie dann in zehn Sitzungen in die Funktionsvielfalt von DPaint IV ein \u2013 ausf\u00fchrlich und praxisgerecht \u2013 anhand eines attraktiven Drehbuchs. Das Ergebnis: ein spannender Trickfilm von feinster Qualit\u00e4t.<\/p>\n\n\n\n<p><strong>Sicher nutzen:<\/strong><br>Das Kapitel Know-how wird ihr Ratgeber f\u00fcr die t\u00e4gliche Praxis: h\u00e4ufige Fehlerquellen und entsprechende L\u00f6sungsvorschl\u00e4ge; eine Sammlung n\u00fctzlicher Tipps &amp; Kniffe; ein \u00dcberblick \u00fcber sinnvolle Erweiterungen von Hard- und Software; und vieles mehr.<br>Dann die Referenz: knapp, pr\u00e4zise und men\u00fcorientiert \u2013 alle Befehle auf einen Blick. Als n\u00fctzliche Hilfe: ein Farbteil mit Beispielen.<br>Der Abschnitt Schnellinformation bietet schlie\u00dflich nach dem Motto \u201eWie kann ich \u2026?\u201c drei\u00dfig L\u00f6sungen zu ebenso vielen Aufgabenstellungen der Praxis.<br>Markt &amp; Technik-Workshops \u2013 verst\u00e4ndlich und informativ; zu popul\u00e4ren Themen wie Grafik, Musik, Textverarbeitung und Programmiersprachen.<br>Herausgegeben von .TXT Publishing GmbH. Ein Team aus Fachlektoren und Spezialisten, die aus eigener EDV- und Verlagspraxis die Informationsbed\u00fcrfnisse von Computeranwendern kennen.<\/p>\n\n\n\n<p><strong>Hardware-Anforderungen:<\/strong><br>Amiga mit mindestens 1 Mbyte Speicher<\/p>\n\n\n\n<p><strong>Software-Anforderungen:<\/strong><br>Deluxe Paint IV von Electronic Arts<\/p>\n\n\n\n<figure class=\"wp-block-image size-large\"><a href=\"https:\/\/www.retrocomputing-whv.net\/?page_id=249\"><img loading=\"lazy\" decoding=\"async\" width=\"256\" height=\"136\" src=\"https:\/\/www.retrocomputing-whv.net\/wp-content\/uploads\/2020\/08\/Backspace.jpg\" alt=\"Backspace\" class=\"wp-image-681\"\/><\/a><\/figure>\n","protected":false},"excerpt":{"rendered":"<p>Markt und Technik &#8211; Deluxe Paint IV &#8211; Autor Christian Caroli1. Auflage &#8211; Erscheinungsjahr 1992 &#8211; ISBN 3-87791-004-1 Zum Programm:DPaint \u2013 jetzt in der Version IV \u2013 ist der Klassiker unter den Mal- und Animationsprogrammen f\u00fcr den Amiga. Es kombiniert leistungsstarke Werkzeuge mit einer intuitiven Oberfl\u00e4che, so dass von Anfang an optimale Ergebnisse erzielt werden k\u00f6nnen. Allerdings erschwert die endlose<\/p>\n","protected":false},"author":1,"featured_media":0,"parent":249,"menu_order":0,"comment_status":"closed","ping_status":"closed","template":"","meta":{"footnotes":""},"class_list":["post-1585","page","type-page","status-publish","hentry"],"yoast_head":"<!-- This site is optimized with the Yoast SEO plugin v27.4 - https:\/\/yoast.com\/product\/yoast-seo-wordpress\/ -->\n<title>Deluxe Paint IV - Retrocomputing WHV<\/title>\n<meta name=\"robots\" content=\"index, follow, max-snippet:-1, max-image-preview:large, max-video-preview:-1\" \/>\n<link rel=\"canonical\" href=\"https:\/\/www.retrocomputing-whv.net\/?page_id=1585\" \/>\n<meta property=\"og:locale\" content=\"de_DE\" \/>\n<meta property=\"og:type\" content=\"article\" \/>\n<meta property=\"og:title\" content=\"Deluxe Paint IV - Retrocomputing WHV\" \/>\n<meta property=\"og:description\" content=\"Markt und Technik &#8211; Deluxe Paint IV &#8211; Autor Christian Caroli1. Auflage &#8211; Erscheinungsjahr 1992 &#8211; ISBN 3-87791-004-1 Zum Programm:DPaint \u2013 jetzt in der Version IV \u2013 ist der Klassiker unter den Mal- und Animationsprogrammen f\u00fcr den Amiga. Es kombiniert leistungsstarke Werkzeuge mit einer intuitiven Oberfl\u00e4che, so dass von Anfang an optimale Ergebnisse erzielt werden k\u00f6nnen. Allerdings erschwert die endlose\" \/>\n<meta property=\"og:url\" content=\"https:\/\/www.retrocomputing-whv.net\/?page_id=1585\" \/>\n<meta property=\"og:site_name\" content=\"Retrocomputing WHV\" \/>\n<meta property=\"article:modified_time\" content=\"2021-05-01T06:06:47+00:00\" \/>\n<meta property=\"og:image\" content=\"https:\/\/www.retrocomputing-whv.net\/wp-content\/uploads\/2021\/05\/Markt-und-Technik-Deluxe-Paint-IV_b-720x1024.jpg\" \/>\n<meta name=\"twitter:card\" content=\"summary_large_image\" \/>\n<meta name=\"twitter:label1\" content=\"Gesch\u00e4tzte Lesezeit\" \/>\n\t<meta name=\"twitter:data1\" content=\"2\u00a0Minuten\" \/>\n<script type=\"application\/ld+json\" class=\"yoast-schema-graph\">{\"@context\":\"https:\\\/\\\/schema.org\",\"@graph\":[{\"@type\":\"WebPage\",\"@id\":\"https:\\\/\\\/www.retrocomputing-whv.net\\\/?page_id=1585\",\"url\":\"https:\\\/\\\/www.retrocomputing-whv.net\\\/?page_id=1585\",\"name\":\"Deluxe Paint IV - Retrocomputing WHV\",\"isPartOf\":{\"@id\":\"https:\\\/\\\/www.retrocomputing-whv.net\\\/#website\"},\"primaryImageOfPage\":{\"@id\":\"https:\\\/\\\/www.retrocomputing-whv.net\\\/?page_id=1585#primaryimage\"},\"image\":{\"@id\":\"https:\\\/\\\/www.retrocomputing-whv.net\\\/?page_id=1585#primaryimage\"},\"thumbnailUrl\":\"https:\\\/\\\/www.retrocomputing-whv.net\\\/wp-content\\\/uploads\\\/2021\\\/05\\\/Markt-und-Technik-Deluxe-Paint-IV_b-720x1024.jpg\",\"datePublished\":\"2021-05-01T06:06:26+00:00\",\"dateModified\":\"2021-05-01T06:06:47+00:00\",\"breadcrumb\":{\"@id\":\"https:\\\/\\\/www.retrocomputing-whv.net\\\/?page_id=1585#breadcrumb\"},\"inLanguage\":\"de\",\"potentialAction\":[{\"@type\":\"ReadAction\",\"target\":[\"https:\\\/\\\/www.retrocomputing-whv.net\\\/?page_id=1585\"]}]},{\"@type\":\"ImageObject\",\"inLanguage\":\"de\",\"@id\":\"https:\\\/\\\/www.retrocomputing-whv.net\\\/?page_id=1585#primaryimage\",\"url\":\"https:\\\/\\\/www.retrocomputing-whv.net\\\/wp-content\\\/uploads\\\/2021\\\/05\\\/Markt-und-Technik-Deluxe-Paint-IV_b.jpg\",\"contentUrl\":\"https:\\\/\\\/www.retrocomputing-whv.net\\\/wp-content\\\/uploads\\\/2021\\\/05\\\/Markt-und-Technik-Deluxe-Paint-IV_b.jpg\",\"width\":1200,\"height\":1707,\"caption\":\"Markt und Technik - Deluxe Paint IV\"},{\"@type\":\"BreadcrumbList\",\"@id\":\"https:\\\/\\\/www.retrocomputing-whv.net\\\/?page_id=1585#breadcrumb\",\"itemListElement\":[{\"@type\":\"ListItem\",\"position\":1,\"name\":\"Startseite\",\"item\":\"https:\\\/\\\/www.retrocomputing-whv.net\\\/\"},{\"@type\":\"ListItem\",\"position\":2,\"name\":\"Literatur\",\"item\":\"https:\\\/\\\/www.retrocomputing-whv.net\\\/?page_id=105\"},{\"@type\":\"ListItem\",\"position\":3,\"name\":\"Markt &#038; Technik\",\"item\":\"https:\\\/\\\/www.retrocomputing-whv.net\\\/?page_id=1170\"},{\"@type\":\"ListItem\",\"position\":4,\"name\":\"Amiga\",\"item\":\"https:\\\/\\\/www.retrocomputing-whv.net\\\/?page_id=249\"},{\"@type\":\"ListItem\",\"position\":5,\"name\":\"Deluxe Paint IV\"}]},{\"@type\":\"WebSite\",\"@id\":\"https:\\\/\\\/www.retrocomputing-whv.net\\\/#website\",\"url\":\"https:\\\/\\\/www.retrocomputing-whv.net\\\/\",\"name\":\"Retrocomputing WHV\",\"description\":\"\",\"publisher\":{\"@id\":\"https:\\\/\\\/www.retrocomputing-whv.net\\\/#organization\"},\"potentialAction\":[{\"@type\":\"SearchAction\",\"target\":{\"@type\":\"EntryPoint\",\"urlTemplate\":\"https:\\\/\\\/www.retrocomputing-whv.net\\\/?s={search_term_string}\"},\"query-input\":{\"@type\":\"PropertyValueSpecification\",\"valueRequired\":true,\"valueName\":\"search_term_string\"}}],\"inLanguage\":\"de\"},{\"@type\":\"Organization\",\"@id\":\"https:\\\/\\\/www.retrocomputing-whv.net\\\/#organization\",\"name\":\"Retrocomputing-WHV\",\"url\":\"https:\\\/\\\/www.retrocomputing-whv.net\\\/\",\"logo\":{\"@type\":\"ImageObject\",\"inLanguage\":\"de\",\"@id\":\"https:\\\/\\\/www.retrocomputing-whv.net\\\/#\\\/schema\\\/logo\\\/image\\\/\",\"url\":\"https:\\\/\\\/www.retrocomputing-whv.net\\\/wp-content\\\/uploads\\\/2020\\\/04\\\/Logo.png\",\"contentUrl\":\"https:\\\/\\\/www.retrocomputing-whv.net\\\/wp-content\\\/uploads\\\/2020\\\/04\\\/Logo.png\",\"width\":1340,\"height\":250,\"caption\":\"Retrocomputing-WHV\"},\"image\":{\"@id\":\"https:\\\/\\\/www.retrocomputing-whv.net\\\/#\\\/schema\\\/logo\\\/image\\\/\"}}]}<\/script>\n<!-- \/ Yoast SEO plugin. -->","yoast_head_json":{"title":"Deluxe Paint IV - Retrocomputing WHV","robots":{"index":"index","follow":"follow","max-snippet":"max-snippet:-1","max-image-preview":"max-image-preview:large","max-video-preview":"max-video-preview:-1"},"canonical":"https:\/\/www.retrocomputing-whv.net\/?page_id=1585","og_locale":"de_DE","og_type":"article","og_title":"Deluxe Paint IV - Retrocomputing WHV","og_description":"Markt und Technik &#8211; Deluxe Paint IV &#8211; Autor Christian Caroli1. Auflage &#8211; Erscheinungsjahr 1992 &#8211; ISBN 3-87791-004-1 Zum Programm:DPaint \u2013 jetzt in der Version IV \u2013 ist der Klassiker unter den Mal- und Animationsprogrammen f\u00fcr den Amiga. Es kombiniert leistungsstarke Werkzeuge mit einer intuitiven Oberfl\u00e4che, so dass von Anfang an optimale Ergebnisse erzielt werden k\u00f6nnen. Allerdings erschwert die endlose","og_url":"https:\/\/www.retrocomputing-whv.net\/?page_id=1585","og_site_name":"Retrocomputing WHV","article_modified_time":"2021-05-01T06:06:47+00:00","og_image":[{"url":"https:\/\/www.retrocomputing-whv.net\/wp-content\/uploads\/2021\/05\/Markt-und-Technik-Deluxe-Paint-IV_b-720x1024.jpg","type":"","width":"","height":""}],"twitter_card":"summary_large_image","twitter_misc":{"Gesch\u00e4tzte Lesezeit":"2\u00a0Minuten"},"schema":{"@context":"https:\/\/schema.org","@graph":[{"@type":"WebPage","@id":"https:\/\/www.retrocomputing-whv.net\/?page_id=1585","url":"https:\/\/www.retrocomputing-whv.net\/?page_id=1585","name":"Deluxe Paint IV - Retrocomputing WHV","isPartOf":{"@id":"https:\/\/www.retrocomputing-whv.net\/#website"},"primaryImageOfPage":{"@id":"https:\/\/www.retrocomputing-whv.net\/?page_id=1585#primaryimage"},"image":{"@id":"https:\/\/www.retrocomputing-whv.net\/?page_id=1585#primaryimage"},"thumbnailUrl":"https:\/\/www.retrocomputing-whv.net\/wp-content\/uploads\/2021\/05\/Markt-und-Technik-Deluxe-Paint-IV_b-720x1024.jpg","datePublished":"2021-05-01T06:06:26+00:00","dateModified":"2021-05-01T06:06:47+00:00","breadcrumb":{"@id":"https:\/\/www.retrocomputing-whv.net\/?page_id=1585#breadcrumb"},"inLanguage":"de","potentialAction":[{"@type":"ReadAction","target":["https:\/\/www.retrocomputing-whv.net\/?page_id=1585"]}]},{"@type":"ImageObject","inLanguage":"de","@id":"https:\/\/www.retrocomputing-whv.net\/?page_id=1585#primaryimage","url":"https:\/\/www.retrocomputing-whv.net\/wp-content\/uploads\/2021\/05\/Markt-und-Technik-Deluxe-Paint-IV_b.jpg","contentUrl":"https:\/\/www.retrocomputing-whv.net\/wp-content\/uploads\/2021\/05\/Markt-und-Technik-Deluxe-Paint-IV_b.jpg","width":1200,"height":1707,"caption":"Markt und Technik - Deluxe Paint IV"},{"@type":"BreadcrumbList","@id":"https:\/\/www.retrocomputing-whv.net\/?page_id=1585#breadcrumb","itemListElement":[{"@type":"ListItem","position":1,"name":"Startseite","item":"https:\/\/www.retrocomputing-whv.net\/"},{"@type":"ListItem","position":2,"name":"Literatur","item":"https:\/\/www.retrocomputing-whv.net\/?page_id=105"},{"@type":"ListItem","position":3,"name":"Markt &#038; Technik","item":"https:\/\/www.retrocomputing-whv.net\/?page_id=1170"},{"@type":"ListItem","position":4,"name":"Amiga","item":"https:\/\/www.retrocomputing-whv.net\/?page_id=249"},{"@type":"ListItem","position":5,"name":"Deluxe Paint IV"}]},{"@type":"WebSite","@id":"https:\/\/www.retrocomputing-whv.net\/#website","url":"https:\/\/www.retrocomputing-whv.net\/","name":"Retrocomputing WHV","description":"","publisher":{"@id":"https:\/\/www.retrocomputing-whv.net\/#organization"},"potentialAction":[{"@type":"SearchAction","target":{"@type":"EntryPoint","urlTemplate":"https:\/\/www.retrocomputing-whv.net\/?s={search_term_string}"},"query-input":{"@type":"PropertyValueSpecification","valueRequired":true,"valueName":"search_term_string"}}],"inLanguage":"de"},{"@type":"Organization","@id":"https:\/\/www.retrocomputing-whv.net\/#organization","name":"Retrocomputing-WHV","url":"https:\/\/www.retrocomputing-whv.net\/","logo":{"@type":"ImageObject","inLanguage":"de","@id":"https:\/\/www.retrocomputing-whv.net\/#\/schema\/logo\/image\/","url":"https:\/\/www.retrocomputing-whv.net\/wp-content\/uploads\/2020\/04\/Logo.png","contentUrl":"https:\/\/www.retrocomputing-whv.net\/wp-content\/uploads\/2020\/04\/Logo.png","width":1340,"height":250,"caption":"Retrocomputing-WHV"},"image":{"@id":"https:\/\/www.retrocomputing-whv.net\/#\/schema\/logo\/image\/"}}]}},"_links":{"self":[{"href":"https:\/\/www.retrocomputing-whv.net\/index.php?rest_route=\/wp\/v2\/pages\/1585","targetHints":{"allow":["GET"]}}],"collection":[{"href":"https:\/\/www.retrocomputing-whv.net\/index.php?rest_route=\/wp\/v2\/pages"}],"about":[{"href":"https:\/\/www.retrocomputing-whv.net\/index.php?rest_route=\/wp\/v2\/types\/page"}],"author":[{"embeddable":true,"href":"https:\/\/www.retrocomputing-whv.net\/index.php?rest_route=\/wp\/v2\/users\/1"}],"replies":[{"embeddable":true,"href":"https:\/\/www.retrocomputing-whv.net\/index.php?rest_route=%2Fwp%2Fv2%2Fcomments&post=1585"}],"version-history":[{"count":1,"href":"https:\/\/www.retrocomputing-whv.net\/index.php?rest_route=\/wp\/v2\/pages\/1585\/revisions"}],"predecessor-version":[{"id":1586,"href":"https:\/\/www.retrocomputing-whv.net\/index.php?rest_route=\/wp\/v2\/pages\/1585\/revisions\/1586"}],"up":[{"embeddable":true,"href":"https:\/\/www.retrocomputing-whv.net\/index.php?rest_route=\/wp\/v2\/pages\/249"}],"wp:attachment":[{"href":"https:\/\/www.retrocomputing-whv.net\/index.php?rest_route=%2Fwp%2Fv2%2Fmedia&parent=1585"}],"curies":[{"name":"wp","href":"https:\/\/api.w.org\/{rel}","templated":true}]}}