{"id":1590,"date":"2021-05-01T09:36:08","date_gmt":"2021-05-01T07:36:08","guid":{"rendered":"https:\/\/www.retrocomputing-whv.net\/?page_id=1590"},"modified":"2021-05-01T09:42:48","modified_gmt":"2021-05-01T07:42:48","slug":"textomat","status":"publish","type":"page","link":"https:\/\/www.retrocomputing-whv.net\/?page_id=1590","title":{"rendered":"TEXTOMAT"},"content":{"rendered":"\n<figure class=\"wp-block-image size-large\"><img loading=\"lazy\" decoding=\"async\" width=\"719\" height=\"1024\" src=\"https:\/\/www.retrocomputing-whv.net\/wp-content\/uploads\/2021\/05\/DATA-BECKER-Textomat_b-719x1024.jpg\" alt=\"DATA BECKER - Textomat\" class=\"wp-image-1588\" srcset=\"https:\/\/www.retrocomputing-whv.net\/wp-content\/uploads\/2021\/05\/DATA-BECKER-Textomat_b-719x1024.jpg 719w, https:\/\/www.retrocomputing-whv.net\/wp-content\/uploads\/2021\/05\/DATA-BECKER-Textomat_b-211x300.jpg 211w, https:\/\/www.retrocomputing-whv.net\/wp-content\/uploads\/2021\/05\/DATA-BECKER-Textomat_b-768x1093.jpg 768w, https:\/\/www.retrocomputing-whv.net\/wp-content\/uploads\/2021\/05\/DATA-BECKER-Textomat_b-1079x1536.jpg 1079w, https:\/\/www.retrocomputing-whv.net\/wp-content\/uploads\/2021\/05\/DATA-BECKER-Textomat_b.jpg 1200w\" sizes=\"auto, (max-width: 719px) 100vw, 719px\" \/><\/figure>\n\n\n\n<p>DATA BECKER &#8211; TEXTOMAT<br>1. Auflage &#8211; Erscheinungsjahr 1987 &#8211; ISBN 3-89011-580-2<\/p>\n\n\n\n<p>TEXTOMAT Amiga ist die universelle Textverarbeitung f\u00fcr alle Rechner der Amiga-Familie ab Workbench 1.2. Das Programm beweist, wie einfach eine gute Textverarbeitung heute sein kann. Ohne langes Lesen im Handbuch k\u00f6nnen Sie sofort Ihre ersten Texte erstellen. Bedienerfreundlichkeit und leichte Anwendung waren bei der Entwicklung von TEXTOMAT Amiga oberstes Gebot. Nat\u00fcrlich geh\u00f6rt auch ein ausf\u00fchrliches deutsches Handbuch zum Programm.<\/p>\n\n\n\n<ul class=\"wp-block-list\"><li>Schnelle Direktformatierung und Darstellung der Schriftattribute (z.B. Fett und Kursiv) direkt am Bildschirm<\/li><li>Grafikeinbindung am Bildschirm; alle Grafiken, die im IFF-Format vorliegen, k\u00f6nnen eingelesen werden; automatische Umwandlung der Farbwerte in Graut\u00f6ne<\/li><li>Mit dem Zusatzprogramm BTSNAP k\u00f6nnen Bildschirmausschnitte aus anderen Programmen kopiert und in TEXTOMAT eingelesen werden<\/li><li>2 verschiedene Zeichens\u00e4tze f\u00fcr Monitor- oder Fernseherbetrieb<\/li><li>Bis zu 30 Funktionstasten mit bis zu 160 Zeichen belegbar (als Floskeltexte oder Mini-Adressdatei)<\/li><li>Beliebig viele Tabulatoren einstellbar (Text- und Dezimaltabulatoren)<\/li><li>Automatische Silbentrennung<\/li><li>Laden und Speichern \u00fcber RS 232 m\u00f6glich (Datentransfer Rechner-Rechner)<\/li><li>An jeden Drucker leicht anzupassen; fertige Druckeranpassungen f\u00fcr alle g\u00e4ngigen Drucker<\/li><li>Lesen von ASCII- und Notepad-Dateien<\/li><li>Ausf\u00fchrliches deutsches Handbuch<\/li><li>Kein Kopierschutz<\/li><\/ul>\n\n\n\n<figure class=\"wp-block-image size-large\"><a href=\"https:\/\/www.retrocomputing-whv.net\/?page_id=825\"><img loading=\"lazy\" decoding=\"async\" width=\"256\" height=\"136\" src=\"https:\/\/www.retrocomputing-whv.net\/wp-content\/uploads\/2020\/08\/Backspace.jpg\" alt=\"Backspace\" class=\"wp-image-681\"\/><\/a><\/figure>\n","protected":false},"excerpt":{"rendered":"<p>DATA BECKER &#8211; TEXTOMAT1. Auflage &#8211; Erscheinungsjahr 1987 &#8211; ISBN 3-89011-580-2 TEXTOMAT Amiga ist die universelle Textverarbeitung f\u00fcr alle Rechner der Amiga-Familie ab Workbench 1.2. Das Programm beweist, wie einfach eine gute Textverarbeitung heute sein kann. Ohne langes Lesen im Handbuch k\u00f6nnen Sie sofort Ihre ersten Texte erstellen. Bedienerfreundlichkeit und leichte Anwendung waren bei der Entwicklung von TEXTOMAT Amiga oberstes<\/p>\n","protected":false},"author":1,"featured_media":0,"parent":825,"menu_order":0,"comment_status":"closed","ping_status":"closed","template":"","meta":{"footnotes":""},"class_list":["post-1590","page","type-page","status-publish","hentry"],"yoast_head":"<!-- This site is optimized with the Yoast SEO plugin v27.5 - https:\/\/yoast.com\/product\/yoast-seo-wordpress\/ -->\n<title>TEXTOMAT - Retrocomputing WHV<\/title>\n<meta name=\"robots\" content=\"index, follow, max-snippet:-1, max-image-preview:large, max-video-preview:-1\" \/>\n<link rel=\"canonical\" href=\"https:\/\/www.retrocomputing-whv.net\/?page_id=1590\" \/>\n<meta property=\"og:locale\" content=\"de_DE\" \/>\n<meta property=\"og:type\" content=\"article\" \/>\n<meta property=\"og:title\" content=\"TEXTOMAT - Retrocomputing WHV\" \/>\n<meta property=\"og:description\" content=\"DATA BECKER &#8211; TEXTOMAT1. Auflage &#8211; Erscheinungsjahr 1987 &#8211; ISBN 3-89011-580-2 TEXTOMAT Amiga ist die universelle Textverarbeitung f\u00fcr alle Rechner der Amiga-Familie ab Workbench 1.2. Das Programm beweist, wie einfach eine gute Textverarbeitung heute sein kann. Ohne langes Lesen im Handbuch k\u00f6nnen Sie sofort Ihre ersten Texte erstellen. Bedienerfreundlichkeit und leichte Anwendung waren bei der Entwicklung von TEXTOMAT Amiga oberstes\" \/>\n<meta property=\"og:url\" content=\"https:\/\/www.retrocomputing-whv.net\/?page_id=1590\" \/>\n<meta property=\"og:site_name\" content=\"Retrocomputing WHV\" \/>\n<meta property=\"article:modified_time\" content=\"2021-05-01T07:42:48+00:00\" \/>\n<meta property=\"og:image\" content=\"https:\/\/www.retrocomputing-whv.net\/wp-content\/uploads\/2021\/05\/DATA-BECKER-Textomat_b-719x1024.jpg\" \/>\n<meta name=\"twitter:card\" content=\"summary_large_image\" \/>\n<meta name=\"twitter:label1\" content=\"Gesch\u00e4tzte Lesezeit\" \/>\n\t<meta name=\"twitter:data1\" content=\"2\u00a0Minuten\" \/>\n<script type=\"application\/ld+json\" class=\"yoast-schema-graph\">{\"@context\":\"https:\\\/\\\/schema.org\",\"@graph\":[{\"@type\":\"WebPage\",\"@id\":\"https:\\\/\\\/www.retrocomputing-whv.net\\\/?page_id=1590\",\"url\":\"https:\\\/\\\/www.retrocomputing-whv.net\\\/?page_id=1590\",\"name\":\"TEXTOMAT - Retrocomputing WHV\",\"isPartOf\":{\"@id\":\"https:\\\/\\\/www.retrocomputing-whv.net\\\/#website\"},\"primaryImageOfPage\":{\"@id\":\"https:\\\/\\\/www.retrocomputing-whv.net\\\/?page_id=1590#primaryimage\"},\"image\":{\"@id\":\"https:\\\/\\\/www.retrocomputing-whv.net\\\/?page_id=1590#primaryimage\"},\"thumbnailUrl\":\"https:\\\/\\\/www.retrocomputing-whv.net\\\/wp-content\\\/uploads\\\/2021\\\/05\\\/DATA-BECKER-Textomat_b-719x1024.jpg\",\"datePublished\":\"2021-05-01T07:36:08+00:00\",\"dateModified\":\"2021-05-01T07:42:48+00:00\",\"breadcrumb\":{\"@id\":\"https:\\\/\\\/www.retrocomputing-whv.net\\\/?page_id=1590#breadcrumb\"},\"inLanguage\":\"de\",\"potentialAction\":[{\"@type\":\"ReadAction\",\"target\":[\"https:\\\/\\\/www.retrocomputing-whv.net\\\/?page_id=1590\"]}]},{\"@type\":\"ImageObject\",\"inLanguage\":\"de\",\"@id\":\"https:\\\/\\\/www.retrocomputing-whv.net\\\/?page_id=1590#primaryimage\",\"url\":\"https:\\\/\\\/www.retrocomputing-whv.net\\\/wp-content\\\/uploads\\\/2021\\\/05\\\/DATA-BECKER-Textomat_b.jpg\",\"contentUrl\":\"https:\\\/\\\/www.retrocomputing-whv.net\\\/wp-content\\\/uploads\\\/2021\\\/05\\\/DATA-BECKER-Textomat_b.jpg\",\"width\":1200,\"height\":1708,\"caption\":\"DATA BECKER - Textomat\"},{\"@type\":\"BreadcrumbList\",\"@id\":\"https:\\\/\\\/www.retrocomputing-whv.net\\\/?page_id=1590#breadcrumb\",\"itemListElement\":[{\"@type\":\"ListItem\",\"position\":1,\"name\":\"Startseite\",\"item\":\"https:\\\/\\\/www.retrocomputing-whv.net\\\/\"},{\"@type\":\"ListItem\",\"position\":2,\"name\":\"Literatur\",\"item\":\"https:\\\/\\\/www.retrocomputing-whv.net\\\/?page_id=105\"},{\"@type\":\"ListItem\",\"position\":3,\"name\":\"DATA BECKER\",\"item\":\"https:\\\/\\\/www.retrocomputing-whv.net\\\/?page_id=807\"},{\"@type\":\"ListItem\",\"position\":4,\"name\":\"Amiga\",\"item\":\"https:\\\/\\\/www.retrocomputing-whv.net\\\/?page_id=825\"},{\"@type\":\"ListItem\",\"position\":5,\"name\":\"TEXTOMAT\"}]},{\"@type\":\"WebSite\",\"@id\":\"https:\\\/\\\/www.retrocomputing-whv.net\\\/#website\",\"url\":\"https:\\\/\\\/www.retrocomputing-whv.net\\\/\",\"name\":\"Retrocomputing WHV\",\"description\":\"\",\"publisher\":{\"@id\":\"https:\\\/\\\/www.retrocomputing-whv.net\\\/#organization\"},\"potentialAction\":[{\"@type\":\"SearchAction\",\"target\":{\"@type\":\"EntryPoint\",\"urlTemplate\":\"https:\\\/\\\/www.retrocomputing-whv.net\\\/?s={search_term_string}\"},\"query-input\":{\"@type\":\"PropertyValueSpecification\",\"valueRequired\":true,\"valueName\":\"search_term_string\"}}],\"inLanguage\":\"de\"},{\"@type\":\"Organization\",\"@id\":\"https:\\\/\\\/www.retrocomputing-whv.net\\\/#organization\",\"name\":\"Retrocomputing-WHV\",\"url\":\"https:\\\/\\\/www.retrocomputing-whv.net\\\/\",\"logo\":{\"@type\":\"ImageObject\",\"inLanguage\":\"de\",\"@id\":\"https:\\\/\\\/www.retrocomputing-whv.net\\\/#\\\/schema\\\/logo\\\/image\\\/\",\"url\":\"https:\\\/\\\/www.retrocomputing-whv.net\\\/wp-content\\\/uploads\\\/2020\\\/04\\\/Logo.png\",\"contentUrl\":\"https:\\\/\\\/www.retrocomputing-whv.net\\\/wp-content\\\/uploads\\\/2020\\\/04\\\/Logo.png\",\"width\":1340,\"height\":250,\"caption\":\"Retrocomputing-WHV\"},\"image\":{\"@id\":\"https:\\\/\\\/www.retrocomputing-whv.net\\\/#\\\/schema\\\/logo\\\/image\\\/\"}}]}<\/script>\n<!-- \/ Yoast SEO plugin. -->","yoast_head_json":{"title":"TEXTOMAT - Retrocomputing WHV","robots":{"index":"index","follow":"follow","max-snippet":"max-snippet:-1","max-image-preview":"max-image-preview:large","max-video-preview":"max-video-preview:-1"},"canonical":"https:\/\/www.retrocomputing-whv.net\/?page_id=1590","og_locale":"de_DE","og_type":"article","og_title":"TEXTOMAT - Retrocomputing WHV","og_description":"DATA BECKER &#8211; TEXTOMAT1. Auflage &#8211; Erscheinungsjahr 1987 &#8211; ISBN 3-89011-580-2 TEXTOMAT Amiga ist die universelle Textverarbeitung f\u00fcr alle Rechner der Amiga-Familie ab Workbench 1.2. Das Programm beweist, wie einfach eine gute Textverarbeitung heute sein kann. Ohne langes Lesen im Handbuch k\u00f6nnen Sie sofort Ihre ersten Texte erstellen. Bedienerfreundlichkeit und leichte Anwendung waren bei der Entwicklung von TEXTOMAT Amiga oberstes","og_url":"https:\/\/www.retrocomputing-whv.net\/?page_id=1590","og_site_name":"Retrocomputing WHV","article_modified_time":"2021-05-01T07:42:48+00:00","og_image":[{"url":"https:\/\/www.retrocomputing-whv.net\/wp-content\/uploads\/2021\/05\/DATA-BECKER-Textomat_b-719x1024.jpg","type":"","width":"","height":""}],"twitter_card":"summary_large_image","twitter_misc":{"Gesch\u00e4tzte Lesezeit":"2\u00a0Minuten"},"schema":{"@context":"https:\/\/schema.org","@graph":[{"@type":"WebPage","@id":"https:\/\/www.retrocomputing-whv.net\/?page_id=1590","url":"https:\/\/www.retrocomputing-whv.net\/?page_id=1590","name":"TEXTOMAT - Retrocomputing WHV","isPartOf":{"@id":"https:\/\/www.retrocomputing-whv.net\/#website"},"primaryImageOfPage":{"@id":"https:\/\/www.retrocomputing-whv.net\/?page_id=1590#primaryimage"},"image":{"@id":"https:\/\/www.retrocomputing-whv.net\/?page_id=1590#primaryimage"},"thumbnailUrl":"https:\/\/www.retrocomputing-whv.net\/wp-content\/uploads\/2021\/05\/DATA-BECKER-Textomat_b-719x1024.jpg","datePublished":"2021-05-01T07:36:08+00:00","dateModified":"2021-05-01T07:42:48+00:00","breadcrumb":{"@id":"https:\/\/www.retrocomputing-whv.net\/?page_id=1590#breadcrumb"},"inLanguage":"de","potentialAction":[{"@type":"ReadAction","target":["https:\/\/www.retrocomputing-whv.net\/?page_id=1590"]}]},{"@type":"ImageObject","inLanguage":"de","@id":"https:\/\/www.retrocomputing-whv.net\/?page_id=1590#primaryimage","url":"https:\/\/www.retrocomputing-whv.net\/wp-content\/uploads\/2021\/05\/DATA-BECKER-Textomat_b.jpg","contentUrl":"https:\/\/www.retrocomputing-whv.net\/wp-content\/uploads\/2021\/05\/DATA-BECKER-Textomat_b.jpg","width":1200,"height":1708,"caption":"DATA BECKER - Textomat"},{"@type":"BreadcrumbList","@id":"https:\/\/www.retrocomputing-whv.net\/?page_id=1590#breadcrumb","itemListElement":[{"@type":"ListItem","position":1,"name":"Startseite","item":"https:\/\/www.retrocomputing-whv.net\/"},{"@type":"ListItem","position":2,"name":"Literatur","item":"https:\/\/www.retrocomputing-whv.net\/?page_id=105"},{"@type":"ListItem","position":3,"name":"DATA BECKER","item":"https:\/\/www.retrocomputing-whv.net\/?page_id=807"},{"@type":"ListItem","position":4,"name":"Amiga","item":"https:\/\/www.retrocomputing-whv.net\/?page_id=825"},{"@type":"ListItem","position":5,"name":"TEXTOMAT"}]},{"@type":"WebSite","@id":"https:\/\/www.retrocomputing-whv.net\/#website","url":"https:\/\/www.retrocomputing-whv.net\/","name":"Retrocomputing WHV","description":"","publisher":{"@id":"https:\/\/www.retrocomputing-whv.net\/#organization"},"potentialAction":[{"@type":"SearchAction","target":{"@type":"EntryPoint","urlTemplate":"https:\/\/www.retrocomputing-whv.net\/?s={search_term_string}"},"query-input":{"@type":"PropertyValueSpecification","valueRequired":true,"valueName":"search_term_string"}}],"inLanguage":"de"},{"@type":"Organization","@id":"https:\/\/www.retrocomputing-whv.net\/#organization","name":"Retrocomputing-WHV","url":"https:\/\/www.retrocomputing-whv.net\/","logo":{"@type":"ImageObject","inLanguage":"de","@id":"https:\/\/www.retrocomputing-whv.net\/#\/schema\/logo\/image\/","url":"https:\/\/www.retrocomputing-whv.net\/wp-content\/uploads\/2020\/04\/Logo.png","contentUrl":"https:\/\/www.retrocomputing-whv.net\/wp-content\/uploads\/2020\/04\/Logo.png","width":1340,"height":250,"caption":"Retrocomputing-WHV"},"image":{"@id":"https:\/\/www.retrocomputing-whv.net\/#\/schema\/logo\/image\/"}}]}},"_links":{"self":[{"href":"https:\/\/www.retrocomputing-whv.net\/index.php?rest_route=\/wp\/v2\/pages\/1590","targetHints":{"allow":["GET"]}}],"collection":[{"href":"https:\/\/www.retrocomputing-whv.net\/index.php?rest_route=\/wp\/v2\/pages"}],"about":[{"href":"https:\/\/www.retrocomputing-whv.net\/index.php?rest_route=\/wp\/v2\/types\/page"}],"author":[{"embeddable":true,"href":"https:\/\/www.retrocomputing-whv.net\/index.php?rest_route=\/wp\/v2\/users\/1"}],"replies":[{"embeddable":true,"href":"https:\/\/www.retrocomputing-whv.net\/index.php?rest_route=%2Fwp%2Fv2%2Fcomments&post=1590"}],"version-history":[{"count":1,"href":"https:\/\/www.retrocomputing-whv.net\/index.php?rest_route=\/wp\/v2\/pages\/1590\/revisions"}],"predecessor-version":[{"id":1591,"href":"https:\/\/www.retrocomputing-whv.net\/index.php?rest_route=\/wp\/v2\/pages\/1590\/revisions\/1591"}],"up":[{"embeddable":true,"href":"https:\/\/www.retrocomputing-whv.net\/index.php?rest_route=\/wp\/v2\/pages\/825"}],"wp:attachment":[{"href":"https:\/\/www.retrocomputing-whv.net\/index.php?rest_route=%2Fwp%2Fv2%2Fmedia&parent=1590"}],"curies":[{"name":"wp","href":"https:\/\/api.w.org\/{rel}","templated":true}]}}