{"id":1592,"date":"2021-05-01T09:39:54","date_gmt":"2021-05-01T07:39:54","guid":{"rendered":"https:\/\/www.retrocomputing-whv.net\/?page_id=1592"},"modified":"2021-05-01T09:42:58","modified_gmt":"2021-05-01T07:42:58","slug":"tips-tricks","status":"publish","type":"page","link":"https:\/\/www.retrocomputing-whv.net\/?page_id=1592","title":{"rendered":"Tips &#038; Tricks"},"content":{"rendered":"\n<figure class=\"wp-block-image size-large\"><img loading=\"lazy\" decoding=\"async\" width=\"711\" height=\"1024\" src=\"https:\/\/www.retrocomputing-whv.net\/wp-content\/uploads\/2021\/05\/DATA-BECKER-Tips-und-Tricks_b-711x1024.jpg\" alt=\"DATA BECKER - Tips und Tricks\" class=\"wp-image-1587\" srcset=\"https:\/\/www.retrocomputing-whv.net\/wp-content\/uploads\/2021\/05\/DATA-BECKER-Tips-und-Tricks_b-711x1024.jpg 711w, https:\/\/www.retrocomputing-whv.net\/wp-content\/uploads\/2021\/05\/DATA-BECKER-Tips-und-Tricks_b-208x300.jpg 208w, https:\/\/www.retrocomputing-whv.net\/wp-content\/uploads\/2021\/05\/DATA-BECKER-Tips-und-Tricks_b-768x1106.jpg 768w, https:\/\/www.retrocomputing-whv.net\/wp-content\/uploads\/2021\/05\/DATA-BECKER-Tips-und-Tricks_b-1067x1536.jpg 1067w, https:\/\/www.retrocomputing-whv.net\/wp-content\/uploads\/2021\/05\/DATA-BECKER-Tips-und-Tricks_b.jpg 1200w\" sizes=\"auto, (max-width: 711px) 100vw, 711px\" \/><\/figure>\n\n\n\n<p>DATA BECKER &#8211; Tips &amp; Tricks &#8211; Autoren Tobias Weltner, Ralf Hornig<br>2. Auflage &#8211; Erscheinungsjahr 1987 &#8211; ISBN 3-89011-211-0<\/p>\n\n\n\n<p><strong>Das steht drin:<\/strong><br>Amiga Tips &amp; Tricks ist eine riesige Fundgrube f\u00fcr den Amiga-Besitzer. Viele Beispielprogramme in BASIC und C zeigen, wie man die fantastischen M\u00f6glichkeiten dieses Superrechners optimal nutzen kann. Und ganz nebenbei lernt man noch eine Menge \u00fcber den Aufbau des Computers und seine Programmierung.<\/p>\n\n\n\n<p><strong>Aus dem Inhalt:<\/strong><\/p>\n\n\n\n<ul class=\"wp-block-list\"><li>Nutzung der wichtigsten Libraries von BASIC aus: Graphic, DOS, Exec, Intuition<\/li><li>Nutzung der verschiedenen Disk-Fonts in BASIC-Programmen<\/li><li>Verschiedene Schrifttypen in BASIC-Programmen: Bold, Outline, Shadow<\/li><li>Zugriff auf das CLI von BASIC aus<\/li><li>Bewegbare Screens und Windows mit eigenen Titeln<\/li><li>Intuition in eigenen Programmen nutzen: Autorequest, Guru Meditation<\/li><li>Gesamte Directory-Struktur ausdrucken<\/li><li>Ein-\/Ausgabebehandlung: Diskmonitor, Hardcopy von Windows und Screen<\/li><li>Speicherverwaltung: AllocMem und FreeMem<\/li><li>Filehandling in C: Anzahl freier Bl\u00f6cke, File-exist-Pr\u00fcfung, Filegr\u00f6\u00dfe, Filekommentar, Get-Protection-Pr\u00fcfung<\/li><li>Zugriff auf Intuition am Beispiel eines einfachen Grafikprogramms: Screen, Windows, Menue<\/li><li>Half Bright und Interlace Modus<\/li><li>Druckerhandling in C<\/li><\/ul>\n\n\n\n<figure class=\"wp-block-image size-large\"><a href=\"https:\/\/www.retrocomputing-whv.net\/?page_id=825\"><img loading=\"lazy\" decoding=\"async\" width=\"256\" height=\"136\" src=\"https:\/\/www.retrocomputing-whv.net\/wp-content\/uploads\/2020\/08\/Backspace.jpg\" alt=\"Backspace\" class=\"wp-image-681\"\/><\/a><\/figure>\n","protected":false},"excerpt":{"rendered":"<p>DATA BECKER &#8211; Tips &amp; Tricks &#8211; Autoren Tobias Weltner, Ralf Hornig2. Auflage &#8211; Erscheinungsjahr 1987 &#8211; ISBN 3-89011-211-0 Das steht drin:Amiga Tips &amp; Tricks ist eine riesige Fundgrube f\u00fcr den Amiga-Besitzer. Viele Beispielprogramme in BASIC und C zeigen, wie man die fantastischen M\u00f6glichkeiten dieses Superrechners optimal nutzen kann. Und ganz nebenbei lernt man noch eine Menge \u00fcber den Aufbau<\/p>\n","protected":false},"author":1,"featured_media":0,"parent":825,"menu_order":0,"comment_status":"closed","ping_status":"closed","template":"","meta":{"footnotes":""},"class_list":["post-1592","page","type-page","status-publish","hentry"],"yoast_head":"<!-- This site is optimized with the Yoast SEO plugin v27.4 - https:\/\/yoast.com\/product\/yoast-seo-wordpress\/ -->\n<title>Tips &amp; Tricks - Retrocomputing WHV<\/title>\n<meta name=\"robots\" content=\"index, follow, max-snippet:-1, max-image-preview:large, max-video-preview:-1\" \/>\n<link rel=\"canonical\" href=\"https:\/\/www.retrocomputing-whv.net\/?page_id=1592\" \/>\n<meta property=\"og:locale\" content=\"de_DE\" \/>\n<meta property=\"og:type\" content=\"article\" \/>\n<meta property=\"og:title\" content=\"Tips &amp; Tricks - Retrocomputing WHV\" \/>\n<meta property=\"og:description\" content=\"DATA BECKER &#8211; Tips &amp; Tricks &#8211; Autoren Tobias Weltner, Ralf Hornig2. Auflage &#8211; Erscheinungsjahr 1987 &#8211; ISBN 3-89011-211-0 Das steht drin:Amiga Tips &amp; Tricks ist eine riesige Fundgrube f\u00fcr den Amiga-Besitzer. Viele Beispielprogramme in BASIC und C zeigen, wie man die fantastischen M\u00f6glichkeiten dieses Superrechners optimal nutzen kann. Und ganz nebenbei lernt man noch eine Menge \u00fcber den Aufbau\" \/>\n<meta property=\"og:url\" content=\"https:\/\/www.retrocomputing-whv.net\/?page_id=1592\" \/>\n<meta property=\"og:site_name\" content=\"Retrocomputing WHV\" \/>\n<meta property=\"article:modified_time\" content=\"2021-05-01T07:42:58+00:00\" \/>\n<meta property=\"og:image\" content=\"https:\/\/www.retrocomputing-whv.net\/wp-content\/uploads\/2021\/05\/DATA-BECKER-Tips-und-Tricks_b-711x1024.jpg\" \/>\n<meta name=\"twitter:card\" content=\"summary_large_image\" \/>\n<meta name=\"twitter:label1\" content=\"Gesch\u00e4tzte Lesezeit\" \/>\n\t<meta name=\"twitter:data1\" content=\"2\u00a0Minuten\" \/>\n<script type=\"application\/ld+json\" class=\"yoast-schema-graph\">{\"@context\":\"https:\\\/\\\/schema.org\",\"@graph\":[{\"@type\":\"WebPage\",\"@id\":\"https:\\\/\\\/www.retrocomputing-whv.net\\\/?page_id=1592\",\"url\":\"https:\\\/\\\/www.retrocomputing-whv.net\\\/?page_id=1592\",\"name\":\"Tips & Tricks - Retrocomputing WHV\",\"isPartOf\":{\"@id\":\"https:\\\/\\\/www.retrocomputing-whv.net\\\/#website\"},\"primaryImageOfPage\":{\"@id\":\"https:\\\/\\\/www.retrocomputing-whv.net\\\/?page_id=1592#primaryimage\"},\"image\":{\"@id\":\"https:\\\/\\\/www.retrocomputing-whv.net\\\/?page_id=1592#primaryimage\"},\"thumbnailUrl\":\"https:\\\/\\\/www.retrocomputing-whv.net\\\/wp-content\\\/uploads\\\/2021\\\/05\\\/DATA-BECKER-Tips-und-Tricks_b-711x1024.jpg\",\"datePublished\":\"2021-05-01T07:39:54+00:00\",\"dateModified\":\"2021-05-01T07:42:58+00:00\",\"breadcrumb\":{\"@id\":\"https:\\\/\\\/www.retrocomputing-whv.net\\\/?page_id=1592#breadcrumb\"},\"inLanguage\":\"de\",\"potentialAction\":[{\"@type\":\"ReadAction\",\"target\":[\"https:\\\/\\\/www.retrocomputing-whv.net\\\/?page_id=1592\"]}]},{\"@type\":\"ImageObject\",\"inLanguage\":\"de\",\"@id\":\"https:\\\/\\\/www.retrocomputing-whv.net\\\/?page_id=1592#primaryimage\",\"url\":\"https:\\\/\\\/www.retrocomputing-whv.net\\\/wp-content\\\/uploads\\\/2021\\\/05\\\/DATA-BECKER-Tips-und-Tricks_b.jpg\",\"contentUrl\":\"https:\\\/\\\/www.retrocomputing-whv.net\\\/wp-content\\\/uploads\\\/2021\\\/05\\\/DATA-BECKER-Tips-und-Tricks_b.jpg\",\"width\":1200,\"height\":1728,\"caption\":\"DATA BECKER - Tips und Tricks\"},{\"@type\":\"BreadcrumbList\",\"@id\":\"https:\\\/\\\/www.retrocomputing-whv.net\\\/?page_id=1592#breadcrumb\",\"itemListElement\":[{\"@type\":\"ListItem\",\"position\":1,\"name\":\"Startseite\",\"item\":\"https:\\\/\\\/www.retrocomputing-whv.net\\\/\"},{\"@type\":\"ListItem\",\"position\":2,\"name\":\"Literatur\",\"item\":\"https:\\\/\\\/www.retrocomputing-whv.net\\\/?page_id=105\"},{\"@type\":\"ListItem\",\"position\":3,\"name\":\"DATA BECKER\",\"item\":\"https:\\\/\\\/www.retrocomputing-whv.net\\\/?page_id=807\"},{\"@type\":\"ListItem\",\"position\":4,\"name\":\"Amiga\",\"item\":\"https:\\\/\\\/www.retrocomputing-whv.net\\\/?page_id=825\"},{\"@type\":\"ListItem\",\"position\":5,\"name\":\"Tips &#038; Tricks\"}]},{\"@type\":\"WebSite\",\"@id\":\"https:\\\/\\\/www.retrocomputing-whv.net\\\/#website\",\"url\":\"https:\\\/\\\/www.retrocomputing-whv.net\\\/\",\"name\":\"Retrocomputing WHV\",\"description\":\"\",\"publisher\":{\"@id\":\"https:\\\/\\\/www.retrocomputing-whv.net\\\/#organization\"},\"potentialAction\":[{\"@type\":\"SearchAction\",\"target\":{\"@type\":\"EntryPoint\",\"urlTemplate\":\"https:\\\/\\\/www.retrocomputing-whv.net\\\/?s={search_term_string}\"},\"query-input\":{\"@type\":\"PropertyValueSpecification\",\"valueRequired\":true,\"valueName\":\"search_term_string\"}}],\"inLanguage\":\"de\"},{\"@type\":\"Organization\",\"@id\":\"https:\\\/\\\/www.retrocomputing-whv.net\\\/#organization\",\"name\":\"Retrocomputing-WHV\",\"url\":\"https:\\\/\\\/www.retrocomputing-whv.net\\\/\",\"logo\":{\"@type\":\"ImageObject\",\"inLanguage\":\"de\",\"@id\":\"https:\\\/\\\/www.retrocomputing-whv.net\\\/#\\\/schema\\\/logo\\\/image\\\/\",\"url\":\"https:\\\/\\\/www.retrocomputing-whv.net\\\/wp-content\\\/uploads\\\/2020\\\/04\\\/Logo.png\",\"contentUrl\":\"https:\\\/\\\/www.retrocomputing-whv.net\\\/wp-content\\\/uploads\\\/2020\\\/04\\\/Logo.png\",\"width\":1340,\"height\":250,\"caption\":\"Retrocomputing-WHV\"},\"image\":{\"@id\":\"https:\\\/\\\/www.retrocomputing-whv.net\\\/#\\\/schema\\\/logo\\\/image\\\/\"}}]}<\/script>\n<!-- \/ Yoast SEO plugin. -->","yoast_head_json":{"title":"Tips & Tricks - Retrocomputing WHV","robots":{"index":"index","follow":"follow","max-snippet":"max-snippet:-1","max-image-preview":"max-image-preview:large","max-video-preview":"max-video-preview:-1"},"canonical":"https:\/\/www.retrocomputing-whv.net\/?page_id=1592","og_locale":"de_DE","og_type":"article","og_title":"Tips & Tricks - Retrocomputing WHV","og_description":"DATA BECKER &#8211; Tips &amp; Tricks &#8211; Autoren Tobias Weltner, Ralf Hornig2. Auflage &#8211; Erscheinungsjahr 1987 &#8211; ISBN 3-89011-211-0 Das steht drin:Amiga Tips &amp; Tricks ist eine riesige Fundgrube f\u00fcr den Amiga-Besitzer. Viele Beispielprogramme in BASIC und C zeigen, wie man die fantastischen M\u00f6glichkeiten dieses Superrechners optimal nutzen kann. Und ganz nebenbei lernt man noch eine Menge \u00fcber den Aufbau","og_url":"https:\/\/www.retrocomputing-whv.net\/?page_id=1592","og_site_name":"Retrocomputing WHV","article_modified_time":"2021-05-01T07:42:58+00:00","og_image":[{"url":"https:\/\/www.retrocomputing-whv.net\/wp-content\/uploads\/2021\/05\/DATA-BECKER-Tips-und-Tricks_b-711x1024.jpg","type":"","width":"","height":""}],"twitter_card":"summary_large_image","twitter_misc":{"Gesch\u00e4tzte Lesezeit":"2\u00a0Minuten"},"schema":{"@context":"https:\/\/schema.org","@graph":[{"@type":"WebPage","@id":"https:\/\/www.retrocomputing-whv.net\/?page_id=1592","url":"https:\/\/www.retrocomputing-whv.net\/?page_id=1592","name":"Tips & Tricks - Retrocomputing WHV","isPartOf":{"@id":"https:\/\/www.retrocomputing-whv.net\/#website"},"primaryImageOfPage":{"@id":"https:\/\/www.retrocomputing-whv.net\/?page_id=1592#primaryimage"},"image":{"@id":"https:\/\/www.retrocomputing-whv.net\/?page_id=1592#primaryimage"},"thumbnailUrl":"https:\/\/www.retrocomputing-whv.net\/wp-content\/uploads\/2021\/05\/DATA-BECKER-Tips-und-Tricks_b-711x1024.jpg","datePublished":"2021-05-01T07:39:54+00:00","dateModified":"2021-05-01T07:42:58+00:00","breadcrumb":{"@id":"https:\/\/www.retrocomputing-whv.net\/?page_id=1592#breadcrumb"},"inLanguage":"de","potentialAction":[{"@type":"ReadAction","target":["https:\/\/www.retrocomputing-whv.net\/?page_id=1592"]}]},{"@type":"ImageObject","inLanguage":"de","@id":"https:\/\/www.retrocomputing-whv.net\/?page_id=1592#primaryimage","url":"https:\/\/www.retrocomputing-whv.net\/wp-content\/uploads\/2021\/05\/DATA-BECKER-Tips-und-Tricks_b.jpg","contentUrl":"https:\/\/www.retrocomputing-whv.net\/wp-content\/uploads\/2021\/05\/DATA-BECKER-Tips-und-Tricks_b.jpg","width":1200,"height":1728,"caption":"DATA BECKER - Tips und Tricks"},{"@type":"BreadcrumbList","@id":"https:\/\/www.retrocomputing-whv.net\/?page_id=1592#breadcrumb","itemListElement":[{"@type":"ListItem","position":1,"name":"Startseite","item":"https:\/\/www.retrocomputing-whv.net\/"},{"@type":"ListItem","position":2,"name":"Literatur","item":"https:\/\/www.retrocomputing-whv.net\/?page_id=105"},{"@type":"ListItem","position":3,"name":"DATA BECKER","item":"https:\/\/www.retrocomputing-whv.net\/?page_id=807"},{"@type":"ListItem","position":4,"name":"Amiga","item":"https:\/\/www.retrocomputing-whv.net\/?page_id=825"},{"@type":"ListItem","position":5,"name":"Tips &#038; Tricks"}]},{"@type":"WebSite","@id":"https:\/\/www.retrocomputing-whv.net\/#website","url":"https:\/\/www.retrocomputing-whv.net\/","name":"Retrocomputing WHV","description":"","publisher":{"@id":"https:\/\/www.retrocomputing-whv.net\/#organization"},"potentialAction":[{"@type":"SearchAction","target":{"@type":"EntryPoint","urlTemplate":"https:\/\/www.retrocomputing-whv.net\/?s={search_term_string}"},"query-input":{"@type":"PropertyValueSpecification","valueRequired":true,"valueName":"search_term_string"}}],"inLanguage":"de"},{"@type":"Organization","@id":"https:\/\/www.retrocomputing-whv.net\/#organization","name":"Retrocomputing-WHV","url":"https:\/\/www.retrocomputing-whv.net\/","logo":{"@type":"ImageObject","inLanguage":"de","@id":"https:\/\/www.retrocomputing-whv.net\/#\/schema\/logo\/image\/","url":"https:\/\/www.retrocomputing-whv.net\/wp-content\/uploads\/2020\/04\/Logo.png","contentUrl":"https:\/\/www.retrocomputing-whv.net\/wp-content\/uploads\/2020\/04\/Logo.png","width":1340,"height":250,"caption":"Retrocomputing-WHV"},"image":{"@id":"https:\/\/www.retrocomputing-whv.net\/#\/schema\/logo\/image\/"}}]}},"_links":{"self":[{"href":"https:\/\/www.retrocomputing-whv.net\/index.php?rest_route=\/wp\/v2\/pages\/1592","targetHints":{"allow":["GET"]}}],"collection":[{"href":"https:\/\/www.retrocomputing-whv.net\/index.php?rest_route=\/wp\/v2\/pages"}],"about":[{"href":"https:\/\/www.retrocomputing-whv.net\/index.php?rest_route=\/wp\/v2\/types\/page"}],"author":[{"embeddable":true,"href":"https:\/\/www.retrocomputing-whv.net\/index.php?rest_route=\/wp\/v2\/users\/1"}],"replies":[{"embeddable":true,"href":"https:\/\/www.retrocomputing-whv.net\/index.php?rest_route=%2Fwp%2Fv2%2Fcomments&post=1592"}],"version-history":[{"count":1,"href":"https:\/\/www.retrocomputing-whv.net\/index.php?rest_route=\/wp\/v2\/pages\/1592\/revisions"}],"predecessor-version":[{"id":1593,"href":"https:\/\/www.retrocomputing-whv.net\/index.php?rest_route=\/wp\/v2\/pages\/1592\/revisions\/1593"}],"up":[{"embeddable":true,"href":"https:\/\/www.retrocomputing-whv.net\/index.php?rest_route=\/wp\/v2\/pages\/825"}],"wp:attachment":[{"href":"https:\/\/www.retrocomputing-whv.net\/index.php?rest_route=%2Fwp%2Fv2%2Fmedia&parent=1592"}],"curies":[{"name":"wp","href":"https:\/\/api.w.org\/{rel}","templated":true}]}}