{"id":1594,"date":"2021-05-01T09:42:15","date_gmt":"2021-05-01T07:42:15","guid":{"rendered":"https:\/\/www.retrocomputing-whv.net\/?page_id=1594"},"modified":"2021-05-01T09:42:40","modified_gmt":"2021-05-01T07:42:40","slug":"c-fuer-einsteiger","status":"publish","type":"page","link":"https:\/\/www.retrocomputing-whv.net\/?page_id=1594","title":{"rendered":"C f\u00fcr Einsteiger"},"content":{"rendered":"\n<figure class=\"wp-block-image size-large\"><img loading=\"lazy\" decoding=\"async\" width=\"717\" height=\"1024\" src=\"https:\/\/www.retrocomputing-whv.net\/wp-content\/uploads\/2021\/05\/DATA-BECKER-C-fuer-Einsteiger_b-717x1024.jpg\" alt=\"DATA BECKER - C f\u00fcr Einsteiger\" class=\"wp-image-1589\" srcset=\"https:\/\/www.retrocomputing-whv.net\/wp-content\/uploads\/2021\/05\/DATA-BECKER-C-fuer-Einsteiger_b-717x1024.jpg 717w, https:\/\/www.retrocomputing-whv.net\/wp-content\/uploads\/2021\/05\/DATA-BECKER-C-fuer-Einsteiger_b-210x300.jpg 210w, https:\/\/www.retrocomputing-whv.net\/wp-content\/uploads\/2021\/05\/DATA-BECKER-C-fuer-Einsteiger_b-768x1097.jpg 768w, https:\/\/www.retrocomputing-whv.net\/wp-content\/uploads\/2021\/05\/DATA-BECKER-C-fuer-Einsteiger_b-1075x1536.jpg 1075w, https:\/\/www.retrocomputing-whv.net\/wp-content\/uploads\/2021\/05\/DATA-BECKER-C-fuer-Einsteiger_b.jpg 1200w\" sizes=\"auto, (max-width: 717px) 100vw, 717px\" \/><\/figure>\n\n\n\n<p>DATA BECKER &#8211; C f\u00fcr Einsteiger &#8211; Autor Dirk Schaun<br>1. Auflage &#8211; Erscheinungsjahr 1987 &#8211; ISBN 3-89011-107-6<\/p>\n\n\n\n<p><strong>Das steht drin:<\/strong><br>Wer auf dem Superrechner AMIGA schnell in die Supersprache C einsteigen will, der findet in diesem Buch den schnellen Einstieg: Mit \u201eC an einem Wochenende\u201c. Dieser Einf\u00fchrungskurs l\u00f6st die Anfangsschwierigkeiten und f\u00fchrt gleichzeitig in die Bedienung der beiden wichtigsten vorhandenen Compiler ein. Anschlie\u00dfend wir der gesamte Sprachumfang mit vielen Beispielen erl\u00e4utert und der Umgang mit den Routinen der C-Bibliotheken erkl\u00e4rt.<\/p>\n\n\n\n<p><strong>Aus dem Inhalt:<\/strong><\/p>\n\n\n\n<ul class=\"wp-block-list\"><li>Das Besondere an C<\/li><li>Bedienung eines C-Compilers<\/li><li>Das erste Programm<\/li><li>Der Sprachumfang von C (Schleifen, Bedingungen, Funktionen, Strukturen)<\/li><li>Die speziellen F\u00e4higkeiten von C<\/li><li>Die wichtigsten Routinen der C-Bibliotheken<\/li><li>Ein-\/Ausgabe<\/li><li>Tips und Tricks zur Fehlersuche<\/li><li>Arbeit mit Lattice C und dem Aztek Compiler<\/li><\/ul>\n\n\n\n<figure class=\"wp-block-image size-large\"><a href=\"https:\/\/www.retrocomputing-whv.net\/?page_id=825\"><img loading=\"lazy\" decoding=\"async\" width=\"256\" height=\"136\" src=\"https:\/\/www.retrocomputing-whv.net\/wp-content\/uploads\/2020\/08\/Backspace.jpg\" alt=\"Backspace\" class=\"wp-image-681\"\/><\/a><\/figure>\n","protected":false},"excerpt":{"rendered":"<p>DATA BECKER &#8211; C f\u00fcr Einsteiger &#8211; Autor Dirk Schaun1. Auflage &#8211; Erscheinungsjahr 1987 &#8211; ISBN 3-89011-107-6 Das steht drin:Wer auf dem Superrechner AMIGA schnell in die Supersprache C einsteigen will, der findet in diesem Buch den schnellen Einstieg: Mit \u201eC an einem Wochenende\u201c. Dieser Einf\u00fchrungskurs l\u00f6st die Anfangsschwierigkeiten und f\u00fchrt gleichzeitig in die Bedienung der beiden wichtigsten vorhandenen Compiler<\/p>\n","protected":false},"author":1,"featured_media":0,"parent":825,"menu_order":0,"comment_status":"closed","ping_status":"closed","template":"","meta":{"footnotes":""},"class_list":["post-1594","page","type-page","status-publish","hentry"],"yoast_head":"<!-- This site is optimized with the Yoast SEO plugin v27.5 - https:\/\/yoast.com\/product\/yoast-seo-wordpress\/ -->\n<title>C f\u00fcr Einsteiger - Retrocomputing WHV<\/title>\n<meta name=\"robots\" content=\"index, follow, max-snippet:-1, max-image-preview:large, max-video-preview:-1\" \/>\n<link rel=\"canonical\" href=\"https:\/\/www.retrocomputing-whv.net\/?page_id=1594\" \/>\n<meta property=\"og:locale\" content=\"de_DE\" \/>\n<meta property=\"og:type\" content=\"article\" \/>\n<meta property=\"og:title\" content=\"C f\u00fcr Einsteiger - Retrocomputing WHV\" \/>\n<meta property=\"og:description\" content=\"DATA BECKER &#8211; C f\u00fcr Einsteiger &#8211; Autor Dirk Schaun1. Auflage &#8211; Erscheinungsjahr 1987 &#8211; ISBN 3-89011-107-6 Das steht drin:Wer auf dem Superrechner AMIGA schnell in die Supersprache C einsteigen will, der findet in diesem Buch den schnellen Einstieg: Mit \u201eC an einem Wochenende\u201c. Dieser Einf\u00fchrungskurs l\u00f6st die Anfangsschwierigkeiten und f\u00fchrt gleichzeitig in die Bedienung der beiden wichtigsten vorhandenen Compiler\" \/>\n<meta property=\"og:url\" content=\"https:\/\/www.retrocomputing-whv.net\/?page_id=1594\" \/>\n<meta property=\"og:site_name\" content=\"Retrocomputing WHV\" \/>\n<meta property=\"article:modified_time\" content=\"2021-05-01T07:42:40+00:00\" \/>\n<meta property=\"og:image\" content=\"https:\/\/www.retrocomputing-whv.net\/wp-content\/uploads\/2021\/05\/DATA-BECKER-C-fuer-Einsteiger_b-717x1024.jpg\" \/>\n<meta name=\"twitter:card\" content=\"summary_large_image\" \/>\n<meta name=\"twitter:label1\" content=\"Gesch\u00e4tzte Lesezeit\" \/>\n\t<meta name=\"twitter:data1\" content=\"1\u00a0Minute\" \/>\n<script type=\"application\/ld+json\" class=\"yoast-schema-graph\">{\"@context\":\"https:\\\/\\\/schema.org\",\"@graph\":[{\"@type\":\"WebPage\",\"@id\":\"https:\\\/\\\/www.retrocomputing-whv.net\\\/?page_id=1594\",\"url\":\"https:\\\/\\\/www.retrocomputing-whv.net\\\/?page_id=1594\",\"name\":\"C f\u00fcr Einsteiger - Retrocomputing WHV\",\"isPartOf\":{\"@id\":\"https:\\\/\\\/www.retrocomputing-whv.net\\\/#website\"},\"primaryImageOfPage\":{\"@id\":\"https:\\\/\\\/www.retrocomputing-whv.net\\\/?page_id=1594#primaryimage\"},\"image\":{\"@id\":\"https:\\\/\\\/www.retrocomputing-whv.net\\\/?page_id=1594#primaryimage\"},\"thumbnailUrl\":\"https:\\\/\\\/www.retrocomputing-whv.net\\\/wp-content\\\/uploads\\\/2021\\\/05\\\/DATA-BECKER-C-fuer-Einsteiger_b-717x1024.jpg\",\"datePublished\":\"2021-05-01T07:42:15+00:00\",\"dateModified\":\"2021-05-01T07:42:40+00:00\",\"breadcrumb\":{\"@id\":\"https:\\\/\\\/www.retrocomputing-whv.net\\\/?page_id=1594#breadcrumb\"},\"inLanguage\":\"de\",\"potentialAction\":[{\"@type\":\"ReadAction\",\"target\":[\"https:\\\/\\\/www.retrocomputing-whv.net\\\/?page_id=1594\"]}]},{\"@type\":\"ImageObject\",\"inLanguage\":\"de\",\"@id\":\"https:\\\/\\\/www.retrocomputing-whv.net\\\/?page_id=1594#primaryimage\",\"url\":\"https:\\\/\\\/www.retrocomputing-whv.net\\\/wp-content\\\/uploads\\\/2021\\\/05\\\/DATA-BECKER-C-fuer-Einsteiger_b.jpg\",\"contentUrl\":\"https:\\\/\\\/www.retrocomputing-whv.net\\\/wp-content\\\/uploads\\\/2021\\\/05\\\/DATA-BECKER-C-fuer-Einsteiger_b.jpg\",\"width\":1200,\"height\":1714,\"caption\":\"DATA BECKER - C f\u00fcr Einsteiger\"},{\"@type\":\"BreadcrumbList\",\"@id\":\"https:\\\/\\\/www.retrocomputing-whv.net\\\/?page_id=1594#breadcrumb\",\"itemListElement\":[{\"@type\":\"ListItem\",\"position\":1,\"name\":\"Startseite\",\"item\":\"https:\\\/\\\/www.retrocomputing-whv.net\\\/\"},{\"@type\":\"ListItem\",\"position\":2,\"name\":\"Literatur\",\"item\":\"https:\\\/\\\/www.retrocomputing-whv.net\\\/?page_id=105\"},{\"@type\":\"ListItem\",\"position\":3,\"name\":\"DATA BECKER\",\"item\":\"https:\\\/\\\/www.retrocomputing-whv.net\\\/?page_id=807\"},{\"@type\":\"ListItem\",\"position\":4,\"name\":\"Amiga\",\"item\":\"https:\\\/\\\/www.retrocomputing-whv.net\\\/?page_id=825\"},{\"@type\":\"ListItem\",\"position\":5,\"name\":\"C f\u00fcr Einsteiger\"}]},{\"@type\":\"WebSite\",\"@id\":\"https:\\\/\\\/www.retrocomputing-whv.net\\\/#website\",\"url\":\"https:\\\/\\\/www.retrocomputing-whv.net\\\/\",\"name\":\"Retrocomputing WHV\",\"description\":\"\",\"publisher\":{\"@id\":\"https:\\\/\\\/www.retrocomputing-whv.net\\\/#organization\"},\"potentialAction\":[{\"@type\":\"SearchAction\",\"target\":{\"@type\":\"EntryPoint\",\"urlTemplate\":\"https:\\\/\\\/www.retrocomputing-whv.net\\\/?s={search_term_string}\"},\"query-input\":{\"@type\":\"PropertyValueSpecification\",\"valueRequired\":true,\"valueName\":\"search_term_string\"}}],\"inLanguage\":\"de\"},{\"@type\":\"Organization\",\"@id\":\"https:\\\/\\\/www.retrocomputing-whv.net\\\/#organization\",\"name\":\"Retrocomputing-WHV\",\"url\":\"https:\\\/\\\/www.retrocomputing-whv.net\\\/\",\"logo\":{\"@type\":\"ImageObject\",\"inLanguage\":\"de\",\"@id\":\"https:\\\/\\\/www.retrocomputing-whv.net\\\/#\\\/schema\\\/logo\\\/image\\\/\",\"url\":\"https:\\\/\\\/www.retrocomputing-whv.net\\\/wp-content\\\/uploads\\\/2020\\\/04\\\/Logo.png\",\"contentUrl\":\"https:\\\/\\\/www.retrocomputing-whv.net\\\/wp-content\\\/uploads\\\/2020\\\/04\\\/Logo.png\",\"width\":1340,\"height\":250,\"caption\":\"Retrocomputing-WHV\"},\"image\":{\"@id\":\"https:\\\/\\\/www.retrocomputing-whv.net\\\/#\\\/schema\\\/logo\\\/image\\\/\"}}]}<\/script>\n<!-- \/ Yoast SEO plugin. -->","yoast_head_json":{"title":"C f\u00fcr Einsteiger - Retrocomputing WHV","robots":{"index":"index","follow":"follow","max-snippet":"max-snippet:-1","max-image-preview":"max-image-preview:large","max-video-preview":"max-video-preview:-1"},"canonical":"https:\/\/www.retrocomputing-whv.net\/?page_id=1594","og_locale":"de_DE","og_type":"article","og_title":"C f\u00fcr Einsteiger - Retrocomputing WHV","og_description":"DATA BECKER &#8211; C f\u00fcr Einsteiger &#8211; Autor Dirk Schaun1. Auflage &#8211; Erscheinungsjahr 1987 &#8211; ISBN 3-89011-107-6 Das steht drin:Wer auf dem Superrechner AMIGA schnell in die Supersprache C einsteigen will, der findet in diesem Buch den schnellen Einstieg: Mit \u201eC an einem Wochenende\u201c. Dieser Einf\u00fchrungskurs l\u00f6st die Anfangsschwierigkeiten und f\u00fchrt gleichzeitig in die Bedienung der beiden wichtigsten vorhandenen Compiler","og_url":"https:\/\/www.retrocomputing-whv.net\/?page_id=1594","og_site_name":"Retrocomputing WHV","article_modified_time":"2021-05-01T07:42:40+00:00","og_image":[{"url":"https:\/\/www.retrocomputing-whv.net\/wp-content\/uploads\/2021\/05\/DATA-BECKER-C-fuer-Einsteiger_b-717x1024.jpg","type":"","width":"","height":""}],"twitter_card":"summary_large_image","twitter_misc":{"Gesch\u00e4tzte Lesezeit":"1\u00a0Minute"},"schema":{"@context":"https:\/\/schema.org","@graph":[{"@type":"WebPage","@id":"https:\/\/www.retrocomputing-whv.net\/?page_id=1594","url":"https:\/\/www.retrocomputing-whv.net\/?page_id=1594","name":"C f\u00fcr Einsteiger - Retrocomputing WHV","isPartOf":{"@id":"https:\/\/www.retrocomputing-whv.net\/#website"},"primaryImageOfPage":{"@id":"https:\/\/www.retrocomputing-whv.net\/?page_id=1594#primaryimage"},"image":{"@id":"https:\/\/www.retrocomputing-whv.net\/?page_id=1594#primaryimage"},"thumbnailUrl":"https:\/\/www.retrocomputing-whv.net\/wp-content\/uploads\/2021\/05\/DATA-BECKER-C-fuer-Einsteiger_b-717x1024.jpg","datePublished":"2021-05-01T07:42:15+00:00","dateModified":"2021-05-01T07:42:40+00:00","breadcrumb":{"@id":"https:\/\/www.retrocomputing-whv.net\/?page_id=1594#breadcrumb"},"inLanguage":"de","potentialAction":[{"@type":"ReadAction","target":["https:\/\/www.retrocomputing-whv.net\/?page_id=1594"]}]},{"@type":"ImageObject","inLanguage":"de","@id":"https:\/\/www.retrocomputing-whv.net\/?page_id=1594#primaryimage","url":"https:\/\/www.retrocomputing-whv.net\/wp-content\/uploads\/2021\/05\/DATA-BECKER-C-fuer-Einsteiger_b.jpg","contentUrl":"https:\/\/www.retrocomputing-whv.net\/wp-content\/uploads\/2021\/05\/DATA-BECKER-C-fuer-Einsteiger_b.jpg","width":1200,"height":1714,"caption":"DATA BECKER - C f\u00fcr Einsteiger"},{"@type":"BreadcrumbList","@id":"https:\/\/www.retrocomputing-whv.net\/?page_id=1594#breadcrumb","itemListElement":[{"@type":"ListItem","position":1,"name":"Startseite","item":"https:\/\/www.retrocomputing-whv.net\/"},{"@type":"ListItem","position":2,"name":"Literatur","item":"https:\/\/www.retrocomputing-whv.net\/?page_id=105"},{"@type":"ListItem","position":3,"name":"DATA BECKER","item":"https:\/\/www.retrocomputing-whv.net\/?page_id=807"},{"@type":"ListItem","position":4,"name":"Amiga","item":"https:\/\/www.retrocomputing-whv.net\/?page_id=825"},{"@type":"ListItem","position":5,"name":"C f\u00fcr Einsteiger"}]},{"@type":"WebSite","@id":"https:\/\/www.retrocomputing-whv.net\/#website","url":"https:\/\/www.retrocomputing-whv.net\/","name":"Retrocomputing WHV","description":"","publisher":{"@id":"https:\/\/www.retrocomputing-whv.net\/#organization"},"potentialAction":[{"@type":"SearchAction","target":{"@type":"EntryPoint","urlTemplate":"https:\/\/www.retrocomputing-whv.net\/?s={search_term_string}"},"query-input":{"@type":"PropertyValueSpecification","valueRequired":true,"valueName":"search_term_string"}}],"inLanguage":"de"},{"@type":"Organization","@id":"https:\/\/www.retrocomputing-whv.net\/#organization","name":"Retrocomputing-WHV","url":"https:\/\/www.retrocomputing-whv.net\/","logo":{"@type":"ImageObject","inLanguage":"de","@id":"https:\/\/www.retrocomputing-whv.net\/#\/schema\/logo\/image\/","url":"https:\/\/www.retrocomputing-whv.net\/wp-content\/uploads\/2020\/04\/Logo.png","contentUrl":"https:\/\/www.retrocomputing-whv.net\/wp-content\/uploads\/2020\/04\/Logo.png","width":1340,"height":250,"caption":"Retrocomputing-WHV"},"image":{"@id":"https:\/\/www.retrocomputing-whv.net\/#\/schema\/logo\/image\/"}}]}},"_links":{"self":[{"href":"https:\/\/www.retrocomputing-whv.net\/index.php?rest_route=\/wp\/v2\/pages\/1594","targetHints":{"allow":["GET"]}}],"collection":[{"href":"https:\/\/www.retrocomputing-whv.net\/index.php?rest_route=\/wp\/v2\/pages"}],"about":[{"href":"https:\/\/www.retrocomputing-whv.net\/index.php?rest_route=\/wp\/v2\/types\/page"}],"author":[{"embeddable":true,"href":"https:\/\/www.retrocomputing-whv.net\/index.php?rest_route=\/wp\/v2\/users\/1"}],"replies":[{"embeddable":true,"href":"https:\/\/www.retrocomputing-whv.net\/index.php?rest_route=%2Fwp%2Fv2%2Fcomments&post=1594"}],"version-history":[{"count":1,"href":"https:\/\/www.retrocomputing-whv.net\/index.php?rest_route=\/wp\/v2\/pages\/1594\/revisions"}],"predecessor-version":[{"id":1595,"href":"https:\/\/www.retrocomputing-whv.net\/index.php?rest_route=\/wp\/v2\/pages\/1594\/revisions\/1595"}],"up":[{"embeddable":true,"href":"https:\/\/www.retrocomputing-whv.net\/index.php?rest_route=\/wp\/v2\/pages\/825"}],"wp:attachment":[{"href":"https:\/\/www.retrocomputing-whv.net\/index.php?rest_route=%2Fwp%2Fv2%2Fmedia&parent=1594"}],"curies":[{"name":"wp","href":"https:\/\/api.w.org\/{rel}","templated":true}]}}