{"id":1608,"date":"2021-05-01T19:32:19","date_gmt":"2021-05-01T17:32:19","guid":{"rendered":"https:\/\/www.retrocomputing-whv.net\/?page_id=1608"},"modified":"2021-05-01T19:33:33","modified_gmt":"2021-05-01T17:33:33","slug":"amiga-500-buch-1-auflage","status":"publish","type":"page","link":"https:\/\/www.retrocomputing-whv.net\/?page_id=1608","title":{"rendered":"Amiga 500 Buch &#8211; 1. Auflage"},"content":{"rendered":"\n<figure class=\"wp-block-image size-large\"><img loading=\"lazy\" decoding=\"async\" width=\"704\" height=\"1024\" src=\"https:\/\/www.retrocomputing-whv.net\/wp-content\/uploads\/2021\/05\/Markt-und-Technik-Amiga-500-Buch-Workbench-12_b-704x1024.jpg\" alt=\"Markt und Technik - Amiga 500 Buch - Workbench 1.2\" class=\"wp-image-1601\" srcset=\"https:\/\/www.retrocomputing-whv.net\/wp-content\/uploads\/2021\/05\/Markt-und-Technik-Amiga-500-Buch-Workbench-12_b-704x1024.jpg 704w, https:\/\/www.retrocomputing-whv.net\/wp-content\/uploads\/2021\/05\/Markt-und-Technik-Amiga-500-Buch-Workbench-12_b-206x300.jpg 206w, https:\/\/www.retrocomputing-whv.net\/wp-content\/uploads\/2021\/05\/Markt-und-Technik-Amiga-500-Buch-Workbench-12_b-768x1117.jpg 768w, https:\/\/www.retrocomputing-whv.net\/wp-content\/uploads\/2021\/05\/Markt-und-Technik-Amiga-500-Buch-Workbench-12_b-1056x1536.jpg 1056w, https:\/\/www.retrocomputing-whv.net\/wp-content\/uploads\/2021\/05\/Markt-und-Technik-Amiga-500-Buch-Workbench-12_b.jpg 1200w\" sizes=\"auto, (max-width: 704px) 100vw, 704px\" \/><\/figure>\n\n\n\n<p>Markt und Technik &#8211; Amiga 500 Buch &#8211; Autor Markus Breuer<br>1. Auflage &#8211; Erscheinungsjahr 1987 &#8211; ISBN 3-89090-522-6<\/p>\n\n\n\n<p>Als der Commodore Amiga auf den Markt kam, glich es einer Sensation. Er spiegelte in der technologischen Entwicklung den neuesten Stand der Technik wider, von der Hardware-Architektur bis zum Multitasking-Betriebssystem. Leider lag der Preis f\u00fcr das erste Amiga-Modell 1000 f\u00fcr viele Interessenten noch au\u00dferhalb ihrer finanziellen M\u00f6glichkeiten. Der Amiga 500 bietet nun dieselbe Leistungsf\u00e4higkeit wie das erste Modell zum Preis eines einfachen Homecomputers.<br>Er besitzt zum Beispiel enorme Farbgrafik-F\u00e4higkeiten (bis zu 4096 Farben gleichzeitig am Bildschirm), die auch konsequent bei der Bedienung des Betriebssystems eingesetzt werden. Dar\u00fcber hinaus machen grafische Symbole (Piktogramme), ein komfortables Men\u00fcsystem und die Maus das Auswendiglernen komplizierter Befehlsfolgen \u00fcberfl\u00fcssig. Die Bedienung des Amiga 500 ist so einfach wie die Auswahl eines Getr\u00e4nks auf einer Speisekarte.<br>Das vorliegende Buch bietet zun\u00e4chst eine behutsame Einf\u00fchrung in die Arbeit mit dem Amiga 500. Es beschr\u00e4nkt sich aber nicht auf diese Einf\u00fchrung. Ein Handbuchteil mit vielen Bildschirmfotos und \u00dcbersichtstabellen hilft Ihnen, schnell und effektiv mit dem Amiga 500 umzugehen. Daneben erh\u00e4lt der Leser auch eine ausf\u00fchrliche Beschreibung der Hardware-Architektur des Amiga 500 und seines Zubeh\u00f6rs.<\/p>\n\n\n\n<p><strong>Aus dem Inhalt:<\/strong><\/p>\n\n\n\n<ul class=\"wp-block-list\"><li>Erste Handgriffe auf der Workbench<\/li><li>Arbeiten mit dem Amiga<\/li><li>Die Kommandos des CLI<\/li><li>Einfacher arbeiten mit Kommandofolgen<\/li><li>Tipps f\u00fcr das CLI<\/li><li>Grundlagen der Amiga-Grafik<\/li><li>Sounderzeugung mit dem Amiga<\/li><li>\u00dcberblick \u00fcber Amiga-BASIC<\/li><\/ul>\n\n\n\n<p>Das Amiga 500-Buch stellt eine vollst\u00e4ndig aktualisierte und \u00fcberarbeitete Ausgabe des bereits ver\u00f6ffentlichten und erfolgreichen Amiga-Handbuches vom selben Autor dar.<\/p>\n\n\n\n<p><strong>Hardware-Voraussetzung:<\/strong><br>Commodore Amiga 500<\/p>\n\n\n\n<figure class=\"wp-block-image size-large\"><a href=\"https:\/\/www.retrocomputing-whv.net\/?page_id=249\"><img loading=\"lazy\" decoding=\"async\" width=\"256\" height=\"136\" src=\"https:\/\/www.retrocomputing-whv.net\/wp-content\/uploads\/2020\/08\/Backspace.jpg\" alt=\"Backspace\" class=\"wp-image-681\"\/><\/a><\/figure>\n","protected":false},"excerpt":{"rendered":"<p>Markt und Technik &#8211; Amiga 500 Buch &#8211; Autor Markus Breuer1. Auflage &#8211; Erscheinungsjahr 1987 &#8211; ISBN 3-89090-522-6 Als der Commodore Amiga auf den Markt kam, glich es einer Sensation. Er spiegelte in der technologischen Entwicklung den neuesten Stand der Technik wider, von der Hardware-Architektur bis zum Multitasking-Betriebssystem. Leider lag der Preis f\u00fcr das erste Amiga-Modell 1000 f\u00fcr viele Interessenten<\/p>\n","protected":false},"author":1,"featured_media":0,"parent":249,"menu_order":0,"comment_status":"closed","ping_status":"closed","template":"","meta":{"footnotes":""},"class_list":["post-1608","page","type-page","status-publish","hentry"],"yoast_head":"<!-- This site is optimized with the Yoast SEO plugin v27.4 - https:\/\/yoast.com\/product\/yoast-seo-wordpress\/ -->\n<title>Amiga 500 Buch - 1. Auflage - Retrocomputing WHV<\/title>\n<meta name=\"robots\" content=\"index, follow, max-snippet:-1, max-image-preview:large, max-video-preview:-1\" \/>\n<link rel=\"canonical\" href=\"https:\/\/www.retrocomputing-whv.net\/?page_id=1608\" \/>\n<meta property=\"og:locale\" content=\"de_DE\" \/>\n<meta property=\"og:type\" content=\"article\" \/>\n<meta property=\"og:title\" content=\"Amiga 500 Buch - 1. Auflage - Retrocomputing WHV\" \/>\n<meta property=\"og:description\" content=\"Markt und Technik &#8211; Amiga 500 Buch &#8211; Autor Markus Breuer1. Auflage &#8211; Erscheinungsjahr 1987 &#8211; ISBN 3-89090-522-6 Als der Commodore Amiga auf den Markt kam, glich es einer Sensation. Er spiegelte in der technologischen Entwicklung den neuesten Stand der Technik wider, von der Hardware-Architektur bis zum Multitasking-Betriebssystem. Leider lag der Preis f\u00fcr das erste Amiga-Modell 1000 f\u00fcr viele Interessenten\" \/>\n<meta property=\"og:url\" content=\"https:\/\/www.retrocomputing-whv.net\/?page_id=1608\" \/>\n<meta property=\"og:site_name\" content=\"Retrocomputing WHV\" \/>\n<meta property=\"article:modified_time\" content=\"2021-05-01T17:33:33+00:00\" \/>\n<meta property=\"og:image\" content=\"https:\/\/www.retrocomputing-whv.net\/wp-content\/uploads\/2021\/05\/Markt-und-Technik-Amiga-500-Buch-Workbench-12_b-704x1024.jpg\" \/>\n<meta name=\"twitter:card\" content=\"summary_large_image\" \/>\n<meta name=\"twitter:label1\" content=\"Gesch\u00e4tzte Lesezeit\" \/>\n\t<meta name=\"twitter:data1\" content=\"2\u00a0Minuten\" \/>\n<script type=\"application\/ld+json\" class=\"yoast-schema-graph\">{\"@context\":\"https:\\\/\\\/schema.org\",\"@graph\":[{\"@type\":\"WebPage\",\"@id\":\"https:\\\/\\\/www.retrocomputing-whv.net\\\/?page_id=1608\",\"url\":\"https:\\\/\\\/www.retrocomputing-whv.net\\\/?page_id=1608\",\"name\":\"Amiga 500 Buch - 1. Auflage - Retrocomputing WHV\",\"isPartOf\":{\"@id\":\"https:\\\/\\\/www.retrocomputing-whv.net\\\/#website\"},\"primaryImageOfPage\":{\"@id\":\"https:\\\/\\\/www.retrocomputing-whv.net\\\/?page_id=1608#primaryimage\"},\"image\":{\"@id\":\"https:\\\/\\\/www.retrocomputing-whv.net\\\/?page_id=1608#primaryimage\"},\"thumbnailUrl\":\"https:\\\/\\\/www.retrocomputing-whv.net\\\/wp-content\\\/uploads\\\/2021\\\/05\\\/Markt-und-Technik-Amiga-500-Buch-Workbench-12_b-704x1024.jpg\",\"datePublished\":\"2021-05-01T17:32:19+00:00\",\"dateModified\":\"2021-05-01T17:33:33+00:00\",\"breadcrumb\":{\"@id\":\"https:\\\/\\\/www.retrocomputing-whv.net\\\/?page_id=1608#breadcrumb\"},\"inLanguage\":\"de\",\"potentialAction\":[{\"@type\":\"ReadAction\",\"target\":[\"https:\\\/\\\/www.retrocomputing-whv.net\\\/?page_id=1608\"]}]},{\"@type\":\"ImageObject\",\"inLanguage\":\"de\",\"@id\":\"https:\\\/\\\/www.retrocomputing-whv.net\\\/?page_id=1608#primaryimage\",\"url\":\"https:\\\/\\\/www.retrocomputing-whv.net\\\/wp-content\\\/uploads\\\/2021\\\/05\\\/Markt-und-Technik-Amiga-500-Buch-Workbench-12_b.jpg\",\"contentUrl\":\"https:\\\/\\\/www.retrocomputing-whv.net\\\/wp-content\\\/uploads\\\/2021\\\/05\\\/Markt-und-Technik-Amiga-500-Buch-Workbench-12_b.jpg\",\"width\":1200,\"height\":1745,\"caption\":\"Markt und Technik - Amiga 500 Buch - Workbench 1.2\"},{\"@type\":\"BreadcrumbList\",\"@id\":\"https:\\\/\\\/www.retrocomputing-whv.net\\\/?page_id=1608#breadcrumb\",\"itemListElement\":[{\"@type\":\"ListItem\",\"position\":1,\"name\":\"Startseite\",\"item\":\"https:\\\/\\\/www.retrocomputing-whv.net\\\/\"},{\"@type\":\"ListItem\",\"position\":2,\"name\":\"Literatur\",\"item\":\"https:\\\/\\\/www.retrocomputing-whv.net\\\/?page_id=105\"},{\"@type\":\"ListItem\",\"position\":3,\"name\":\"Markt &#038; Technik\",\"item\":\"https:\\\/\\\/www.retrocomputing-whv.net\\\/?page_id=1170\"},{\"@type\":\"ListItem\",\"position\":4,\"name\":\"Amiga\",\"item\":\"https:\\\/\\\/www.retrocomputing-whv.net\\\/?page_id=249\"},{\"@type\":\"ListItem\",\"position\":5,\"name\":\"Amiga 500 Buch &#8211; 1. Auflage\"}]},{\"@type\":\"WebSite\",\"@id\":\"https:\\\/\\\/www.retrocomputing-whv.net\\\/#website\",\"url\":\"https:\\\/\\\/www.retrocomputing-whv.net\\\/\",\"name\":\"Retrocomputing WHV\",\"description\":\"\",\"publisher\":{\"@id\":\"https:\\\/\\\/www.retrocomputing-whv.net\\\/#organization\"},\"potentialAction\":[{\"@type\":\"SearchAction\",\"target\":{\"@type\":\"EntryPoint\",\"urlTemplate\":\"https:\\\/\\\/www.retrocomputing-whv.net\\\/?s={search_term_string}\"},\"query-input\":{\"@type\":\"PropertyValueSpecification\",\"valueRequired\":true,\"valueName\":\"search_term_string\"}}],\"inLanguage\":\"de\"},{\"@type\":\"Organization\",\"@id\":\"https:\\\/\\\/www.retrocomputing-whv.net\\\/#organization\",\"name\":\"Retrocomputing-WHV\",\"url\":\"https:\\\/\\\/www.retrocomputing-whv.net\\\/\",\"logo\":{\"@type\":\"ImageObject\",\"inLanguage\":\"de\",\"@id\":\"https:\\\/\\\/www.retrocomputing-whv.net\\\/#\\\/schema\\\/logo\\\/image\\\/\",\"url\":\"https:\\\/\\\/www.retrocomputing-whv.net\\\/wp-content\\\/uploads\\\/2020\\\/04\\\/Logo.png\",\"contentUrl\":\"https:\\\/\\\/www.retrocomputing-whv.net\\\/wp-content\\\/uploads\\\/2020\\\/04\\\/Logo.png\",\"width\":1340,\"height\":250,\"caption\":\"Retrocomputing-WHV\"},\"image\":{\"@id\":\"https:\\\/\\\/www.retrocomputing-whv.net\\\/#\\\/schema\\\/logo\\\/image\\\/\"}}]}<\/script>\n<!-- \/ Yoast SEO plugin. -->","yoast_head_json":{"title":"Amiga 500 Buch - 1. Auflage - Retrocomputing WHV","robots":{"index":"index","follow":"follow","max-snippet":"max-snippet:-1","max-image-preview":"max-image-preview:large","max-video-preview":"max-video-preview:-1"},"canonical":"https:\/\/www.retrocomputing-whv.net\/?page_id=1608","og_locale":"de_DE","og_type":"article","og_title":"Amiga 500 Buch - 1. Auflage - Retrocomputing WHV","og_description":"Markt und Technik &#8211; Amiga 500 Buch &#8211; Autor Markus Breuer1. Auflage &#8211; Erscheinungsjahr 1987 &#8211; ISBN 3-89090-522-6 Als der Commodore Amiga auf den Markt kam, glich es einer Sensation. Er spiegelte in der technologischen Entwicklung den neuesten Stand der Technik wider, von der Hardware-Architektur bis zum Multitasking-Betriebssystem. Leider lag der Preis f\u00fcr das erste Amiga-Modell 1000 f\u00fcr viele Interessenten","og_url":"https:\/\/www.retrocomputing-whv.net\/?page_id=1608","og_site_name":"Retrocomputing WHV","article_modified_time":"2021-05-01T17:33:33+00:00","og_image":[{"url":"https:\/\/www.retrocomputing-whv.net\/wp-content\/uploads\/2021\/05\/Markt-und-Technik-Amiga-500-Buch-Workbench-12_b-704x1024.jpg","type":"","width":"","height":""}],"twitter_card":"summary_large_image","twitter_misc":{"Gesch\u00e4tzte Lesezeit":"2\u00a0Minuten"},"schema":{"@context":"https:\/\/schema.org","@graph":[{"@type":"WebPage","@id":"https:\/\/www.retrocomputing-whv.net\/?page_id=1608","url":"https:\/\/www.retrocomputing-whv.net\/?page_id=1608","name":"Amiga 500 Buch - 1. Auflage - Retrocomputing WHV","isPartOf":{"@id":"https:\/\/www.retrocomputing-whv.net\/#website"},"primaryImageOfPage":{"@id":"https:\/\/www.retrocomputing-whv.net\/?page_id=1608#primaryimage"},"image":{"@id":"https:\/\/www.retrocomputing-whv.net\/?page_id=1608#primaryimage"},"thumbnailUrl":"https:\/\/www.retrocomputing-whv.net\/wp-content\/uploads\/2021\/05\/Markt-und-Technik-Amiga-500-Buch-Workbench-12_b-704x1024.jpg","datePublished":"2021-05-01T17:32:19+00:00","dateModified":"2021-05-01T17:33:33+00:00","breadcrumb":{"@id":"https:\/\/www.retrocomputing-whv.net\/?page_id=1608#breadcrumb"},"inLanguage":"de","potentialAction":[{"@type":"ReadAction","target":["https:\/\/www.retrocomputing-whv.net\/?page_id=1608"]}]},{"@type":"ImageObject","inLanguage":"de","@id":"https:\/\/www.retrocomputing-whv.net\/?page_id=1608#primaryimage","url":"https:\/\/www.retrocomputing-whv.net\/wp-content\/uploads\/2021\/05\/Markt-und-Technik-Amiga-500-Buch-Workbench-12_b.jpg","contentUrl":"https:\/\/www.retrocomputing-whv.net\/wp-content\/uploads\/2021\/05\/Markt-und-Technik-Amiga-500-Buch-Workbench-12_b.jpg","width":1200,"height":1745,"caption":"Markt und Technik - Amiga 500 Buch - Workbench 1.2"},{"@type":"BreadcrumbList","@id":"https:\/\/www.retrocomputing-whv.net\/?page_id=1608#breadcrumb","itemListElement":[{"@type":"ListItem","position":1,"name":"Startseite","item":"https:\/\/www.retrocomputing-whv.net\/"},{"@type":"ListItem","position":2,"name":"Literatur","item":"https:\/\/www.retrocomputing-whv.net\/?page_id=105"},{"@type":"ListItem","position":3,"name":"Markt &#038; Technik","item":"https:\/\/www.retrocomputing-whv.net\/?page_id=1170"},{"@type":"ListItem","position":4,"name":"Amiga","item":"https:\/\/www.retrocomputing-whv.net\/?page_id=249"},{"@type":"ListItem","position":5,"name":"Amiga 500 Buch &#8211; 1. Auflage"}]},{"@type":"WebSite","@id":"https:\/\/www.retrocomputing-whv.net\/#website","url":"https:\/\/www.retrocomputing-whv.net\/","name":"Retrocomputing WHV","description":"","publisher":{"@id":"https:\/\/www.retrocomputing-whv.net\/#organization"},"potentialAction":[{"@type":"SearchAction","target":{"@type":"EntryPoint","urlTemplate":"https:\/\/www.retrocomputing-whv.net\/?s={search_term_string}"},"query-input":{"@type":"PropertyValueSpecification","valueRequired":true,"valueName":"search_term_string"}}],"inLanguage":"de"},{"@type":"Organization","@id":"https:\/\/www.retrocomputing-whv.net\/#organization","name":"Retrocomputing-WHV","url":"https:\/\/www.retrocomputing-whv.net\/","logo":{"@type":"ImageObject","inLanguage":"de","@id":"https:\/\/www.retrocomputing-whv.net\/#\/schema\/logo\/image\/","url":"https:\/\/www.retrocomputing-whv.net\/wp-content\/uploads\/2020\/04\/Logo.png","contentUrl":"https:\/\/www.retrocomputing-whv.net\/wp-content\/uploads\/2020\/04\/Logo.png","width":1340,"height":250,"caption":"Retrocomputing-WHV"},"image":{"@id":"https:\/\/www.retrocomputing-whv.net\/#\/schema\/logo\/image\/"}}]}},"_links":{"self":[{"href":"https:\/\/www.retrocomputing-whv.net\/index.php?rest_route=\/wp\/v2\/pages\/1608","targetHints":{"allow":["GET"]}}],"collection":[{"href":"https:\/\/www.retrocomputing-whv.net\/index.php?rest_route=\/wp\/v2\/pages"}],"about":[{"href":"https:\/\/www.retrocomputing-whv.net\/index.php?rest_route=\/wp\/v2\/types\/page"}],"author":[{"embeddable":true,"href":"https:\/\/www.retrocomputing-whv.net\/index.php?rest_route=\/wp\/v2\/users\/1"}],"replies":[{"embeddable":true,"href":"https:\/\/www.retrocomputing-whv.net\/index.php?rest_route=%2Fwp%2Fv2%2Fcomments&post=1608"}],"version-history":[{"count":1,"href":"https:\/\/www.retrocomputing-whv.net\/index.php?rest_route=\/wp\/v2\/pages\/1608\/revisions"}],"predecessor-version":[{"id":1609,"href":"https:\/\/www.retrocomputing-whv.net\/index.php?rest_route=\/wp\/v2\/pages\/1608\/revisions\/1609"}],"up":[{"embeddable":true,"href":"https:\/\/www.retrocomputing-whv.net\/index.php?rest_route=\/wp\/v2\/pages\/249"}],"wp:attachment":[{"href":"https:\/\/www.retrocomputing-whv.net\/index.php?rest_route=%2Fwp%2Fv2%2Fmedia&parent=1608"}],"curies":[{"name":"wp","href":"https:\/\/api.w.org\/{rel}","templated":true}]}}