{"id":1642,"date":"2021-05-16T10:24:04","date_gmt":"2021-05-16T08:24:04","guid":{"rendered":"https:\/\/www.retrocomputing-whv.net\/?page_id=1642"},"modified":"2021-05-16T10:24:22","modified_gmt":"2021-05-16T08:24:22","slug":"commodore-128-anwenderhandbuch","status":"publish","type":"page","link":"https:\/\/www.retrocomputing-whv.net\/?page_id=1642","title":{"rendered":"Commodore 128 Anwenderhandbuch"},"content":{"rendered":"\n<figure class=\"wp-block-image size-large\"><img loading=\"lazy\" decoding=\"async\" width=\"711\" height=\"1024\" src=\"https:\/\/www.retrocomputing-whv.net\/wp-content\/uploads\/2021\/05\/McGraw-Hill-Commodore-128-Anwenderhandbuch_b-711x1024.jpg\" alt=\"McGraw-Hill - Commodore 128 Anwenderhandbuch\" class=\"wp-image-1616\" srcset=\"https:\/\/www.retrocomputing-whv.net\/wp-content\/uploads\/2021\/05\/McGraw-Hill-Commodore-128-Anwenderhandbuch_b-711x1024.jpg 711w, https:\/\/www.retrocomputing-whv.net\/wp-content\/uploads\/2021\/05\/McGraw-Hill-Commodore-128-Anwenderhandbuch_b-208x300.jpg 208w, https:\/\/www.retrocomputing-whv.net\/wp-content\/uploads\/2021\/05\/McGraw-Hill-Commodore-128-Anwenderhandbuch_b-768x1106.jpg 768w, https:\/\/www.retrocomputing-whv.net\/wp-content\/uploads\/2021\/05\/McGraw-Hill-Commodore-128-Anwenderhandbuch_b-1067x1536.jpg 1067w, https:\/\/www.retrocomputing-whv.net\/wp-content\/uploads\/2021\/05\/McGraw-Hill-Commodore-128-Anwenderhandbuch_b.jpg 1200w\" sizes=\"auto, (max-width: 711px) 100vw, 711px\" \/><\/figure>\n\n\n\n<p>McGraw-Hill Book Company GmbH &#8211; Autor Peter Niemann<br>1. Auflage &#8211; Erscheinungsjahr 1986<\/p>\n\n\n\n<p>Dieses Handbuch zum neuen Commodore 128 bietet Ihnen alle notwendigen Informationen, diesen Computer zu Hause, am Arbeitsplatz oder zu schulischen Zwecken einzusetzen.<\/p>\n\n\n\n<p>Peter Niemann erkl\u00e4rt auf leicht verst\u00e4ndliche Weise<\/p>\n\n\n\n<ul class=\"wp-block-list\"><li>Den Aufbau und die Inbetriebnahme des Commodore 128<\/li><li>Seine drei Betriebsarten<\/li><li>Seine Programmierung in BASIC 7.0<\/li><li>Seine grafischen und klanglichen Eigenschaften und<\/li><li>Das CP\/M-Betriebssystem<\/li><\/ul>\n\n\n\n<p>Als Lehrbuch und als Nachschlagewerk enth\u00e4lt das Buch au\u00dferdem eine ausf\u00fchrliche \u00dcbersicht aller BASIC-Statements und Funktionen, die Befehle der Maschinensprache im Monitor und detaillierte Speicherbelegungspl\u00e4ne.<\/p>\n\n\n\n<figure class=\"wp-block-image size-large\"><a href=\"https:\/\/www.retrocomputing-whv.net\/?page_id=1630\"><img loading=\"lazy\" decoding=\"async\" width=\"256\" height=\"136\" src=\"https:\/\/www.retrocomputing-whv.net\/wp-content\/uploads\/2020\/08\/Backspace.jpg\" alt=\"Backspace\" class=\"wp-image-681\"\/><\/a><\/figure>\n","protected":false},"excerpt":{"rendered":"<p>McGraw-Hill Book Company GmbH &#8211; Autor Peter Niemann1. Auflage &#8211; Erscheinungsjahr 1986 Dieses Handbuch zum neuen Commodore 128 bietet Ihnen alle notwendigen Informationen, diesen Computer zu Hause, am Arbeitsplatz oder zu schulischen Zwecken einzusetzen. Peter Niemann erkl\u00e4rt auf leicht verst\u00e4ndliche Weise Den Aufbau und die Inbetriebnahme des Commodore 128 Seine drei Betriebsarten Seine Programmierung in BASIC 7.0 Seine grafischen und<\/p>\n","protected":false},"author":1,"featured_media":0,"parent":1630,"menu_order":0,"comment_status":"closed","ping_status":"closed","template":"","meta":{"footnotes":""},"class_list":["post-1642","page","type-page","status-publish","hentry"],"yoast_head":"<!-- This site is optimized with the Yoast SEO plugin v27.5 - https:\/\/yoast.com\/product\/yoast-seo-wordpress\/ -->\n<title>Commodore 128 Anwenderhandbuch - Retrocomputing WHV<\/title>\n<meta name=\"robots\" content=\"index, follow, max-snippet:-1, max-image-preview:large, max-video-preview:-1\" \/>\n<link rel=\"canonical\" href=\"https:\/\/www.retrocomputing-whv.net\/?page_id=1642\" \/>\n<meta property=\"og:locale\" content=\"de_DE\" \/>\n<meta property=\"og:type\" content=\"article\" \/>\n<meta property=\"og:title\" content=\"Commodore 128 Anwenderhandbuch - Retrocomputing WHV\" \/>\n<meta property=\"og:description\" content=\"McGraw-Hill Book Company GmbH &#8211; Autor Peter Niemann1. Auflage &#8211; Erscheinungsjahr 1986 Dieses Handbuch zum neuen Commodore 128 bietet Ihnen alle notwendigen Informationen, diesen Computer zu Hause, am Arbeitsplatz oder zu schulischen Zwecken einzusetzen. Peter Niemann erkl\u00e4rt auf leicht verst\u00e4ndliche Weise Den Aufbau und die Inbetriebnahme des Commodore 128 Seine drei Betriebsarten Seine Programmierung in BASIC 7.0 Seine grafischen und\" \/>\n<meta property=\"og:url\" content=\"https:\/\/www.retrocomputing-whv.net\/?page_id=1642\" \/>\n<meta property=\"og:site_name\" content=\"Retrocomputing WHV\" \/>\n<meta property=\"article:modified_time\" content=\"2021-05-16T08:24:22+00:00\" \/>\n<meta property=\"og:image\" content=\"https:\/\/www.retrocomputing-whv.net\/wp-content\/uploads\/2021\/05\/McGraw-Hill-Commodore-128-Anwenderhandbuch_b-711x1024.jpg\" \/>\n<meta name=\"twitter:card\" content=\"summary_large_image\" \/>\n<meta name=\"twitter:label1\" content=\"Gesch\u00e4tzte Lesezeit\" \/>\n\t<meta name=\"twitter:data1\" content=\"1\u00a0Minute\" \/>\n<script type=\"application\/ld+json\" class=\"yoast-schema-graph\">{\"@context\":\"https:\\\/\\\/schema.org\",\"@graph\":[{\"@type\":\"WebPage\",\"@id\":\"https:\\\/\\\/www.retrocomputing-whv.net\\\/?page_id=1642\",\"url\":\"https:\\\/\\\/www.retrocomputing-whv.net\\\/?page_id=1642\",\"name\":\"Commodore 128 Anwenderhandbuch - Retrocomputing WHV\",\"isPartOf\":{\"@id\":\"https:\\\/\\\/www.retrocomputing-whv.net\\\/#website\"},\"primaryImageOfPage\":{\"@id\":\"https:\\\/\\\/www.retrocomputing-whv.net\\\/?page_id=1642#primaryimage\"},\"image\":{\"@id\":\"https:\\\/\\\/www.retrocomputing-whv.net\\\/?page_id=1642#primaryimage\"},\"thumbnailUrl\":\"https:\\\/\\\/www.retrocomputing-whv.net\\\/wp-content\\\/uploads\\\/2021\\\/05\\\/McGraw-Hill-Commodore-128-Anwenderhandbuch_b-711x1024.jpg\",\"datePublished\":\"2021-05-16T08:24:04+00:00\",\"dateModified\":\"2021-05-16T08:24:22+00:00\",\"breadcrumb\":{\"@id\":\"https:\\\/\\\/www.retrocomputing-whv.net\\\/?page_id=1642#breadcrumb\"},\"inLanguage\":\"de\",\"potentialAction\":[{\"@type\":\"ReadAction\",\"target\":[\"https:\\\/\\\/www.retrocomputing-whv.net\\\/?page_id=1642\"]}]},{\"@type\":\"ImageObject\",\"inLanguage\":\"de\",\"@id\":\"https:\\\/\\\/www.retrocomputing-whv.net\\\/?page_id=1642#primaryimage\",\"url\":\"https:\\\/\\\/www.retrocomputing-whv.net\\\/wp-content\\\/uploads\\\/2021\\\/05\\\/McGraw-Hill-Commodore-128-Anwenderhandbuch_b.jpg\",\"contentUrl\":\"https:\\\/\\\/www.retrocomputing-whv.net\\\/wp-content\\\/uploads\\\/2021\\\/05\\\/McGraw-Hill-Commodore-128-Anwenderhandbuch_b.jpg\",\"width\":1200,\"height\":1728,\"caption\":\"McGraw-Hill - Commodore 128 Anwenderhandbuch\"},{\"@type\":\"BreadcrumbList\",\"@id\":\"https:\\\/\\\/www.retrocomputing-whv.net\\\/?page_id=1642#breadcrumb\",\"itemListElement\":[{\"@type\":\"ListItem\",\"position\":1,\"name\":\"Startseite\",\"item\":\"https:\\\/\\\/www.retrocomputing-whv.net\\\/\"},{\"@type\":\"ListItem\",\"position\":2,\"name\":\"Literatur\",\"item\":\"https:\\\/\\\/www.retrocomputing-whv.net\\\/?page_id=105\"},{\"@type\":\"ListItem\",\"position\":3,\"name\":\"McGraw-Hill\",\"item\":\"https:\\\/\\\/www.retrocomputing-whv.net\\\/?page_id=1630\"},{\"@type\":\"ListItem\",\"position\":4,\"name\":\"Commodore 128 Anwenderhandbuch\"}]},{\"@type\":\"WebSite\",\"@id\":\"https:\\\/\\\/www.retrocomputing-whv.net\\\/#website\",\"url\":\"https:\\\/\\\/www.retrocomputing-whv.net\\\/\",\"name\":\"Retrocomputing WHV\",\"description\":\"\",\"publisher\":{\"@id\":\"https:\\\/\\\/www.retrocomputing-whv.net\\\/#organization\"},\"potentialAction\":[{\"@type\":\"SearchAction\",\"target\":{\"@type\":\"EntryPoint\",\"urlTemplate\":\"https:\\\/\\\/www.retrocomputing-whv.net\\\/?s={search_term_string}\"},\"query-input\":{\"@type\":\"PropertyValueSpecification\",\"valueRequired\":true,\"valueName\":\"search_term_string\"}}],\"inLanguage\":\"de\"},{\"@type\":\"Organization\",\"@id\":\"https:\\\/\\\/www.retrocomputing-whv.net\\\/#organization\",\"name\":\"Retrocomputing-WHV\",\"url\":\"https:\\\/\\\/www.retrocomputing-whv.net\\\/\",\"logo\":{\"@type\":\"ImageObject\",\"inLanguage\":\"de\",\"@id\":\"https:\\\/\\\/www.retrocomputing-whv.net\\\/#\\\/schema\\\/logo\\\/image\\\/\",\"url\":\"https:\\\/\\\/www.retrocomputing-whv.net\\\/wp-content\\\/uploads\\\/2020\\\/04\\\/Logo.png\",\"contentUrl\":\"https:\\\/\\\/www.retrocomputing-whv.net\\\/wp-content\\\/uploads\\\/2020\\\/04\\\/Logo.png\",\"width\":1340,\"height\":250,\"caption\":\"Retrocomputing-WHV\"},\"image\":{\"@id\":\"https:\\\/\\\/www.retrocomputing-whv.net\\\/#\\\/schema\\\/logo\\\/image\\\/\"}}]}<\/script>\n<!-- \/ Yoast SEO plugin. -->","yoast_head_json":{"title":"Commodore 128 Anwenderhandbuch - Retrocomputing WHV","robots":{"index":"index","follow":"follow","max-snippet":"max-snippet:-1","max-image-preview":"max-image-preview:large","max-video-preview":"max-video-preview:-1"},"canonical":"https:\/\/www.retrocomputing-whv.net\/?page_id=1642","og_locale":"de_DE","og_type":"article","og_title":"Commodore 128 Anwenderhandbuch - Retrocomputing WHV","og_description":"McGraw-Hill Book Company GmbH &#8211; Autor Peter Niemann1. Auflage &#8211; Erscheinungsjahr 1986 Dieses Handbuch zum neuen Commodore 128 bietet Ihnen alle notwendigen Informationen, diesen Computer zu Hause, am Arbeitsplatz oder zu schulischen Zwecken einzusetzen. Peter Niemann erkl\u00e4rt auf leicht verst\u00e4ndliche Weise Den Aufbau und die Inbetriebnahme des Commodore 128 Seine drei Betriebsarten Seine Programmierung in BASIC 7.0 Seine grafischen und","og_url":"https:\/\/www.retrocomputing-whv.net\/?page_id=1642","og_site_name":"Retrocomputing WHV","article_modified_time":"2021-05-16T08:24:22+00:00","og_image":[{"url":"https:\/\/www.retrocomputing-whv.net\/wp-content\/uploads\/2021\/05\/McGraw-Hill-Commodore-128-Anwenderhandbuch_b-711x1024.jpg","type":"","width":"","height":""}],"twitter_card":"summary_large_image","twitter_misc":{"Gesch\u00e4tzte Lesezeit":"1\u00a0Minute"},"schema":{"@context":"https:\/\/schema.org","@graph":[{"@type":"WebPage","@id":"https:\/\/www.retrocomputing-whv.net\/?page_id=1642","url":"https:\/\/www.retrocomputing-whv.net\/?page_id=1642","name":"Commodore 128 Anwenderhandbuch - Retrocomputing WHV","isPartOf":{"@id":"https:\/\/www.retrocomputing-whv.net\/#website"},"primaryImageOfPage":{"@id":"https:\/\/www.retrocomputing-whv.net\/?page_id=1642#primaryimage"},"image":{"@id":"https:\/\/www.retrocomputing-whv.net\/?page_id=1642#primaryimage"},"thumbnailUrl":"https:\/\/www.retrocomputing-whv.net\/wp-content\/uploads\/2021\/05\/McGraw-Hill-Commodore-128-Anwenderhandbuch_b-711x1024.jpg","datePublished":"2021-05-16T08:24:04+00:00","dateModified":"2021-05-16T08:24:22+00:00","breadcrumb":{"@id":"https:\/\/www.retrocomputing-whv.net\/?page_id=1642#breadcrumb"},"inLanguage":"de","potentialAction":[{"@type":"ReadAction","target":["https:\/\/www.retrocomputing-whv.net\/?page_id=1642"]}]},{"@type":"ImageObject","inLanguage":"de","@id":"https:\/\/www.retrocomputing-whv.net\/?page_id=1642#primaryimage","url":"https:\/\/www.retrocomputing-whv.net\/wp-content\/uploads\/2021\/05\/McGraw-Hill-Commodore-128-Anwenderhandbuch_b.jpg","contentUrl":"https:\/\/www.retrocomputing-whv.net\/wp-content\/uploads\/2021\/05\/McGraw-Hill-Commodore-128-Anwenderhandbuch_b.jpg","width":1200,"height":1728,"caption":"McGraw-Hill - Commodore 128 Anwenderhandbuch"},{"@type":"BreadcrumbList","@id":"https:\/\/www.retrocomputing-whv.net\/?page_id=1642#breadcrumb","itemListElement":[{"@type":"ListItem","position":1,"name":"Startseite","item":"https:\/\/www.retrocomputing-whv.net\/"},{"@type":"ListItem","position":2,"name":"Literatur","item":"https:\/\/www.retrocomputing-whv.net\/?page_id=105"},{"@type":"ListItem","position":3,"name":"McGraw-Hill","item":"https:\/\/www.retrocomputing-whv.net\/?page_id=1630"},{"@type":"ListItem","position":4,"name":"Commodore 128 Anwenderhandbuch"}]},{"@type":"WebSite","@id":"https:\/\/www.retrocomputing-whv.net\/#website","url":"https:\/\/www.retrocomputing-whv.net\/","name":"Retrocomputing WHV","description":"","publisher":{"@id":"https:\/\/www.retrocomputing-whv.net\/#organization"},"potentialAction":[{"@type":"SearchAction","target":{"@type":"EntryPoint","urlTemplate":"https:\/\/www.retrocomputing-whv.net\/?s={search_term_string}"},"query-input":{"@type":"PropertyValueSpecification","valueRequired":true,"valueName":"search_term_string"}}],"inLanguage":"de"},{"@type":"Organization","@id":"https:\/\/www.retrocomputing-whv.net\/#organization","name":"Retrocomputing-WHV","url":"https:\/\/www.retrocomputing-whv.net\/","logo":{"@type":"ImageObject","inLanguage":"de","@id":"https:\/\/www.retrocomputing-whv.net\/#\/schema\/logo\/image\/","url":"https:\/\/www.retrocomputing-whv.net\/wp-content\/uploads\/2020\/04\/Logo.png","contentUrl":"https:\/\/www.retrocomputing-whv.net\/wp-content\/uploads\/2020\/04\/Logo.png","width":1340,"height":250,"caption":"Retrocomputing-WHV"},"image":{"@id":"https:\/\/www.retrocomputing-whv.net\/#\/schema\/logo\/image\/"}}]}},"_links":{"self":[{"href":"https:\/\/www.retrocomputing-whv.net\/index.php?rest_route=\/wp\/v2\/pages\/1642","targetHints":{"allow":["GET"]}}],"collection":[{"href":"https:\/\/www.retrocomputing-whv.net\/index.php?rest_route=\/wp\/v2\/pages"}],"about":[{"href":"https:\/\/www.retrocomputing-whv.net\/index.php?rest_route=\/wp\/v2\/types\/page"}],"author":[{"embeddable":true,"href":"https:\/\/www.retrocomputing-whv.net\/index.php?rest_route=\/wp\/v2\/users\/1"}],"replies":[{"embeddable":true,"href":"https:\/\/www.retrocomputing-whv.net\/index.php?rest_route=%2Fwp%2Fv2%2Fcomments&post=1642"}],"version-history":[{"count":1,"href":"https:\/\/www.retrocomputing-whv.net\/index.php?rest_route=\/wp\/v2\/pages\/1642\/revisions"}],"predecessor-version":[{"id":1643,"href":"https:\/\/www.retrocomputing-whv.net\/index.php?rest_route=\/wp\/v2\/pages\/1642\/revisions\/1643"}],"up":[{"embeddable":true,"href":"https:\/\/www.retrocomputing-whv.net\/index.php?rest_route=\/wp\/v2\/pages\/1630"}],"wp:attachment":[{"href":"https:\/\/www.retrocomputing-whv.net\/index.php?rest_route=%2Fwp%2Fv2%2Fmedia&parent=1642"}],"curies":[{"name":"wp","href":"https:\/\/api.w.org\/{rel}","templated":true}]}}