{"id":1644,"date":"2021-05-16T10:37:45","date_gmt":"2021-05-16T08:37:45","guid":{"rendered":"https:\/\/www.retrocomputing-whv.net\/?page_id=1644"},"modified":"2021-05-16T10:38:00","modified_gmt":"2021-05-16T08:38:00","slug":"3010-basic-computer-spiele-band-2","status":"publish","type":"page","link":"https:\/\/www.retrocomputing-whv.net\/?page_id=1644","title":{"rendered":"3010 &#8211; BASIC Computer Spiele &#8211; Band 2"},"content":{"rendered":"\n<figure class=\"wp-block-image size-large\"><img loading=\"lazy\" decoding=\"async\" width=\"774\" height=\"1024\" src=\"https:\/\/www.retrocomputing-whv.net\/wp-content\/uploads\/2021\/05\/SYBEX-3010-BASIC-Computerspiele-Band-2_b-774x1024.jpg\" alt=\"SYBEX 3010 - BASIC Computerspiele Band 2\" class=\"wp-image-1617\" srcset=\"https:\/\/www.retrocomputing-whv.net\/wp-content\/uploads\/2021\/05\/SYBEX-3010-BASIC-Computerspiele-Band-2_b-774x1024.jpg 774w, https:\/\/www.retrocomputing-whv.net\/wp-content\/uploads\/2021\/05\/SYBEX-3010-BASIC-Computerspiele-Band-2_b-227x300.jpg 227w, https:\/\/www.retrocomputing-whv.net\/wp-content\/uploads\/2021\/05\/SYBEX-3010-BASIC-Computerspiele-Band-2_b-768x1016.jpg 768w, https:\/\/www.retrocomputing-whv.net\/wp-content\/uploads\/2021\/05\/SYBEX-3010-BASIC-Computerspiele-Band-2_b-1161x1536.jpg 1161w, https:\/\/www.retrocomputing-whv.net\/wp-content\/uploads\/2021\/05\/SYBEX-3010-BASIC-Computerspiele-Band-2_b.jpg 1200w\" sizes=\"auto, (max-width: 774px) 100vw, 774px\" \/><\/figure>\n\n\n\n<p>SYBEX &#8211; Nr. 3010 &#8211; Autor David H. Ahl<br>4. Auflage &#8211;  Erscheinungsjahr 1983 &#8211; ISBN 3-88745-010-4<\/p>\n\n\n\n<p>Das MIKRO-Vergn\u00fcgen von SYBEX<br>BASIC Computer Spiele Band 2<\/p>\n\n\n\n<p>\u2026 noch mehr aus David Ahl\u00b4s Sammlung von BASIC Computer Spielen. Ganze 84 Programme, die zum Eingeben und Spielen auffordern.<br>Viel Spa\u00df mit Kamel, Konvoi, Eliza, Raumtiefe, Seeschlacht, Nomade, Million\u00e4r oder Wumpus, das Spiel, das \u00fcber mehr Bildschirme flimmerte, mehr Elektrizit\u00e4t und Hirnkraft verbrauchte, mehr schlaflose N\u00e4chte verursachte als alle anderen. Wer kennt Wumpus und hat \u00fcberlebt? Wer kann Wumpus beschreiben?<\/p>\n\n\n\n<p>Alle Spiele mit kompletten Programmlisting, einem Probelauf und einer Beschreibung. Alle Spiele in Standard Microsoft-BASIC geschrieben.<\/p>\n\n\n\n<figure class=\"wp-block-image size-large\"><a href=\"https:\/\/www.retrocomputing-whv.net\/?page_id=1362\"><img loading=\"lazy\" decoding=\"async\" width=\"256\" height=\"136\" src=\"https:\/\/www.retrocomputing-whv.net\/wp-content\/uploads\/2020\/08\/Backspace.jpg\" alt=\"Backspace\" class=\"wp-image-681\"\/><\/a><\/figure>\n","protected":false},"excerpt":{"rendered":"<p>SYBEX &#8211; Nr. 3010 &#8211; Autor David H. Ahl4. Auflage &#8211; Erscheinungsjahr 1983 &#8211; ISBN 3-88745-010-4 Das MIKRO-Vergn\u00fcgen von SYBEXBASIC Computer Spiele Band 2 \u2026 noch mehr aus David Ahl\u00b4s Sammlung von BASIC Computer Spielen. Ganze 84 Programme, die zum Eingeben und Spielen auffordern.Viel Spa\u00df mit Kamel, Konvoi, Eliza, Raumtiefe, Seeschlacht, Nomade, Million\u00e4r oder Wumpus, das Spiel, das \u00fcber mehr<\/p>\n","protected":false},"author":1,"featured_media":0,"parent":1362,"menu_order":0,"comment_status":"closed","ping_status":"closed","template":"","meta":{"footnotes":""},"class_list":["post-1644","page","type-page","status-publish","hentry"],"yoast_head":"<!-- This site is optimized with the Yoast SEO plugin v27.6 - https:\/\/yoast.com\/product\/yoast-seo-wordpress\/ -->\n<title>3010 - BASIC Computer Spiele - Band 2 - Retrocomputing WHV<\/title>\n<meta name=\"robots\" content=\"index, follow, max-snippet:-1, max-image-preview:large, max-video-preview:-1\" \/>\n<link rel=\"canonical\" href=\"https:\/\/www.retrocomputing-whv.net\/?page_id=1644\" \/>\n<meta property=\"og:locale\" content=\"de_DE\" \/>\n<meta property=\"og:type\" content=\"article\" \/>\n<meta property=\"og:title\" content=\"3010 - BASIC Computer Spiele - Band 2 - Retrocomputing WHV\" \/>\n<meta property=\"og:description\" content=\"SYBEX &#8211; Nr. 3010 &#8211; Autor David H. Ahl4. Auflage &#8211; Erscheinungsjahr 1983 &#8211; ISBN 3-88745-010-4 Das MIKRO-Vergn\u00fcgen von SYBEXBASIC Computer Spiele Band 2 \u2026 noch mehr aus David Ahl\u00b4s Sammlung von BASIC Computer Spielen. Ganze 84 Programme, die zum Eingeben und Spielen auffordern.Viel Spa\u00df mit Kamel, Konvoi, Eliza, Raumtiefe, Seeschlacht, Nomade, Million\u00e4r oder Wumpus, das Spiel, das \u00fcber mehr\" \/>\n<meta property=\"og:url\" content=\"https:\/\/www.retrocomputing-whv.net\/?page_id=1644\" \/>\n<meta property=\"og:site_name\" content=\"Retrocomputing WHV\" \/>\n<meta property=\"article:modified_time\" content=\"2021-05-16T08:38:00+00:00\" \/>\n<meta property=\"og:image\" content=\"https:\/\/www.retrocomputing-whv.net\/wp-content\/uploads\/2021\/05\/SYBEX-3010-BASIC-Computerspiele-Band-2_b-774x1024.jpg\" \/>\n<meta name=\"twitter:card\" content=\"summary_large_image\" \/>\n<meta name=\"twitter:label1\" content=\"Gesch\u00e4tzte Lesezeit\" \/>\n\t<meta name=\"twitter:data1\" content=\"1\u00a0Minute\" \/>\n<script type=\"application\/ld+json\" class=\"yoast-schema-graph\">{\"@context\":\"https:\\\/\\\/schema.org\",\"@graph\":[{\"@type\":\"WebPage\",\"@id\":\"https:\\\/\\\/www.retrocomputing-whv.net\\\/?page_id=1644\",\"url\":\"https:\\\/\\\/www.retrocomputing-whv.net\\\/?page_id=1644\",\"name\":\"3010 - BASIC Computer Spiele - Band 2 - Retrocomputing WHV\",\"isPartOf\":{\"@id\":\"https:\\\/\\\/www.retrocomputing-whv.net\\\/#website\"},\"primaryImageOfPage\":{\"@id\":\"https:\\\/\\\/www.retrocomputing-whv.net\\\/?page_id=1644#primaryimage\"},\"image\":{\"@id\":\"https:\\\/\\\/www.retrocomputing-whv.net\\\/?page_id=1644#primaryimage\"},\"thumbnailUrl\":\"https:\\\/\\\/www.retrocomputing-whv.net\\\/wp-content\\\/uploads\\\/2021\\\/05\\\/SYBEX-3010-BASIC-Computerspiele-Band-2_b-774x1024.jpg\",\"datePublished\":\"2021-05-16T08:37:45+00:00\",\"dateModified\":\"2021-05-16T08:38:00+00:00\",\"breadcrumb\":{\"@id\":\"https:\\\/\\\/www.retrocomputing-whv.net\\\/?page_id=1644#breadcrumb\"},\"inLanguage\":\"de\",\"potentialAction\":[{\"@type\":\"ReadAction\",\"target\":[\"https:\\\/\\\/www.retrocomputing-whv.net\\\/?page_id=1644\"]}]},{\"@type\":\"ImageObject\",\"inLanguage\":\"de\",\"@id\":\"https:\\\/\\\/www.retrocomputing-whv.net\\\/?page_id=1644#primaryimage\",\"url\":\"https:\\\/\\\/www.retrocomputing-whv.net\\\/wp-content\\\/uploads\\\/2021\\\/05\\\/SYBEX-3010-BASIC-Computerspiele-Band-2_b.jpg\",\"contentUrl\":\"https:\\\/\\\/www.retrocomputing-whv.net\\\/wp-content\\\/uploads\\\/2021\\\/05\\\/SYBEX-3010-BASIC-Computerspiele-Band-2_b.jpg\",\"width\":1200,\"height\":1587,\"caption\":\"SYBEX 3010 - BASIC Computerspiele Band 2\"},{\"@type\":\"BreadcrumbList\",\"@id\":\"https:\\\/\\\/www.retrocomputing-whv.net\\\/?page_id=1644#breadcrumb\",\"itemListElement\":[{\"@type\":\"ListItem\",\"position\":1,\"name\":\"Startseite\",\"item\":\"https:\\\/\\\/www.retrocomputing-whv.net\\\/\"},{\"@type\":\"ListItem\",\"position\":2,\"name\":\"Literatur\",\"item\":\"https:\\\/\\\/www.retrocomputing-whv.net\\\/?page_id=105\"},{\"@type\":\"ListItem\",\"position\":3,\"name\":\"SYBEX\",\"item\":\"https:\\\/\\\/www.retrocomputing-whv.net\\\/?page_id=1362\"},{\"@type\":\"ListItem\",\"position\":4,\"name\":\"3010 &#8211; BASIC Computer Spiele &#8211; Band 2\"}]},{\"@type\":\"WebSite\",\"@id\":\"https:\\\/\\\/www.retrocomputing-whv.net\\\/#website\",\"url\":\"https:\\\/\\\/www.retrocomputing-whv.net\\\/\",\"name\":\"Retrocomputing WHV\",\"description\":\"\",\"publisher\":{\"@id\":\"https:\\\/\\\/www.retrocomputing-whv.net\\\/#organization\"},\"potentialAction\":[{\"@type\":\"SearchAction\",\"target\":{\"@type\":\"EntryPoint\",\"urlTemplate\":\"https:\\\/\\\/www.retrocomputing-whv.net\\\/?s={search_term_string}\"},\"query-input\":{\"@type\":\"PropertyValueSpecification\",\"valueRequired\":true,\"valueName\":\"search_term_string\"}}],\"inLanguage\":\"de\"},{\"@type\":\"Organization\",\"@id\":\"https:\\\/\\\/www.retrocomputing-whv.net\\\/#organization\",\"name\":\"Retrocomputing-WHV\",\"url\":\"https:\\\/\\\/www.retrocomputing-whv.net\\\/\",\"logo\":{\"@type\":\"ImageObject\",\"inLanguage\":\"de\",\"@id\":\"https:\\\/\\\/www.retrocomputing-whv.net\\\/#\\\/schema\\\/logo\\\/image\\\/\",\"url\":\"https:\\\/\\\/www.retrocomputing-whv.net\\\/wp-content\\\/uploads\\\/2020\\\/04\\\/Logo.png\",\"contentUrl\":\"https:\\\/\\\/www.retrocomputing-whv.net\\\/wp-content\\\/uploads\\\/2020\\\/04\\\/Logo.png\",\"width\":1340,\"height\":250,\"caption\":\"Retrocomputing-WHV\"},\"image\":{\"@id\":\"https:\\\/\\\/www.retrocomputing-whv.net\\\/#\\\/schema\\\/logo\\\/image\\\/\"}}]}<\/script>\n<!-- \/ Yoast SEO plugin. -->","yoast_head_json":{"title":"3010 - BASIC Computer Spiele - Band 2 - Retrocomputing WHV","robots":{"index":"index","follow":"follow","max-snippet":"max-snippet:-1","max-image-preview":"max-image-preview:large","max-video-preview":"max-video-preview:-1"},"canonical":"https:\/\/www.retrocomputing-whv.net\/?page_id=1644","og_locale":"de_DE","og_type":"article","og_title":"3010 - BASIC Computer Spiele - Band 2 - Retrocomputing WHV","og_description":"SYBEX &#8211; Nr. 3010 &#8211; Autor David H. Ahl4. Auflage &#8211; Erscheinungsjahr 1983 &#8211; ISBN 3-88745-010-4 Das MIKRO-Vergn\u00fcgen von SYBEXBASIC Computer Spiele Band 2 \u2026 noch mehr aus David Ahl\u00b4s Sammlung von BASIC Computer Spielen. Ganze 84 Programme, die zum Eingeben und Spielen auffordern.Viel Spa\u00df mit Kamel, Konvoi, Eliza, Raumtiefe, Seeschlacht, Nomade, Million\u00e4r oder Wumpus, das Spiel, das \u00fcber mehr","og_url":"https:\/\/www.retrocomputing-whv.net\/?page_id=1644","og_site_name":"Retrocomputing WHV","article_modified_time":"2021-05-16T08:38:00+00:00","og_image":[{"url":"https:\/\/www.retrocomputing-whv.net\/wp-content\/uploads\/2021\/05\/SYBEX-3010-BASIC-Computerspiele-Band-2_b-774x1024.jpg","type":"","width":"","height":""}],"twitter_card":"summary_large_image","twitter_misc":{"Gesch\u00e4tzte Lesezeit":"1\u00a0Minute"},"schema":{"@context":"https:\/\/schema.org","@graph":[{"@type":"WebPage","@id":"https:\/\/www.retrocomputing-whv.net\/?page_id=1644","url":"https:\/\/www.retrocomputing-whv.net\/?page_id=1644","name":"3010 - BASIC Computer Spiele - Band 2 - Retrocomputing WHV","isPartOf":{"@id":"https:\/\/www.retrocomputing-whv.net\/#website"},"primaryImageOfPage":{"@id":"https:\/\/www.retrocomputing-whv.net\/?page_id=1644#primaryimage"},"image":{"@id":"https:\/\/www.retrocomputing-whv.net\/?page_id=1644#primaryimage"},"thumbnailUrl":"https:\/\/www.retrocomputing-whv.net\/wp-content\/uploads\/2021\/05\/SYBEX-3010-BASIC-Computerspiele-Band-2_b-774x1024.jpg","datePublished":"2021-05-16T08:37:45+00:00","dateModified":"2021-05-16T08:38:00+00:00","breadcrumb":{"@id":"https:\/\/www.retrocomputing-whv.net\/?page_id=1644#breadcrumb"},"inLanguage":"de","potentialAction":[{"@type":"ReadAction","target":["https:\/\/www.retrocomputing-whv.net\/?page_id=1644"]}]},{"@type":"ImageObject","inLanguage":"de","@id":"https:\/\/www.retrocomputing-whv.net\/?page_id=1644#primaryimage","url":"https:\/\/www.retrocomputing-whv.net\/wp-content\/uploads\/2021\/05\/SYBEX-3010-BASIC-Computerspiele-Band-2_b.jpg","contentUrl":"https:\/\/www.retrocomputing-whv.net\/wp-content\/uploads\/2021\/05\/SYBEX-3010-BASIC-Computerspiele-Band-2_b.jpg","width":1200,"height":1587,"caption":"SYBEX 3010 - BASIC Computerspiele Band 2"},{"@type":"BreadcrumbList","@id":"https:\/\/www.retrocomputing-whv.net\/?page_id=1644#breadcrumb","itemListElement":[{"@type":"ListItem","position":1,"name":"Startseite","item":"https:\/\/www.retrocomputing-whv.net\/"},{"@type":"ListItem","position":2,"name":"Literatur","item":"https:\/\/www.retrocomputing-whv.net\/?page_id=105"},{"@type":"ListItem","position":3,"name":"SYBEX","item":"https:\/\/www.retrocomputing-whv.net\/?page_id=1362"},{"@type":"ListItem","position":4,"name":"3010 &#8211; BASIC Computer Spiele &#8211; Band 2"}]},{"@type":"WebSite","@id":"https:\/\/www.retrocomputing-whv.net\/#website","url":"https:\/\/www.retrocomputing-whv.net\/","name":"Retrocomputing WHV","description":"","publisher":{"@id":"https:\/\/www.retrocomputing-whv.net\/#organization"},"potentialAction":[{"@type":"SearchAction","target":{"@type":"EntryPoint","urlTemplate":"https:\/\/www.retrocomputing-whv.net\/?s={search_term_string}"},"query-input":{"@type":"PropertyValueSpecification","valueRequired":true,"valueName":"search_term_string"}}],"inLanguage":"de"},{"@type":"Organization","@id":"https:\/\/www.retrocomputing-whv.net\/#organization","name":"Retrocomputing-WHV","url":"https:\/\/www.retrocomputing-whv.net\/","logo":{"@type":"ImageObject","inLanguage":"de","@id":"https:\/\/www.retrocomputing-whv.net\/#\/schema\/logo\/image\/","url":"https:\/\/www.retrocomputing-whv.net\/wp-content\/uploads\/2020\/04\/Logo.png","contentUrl":"https:\/\/www.retrocomputing-whv.net\/wp-content\/uploads\/2020\/04\/Logo.png","width":1340,"height":250,"caption":"Retrocomputing-WHV"},"image":{"@id":"https:\/\/www.retrocomputing-whv.net\/#\/schema\/logo\/image\/"}}]}},"_links":{"self":[{"href":"https:\/\/www.retrocomputing-whv.net\/index.php?rest_route=\/wp\/v2\/pages\/1644","targetHints":{"allow":["GET"]}}],"collection":[{"href":"https:\/\/www.retrocomputing-whv.net\/index.php?rest_route=\/wp\/v2\/pages"}],"about":[{"href":"https:\/\/www.retrocomputing-whv.net\/index.php?rest_route=\/wp\/v2\/types\/page"}],"author":[{"embeddable":true,"href":"https:\/\/www.retrocomputing-whv.net\/index.php?rest_route=\/wp\/v2\/users\/1"}],"replies":[{"embeddable":true,"href":"https:\/\/www.retrocomputing-whv.net\/index.php?rest_route=%2Fwp%2Fv2%2Fcomments&post=1644"}],"version-history":[{"count":1,"href":"https:\/\/www.retrocomputing-whv.net\/index.php?rest_route=\/wp\/v2\/pages\/1644\/revisions"}],"predecessor-version":[{"id":1645,"href":"https:\/\/www.retrocomputing-whv.net\/index.php?rest_route=\/wp\/v2\/pages\/1644\/revisions\/1645"}],"up":[{"embeddable":true,"href":"https:\/\/www.retrocomputing-whv.net\/index.php?rest_route=\/wp\/v2\/pages\/1362"}],"wp:attachment":[{"href":"https:\/\/www.retrocomputing-whv.net\/index.php?rest_route=%2Fwp%2Fv2%2Fmedia&parent=1644"}],"curies":[{"name":"wp","href":"https:\/\/api.w.org\/{rel}","templated":true}]}}