{"id":1656,"date":"2021-05-16T11:50:37","date_gmt":"2021-05-16T09:50:37","guid":{"rendered":"https:\/\/www.retrocomputing-whv.net\/?page_id=1656"},"modified":"2021-05-16T11:50:56","modified_gmt":"2021-05-16T09:50:56","slug":"mega-pack-1-fuer-geos-64-und-geos-128","status":"publish","type":"page","link":"https:\/\/www.retrocomputing-whv.net\/?page_id=1656","title":{"rendered":"Mega Pack 1 f\u00fcr GEOS 64 und GEOS 128"},"content":{"rendered":"\n<figure class=\"wp-block-image size-large\"><img loading=\"lazy\" decoding=\"async\" width=\"711\" height=\"1024\" src=\"https:\/\/www.retrocomputing-whv.net\/wp-content\/uploads\/2021\/05\/Markt-und-Technik-Mega-Pack-1_b-711x1024.jpg\" alt=\"Markt und Technik - Mega Pack 1\" class=\"wp-image-1599\" srcset=\"https:\/\/www.retrocomputing-whv.net\/wp-content\/uploads\/2021\/05\/Markt-und-Technik-Mega-Pack-1_b-711x1024.jpg 711w, https:\/\/www.retrocomputing-whv.net\/wp-content\/uploads\/2021\/05\/Markt-und-Technik-Mega-Pack-1_b-208x300.jpg 208w, https:\/\/www.retrocomputing-whv.net\/wp-content\/uploads\/2021\/05\/Markt-und-Technik-Mega-Pack-1_b-768x1106.jpg 768w, https:\/\/www.retrocomputing-whv.net\/wp-content\/uploads\/2021\/05\/Markt-und-Technik-Mega-Pack-1_b-1067x1536.jpg 1067w, https:\/\/www.retrocomputing-whv.net\/wp-content\/uploads\/2021\/05\/Markt-und-Technik-Mega-Pack-1_b.jpg 1200w\" sizes=\"auto, (max-width: 711px) 100vw, 711px\" \/><\/figure>\n\n\n\n<p>Markt und Technik &#8211; Autor Florian M\u00fcller<br>1. Auflage &#8211;  Erscheinungsjahr 1989 &#8211; ISBN 3-89090-772-5<\/p>\n\n\n\n<p>Kaum eine Software ist so vielseitig wie GEOS f\u00fcr den C64 und C128. Das GEOS Mega Pack 1 ist eine n\u00fctzliche Erg\u00e4nzung Ihres GEOS-Systems. Ob Sie nur das GEOS-Grundsystem besitzen oder mehrere Applikationen einsetzen: Die Programme des Mega Pack 1 sind vielseitig verwendbar. Auf drei Disketten befinden sich Dateien von einer Gesamtl\u00e4nge von ca. 1 Mbyte; diese Dateien sind mit allen GEOS-Versionen verwendbar \u2013 ob es sich nun um GEOS f\u00fcr den C64 oder C128 handelt. Mit GEOS 128 arbeiten die Programme des Mega Pack 1 im 80-Zeichen-Modus.<\/p>\n\n\n\n<p><strong>Die Grafikbibliothek<\/strong><br>Sie erhalten eine Sammlung von 250 handlichen Kleingrafiken \u2013 Aussuchen, Einkleben, fertig! Die Grafiken sind detailliert gezeichnet und bieten eine Auswahl zu den unterschiedlichsten Themengebieten. Ob Sie eine Autografik, ein Sportsymbol oder eine andere Zeichnung ben\u00f6tigen: hier finden Sie alles, um Ihre GeoWrite-Texte oder GeoPaint-Dokumente zu versch\u00f6nern.<\/p>\n\n\n\n<p><strong>Die Zeichens\u00e4tze<\/strong><br>Die Zeichensatzsammlung enth\u00e4lt ca. 190 verschiedene Schriftmuster und -gr\u00f6\u00dfen, die auf 89 GEOS-Zeichens\u00e4tze verteilt wurden. Alle Schriftarten enthalten die deutschen Umlaute. Sogar Morse-, Spiegel- und Querschrift sind vorhanden.<\/p>\n\n\n\n<p><strong>Der Bitmap Converter 2.0<\/strong><br>Mit diesem Programm lassen Sie Bitmap-Grafiken aus bekannten Zeichenprogrammen wie Hi-Eddi, EGA, Koala-Painter, Doodle Blazing Paddles u.a. in das GEOS-Format konvertieren. Damit erweitern Sie Ihre GEOS-Grafikbibliothek um ein Vielfaches.<\/p>\n\n\n\n<p><strong>Der Font Converter<\/strong><br>Jetzt stehen Ihnen s\u00e4mtliche Printfox-Zeichens\u00e4tze auch unter GEOS zur Verf\u00fcgung, denn mit dem Font Converter ist die Konvertierung in das GEOS-Format kein Problem mehr.<\/p>\n\n\n\n<p><strong>Der Printer Creator<\/strong><br>Dieses Druckeranpassungsprogramm erm\u00f6glicht es, Grafik-Druckertreiber f\u00fcr 9-Nadel-Drucker mit Commodore-Interface (z.B. STAR NL-10) zu erstellen. Genau wie GEOS arbeitet das Programm mit Pull-down-Men\u00fcs. Damit k\u00f6nnen Sie Ihren Drucker f\u00fcr optimale Ausdrucke anpassen.<\/p>\n\n\n\n<p><strong>Das Handbuch<\/strong><br>Die ausf\u00fchrliche und leichtverst\u00e4ndliche Dokumentation enth\u00e4lt viele Abbildungen und Tipps zu den einzelnen Programmen. Die Grafiken und Zeichens\u00e4tze sind vollst\u00e4ndig und in Originalgr\u00f6\u00dfe abgebildet. Dies macht die Auswahl einfach und \u00fcbersichtlich.<\/p>\n\n\n\n<p>Das Mega Pack 1 und GEOS-Applikationen<br>Die Programme des Mega Pack 1 sind eine gute Erg\u00e4nzung zu folgenden GEOS-Applikationen:<\/p>\n\n\n\n<ul class=\"wp-block-list\"><li>GeoPaint, GeoWrite und GeoWrite 2.1 (aus den GEOS-Grundsystemen f\u00fcr C64 und C128)<\/li><li>GeoWrite Workshop 64 und 128<\/li><li>GeoPublish<\/li><li>GeoFile 64 und 128<\/li><li>GeoChart<\/li><li>GeoProgrammer<\/li><\/ul>\n\n\n\n<p><strong>Hardware-Anforderung:<\/strong><br>Commodore 64 oder 128 mit jeder GEOS-Konfiguration<\/p>\n\n\n\n<p><strong>Software-Anforderung:<\/strong><br>Beliebige Version von GEOS 64 oder GEOS 128, deutsch<\/p>\n\n\n\n<figure class=\"wp-block-image size-large\"><a href=\"https:\/\/www.retrocomputing-whv.net\/?page_id=1411\"><img loading=\"lazy\" decoding=\"async\" width=\"256\" height=\"136\" src=\"https:\/\/www.retrocomputing-whv.net\/wp-content\/uploads\/2020\/08\/Backspace.jpg\" alt=\"Backspace\" class=\"wp-image-681\"\/><\/a><\/figure>\n","protected":false},"excerpt":{"rendered":"<p>Markt und Technik &#8211; Autor Florian M\u00fcller1. Auflage &#8211; Erscheinungsjahr 1989 &#8211; ISBN 3-89090-772-5 Kaum eine Software ist so vielseitig wie GEOS f\u00fcr den C64 und C128. Das GEOS Mega Pack 1 ist eine n\u00fctzliche Erg\u00e4nzung Ihres GEOS-Systems. Ob Sie nur das GEOS-Grundsystem besitzen oder mehrere Applikationen einsetzen: Die Programme des Mega Pack 1 sind vielseitig verwendbar. Auf drei Disketten<\/p>\n","protected":false},"author":1,"featured_media":0,"parent":1411,"menu_order":0,"comment_status":"closed","ping_status":"closed","template":"","meta":{"footnotes":""},"class_list":["post-1656","page","type-page","status-publish","hentry"],"yoast_head":"<!-- This site is optimized with the Yoast SEO plugin v27.3 - https:\/\/yoast.com\/product\/yoast-seo-wordpress\/ -->\n<title>Mega Pack 1 f\u00fcr GEOS 64 und GEOS 128 - Retrocomputing WHV<\/title>\n<meta name=\"robots\" content=\"index, follow, max-snippet:-1, max-image-preview:large, max-video-preview:-1\" \/>\n<link rel=\"canonical\" href=\"https:\/\/www.retrocomputing-whv.net\/?page_id=1656\" \/>\n<meta property=\"og:locale\" content=\"de_DE\" \/>\n<meta property=\"og:type\" content=\"article\" \/>\n<meta property=\"og:title\" content=\"Mega Pack 1 f\u00fcr GEOS 64 und GEOS 128 - Retrocomputing WHV\" \/>\n<meta property=\"og:description\" content=\"Markt und Technik &#8211; Autor Florian M\u00fcller1. Auflage &#8211; Erscheinungsjahr 1989 &#8211; ISBN 3-89090-772-5 Kaum eine Software ist so vielseitig wie GEOS f\u00fcr den C64 und C128. Das GEOS Mega Pack 1 ist eine n\u00fctzliche Erg\u00e4nzung Ihres GEOS-Systems. Ob Sie nur das GEOS-Grundsystem besitzen oder mehrere Applikationen einsetzen: Die Programme des Mega Pack 1 sind vielseitig verwendbar. Auf drei Disketten\" \/>\n<meta property=\"og:url\" content=\"https:\/\/www.retrocomputing-whv.net\/?page_id=1656\" \/>\n<meta property=\"og:site_name\" content=\"Retrocomputing WHV\" \/>\n<meta property=\"article:modified_time\" content=\"2021-05-16T09:50:56+00:00\" \/>\n<meta property=\"og:image\" content=\"https:\/\/www.retrocomputing-whv.net\/wp-content\/uploads\/2021\/05\/Markt-und-Technik-Mega-Pack-1_b-711x1024.jpg\" \/>\n<meta name=\"twitter:card\" content=\"summary_large_image\" \/>\n<meta name=\"twitter:label1\" content=\"Gesch\u00e4tzte Lesezeit\" \/>\n\t<meta name=\"twitter:data1\" content=\"3\u00a0Minuten\" \/>\n<script type=\"application\/ld+json\" class=\"yoast-schema-graph\">{\"@context\":\"https:\\\/\\\/schema.org\",\"@graph\":[{\"@type\":\"WebPage\",\"@id\":\"https:\\\/\\\/www.retrocomputing-whv.net\\\/?page_id=1656\",\"url\":\"https:\\\/\\\/www.retrocomputing-whv.net\\\/?page_id=1656\",\"name\":\"Mega Pack 1 f\u00fcr GEOS 64 und GEOS 128 - Retrocomputing WHV\",\"isPartOf\":{\"@id\":\"https:\\\/\\\/www.retrocomputing-whv.net\\\/#website\"},\"primaryImageOfPage\":{\"@id\":\"https:\\\/\\\/www.retrocomputing-whv.net\\\/?page_id=1656#primaryimage\"},\"image\":{\"@id\":\"https:\\\/\\\/www.retrocomputing-whv.net\\\/?page_id=1656#primaryimage\"},\"thumbnailUrl\":\"https:\\\/\\\/www.retrocomputing-whv.net\\\/wp-content\\\/uploads\\\/2021\\\/05\\\/Markt-und-Technik-Mega-Pack-1_b-711x1024.jpg\",\"datePublished\":\"2021-05-16T09:50:37+00:00\",\"dateModified\":\"2021-05-16T09:50:56+00:00\",\"breadcrumb\":{\"@id\":\"https:\\\/\\\/www.retrocomputing-whv.net\\\/?page_id=1656#breadcrumb\"},\"inLanguage\":\"de\",\"potentialAction\":[{\"@type\":\"ReadAction\",\"target\":[\"https:\\\/\\\/www.retrocomputing-whv.net\\\/?page_id=1656\"]}]},{\"@type\":\"ImageObject\",\"inLanguage\":\"de\",\"@id\":\"https:\\\/\\\/www.retrocomputing-whv.net\\\/?page_id=1656#primaryimage\",\"url\":\"https:\\\/\\\/www.retrocomputing-whv.net\\\/wp-content\\\/uploads\\\/2021\\\/05\\\/Markt-und-Technik-Mega-Pack-1_b.jpg\",\"contentUrl\":\"https:\\\/\\\/www.retrocomputing-whv.net\\\/wp-content\\\/uploads\\\/2021\\\/05\\\/Markt-und-Technik-Mega-Pack-1_b.jpg\",\"width\":1200,\"height\":1728,\"caption\":\"Markt und Technik - Mega Pack 1\"},{\"@type\":\"BreadcrumbList\",\"@id\":\"https:\\\/\\\/www.retrocomputing-whv.net\\\/?page_id=1656#breadcrumb\",\"itemListElement\":[{\"@type\":\"ListItem\",\"position\":1,\"name\":\"Startseite\",\"item\":\"https:\\\/\\\/www.retrocomputing-whv.net\\\/\"},{\"@type\":\"ListItem\",\"position\":2,\"name\":\"Literatur\",\"item\":\"https:\\\/\\\/www.retrocomputing-whv.net\\\/?page_id=105\"},{\"@type\":\"ListItem\",\"position\":3,\"name\":\"Markt &#038; Technik\",\"item\":\"https:\\\/\\\/www.retrocomputing-whv.net\\\/?page_id=1170\"},{\"@type\":\"ListItem\",\"position\":4,\"name\":\"Commodore 128\",\"item\":\"https:\\\/\\\/www.retrocomputing-whv.net\\\/?page_id=1411\"},{\"@type\":\"ListItem\",\"position\":5,\"name\":\"Mega Pack 1 f\u00fcr GEOS 64 und GEOS 128\"}]},{\"@type\":\"WebSite\",\"@id\":\"https:\\\/\\\/www.retrocomputing-whv.net\\\/#website\",\"url\":\"https:\\\/\\\/www.retrocomputing-whv.net\\\/\",\"name\":\"Retrocomputing WHV\",\"description\":\"\",\"publisher\":{\"@id\":\"https:\\\/\\\/www.retrocomputing-whv.net\\\/#organization\"},\"potentialAction\":[{\"@type\":\"SearchAction\",\"target\":{\"@type\":\"EntryPoint\",\"urlTemplate\":\"https:\\\/\\\/www.retrocomputing-whv.net\\\/?s={search_term_string}\"},\"query-input\":{\"@type\":\"PropertyValueSpecification\",\"valueRequired\":true,\"valueName\":\"search_term_string\"}}],\"inLanguage\":\"de\"},{\"@type\":\"Organization\",\"@id\":\"https:\\\/\\\/www.retrocomputing-whv.net\\\/#organization\",\"name\":\"Retrocomputing-WHV\",\"url\":\"https:\\\/\\\/www.retrocomputing-whv.net\\\/\",\"logo\":{\"@type\":\"ImageObject\",\"inLanguage\":\"de\",\"@id\":\"https:\\\/\\\/www.retrocomputing-whv.net\\\/#\\\/schema\\\/logo\\\/image\\\/\",\"url\":\"https:\\\/\\\/www.retrocomputing-whv.net\\\/wp-content\\\/uploads\\\/2020\\\/04\\\/Logo.png\",\"contentUrl\":\"https:\\\/\\\/www.retrocomputing-whv.net\\\/wp-content\\\/uploads\\\/2020\\\/04\\\/Logo.png\",\"width\":1340,\"height\":250,\"caption\":\"Retrocomputing-WHV\"},\"image\":{\"@id\":\"https:\\\/\\\/www.retrocomputing-whv.net\\\/#\\\/schema\\\/logo\\\/image\\\/\"}}]}<\/script>\n<!-- \/ Yoast SEO plugin. -->","yoast_head_json":{"title":"Mega Pack 1 f\u00fcr GEOS 64 und GEOS 128 - Retrocomputing WHV","robots":{"index":"index","follow":"follow","max-snippet":"max-snippet:-1","max-image-preview":"max-image-preview:large","max-video-preview":"max-video-preview:-1"},"canonical":"https:\/\/www.retrocomputing-whv.net\/?page_id=1656","og_locale":"de_DE","og_type":"article","og_title":"Mega Pack 1 f\u00fcr GEOS 64 und GEOS 128 - Retrocomputing WHV","og_description":"Markt und Technik &#8211; Autor Florian M\u00fcller1. Auflage &#8211; Erscheinungsjahr 1989 &#8211; ISBN 3-89090-772-5 Kaum eine Software ist so vielseitig wie GEOS f\u00fcr den C64 und C128. Das GEOS Mega Pack 1 ist eine n\u00fctzliche Erg\u00e4nzung Ihres GEOS-Systems. Ob Sie nur das GEOS-Grundsystem besitzen oder mehrere Applikationen einsetzen: Die Programme des Mega Pack 1 sind vielseitig verwendbar. Auf drei Disketten","og_url":"https:\/\/www.retrocomputing-whv.net\/?page_id=1656","og_site_name":"Retrocomputing WHV","article_modified_time":"2021-05-16T09:50:56+00:00","og_image":[{"url":"https:\/\/www.retrocomputing-whv.net\/wp-content\/uploads\/2021\/05\/Markt-und-Technik-Mega-Pack-1_b-711x1024.jpg","type":"","width":"","height":""}],"twitter_card":"summary_large_image","twitter_misc":{"Gesch\u00e4tzte Lesezeit":"3\u00a0Minuten"},"schema":{"@context":"https:\/\/schema.org","@graph":[{"@type":"WebPage","@id":"https:\/\/www.retrocomputing-whv.net\/?page_id=1656","url":"https:\/\/www.retrocomputing-whv.net\/?page_id=1656","name":"Mega Pack 1 f\u00fcr GEOS 64 und GEOS 128 - Retrocomputing WHV","isPartOf":{"@id":"https:\/\/www.retrocomputing-whv.net\/#website"},"primaryImageOfPage":{"@id":"https:\/\/www.retrocomputing-whv.net\/?page_id=1656#primaryimage"},"image":{"@id":"https:\/\/www.retrocomputing-whv.net\/?page_id=1656#primaryimage"},"thumbnailUrl":"https:\/\/www.retrocomputing-whv.net\/wp-content\/uploads\/2021\/05\/Markt-und-Technik-Mega-Pack-1_b-711x1024.jpg","datePublished":"2021-05-16T09:50:37+00:00","dateModified":"2021-05-16T09:50:56+00:00","breadcrumb":{"@id":"https:\/\/www.retrocomputing-whv.net\/?page_id=1656#breadcrumb"},"inLanguage":"de","potentialAction":[{"@type":"ReadAction","target":["https:\/\/www.retrocomputing-whv.net\/?page_id=1656"]}]},{"@type":"ImageObject","inLanguage":"de","@id":"https:\/\/www.retrocomputing-whv.net\/?page_id=1656#primaryimage","url":"https:\/\/www.retrocomputing-whv.net\/wp-content\/uploads\/2021\/05\/Markt-und-Technik-Mega-Pack-1_b.jpg","contentUrl":"https:\/\/www.retrocomputing-whv.net\/wp-content\/uploads\/2021\/05\/Markt-und-Technik-Mega-Pack-1_b.jpg","width":1200,"height":1728,"caption":"Markt und Technik - Mega Pack 1"},{"@type":"BreadcrumbList","@id":"https:\/\/www.retrocomputing-whv.net\/?page_id=1656#breadcrumb","itemListElement":[{"@type":"ListItem","position":1,"name":"Startseite","item":"https:\/\/www.retrocomputing-whv.net\/"},{"@type":"ListItem","position":2,"name":"Literatur","item":"https:\/\/www.retrocomputing-whv.net\/?page_id=105"},{"@type":"ListItem","position":3,"name":"Markt &#038; Technik","item":"https:\/\/www.retrocomputing-whv.net\/?page_id=1170"},{"@type":"ListItem","position":4,"name":"Commodore 128","item":"https:\/\/www.retrocomputing-whv.net\/?page_id=1411"},{"@type":"ListItem","position":5,"name":"Mega Pack 1 f\u00fcr GEOS 64 und GEOS 128"}]},{"@type":"WebSite","@id":"https:\/\/www.retrocomputing-whv.net\/#website","url":"https:\/\/www.retrocomputing-whv.net\/","name":"Retrocomputing WHV","description":"","publisher":{"@id":"https:\/\/www.retrocomputing-whv.net\/#organization"},"potentialAction":[{"@type":"SearchAction","target":{"@type":"EntryPoint","urlTemplate":"https:\/\/www.retrocomputing-whv.net\/?s={search_term_string}"},"query-input":{"@type":"PropertyValueSpecification","valueRequired":true,"valueName":"search_term_string"}}],"inLanguage":"de"},{"@type":"Organization","@id":"https:\/\/www.retrocomputing-whv.net\/#organization","name":"Retrocomputing-WHV","url":"https:\/\/www.retrocomputing-whv.net\/","logo":{"@type":"ImageObject","inLanguage":"de","@id":"https:\/\/www.retrocomputing-whv.net\/#\/schema\/logo\/image\/","url":"https:\/\/www.retrocomputing-whv.net\/wp-content\/uploads\/2020\/04\/Logo.png","contentUrl":"https:\/\/www.retrocomputing-whv.net\/wp-content\/uploads\/2020\/04\/Logo.png","width":1340,"height":250,"caption":"Retrocomputing-WHV"},"image":{"@id":"https:\/\/www.retrocomputing-whv.net\/#\/schema\/logo\/image\/"}}]}},"_links":{"self":[{"href":"https:\/\/www.retrocomputing-whv.net\/index.php?rest_route=\/wp\/v2\/pages\/1656","targetHints":{"allow":["GET"]}}],"collection":[{"href":"https:\/\/www.retrocomputing-whv.net\/index.php?rest_route=\/wp\/v2\/pages"}],"about":[{"href":"https:\/\/www.retrocomputing-whv.net\/index.php?rest_route=\/wp\/v2\/types\/page"}],"author":[{"embeddable":true,"href":"https:\/\/www.retrocomputing-whv.net\/index.php?rest_route=\/wp\/v2\/users\/1"}],"replies":[{"embeddable":true,"href":"https:\/\/www.retrocomputing-whv.net\/index.php?rest_route=%2Fwp%2Fv2%2Fcomments&post=1656"}],"version-history":[{"count":1,"href":"https:\/\/www.retrocomputing-whv.net\/index.php?rest_route=\/wp\/v2\/pages\/1656\/revisions"}],"predecessor-version":[{"id":1657,"href":"https:\/\/www.retrocomputing-whv.net\/index.php?rest_route=\/wp\/v2\/pages\/1656\/revisions\/1657"}],"up":[{"embeddable":true,"href":"https:\/\/www.retrocomputing-whv.net\/index.php?rest_route=\/wp\/v2\/pages\/1411"}],"wp:attachment":[{"href":"https:\/\/www.retrocomputing-whv.net\/index.php?rest_route=%2Fwp%2Fv2%2Fmedia&parent=1656"}],"curies":[{"name":"wp","href":"https:\/\/api.w.org\/{rel}","templated":true}]}}