{"id":427,"date":"2020-05-04T15:26:19","date_gmt":"2020-05-04T13:26:19","guid":{"rendered":"https:\/\/www.retrocomputing-whv.net\/?page_id=427"},"modified":"2020-05-08T20:47:45","modified_gmt":"2020-05-08T18:47:45","slug":"links","status":"publish","type":"page","link":"https:\/\/www.retrocomputing-whv.net\/?page_id=427","title":{"rendered":"Links"},"content":{"rendered":"\n<p><strong>Computermuseen<\/strong><\/p>\n\n\n\n<p><strong>Computer Museum Visselh\u00f6vede<\/strong><br>Celler Stra\u00dfe 1, 27374 Visselh\u00f6vede, Deutschland<br>Website: <a rel=\"noreferrer noopener\" href=\"https:\/\/www.computermuseum-visselhoeve.de\/\" target=\"_blank\"><strong>https:\/\/www.computermuseum-visselhoeve.de\/<\/strong><\/a><\/p>\n\n\n\n<p><strong>Computermuseum der Fachhochschule Kiel<\/strong><br>Eichenbergskamp 8, 24149 Kiel, Deutschland<br>Website: <a rel=\"noreferrer noopener\" href=\"http:\/\/www.computermuseum-oldenburg.de\/\" target=\"_blank\"><\/a><a href=\"https:\/\/www.fh-kiel.de\/index.php?id=computermuseum\" target=\"_blank\" rel=\"noreferrer noopener\"><strong>https:\/\/www.fh-kiel.de\/index.php?id=computermuseum<\/strong><\/a><\/p>\n\n\n\n<p><strong>Oldenburger Computer Museum e.V<\/strong><br>Bahnhofsplatz 1, 26122 Oldenburg, Deutschland<br>Website: <a rel=\"noreferrer noopener\" href=\"http:\/\/www.computermuseum-oldenburg.de\/\" target=\"_blank\"><strong>www.computermuseum-oldenburg.de<\/strong><\/a><\/p>\n\n\n\n<p><br><\/p>\n","protected":false},"excerpt":{"rendered":"<p>Computermuseen Computer Museum Visselh\u00f6vedeCeller Stra\u00dfe 1, 27374 Visselh\u00f6vede, DeutschlandWebsite: https:\/\/www.computermuseum-visselhoeve.de\/ Computermuseum der Fachhochschule KielEichenbergskamp 8, 24149 Kiel, DeutschlandWebsite: https:\/\/www.fh-kiel.de\/index.php?id=computermuseum Oldenburger Computer Museum e.VBahnhofsplatz 1, 26122 Oldenburg, DeutschlandWebsite: www.computermuseum-oldenburg.de<\/p>\n","protected":false},"author":1,"featured_media":0,"parent":0,"menu_order":5900,"comment_status":"closed","ping_status":"closed","template":"","meta":{"footnotes":""},"class_list":["post-427","page","type-page","status-publish","hentry"],"yoast_head":"<!-- This site is optimized with the Yoast SEO plugin v27.5 - https:\/\/yoast.com\/product\/yoast-seo-wordpress\/ -->\n<title>Links - Retrocomputing WHV<\/title>\n<meta name=\"robots\" content=\"index, follow, max-snippet:-1, max-image-preview:large, max-video-preview:-1\" \/>\n<link rel=\"canonical\" href=\"https:\/\/www.retrocomputing-whv.net\/?page_id=427\" \/>\n<meta property=\"og:locale\" content=\"de_DE\" \/>\n<meta property=\"og:type\" content=\"article\" \/>\n<meta property=\"og:title\" content=\"Links - Retrocomputing WHV\" \/>\n<meta property=\"og:description\" content=\"Computermuseen Computer Museum Visselh\u00f6vedeCeller Stra\u00dfe 1, 27374 Visselh\u00f6vede, DeutschlandWebsite: https:\/\/www.computermuseum-visselhoeve.de\/ Computermuseum der Fachhochschule KielEichenbergskamp 8, 24149 Kiel, DeutschlandWebsite: https:\/\/www.fh-kiel.de\/index.php?id=computermuseum Oldenburger Computer Museum e.VBahnhofsplatz 1, 26122 Oldenburg, DeutschlandWebsite: www.computermuseum-oldenburg.de\" \/>\n<meta property=\"og:url\" content=\"https:\/\/www.retrocomputing-whv.net\/?page_id=427\" \/>\n<meta property=\"og:site_name\" content=\"Retrocomputing WHV\" \/>\n<meta property=\"article:modified_time\" content=\"2020-05-08T18:47:45+00:00\" \/>\n<meta name=\"twitter:card\" content=\"summary_large_image\" \/>\n<script type=\"application\/ld+json\" class=\"yoast-schema-graph\">{\"@context\":\"https:\\\/\\\/schema.org\",\"@graph\":[{\"@type\":\"WebPage\",\"@id\":\"https:\\\/\\\/www.retrocomputing-whv.net\\\/?page_id=427\",\"url\":\"https:\\\/\\\/www.retrocomputing-whv.net\\\/?page_id=427\",\"name\":\"Links - Retrocomputing WHV\",\"isPartOf\":{\"@id\":\"https:\\\/\\\/www.retrocomputing-whv.net\\\/#website\"},\"datePublished\":\"2020-05-04T13:26:19+00:00\",\"dateModified\":\"2020-05-08T18:47:45+00:00\",\"breadcrumb\":{\"@id\":\"https:\\\/\\\/www.retrocomputing-whv.net\\\/?page_id=427#breadcrumb\"},\"inLanguage\":\"de\",\"potentialAction\":[{\"@type\":\"ReadAction\",\"target\":[\"https:\\\/\\\/www.retrocomputing-whv.net\\\/?page_id=427\"]}]},{\"@type\":\"BreadcrumbList\",\"@id\":\"https:\\\/\\\/www.retrocomputing-whv.net\\\/?page_id=427#breadcrumb\",\"itemListElement\":[{\"@type\":\"ListItem\",\"position\":1,\"name\":\"Startseite\",\"item\":\"https:\\\/\\\/www.retrocomputing-whv.net\\\/\"},{\"@type\":\"ListItem\",\"position\":2,\"name\":\"Links\"}]},{\"@type\":\"WebSite\",\"@id\":\"https:\\\/\\\/www.retrocomputing-whv.net\\\/#website\",\"url\":\"https:\\\/\\\/www.retrocomputing-whv.net\\\/\",\"name\":\"Retrocomputing WHV\",\"description\":\"\",\"publisher\":{\"@id\":\"https:\\\/\\\/www.retrocomputing-whv.net\\\/#organization\"},\"potentialAction\":[{\"@type\":\"SearchAction\",\"target\":{\"@type\":\"EntryPoint\",\"urlTemplate\":\"https:\\\/\\\/www.retrocomputing-whv.net\\\/?s={search_term_string}\"},\"query-input\":{\"@type\":\"PropertyValueSpecification\",\"valueRequired\":true,\"valueName\":\"search_term_string\"}}],\"inLanguage\":\"de\"},{\"@type\":\"Organization\",\"@id\":\"https:\\\/\\\/www.retrocomputing-whv.net\\\/#organization\",\"name\":\"Retrocomputing-WHV\",\"url\":\"https:\\\/\\\/www.retrocomputing-whv.net\\\/\",\"logo\":{\"@type\":\"ImageObject\",\"inLanguage\":\"de\",\"@id\":\"https:\\\/\\\/www.retrocomputing-whv.net\\\/#\\\/schema\\\/logo\\\/image\\\/\",\"url\":\"https:\\\/\\\/www.retrocomputing-whv.net\\\/wp-content\\\/uploads\\\/2020\\\/04\\\/Logo.png\",\"contentUrl\":\"https:\\\/\\\/www.retrocomputing-whv.net\\\/wp-content\\\/uploads\\\/2020\\\/04\\\/Logo.png\",\"width\":1340,\"height\":250,\"caption\":\"Retrocomputing-WHV\"},\"image\":{\"@id\":\"https:\\\/\\\/www.retrocomputing-whv.net\\\/#\\\/schema\\\/logo\\\/image\\\/\"}}]}<\/script>\n<!-- \/ Yoast SEO plugin. -->","yoast_head_json":{"title":"Links - Retrocomputing WHV","robots":{"index":"index","follow":"follow","max-snippet":"max-snippet:-1","max-image-preview":"max-image-preview:large","max-video-preview":"max-video-preview:-1"},"canonical":"https:\/\/www.retrocomputing-whv.net\/?page_id=427","og_locale":"de_DE","og_type":"article","og_title":"Links - Retrocomputing WHV","og_description":"Computermuseen Computer Museum Visselh\u00f6vedeCeller Stra\u00dfe 1, 27374 Visselh\u00f6vede, DeutschlandWebsite: https:\/\/www.computermuseum-visselhoeve.de\/ Computermuseum der Fachhochschule KielEichenbergskamp 8, 24149 Kiel, DeutschlandWebsite: https:\/\/www.fh-kiel.de\/index.php?id=computermuseum Oldenburger Computer Museum e.VBahnhofsplatz 1, 26122 Oldenburg, DeutschlandWebsite: www.computermuseum-oldenburg.de","og_url":"https:\/\/www.retrocomputing-whv.net\/?page_id=427","og_site_name":"Retrocomputing WHV","article_modified_time":"2020-05-08T18:47:45+00:00","twitter_card":"summary_large_image","schema":{"@context":"https:\/\/schema.org","@graph":[{"@type":"WebPage","@id":"https:\/\/www.retrocomputing-whv.net\/?page_id=427","url":"https:\/\/www.retrocomputing-whv.net\/?page_id=427","name":"Links - Retrocomputing WHV","isPartOf":{"@id":"https:\/\/www.retrocomputing-whv.net\/#website"},"datePublished":"2020-05-04T13:26:19+00:00","dateModified":"2020-05-08T18:47:45+00:00","breadcrumb":{"@id":"https:\/\/www.retrocomputing-whv.net\/?page_id=427#breadcrumb"},"inLanguage":"de","potentialAction":[{"@type":"ReadAction","target":["https:\/\/www.retrocomputing-whv.net\/?page_id=427"]}]},{"@type":"BreadcrumbList","@id":"https:\/\/www.retrocomputing-whv.net\/?page_id=427#breadcrumb","itemListElement":[{"@type":"ListItem","position":1,"name":"Startseite","item":"https:\/\/www.retrocomputing-whv.net\/"},{"@type":"ListItem","position":2,"name":"Links"}]},{"@type":"WebSite","@id":"https:\/\/www.retrocomputing-whv.net\/#website","url":"https:\/\/www.retrocomputing-whv.net\/","name":"Retrocomputing WHV","description":"","publisher":{"@id":"https:\/\/www.retrocomputing-whv.net\/#organization"},"potentialAction":[{"@type":"SearchAction","target":{"@type":"EntryPoint","urlTemplate":"https:\/\/www.retrocomputing-whv.net\/?s={search_term_string}"},"query-input":{"@type":"PropertyValueSpecification","valueRequired":true,"valueName":"search_term_string"}}],"inLanguage":"de"},{"@type":"Organization","@id":"https:\/\/www.retrocomputing-whv.net\/#organization","name":"Retrocomputing-WHV","url":"https:\/\/www.retrocomputing-whv.net\/","logo":{"@type":"ImageObject","inLanguage":"de","@id":"https:\/\/www.retrocomputing-whv.net\/#\/schema\/logo\/image\/","url":"https:\/\/www.retrocomputing-whv.net\/wp-content\/uploads\/2020\/04\/Logo.png","contentUrl":"https:\/\/www.retrocomputing-whv.net\/wp-content\/uploads\/2020\/04\/Logo.png","width":1340,"height":250,"caption":"Retrocomputing-WHV"},"image":{"@id":"https:\/\/www.retrocomputing-whv.net\/#\/schema\/logo\/image\/"}}]}},"_links":{"self":[{"href":"https:\/\/www.retrocomputing-whv.net\/index.php?rest_route=\/wp\/v2\/pages\/427","targetHints":{"allow":["GET"]}}],"collection":[{"href":"https:\/\/www.retrocomputing-whv.net\/index.php?rest_route=\/wp\/v2\/pages"}],"about":[{"href":"https:\/\/www.retrocomputing-whv.net\/index.php?rest_route=\/wp\/v2\/types\/page"}],"author":[{"embeddable":true,"href":"https:\/\/www.retrocomputing-whv.net\/index.php?rest_route=\/wp\/v2\/users\/1"}],"replies":[{"embeddable":true,"href":"https:\/\/www.retrocomputing-whv.net\/index.php?rest_route=%2Fwp%2Fv2%2Fcomments&post=427"}],"version-history":[{"count":0,"href":"https:\/\/www.retrocomputing-whv.net\/index.php?rest_route=\/wp\/v2\/pages\/427\/revisions"}],"wp:attachment":[{"href":"https:\/\/www.retrocomputing-whv.net\/index.php?rest_route=%2Fwp%2Fv2%2Fmedia&parent=427"}],"curies":[{"name":"wp","href":"https:\/\/api.w.org\/{rel}","templated":true}]}}