{"id":707,"date":"2020-08-22T12:28:57","date_gmt":"2020-08-22T10:28:57","guid":{"rendered":"https:\/\/www.retrocomputing-whv.net\/?page_id=707"},"modified":"2020-11-22T15:00:23","modified_gmt":"2020-11-22T14:00:23","slug":"data-becker-das-grosse-amiga-2000-buch","status":"publish","type":"page","link":"https:\/\/www.retrocomputing-whv.net\/?page_id=707","title":{"rendered":"Das gro\u00dfe Amiga 2000 Buch"},"content":{"rendered":"\n<figure class=\"wp-block-image size-large\"><img loading=\"lazy\" decoding=\"async\" width=\"709\" height=\"1024\" src=\"https:\/\/www.retrocomputing-whv.net\/wp-content\/uploads\/2020\/07\/DATA-BECKER-Das-grosse-AMIGA-2000-Buch-709x1024.jpg\" alt=\"DATA BECKER - Das grosse AMIGA 2000 Buch\" class=\"wp-image-624\" srcset=\"https:\/\/www.retrocomputing-whv.net\/wp-content\/uploads\/2020\/07\/DATA-BECKER-Das-grosse-AMIGA-2000-Buch-709x1024.jpg 709w, https:\/\/www.retrocomputing-whv.net\/wp-content\/uploads\/2020\/07\/DATA-BECKER-Das-grosse-AMIGA-2000-Buch-208x300.jpg 208w, https:\/\/www.retrocomputing-whv.net\/wp-content\/uploads\/2020\/07\/DATA-BECKER-Das-grosse-AMIGA-2000-Buch-768x1109.jpg 768w, https:\/\/www.retrocomputing-whv.net\/wp-content\/uploads\/2020\/07\/DATA-BECKER-Das-grosse-AMIGA-2000-Buch-1064x1536.jpg 1064w, https:\/\/www.retrocomputing-whv.net\/wp-content\/uploads\/2020\/07\/DATA-BECKER-Das-grosse-AMIGA-2000-Buch.jpg 1200w\" sizes=\"auto, (max-width: 709px) 100vw, 709px\" \/><\/figure>\n\n\n\n<p>DATA BECKER &#8211; Das gro\u00dfe AMIGA 2000 Buch &#8211; Autoren Hannes R\u00fcgheimer, Christian Spanik<br>4. Auflage &#8211; Erscheinungsjahr 1989 &#8211; ISBN 3-89011-199-8<\/p>\n\n\n\n<p><strong>Das steht drin:<\/strong><br>Der AMIGA 2000 wird immer beliebter. Kunstst\u00fcck, hat er doch wirklich das Zeug zum Traumcomputer. Besonders f\u00fcr diejenigen, die einen AMIGA wollen, aber auch einen PC brauchen. Das einzige, was allen AMIGA-2000-Besitzern noch fehlte, war die entsprechende Literatur, die alles rund um den AMIGA behandelt. Das hat sich mit diesem Buch ge\u00e4ndert.<\/p>\n\n\n\n<p><strong>Aus dem Inhalt:<\/strong><\/p>\n\n\n\n<ul class=\"wp-block-list\"><li>AMIGA-Grundlagen leichtgemacht<\/li><li>Vom richtigen Umgang mit AMIGA-DOS<\/li><li>Die Software und was man damit machen kann<\/li><li>Einbau und Einrichten einer PC- und AMIGA-Harddisk<\/li><li>Software- und Installationstipps f\u00fcr die Harddisk<\/li><li>Die Autoboot-Harddisk<\/li><li>Speicher erweitern, aber richtig<\/li><li>Die B 2000 Platine<\/li><li>Der erweiterte Video-Slot im B 2000<\/li><li>Ton auch f\u00fcr den PC<\/li><li>Installation von FastFileSystem und Workbench 1.3<\/li><\/ul>\n\n\n\n<figure class=\"wp-block-image size-large\"><a href=\"https:\/\/www.retrocomputing-whv.net\/?page_id=825\"><img loading=\"lazy\" decoding=\"async\" width=\"256\" height=\"136\" src=\"https:\/\/www.retrocomputing-whv.net\/wp-content\/uploads\/2020\/08\/Backspace.jpg\" alt=\"Backspace\" class=\"wp-image-681\"\/><\/a><\/figure>\n\n\n\n<p><\/p>\n","protected":false},"excerpt":{"rendered":"<p>DATA BECKER &#8211; Das gro\u00dfe AMIGA 2000 Buch &#8211; Autoren Hannes R\u00fcgheimer, Christian Spanik4. Auflage &#8211; Erscheinungsjahr 1989 &#8211; ISBN 3-89011-199-8 Das steht drin:Der AMIGA 2000 wird immer beliebter. Kunstst\u00fcck, hat er doch wirklich das Zeug zum Traumcomputer. Besonders f\u00fcr diejenigen, die einen AMIGA wollen, aber auch einen PC brauchen. Das einzige, was allen AMIGA-2000-Besitzern noch fehlte, war die entsprechende<\/p>\n","protected":false},"author":1,"featured_media":0,"parent":825,"menu_order":0,"comment_status":"closed","ping_status":"closed","template":"","meta":{"footnotes":""},"class_list":["post-707","page","type-page","status-publish","hentry"],"yoast_head":"<!-- This site is optimized with the Yoast SEO plugin v27.5 - https:\/\/yoast.com\/product\/yoast-seo-wordpress\/ -->\n<title>Das gro\u00dfe Amiga 2000 Buch - Retrocomputing WHV<\/title>\n<meta name=\"robots\" content=\"index, follow, max-snippet:-1, max-image-preview:large, max-video-preview:-1\" \/>\n<link rel=\"canonical\" href=\"https:\/\/www.retrocomputing-whv.net\/?page_id=707\" \/>\n<meta property=\"og:locale\" content=\"de_DE\" \/>\n<meta property=\"og:type\" content=\"article\" \/>\n<meta property=\"og:title\" content=\"Das gro\u00dfe Amiga 2000 Buch - Retrocomputing WHV\" \/>\n<meta property=\"og:description\" content=\"DATA BECKER &#8211; Das gro\u00dfe AMIGA 2000 Buch &#8211; Autoren Hannes R\u00fcgheimer, Christian Spanik4. Auflage &#8211; Erscheinungsjahr 1989 &#8211; ISBN 3-89011-199-8 Das steht drin:Der AMIGA 2000 wird immer beliebter. Kunstst\u00fcck, hat er doch wirklich das Zeug zum Traumcomputer. Besonders f\u00fcr diejenigen, die einen AMIGA wollen, aber auch einen PC brauchen. Das einzige, was allen AMIGA-2000-Besitzern noch fehlte, war die entsprechende\" \/>\n<meta property=\"og:url\" content=\"https:\/\/www.retrocomputing-whv.net\/?page_id=707\" \/>\n<meta property=\"og:site_name\" content=\"Retrocomputing WHV\" \/>\n<meta property=\"article:modified_time\" content=\"2020-11-22T14:00:23+00:00\" \/>\n<meta property=\"og:image\" content=\"https:\/\/www.retrocomputing-whv.net\/wp-content\/uploads\/2020\/07\/DATA-BECKER-Das-grosse-AMIGA-2000-Buch-709x1024.jpg\" \/>\n<meta name=\"twitter:card\" content=\"summary_large_image\" \/>\n<meta name=\"twitter:label1\" content=\"Gesch\u00e4tzte Lesezeit\" \/>\n\t<meta name=\"twitter:data1\" content=\"1\u00a0Minute\" \/>\n<script type=\"application\/ld+json\" class=\"yoast-schema-graph\">{\"@context\":\"https:\\\/\\\/schema.org\",\"@graph\":[{\"@type\":\"WebPage\",\"@id\":\"https:\\\/\\\/www.retrocomputing-whv.net\\\/?page_id=707\",\"url\":\"https:\\\/\\\/www.retrocomputing-whv.net\\\/?page_id=707\",\"name\":\"Das gro\u00dfe Amiga 2000 Buch - Retrocomputing WHV\",\"isPartOf\":{\"@id\":\"https:\\\/\\\/www.retrocomputing-whv.net\\\/#website\"},\"primaryImageOfPage\":{\"@id\":\"https:\\\/\\\/www.retrocomputing-whv.net\\\/?page_id=707#primaryimage\"},\"image\":{\"@id\":\"https:\\\/\\\/www.retrocomputing-whv.net\\\/?page_id=707#primaryimage\"},\"thumbnailUrl\":\"https:\\\/\\\/www.retrocomputing-whv.net\\\/wp-content\\\/uploads\\\/2020\\\/07\\\/DATA-BECKER-Das-grosse-AMIGA-2000-Buch-709x1024.jpg\",\"datePublished\":\"2020-08-22T10:28:57+00:00\",\"dateModified\":\"2020-11-22T14:00:23+00:00\",\"breadcrumb\":{\"@id\":\"https:\\\/\\\/www.retrocomputing-whv.net\\\/?page_id=707#breadcrumb\"},\"inLanguage\":\"de\",\"potentialAction\":[{\"@type\":\"ReadAction\",\"target\":[\"https:\\\/\\\/www.retrocomputing-whv.net\\\/?page_id=707\"]}]},{\"@type\":\"ImageObject\",\"inLanguage\":\"de\",\"@id\":\"https:\\\/\\\/www.retrocomputing-whv.net\\\/?page_id=707#primaryimage\",\"url\":\"https:\\\/\\\/www.retrocomputing-whv.net\\\/wp-content\\\/uploads\\\/2020\\\/07\\\/DATA-BECKER-Das-grosse-AMIGA-2000-Buch.jpg\",\"contentUrl\":\"https:\\\/\\\/www.retrocomputing-whv.net\\\/wp-content\\\/uploads\\\/2020\\\/07\\\/DATA-BECKER-Das-grosse-AMIGA-2000-Buch.jpg\",\"width\":1200,\"height\":1733,\"caption\":\"DATA BECKER - Das grosse AMIGA 2000 Buch\"},{\"@type\":\"BreadcrumbList\",\"@id\":\"https:\\\/\\\/www.retrocomputing-whv.net\\\/?page_id=707#breadcrumb\",\"itemListElement\":[{\"@type\":\"ListItem\",\"position\":1,\"name\":\"Startseite\",\"item\":\"https:\\\/\\\/www.retrocomputing-whv.net\\\/\"},{\"@type\":\"ListItem\",\"position\":2,\"name\":\"Literatur\",\"item\":\"https:\\\/\\\/www.retrocomputing-whv.net\\\/?page_id=105\"},{\"@type\":\"ListItem\",\"position\":3,\"name\":\"DATA BECKER\",\"item\":\"https:\\\/\\\/www.retrocomputing-whv.net\\\/?page_id=807\"},{\"@type\":\"ListItem\",\"position\":4,\"name\":\"Amiga\",\"item\":\"https:\\\/\\\/www.retrocomputing-whv.net\\\/?page_id=825\"},{\"@type\":\"ListItem\",\"position\":5,\"name\":\"Das gro\u00dfe Amiga 2000 Buch\"}]},{\"@type\":\"WebSite\",\"@id\":\"https:\\\/\\\/www.retrocomputing-whv.net\\\/#website\",\"url\":\"https:\\\/\\\/www.retrocomputing-whv.net\\\/\",\"name\":\"Retrocomputing WHV\",\"description\":\"\",\"publisher\":{\"@id\":\"https:\\\/\\\/www.retrocomputing-whv.net\\\/#organization\"},\"potentialAction\":[{\"@type\":\"SearchAction\",\"target\":{\"@type\":\"EntryPoint\",\"urlTemplate\":\"https:\\\/\\\/www.retrocomputing-whv.net\\\/?s={search_term_string}\"},\"query-input\":{\"@type\":\"PropertyValueSpecification\",\"valueRequired\":true,\"valueName\":\"search_term_string\"}}],\"inLanguage\":\"de\"},{\"@type\":\"Organization\",\"@id\":\"https:\\\/\\\/www.retrocomputing-whv.net\\\/#organization\",\"name\":\"Retrocomputing-WHV\",\"url\":\"https:\\\/\\\/www.retrocomputing-whv.net\\\/\",\"logo\":{\"@type\":\"ImageObject\",\"inLanguage\":\"de\",\"@id\":\"https:\\\/\\\/www.retrocomputing-whv.net\\\/#\\\/schema\\\/logo\\\/image\\\/\",\"url\":\"https:\\\/\\\/www.retrocomputing-whv.net\\\/wp-content\\\/uploads\\\/2020\\\/04\\\/Logo.png\",\"contentUrl\":\"https:\\\/\\\/www.retrocomputing-whv.net\\\/wp-content\\\/uploads\\\/2020\\\/04\\\/Logo.png\",\"width\":1340,\"height\":250,\"caption\":\"Retrocomputing-WHV\"},\"image\":{\"@id\":\"https:\\\/\\\/www.retrocomputing-whv.net\\\/#\\\/schema\\\/logo\\\/image\\\/\"}}]}<\/script>\n<!-- \/ Yoast SEO plugin. -->","yoast_head_json":{"title":"Das gro\u00dfe Amiga 2000 Buch - Retrocomputing WHV","robots":{"index":"index","follow":"follow","max-snippet":"max-snippet:-1","max-image-preview":"max-image-preview:large","max-video-preview":"max-video-preview:-1"},"canonical":"https:\/\/www.retrocomputing-whv.net\/?page_id=707","og_locale":"de_DE","og_type":"article","og_title":"Das gro\u00dfe Amiga 2000 Buch - Retrocomputing WHV","og_description":"DATA BECKER &#8211; Das gro\u00dfe AMIGA 2000 Buch &#8211; Autoren Hannes R\u00fcgheimer, Christian Spanik4. Auflage &#8211; Erscheinungsjahr 1989 &#8211; ISBN 3-89011-199-8 Das steht drin:Der AMIGA 2000 wird immer beliebter. Kunstst\u00fcck, hat er doch wirklich das Zeug zum Traumcomputer. Besonders f\u00fcr diejenigen, die einen AMIGA wollen, aber auch einen PC brauchen. Das einzige, was allen AMIGA-2000-Besitzern noch fehlte, war die entsprechende","og_url":"https:\/\/www.retrocomputing-whv.net\/?page_id=707","og_site_name":"Retrocomputing WHV","article_modified_time":"2020-11-22T14:00:23+00:00","og_image":[{"url":"https:\/\/www.retrocomputing-whv.net\/wp-content\/uploads\/2020\/07\/DATA-BECKER-Das-grosse-AMIGA-2000-Buch-709x1024.jpg","type":"","width":"","height":""}],"twitter_card":"summary_large_image","twitter_misc":{"Gesch\u00e4tzte Lesezeit":"1\u00a0Minute"},"schema":{"@context":"https:\/\/schema.org","@graph":[{"@type":"WebPage","@id":"https:\/\/www.retrocomputing-whv.net\/?page_id=707","url":"https:\/\/www.retrocomputing-whv.net\/?page_id=707","name":"Das gro\u00dfe Amiga 2000 Buch - Retrocomputing WHV","isPartOf":{"@id":"https:\/\/www.retrocomputing-whv.net\/#website"},"primaryImageOfPage":{"@id":"https:\/\/www.retrocomputing-whv.net\/?page_id=707#primaryimage"},"image":{"@id":"https:\/\/www.retrocomputing-whv.net\/?page_id=707#primaryimage"},"thumbnailUrl":"https:\/\/www.retrocomputing-whv.net\/wp-content\/uploads\/2020\/07\/DATA-BECKER-Das-grosse-AMIGA-2000-Buch-709x1024.jpg","datePublished":"2020-08-22T10:28:57+00:00","dateModified":"2020-11-22T14:00:23+00:00","breadcrumb":{"@id":"https:\/\/www.retrocomputing-whv.net\/?page_id=707#breadcrumb"},"inLanguage":"de","potentialAction":[{"@type":"ReadAction","target":["https:\/\/www.retrocomputing-whv.net\/?page_id=707"]}]},{"@type":"ImageObject","inLanguage":"de","@id":"https:\/\/www.retrocomputing-whv.net\/?page_id=707#primaryimage","url":"https:\/\/www.retrocomputing-whv.net\/wp-content\/uploads\/2020\/07\/DATA-BECKER-Das-grosse-AMIGA-2000-Buch.jpg","contentUrl":"https:\/\/www.retrocomputing-whv.net\/wp-content\/uploads\/2020\/07\/DATA-BECKER-Das-grosse-AMIGA-2000-Buch.jpg","width":1200,"height":1733,"caption":"DATA BECKER - Das grosse AMIGA 2000 Buch"},{"@type":"BreadcrumbList","@id":"https:\/\/www.retrocomputing-whv.net\/?page_id=707#breadcrumb","itemListElement":[{"@type":"ListItem","position":1,"name":"Startseite","item":"https:\/\/www.retrocomputing-whv.net\/"},{"@type":"ListItem","position":2,"name":"Literatur","item":"https:\/\/www.retrocomputing-whv.net\/?page_id=105"},{"@type":"ListItem","position":3,"name":"DATA BECKER","item":"https:\/\/www.retrocomputing-whv.net\/?page_id=807"},{"@type":"ListItem","position":4,"name":"Amiga","item":"https:\/\/www.retrocomputing-whv.net\/?page_id=825"},{"@type":"ListItem","position":5,"name":"Das gro\u00dfe Amiga 2000 Buch"}]},{"@type":"WebSite","@id":"https:\/\/www.retrocomputing-whv.net\/#website","url":"https:\/\/www.retrocomputing-whv.net\/","name":"Retrocomputing WHV","description":"","publisher":{"@id":"https:\/\/www.retrocomputing-whv.net\/#organization"},"potentialAction":[{"@type":"SearchAction","target":{"@type":"EntryPoint","urlTemplate":"https:\/\/www.retrocomputing-whv.net\/?s={search_term_string}"},"query-input":{"@type":"PropertyValueSpecification","valueRequired":true,"valueName":"search_term_string"}}],"inLanguage":"de"},{"@type":"Organization","@id":"https:\/\/www.retrocomputing-whv.net\/#organization","name":"Retrocomputing-WHV","url":"https:\/\/www.retrocomputing-whv.net\/","logo":{"@type":"ImageObject","inLanguage":"de","@id":"https:\/\/www.retrocomputing-whv.net\/#\/schema\/logo\/image\/","url":"https:\/\/www.retrocomputing-whv.net\/wp-content\/uploads\/2020\/04\/Logo.png","contentUrl":"https:\/\/www.retrocomputing-whv.net\/wp-content\/uploads\/2020\/04\/Logo.png","width":1340,"height":250,"caption":"Retrocomputing-WHV"},"image":{"@id":"https:\/\/www.retrocomputing-whv.net\/#\/schema\/logo\/image\/"}}]}},"_links":{"self":[{"href":"https:\/\/www.retrocomputing-whv.net\/index.php?rest_route=\/wp\/v2\/pages\/707","targetHints":{"allow":["GET"]}}],"collection":[{"href":"https:\/\/www.retrocomputing-whv.net\/index.php?rest_route=\/wp\/v2\/pages"}],"about":[{"href":"https:\/\/www.retrocomputing-whv.net\/index.php?rest_route=\/wp\/v2\/types\/page"}],"author":[{"embeddable":true,"href":"https:\/\/www.retrocomputing-whv.net\/index.php?rest_route=\/wp\/v2\/users\/1"}],"replies":[{"embeddable":true,"href":"https:\/\/www.retrocomputing-whv.net\/index.php?rest_route=%2Fwp%2Fv2%2Fcomments&post=707"}],"version-history":[{"count":0,"href":"https:\/\/www.retrocomputing-whv.net\/index.php?rest_route=\/wp\/v2\/pages\/707\/revisions"}],"up":[{"embeddable":true,"href":"https:\/\/www.retrocomputing-whv.net\/index.php?rest_route=\/wp\/v2\/pages\/825"}],"wp:attachment":[{"href":"https:\/\/www.retrocomputing-whv.net\/index.php?rest_route=%2Fwp%2Fv2%2Fmedia&parent=707"}],"curies":[{"name":"wp","href":"https:\/\/api.w.org\/{rel}","templated":true}]}}