{"id":719,"date":"2020-08-22T13:34:40","date_gmt":"2020-08-22T11:34:40","guid":{"rendered":"https:\/\/www.retrocomputing-whv.net\/?page_id=719"},"modified":"2020-11-22T15:00:10","modified_gmt":"2020-11-22T14:00:10","slug":"data-becker-das-grosse-amiga-druckerbuch","status":"publish","type":"page","link":"https:\/\/www.retrocomputing-whv.net\/?page_id=719","title":{"rendered":"Das gro\u00dfe Amiga Druckerbuch"},"content":{"rendered":"\n<figure class=\"wp-block-image size-large\"><img loading=\"lazy\" decoding=\"async\" width=\"727\" height=\"1024\" src=\"https:\/\/www.retrocomputing-whv.net\/wp-content\/uploads\/2020\/06\/DATA-BECKER-Das-grosse-AMIGA-Druckerbuch-mit-Drucker-Toolbox-727x1024.jpg\" alt=\"DATA BECKER - Das grosse AMIGA Druckerbuch mit Drucker-Toolbox\" class=\"wp-image-563\" srcset=\"https:\/\/www.retrocomputing-whv.net\/wp-content\/uploads\/2020\/06\/DATA-BECKER-Das-grosse-AMIGA-Druckerbuch-mit-Drucker-Toolbox-727x1024.jpg 727w, https:\/\/www.retrocomputing-whv.net\/wp-content\/uploads\/2020\/06\/DATA-BECKER-Das-grosse-AMIGA-Druckerbuch-mit-Drucker-Toolbox-213x300.jpg 213w, https:\/\/www.retrocomputing-whv.net\/wp-content\/uploads\/2020\/06\/DATA-BECKER-Das-grosse-AMIGA-Druckerbuch-mit-Drucker-Toolbox-768x1082.jpg 768w, https:\/\/www.retrocomputing-whv.net\/wp-content\/uploads\/2020\/06\/DATA-BECKER-Das-grosse-AMIGA-Druckerbuch-mit-Drucker-Toolbox-1091x1536.jpg 1091w, https:\/\/www.retrocomputing-whv.net\/wp-content\/uploads\/2020\/06\/DATA-BECKER-Das-grosse-AMIGA-Druckerbuch-mit-Drucker-Toolbox.jpg 1200w\" sizes=\"auto, (max-width: 727px) 100vw, 727px\" \/><\/figure>\n\n\n\n<p>DATA BECKER &#8211; Das gro\u00dfe AMIGA Druckerbuch mit Drucker-Toolbox &#8211; Autor Ralf Ockenfelds<br>1. Auflage &#8211; Erscheinungsjahr 1990 &#8211; ISBN 3-89011-812-7<\/p>\n\n\n\n<p><strong>Das steht drin:<\/strong><br>Wer kennt das nicht? Beim Ausdrucken eines Textes wird \u00fcber die Perforation gedruckt, Umlaute fehlen, Grafiken erscheinen verzerrt, der Workbench-Druckertreiber unterst\u00fctzt genau die Funktion nicht, die gerade ben\u00f6tigt wird. Genau hier setzt dieses Buch an. Es zeigt Ihnen nicht nur, wie Sie alle Leistungsmerkmale Ihres Druckers nutzen, sondern vielmehr auch spezielle Probleml\u00f6sungen wie zum Beispiel das Anpassen von Workbench-Druckertreibern an den eigenen Drucker und nat\u00fcrlich viele Tipps, Tricks und Hilfestellungen rund um den Drucker, wenn es mal nicht weitergeht. Zus\u00e4tzlich finden Sie auf der beiliegenden Diskette verschiedene Programme, die Ihnen den Umgang mit dem Drucker erleichtern, so k\u00f6nnen Sie zum Beispiel bestehende AMIGA-Fonts als Druckerfonts einsetzen, mehrere Drucker-Befehle als Makro abspeichern, einen bestehenden Screen \u00fcber Tastendruck auf den Drucker ausgeben, Farbbilder in Graustufenbilder umrechnen, selbstdefinierte Zeichen, die mit DPaint erstellt wurden, als Drucker-Daten umrechnen und vieles mehr.<\/p>\n\n\n\n<p><strong>Aus dem Inhalt:<\/strong><\/p>\n\n\n\n<ul class=\"wp-block-list\"><li>Anschluss und Installation des Druckers<\/li><li>Die Druckereinstellung im Preferences-Programm<\/li><li>Erkl\u00e4rung der Druckersteuerbefehle<\/li><li>AMIGA-DOS-Steuerung<\/li><li>\u00c4ndern von bestehenden Workbench-Druckertreibern<\/li><li>Installation und Nutzung von Turboprint II<\/li><li>Benutzerdefinierte Zeichen erstellen<\/li><li>AMIGA-Fonts als Druckerfonts nutzen<\/li><li>Umrechnung eines Farbbildes in Graustufen<\/li><li>Speichern von Druckerbefehlen als Makro<\/li><li>Screendump des aktuellen Bildschirms auf den Drucker<\/li><li>Umrechnung von IFF-Grafiken als Druckerdaten<\/li><li>Fehlererkennung und \u2013beseitigung<\/li><\/ul>\n\n\n\n<p>Neben den mitgelieferten Programmen werden noch andere interessante Programme wie Turboprint II ausf\u00fchrlich erl\u00e4utert und beschrieben. Nutzen Sie das Praxis-Know-how dieses Buches f\u00fcr Ihre t\u00e4gliche Arbeit.<\/p>\n\n\n\n<figure class=\"wp-block-image size-large\"><a href=\"https:\/\/www.retrocomputing-whv.net\/?page_id=825\"><img loading=\"lazy\" decoding=\"async\" width=\"256\" height=\"136\" src=\"https:\/\/www.retrocomputing-whv.net\/wp-content\/uploads\/2020\/08\/Backspace.jpg\" alt=\"Backspace\" class=\"wp-image-681\"\/><\/a><\/figure>\n","protected":false},"excerpt":{"rendered":"<p>DATA BECKER &#8211; Das gro\u00dfe AMIGA Druckerbuch mit Drucker-Toolbox &#8211; Autor Ralf Ockenfelds1. Auflage &#8211; Erscheinungsjahr 1990 &#8211; ISBN 3-89011-812-7 Das steht drin:Wer kennt das nicht? Beim Ausdrucken eines Textes wird \u00fcber die Perforation gedruckt, Umlaute fehlen, Grafiken erscheinen verzerrt, der Workbench-Druckertreiber unterst\u00fctzt genau die Funktion nicht, die gerade ben\u00f6tigt wird. Genau hier setzt dieses Buch an. Es zeigt Ihnen<\/p>\n","protected":false},"author":1,"featured_media":0,"parent":825,"menu_order":0,"comment_status":"closed","ping_status":"closed","template":"","meta":{"footnotes":""},"class_list":["post-719","page","type-page","status-publish","hentry"],"yoast_head":"<!-- This site is optimized with the Yoast SEO plugin v27.5 - https:\/\/yoast.com\/product\/yoast-seo-wordpress\/ -->\n<title>Das gro\u00dfe Amiga Druckerbuch - Retrocomputing WHV<\/title>\n<meta name=\"robots\" content=\"index, follow, max-snippet:-1, max-image-preview:large, max-video-preview:-1\" \/>\n<link rel=\"canonical\" href=\"https:\/\/www.retrocomputing-whv.net\/?page_id=719\" \/>\n<meta property=\"og:locale\" content=\"de_DE\" \/>\n<meta property=\"og:type\" content=\"article\" \/>\n<meta property=\"og:title\" content=\"Das gro\u00dfe Amiga Druckerbuch - Retrocomputing WHV\" \/>\n<meta property=\"og:description\" content=\"DATA BECKER &#8211; Das gro\u00dfe AMIGA Druckerbuch mit Drucker-Toolbox &#8211; Autor Ralf Ockenfelds1. Auflage &#8211; Erscheinungsjahr 1990 &#8211; ISBN 3-89011-812-7 Das steht drin:Wer kennt das nicht? Beim Ausdrucken eines Textes wird \u00fcber die Perforation gedruckt, Umlaute fehlen, Grafiken erscheinen verzerrt, der Workbench-Druckertreiber unterst\u00fctzt genau die Funktion nicht, die gerade ben\u00f6tigt wird. Genau hier setzt dieses Buch an. Es zeigt Ihnen\" \/>\n<meta property=\"og:url\" content=\"https:\/\/www.retrocomputing-whv.net\/?page_id=719\" \/>\n<meta property=\"og:site_name\" content=\"Retrocomputing WHV\" \/>\n<meta property=\"article:modified_time\" content=\"2020-11-22T14:00:10+00:00\" \/>\n<meta property=\"og:image\" content=\"https:\/\/www.retrocomputing-whv.net\/wp-content\/uploads\/2020\/06\/DATA-BECKER-Das-grosse-AMIGA-Druckerbuch-mit-Drucker-Toolbox-727x1024.jpg\" \/>\n<meta name=\"twitter:card\" content=\"summary_large_image\" \/>\n<meta name=\"twitter:label1\" content=\"Gesch\u00e4tzte Lesezeit\" \/>\n\t<meta name=\"twitter:data1\" content=\"1\u00a0Minute\" \/>\n<script type=\"application\/ld+json\" class=\"yoast-schema-graph\">{\"@context\":\"https:\\\/\\\/schema.org\",\"@graph\":[{\"@type\":\"WebPage\",\"@id\":\"https:\\\/\\\/www.retrocomputing-whv.net\\\/?page_id=719\",\"url\":\"https:\\\/\\\/www.retrocomputing-whv.net\\\/?page_id=719\",\"name\":\"Das gro\u00dfe Amiga Druckerbuch - Retrocomputing WHV\",\"isPartOf\":{\"@id\":\"https:\\\/\\\/www.retrocomputing-whv.net\\\/#website\"},\"primaryImageOfPage\":{\"@id\":\"https:\\\/\\\/www.retrocomputing-whv.net\\\/?page_id=719#primaryimage\"},\"image\":{\"@id\":\"https:\\\/\\\/www.retrocomputing-whv.net\\\/?page_id=719#primaryimage\"},\"thumbnailUrl\":\"https:\\\/\\\/www.retrocomputing-whv.net\\\/wp-content\\\/uploads\\\/2020\\\/06\\\/DATA-BECKER-Das-grosse-AMIGA-Druckerbuch-mit-Drucker-Toolbox-727x1024.jpg\",\"datePublished\":\"2020-08-22T11:34:40+00:00\",\"dateModified\":\"2020-11-22T14:00:10+00:00\",\"breadcrumb\":{\"@id\":\"https:\\\/\\\/www.retrocomputing-whv.net\\\/?page_id=719#breadcrumb\"},\"inLanguage\":\"de\",\"potentialAction\":[{\"@type\":\"ReadAction\",\"target\":[\"https:\\\/\\\/www.retrocomputing-whv.net\\\/?page_id=719\"]}]},{\"@type\":\"ImageObject\",\"inLanguage\":\"de\",\"@id\":\"https:\\\/\\\/www.retrocomputing-whv.net\\\/?page_id=719#primaryimage\",\"url\":\"https:\\\/\\\/www.retrocomputing-whv.net\\\/wp-content\\\/uploads\\\/2020\\\/06\\\/DATA-BECKER-Das-grosse-AMIGA-Druckerbuch-mit-Drucker-Toolbox.jpg\",\"contentUrl\":\"https:\\\/\\\/www.retrocomputing-whv.net\\\/wp-content\\\/uploads\\\/2020\\\/06\\\/DATA-BECKER-Das-grosse-AMIGA-Druckerbuch-mit-Drucker-Toolbox.jpg\",\"width\":1200,\"height\":1690,\"caption\":\"DATA BECKER - Das grosse AMIGA Druckerbuch mit Drucker-Toolbox\"},{\"@type\":\"BreadcrumbList\",\"@id\":\"https:\\\/\\\/www.retrocomputing-whv.net\\\/?page_id=719#breadcrumb\",\"itemListElement\":[{\"@type\":\"ListItem\",\"position\":1,\"name\":\"Startseite\",\"item\":\"https:\\\/\\\/www.retrocomputing-whv.net\\\/\"},{\"@type\":\"ListItem\",\"position\":2,\"name\":\"Literatur\",\"item\":\"https:\\\/\\\/www.retrocomputing-whv.net\\\/?page_id=105\"},{\"@type\":\"ListItem\",\"position\":3,\"name\":\"DATA BECKER\",\"item\":\"https:\\\/\\\/www.retrocomputing-whv.net\\\/?page_id=807\"},{\"@type\":\"ListItem\",\"position\":4,\"name\":\"Amiga\",\"item\":\"https:\\\/\\\/www.retrocomputing-whv.net\\\/?page_id=825\"},{\"@type\":\"ListItem\",\"position\":5,\"name\":\"Das gro\u00dfe Amiga Druckerbuch\"}]},{\"@type\":\"WebSite\",\"@id\":\"https:\\\/\\\/www.retrocomputing-whv.net\\\/#website\",\"url\":\"https:\\\/\\\/www.retrocomputing-whv.net\\\/\",\"name\":\"Retrocomputing WHV\",\"description\":\"\",\"publisher\":{\"@id\":\"https:\\\/\\\/www.retrocomputing-whv.net\\\/#organization\"},\"potentialAction\":[{\"@type\":\"SearchAction\",\"target\":{\"@type\":\"EntryPoint\",\"urlTemplate\":\"https:\\\/\\\/www.retrocomputing-whv.net\\\/?s={search_term_string}\"},\"query-input\":{\"@type\":\"PropertyValueSpecification\",\"valueRequired\":true,\"valueName\":\"search_term_string\"}}],\"inLanguage\":\"de\"},{\"@type\":\"Organization\",\"@id\":\"https:\\\/\\\/www.retrocomputing-whv.net\\\/#organization\",\"name\":\"Retrocomputing-WHV\",\"url\":\"https:\\\/\\\/www.retrocomputing-whv.net\\\/\",\"logo\":{\"@type\":\"ImageObject\",\"inLanguage\":\"de\",\"@id\":\"https:\\\/\\\/www.retrocomputing-whv.net\\\/#\\\/schema\\\/logo\\\/image\\\/\",\"url\":\"https:\\\/\\\/www.retrocomputing-whv.net\\\/wp-content\\\/uploads\\\/2020\\\/04\\\/Logo.png\",\"contentUrl\":\"https:\\\/\\\/www.retrocomputing-whv.net\\\/wp-content\\\/uploads\\\/2020\\\/04\\\/Logo.png\",\"width\":1340,\"height\":250,\"caption\":\"Retrocomputing-WHV\"},\"image\":{\"@id\":\"https:\\\/\\\/www.retrocomputing-whv.net\\\/#\\\/schema\\\/logo\\\/image\\\/\"}}]}<\/script>\n<!-- \/ Yoast SEO plugin. -->","yoast_head_json":{"title":"Das gro\u00dfe Amiga Druckerbuch - Retrocomputing WHV","robots":{"index":"index","follow":"follow","max-snippet":"max-snippet:-1","max-image-preview":"max-image-preview:large","max-video-preview":"max-video-preview:-1"},"canonical":"https:\/\/www.retrocomputing-whv.net\/?page_id=719","og_locale":"de_DE","og_type":"article","og_title":"Das gro\u00dfe Amiga Druckerbuch - Retrocomputing WHV","og_description":"DATA BECKER &#8211; Das gro\u00dfe AMIGA Druckerbuch mit Drucker-Toolbox &#8211; Autor Ralf Ockenfelds1. Auflage &#8211; Erscheinungsjahr 1990 &#8211; ISBN 3-89011-812-7 Das steht drin:Wer kennt das nicht? Beim Ausdrucken eines Textes wird \u00fcber die Perforation gedruckt, Umlaute fehlen, Grafiken erscheinen verzerrt, der Workbench-Druckertreiber unterst\u00fctzt genau die Funktion nicht, die gerade ben\u00f6tigt wird. Genau hier setzt dieses Buch an. Es zeigt Ihnen","og_url":"https:\/\/www.retrocomputing-whv.net\/?page_id=719","og_site_name":"Retrocomputing WHV","article_modified_time":"2020-11-22T14:00:10+00:00","og_image":[{"url":"https:\/\/www.retrocomputing-whv.net\/wp-content\/uploads\/2020\/06\/DATA-BECKER-Das-grosse-AMIGA-Druckerbuch-mit-Drucker-Toolbox-727x1024.jpg","type":"","width":"","height":""}],"twitter_card":"summary_large_image","twitter_misc":{"Gesch\u00e4tzte Lesezeit":"1\u00a0Minute"},"schema":{"@context":"https:\/\/schema.org","@graph":[{"@type":"WebPage","@id":"https:\/\/www.retrocomputing-whv.net\/?page_id=719","url":"https:\/\/www.retrocomputing-whv.net\/?page_id=719","name":"Das gro\u00dfe Amiga Druckerbuch - Retrocomputing WHV","isPartOf":{"@id":"https:\/\/www.retrocomputing-whv.net\/#website"},"primaryImageOfPage":{"@id":"https:\/\/www.retrocomputing-whv.net\/?page_id=719#primaryimage"},"image":{"@id":"https:\/\/www.retrocomputing-whv.net\/?page_id=719#primaryimage"},"thumbnailUrl":"https:\/\/www.retrocomputing-whv.net\/wp-content\/uploads\/2020\/06\/DATA-BECKER-Das-grosse-AMIGA-Druckerbuch-mit-Drucker-Toolbox-727x1024.jpg","datePublished":"2020-08-22T11:34:40+00:00","dateModified":"2020-11-22T14:00:10+00:00","breadcrumb":{"@id":"https:\/\/www.retrocomputing-whv.net\/?page_id=719#breadcrumb"},"inLanguage":"de","potentialAction":[{"@type":"ReadAction","target":["https:\/\/www.retrocomputing-whv.net\/?page_id=719"]}]},{"@type":"ImageObject","inLanguage":"de","@id":"https:\/\/www.retrocomputing-whv.net\/?page_id=719#primaryimage","url":"https:\/\/www.retrocomputing-whv.net\/wp-content\/uploads\/2020\/06\/DATA-BECKER-Das-grosse-AMIGA-Druckerbuch-mit-Drucker-Toolbox.jpg","contentUrl":"https:\/\/www.retrocomputing-whv.net\/wp-content\/uploads\/2020\/06\/DATA-BECKER-Das-grosse-AMIGA-Druckerbuch-mit-Drucker-Toolbox.jpg","width":1200,"height":1690,"caption":"DATA BECKER - Das grosse AMIGA Druckerbuch mit Drucker-Toolbox"},{"@type":"BreadcrumbList","@id":"https:\/\/www.retrocomputing-whv.net\/?page_id=719#breadcrumb","itemListElement":[{"@type":"ListItem","position":1,"name":"Startseite","item":"https:\/\/www.retrocomputing-whv.net\/"},{"@type":"ListItem","position":2,"name":"Literatur","item":"https:\/\/www.retrocomputing-whv.net\/?page_id=105"},{"@type":"ListItem","position":3,"name":"DATA BECKER","item":"https:\/\/www.retrocomputing-whv.net\/?page_id=807"},{"@type":"ListItem","position":4,"name":"Amiga","item":"https:\/\/www.retrocomputing-whv.net\/?page_id=825"},{"@type":"ListItem","position":5,"name":"Das gro\u00dfe Amiga Druckerbuch"}]},{"@type":"WebSite","@id":"https:\/\/www.retrocomputing-whv.net\/#website","url":"https:\/\/www.retrocomputing-whv.net\/","name":"Retrocomputing WHV","description":"","publisher":{"@id":"https:\/\/www.retrocomputing-whv.net\/#organization"},"potentialAction":[{"@type":"SearchAction","target":{"@type":"EntryPoint","urlTemplate":"https:\/\/www.retrocomputing-whv.net\/?s={search_term_string}"},"query-input":{"@type":"PropertyValueSpecification","valueRequired":true,"valueName":"search_term_string"}}],"inLanguage":"de"},{"@type":"Organization","@id":"https:\/\/www.retrocomputing-whv.net\/#organization","name":"Retrocomputing-WHV","url":"https:\/\/www.retrocomputing-whv.net\/","logo":{"@type":"ImageObject","inLanguage":"de","@id":"https:\/\/www.retrocomputing-whv.net\/#\/schema\/logo\/image\/","url":"https:\/\/www.retrocomputing-whv.net\/wp-content\/uploads\/2020\/04\/Logo.png","contentUrl":"https:\/\/www.retrocomputing-whv.net\/wp-content\/uploads\/2020\/04\/Logo.png","width":1340,"height":250,"caption":"Retrocomputing-WHV"},"image":{"@id":"https:\/\/www.retrocomputing-whv.net\/#\/schema\/logo\/image\/"}}]}},"_links":{"self":[{"href":"https:\/\/www.retrocomputing-whv.net\/index.php?rest_route=\/wp\/v2\/pages\/719","targetHints":{"allow":["GET"]}}],"collection":[{"href":"https:\/\/www.retrocomputing-whv.net\/index.php?rest_route=\/wp\/v2\/pages"}],"about":[{"href":"https:\/\/www.retrocomputing-whv.net\/index.php?rest_route=\/wp\/v2\/types\/page"}],"author":[{"embeddable":true,"href":"https:\/\/www.retrocomputing-whv.net\/index.php?rest_route=\/wp\/v2\/users\/1"}],"replies":[{"embeddable":true,"href":"https:\/\/www.retrocomputing-whv.net\/index.php?rest_route=%2Fwp%2Fv2%2Fcomments&post=719"}],"version-history":[{"count":0,"href":"https:\/\/www.retrocomputing-whv.net\/index.php?rest_route=\/wp\/v2\/pages\/719\/revisions"}],"up":[{"embeddable":true,"href":"https:\/\/www.retrocomputing-whv.net\/index.php?rest_route=\/wp\/v2\/pages\/825"}],"wp:attachment":[{"href":"https:\/\/www.retrocomputing-whv.net\/index.php?rest_route=%2Fwp%2Fv2%2Fmedia&parent=719"}],"curies":[{"name":"wp","href":"https:\/\/api.w.org\/{rel}","templated":true}]}}