{"id":778,"date":"2020-08-23T11:41:26","date_gmt":"2020-08-23T09:41:26","guid":{"rendered":"https:\/\/www.retrocomputing-whv.net\/?page_id=778"},"modified":"2021-01-16T14:45:43","modified_gmt":"2021-01-16T13:45:43","slug":"markt-und-technik-basic-ohne-probleme-band-1-unterweisung","status":"publish","type":"page","link":"https:\/\/www.retrocomputing-whv.net\/?page_id=778","title":{"rendered":"BASIC ohne Probleme Band 1 &#8211; Unterweisung"},"content":{"rendered":"\n<figure class=\"wp-block-image size-large\"><img loading=\"lazy\" decoding=\"async\" width=\"726\" height=\"1024\" src=\"https:\/\/www.retrocomputing-whv.net\/wp-content\/uploads\/2020\/07\/Markt-und-Technik-BASIC-ohne-Probleme-Band-1-726x1024.jpg\" alt=\"Markt und Technik - BASIC ohne Probleme Band 1\" class=\"wp-image-596\" srcset=\"https:\/\/www.retrocomputing-whv.net\/wp-content\/uploads\/2020\/07\/Markt-und-Technik-BASIC-ohne-Probleme-Band-1-726x1024.jpg 726w, https:\/\/www.retrocomputing-whv.net\/wp-content\/uploads\/2020\/07\/Markt-und-Technik-BASIC-ohne-Probleme-Band-1-213x300.jpg 213w, https:\/\/www.retrocomputing-whv.net\/wp-content\/uploads\/2020\/07\/Markt-und-Technik-BASIC-ohne-Probleme-Band-1-768x1084.jpg 768w, https:\/\/www.retrocomputing-whv.net\/wp-content\/uploads\/2020\/07\/Markt-und-Technik-BASIC-ohne-Probleme-Band-1-1089x1536.jpg 1089w, https:\/\/www.retrocomputing-whv.net\/wp-content\/uploads\/2020\/07\/Markt-und-Technik-BASIC-ohne-Probleme-Band-1.jpg 1200w\" sizes=\"auto, (max-width: 726px) 100vw, 726px\" \/><\/figure>\n\n\n\n<p>Markt und Technik &#8211; Autor Christian Langfelder<br>1. Auflage &#8211; Erscheinungsjahr 1983 &#8211; ISBN 3-922120-25-3<\/p>\n\n\n\n<p>Die Betonung in diesem Handbuch liegt auf dem Erlernen von BASIC. Das geschieht in erster Linie in den Kapiteln 4 bis 9. Trotzdem d\u00fcrfen der Rechner mit seinem Betriebssystem und die Merkmale des Interpreters nicht zu kurz kommen, denn von einem guten Verst\u00e4ndnis dieser Einrichtungen h\u00e4ngt es ab, ob man einen guten Start erwischt und dann flotte Fortschritte macht. Daher Kapitel 1 und 2 zum Kennenlernen des Rechners. Spezielle Fragen des 8032-Systems wurden zum Teil im Anhang untergebracht, der auch ein Glossar enth\u00e4lt, in dem die wichtigsten Fachbegriffe nachgeschlagen werden k\u00f6nnen. Der Stoff in diesem Handbuch ist, wo sinnvoll und erforderlich, mit Querverweisen versehen, die das \u00dcberspringen von Informationen erm\u00f6glichen und bef\u00fcrworten, weil der Anwender bei Bedarf wieder an die ausgelassene Stelle zur\u00fcckgef\u00fchrt werden kann. \u00dcberhaupt ist es sinnvoll, beim ersten Durchgang einige der komplexeren BASIC-Konstruktionen \u2013 etwa READ, DATA, DIM oder die logischen Operatoren \u2013 auszulassen. Es muss sich dabei aber wirklich nur um einen Aufschub handeln, denn gerade diese leistungsf\u00e4higen Anweisungen geh\u00f6ren zum Arsenal eines versierten Programmierers. Zur Vertiefung der in dieser Unterweisung erworbenen Programmierkenntnisse dient BASIC ohne Probleme, Band 2: \u00dcbungen. Dieses im gleichen Verlag erschienene Buch enth\u00e4lt 20 ausgew\u00e4hlte Routinen und Programme zum Veranschaulichen und \u00dcben allgemeiner Programmiertechniken auf CBM 8032-Rechnern.<\/p>\n\n\n\n<p><strong>Inhaltsverzeichnis:<\/strong><\/p>\n\n\n\n<ul class=\"wp-block-list\"><li>Einleitung<\/li><li>Die Verwendung des Handbuches<ul><li>Mit dem Rechner auf Du<\/li><li>Die richtige Verst\u00e4ndigung<\/li><li>Auf die Form kommt es an<\/li><li>Mit BASIC macht der Rechner seinen Namen Ehre<\/li><li>In Schreiben und Lesen eine Eins<\/li><li>Wie BASIC eine Schleife macht<\/li><li>Ausgeborene Intelligenz<\/li><li>Ein Schilderwald?<\/li><li>Entscheidungen \u2026 Entscheidungen<\/li><li>Allgemeine Ein- und Ausgabe<\/li><li>Steuerpult und<\/li><li>Kommandozentrale<\/li><\/ul><\/li><li>Anhang<ul><li>Fehler- und Systemmeldungen<\/li><li>Syntaxbeschreibung der BASIC-Anweisungen<\/li><li>Betriebsarten des Rechners<\/li><li>Anhang f\u00fcr Fortgeschrittene<\/li><li>Glossar<\/li><li>L\u00f6sung der \u00dcbungen und Aufgaben<\/li><li>ASCII-Tabelle<\/li><li>Stichwortverzeichnis<\/li><\/ul><\/li><\/ul>\n\n\n\n<figure class=\"wp-block-image size-large\"><a href=\"https:\/\/www.retrocomputing-whv.net\/?page_id=1200\"><img loading=\"lazy\" decoding=\"async\" width=\"256\" height=\"136\" src=\"https:\/\/www.retrocomputing-whv.net\/wp-content\/uploads\/2020\/08\/Backspace.jpg\" alt=\"Backspace\" class=\"wp-image-681\"\/><\/a><\/figure>\n\n\n\n<p><\/p>\n","protected":false},"excerpt":{"rendered":"<p>Markt und Technik &#8211; Autor Christian Langfelder1. Auflage &#8211; Erscheinungsjahr 1983 &#8211; ISBN 3-922120-25-3 Die Betonung in diesem Handbuch liegt auf dem Erlernen von BASIC. Das geschieht in erster Linie in den Kapiteln 4 bis 9. Trotzdem d\u00fcrfen der Rechner mit seinem Betriebssystem und die Merkmale des Interpreters nicht zu kurz kommen, denn von einem guten Verst\u00e4ndnis dieser Einrichtungen h\u00e4ngt<\/p>\n","protected":false},"author":1,"featured_media":0,"parent":1200,"menu_order":0,"comment_status":"closed","ping_status":"closed","template":"","meta":{"footnotes":""},"class_list":["post-778","page","type-page","status-publish","hentry"],"yoast_head":"<!-- This site is optimized with the Yoast SEO plugin v27.4 - https:\/\/yoast.com\/product\/yoast-seo-wordpress\/ -->\n<title>BASIC ohne Probleme Band 1 - Unterweisung - Retrocomputing WHV<\/title>\n<meta name=\"robots\" content=\"index, follow, max-snippet:-1, max-image-preview:large, max-video-preview:-1\" \/>\n<link rel=\"canonical\" href=\"https:\/\/www.retrocomputing-whv.net\/?page_id=778\" \/>\n<meta property=\"og:locale\" content=\"de_DE\" \/>\n<meta property=\"og:type\" content=\"article\" \/>\n<meta property=\"og:title\" content=\"BASIC ohne Probleme Band 1 - Unterweisung - Retrocomputing WHV\" \/>\n<meta property=\"og:description\" content=\"Markt und Technik &#8211; Autor Christian Langfelder1. Auflage &#8211; Erscheinungsjahr 1983 &#8211; ISBN 3-922120-25-3 Die Betonung in diesem Handbuch liegt auf dem Erlernen von BASIC. Das geschieht in erster Linie in den Kapiteln 4 bis 9. Trotzdem d\u00fcrfen der Rechner mit seinem Betriebssystem und die Merkmale des Interpreters nicht zu kurz kommen, denn von einem guten Verst\u00e4ndnis dieser Einrichtungen h\u00e4ngt\" \/>\n<meta property=\"og:url\" content=\"https:\/\/www.retrocomputing-whv.net\/?page_id=778\" \/>\n<meta property=\"og:site_name\" content=\"Retrocomputing WHV\" \/>\n<meta property=\"article:modified_time\" content=\"2021-01-16T13:45:43+00:00\" \/>\n<meta property=\"og:image\" content=\"https:\/\/www.retrocomputing-whv.net\/wp-content\/uploads\/2020\/07\/Markt-und-Technik-BASIC-ohne-Probleme-Band-1-726x1024.jpg\" \/>\n<meta name=\"twitter:card\" content=\"summary_large_image\" \/>\n<meta name=\"twitter:label1\" content=\"Gesch\u00e4tzte Lesezeit\" \/>\n\t<meta name=\"twitter:data1\" content=\"2\u00a0Minuten\" \/>\n<script type=\"application\/ld+json\" class=\"yoast-schema-graph\">{\"@context\":\"https:\\\/\\\/schema.org\",\"@graph\":[{\"@type\":\"WebPage\",\"@id\":\"https:\\\/\\\/www.retrocomputing-whv.net\\\/?page_id=778\",\"url\":\"https:\\\/\\\/www.retrocomputing-whv.net\\\/?page_id=778\",\"name\":\"BASIC ohne Probleme Band 1 - Unterweisung - Retrocomputing WHV\",\"isPartOf\":{\"@id\":\"https:\\\/\\\/www.retrocomputing-whv.net\\\/#website\"},\"primaryImageOfPage\":{\"@id\":\"https:\\\/\\\/www.retrocomputing-whv.net\\\/?page_id=778#primaryimage\"},\"image\":{\"@id\":\"https:\\\/\\\/www.retrocomputing-whv.net\\\/?page_id=778#primaryimage\"},\"thumbnailUrl\":\"https:\\\/\\\/www.retrocomputing-whv.net\\\/wp-content\\\/uploads\\\/2020\\\/07\\\/Markt-und-Technik-BASIC-ohne-Probleme-Band-1-726x1024.jpg\",\"datePublished\":\"2020-08-23T09:41:26+00:00\",\"dateModified\":\"2021-01-16T13:45:43+00:00\",\"breadcrumb\":{\"@id\":\"https:\\\/\\\/www.retrocomputing-whv.net\\\/?page_id=778#breadcrumb\"},\"inLanguage\":\"de\",\"potentialAction\":[{\"@type\":\"ReadAction\",\"target\":[\"https:\\\/\\\/www.retrocomputing-whv.net\\\/?page_id=778\"]}]},{\"@type\":\"ImageObject\",\"inLanguage\":\"de\",\"@id\":\"https:\\\/\\\/www.retrocomputing-whv.net\\\/?page_id=778#primaryimage\",\"url\":\"https:\\\/\\\/www.retrocomputing-whv.net\\\/wp-content\\\/uploads\\\/2020\\\/07\\\/Markt-und-Technik-BASIC-ohne-Probleme-Band-1.jpg\",\"contentUrl\":\"https:\\\/\\\/www.retrocomputing-whv.net\\\/wp-content\\\/uploads\\\/2020\\\/07\\\/Markt-und-Technik-BASIC-ohne-Probleme-Band-1.jpg\",\"width\":1200,\"height\":1693,\"caption\":\"Markt und Technik - BASIC ohne Probleme Band 1\"},{\"@type\":\"BreadcrumbList\",\"@id\":\"https:\\\/\\\/www.retrocomputing-whv.net\\\/?page_id=778#breadcrumb\",\"itemListElement\":[{\"@type\":\"ListItem\",\"position\":1,\"name\":\"Startseite\",\"item\":\"https:\\\/\\\/www.retrocomputing-whv.net\\\/\"},{\"@type\":\"ListItem\",\"position\":2,\"name\":\"Literatur\",\"item\":\"https:\\\/\\\/www.retrocomputing-whv.net\\\/?page_id=105\"},{\"@type\":\"ListItem\",\"position\":3,\"name\":\"Markt &#038; Technik\",\"item\":\"https:\\\/\\\/www.retrocomputing-whv.net\\\/?page_id=1170\"},{\"@type\":\"ListItem\",\"position\":4,\"name\":\"Verschiedenes\",\"item\":\"https:\\\/\\\/www.retrocomputing-whv.net\\\/?page_id=1200\"},{\"@type\":\"ListItem\",\"position\":5,\"name\":\"BASIC ohne Probleme Band 1 &#8211; Unterweisung\"}]},{\"@type\":\"WebSite\",\"@id\":\"https:\\\/\\\/www.retrocomputing-whv.net\\\/#website\",\"url\":\"https:\\\/\\\/www.retrocomputing-whv.net\\\/\",\"name\":\"Retrocomputing WHV\",\"description\":\"\",\"publisher\":{\"@id\":\"https:\\\/\\\/www.retrocomputing-whv.net\\\/#organization\"},\"potentialAction\":[{\"@type\":\"SearchAction\",\"target\":{\"@type\":\"EntryPoint\",\"urlTemplate\":\"https:\\\/\\\/www.retrocomputing-whv.net\\\/?s={search_term_string}\"},\"query-input\":{\"@type\":\"PropertyValueSpecification\",\"valueRequired\":true,\"valueName\":\"search_term_string\"}}],\"inLanguage\":\"de\"},{\"@type\":\"Organization\",\"@id\":\"https:\\\/\\\/www.retrocomputing-whv.net\\\/#organization\",\"name\":\"Retrocomputing-WHV\",\"url\":\"https:\\\/\\\/www.retrocomputing-whv.net\\\/\",\"logo\":{\"@type\":\"ImageObject\",\"inLanguage\":\"de\",\"@id\":\"https:\\\/\\\/www.retrocomputing-whv.net\\\/#\\\/schema\\\/logo\\\/image\\\/\",\"url\":\"https:\\\/\\\/www.retrocomputing-whv.net\\\/wp-content\\\/uploads\\\/2020\\\/04\\\/Logo.png\",\"contentUrl\":\"https:\\\/\\\/www.retrocomputing-whv.net\\\/wp-content\\\/uploads\\\/2020\\\/04\\\/Logo.png\",\"width\":1340,\"height\":250,\"caption\":\"Retrocomputing-WHV\"},\"image\":{\"@id\":\"https:\\\/\\\/www.retrocomputing-whv.net\\\/#\\\/schema\\\/logo\\\/image\\\/\"}}]}<\/script>\n<!-- \/ Yoast SEO plugin. -->","yoast_head_json":{"title":"BASIC ohne Probleme Band 1 - Unterweisung - Retrocomputing WHV","robots":{"index":"index","follow":"follow","max-snippet":"max-snippet:-1","max-image-preview":"max-image-preview:large","max-video-preview":"max-video-preview:-1"},"canonical":"https:\/\/www.retrocomputing-whv.net\/?page_id=778","og_locale":"de_DE","og_type":"article","og_title":"BASIC ohne Probleme Band 1 - Unterweisung - Retrocomputing WHV","og_description":"Markt und Technik &#8211; Autor Christian Langfelder1. Auflage &#8211; Erscheinungsjahr 1983 &#8211; ISBN 3-922120-25-3 Die Betonung in diesem Handbuch liegt auf dem Erlernen von BASIC. Das geschieht in erster Linie in den Kapiteln 4 bis 9. Trotzdem d\u00fcrfen der Rechner mit seinem Betriebssystem und die Merkmale des Interpreters nicht zu kurz kommen, denn von einem guten Verst\u00e4ndnis dieser Einrichtungen h\u00e4ngt","og_url":"https:\/\/www.retrocomputing-whv.net\/?page_id=778","og_site_name":"Retrocomputing WHV","article_modified_time":"2021-01-16T13:45:43+00:00","og_image":[{"url":"https:\/\/www.retrocomputing-whv.net\/wp-content\/uploads\/2020\/07\/Markt-und-Technik-BASIC-ohne-Probleme-Band-1-726x1024.jpg","type":"","width":"","height":""}],"twitter_card":"summary_large_image","twitter_misc":{"Gesch\u00e4tzte Lesezeit":"2\u00a0Minuten"},"schema":{"@context":"https:\/\/schema.org","@graph":[{"@type":"WebPage","@id":"https:\/\/www.retrocomputing-whv.net\/?page_id=778","url":"https:\/\/www.retrocomputing-whv.net\/?page_id=778","name":"BASIC ohne Probleme Band 1 - Unterweisung - Retrocomputing WHV","isPartOf":{"@id":"https:\/\/www.retrocomputing-whv.net\/#website"},"primaryImageOfPage":{"@id":"https:\/\/www.retrocomputing-whv.net\/?page_id=778#primaryimage"},"image":{"@id":"https:\/\/www.retrocomputing-whv.net\/?page_id=778#primaryimage"},"thumbnailUrl":"https:\/\/www.retrocomputing-whv.net\/wp-content\/uploads\/2020\/07\/Markt-und-Technik-BASIC-ohne-Probleme-Band-1-726x1024.jpg","datePublished":"2020-08-23T09:41:26+00:00","dateModified":"2021-01-16T13:45:43+00:00","breadcrumb":{"@id":"https:\/\/www.retrocomputing-whv.net\/?page_id=778#breadcrumb"},"inLanguage":"de","potentialAction":[{"@type":"ReadAction","target":["https:\/\/www.retrocomputing-whv.net\/?page_id=778"]}]},{"@type":"ImageObject","inLanguage":"de","@id":"https:\/\/www.retrocomputing-whv.net\/?page_id=778#primaryimage","url":"https:\/\/www.retrocomputing-whv.net\/wp-content\/uploads\/2020\/07\/Markt-und-Technik-BASIC-ohne-Probleme-Band-1.jpg","contentUrl":"https:\/\/www.retrocomputing-whv.net\/wp-content\/uploads\/2020\/07\/Markt-und-Technik-BASIC-ohne-Probleme-Band-1.jpg","width":1200,"height":1693,"caption":"Markt und Technik - BASIC ohne Probleme Band 1"},{"@type":"BreadcrumbList","@id":"https:\/\/www.retrocomputing-whv.net\/?page_id=778#breadcrumb","itemListElement":[{"@type":"ListItem","position":1,"name":"Startseite","item":"https:\/\/www.retrocomputing-whv.net\/"},{"@type":"ListItem","position":2,"name":"Literatur","item":"https:\/\/www.retrocomputing-whv.net\/?page_id=105"},{"@type":"ListItem","position":3,"name":"Markt &#038; Technik","item":"https:\/\/www.retrocomputing-whv.net\/?page_id=1170"},{"@type":"ListItem","position":4,"name":"Verschiedenes","item":"https:\/\/www.retrocomputing-whv.net\/?page_id=1200"},{"@type":"ListItem","position":5,"name":"BASIC ohne Probleme Band 1 &#8211; Unterweisung"}]},{"@type":"WebSite","@id":"https:\/\/www.retrocomputing-whv.net\/#website","url":"https:\/\/www.retrocomputing-whv.net\/","name":"Retrocomputing WHV","description":"","publisher":{"@id":"https:\/\/www.retrocomputing-whv.net\/#organization"},"potentialAction":[{"@type":"SearchAction","target":{"@type":"EntryPoint","urlTemplate":"https:\/\/www.retrocomputing-whv.net\/?s={search_term_string}"},"query-input":{"@type":"PropertyValueSpecification","valueRequired":true,"valueName":"search_term_string"}}],"inLanguage":"de"},{"@type":"Organization","@id":"https:\/\/www.retrocomputing-whv.net\/#organization","name":"Retrocomputing-WHV","url":"https:\/\/www.retrocomputing-whv.net\/","logo":{"@type":"ImageObject","inLanguage":"de","@id":"https:\/\/www.retrocomputing-whv.net\/#\/schema\/logo\/image\/","url":"https:\/\/www.retrocomputing-whv.net\/wp-content\/uploads\/2020\/04\/Logo.png","contentUrl":"https:\/\/www.retrocomputing-whv.net\/wp-content\/uploads\/2020\/04\/Logo.png","width":1340,"height":250,"caption":"Retrocomputing-WHV"},"image":{"@id":"https:\/\/www.retrocomputing-whv.net\/#\/schema\/logo\/image\/"}}]}},"_links":{"self":[{"href":"https:\/\/www.retrocomputing-whv.net\/index.php?rest_route=\/wp\/v2\/pages\/778","targetHints":{"allow":["GET"]}}],"collection":[{"href":"https:\/\/www.retrocomputing-whv.net\/index.php?rest_route=\/wp\/v2\/pages"}],"about":[{"href":"https:\/\/www.retrocomputing-whv.net\/index.php?rest_route=\/wp\/v2\/types\/page"}],"author":[{"embeddable":true,"href":"https:\/\/www.retrocomputing-whv.net\/index.php?rest_route=\/wp\/v2\/users\/1"}],"replies":[{"embeddable":true,"href":"https:\/\/www.retrocomputing-whv.net\/index.php?rest_route=%2Fwp%2Fv2%2Fcomments&post=778"}],"version-history":[{"count":3,"href":"https:\/\/www.retrocomputing-whv.net\/index.php?rest_route=\/wp\/v2\/pages\/778\/revisions"}],"predecessor-version":[{"id":1281,"href":"https:\/\/www.retrocomputing-whv.net\/index.php?rest_route=\/wp\/v2\/pages\/778\/revisions\/1281"}],"up":[{"embeddable":true,"href":"https:\/\/www.retrocomputing-whv.net\/index.php?rest_route=\/wp\/v2\/pages\/1200"}],"wp:attachment":[{"href":"https:\/\/www.retrocomputing-whv.net\/index.php?rest_route=%2Fwp%2Fv2%2Fmedia&parent=778"}],"curies":[{"name":"wp","href":"https:\/\/api.w.org\/{rel}","templated":true}]}}