{"id":908,"date":"2020-11-22T16:02:08","date_gmt":"2020-11-22T15:02:08","guid":{"rendered":"https:\/\/www.retrocomputing-whv.net\/?page_id=908"},"modified":"2020-11-22T16:03:21","modified_gmt":"2020-11-22T15:03:21","slug":"das-grosse-geos-buch","status":"publish","type":"page","link":"https:\/\/www.retrocomputing-whv.net\/?page_id=908","title":{"rendered":"Das gro\u00dfe GEOS Buch"},"content":{"rendered":"\n<figure class=\"wp-block-image size-large\"><img loading=\"lazy\" decoding=\"async\" width=\"725\" height=\"1024\" src=\"https:\/\/www.retrocomputing-whv.net\/wp-content\/uploads\/2020\/08\/DATA-BECKER-Das-grosse-GEOS-Buch-725x1024.jpg\" alt=\"DATA BECKER - Das gro\u00dfe GEOS Buch\" class=\"wp-image-646\" srcset=\"https:\/\/www.retrocomputing-whv.net\/wp-content\/uploads\/2020\/08\/DATA-BECKER-Das-grosse-GEOS-Buch-725x1024.jpg 725w, https:\/\/www.retrocomputing-whv.net\/wp-content\/uploads\/2020\/08\/DATA-BECKER-Das-grosse-GEOS-Buch-212x300.jpg 212w, https:\/\/www.retrocomputing-whv.net\/wp-content\/uploads\/2020\/08\/DATA-BECKER-Das-grosse-GEOS-Buch-768x1085.jpg 768w, https:\/\/www.retrocomputing-whv.net\/wp-content\/uploads\/2020\/08\/DATA-BECKER-Das-grosse-GEOS-Buch-1087x1536.jpg 1087w, https:\/\/www.retrocomputing-whv.net\/wp-content\/uploads\/2020\/08\/DATA-BECKER-Das-grosse-GEOS-Buch.jpg 1200w\" sizes=\"auto, (max-width: 725px) 100vw, 725px\" \/><\/figure>\n\n\n\n<p>Ein DATA BECKER Buch &#8211; Autoren Manfred Tornsdorf, R\u00fcdiger Kerkloh<br>1. Auflage &#8211; Erscheinungsjahr 1986 &#8211; ISBN 3-89011-208-0<\/p>\n\n\n\n<p><strong>Das steht drin:<\/strong><br>Vom Einsteiger bis zum Profi \u2013 an vielen Beispielen wird gezeigt, wie man mit GEOS wirklich kreativ arbeiten kann. Und nicht nur das: Dar\u00fcber hinaus gibt es eine Vielzahl von Tipps und Tricks zur Arbeit mit GEOS, was komfortables Erstellen eigener Programme und interessante Erweiterungsm\u00f6glichkeiten angeht. Wichtige Informationen \u00fcber die Funktionsweise von GEOS, zu Einsprungadressen und Parameter\u00fcbergabe komplettieren dieses Buch.<\/p>\n\n\n\n<p><strong>Aus dem Inhalt:<\/strong><\/p>\n\n\n\n<ul class=\"wp-block-list\"><li>Umfassende Einf\u00fchrung in die Arbeit mit GEOS<\/li><li>Eigene Programme mit allen Eigenschaften von GEOS (ICONs, Info-Fenster, Hilfstexte)<\/li><li>Echtzeituhr st\u00e4ndig im Bild<\/li><li>Einzelschrittsimulator<\/li><li>Alarmton und zus\u00e4tzliche Bildschirmeffekte<\/li><li>Fenstertechnik mit einem einzigen Befehl ausnutzen<\/li><li>Maussteuerung durch den IRQ<\/li><li>Das neue GEOS-Fileformat<\/li><li>Speicheraufteilung und die wichtigsten Speicherstellen<\/li><\/ul>\n\n\n\n<figure class=\"wp-block-image size-large\"><a href=\"https:\/\/www.retrocomputing-whv.net\/?page_id=840\"><img loading=\"lazy\" decoding=\"async\" width=\"256\" height=\"136\" src=\"https:\/\/www.retrocomputing-whv.net\/wp-content\/uploads\/2020\/08\/Backspace.jpg\" alt=\"Backspace\" class=\"wp-image-681\"\/><\/a><\/figure>\n","protected":false},"excerpt":{"rendered":"<p>Ein DATA BECKER Buch &#8211; Autoren Manfred Tornsdorf, R\u00fcdiger Kerkloh1. Auflage &#8211; Erscheinungsjahr 1986 &#8211; ISBN 3-89011-208-0 Das steht drin:Vom Einsteiger bis zum Profi \u2013 an vielen Beispielen wird gezeigt, wie man mit GEOS wirklich kreativ arbeiten kann. Und nicht nur das: Dar\u00fcber hinaus gibt es eine Vielzahl von Tipps und Tricks zur Arbeit mit GEOS, was komfortables Erstellen eigener<\/p>\n","protected":false},"author":1,"featured_media":0,"parent":840,"menu_order":0,"comment_status":"closed","ping_status":"closed","template":"","meta":{"footnotes":""},"class_list":["post-908","page","type-page","status-publish","hentry"],"yoast_head":"<!-- This site is optimized with the Yoast SEO plugin v27.5 - https:\/\/yoast.com\/product\/yoast-seo-wordpress\/ -->\n<title>Das gro\u00dfe GEOS Buch - Retrocomputing WHV<\/title>\n<meta name=\"robots\" content=\"index, follow, max-snippet:-1, max-image-preview:large, max-video-preview:-1\" \/>\n<link rel=\"canonical\" href=\"https:\/\/www.retrocomputing-whv.net\/?page_id=908\" \/>\n<meta property=\"og:locale\" content=\"de_DE\" \/>\n<meta property=\"og:type\" content=\"article\" \/>\n<meta property=\"og:title\" content=\"Das gro\u00dfe GEOS Buch - Retrocomputing WHV\" \/>\n<meta property=\"og:description\" content=\"Ein DATA BECKER Buch &#8211; Autoren Manfred Tornsdorf, R\u00fcdiger Kerkloh1. Auflage &#8211; Erscheinungsjahr 1986 &#8211; ISBN 3-89011-208-0 Das steht drin:Vom Einsteiger bis zum Profi \u2013 an vielen Beispielen wird gezeigt, wie man mit GEOS wirklich kreativ arbeiten kann. Und nicht nur das: Dar\u00fcber hinaus gibt es eine Vielzahl von Tipps und Tricks zur Arbeit mit GEOS, was komfortables Erstellen eigener\" \/>\n<meta property=\"og:url\" content=\"https:\/\/www.retrocomputing-whv.net\/?page_id=908\" \/>\n<meta property=\"og:site_name\" content=\"Retrocomputing WHV\" \/>\n<meta property=\"article:modified_time\" content=\"2020-11-22T15:03:21+00:00\" \/>\n<meta property=\"og:image\" content=\"https:\/\/www.retrocomputing-whv.net\/wp-content\/uploads\/2020\/08\/DATA-BECKER-Das-grosse-GEOS-Buch-725x1024.jpg\" \/>\n<meta name=\"twitter:card\" content=\"summary_large_image\" \/>\n<meta name=\"twitter:label1\" content=\"Gesch\u00e4tzte Lesezeit\" \/>\n\t<meta name=\"twitter:data1\" content=\"1\u00a0Minute\" \/>\n<script type=\"application\/ld+json\" class=\"yoast-schema-graph\">{\"@context\":\"https:\\\/\\\/schema.org\",\"@graph\":[{\"@type\":\"WebPage\",\"@id\":\"https:\\\/\\\/www.retrocomputing-whv.net\\\/?page_id=908\",\"url\":\"https:\\\/\\\/www.retrocomputing-whv.net\\\/?page_id=908\",\"name\":\"Das gro\u00dfe GEOS Buch - Retrocomputing WHV\",\"isPartOf\":{\"@id\":\"https:\\\/\\\/www.retrocomputing-whv.net\\\/#website\"},\"primaryImageOfPage\":{\"@id\":\"https:\\\/\\\/www.retrocomputing-whv.net\\\/?page_id=908#primaryimage\"},\"image\":{\"@id\":\"https:\\\/\\\/www.retrocomputing-whv.net\\\/?page_id=908#primaryimage\"},\"thumbnailUrl\":\"https:\\\/\\\/www.retrocomputing-whv.net\\\/wp-content\\\/uploads\\\/2020\\\/08\\\/DATA-BECKER-Das-grosse-GEOS-Buch-725x1024.jpg\",\"datePublished\":\"2020-11-22T15:02:08+00:00\",\"dateModified\":\"2020-11-22T15:03:21+00:00\",\"breadcrumb\":{\"@id\":\"https:\\\/\\\/www.retrocomputing-whv.net\\\/?page_id=908#breadcrumb\"},\"inLanguage\":\"de\",\"potentialAction\":[{\"@type\":\"ReadAction\",\"target\":[\"https:\\\/\\\/www.retrocomputing-whv.net\\\/?page_id=908\"]}]},{\"@type\":\"ImageObject\",\"inLanguage\":\"de\",\"@id\":\"https:\\\/\\\/www.retrocomputing-whv.net\\\/?page_id=908#primaryimage\",\"url\":\"https:\\\/\\\/www.retrocomputing-whv.net\\\/wp-content\\\/uploads\\\/2020\\\/08\\\/DATA-BECKER-Das-grosse-GEOS-Buch.jpg\",\"contentUrl\":\"https:\\\/\\\/www.retrocomputing-whv.net\\\/wp-content\\\/uploads\\\/2020\\\/08\\\/DATA-BECKER-Das-grosse-GEOS-Buch.jpg\",\"width\":1200,\"height\":1695,\"caption\":\"DATA BECKER - Das gro\u00dfe GEOS Buch\"},{\"@type\":\"BreadcrumbList\",\"@id\":\"https:\\\/\\\/www.retrocomputing-whv.net\\\/?page_id=908#breadcrumb\",\"itemListElement\":[{\"@type\":\"ListItem\",\"position\":1,\"name\":\"Startseite\",\"item\":\"https:\\\/\\\/www.retrocomputing-whv.net\\\/\"},{\"@type\":\"ListItem\",\"position\":2,\"name\":\"Literatur\",\"item\":\"https:\\\/\\\/www.retrocomputing-whv.net\\\/?page_id=105\"},{\"@type\":\"ListItem\",\"position\":3,\"name\":\"DATA BECKER\",\"item\":\"https:\\\/\\\/www.retrocomputing-whv.net\\\/?page_id=807\"},{\"@type\":\"ListItem\",\"position\":4,\"name\":\"Commodore 64\",\"item\":\"https:\\\/\\\/www.retrocomputing-whv.net\\\/?page_id=840\"},{\"@type\":\"ListItem\",\"position\":5,\"name\":\"Das gro\u00dfe GEOS Buch\"}]},{\"@type\":\"WebSite\",\"@id\":\"https:\\\/\\\/www.retrocomputing-whv.net\\\/#website\",\"url\":\"https:\\\/\\\/www.retrocomputing-whv.net\\\/\",\"name\":\"Retrocomputing WHV\",\"description\":\"\",\"publisher\":{\"@id\":\"https:\\\/\\\/www.retrocomputing-whv.net\\\/#organization\"},\"potentialAction\":[{\"@type\":\"SearchAction\",\"target\":{\"@type\":\"EntryPoint\",\"urlTemplate\":\"https:\\\/\\\/www.retrocomputing-whv.net\\\/?s={search_term_string}\"},\"query-input\":{\"@type\":\"PropertyValueSpecification\",\"valueRequired\":true,\"valueName\":\"search_term_string\"}}],\"inLanguage\":\"de\"},{\"@type\":\"Organization\",\"@id\":\"https:\\\/\\\/www.retrocomputing-whv.net\\\/#organization\",\"name\":\"Retrocomputing-WHV\",\"url\":\"https:\\\/\\\/www.retrocomputing-whv.net\\\/\",\"logo\":{\"@type\":\"ImageObject\",\"inLanguage\":\"de\",\"@id\":\"https:\\\/\\\/www.retrocomputing-whv.net\\\/#\\\/schema\\\/logo\\\/image\\\/\",\"url\":\"https:\\\/\\\/www.retrocomputing-whv.net\\\/wp-content\\\/uploads\\\/2020\\\/04\\\/Logo.png\",\"contentUrl\":\"https:\\\/\\\/www.retrocomputing-whv.net\\\/wp-content\\\/uploads\\\/2020\\\/04\\\/Logo.png\",\"width\":1340,\"height\":250,\"caption\":\"Retrocomputing-WHV\"},\"image\":{\"@id\":\"https:\\\/\\\/www.retrocomputing-whv.net\\\/#\\\/schema\\\/logo\\\/image\\\/\"}}]}<\/script>\n<!-- \/ Yoast SEO plugin. -->","yoast_head_json":{"title":"Das gro\u00dfe GEOS Buch - Retrocomputing WHV","robots":{"index":"index","follow":"follow","max-snippet":"max-snippet:-1","max-image-preview":"max-image-preview:large","max-video-preview":"max-video-preview:-1"},"canonical":"https:\/\/www.retrocomputing-whv.net\/?page_id=908","og_locale":"de_DE","og_type":"article","og_title":"Das gro\u00dfe GEOS Buch - Retrocomputing WHV","og_description":"Ein DATA BECKER Buch &#8211; Autoren Manfred Tornsdorf, R\u00fcdiger Kerkloh1. Auflage &#8211; Erscheinungsjahr 1986 &#8211; ISBN 3-89011-208-0 Das steht drin:Vom Einsteiger bis zum Profi \u2013 an vielen Beispielen wird gezeigt, wie man mit GEOS wirklich kreativ arbeiten kann. Und nicht nur das: Dar\u00fcber hinaus gibt es eine Vielzahl von Tipps und Tricks zur Arbeit mit GEOS, was komfortables Erstellen eigener","og_url":"https:\/\/www.retrocomputing-whv.net\/?page_id=908","og_site_name":"Retrocomputing WHV","article_modified_time":"2020-11-22T15:03:21+00:00","og_image":[{"url":"https:\/\/www.retrocomputing-whv.net\/wp-content\/uploads\/2020\/08\/DATA-BECKER-Das-grosse-GEOS-Buch-725x1024.jpg","type":"","width":"","height":""}],"twitter_card":"summary_large_image","twitter_misc":{"Gesch\u00e4tzte Lesezeit":"1\u00a0Minute"},"schema":{"@context":"https:\/\/schema.org","@graph":[{"@type":"WebPage","@id":"https:\/\/www.retrocomputing-whv.net\/?page_id=908","url":"https:\/\/www.retrocomputing-whv.net\/?page_id=908","name":"Das gro\u00dfe GEOS Buch - Retrocomputing WHV","isPartOf":{"@id":"https:\/\/www.retrocomputing-whv.net\/#website"},"primaryImageOfPage":{"@id":"https:\/\/www.retrocomputing-whv.net\/?page_id=908#primaryimage"},"image":{"@id":"https:\/\/www.retrocomputing-whv.net\/?page_id=908#primaryimage"},"thumbnailUrl":"https:\/\/www.retrocomputing-whv.net\/wp-content\/uploads\/2020\/08\/DATA-BECKER-Das-grosse-GEOS-Buch-725x1024.jpg","datePublished":"2020-11-22T15:02:08+00:00","dateModified":"2020-11-22T15:03:21+00:00","breadcrumb":{"@id":"https:\/\/www.retrocomputing-whv.net\/?page_id=908#breadcrumb"},"inLanguage":"de","potentialAction":[{"@type":"ReadAction","target":["https:\/\/www.retrocomputing-whv.net\/?page_id=908"]}]},{"@type":"ImageObject","inLanguage":"de","@id":"https:\/\/www.retrocomputing-whv.net\/?page_id=908#primaryimage","url":"https:\/\/www.retrocomputing-whv.net\/wp-content\/uploads\/2020\/08\/DATA-BECKER-Das-grosse-GEOS-Buch.jpg","contentUrl":"https:\/\/www.retrocomputing-whv.net\/wp-content\/uploads\/2020\/08\/DATA-BECKER-Das-grosse-GEOS-Buch.jpg","width":1200,"height":1695,"caption":"DATA BECKER - Das gro\u00dfe GEOS Buch"},{"@type":"BreadcrumbList","@id":"https:\/\/www.retrocomputing-whv.net\/?page_id=908#breadcrumb","itemListElement":[{"@type":"ListItem","position":1,"name":"Startseite","item":"https:\/\/www.retrocomputing-whv.net\/"},{"@type":"ListItem","position":2,"name":"Literatur","item":"https:\/\/www.retrocomputing-whv.net\/?page_id=105"},{"@type":"ListItem","position":3,"name":"DATA BECKER","item":"https:\/\/www.retrocomputing-whv.net\/?page_id=807"},{"@type":"ListItem","position":4,"name":"Commodore 64","item":"https:\/\/www.retrocomputing-whv.net\/?page_id=840"},{"@type":"ListItem","position":5,"name":"Das gro\u00dfe GEOS Buch"}]},{"@type":"WebSite","@id":"https:\/\/www.retrocomputing-whv.net\/#website","url":"https:\/\/www.retrocomputing-whv.net\/","name":"Retrocomputing WHV","description":"","publisher":{"@id":"https:\/\/www.retrocomputing-whv.net\/#organization"},"potentialAction":[{"@type":"SearchAction","target":{"@type":"EntryPoint","urlTemplate":"https:\/\/www.retrocomputing-whv.net\/?s={search_term_string}"},"query-input":{"@type":"PropertyValueSpecification","valueRequired":true,"valueName":"search_term_string"}}],"inLanguage":"de"},{"@type":"Organization","@id":"https:\/\/www.retrocomputing-whv.net\/#organization","name":"Retrocomputing-WHV","url":"https:\/\/www.retrocomputing-whv.net\/","logo":{"@type":"ImageObject","inLanguage":"de","@id":"https:\/\/www.retrocomputing-whv.net\/#\/schema\/logo\/image\/","url":"https:\/\/www.retrocomputing-whv.net\/wp-content\/uploads\/2020\/04\/Logo.png","contentUrl":"https:\/\/www.retrocomputing-whv.net\/wp-content\/uploads\/2020\/04\/Logo.png","width":1340,"height":250,"caption":"Retrocomputing-WHV"},"image":{"@id":"https:\/\/www.retrocomputing-whv.net\/#\/schema\/logo\/image\/"}}]}},"_links":{"self":[{"href":"https:\/\/www.retrocomputing-whv.net\/index.php?rest_route=\/wp\/v2\/pages\/908","targetHints":{"allow":["GET"]}}],"collection":[{"href":"https:\/\/www.retrocomputing-whv.net\/index.php?rest_route=\/wp\/v2\/pages"}],"about":[{"href":"https:\/\/www.retrocomputing-whv.net\/index.php?rest_route=\/wp\/v2\/types\/page"}],"author":[{"embeddable":true,"href":"https:\/\/www.retrocomputing-whv.net\/index.php?rest_route=\/wp\/v2\/users\/1"}],"replies":[{"embeddable":true,"href":"https:\/\/www.retrocomputing-whv.net\/index.php?rest_route=%2Fwp%2Fv2%2Fcomments&post=908"}],"version-history":[{"count":0,"href":"https:\/\/www.retrocomputing-whv.net\/index.php?rest_route=\/wp\/v2\/pages\/908\/revisions"}],"up":[{"embeddable":true,"href":"https:\/\/www.retrocomputing-whv.net\/index.php?rest_route=\/wp\/v2\/pages\/840"}],"wp:attachment":[{"href":"https:\/\/www.retrocomputing-whv.net\/index.php?rest_route=%2Fwp%2Fv2%2Fmedia&parent=908"}],"curies":[{"name":"wp","href":"https:\/\/api.w.org\/{rel}","templated":true}]}}