{"id":914,"date":"2020-11-22T17:00:10","date_gmt":"2020-11-22T16:00:10","guid":{"rendered":"https:\/\/www.retrocomputing-whv.net\/?page_id=914"},"modified":"2020-11-22T17:01:55","modified_gmt":"2020-11-22T16:01:55","slug":"geos-tips-tricks","status":"publish","type":"page","link":"https:\/\/www.retrocomputing-whv.net\/?page_id=914","title":{"rendered":"GEOS Tips &#038; Tricks"},"content":{"rendered":"\n<figure class=\"wp-block-image size-large\"><img loading=\"lazy\" decoding=\"async\" width=\"735\" height=\"1024\" src=\"https:\/\/www.retrocomputing-whv.net\/wp-content\/uploads\/2020\/04\/DATA-BECKER-GEOS-Tips-und-Tricks-735x1024.jpg\" alt=\"DATA BECKER - GEOS Tips und Tricks\" class=\"wp-image-411\" srcset=\"https:\/\/www.retrocomputing-whv.net\/wp-content\/uploads\/2020\/04\/DATA-BECKER-GEOS-Tips-und-Tricks-735x1024.jpg 735w, https:\/\/www.retrocomputing-whv.net\/wp-content\/uploads\/2020\/04\/DATA-BECKER-GEOS-Tips-und-Tricks-215x300.jpg 215w, https:\/\/www.retrocomputing-whv.net\/wp-content\/uploads\/2020\/04\/DATA-BECKER-GEOS-Tips-und-Tricks-768x1070.jpg 768w, https:\/\/www.retrocomputing-whv.net\/wp-content\/uploads\/2020\/04\/DATA-BECKER-GEOS-Tips-und-Tricks-1102x1536.jpg 1102w, https:\/\/www.retrocomputing-whv.net\/wp-content\/uploads\/2020\/04\/DATA-BECKER-GEOS-Tips-und-Tricks.jpg 1200w\" sizes=\"auto, (max-width: 735px) 100vw, 735px\" \/><\/figure>\n\n\n\n<p>Ein DATA BECKER Buch &#8211; Autor Manfred Tornsdorf, R\u00fcdiger Kerkloh<br>1. Auflage &#8211; Erscheinungsjahr 1987 &#8211; ISBN 3-89011-261-7<\/p>\n\n\n\n<p><strong>Das steht drin:<\/strong><br>Das ist unglaublich! Was die Autoren dieses Buches an Tips und Tricks zur Arbeit mit GEOS zusammengetragen haben, ist nicht nur eine F\u00fclle von Tips und Hilfsprogrammen, sondern bietet auch jedem genug Hilfestellung: dem Einsteiger, dem Fortgeschrittenen und dem Profi. Wer h\u00e4tte gedacht, da\u00df nach dem Erfolg des gro\u00dfen GEOS-Buches noch eine Steigerung m\u00f6glich w\u00e4re.<\/p>\n\n\n\n<p><strong>Aus dem Inhalt:<\/strong><\/p>\n\n\n\n<ul class=\"wp-block-list\"><li>57 hochkar\u00e4tige Tips und Tricks aus der t\u00e4glichen Arbeit mit GEOS: Serienbriefe mit GEOWRITE, deutsche Fehlermeldungen, GEOS Warmstart aus BASIC, Turbo Cursor, optimale Randeinstellung in GEOWRITE<\/li><li>HARD-Copy &#8211; jederzeit den aktuellen Bildschirm auf der Diskette speichern<\/li><li>Sicherheitskopie &#8211; GEOS von einer Kopie booten<\/li><li>NOTES und GEOWRITE-Texte im Schnellverfahren drucken<\/li><li>Texte aus anderen Textverarbeitungen (z.B. TEXTOMAT PLUS) einfach in GEOWRITE weiterverwenden<\/li><li>EDMON &#8211; ein kompletter Maschinensprache-Monitor f\u00fcr GEOS als Accessory kann jederzeit geladen werden<\/li><li>FONT-Editor &#8211; bestehende Fonts ver\u00e4ndern und v\u00f6llig neue erstellen: deutsche Umlaute, Blocksatz<\/li><li>GEOS-Sprungtabelle: 150 fertige Routinen zur Programmierung mit Funktion und notwendigen Parametern<\/li><\/ul>\n\n\n\n<figure class=\"wp-block-image size-large\"><a href=\"https:\/\/www.retrocomputing-whv.net\/?page_id=840\"><img loading=\"lazy\" decoding=\"async\" width=\"256\" height=\"136\" src=\"https:\/\/www.retrocomputing-whv.net\/wp-content\/uploads\/2020\/08\/Backspace.jpg\" alt=\"Backspace\" class=\"wp-image-681\"\/><\/a><\/figure>\n","protected":false},"excerpt":{"rendered":"<p>Ein DATA BECKER Buch &#8211; Autor Manfred Tornsdorf, R\u00fcdiger Kerkloh1. Auflage &#8211; Erscheinungsjahr 1987 &#8211; ISBN 3-89011-261-7 Das steht drin:Das ist unglaublich! Was die Autoren dieses Buches an Tips und Tricks zur Arbeit mit GEOS zusammengetragen haben, ist nicht nur eine F\u00fclle von Tips und Hilfsprogrammen, sondern bietet auch jedem genug Hilfestellung: dem Einsteiger, dem Fortgeschrittenen und dem Profi. Wer<\/p>\n","protected":false},"author":1,"featured_media":0,"parent":840,"menu_order":0,"comment_status":"closed","ping_status":"closed","template":"","meta":{"footnotes":""},"class_list":["post-914","page","type-page","status-publish","hentry"],"yoast_head":"<!-- This site is optimized with the Yoast SEO plugin v27.5 - https:\/\/yoast.com\/product\/yoast-seo-wordpress\/ -->\n<title>GEOS Tips &amp; Tricks - Retrocomputing WHV<\/title>\n<meta name=\"robots\" content=\"index, follow, max-snippet:-1, max-image-preview:large, max-video-preview:-1\" \/>\n<link rel=\"canonical\" href=\"https:\/\/www.retrocomputing-whv.net\/?page_id=914\" \/>\n<meta property=\"og:locale\" content=\"de_DE\" \/>\n<meta property=\"og:type\" content=\"article\" \/>\n<meta property=\"og:title\" content=\"GEOS Tips &amp; Tricks - Retrocomputing WHV\" \/>\n<meta property=\"og:description\" content=\"Ein DATA BECKER Buch &#8211; Autor Manfred Tornsdorf, R\u00fcdiger Kerkloh1. Auflage &#8211; Erscheinungsjahr 1987 &#8211; ISBN 3-89011-261-7 Das steht drin:Das ist unglaublich! Was die Autoren dieses Buches an Tips und Tricks zur Arbeit mit GEOS zusammengetragen haben, ist nicht nur eine F\u00fclle von Tips und Hilfsprogrammen, sondern bietet auch jedem genug Hilfestellung: dem Einsteiger, dem Fortgeschrittenen und dem Profi. Wer\" \/>\n<meta property=\"og:url\" content=\"https:\/\/www.retrocomputing-whv.net\/?page_id=914\" \/>\n<meta property=\"og:site_name\" content=\"Retrocomputing WHV\" \/>\n<meta property=\"article:modified_time\" content=\"2020-11-22T16:01:55+00:00\" \/>\n<meta property=\"og:image\" content=\"https:\/\/www.retrocomputing-whv.net\/wp-content\/uploads\/2020\/04\/DATA-BECKER-GEOS-Tips-und-Tricks-735x1024.jpg\" \/>\n<meta name=\"twitter:card\" content=\"summary_large_image\" \/>\n<meta name=\"twitter:label1\" content=\"Gesch\u00e4tzte Lesezeit\" \/>\n\t<meta name=\"twitter:data1\" content=\"1\u00a0Minute\" \/>\n<script type=\"application\/ld+json\" class=\"yoast-schema-graph\">{\"@context\":\"https:\\\/\\\/schema.org\",\"@graph\":[{\"@type\":\"WebPage\",\"@id\":\"https:\\\/\\\/www.retrocomputing-whv.net\\\/?page_id=914\",\"url\":\"https:\\\/\\\/www.retrocomputing-whv.net\\\/?page_id=914\",\"name\":\"GEOS Tips & Tricks - Retrocomputing WHV\",\"isPartOf\":{\"@id\":\"https:\\\/\\\/www.retrocomputing-whv.net\\\/#website\"},\"primaryImageOfPage\":{\"@id\":\"https:\\\/\\\/www.retrocomputing-whv.net\\\/?page_id=914#primaryimage\"},\"image\":{\"@id\":\"https:\\\/\\\/www.retrocomputing-whv.net\\\/?page_id=914#primaryimage\"},\"thumbnailUrl\":\"https:\\\/\\\/www.retrocomputing-whv.net\\\/wp-content\\\/uploads\\\/2020\\\/04\\\/DATA-BECKER-GEOS-Tips-und-Tricks-735x1024.jpg\",\"datePublished\":\"2020-11-22T16:00:10+00:00\",\"dateModified\":\"2020-11-22T16:01:55+00:00\",\"breadcrumb\":{\"@id\":\"https:\\\/\\\/www.retrocomputing-whv.net\\\/?page_id=914#breadcrumb\"},\"inLanguage\":\"de\",\"potentialAction\":[{\"@type\":\"ReadAction\",\"target\":[\"https:\\\/\\\/www.retrocomputing-whv.net\\\/?page_id=914\"]}]},{\"@type\":\"ImageObject\",\"inLanguage\":\"de\",\"@id\":\"https:\\\/\\\/www.retrocomputing-whv.net\\\/?page_id=914#primaryimage\",\"url\":\"https:\\\/\\\/www.retrocomputing-whv.net\\\/wp-content\\\/uploads\\\/2020\\\/04\\\/DATA-BECKER-GEOS-Tips-und-Tricks.jpg\",\"contentUrl\":\"https:\\\/\\\/www.retrocomputing-whv.net\\\/wp-content\\\/uploads\\\/2020\\\/04\\\/DATA-BECKER-GEOS-Tips-und-Tricks.jpg\",\"width\":1200,\"height\":1672,\"caption\":\"DATA BECKER - GEOS Tips und Tricks\"},{\"@type\":\"BreadcrumbList\",\"@id\":\"https:\\\/\\\/www.retrocomputing-whv.net\\\/?page_id=914#breadcrumb\",\"itemListElement\":[{\"@type\":\"ListItem\",\"position\":1,\"name\":\"Startseite\",\"item\":\"https:\\\/\\\/www.retrocomputing-whv.net\\\/\"},{\"@type\":\"ListItem\",\"position\":2,\"name\":\"Literatur\",\"item\":\"https:\\\/\\\/www.retrocomputing-whv.net\\\/?page_id=105\"},{\"@type\":\"ListItem\",\"position\":3,\"name\":\"DATA BECKER\",\"item\":\"https:\\\/\\\/www.retrocomputing-whv.net\\\/?page_id=807\"},{\"@type\":\"ListItem\",\"position\":4,\"name\":\"Commodore 64\",\"item\":\"https:\\\/\\\/www.retrocomputing-whv.net\\\/?page_id=840\"},{\"@type\":\"ListItem\",\"position\":5,\"name\":\"GEOS Tips &#038; Tricks\"}]},{\"@type\":\"WebSite\",\"@id\":\"https:\\\/\\\/www.retrocomputing-whv.net\\\/#website\",\"url\":\"https:\\\/\\\/www.retrocomputing-whv.net\\\/\",\"name\":\"Retrocomputing WHV\",\"description\":\"\",\"publisher\":{\"@id\":\"https:\\\/\\\/www.retrocomputing-whv.net\\\/#organization\"},\"potentialAction\":[{\"@type\":\"SearchAction\",\"target\":{\"@type\":\"EntryPoint\",\"urlTemplate\":\"https:\\\/\\\/www.retrocomputing-whv.net\\\/?s={search_term_string}\"},\"query-input\":{\"@type\":\"PropertyValueSpecification\",\"valueRequired\":true,\"valueName\":\"search_term_string\"}}],\"inLanguage\":\"de\"},{\"@type\":\"Organization\",\"@id\":\"https:\\\/\\\/www.retrocomputing-whv.net\\\/#organization\",\"name\":\"Retrocomputing-WHV\",\"url\":\"https:\\\/\\\/www.retrocomputing-whv.net\\\/\",\"logo\":{\"@type\":\"ImageObject\",\"inLanguage\":\"de\",\"@id\":\"https:\\\/\\\/www.retrocomputing-whv.net\\\/#\\\/schema\\\/logo\\\/image\\\/\",\"url\":\"https:\\\/\\\/www.retrocomputing-whv.net\\\/wp-content\\\/uploads\\\/2020\\\/04\\\/Logo.png\",\"contentUrl\":\"https:\\\/\\\/www.retrocomputing-whv.net\\\/wp-content\\\/uploads\\\/2020\\\/04\\\/Logo.png\",\"width\":1340,\"height\":250,\"caption\":\"Retrocomputing-WHV\"},\"image\":{\"@id\":\"https:\\\/\\\/www.retrocomputing-whv.net\\\/#\\\/schema\\\/logo\\\/image\\\/\"}}]}<\/script>\n<!-- \/ Yoast SEO plugin. -->","yoast_head_json":{"title":"GEOS Tips & Tricks - Retrocomputing WHV","robots":{"index":"index","follow":"follow","max-snippet":"max-snippet:-1","max-image-preview":"max-image-preview:large","max-video-preview":"max-video-preview:-1"},"canonical":"https:\/\/www.retrocomputing-whv.net\/?page_id=914","og_locale":"de_DE","og_type":"article","og_title":"GEOS Tips & Tricks - Retrocomputing WHV","og_description":"Ein DATA BECKER Buch &#8211; Autor Manfred Tornsdorf, R\u00fcdiger Kerkloh1. Auflage &#8211; Erscheinungsjahr 1987 &#8211; ISBN 3-89011-261-7 Das steht drin:Das ist unglaublich! Was die Autoren dieses Buches an Tips und Tricks zur Arbeit mit GEOS zusammengetragen haben, ist nicht nur eine F\u00fclle von Tips und Hilfsprogrammen, sondern bietet auch jedem genug Hilfestellung: dem Einsteiger, dem Fortgeschrittenen und dem Profi. Wer","og_url":"https:\/\/www.retrocomputing-whv.net\/?page_id=914","og_site_name":"Retrocomputing WHV","article_modified_time":"2020-11-22T16:01:55+00:00","og_image":[{"url":"https:\/\/www.retrocomputing-whv.net\/wp-content\/uploads\/2020\/04\/DATA-BECKER-GEOS-Tips-und-Tricks-735x1024.jpg","type":"","width":"","height":""}],"twitter_card":"summary_large_image","twitter_misc":{"Gesch\u00e4tzte Lesezeit":"1\u00a0Minute"},"schema":{"@context":"https:\/\/schema.org","@graph":[{"@type":"WebPage","@id":"https:\/\/www.retrocomputing-whv.net\/?page_id=914","url":"https:\/\/www.retrocomputing-whv.net\/?page_id=914","name":"GEOS Tips & Tricks - Retrocomputing WHV","isPartOf":{"@id":"https:\/\/www.retrocomputing-whv.net\/#website"},"primaryImageOfPage":{"@id":"https:\/\/www.retrocomputing-whv.net\/?page_id=914#primaryimage"},"image":{"@id":"https:\/\/www.retrocomputing-whv.net\/?page_id=914#primaryimage"},"thumbnailUrl":"https:\/\/www.retrocomputing-whv.net\/wp-content\/uploads\/2020\/04\/DATA-BECKER-GEOS-Tips-und-Tricks-735x1024.jpg","datePublished":"2020-11-22T16:00:10+00:00","dateModified":"2020-11-22T16:01:55+00:00","breadcrumb":{"@id":"https:\/\/www.retrocomputing-whv.net\/?page_id=914#breadcrumb"},"inLanguage":"de","potentialAction":[{"@type":"ReadAction","target":["https:\/\/www.retrocomputing-whv.net\/?page_id=914"]}]},{"@type":"ImageObject","inLanguage":"de","@id":"https:\/\/www.retrocomputing-whv.net\/?page_id=914#primaryimage","url":"https:\/\/www.retrocomputing-whv.net\/wp-content\/uploads\/2020\/04\/DATA-BECKER-GEOS-Tips-und-Tricks.jpg","contentUrl":"https:\/\/www.retrocomputing-whv.net\/wp-content\/uploads\/2020\/04\/DATA-BECKER-GEOS-Tips-und-Tricks.jpg","width":1200,"height":1672,"caption":"DATA BECKER - GEOS Tips und Tricks"},{"@type":"BreadcrumbList","@id":"https:\/\/www.retrocomputing-whv.net\/?page_id=914#breadcrumb","itemListElement":[{"@type":"ListItem","position":1,"name":"Startseite","item":"https:\/\/www.retrocomputing-whv.net\/"},{"@type":"ListItem","position":2,"name":"Literatur","item":"https:\/\/www.retrocomputing-whv.net\/?page_id=105"},{"@type":"ListItem","position":3,"name":"DATA BECKER","item":"https:\/\/www.retrocomputing-whv.net\/?page_id=807"},{"@type":"ListItem","position":4,"name":"Commodore 64","item":"https:\/\/www.retrocomputing-whv.net\/?page_id=840"},{"@type":"ListItem","position":5,"name":"GEOS Tips &#038; Tricks"}]},{"@type":"WebSite","@id":"https:\/\/www.retrocomputing-whv.net\/#website","url":"https:\/\/www.retrocomputing-whv.net\/","name":"Retrocomputing WHV","description":"","publisher":{"@id":"https:\/\/www.retrocomputing-whv.net\/#organization"},"potentialAction":[{"@type":"SearchAction","target":{"@type":"EntryPoint","urlTemplate":"https:\/\/www.retrocomputing-whv.net\/?s={search_term_string}"},"query-input":{"@type":"PropertyValueSpecification","valueRequired":true,"valueName":"search_term_string"}}],"inLanguage":"de"},{"@type":"Organization","@id":"https:\/\/www.retrocomputing-whv.net\/#organization","name":"Retrocomputing-WHV","url":"https:\/\/www.retrocomputing-whv.net\/","logo":{"@type":"ImageObject","inLanguage":"de","@id":"https:\/\/www.retrocomputing-whv.net\/#\/schema\/logo\/image\/","url":"https:\/\/www.retrocomputing-whv.net\/wp-content\/uploads\/2020\/04\/Logo.png","contentUrl":"https:\/\/www.retrocomputing-whv.net\/wp-content\/uploads\/2020\/04\/Logo.png","width":1340,"height":250,"caption":"Retrocomputing-WHV"},"image":{"@id":"https:\/\/www.retrocomputing-whv.net\/#\/schema\/logo\/image\/"}}]}},"_links":{"self":[{"href":"https:\/\/www.retrocomputing-whv.net\/index.php?rest_route=\/wp\/v2\/pages\/914","targetHints":{"allow":["GET"]}}],"collection":[{"href":"https:\/\/www.retrocomputing-whv.net\/index.php?rest_route=\/wp\/v2\/pages"}],"about":[{"href":"https:\/\/www.retrocomputing-whv.net\/index.php?rest_route=\/wp\/v2\/types\/page"}],"author":[{"embeddable":true,"href":"https:\/\/www.retrocomputing-whv.net\/index.php?rest_route=\/wp\/v2\/users\/1"}],"replies":[{"embeddable":true,"href":"https:\/\/www.retrocomputing-whv.net\/index.php?rest_route=%2Fwp%2Fv2%2Fcomments&post=914"}],"version-history":[{"count":0,"href":"https:\/\/www.retrocomputing-whv.net\/index.php?rest_route=\/wp\/v2\/pages\/914\/revisions"}],"up":[{"embeddable":true,"href":"https:\/\/www.retrocomputing-whv.net\/index.php?rest_route=\/wp\/v2\/pages\/840"}],"wp:attachment":[{"href":"https:\/\/www.retrocomputing-whv.net\/index.php?rest_route=%2Fwp%2Fv2%2Fmedia&parent=914"}],"curies":[{"name":"wp","href":"https:\/\/api.w.org\/{rel}","templated":true}]}}