{"id":934,"date":"2020-11-22T17:30:10","date_gmt":"2020-11-22T16:30:10","guid":{"rendered":"https:\/\/www.retrocomputing-whv.net\/?page_id=934"},"modified":"2020-11-22T17:30:10","modified_gmt":"2020-11-22T16:30:10","slug":"peeks-pokes-zum-commodore-64","status":"publish","type":"page","link":"https:\/\/www.retrocomputing-whv.net\/?page_id=934","title":{"rendered":"PEEKS &#038; POKES zum Commodore 64"},"content":{"rendered":"\n<figure class=\"wp-block-image size-large\"><img loading=\"lazy\" decoding=\"async\" width=\"716\" height=\"1024\" src=\"https:\/\/www.retrocomputing-whv.net\/wp-content\/uploads\/2020\/04\/DATA-BECKER-PEEKS-and-POKES-zum-Commodore-64-716x1024.jpg\" alt=\"DATA BECKER - PEEKS and POKES zum Commodore 64\" class=\"wp-image-379\" srcset=\"https:\/\/www.retrocomputing-whv.net\/wp-content\/uploads\/2020\/04\/DATA-BECKER-PEEKS-and-POKES-zum-Commodore-64-716x1024.jpg 716w, https:\/\/www.retrocomputing-whv.net\/wp-content\/uploads\/2020\/04\/DATA-BECKER-PEEKS-and-POKES-zum-Commodore-64-210x300.jpg 210w, https:\/\/www.retrocomputing-whv.net\/wp-content\/uploads\/2020\/04\/DATA-BECKER-PEEKS-and-POKES-zum-Commodore-64-768x1099.jpg 768w, https:\/\/www.retrocomputing-whv.net\/wp-content\/uploads\/2020\/04\/DATA-BECKER-PEEKS-and-POKES-zum-Commodore-64-1074x1536.jpg 1074w, https:\/\/www.retrocomputing-whv.net\/wp-content\/uploads\/2020\/04\/DATA-BECKER-PEEKS-and-POKES-zum-Commodore-64.jpg 1200w\" sizes=\"auto, (max-width: 716px) 100vw, 716px\" \/><\/figure>\n\n\n\n<p>Ein DATA BECKER Buch &#8211; Autor Hans Joachim Liesert<br>1. Auflage &#8211; Erscheinungsjahr 1984 &#8211; ISBN 3-89011-032-0<\/p>\n\n\n\n<p><strong>Das steht drin:<\/strong><br>Dieses Buch erkl\u00e4rt Ihnen leichtverst\u00e4ndlich den Umgang mit PEEKs und POKEs. Mit einer riesigen Anzahl wichtiger POKEs und ihren Anwendungsm\u00f6glichkeiten. Dazu wird der Aufbau des 64ers prima erkl\u00e4rt.<\/p>\n\n\n\n<p><strong>Aus dem Inhalt:<\/strong><\/p>\n\n\n\n<ul class=\"wp-block-list\"><li>Betriebssystem, Interpreter<\/li><li>Zeropage, Pointer und Stacks<\/li><li>Charaktergenerator, Sprite-Register<\/li><li>Programmierung von Schnittstellen<\/li><li>Interruptprogrammierung<\/li><\/ul>\n\n\n\n<p>Dazu eine Einf\u00fchrung in die Maschinensprache. F\u00fcr jeden, der tiefer in die Geheimnisse seines Commodore 64 einsteigen will.<\/p>\n\n\n\n<figure class=\"wp-block-image size-large\"><a href=\"https:\/\/www.retrocomputing-whv.net\/?page_id=840\"><img loading=\"lazy\" decoding=\"async\" width=\"256\" height=\"136\" src=\"https:\/\/www.retrocomputing-whv.net\/wp-content\/uploads\/2020\/08\/Backspace.jpg\" alt=\"Backspace\" class=\"wp-image-681\"\/><\/a><\/figure>\n\n\n\n<p><\/p>\n","protected":false},"excerpt":{"rendered":"<p>Ein DATA BECKER Buch &#8211; Autor Hans Joachim Liesert1. Auflage &#8211; Erscheinungsjahr 1984 &#8211; ISBN 3-89011-032-0 Das steht drin:Dieses Buch erkl\u00e4rt Ihnen leichtverst\u00e4ndlich den Umgang mit PEEKs und POKEs. Mit einer riesigen Anzahl wichtiger POKEs und ihren Anwendungsm\u00f6glichkeiten. Dazu wird der Aufbau des 64ers prima erkl\u00e4rt. Aus dem Inhalt: Betriebssystem, Interpreter Zeropage, Pointer und Stacks Charaktergenerator, Sprite-Register Programmierung von Schnittstellen<\/p>\n","protected":false},"author":1,"featured_media":0,"parent":840,"menu_order":0,"comment_status":"closed","ping_status":"closed","template":"","meta":{"footnotes":""},"class_list":["post-934","page","type-page","status-publish","hentry"],"yoast_head":"<!-- This site is optimized with the Yoast SEO plugin v27.5 - https:\/\/yoast.com\/product\/yoast-seo-wordpress\/ -->\n<title>PEEKS &amp; POKES zum Commodore 64 - Retrocomputing WHV<\/title>\n<meta name=\"robots\" content=\"index, follow, max-snippet:-1, max-image-preview:large, max-video-preview:-1\" \/>\n<link rel=\"canonical\" href=\"https:\/\/www.retrocomputing-whv.net\/?page_id=934\" \/>\n<meta property=\"og:locale\" content=\"de_DE\" \/>\n<meta property=\"og:type\" content=\"article\" \/>\n<meta property=\"og:title\" content=\"PEEKS &amp; POKES zum Commodore 64 - Retrocomputing WHV\" \/>\n<meta property=\"og:description\" content=\"Ein DATA BECKER Buch &#8211; Autor Hans Joachim Liesert1. Auflage &#8211; Erscheinungsjahr 1984 &#8211; ISBN 3-89011-032-0 Das steht drin:Dieses Buch erkl\u00e4rt Ihnen leichtverst\u00e4ndlich den Umgang mit PEEKs und POKEs. Mit einer riesigen Anzahl wichtiger POKEs und ihren Anwendungsm\u00f6glichkeiten. Dazu wird der Aufbau des 64ers prima erkl\u00e4rt. Aus dem Inhalt: Betriebssystem, Interpreter Zeropage, Pointer und Stacks Charaktergenerator, Sprite-Register Programmierung von Schnittstellen\" \/>\n<meta property=\"og:url\" content=\"https:\/\/www.retrocomputing-whv.net\/?page_id=934\" \/>\n<meta property=\"og:site_name\" content=\"Retrocomputing WHV\" \/>\n<meta property=\"og:image\" content=\"https:\/\/www.retrocomputing-whv.net\/wp-content\/uploads\/2020\/04\/DATA-BECKER-PEEKS-and-POKES-zum-Commodore-64-716x1024.jpg\" \/>\n<meta name=\"twitter:card\" content=\"summary_large_image\" \/>\n<script type=\"application\/ld+json\" class=\"yoast-schema-graph\">{\"@context\":\"https:\\\/\\\/schema.org\",\"@graph\":[{\"@type\":\"WebPage\",\"@id\":\"https:\\\/\\\/www.retrocomputing-whv.net\\\/?page_id=934\",\"url\":\"https:\\\/\\\/www.retrocomputing-whv.net\\\/?page_id=934\",\"name\":\"PEEKS & POKES zum Commodore 64 - Retrocomputing WHV\",\"isPartOf\":{\"@id\":\"https:\\\/\\\/www.retrocomputing-whv.net\\\/#website\"},\"primaryImageOfPage\":{\"@id\":\"https:\\\/\\\/www.retrocomputing-whv.net\\\/?page_id=934#primaryimage\"},\"image\":{\"@id\":\"https:\\\/\\\/www.retrocomputing-whv.net\\\/?page_id=934#primaryimage\"},\"thumbnailUrl\":\"https:\\\/\\\/www.retrocomputing-whv.net\\\/wp-content\\\/uploads\\\/2020\\\/04\\\/DATA-BECKER-PEEKS-and-POKES-zum-Commodore-64-716x1024.jpg\",\"datePublished\":\"2020-11-22T16:30:10+00:00\",\"breadcrumb\":{\"@id\":\"https:\\\/\\\/www.retrocomputing-whv.net\\\/?page_id=934#breadcrumb\"},\"inLanguage\":\"de\",\"potentialAction\":[{\"@type\":\"ReadAction\",\"target\":[\"https:\\\/\\\/www.retrocomputing-whv.net\\\/?page_id=934\"]}]},{\"@type\":\"ImageObject\",\"inLanguage\":\"de\",\"@id\":\"https:\\\/\\\/www.retrocomputing-whv.net\\\/?page_id=934#primaryimage\",\"url\":\"https:\\\/\\\/www.retrocomputing-whv.net\\\/wp-content\\\/uploads\\\/2020\\\/04\\\/DATA-BECKER-PEEKS-and-POKES-zum-Commodore-64.jpg\",\"contentUrl\":\"https:\\\/\\\/www.retrocomputing-whv.net\\\/wp-content\\\/uploads\\\/2020\\\/04\\\/DATA-BECKER-PEEKS-and-POKES-zum-Commodore-64.jpg\",\"width\":1200,\"height\":1717,\"caption\":\"DATA BECKER - PEEKS and POKES zum Commodore 64\"},{\"@type\":\"BreadcrumbList\",\"@id\":\"https:\\\/\\\/www.retrocomputing-whv.net\\\/?page_id=934#breadcrumb\",\"itemListElement\":[{\"@type\":\"ListItem\",\"position\":1,\"name\":\"Startseite\",\"item\":\"https:\\\/\\\/www.retrocomputing-whv.net\\\/\"},{\"@type\":\"ListItem\",\"position\":2,\"name\":\"Literatur\",\"item\":\"https:\\\/\\\/www.retrocomputing-whv.net\\\/?page_id=105\"},{\"@type\":\"ListItem\",\"position\":3,\"name\":\"DATA BECKER\",\"item\":\"https:\\\/\\\/www.retrocomputing-whv.net\\\/?page_id=807\"},{\"@type\":\"ListItem\",\"position\":4,\"name\":\"Commodore 64\",\"item\":\"https:\\\/\\\/www.retrocomputing-whv.net\\\/?page_id=840\"},{\"@type\":\"ListItem\",\"position\":5,\"name\":\"PEEKS &#038; POKES zum Commodore 64\"}]},{\"@type\":\"WebSite\",\"@id\":\"https:\\\/\\\/www.retrocomputing-whv.net\\\/#website\",\"url\":\"https:\\\/\\\/www.retrocomputing-whv.net\\\/\",\"name\":\"Retrocomputing WHV\",\"description\":\"\",\"publisher\":{\"@id\":\"https:\\\/\\\/www.retrocomputing-whv.net\\\/#organization\"},\"potentialAction\":[{\"@type\":\"SearchAction\",\"target\":{\"@type\":\"EntryPoint\",\"urlTemplate\":\"https:\\\/\\\/www.retrocomputing-whv.net\\\/?s={search_term_string}\"},\"query-input\":{\"@type\":\"PropertyValueSpecification\",\"valueRequired\":true,\"valueName\":\"search_term_string\"}}],\"inLanguage\":\"de\"},{\"@type\":\"Organization\",\"@id\":\"https:\\\/\\\/www.retrocomputing-whv.net\\\/#organization\",\"name\":\"Retrocomputing-WHV\",\"url\":\"https:\\\/\\\/www.retrocomputing-whv.net\\\/\",\"logo\":{\"@type\":\"ImageObject\",\"inLanguage\":\"de\",\"@id\":\"https:\\\/\\\/www.retrocomputing-whv.net\\\/#\\\/schema\\\/logo\\\/image\\\/\",\"url\":\"https:\\\/\\\/www.retrocomputing-whv.net\\\/wp-content\\\/uploads\\\/2020\\\/04\\\/Logo.png\",\"contentUrl\":\"https:\\\/\\\/www.retrocomputing-whv.net\\\/wp-content\\\/uploads\\\/2020\\\/04\\\/Logo.png\",\"width\":1340,\"height\":250,\"caption\":\"Retrocomputing-WHV\"},\"image\":{\"@id\":\"https:\\\/\\\/www.retrocomputing-whv.net\\\/#\\\/schema\\\/logo\\\/image\\\/\"}}]}<\/script>\n<!-- \/ Yoast SEO plugin. -->","yoast_head_json":{"title":"PEEKS & POKES zum Commodore 64 - Retrocomputing WHV","robots":{"index":"index","follow":"follow","max-snippet":"max-snippet:-1","max-image-preview":"max-image-preview:large","max-video-preview":"max-video-preview:-1"},"canonical":"https:\/\/www.retrocomputing-whv.net\/?page_id=934","og_locale":"de_DE","og_type":"article","og_title":"PEEKS & POKES zum Commodore 64 - Retrocomputing WHV","og_description":"Ein DATA BECKER Buch &#8211; Autor Hans Joachim Liesert1. Auflage &#8211; Erscheinungsjahr 1984 &#8211; ISBN 3-89011-032-0 Das steht drin:Dieses Buch erkl\u00e4rt Ihnen leichtverst\u00e4ndlich den Umgang mit PEEKs und POKEs. Mit einer riesigen Anzahl wichtiger POKEs und ihren Anwendungsm\u00f6glichkeiten. Dazu wird der Aufbau des 64ers prima erkl\u00e4rt. Aus dem Inhalt: Betriebssystem, Interpreter Zeropage, Pointer und Stacks Charaktergenerator, Sprite-Register Programmierung von Schnittstellen","og_url":"https:\/\/www.retrocomputing-whv.net\/?page_id=934","og_site_name":"Retrocomputing WHV","og_image":[{"url":"https:\/\/www.retrocomputing-whv.net\/wp-content\/uploads\/2020\/04\/DATA-BECKER-PEEKS-and-POKES-zum-Commodore-64-716x1024.jpg","type":"","width":"","height":""}],"twitter_card":"summary_large_image","schema":{"@context":"https:\/\/schema.org","@graph":[{"@type":"WebPage","@id":"https:\/\/www.retrocomputing-whv.net\/?page_id=934","url":"https:\/\/www.retrocomputing-whv.net\/?page_id=934","name":"PEEKS & POKES zum Commodore 64 - Retrocomputing WHV","isPartOf":{"@id":"https:\/\/www.retrocomputing-whv.net\/#website"},"primaryImageOfPage":{"@id":"https:\/\/www.retrocomputing-whv.net\/?page_id=934#primaryimage"},"image":{"@id":"https:\/\/www.retrocomputing-whv.net\/?page_id=934#primaryimage"},"thumbnailUrl":"https:\/\/www.retrocomputing-whv.net\/wp-content\/uploads\/2020\/04\/DATA-BECKER-PEEKS-and-POKES-zum-Commodore-64-716x1024.jpg","datePublished":"2020-11-22T16:30:10+00:00","breadcrumb":{"@id":"https:\/\/www.retrocomputing-whv.net\/?page_id=934#breadcrumb"},"inLanguage":"de","potentialAction":[{"@type":"ReadAction","target":["https:\/\/www.retrocomputing-whv.net\/?page_id=934"]}]},{"@type":"ImageObject","inLanguage":"de","@id":"https:\/\/www.retrocomputing-whv.net\/?page_id=934#primaryimage","url":"https:\/\/www.retrocomputing-whv.net\/wp-content\/uploads\/2020\/04\/DATA-BECKER-PEEKS-and-POKES-zum-Commodore-64.jpg","contentUrl":"https:\/\/www.retrocomputing-whv.net\/wp-content\/uploads\/2020\/04\/DATA-BECKER-PEEKS-and-POKES-zum-Commodore-64.jpg","width":1200,"height":1717,"caption":"DATA BECKER - PEEKS and POKES zum Commodore 64"},{"@type":"BreadcrumbList","@id":"https:\/\/www.retrocomputing-whv.net\/?page_id=934#breadcrumb","itemListElement":[{"@type":"ListItem","position":1,"name":"Startseite","item":"https:\/\/www.retrocomputing-whv.net\/"},{"@type":"ListItem","position":2,"name":"Literatur","item":"https:\/\/www.retrocomputing-whv.net\/?page_id=105"},{"@type":"ListItem","position":3,"name":"DATA BECKER","item":"https:\/\/www.retrocomputing-whv.net\/?page_id=807"},{"@type":"ListItem","position":4,"name":"Commodore 64","item":"https:\/\/www.retrocomputing-whv.net\/?page_id=840"},{"@type":"ListItem","position":5,"name":"PEEKS &#038; POKES zum Commodore 64"}]},{"@type":"WebSite","@id":"https:\/\/www.retrocomputing-whv.net\/#website","url":"https:\/\/www.retrocomputing-whv.net\/","name":"Retrocomputing WHV","description":"","publisher":{"@id":"https:\/\/www.retrocomputing-whv.net\/#organization"},"potentialAction":[{"@type":"SearchAction","target":{"@type":"EntryPoint","urlTemplate":"https:\/\/www.retrocomputing-whv.net\/?s={search_term_string}"},"query-input":{"@type":"PropertyValueSpecification","valueRequired":true,"valueName":"search_term_string"}}],"inLanguage":"de"},{"@type":"Organization","@id":"https:\/\/www.retrocomputing-whv.net\/#organization","name":"Retrocomputing-WHV","url":"https:\/\/www.retrocomputing-whv.net\/","logo":{"@type":"ImageObject","inLanguage":"de","@id":"https:\/\/www.retrocomputing-whv.net\/#\/schema\/logo\/image\/","url":"https:\/\/www.retrocomputing-whv.net\/wp-content\/uploads\/2020\/04\/Logo.png","contentUrl":"https:\/\/www.retrocomputing-whv.net\/wp-content\/uploads\/2020\/04\/Logo.png","width":1340,"height":250,"caption":"Retrocomputing-WHV"},"image":{"@id":"https:\/\/www.retrocomputing-whv.net\/#\/schema\/logo\/image\/"}}]}},"_links":{"self":[{"href":"https:\/\/www.retrocomputing-whv.net\/index.php?rest_route=\/wp\/v2\/pages\/934","targetHints":{"allow":["GET"]}}],"collection":[{"href":"https:\/\/www.retrocomputing-whv.net\/index.php?rest_route=\/wp\/v2\/pages"}],"about":[{"href":"https:\/\/www.retrocomputing-whv.net\/index.php?rest_route=\/wp\/v2\/types\/page"}],"author":[{"embeddable":true,"href":"https:\/\/www.retrocomputing-whv.net\/index.php?rest_route=\/wp\/v2\/users\/1"}],"replies":[{"embeddable":true,"href":"https:\/\/www.retrocomputing-whv.net\/index.php?rest_route=%2Fwp%2Fv2%2Fcomments&post=934"}],"version-history":[{"count":0,"href":"https:\/\/www.retrocomputing-whv.net\/index.php?rest_route=\/wp\/v2\/pages\/934\/revisions"}],"up":[{"embeddable":true,"href":"https:\/\/www.retrocomputing-whv.net\/index.php?rest_route=\/wp\/v2\/pages\/840"}],"wp:attachment":[{"href":"https:\/\/www.retrocomputing-whv.net\/index.php?rest_route=%2Fwp%2Fv2%2Fmedia&parent=934"}],"curies":[{"name":"wp","href":"https:\/\/api.w.org\/{rel}","templated":true}]}}