{"id":937,"date":"2020-11-22T17:36:25","date_gmt":"2020-11-22T16:36:25","guid":{"rendered":"https:\/\/www.retrocomputing-whv.net\/?page_id=937"},"modified":"2020-11-22T17:36:25","modified_gmt":"2020-11-22T16:36:25","slug":"der-commodore-64-und-der-rest-der-welt","status":"publish","type":"page","link":"https:\/\/www.retrocomputing-whv.net\/?page_id=937","title":{"rendered":"Der Commodore 64 und der Rest der Welt"},"content":{"rendered":"\n<figure class=\"wp-block-image size-large\"><img loading=\"lazy\" decoding=\"async\" width=\"720\" height=\"1024\" src=\"https:\/\/www.retrocomputing-whv.net\/wp-content\/uploads\/2020\/04\/DATA-BECKER-Der-Commodore-64-und-der-Rest-der-Welt-720x1024.jpg\" alt=\"DATA BECKER - Der Commodore 64 und der Rest der Welt\" class=\"wp-image-378\" srcset=\"https:\/\/www.retrocomputing-whv.net\/wp-content\/uploads\/2020\/04\/DATA-BECKER-Der-Commodore-64-und-der-Rest-der-Welt-720x1024.jpg 720w, https:\/\/www.retrocomputing-whv.net\/wp-content\/uploads\/2020\/04\/DATA-BECKER-Der-Commodore-64-und-der-Rest-der-Welt-211x300.jpg 211w, https:\/\/www.retrocomputing-whv.net\/wp-content\/uploads\/2020\/04\/DATA-BECKER-Der-Commodore-64-und-der-Rest-der-Welt-768x1092.jpg 768w, https:\/\/www.retrocomputing-whv.net\/wp-content\/uploads\/2020\/04\/DATA-BECKER-Der-Commodore-64-und-der-Rest-der-Welt-1080x1536.jpg 1080w, https:\/\/www.retrocomputing-whv.net\/wp-content\/uploads\/2020\/04\/DATA-BECKER-Der-Commodore-64-und-der-Rest-der-Welt.jpg 1200w\" sizes=\"auto, (max-width: 720px) 100vw, 720px\" \/><\/figure>\n\n\n\n<p>Ein DATA BECKER Buch &#8211; Autor Rolf Br\u00fcckmann<br>1. Auflage &#8211; Erscheinungsjahr 1984 &#8211; ISBN 3-89011-015-0<\/p>\n\n\n\n<p><strong>Das steht drin:<\/strong><br>Ein hochinteressantes Buch f\u00fcr Hobbyelektroniker hat Rolf Br\u00fcckmann vorgelegt.Er ist ein engagierter Techniker, f\u00fcr den der Computer Hobby und Beruf zur gleichen Zeit ist. Vor allem aber kennt er den C-64 in-und-auswendig. So werden einf\u00fchrend Schnittstellen des Commodore 64 detailliert beschrieben und kurz die Funktionsweise der CIAs 6526 erl\u00e4utert. Hauptteil des Buches sind die Beschreibungen der vielf\u00e4ltigen Einsatzm\u00f6glichkeiten des Commodore 64. Die vielen Schaltungen, von Rolf Br\u00fcckmann alle selbstentwickelt, sind jeweils umfangreich dokumentiert und leicht verst\u00e4ndlich erkl\u00e4rt. Die Reihe der hier ausf\u00fchrlich behandelten Anwendungen mit dem Commodore 64 ist \u00e4u\u00dferst umfangreich: Motorsteuerung, Stoppuhr mit Lichtschranke, Lichtorgel, A\/D-Wandler, Spannungsmessung, Temperaturmessung und vieles mehr. Dazu kommen noch eine Reihe kompletter Schaltungen zum Selberbauen, wie ein EPROM Programmierger\u00e4t f\u00fcr den C-64, eine EPROM-Karte, ein Frequenzz\u00e4hler und Sprachein\/ausgabe. Zus\u00e4tzlich sind jeweils Schaltplan, Softwarelisting und zu einigen Schaltungen sogar zus\u00e4tzlich Platinenlayouts vorhanden.<\/p>\n\n\n\n<p><strong>Aus dem Inhalt:<\/strong><\/p>\n\n\n\n<ul class=\"wp-block-list\"><li>Wie Computer rechnen<\/li><li>Anschlu\u00dfm\u00f6glichkeiten am C64<\/li><li>Die CIAs 6526<\/li><li>Anschlu\u00df weiterer Peripherie-ICs<\/li><li>D\/A-Wandlung &#8211; was ist das?<\/li><li>A\/D-Wandlung &#8211; der umgekehrte Weg<\/li><li>Grunds\u00e4tzliches zur Interrupttechnik<\/li><li>Komplette Schaltungen zum Selberbauen<\/li><\/ul>\n\n\n\n<figure class=\"wp-block-image size-large\"><a href=\"https:\/\/www.retrocomputing-whv.net\/?page_id=840\"><img loading=\"lazy\" decoding=\"async\" width=\"256\" height=\"136\" src=\"https:\/\/www.retrocomputing-whv.net\/wp-content\/uploads\/2020\/08\/Backspace.jpg\" alt=\"Backspace\" class=\"wp-image-681\"\/><\/a><\/figure>\n\n\n\n<p><\/p>\n","protected":false},"excerpt":{"rendered":"<p>Ein DATA BECKER Buch &#8211; Autor Rolf Br\u00fcckmann1. Auflage &#8211; Erscheinungsjahr 1984 &#8211; ISBN 3-89011-015-0 Das steht drin:Ein hochinteressantes Buch f\u00fcr Hobbyelektroniker hat Rolf Br\u00fcckmann vorgelegt.Er ist ein engagierter Techniker, f\u00fcr den der Computer Hobby und Beruf zur gleichen Zeit ist. Vor allem aber kennt er den C-64 in-und-auswendig. So werden einf\u00fchrend Schnittstellen des Commodore 64 detailliert beschrieben und kurz<\/p>\n","protected":false},"author":1,"featured_media":0,"parent":840,"menu_order":0,"comment_status":"closed","ping_status":"closed","template":"","meta":{"footnotes":""},"class_list":["post-937","page","type-page","status-publish","hentry"],"yoast_head":"<!-- This site is optimized with the Yoast SEO plugin v27.5 - https:\/\/yoast.com\/product\/yoast-seo-wordpress\/ -->\n<title>Der Commodore 64 und der Rest der Welt - Retrocomputing WHV<\/title>\n<meta name=\"robots\" content=\"index, follow, max-snippet:-1, max-image-preview:large, max-video-preview:-1\" \/>\n<link rel=\"canonical\" href=\"https:\/\/www.retrocomputing-whv.net\/?page_id=937\" \/>\n<meta property=\"og:locale\" content=\"de_DE\" \/>\n<meta property=\"og:type\" content=\"article\" \/>\n<meta property=\"og:title\" content=\"Der Commodore 64 und der Rest der Welt - Retrocomputing WHV\" \/>\n<meta property=\"og:description\" content=\"Ein DATA BECKER Buch &#8211; Autor Rolf Br\u00fcckmann1. Auflage &#8211; Erscheinungsjahr 1984 &#8211; ISBN 3-89011-015-0 Das steht drin:Ein hochinteressantes Buch f\u00fcr Hobbyelektroniker hat Rolf Br\u00fcckmann vorgelegt.Er ist ein engagierter Techniker, f\u00fcr den der Computer Hobby und Beruf zur gleichen Zeit ist. Vor allem aber kennt er den C-64 in-und-auswendig. So werden einf\u00fchrend Schnittstellen des Commodore 64 detailliert beschrieben und kurz\" \/>\n<meta property=\"og:url\" content=\"https:\/\/www.retrocomputing-whv.net\/?page_id=937\" \/>\n<meta property=\"og:site_name\" content=\"Retrocomputing WHV\" \/>\n<meta property=\"og:image\" content=\"https:\/\/www.retrocomputing-whv.net\/wp-content\/uploads\/2020\/04\/DATA-BECKER-Der-Commodore-64-und-der-Rest-der-Welt-720x1024.jpg\" \/>\n<meta name=\"twitter:card\" content=\"summary_large_image\" \/>\n<meta name=\"twitter:label1\" content=\"Gesch\u00e4tzte Lesezeit\" \/>\n\t<meta name=\"twitter:data1\" content=\"1\u00a0Minute\" \/>\n<script type=\"application\/ld+json\" class=\"yoast-schema-graph\">{\"@context\":\"https:\\\/\\\/schema.org\",\"@graph\":[{\"@type\":\"WebPage\",\"@id\":\"https:\\\/\\\/www.retrocomputing-whv.net\\\/?page_id=937\",\"url\":\"https:\\\/\\\/www.retrocomputing-whv.net\\\/?page_id=937\",\"name\":\"Der Commodore 64 und der Rest der Welt - Retrocomputing WHV\",\"isPartOf\":{\"@id\":\"https:\\\/\\\/www.retrocomputing-whv.net\\\/#website\"},\"primaryImageOfPage\":{\"@id\":\"https:\\\/\\\/www.retrocomputing-whv.net\\\/?page_id=937#primaryimage\"},\"image\":{\"@id\":\"https:\\\/\\\/www.retrocomputing-whv.net\\\/?page_id=937#primaryimage\"},\"thumbnailUrl\":\"https:\\\/\\\/www.retrocomputing-whv.net\\\/wp-content\\\/uploads\\\/2020\\\/04\\\/DATA-BECKER-Der-Commodore-64-und-der-Rest-der-Welt-720x1024.jpg\",\"datePublished\":\"2020-11-22T16:36:25+00:00\",\"breadcrumb\":{\"@id\":\"https:\\\/\\\/www.retrocomputing-whv.net\\\/?page_id=937#breadcrumb\"},\"inLanguage\":\"de\",\"potentialAction\":[{\"@type\":\"ReadAction\",\"target\":[\"https:\\\/\\\/www.retrocomputing-whv.net\\\/?page_id=937\"]}]},{\"@type\":\"ImageObject\",\"inLanguage\":\"de\",\"@id\":\"https:\\\/\\\/www.retrocomputing-whv.net\\\/?page_id=937#primaryimage\",\"url\":\"https:\\\/\\\/www.retrocomputing-whv.net\\\/wp-content\\\/uploads\\\/2020\\\/04\\\/DATA-BECKER-Der-Commodore-64-und-der-Rest-der-Welt.jpg\",\"contentUrl\":\"https:\\\/\\\/www.retrocomputing-whv.net\\\/wp-content\\\/uploads\\\/2020\\\/04\\\/DATA-BECKER-Der-Commodore-64-und-der-Rest-der-Welt.jpg\",\"width\":1200,\"height\":1706,\"caption\":\"DATA BECKER - Der Commodore 64 und der Rest der Welt\"},{\"@type\":\"BreadcrumbList\",\"@id\":\"https:\\\/\\\/www.retrocomputing-whv.net\\\/?page_id=937#breadcrumb\",\"itemListElement\":[{\"@type\":\"ListItem\",\"position\":1,\"name\":\"Startseite\",\"item\":\"https:\\\/\\\/www.retrocomputing-whv.net\\\/\"},{\"@type\":\"ListItem\",\"position\":2,\"name\":\"Literatur\",\"item\":\"https:\\\/\\\/www.retrocomputing-whv.net\\\/?page_id=105\"},{\"@type\":\"ListItem\",\"position\":3,\"name\":\"DATA BECKER\",\"item\":\"https:\\\/\\\/www.retrocomputing-whv.net\\\/?page_id=807\"},{\"@type\":\"ListItem\",\"position\":4,\"name\":\"Commodore 64\",\"item\":\"https:\\\/\\\/www.retrocomputing-whv.net\\\/?page_id=840\"},{\"@type\":\"ListItem\",\"position\":5,\"name\":\"Der Commodore 64 und der Rest der Welt\"}]},{\"@type\":\"WebSite\",\"@id\":\"https:\\\/\\\/www.retrocomputing-whv.net\\\/#website\",\"url\":\"https:\\\/\\\/www.retrocomputing-whv.net\\\/\",\"name\":\"Retrocomputing WHV\",\"description\":\"\",\"publisher\":{\"@id\":\"https:\\\/\\\/www.retrocomputing-whv.net\\\/#organization\"},\"potentialAction\":[{\"@type\":\"SearchAction\",\"target\":{\"@type\":\"EntryPoint\",\"urlTemplate\":\"https:\\\/\\\/www.retrocomputing-whv.net\\\/?s={search_term_string}\"},\"query-input\":{\"@type\":\"PropertyValueSpecification\",\"valueRequired\":true,\"valueName\":\"search_term_string\"}}],\"inLanguage\":\"de\"},{\"@type\":\"Organization\",\"@id\":\"https:\\\/\\\/www.retrocomputing-whv.net\\\/#organization\",\"name\":\"Retrocomputing-WHV\",\"url\":\"https:\\\/\\\/www.retrocomputing-whv.net\\\/\",\"logo\":{\"@type\":\"ImageObject\",\"inLanguage\":\"de\",\"@id\":\"https:\\\/\\\/www.retrocomputing-whv.net\\\/#\\\/schema\\\/logo\\\/image\\\/\",\"url\":\"https:\\\/\\\/www.retrocomputing-whv.net\\\/wp-content\\\/uploads\\\/2020\\\/04\\\/Logo.png\",\"contentUrl\":\"https:\\\/\\\/www.retrocomputing-whv.net\\\/wp-content\\\/uploads\\\/2020\\\/04\\\/Logo.png\",\"width\":1340,\"height\":250,\"caption\":\"Retrocomputing-WHV\"},\"image\":{\"@id\":\"https:\\\/\\\/www.retrocomputing-whv.net\\\/#\\\/schema\\\/logo\\\/image\\\/\"}}]}<\/script>\n<!-- \/ Yoast SEO plugin. -->","yoast_head_json":{"title":"Der Commodore 64 und der Rest der Welt - Retrocomputing WHV","robots":{"index":"index","follow":"follow","max-snippet":"max-snippet:-1","max-image-preview":"max-image-preview:large","max-video-preview":"max-video-preview:-1"},"canonical":"https:\/\/www.retrocomputing-whv.net\/?page_id=937","og_locale":"de_DE","og_type":"article","og_title":"Der Commodore 64 und der Rest der Welt - Retrocomputing WHV","og_description":"Ein DATA BECKER Buch &#8211; Autor Rolf Br\u00fcckmann1. Auflage &#8211; Erscheinungsjahr 1984 &#8211; ISBN 3-89011-015-0 Das steht drin:Ein hochinteressantes Buch f\u00fcr Hobbyelektroniker hat Rolf Br\u00fcckmann vorgelegt.Er ist ein engagierter Techniker, f\u00fcr den der Computer Hobby und Beruf zur gleichen Zeit ist. Vor allem aber kennt er den C-64 in-und-auswendig. So werden einf\u00fchrend Schnittstellen des Commodore 64 detailliert beschrieben und kurz","og_url":"https:\/\/www.retrocomputing-whv.net\/?page_id=937","og_site_name":"Retrocomputing WHV","og_image":[{"url":"https:\/\/www.retrocomputing-whv.net\/wp-content\/uploads\/2020\/04\/DATA-BECKER-Der-Commodore-64-und-der-Rest-der-Welt-720x1024.jpg","type":"","width":"","height":""}],"twitter_card":"summary_large_image","twitter_misc":{"Gesch\u00e4tzte Lesezeit":"1\u00a0Minute"},"schema":{"@context":"https:\/\/schema.org","@graph":[{"@type":"WebPage","@id":"https:\/\/www.retrocomputing-whv.net\/?page_id=937","url":"https:\/\/www.retrocomputing-whv.net\/?page_id=937","name":"Der Commodore 64 und der Rest der Welt - Retrocomputing WHV","isPartOf":{"@id":"https:\/\/www.retrocomputing-whv.net\/#website"},"primaryImageOfPage":{"@id":"https:\/\/www.retrocomputing-whv.net\/?page_id=937#primaryimage"},"image":{"@id":"https:\/\/www.retrocomputing-whv.net\/?page_id=937#primaryimage"},"thumbnailUrl":"https:\/\/www.retrocomputing-whv.net\/wp-content\/uploads\/2020\/04\/DATA-BECKER-Der-Commodore-64-und-der-Rest-der-Welt-720x1024.jpg","datePublished":"2020-11-22T16:36:25+00:00","breadcrumb":{"@id":"https:\/\/www.retrocomputing-whv.net\/?page_id=937#breadcrumb"},"inLanguage":"de","potentialAction":[{"@type":"ReadAction","target":["https:\/\/www.retrocomputing-whv.net\/?page_id=937"]}]},{"@type":"ImageObject","inLanguage":"de","@id":"https:\/\/www.retrocomputing-whv.net\/?page_id=937#primaryimage","url":"https:\/\/www.retrocomputing-whv.net\/wp-content\/uploads\/2020\/04\/DATA-BECKER-Der-Commodore-64-und-der-Rest-der-Welt.jpg","contentUrl":"https:\/\/www.retrocomputing-whv.net\/wp-content\/uploads\/2020\/04\/DATA-BECKER-Der-Commodore-64-und-der-Rest-der-Welt.jpg","width":1200,"height":1706,"caption":"DATA BECKER - Der Commodore 64 und der Rest der Welt"},{"@type":"BreadcrumbList","@id":"https:\/\/www.retrocomputing-whv.net\/?page_id=937#breadcrumb","itemListElement":[{"@type":"ListItem","position":1,"name":"Startseite","item":"https:\/\/www.retrocomputing-whv.net\/"},{"@type":"ListItem","position":2,"name":"Literatur","item":"https:\/\/www.retrocomputing-whv.net\/?page_id=105"},{"@type":"ListItem","position":3,"name":"DATA BECKER","item":"https:\/\/www.retrocomputing-whv.net\/?page_id=807"},{"@type":"ListItem","position":4,"name":"Commodore 64","item":"https:\/\/www.retrocomputing-whv.net\/?page_id=840"},{"@type":"ListItem","position":5,"name":"Der Commodore 64 und der Rest der Welt"}]},{"@type":"WebSite","@id":"https:\/\/www.retrocomputing-whv.net\/#website","url":"https:\/\/www.retrocomputing-whv.net\/","name":"Retrocomputing WHV","description":"","publisher":{"@id":"https:\/\/www.retrocomputing-whv.net\/#organization"},"potentialAction":[{"@type":"SearchAction","target":{"@type":"EntryPoint","urlTemplate":"https:\/\/www.retrocomputing-whv.net\/?s={search_term_string}"},"query-input":{"@type":"PropertyValueSpecification","valueRequired":true,"valueName":"search_term_string"}}],"inLanguage":"de"},{"@type":"Organization","@id":"https:\/\/www.retrocomputing-whv.net\/#organization","name":"Retrocomputing-WHV","url":"https:\/\/www.retrocomputing-whv.net\/","logo":{"@type":"ImageObject","inLanguage":"de","@id":"https:\/\/www.retrocomputing-whv.net\/#\/schema\/logo\/image\/","url":"https:\/\/www.retrocomputing-whv.net\/wp-content\/uploads\/2020\/04\/Logo.png","contentUrl":"https:\/\/www.retrocomputing-whv.net\/wp-content\/uploads\/2020\/04\/Logo.png","width":1340,"height":250,"caption":"Retrocomputing-WHV"},"image":{"@id":"https:\/\/www.retrocomputing-whv.net\/#\/schema\/logo\/image\/"}}]}},"_links":{"self":[{"href":"https:\/\/www.retrocomputing-whv.net\/index.php?rest_route=\/wp\/v2\/pages\/937","targetHints":{"allow":["GET"]}}],"collection":[{"href":"https:\/\/www.retrocomputing-whv.net\/index.php?rest_route=\/wp\/v2\/pages"}],"about":[{"href":"https:\/\/www.retrocomputing-whv.net\/index.php?rest_route=\/wp\/v2\/types\/page"}],"author":[{"embeddable":true,"href":"https:\/\/www.retrocomputing-whv.net\/index.php?rest_route=\/wp\/v2\/users\/1"}],"replies":[{"embeddable":true,"href":"https:\/\/www.retrocomputing-whv.net\/index.php?rest_route=%2Fwp%2Fv2%2Fcomments&post=937"}],"version-history":[{"count":0,"href":"https:\/\/www.retrocomputing-whv.net\/index.php?rest_route=\/wp\/v2\/pages\/937\/revisions"}],"up":[{"embeddable":true,"href":"https:\/\/www.retrocomputing-whv.net\/index.php?rest_route=\/wp\/v2\/pages\/840"}],"wp:attachment":[{"href":"https:\/\/www.retrocomputing-whv.net\/index.php?rest_route=%2Fwp%2Fv2%2Fmedia&parent=937"}],"curies":[{"name":"wp","href":"https:\/\/api.w.org\/{rel}","templated":true}]}}