{"id":951,"date":"2020-11-22T18:01:12","date_gmt":"2020-11-22T17:01:12","guid":{"rendered":"https:\/\/www.retrocomputing-whv.net\/?page_id=951"},"modified":"2020-11-22T20:49:49","modified_gmt":"2020-11-22T19:49:49","slug":"das-trainingsbuch-zu-datamat","status":"publish","type":"page","link":"https:\/\/www.retrocomputing-whv.net\/?page_id=951","title":{"rendered":"Das Trainingsbuch zu DATAMAT"},"content":{"rendered":"\n<figure class=\"wp-block-image size-large\"><img loading=\"lazy\" decoding=\"async\" width=\"723\" height=\"1024\" src=\"https:\/\/www.retrocomputing-whv.net\/wp-content\/uploads\/2020\/05\/DATA-BECKER-Das-Trainingsbuch-zu-DATAMAT-Auflage-1-723x1024.jpg\" alt=\"DATA BECKER - Das Trainingsbuch zu DATAMAT - Auflage 1\" class=\"wp-image-516\" srcset=\"https:\/\/www.retrocomputing-whv.net\/wp-content\/uploads\/2020\/05\/DATA-BECKER-Das-Trainingsbuch-zu-DATAMAT-Auflage-1-723x1024.jpg 723w, https:\/\/www.retrocomputing-whv.net\/wp-content\/uploads\/2020\/05\/DATA-BECKER-Das-Trainingsbuch-zu-DATAMAT-Auflage-1-212x300.jpg 212w, https:\/\/www.retrocomputing-whv.net\/wp-content\/uploads\/2020\/05\/DATA-BECKER-Das-Trainingsbuch-zu-DATAMAT-Auflage-1-768x1087.jpg 768w, https:\/\/www.retrocomputing-whv.net\/wp-content\/uploads\/2020\/05\/DATA-BECKER-Das-Trainingsbuch-zu-DATAMAT-Auflage-1-1085x1536.jpg 1085w, https:\/\/www.retrocomputing-whv.net\/wp-content\/uploads\/2020\/05\/DATA-BECKER-Das-Trainingsbuch-zu-DATAMAT-Auflage-1.jpg 1200w\" sizes=\"auto, (max-width: 723px) 100vw, 723px\" \/><\/figure>\n\n\n\n<p>Ein DATA BECKER Buch &#8211; Autor Heribert Schmidt<br>1. Auflage &#8211;  Erscheinungsjahr 1984 &#8211; ISBN 3-89011-035-5<\/p>\n\n\n\n<p><strong>Das steht drin:<\/strong><br>Mit dem Trainingsbuch zu DATAMAT lernen Sie, wie man das beliebte Dateiverwaltungsprogramm nicht nur sicher beherrscht, sondern auch sinnvoll einsetzt.<\/p>\n\n\n\n<ul class=\"wp-block-list\"><li>Maske erstellen<\/li><li>Datei einrichten<\/li><li>Indexfelder<\/li><li>Dateil\u00e4nge<\/li><li>Daten pflegen<\/li><li>Suchen, \u00c4ndern, L\u00f6schen<\/li><li>Sortieren, Auswerten<\/li><li>Ausdruckmaske erstellen<\/li><li>Papierformat<\/li><li>Etikettendruck<\/li><li>Dienstprogramme<\/li><li>Daten an andere Programme \u00fcbergeben<\/li><li>weitere M\u00f6glichkeiten der Schnittstelle<\/li><\/ul>\n\n\n\n<p>Im zweiten Teil des Buches werden dann viele praktische Beispiele ausgef\u00fchrt<\/p>\n\n\n\n<ul class=\"wp-block-list\"><li>Literaturdatei<\/li><li>Schallplattendatei<\/li><li>Firmenadressen<\/li><li>Lagerverwaltung usw.<\/li><\/ul>\n\n\n\n<figure class=\"wp-block-image size-large\"><a href=\"https:\/\/www.retrocomputing-whv.net\/?page_id=840\"><img loading=\"lazy\" decoding=\"async\" width=\"256\" height=\"136\" src=\"https:\/\/www.retrocomputing-whv.net\/wp-content\/uploads\/2020\/08\/Backspace.jpg\" alt=\"Backspace\" class=\"wp-image-681\"\/><\/a><\/figure>\n","protected":false},"excerpt":{"rendered":"<p>Ein DATA BECKER Buch &#8211; Autor Heribert Schmidt1. Auflage &#8211; Erscheinungsjahr 1984 &#8211; ISBN 3-89011-035-5 Das steht drin:Mit dem Trainingsbuch zu DATAMAT lernen Sie, wie man das beliebte Dateiverwaltungsprogramm nicht nur sicher beherrscht, sondern auch sinnvoll einsetzt. Maske erstellen Datei einrichten Indexfelder Dateil\u00e4nge Daten pflegen Suchen, \u00c4ndern, L\u00f6schen Sortieren, Auswerten Ausdruckmaske erstellen Papierformat Etikettendruck Dienstprogramme Daten an andere Programme \u00fcbergeben<\/p>\n","protected":false},"author":1,"featured_media":0,"parent":840,"menu_order":0,"comment_status":"closed","ping_status":"closed","template":"","meta":{"footnotes":""},"class_list":["post-951","page","type-page","status-publish","hentry"],"yoast_head":"<!-- This site is optimized with the Yoast SEO plugin v27.5 - https:\/\/yoast.com\/product\/yoast-seo-wordpress\/ -->\n<title>Das Trainingsbuch zu DATAMAT - Retrocomputing WHV<\/title>\n<meta name=\"robots\" content=\"index, follow, max-snippet:-1, max-image-preview:large, max-video-preview:-1\" \/>\n<link rel=\"canonical\" href=\"https:\/\/www.retrocomputing-whv.net\/?page_id=951\" \/>\n<meta property=\"og:locale\" content=\"de_DE\" \/>\n<meta property=\"og:type\" content=\"article\" \/>\n<meta property=\"og:title\" content=\"Das Trainingsbuch zu DATAMAT - Retrocomputing WHV\" \/>\n<meta property=\"og:description\" content=\"Ein DATA BECKER Buch &#8211; Autor Heribert Schmidt1. Auflage &#8211; Erscheinungsjahr 1984 &#8211; ISBN 3-89011-035-5 Das steht drin:Mit dem Trainingsbuch zu DATAMAT lernen Sie, wie man das beliebte Dateiverwaltungsprogramm nicht nur sicher beherrscht, sondern auch sinnvoll einsetzt. Maske erstellen Datei einrichten Indexfelder Dateil\u00e4nge Daten pflegen Suchen, \u00c4ndern, L\u00f6schen Sortieren, Auswerten Ausdruckmaske erstellen Papierformat Etikettendruck Dienstprogramme Daten an andere Programme \u00fcbergeben\" \/>\n<meta property=\"og:url\" content=\"https:\/\/www.retrocomputing-whv.net\/?page_id=951\" \/>\n<meta property=\"og:site_name\" content=\"Retrocomputing WHV\" \/>\n<meta property=\"article:modified_time\" content=\"2020-11-22T19:49:49+00:00\" \/>\n<meta property=\"og:image\" content=\"https:\/\/www.retrocomputing-whv.net\/wp-content\/uploads\/2020\/05\/DATA-BECKER-Das-Trainingsbuch-zu-DATAMAT-Auflage-1-723x1024.jpg\" \/>\n<meta name=\"twitter:card\" content=\"summary_large_image\" \/>\n<script type=\"application\/ld+json\" class=\"yoast-schema-graph\">{\"@context\":\"https:\\\/\\\/schema.org\",\"@graph\":[{\"@type\":\"WebPage\",\"@id\":\"https:\\\/\\\/www.retrocomputing-whv.net\\\/?page_id=951\",\"url\":\"https:\\\/\\\/www.retrocomputing-whv.net\\\/?page_id=951\",\"name\":\"Das Trainingsbuch zu DATAMAT - Retrocomputing WHV\",\"isPartOf\":{\"@id\":\"https:\\\/\\\/www.retrocomputing-whv.net\\\/#website\"},\"primaryImageOfPage\":{\"@id\":\"https:\\\/\\\/www.retrocomputing-whv.net\\\/?page_id=951#primaryimage\"},\"image\":{\"@id\":\"https:\\\/\\\/www.retrocomputing-whv.net\\\/?page_id=951#primaryimage\"},\"thumbnailUrl\":\"https:\\\/\\\/www.retrocomputing-whv.net\\\/wp-content\\\/uploads\\\/2020\\\/05\\\/DATA-BECKER-Das-Trainingsbuch-zu-DATAMAT-Auflage-1-723x1024.jpg\",\"datePublished\":\"2020-11-22T17:01:12+00:00\",\"dateModified\":\"2020-11-22T19:49:49+00:00\",\"breadcrumb\":{\"@id\":\"https:\\\/\\\/www.retrocomputing-whv.net\\\/?page_id=951#breadcrumb\"},\"inLanguage\":\"de\",\"potentialAction\":[{\"@type\":\"ReadAction\",\"target\":[\"https:\\\/\\\/www.retrocomputing-whv.net\\\/?page_id=951\"]}]},{\"@type\":\"ImageObject\",\"inLanguage\":\"de\",\"@id\":\"https:\\\/\\\/www.retrocomputing-whv.net\\\/?page_id=951#primaryimage\",\"url\":\"https:\\\/\\\/www.retrocomputing-whv.net\\\/wp-content\\\/uploads\\\/2020\\\/05\\\/DATA-BECKER-Das-Trainingsbuch-zu-DATAMAT-Auflage-1.jpg\",\"contentUrl\":\"https:\\\/\\\/www.retrocomputing-whv.net\\\/wp-content\\\/uploads\\\/2020\\\/05\\\/DATA-BECKER-Das-Trainingsbuch-zu-DATAMAT-Auflage-1.jpg\",\"width\":1200,\"height\":1699,\"caption\":\"DATA BECKER - Das Trainingsbuch zu DATAMAT - Auflage 1\"},{\"@type\":\"BreadcrumbList\",\"@id\":\"https:\\\/\\\/www.retrocomputing-whv.net\\\/?page_id=951#breadcrumb\",\"itemListElement\":[{\"@type\":\"ListItem\",\"position\":1,\"name\":\"Startseite\",\"item\":\"https:\\\/\\\/www.retrocomputing-whv.net\\\/\"},{\"@type\":\"ListItem\",\"position\":2,\"name\":\"Literatur\",\"item\":\"https:\\\/\\\/www.retrocomputing-whv.net\\\/?page_id=105\"},{\"@type\":\"ListItem\",\"position\":3,\"name\":\"DATA BECKER\",\"item\":\"https:\\\/\\\/www.retrocomputing-whv.net\\\/?page_id=807\"},{\"@type\":\"ListItem\",\"position\":4,\"name\":\"Commodore 64\",\"item\":\"https:\\\/\\\/www.retrocomputing-whv.net\\\/?page_id=840\"},{\"@type\":\"ListItem\",\"position\":5,\"name\":\"Das Trainingsbuch zu DATAMAT\"}]},{\"@type\":\"WebSite\",\"@id\":\"https:\\\/\\\/www.retrocomputing-whv.net\\\/#website\",\"url\":\"https:\\\/\\\/www.retrocomputing-whv.net\\\/\",\"name\":\"Retrocomputing WHV\",\"description\":\"\",\"publisher\":{\"@id\":\"https:\\\/\\\/www.retrocomputing-whv.net\\\/#organization\"},\"potentialAction\":[{\"@type\":\"SearchAction\",\"target\":{\"@type\":\"EntryPoint\",\"urlTemplate\":\"https:\\\/\\\/www.retrocomputing-whv.net\\\/?s={search_term_string}\"},\"query-input\":{\"@type\":\"PropertyValueSpecification\",\"valueRequired\":true,\"valueName\":\"search_term_string\"}}],\"inLanguage\":\"de\"},{\"@type\":\"Organization\",\"@id\":\"https:\\\/\\\/www.retrocomputing-whv.net\\\/#organization\",\"name\":\"Retrocomputing-WHV\",\"url\":\"https:\\\/\\\/www.retrocomputing-whv.net\\\/\",\"logo\":{\"@type\":\"ImageObject\",\"inLanguage\":\"de\",\"@id\":\"https:\\\/\\\/www.retrocomputing-whv.net\\\/#\\\/schema\\\/logo\\\/image\\\/\",\"url\":\"https:\\\/\\\/www.retrocomputing-whv.net\\\/wp-content\\\/uploads\\\/2020\\\/04\\\/Logo.png\",\"contentUrl\":\"https:\\\/\\\/www.retrocomputing-whv.net\\\/wp-content\\\/uploads\\\/2020\\\/04\\\/Logo.png\",\"width\":1340,\"height\":250,\"caption\":\"Retrocomputing-WHV\"},\"image\":{\"@id\":\"https:\\\/\\\/www.retrocomputing-whv.net\\\/#\\\/schema\\\/logo\\\/image\\\/\"}}]}<\/script>\n<!-- \/ Yoast SEO plugin. -->","yoast_head_json":{"title":"Das Trainingsbuch zu DATAMAT - Retrocomputing WHV","robots":{"index":"index","follow":"follow","max-snippet":"max-snippet:-1","max-image-preview":"max-image-preview:large","max-video-preview":"max-video-preview:-1"},"canonical":"https:\/\/www.retrocomputing-whv.net\/?page_id=951","og_locale":"de_DE","og_type":"article","og_title":"Das Trainingsbuch zu DATAMAT - Retrocomputing WHV","og_description":"Ein DATA BECKER Buch &#8211; Autor Heribert Schmidt1. Auflage &#8211; Erscheinungsjahr 1984 &#8211; ISBN 3-89011-035-5 Das steht drin:Mit dem Trainingsbuch zu DATAMAT lernen Sie, wie man das beliebte Dateiverwaltungsprogramm nicht nur sicher beherrscht, sondern auch sinnvoll einsetzt. Maske erstellen Datei einrichten Indexfelder Dateil\u00e4nge Daten pflegen Suchen, \u00c4ndern, L\u00f6schen Sortieren, Auswerten Ausdruckmaske erstellen Papierformat Etikettendruck Dienstprogramme Daten an andere Programme \u00fcbergeben","og_url":"https:\/\/www.retrocomputing-whv.net\/?page_id=951","og_site_name":"Retrocomputing WHV","article_modified_time":"2020-11-22T19:49:49+00:00","og_image":[{"url":"https:\/\/www.retrocomputing-whv.net\/wp-content\/uploads\/2020\/05\/DATA-BECKER-Das-Trainingsbuch-zu-DATAMAT-Auflage-1-723x1024.jpg","type":"","width":"","height":""}],"twitter_card":"summary_large_image","schema":{"@context":"https:\/\/schema.org","@graph":[{"@type":"WebPage","@id":"https:\/\/www.retrocomputing-whv.net\/?page_id=951","url":"https:\/\/www.retrocomputing-whv.net\/?page_id=951","name":"Das Trainingsbuch zu DATAMAT - Retrocomputing WHV","isPartOf":{"@id":"https:\/\/www.retrocomputing-whv.net\/#website"},"primaryImageOfPage":{"@id":"https:\/\/www.retrocomputing-whv.net\/?page_id=951#primaryimage"},"image":{"@id":"https:\/\/www.retrocomputing-whv.net\/?page_id=951#primaryimage"},"thumbnailUrl":"https:\/\/www.retrocomputing-whv.net\/wp-content\/uploads\/2020\/05\/DATA-BECKER-Das-Trainingsbuch-zu-DATAMAT-Auflage-1-723x1024.jpg","datePublished":"2020-11-22T17:01:12+00:00","dateModified":"2020-11-22T19:49:49+00:00","breadcrumb":{"@id":"https:\/\/www.retrocomputing-whv.net\/?page_id=951#breadcrumb"},"inLanguage":"de","potentialAction":[{"@type":"ReadAction","target":["https:\/\/www.retrocomputing-whv.net\/?page_id=951"]}]},{"@type":"ImageObject","inLanguage":"de","@id":"https:\/\/www.retrocomputing-whv.net\/?page_id=951#primaryimage","url":"https:\/\/www.retrocomputing-whv.net\/wp-content\/uploads\/2020\/05\/DATA-BECKER-Das-Trainingsbuch-zu-DATAMAT-Auflage-1.jpg","contentUrl":"https:\/\/www.retrocomputing-whv.net\/wp-content\/uploads\/2020\/05\/DATA-BECKER-Das-Trainingsbuch-zu-DATAMAT-Auflage-1.jpg","width":1200,"height":1699,"caption":"DATA BECKER - Das Trainingsbuch zu DATAMAT - Auflage 1"},{"@type":"BreadcrumbList","@id":"https:\/\/www.retrocomputing-whv.net\/?page_id=951#breadcrumb","itemListElement":[{"@type":"ListItem","position":1,"name":"Startseite","item":"https:\/\/www.retrocomputing-whv.net\/"},{"@type":"ListItem","position":2,"name":"Literatur","item":"https:\/\/www.retrocomputing-whv.net\/?page_id=105"},{"@type":"ListItem","position":3,"name":"DATA BECKER","item":"https:\/\/www.retrocomputing-whv.net\/?page_id=807"},{"@type":"ListItem","position":4,"name":"Commodore 64","item":"https:\/\/www.retrocomputing-whv.net\/?page_id=840"},{"@type":"ListItem","position":5,"name":"Das Trainingsbuch zu DATAMAT"}]},{"@type":"WebSite","@id":"https:\/\/www.retrocomputing-whv.net\/#website","url":"https:\/\/www.retrocomputing-whv.net\/","name":"Retrocomputing WHV","description":"","publisher":{"@id":"https:\/\/www.retrocomputing-whv.net\/#organization"},"potentialAction":[{"@type":"SearchAction","target":{"@type":"EntryPoint","urlTemplate":"https:\/\/www.retrocomputing-whv.net\/?s={search_term_string}"},"query-input":{"@type":"PropertyValueSpecification","valueRequired":true,"valueName":"search_term_string"}}],"inLanguage":"de"},{"@type":"Organization","@id":"https:\/\/www.retrocomputing-whv.net\/#organization","name":"Retrocomputing-WHV","url":"https:\/\/www.retrocomputing-whv.net\/","logo":{"@type":"ImageObject","inLanguage":"de","@id":"https:\/\/www.retrocomputing-whv.net\/#\/schema\/logo\/image\/","url":"https:\/\/www.retrocomputing-whv.net\/wp-content\/uploads\/2020\/04\/Logo.png","contentUrl":"https:\/\/www.retrocomputing-whv.net\/wp-content\/uploads\/2020\/04\/Logo.png","width":1340,"height":250,"caption":"Retrocomputing-WHV"},"image":{"@id":"https:\/\/www.retrocomputing-whv.net\/#\/schema\/logo\/image\/"}}]}},"_links":{"self":[{"href":"https:\/\/www.retrocomputing-whv.net\/index.php?rest_route=\/wp\/v2\/pages\/951","targetHints":{"allow":["GET"]}}],"collection":[{"href":"https:\/\/www.retrocomputing-whv.net\/index.php?rest_route=\/wp\/v2\/pages"}],"about":[{"href":"https:\/\/www.retrocomputing-whv.net\/index.php?rest_route=\/wp\/v2\/types\/page"}],"author":[{"embeddable":true,"href":"https:\/\/www.retrocomputing-whv.net\/index.php?rest_route=\/wp\/v2\/users\/1"}],"replies":[{"embeddable":true,"href":"https:\/\/www.retrocomputing-whv.net\/index.php?rest_route=%2Fwp%2Fv2%2Fcomments&post=951"}],"version-history":[{"count":0,"href":"https:\/\/www.retrocomputing-whv.net\/index.php?rest_route=\/wp\/v2\/pages\/951\/revisions"}],"up":[{"embeddable":true,"href":"https:\/\/www.retrocomputing-whv.net\/index.php?rest_route=\/wp\/v2\/pages\/840"}],"wp:attachment":[{"href":"https:\/\/www.retrocomputing-whv.net\/index.php?rest_route=%2Fwp%2Fv2%2Fmedia&parent=951"}],"curies":[{"name":"wp","href":"https:\/\/api.w.org\/{rel}","templated":true}]}}