{"id":960,"date":"2020-11-22T18:18:18","date_gmt":"2020-11-22T17:18:18","guid":{"rendered":"https:\/\/www.retrocomputing-whv.net\/?page_id=960"},"modified":"2020-11-22T18:18:18","modified_gmt":"2020-11-22T17:18:18","slug":"64-fuer-profis","status":"publish","type":"page","link":"https:\/\/www.retrocomputing-whv.net\/?page_id=960","title":{"rendered":"64 f\u00fcr Profis"},"content":{"rendered":"\n<figure class=\"wp-block-image size-large\"><img loading=\"lazy\" decoding=\"async\" width=\"725\" height=\"1024\" src=\"https:\/\/www.retrocomputing-whv.net\/wp-content\/uploads\/2020\/04\/DATA-BECKER-64-fuer-Profis-725x1024.jpg\" alt=\"DATA BECKER - 64 fuer Profis\" class=\"wp-image-319\" srcset=\"https:\/\/www.retrocomputing-whv.net\/wp-content\/uploads\/2020\/04\/DATA-BECKER-64-fuer-Profis-725x1024.jpg 725w, https:\/\/www.retrocomputing-whv.net\/wp-content\/uploads\/2020\/04\/DATA-BECKER-64-fuer-Profis-213x300.jpg 213w, https:\/\/www.retrocomputing-whv.net\/wp-content\/uploads\/2020\/04\/DATA-BECKER-64-fuer-Profis-768x1084.jpg 768w, https:\/\/www.retrocomputing-whv.net\/wp-content\/uploads\/2020\/04\/DATA-BECKER-64-fuer-Profis-1088x1536.jpg 1088w, https:\/\/www.retrocomputing-whv.net\/wp-content\/uploads\/2020\/04\/DATA-BECKER-64-fuer-Profis.jpg 1200w\" sizes=\"auto, (max-width: 725px) 100vw, 725px\" \/><\/figure>\n\n\n\n<p>Ein DATA BECKER Buch &#8211; Autoren Angerhausen, Becker, Klaus Gerits, Schellenberger<br>1. Auflage &#8211; Erscheinungsjahr 1983 &#8211; ISBN 3-89011-007-X<\/p>\n\n\n\n<p><strong>Das steht drin:<\/strong><br>Wer besser und leichter in BASIC programmieren m\u00f6chte, der braucht dieses neue Buch. 64 f\u00fcr Profis zeigt, wie man erfolgreich Anwendungsprobleme in BASIC l\u00f6st und verr\u00e4t Erfolgsgeheimnisse der Programmierprofis. Vom Programmentwurf \u00fcber Men\u00fcsteuerung, Maskenaufbau, Parameterisierung, Datenzugriff und Druckausgabe bis hin zur Dokumentation wird anschaulich mit Beispielen dargelegt, wie gute BASIC-Programmierung vor sich geht. F\u00fcnf komplett beschriebene, lauffertige Anwendungsprogramme f\u00fcr den C-64 illustrieren den Inhalt der einzelnen Kapitel beispielhaft. Mit 64 f\u00fcr Profis lernen sie gute und erfolgreiche BASIC-Programmierung.<\/p>\n\n\n\n<p><strong>Aus dem Inhalt:<\/strong><\/p>\n\n\n\n<ul class=\"wp-block-list\"><li>Bevor Sie anfangen zu Programmieren<ul><li>Das sollten Sie sich ersparen<\/li><li>Die Programmidee<\/li><li>Der Programmentwurf<ul><li>Das Flu\u00dfdiagramm<\/li><\/ul><\/li><li>Vorbereitungsarbeiten zur Programmierung<ul><li>Die Gestaltung der Bildschirmmaske<\/li><li>Die Festlegung der Dateien<\/li><li>Rechenformeln<\/li><li>Die Druckausgabe<\/li><li>Die Variablenliste und Tips zum Umgang mit Variablen<\/li><li>Die Programmdokumentation<\/li><li>Grunds\u00e4tzliche \u00dcberlegungen zum Programmaufbau<\/li><\/ul><\/li><li>Strukturiertes Programmieren an einem Beispiel &#8211; Der Commodore 64 als Taschenrechner<ul><li>Vorbereitungen<\/li><li>Die Programmanalyse<\/li><li>Die Variablenliste<\/li><li>Der Programmablauf<\/li><\/ul><\/li><li>Das Struktogramm<\/li><li>Flu\u00dfdiagramm kontra Struktogramm<\/li><li>Erstellen des strukturierten BASIC-Listings<\/li><\/ul><\/li><li>Ein Programm besteht aus drei Dingen<ul><li>Dateneingabe<ul><li>Die Bildschirmmaske<\/li><li>Eingabefelder<\/li><li>Cursorpositionierung<\/li><li>Tastatur\u00fcbernahme<\/li><\/ul><\/li><li>Datenverarbeitung<ul><li>Variable<\/li><li>Rechengenauigkeit<\/li><li>Sortieren<\/li><\/ul><\/li><li>Datenausgabe<ul><li>Ausgabe auf der Floppy<ul><li>SEQ<\/li><li>REL<\/li><li>ISAM<\/li><li>QUISAM<ul><li>Der Hashcode<\/li><li>Dateigr\u00f6\u00dfe<\/li><li>Eintrag l\u00f6schen<\/li><li>Satz eintragen<\/li><li>Satz suchen<\/li><li>Wof\u00fcr eignet sich QUISAM<\/li><\/ul><\/li><\/ul><\/li><li>Die Ausgabe auf dem Drucker<ul><li>Tabulator<\/li><li>Dezimalpunkte<\/li><li>Formatierung<\/li><\/ul><\/li><\/ul><\/li><\/ul><\/li><li>Tips f\u00fcr die professionelle Programmgestaltung &#8211; In diesem Kapitel zeigen wir Ihnen anhand ausgew\u00e4hlter, wichtiger Themenbereiche wie Sie Ihre Programme noch bediener- und \u00e4nderungsfreundlicher gestalten k\u00f6nnen.<ul><li>Parameterisierung von Programmen<\/li><li>Men\u00fcsteuerung und Overlaytechnik<\/li><li>Mehr Programmkomfort durch Funktionstasten<\/li><li>Testen Sie Ihr Programm aus  &#8211; Anwender sind keine Versuchskaninchen!<\/li><li>Die Bedienungsanleitung, das Aush\u00e4ngeschild eines Programms<\/li><\/ul><\/li><li>Anwendungsprogramme<ul><li>Einleitung<\/li><li>Eine parameterisierte Lagerverwaltung<\/li><li>Ein universeller Reportgenerator<\/li><li>Ein einfaches Textverarbeitungsprogramm<\/li><li>QUISAM konkret &#8211; eine Literaturstellenverwaltung<\/li><li>Eine komfortable Adressenverwaltung<\/li><\/ul><\/li><li>Die Verwendung von Programmierhilfen am Beispiel von MASTER 64<\/li><\/ul>\n\n\n\n<figure class=\"wp-block-image size-large\"><a href=\"https:\/\/www.retrocomputing-whv.net\/?page_id=840\"><img loading=\"lazy\" decoding=\"async\" width=\"256\" height=\"136\" src=\"https:\/\/www.retrocomputing-whv.net\/wp-content\/uploads\/2020\/08\/Backspace.jpg\" alt=\"Backspace\" class=\"wp-image-681\"\/><\/a><\/figure>\n","protected":false},"excerpt":{"rendered":"<p>Ein DATA BECKER Buch &#8211; Autoren Angerhausen, Becker, Klaus Gerits, Schellenberger1. Auflage &#8211; Erscheinungsjahr 1983 &#8211; ISBN 3-89011-007-X Das steht drin:Wer besser und leichter in BASIC programmieren m\u00f6chte, der braucht dieses neue Buch. 64 f\u00fcr Profis zeigt, wie man erfolgreich Anwendungsprobleme in BASIC l\u00f6st und verr\u00e4t Erfolgsgeheimnisse der Programmierprofis. Vom Programmentwurf \u00fcber Men\u00fcsteuerung, Maskenaufbau, Parameterisierung, Datenzugriff und Druckausgabe bis hin<\/p>\n","protected":false},"author":1,"featured_media":0,"parent":840,"menu_order":0,"comment_status":"closed","ping_status":"closed","template":"","meta":{"footnotes":""},"class_list":["post-960","page","type-page","status-publish","hentry"],"yoast_head":"<!-- This site is optimized with the Yoast SEO plugin v27.5 - https:\/\/yoast.com\/product\/yoast-seo-wordpress\/ -->\n<title>64 f\u00fcr Profis - Retrocomputing WHV<\/title>\n<meta name=\"robots\" content=\"index, follow, max-snippet:-1, max-image-preview:large, max-video-preview:-1\" \/>\n<link rel=\"canonical\" href=\"https:\/\/www.retrocomputing-whv.net\/?page_id=960\" \/>\n<meta property=\"og:locale\" content=\"de_DE\" \/>\n<meta property=\"og:type\" content=\"article\" \/>\n<meta property=\"og:title\" content=\"64 f\u00fcr Profis - Retrocomputing WHV\" \/>\n<meta property=\"og:description\" content=\"Ein DATA BECKER Buch &#8211; Autoren Angerhausen, Becker, Klaus Gerits, Schellenberger1. Auflage &#8211; Erscheinungsjahr 1983 &#8211; ISBN 3-89011-007-X Das steht drin:Wer besser und leichter in BASIC programmieren m\u00f6chte, der braucht dieses neue Buch. 64 f\u00fcr Profis zeigt, wie man erfolgreich Anwendungsprobleme in BASIC l\u00f6st und verr\u00e4t Erfolgsgeheimnisse der Programmierprofis. Vom Programmentwurf \u00fcber Men\u00fcsteuerung, Maskenaufbau, Parameterisierung, Datenzugriff und Druckausgabe bis hin\" \/>\n<meta property=\"og:url\" content=\"https:\/\/www.retrocomputing-whv.net\/?page_id=960\" \/>\n<meta property=\"og:site_name\" content=\"Retrocomputing WHV\" \/>\n<meta property=\"og:image\" content=\"https:\/\/www.retrocomputing-whv.net\/wp-content\/uploads\/2020\/04\/DATA-BECKER-64-fuer-Profis-725x1024.jpg\" \/>\n<meta name=\"twitter:card\" content=\"summary_large_image\" \/>\n<meta name=\"twitter:label1\" content=\"Gesch\u00e4tzte Lesezeit\" \/>\n\t<meta name=\"twitter:data1\" content=\"1\u00a0Minute\" \/>\n<script type=\"application\/ld+json\" class=\"yoast-schema-graph\">{\"@context\":\"https:\\\/\\\/schema.org\",\"@graph\":[{\"@type\":\"WebPage\",\"@id\":\"https:\\\/\\\/www.retrocomputing-whv.net\\\/?page_id=960\",\"url\":\"https:\\\/\\\/www.retrocomputing-whv.net\\\/?page_id=960\",\"name\":\"64 f\u00fcr Profis - Retrocomputing WHV\",\"isPartOf\":{\"@id\":\"https:\\\/\\\/www.retrocomputing-whv.net\\\/#website\"},\"primaryImageOfPage\":{\"@id\":\"https:\\\/\\\/www.retrocomputing-whv.net\\\/?page_id=960#primaryimage\"},\"image\":{\"@id\":\"https:\\\/\\\/www.retrocomputing-whv.net\\\/?page_id=960#primaryimage\"},\"thumbnailUrl\":\"https:\\\/\\\/www.retrocomputing-whv.net\\\/wp-content\\\/uploads\\\/2020\\\/04\\\/DATA-BECKER-64-fuer-Profis-725x1024.jpg\",\"datePublished\":\"2020-11-22T17:18:18+00:00\",\"breadcrumb\":{\"@id\":\"https:\\\/\\\/www.retrocomputing-whv.net\\\/?page_id=960#breadcrumb\"},\"inLanguage\":\"de\",\"potentialAction\":[{\"@type\":\"ReadAction\",\"target\":[\"https:\\\/\\\/www.retrocomputing-whv.net\\\/?page_id=960\"]}]},{\"@type\":\"ImageObject\",\"inLanguage\":\"de\",\"@id\":\"https:\\\/\\\/www.retrocomputing-whv.net\\\/?page_id=960#primaryimage\",\"url\":\"https:\\\/\\\/www.retrocomputing-whv.net\\\/wp-content\\\/uploads\\\/2020\\\/04\\\/DATA-BECKER-64-fuer-Profis.jpg\",\"contentUrl\":\"https:\\\/\\\/www.retrocomputing-whv.net\\\/wp-content\\\/uploads\\\/2020\\\/04\\\/DATA-BECKER-64-fuer-Profis.jpg\",\"width\":1200,\"height\":1694,\"caption\":\"DATA BECKER - 64 fuer Profis\"},{\"@type\":\"BreadcrumbList\",\"@id\":\"https:\\\/\\\/www.retrocomputing-whv.net\\\/?page_id=960#breadcrumb\",\"itemListElement\":[{\"@type\":\"ListItem\",\"position\":1,\"name\":\"Startseite\",\"item\":\"https:\\\/\\\/www.retrocomputing-whv.net\\\/\"},{\"@type\":\"ListItem\",\"position\":2,\"name\":\"Literatur\",\"item\":\"https:\\\/\\\/www.retrocomputing-whv.net\\\/?page_id=105\"},{\"@type\":\"ListItem\",\"position\":3,\"name\":\"DATA BECKER\",\"item\":\"https:\\\/\\\/www.retrocomputing-whv.net\\\/?page_id=807\"},{\"@type\":\"ListItem\",\"position\":4,\"name\":\"Commodore 64\",\"item\":\"https:\\\/\\\/www.retrocomputing-whv.net\\\/?page_id=840\"},{\"@type\":\"ListItem\",\"position\":5,\"name\":\"64 f\u00fcr Profis\"}]},{\"@type\":\"WebSite\",\"@id\":\"https:\\\/\\\/www.retrocomputing-whv.net\\\/#website\",\"url\":\"https:\\\/\\\/www.retrocomputing-whv.net\\\/\",\"name\":\"Retrocomputing WHV\",\"description\":\"\",\"publisher\":{\"@id\":\"https:\\\/\\\/www.retrocomputing-whv.net\\\/#organization\"},\"potentialAction\":[{\"@type\":\"SearchAction\",\"target\":{\"@type\":\"EntryPoint\",\"urlTemplate\":\"https:\\\/\\\/www.retrocomputing-whv.net\\\/?s={search_term_string}\"},\"query-input\":{\"@type\":\"PropertyValueSpecification\",\"valueRequired\":true,\"valueName\":\"search_term_string\"}}],\"inLanguage\":\"de\"},{\"@type\":\"Organization\",\"@id\":\"https:\\\/\\\/www.retrocomputing-whv.net\\\/#organization\",\"name\":\"Retrocomputing-WHV\",\"url\":\"https:\\\/\\\/www.retrocomputing-whv.net\\\/\",\"logo\":{\"@type\":\"ImageObject\",\"inLanguage\":\"de\",\"@id\":\"https:\\\/\\\/www.retrocomputing-whv.net\\\/#\\\/schema\\\/logo\\\/image\\\/\",\"url\":\"https:\\\/\\\/www.retrocomputing-whv.net\\\/wp-content\\\/uploads\\\/2020\\\/04\\\/Logo.png\",\"contentUrl\":\"https:\\\/\\\/www.retrocomputing-whv.net\\\/wp-content\\\/uploads\\\/2020\\\/04\\\/Logo.png\",\"width\":1340,\"height\":250,\"caption\":\"Retrocomputing-WHV\"},\"image\":{\"@id\":\"https:\\\/\\\/www.retrocomputing-whv.net\\\/#\\\/schema\\\/logo\\\/image\\\/\"}}]}<\/script>\n<!-- \/ Yoast SEO plugin. -->","yoast_head_json":{"title":"64 f\u00fcr Profis - Retrocomputing WHV","robots":{"index":"index","follow":"follow","max-snippet":"max-snippet:-1","max-image-preview":"max-image-preview:large","max-video-preview":"max-video-preview:-1"},"canonical":"https:\/\/www.retrocomputing-whv.net\/?page_id=960","og_locale":"de_DE","og_type":"article","og_title":"64 f\u00fcr Profis - Retrocomputing WHV","og_description":"Ein DATA BECKER Buch &#8211; Autoren Angerhausen, Becker, Klaus Gerits, Schellenberger1. Auflage &#8211; Erscheinungsjahr 1983 &#8211; ISBN 3-89011-007-X Das steht drin:Wer besser und leichter in BASIC programmieren m\u00f6chte, der braucht dieses neue Buch. 64 f\u00fcr Profis zeigt, wie man erfolgreich Anwendungsprobleme in BASIC l\u00f6st und verr\u00e4t Erfolgsgeheimnisse der Programmierprofis. Vom Programmentwurf \u00fcber Men\u00fcsteuerung, Maskenaufbau, Parameterisierung, Datenzugriff und Druckausgabe bis hin","og_url":"https:\/\/www.retrocomputing-whv.net\/?page_id=960","og_site_name":"Retrocomputing WHV","og_image":[{"url":"https:\/\/www.retrocomputing-whv.net\/wp-content\/uploads\/2020\/04\/DATA-BECKER-64-fuer-Profis-725x1024.jpg","type":"","width":"","height":""}],"twitter_card":"summary_large_image","twitter_misc":{"Gesch\u00e4tzte Lesezeit":"1\u00a0Minute"},"schema":{"@context":"https:\/\/schema.org","@graph":[{"@type":"WebPage","@id":"https:\/\/www.retrocomputing-whv.net\/?page_id=960","url":"https:\/\/www.retrocomputing-whv.net\/?page_id=960","name":"64 f\u00fcr Profis - Retrocomputing WHV","isPartOf":{"@id":"https:\/\/www.retrocomputing-whv.net\/#website"},"primaryImageOfPage":{"@id":"https:\/\/www.retrocomputing-whv.net\/?page_id=960#primaryimage"},"image":{"@id":"https:\/\/www.retrocomputing-whv.net\/?page_id=960#primaryimage"},"thumbnailUrl":"https:\/\/www.retrocomputing-whv.net\/wp-content\/uploads\/2020\/04\/DATA-BECKER-64-fuer-Profis-725x1024.jpg","datePublished":"2020-11-22T17:18:18+00:00","breadcrumb":{"@id":"https:\/\/www.retrocomputing-whv.net\/?page_id=960#breadcrumb"},"inLanguage":"de","potentialAction":[{"@type":"ReadAction","target":["https:\/\/www.retrocomputing-whv.net\/?page_id=960"]}]},{"@type":"ImageObject","inLanguage":"de","@id":"https:\/\/www.retrocomputing-whv.net\/?page_id=960#primaryimage","url":"https:\/\/www.retrocomputing-whv.net\/wp-content\/uploads\/2020\/04\/DATA-BECKER-64-fuer-Profis.jpg","contentUrl":"https:\/\/www.retrocomputing-whv.net\/wp-content\/uploads\/2020\/04\/DATA-BECKER-64-fuer-Profis.jpg","width":1200,"height":1694,"caption":"DATA BECKER - 64 fuer Profis"},{"@type":"BreadcrumbList","@id":"https:\/\/www.retrocomputing-whv.net\/?page_id=960#breadcrumb","itemListElement":[{"@type":"ListItem","position":1,"name":"Startseite","item":"https:\/\/www.retrocomputing-whv.net\/"},{"@type":"ListItem","position":2,"name":"Literatur","item":"https:\/\/www.retrocomputing-whv.net\/?page_id=105"},{"@type":"ListItem","position":3,"name":"DATA BECKER","item":"https:\/\/www.retrocomputing-whv.net\/?page_id=807"},{"@type":"ListItem","position":4,"name":"Commodore 64","item":"https:\/\/www.retrocomputing-whv.net\/?page_id=840"},{"@type":"ListItem","position":5,"name":"64 f\u00fcr Profis"}]},{"@type":"WebSite","@id":"https:\/\/www.retrocomputing-whv.net\/#website","url":"https:\/\/www.retrocomputing-whv.net\/","name":"Retrocomputing WHV","description":"","publisher":{"@id":"https:\/\/www.retrocomputing-whv.net\/#organization"},"potentialAction":[{"@type":"SearchAction","target":{"@type":"EntryPoint","urlTemplate":"https:\/\/www.retrocomputing-whv.net\/?s={search_term_string}"},"query-input":{"@type":"PropertyValueSpecification","valueRequired":true,"valueName":"search_term_string"}}],"inLanguage":"de"},{"@type":"Organization","@id":"https:\/\/www.retrocomputing-whv.net\/#organization","name":"Retrocomputing-WHV","url":"https:\/\/www.retrocomputing-whv.net\/","logo":{"@type":"ImageObject","inLanguage":"de","@id":"https:\/\/www.retrocomputing-whv.net\/#\/schema\/logo\/image\/","url":"https:\/\/www.retrocomputing-whv.net\/wp-content\/uploads\/2020\/04\/Logo.png","contentUrl":"https:\/\/www.retrocomputing-whv.net\/wp-content\/uploads\/2020\/04\/Logo.png","width":1340,"height":250,"caption":"Retrocomputing-WHV"},"image":{"@id":"https:\/\/www.retrocomputing-whv.net\/#\/schema\/logo\/image\/"}}]}},"_links":{"self":[{"href":"https:\/\/www.retrocomputing-whv.net\/index.php?rest_route=\/wp\/v2\/pages\/960","targetHints":{"allow":["GET"]}}],"collection":[{"href":"https:\/\/www.retrocomputing-whv.net\/index.php?rest_route=\/wp\/v2\/pages"}],"about":[{"href":"https:\/\/www.retrocomputing-whv.net\/index.php?rest_route=\/wp\/v2\/types\/page"}],"author":[{"embeddable":true,"href":"https:\/\/www.retrocomputing-whv.net\/index.php?rest_route=\/wp\/v2\/users\/1"}],"replies":[{"embeddable":true,"href":"https:\/\/www.retrocomputing-whv.net\/index.php?rest_route=%2Fwp%2Fv2%2Fcomments&post=960"}],"version-history":[{"count":0,"href":"https:\/\/www.retrocomputing-whv.net\/index.php?rest_route=\/wp\/v2\/pages\/960\/revisions"}],"up":[{"embeddable":true,"href":"https:\/\/www.retrocomputing-whv.net\/index.php?rest_route=\/wp\/v2\/pages\/840"}],"wp:attachment":[{"href":"https:\/\/www.retrocomputing-whv.net\/index.php?rest_route=%2Fwp%2Fv2%2Fmedia&parent=960"}],"curies":[{"name":"wp","href":"https:\/\/api.w.org\/{rel}","templated":true}]}}