{"id":969,"date":"2020-11-22T19:52:07","date_gmt":"2020-11-22T18:52:07","guid":{"rendered":"https:\/\/www.retrocomputing-whv.net\/?page_id=969"},"modified":"2020-11-22T19:52:07","modified_gmt":"2020-11-22T18:52:07","slug":"64-tips-tricks-2","status":"publish","type":"page","link":"https:\/\/www.retrocomputing-whv.net\/?page_id=969","title":{"rendered":"64 Tips &#038; Tricks"},"content":{"rendered":"\n<figure class=\"wp-block-image size-large\"><img loading=\"lazy\" decoding=\"async\" width=\"712\" height=\"1024\" src=\"https:\/\/www.retrocomputing-whv.net\/wp-content\/uploads\/2020\/04\/DATA-BECKER-64-Tips-und-Tricks-Band-1-Auflage-4-712x1024.jpg\" alt=\"DATA BECKER - 64 Tips und Tricks Band 1 Auflage 4\" class=\"wp-image-334\" srcset=\"https:\/\/www.retrocomputing-whv.net\/wp-content\/uploads\/2020\/04\/DATA-BECKER-64-Tips-und-Tricks-Band-1-Auflage-4-712x1024.jpg 712w, https:\/\/www.retrocomputing-whv.net\/wp-content\/uploads\/2020\/04\/DATA-BECKER-64-Tips-und-Tricks-Band-1-Auflage-4-209x300.jpg 209w, https:\/\/www.retrocomputing-whv.net\/wp-content\/uploads\/2020\/04\/DATA-BECKER-64-Tips-und-Tricks-Band-1-Auflage-4-768x1104.jpg 768w, https:\/\/www.retrocomputing-whv.net\/wp-content\/uploads\/2020\/04\/DATA-BECKER-64-Tips-und-Tricks-Band-1-Auflage-4-1069x1536.jpg 1069w, https:\/\/www.retrocomputing-whv.net\/wp-content\/uploads\/2020\/04\/DATA-BECKER-64-Tips-und-Tricks-Band-1-Auflage-4.jpg 1200w\" sizes=\"auto, (max-width: 712px) 100vw, 712px\" \/><\/figure>\n\n\n\n<p>Ein DATA BECKER Buch &#8211; Autoren Angerhausen, Lothar Englisch, Klaus Gerits, Thrun<br>4. Auflage &#8211; Erscheinungsjahr 1984 &#8211; ISBN 3-89011-001-0<\/p>\n\n\n\n<p><strong>Das steht drin:<\/strong><br>64 Tips &amp; Tricks Band 1, mit weit \u00fcber 70.000 verkauften Exemplaren ein Bestseller aus dem Hause DATA BECKER, ist eine echte Fundgrube f\u00fcr jeden COMMODORE 64 Anwender. Mit POKEs und anderen n\u00fctzlichen Routinen, interessanten Programmen sowie wichtigen Programmiertips &amp; -tricks.<\/p>\n\n\n\n<p><strong>Aus dem Inhalt:<\/strong><\/p>\n\n\n\n<ul class=\"wp-block-list\"><li>Definition eines eigenen Zeichensatzes<\/li><li>Tastaturbelegung und ihre \u00c4nderung<\/li><li>Dateneingabe mit Komfort<\/li><li>Simulation der Maus mit einem Joystick<\/li><li>BASIC f\u00fcr Fortgeschrittene<\/li><li>CP\/M auf dem Commodore 64<\/li><li>Druckeranschlu\u00df \u00fcber den USER-Port<\/li><li>Daten\u00fcbertragung von und zu anderen Rechnern<\/li><li>Expansionsport<\/li><li>Synthesizer in Stereo<\/li><li>Retten einer nicht ordnungsgem\u00e4\u00df geschlossenen Datei<\/li><li>Erzeugen einer BASIC-Zeile in BASIC<\/li><li>Kassettenpuffer als Datenspeicher<\/li><li>Sortieren von Stringfeldern<\/li><li>Multitasking auf dem Commodore 64<\/li><li>POKE\u00b4s und die Zeropage<\/li><li>Repeat-Funktion f\u00fcr alle Tasten<\/li><li>und vieles mehr<\/li><\/ul>\n\n\n\n<figure class=\"wp-block-image size-large\"><a href=\"https:\/\/www.retrocomputing-whv.net\/?page_id=840\"><img loading=\"lazy\" decoding=\"async\" width=\"256\" height=\"136\" src=\"https:\/\/www.retrocomputing-whv.net\/wp-content\/uploads\/2020\/08\/Backspace.jpg\" alt=\"Backspace\" class=\"wp-image-681\"\/><\/a><\/figure>\n\n\n\n<p><\/p>\n","protected":false},"excerpt":{"rendered":"<p>Ein DATA BECKER Buch &#8211; Autoren Angerhausen, Lothar Englisch, Klaus Gerits, Thrun4. Auflage &#8211; Erscheinungsjahr 1984 &#8211; ISBN 3-89011-001-0 Das steht drin:64 Tips &amp; Tricks Band 1, mit weit \u00fcber 70.000 verkauften Exemplaren ein Bestseller aus dem Hause DATA BECKER, ist eine echte Fundgrube f\u00fcr jeden COMMODORE 64 Anwender. Mit POKEs und anderen n\u00fctzlichen Routinen, interessanten Programmen sowie wichtigen Programmiertips<\/p>\n","protected":false},"author":1,"featured_media":0,"parent":840,"menu_order":0,"comment_status":"closed","ping_status":"closed","template":"","meta":{"footnotes":""},"class_list":["post-969","page","type-page","status-publish","hentry"],"yoast_head":"<!-- This site is optimized with the Yoast SEO plugin v27.5 - https:\/\/yoast.com\/product\/yoast-seo-wordpress\/ -->\n<title>64 Tips &amp; Tricks - Retrocomputing WHV<\/title>\n<meta name=\"robots\" content=\"index, follow, max-snippet:-1, max-image-preview:large, max-video-preview:-1\" \/>\n<link rel=\"canonical\" href=\"https:\/\/www.retrocomputing-whv.net\/?page_id=969\" \/>\n<meta property=\"og:locale\" content=\"de_DE\" \/>\n<meta property=\"og:type\" content=\"article\" \/>\n<meta property=\"og:title\" content=\"64 Tips &amp; Tricks - Retrocomputing WHV\" \/>\n<meta property=\"og:description\" content=\"Ein DATA BECKER Buch &#8211; Autoren Angerhausen, Lothar Englisch, Klaus Gerits, Thrun4. Auflage &#8211; Erscheinungsjahr 1984 &#8211; ISBN 3-89011-001-0 Das steht drin:64 Tips &amp; Tricks Band 1, mit weit \u00fcber 70.000 verkauften Exemplaren ein Bestseller aus dem Hause DATA BECKER, ist eine echte Fundgrube f\u00fcr jeden COMMODORE 64 Anwender. Mit POKEs und anderen n\u00fctzlichen Routinen, interessanten Programmen sowie wichtigen Programmiertips\" \/>\n<meta property=\"og:url\" content=\"https:\/\/www.retrocomputing-whv.net\/?page_id=969\" \/>\n<meta property=\"og:site_name\" content=\"Retrocomputing WHV\" \/>\n<meta property=\"og:image\" content=\"https:\/\/www.retrocomputing-whv.net\/wp-content\/uploads\/2020\/04\/DATA-BECKER-64-Tips-und-Tricks-Band-1-Auflage-4-712x1024.jpg\" \/>\n<meta name=\"twitter:card\" content=\"summary_large_image\" \/>\n<meta name=\"twitter:label1\" content=\"Gesch\u00e4tzte Lesezeit\" \/>\n\t<meta name=\"twitter:data1\" content=\"1\u00a0Minute\" \/>\n<script type=\"application\/ld+json\" class=\"yoast-schema-graph\">{\"@context\":\"https:\\\/\\\/schema.org\",\"@graph\":[{\"@type\":\"WebPage\",\"@id\":\"https:\\\/\\\/www.retrocomputing-whv.net\\\/?page_id=969\",\"url\":\"https:\\\/\\\/www.retrocomputing-whv.net\\\/?page_id=969\",\"name\":\"64 Tips & Tricks - Retrocomputing WHV\",\"isPartOf\":{\"@id\":\"https:\\\/\\\/www.retrocomputing-whv.net\\\/#website\"},\"primaryImageOfPage\":{\"@id\":\"https:\\\/\\\/www.retrocomputing-whv.net\\\/?page_id=969#primaryimage\"},\"image\":{\"@id\":\"https:\\\/\\\/www.retrocomputing-whv.net\\\/?page_id=969#primaryimage\"},\"thumbnailUrl\":\"https:\\\/\\\/www.retrocomputing-whv.net\\\/wp-content\\\/uploads\\\/2020\\\/04\\\/DATA-BECKER-64-Tips-und-Tricks-Band-1-Auflage-4-712x1024.jpg\",\"datePublished\":\"2020-11-22T18:52:07+00:00\",\"breadcrumb\":{\"@id\":\"https:\\\/\\\/www.retrocomputing-whv.net\\\/?page_id=969#breadcrumb\"},\"inLanguage\":\"de\",\"potentialAction\":[{\"@type\":\"ReadAction\",\"target\":[\"https:\\\/\\\/www.retrocomputing-whv.net\\\/?page_id=969\"]}]},{\"@type\":\"ImageObject\",\"inLanguage\":\"de\",\"@id\":\"https:\\\/\\\/www.retrocomputing-whv.net\\\/?page_id=969#primaryimage\",\"url\":\"https:\\\/\\\/www.retrocomputing-whv.net\\\/wp-content\\\/uploads\\\/2020\\\/04\\\/DATA-BECKER-64-Tips-und-Tricks-Band-1-Auflage-4.jpg\",\"contentUrl\":\"https:\\\/\\\/www.retrocomputing-whv.net\\\/wp-content\\\/uploads\\\/2020\\\/04\\\/DATA-BECKER-64-Tips-und-Tricks-Band-1-Auflage-4.jpg\",\"width\":1200,\"height\":1725,\"caption\":\"DATA BECKER - 64 Tipps und Tricks - Band 1 - Auflage 4\"},{\"@type\":\"BreadcrumbList\",\"@id\":\"https:\\\/\\\/www.retrocomputing-whv.net\\\/?page_id=969#breadcrumb\",\"itemListElement\":[{\"@type\":\"ListItem\",\"position\":1,\"name\":\"Startseite\",\"item\":\"https:\\\/\\\/www.retrocomputing-whv.net\\\/\"},{\"@type\":\"ListItem\",\"position\":2,\"name\":\"Literatur\",\"item\":\"https:\\\/\\\/www.retrocomputing-whv.net\\\/?page_id=105\"},{\"@type\":\"ListItem\",\"position\":3,\"name\":\"DATA BECKER\",\"item\":\"https:\\\/\\\/www.retrocomputing-whv.net\\\/?page_id=807\"},{\"@type\":\"ListItem\",\"position\":4,\"name\":\"Commodore 64\",\"item\":\"https:\\\/\\\/www.retrocomputing-whv.net\\\/?page_id=840\"},{\"@type\":\"ListItem\",\"position\":5,\"name\":\"64 Tips &#038; Tricks\"}]},{\"@type\":\"WebSite\",\"@id\":\"https:\\\/\\\/www.retrocomputing-whv.net\\\/#website\",\"url\":\"https:\\\/\\\/www.retrocomputing-whv.net\\\/\",\"name\":\"Retrocomputing WHV\",\"description\":\"\",\"publisher\":{\"@id\":\"https:\\\/\\\/www.retrocomputing-whv.net\\\/#organization\"},\"potentialAction\":[{\"@type\":\"SearchAction\",\"target\":{\"@type\":\"EntryPoint\",\"urlTemplate\":\"https:\\\/\\\/www.retrocomputing-whv.net\\\/?s={search_term_string}\"},\"query-input\":{\"@type\":\"PropertyValueSpecification\",\"valueRequired\":true,\"valueName\":\"search_term_string\"}}],\"inLanguage\":\"de\"},{\"@type\":\"Organization\",\"@id\":\"https:\\\/\\\/www.retrocomputing-whv.net\\\/#organization\",\"name\":\"Retrocomputing-WHV\",\"url\":\"https:\\\/\\\/www.retrocomputing-whv.net\\\/\",\"logo\":{\"@type\":\"ImageObject\",\"inLanguage\":\"de\",\"@id\":\"https:\\\/\\\/www.retrocomputing-whv.net\\\/#\\\/schema\\\/logo\\\/image\\\/\",\"url\":\"https:\\\/\\\/www.retrocomputing-whv.net\\\/wp-content\\\/uploads\\\/2020\\\/04\\\/Logo.png\",\"contentUrl\":\"https:\\\/\\\/www.retrocomputing-whv.net\\\/wp-content\\\/uploads\\\/2020\\\/04\\\/Logo.png\",\"width\":1340,\"height\":250,\"caption\":\"Retrocomputing-WHV\"},\"image\":{\"@id\":\"https:\\\/\\\/www.retrocomputing-whv.net\\\/#\\\/schema\\\/logo\\\/image\\\/\"}}]}<\/script>\n<!-- \/ Yoast SEO plugin. -->","yoast_head_json":{"title":"64 Tips & Tricks - Retrocomputing WHV","robots":{"index":"index","follow":"follow","max-snippet":"max-snippet:-1","max-image-preview":"max-image-preview:large","max-video-preview":"max-video-preview:-1"},"canonical":"https:\/\/www.retrocomputing-whv.net\/?page_id=969","og_locale":"de_DE","og_type":"article","og_title":"64 Tips & Tricks - Retrocomputing WHV","og_description":"Ein DATA BECKER Buch &#8211; Autoren Angerhausen, Lothar Englisch, Klaus Gerits, Thrun4. Auflage &#8211; Erscheinungsjahr 1984 &#8211; ISBN 3-89011-001-0 Das steht drin:64 Tips &amp; Tricks Band 1, mit weit \u00fcber 70.000 verkauften Exemplaren ein Bestseller aus dem Hause DATA BECKER, ist eine echte Fundgrube f\u00fcr jeden COMMODORE 64 Anwender. Mit POKEs und anderen n\u00fctzlichen Routinen, interessanten Programmen sowie wichtigen Programmiertips","og_url":"https:\/\/www.retrocomputing-whv.net\/?page_id=969","og_site_name":"Retrocomputing WHV","og_image":[{"url":"https:\/\/www.retrocomputing-whv.net\/wp-content\/uploads\/2020\/04\/DATA-BECKER-64-Tips-und-Tricks-Band-1-Auflage-4-712x1024.jpg","type":"","width":"","height":""}],"twitter_card":"summary_large_image","twitter_misc":{"Gesch\u00e4tzte Lesezeit":"1\u00a0Minute"},"schema":{"@context":"https:\/\/schema.org","@graph":[{"@type":"WebPage","@id":"https:\/\/www.retrocomputing-whv.net\/?page_id=969","url":"https:\/\/www.retrocomputing-whv.net\/?page_id=969","name":"64 Tips & Tricks - Retrocomputing WHV","isPartOf":{"@id":"https:\/\/www.retrocomputing-whv.net\/#website"},"primaryImageOfPage":{"@id":"https:\/\/www.retrocomputing-whv.net\/?page_id=969#primaryimage"},"image":{"@id":"https:\/\/www.retrocomputing-whv.net\/?page_id=969#primaryimage"},"thumbnailUrl":"https:\/\/www.retrocomputing-whv.net\/wp-content\/uploads\/2020\/04\/DATA-BECKER-64-Tips-und-Tricks-Band-1-Auflage-4-712x1024.jpg","datePublished":"2020-11-22T18:52:07+00:00","breadcrumb":{"@id":"https:\/\/www.retrocomputing-whv.net\/?page_id=969#breadcrumb"},"inLanguage":"de","potentialAction":[{"@type":"ReadAction","target":["https:\/\/www.retrocomputing-whv.net\/?page_id=969"]}]},{"@type":"ImageObject","inLanguage":"de","@id":"https:\/\/www.retrocomputing-whv.net\/?page_id=969#primaryimage","url":"https:\/\/www.retrocomputing-whv.net\/wp-content\/uploads\/2020\/04\/DATA-BECKER-64-Tips-und-Tricks-Band-1-Auflage-4.jpg","contentUrl":"https:\/\/www.retrocomputing-whv.net\/wp-content\/uploads\/2020\/04\/DATA-BECKER-64-Tips-und-Tricks-Band-1-Auflage-4.jpg","width":1200,"height":1725,"caption":"DATA BECKER - 64 Tipps und Tricks - Band 1 - Auflage 4"},{"@type":"BreadcrumbList","@id":"https:\/\/www.retrocomputing-whv.net\/?page_id=969#breadcrumb","itemListElement":[{"@type":"ListItem","position":1,"name":"Startseite","item":"https:\/\/www.retrocomputing-whv.net\/"},{"@type":"ListItem","position":2,"name":"Literatur","item":"https:\/\/www.retrocomputing-whv.net\/?page_id=105"},{"@type":"ListItem","position":3,"name":"DATA BECKER","item":"https:\/\/www.retrocomputing-whv.net\/?page_id=807"},{"@type":"ListItem","position":4,"name":"Commodore 64","item":"https:\/\/www.retrocomputing-whv.net\/?page_id=840"},{"@type":"ListItem","position":5,"name":"64 Tips &#038; Tricks"}]},{"@type":"WebSite","@id":"https:\/\/www.retrocomputing-whv.net\/#website","url":"https:\/\/www.retrocomputing-whv.net\/","name":"Retrocomputing WHV","description":"","publisher":{"@id":"https:\/\/www.retrocomputing-whv.net\/#organization"},"potentialAction":[{"@type":"SearchAction","target":{"@type":"EntryPoint","urlTemplate":"https:\/\/www.retrocomputing-whv.net\/?s={search_term_string}"},"query-input":{"@type":"PropertyValueSpecification","valueRequired":true,"valueName":"search_term_string"}}],"inLanguage":"de"},{"@type":"Organization","@id":"https:\/\/www.retrocomputing-whv.net\/#organization","name":"Retrocomputing-WHV","url":"https:\/\/www.retrocomputing-whv.net\/","logo":{"@type":"ImageObject","inLanguage":"de","@id":"https:\/\/www.retrocomputing-whv.net\/#\/schema\/logo\/image\/","url":"https:\/\/www.retrocomputing-whv.net\/wp-content\/uploads\/2020\/04\/Logo.png","contentUrl":"https:\/\/www.retrocomputing-whv.net\/wp-content\/uploads\/2020\/04\/Logo.png","width":1340,"height":250,"caption":"Retrocomputing-WHV"},"image":{"@id":"https:\/\/www.retrocomputing-whv.net\/#\/schema\/logo\/image\/"}}]}},"_links":{"self":[{"href":"https:\/\/www.retrocomputing-whv.net\/index.php?rest_route=\/wp\/v2\/pages\/969","targetHints":{"allow":["GET"]}}],"collection":[{"href":"https:\/\/www.retrocomputing-whv.net\/index.php?rest_route=\/wp\/v2\/pages"}],"about":[{"href":"https:\/\/www.retrocomputing-whv.net\/index.php?rest_route=\/wp\/v2\/types\/page"}],"author":[{"embeddable":true,"href":"https:\/\/www.retrocomputing-whv.net\/index.php?rest_route=\/wp\/v2\/users\/1"}],"replies":[{"embeddable":true,"href":"https:\/\/www.retrocomputing-whv.net\/index.php?rest_route=%2Fwp%2Fv2%2Fcomments&post=969"}],"version-history":[{"count":0,"href":"https:\/\/www.retrocomputing-whv.net\/index.php?rest_route=\/wp\/v2\/pages\/969\/revisions"}],"up":[{"embeddable":true,"href":"https:\/\/www.retrocomputing-whv.net\/index.php?rest_route=\/wp\/v2\/pages\/840"}],"wp:attachment":[{"href":"https:\/\/www.retrocomputing-whv.net\/index.php?rest_route=%2Fwp%2Fv2%2Fmedia&parent=969"}],"curies":[{"name":"wp","href":"https:\/\/api.w.org\/{rel}","templated":true}]}}