{"id":972,"date":"2020-11-22T20:00:39","date_gmt":"2020-11-22T19:00:39","guid":{"rendered":"https:\/\/www.retrocomputing-whv.net\/?page_id=972"},"modified":"2020-11-22T20:00:39","modified_gmt":"2020-11-22T19:00:39","slug":"64-tips-tricks-3","status":"publish","type":"page","link":"https:\/\/www.retrocomputing-whv.net\/?page_id=972","title":{"rendered":"64 Tips &#038; Tricks"},"content":{"rendered":"\n<figure class=\"wp-block-image size-large\"><img loading=\"lazy\" decoding=\"async\" width=\"728\" height=\"1024\" src=\"https:\/\/www.retrocomputing-whv.net\/wp-content\/uploads\/2020\/04\/DATA-BECKER-Commodore-64-Tips-und-Tricks-Band-2-728x1024.jpg\" alt=\"DATA BECKER - Commodore 64 Tips und Tricks Band 2\" class=\"wp-image-275\" srcset=\"https:\/\/www.retrocomputing-whv.net\/wp-content\/uploads\/2020\/04\/DATA-BECKER-Commodore-64-Tips-und-Tricks-Band-2-728x1024.jpg 728w, https:\/\/www.retrocomputing-whv.net\/wp-content\/uploads\/2020\/04\/DATA-BECKER-Commodore-64-Tips-und-Tricks-Band-2-213x300.jpg 213w, https:\/\/www.retrocomputing-whv.net\/wp-content\/uploads\/2020\/04\/DATA-BECKER-Commodore-64-Tips-und-Tricks-Band-2-768x1080.jpg 768w, https:\/\/www.retrocomputing-whv.net\/wp-content\/uploads\/2020\/04\/DATA-BECKER-Commodore-64-Tips-und-Tricks-Band-2-1092x1536.jpg 1092w, https:\/\/www.retrocomputing-whv.net\/wp-content\/uploads\/2020\/04\/DATA-BECKER-Commodore-64-Tips-und-Tricks-Band-2.jpg 1200w\" sizes=\"auto, (max-width: 728px) 100vw, 728px\" \/><\/figure>\n\n\n\n<p>Ein DATA BECKER Buch &#8211; Autoren Hornig, Trapp, Weltner<br>1. Auflage &#8211; Erscheinungsjahr 1984 &#8211; ISBN 3-89011-065-7<\/p>\n\n\n\n<p><strong>Das steht drin:<\/strong><br>64 Tips &amp; Tricks Band 2 enth\u00e4lt eine F\u00fclle hochkar\u00e4tiger Programme, Anregungen und viele n\u00fctzliche Routinen. Ein Buch, das f\u00fcr jeden, der auf Commodore 64 eigene Programme schreiben will, eine unentbehrliche Hilfe ist.<\/p>\n\n\n\n<p><strong>Aus dem Inhalt:<\/strong><\/p>\n\n\n\n<ul class=\"wp-block-list\"><li>Softwareschutz<\/li><li>Befehlserweiterung &#8211; selbst gemacht<\/li><li>Grafik &#8211; Zeichendefinition<\/li><li>Spieleprogrammierung<\/li><li>Betriebssystem: ROM in RAM<\/li><li>Betriebssystem-Routinen<\/li><li>Wie speichert der Computer eine BASIC-Zeile<\/li><li>Hardware-Tips<\/li><li>Laufschrift<\/li><li>Arbeiten mit zwei Bildschirmen<\/li><li>Modifiziertes Input<\/li><li>und vieles mehr &#8230;.<\/li><\/ul>\n\n\n\n<figure class=\"wp-block-image size-large\"><a href=\"https:\/\/www.retrocomputing-whv.net\/?page_id=840\"><img loading=\"lazy\" decoding=\"async\" width=\"256\" height=\"136\" src=\"https:\/\/www.retrocomputing-whv.net\/wp-content\/uploads\/2020\/08\/Backspace.jpg\" alt=\"Backspace\" class=\"wp-image-681\"\/><\/a><\/figure>\n\n\n\n<p><\/p>\n","protected":false},"excerpt":{"rendered":"<p>Ein DATA BECKER Buch &#8211; Autoren Hornig, Trapp, Weltner1. Auflage &#8211; Erscheinungsjahr 1984 &#8211; ISBN 3-89011-065-7 Das steht drin:64 Tips &amp; Tricks Band 2 enth\u00e4lt eine F\u00fclle hochkar\u00e4tiger Programme, Anregungen und viele n\u00fctzliche Routinen. Ein Buch, das f\u00fcr jeden, der auf Commodore 64 eigene Programme schreiben will, eine unentbehrliche Hilfe ist. Aus dem Inhalt: Softwareschutz Befehlserweiterung &#8211; selbst gemacht Grafik<\/p>\n","protected":false},"author":1,"featured_media":0,"parent":840,"menu_order":0,"comment_status":"closed","ping_status":"closed","template":"","meta":{"footnotes":""},"class_list":["post-972","page","type-page","status-publish","hentry"],"yoast_head":"<!-- This site is optimized with the Yoast SEO plugin v27.5 - https:\/\/yoast.com\/product\/yoast-seo-wordpress\/ -->\n<title>64 Tips &amp; Tricks - Retrocomputing WHV<\/title>\n<meta name=\"robots\" content=\"index, follow, max-snippet:-1, max-image-preview:large, max-video-preview:-1\" \/>\n<link rel=\"canonical\" href=\"https:\/\/www.retrocomputing-whv.net\/?page_id=972\" \/>\n<meta property=\"og:locale\" content=\"de_DE\" \/>\n<meta property=\"og:type\" content=\"article\" \/>\n<meta property=\"og:title\" content=\"64 Tips &amp; Tricks - Retrocomputing WHV\" \/>\n<meta property=\"og:description\" content=\"Ein DATA BECKER Buch &#8211; Autoren Hornig, Trapp, Weltner1. Auflage &#8211; Erscheinungsjahr 1984 &#8211; ISBN 3-89011-065-7 Das steht drin:64 Tips &amp; Tricks Band 2 enth\u00e4lt eine F\u00fclle hochkar\u00e4tiger Programme, Anregungen und viele n\u00fctzliche Routinen. Ein Buch, das f\u00fcr jeden, der auf Commodore 64 eigene Programme schreiben will, eine unentbehrliche Hilfe ist. Aus dem Inhalt: Softwareschutz Befehlserweiterung &#8211; selbst gemacht Grafik\" \/>\n<meta property=\"og:url\" content=\"https:\/\/www.retrocomputing-whv.net\/?page_id=972\" \/>\n<meta property=\"og:site_name\" content=\"Retrocomputing WHV\" \/>\n<meta property=\"og:image\" content=\"https:\/\/www.retrocomputing-whv.net\/wp-content\/uploads\/2020\/04\/DATA-BECKER-Commodore-64-Tips-und-Tricks-Band-2-728x1024.jpg\" \/>\n<meta name=\"twitter:card\" content=\"summary_large_image\" \/>\n<script type=\"application\/ld+json\" class=\"yoast-schema-graph\">{\"@context\":\"https:\\\/\\\/schema.org\",\"@graph\":[{\"@type\":\"WebPage\",\"@id\":\"https:\\\/\\\/www.retrocomputing-whv.net\\\/?page_id=972\",\"url\":\"https:\\\/\\\/www.retrocomputing-whv.net\\\/?page_id=972\",\"name\":\"64 Tips & Tricks - Retrocomputing WHV\",\"isPartOf\":{\"@id\":\"https:\\\/\\\/www.retrocomputing-whv.net\\\/#website\"},\"primaryImageOfPage\":{\"@id\":\"https:\\\/\\\/www.retrocomputing-whv.net\\\/?page_id=972#primaryimage\"},\"image\":{\"@id\":\"https:\\\/\\\/www.retrocomputing-whv.net\\\/?page_id=972#primaryimage\"},\"thumbnailUrl\":\"https:\\\/\\\/www.retrocomputing-whv.net\\\/wp-content\\\/uploads\\\/2020\\\/04\\\/DATA-BECKER-Commodore-64-Tips-und-Tricks-Band-2-728x1024.jpg\",\"datePublished\":\"2020-11-22T19:00:39+00:00\",\"breadcrumb\":{\"@id\":\"https:\\\/\\\/www.retrocomputing-whv.net\\\/?page_id=972#breadcrumb\"},\"inLanguage\":\"de\",\"potentialAction\":[{\"@type\":\"ReadAction\",\"target\":[\"https:\\\/\\\/www.retrocomputing-whv.net\\\/?page_id=972\"]}]},{\"@type\":\"ImageObject\",\"inLanguage\":\"de\",\"@id\":\"https:\\\/\\\/www.retrocomputing-whv.net\\\/?page_id=972#primaryimage\",\"url\":\"https:\\\/\\\/www.retrocomputing-whv.net\\\/wp-content\\\/uploads\\\/2020\\\/04\\\/DATA-BECKER-Commodore-64-Tips-und-Tricks-Band-2.jpg\",\"contentUrl\":\"https:\\\/\\\/www.retrocomputing-whv.net\\\/wp-content\\\/uploads\\\/2020\\\/04\\\/DATA-BECKER-Commodore-64-Tips-und-Tricks-Band-2.jpg\",\"width\":1200,\"height\":1688,\"caption\":\"DATA BECKER - 64 Tipps und Tricks - Band 2\"},{\"@type\":\"BreadcrumbList\",\"@id\":\"https:\\\/\\\/www.retrocomputing-whv.net\\\/?page_id=972#breadcrumb\",\"itemListElement\":[{\"@type\":\"ListItem\",\"position\":1,\"name\":\"Startseite\",\"item\":\"https:\\\/\\\/www.retrocomputing-whv.net\\\/\"},{\"@type\":\"ListItem\",\"position\":2,\"name\":\"Literatur\",\"item\":\"https:\\\/\\\/www.retrocomputing-whv.net\\\/?page_id=105\"},{\"@type\":\"ListItem\",\"position\":3,\"name\":\"DATA BECKER\",\"item\":\"https:\\\/\\\/www.retrocomputing-whv.net\\\/?page_id=807\"},{\"@type\":\"ListItem\",\"position\":4,\"name\":\"Commodore 64\",\"item\":\"https:\\\/\\\/www.retrocomputing-whv.net\\\/?page_id=840\"},{\"@type\":\"ListItem\",\"position\":5,\"name\":\"64 Tips &#038; Tricks\"}]},{\"@type\":\"WebSite\",\"@id\":\"https:\\\/\\\/www.retrocomputing-whv.net\\\/#website\",\"url\":\"https:\\\/\\\/www.retrocomputing-whv.net\\\/\",\"name\":\"Retrocomputing WHV\",\"description\":\"\",\"publisher\":{\"@id\":\"https:\\\/\\\/www.retrocomputing-whv.net\\\/#organization\"},\"potentialAction\":[{\"@type\":\"SearchAction\",\"target\":{\"@type\":\"EntryPoint\",\"urlTemplate\":\"https:\\\/\\\/www.retrocomputing-whv.net\\\/?s={search_term_string}\"},\"query-input\":{\"@type\":\"PropertyValueSpecification\",\"valueRequired\":true,\"valueName\":\"search_term_string\"}}],\"inLanguage\":\"de\"},{\"@type\":\"Organization\",\"@id\":\"https:\\\/\\\/www.retrocomputing-whv.net\\\/#organization\",\"name\":\"Retrocomputing-WHV\",\"url\":\"https:\\\/\\\/www.retrocomputing-whv.net\\\/\",\"logo\":{\"@type\":\"ImageObject\",\"inLanguage\":\"de\",\"@id\":\"https:\\\/\\\/www.retrocomputing-whv.net\\\/#\\\/schema\\\/logo\\\/image\\\/\",\"url\":\"https:\\\/\\\/www.retrocomputing-whv.net\\\/wp-content\\\/uploads\\\/2020\\\/04\\\/Logo.png\",\"contentUrl\":\"https:\\\/\\\/www.retrocomputing-whv.net\\\/wp-content\\\/uploads\\\/2020\\\/04\\\/Logo.png\",\"width\":1340,\"height\":250,\"caption\":\"Retrocomputing-WHV\"},\"image\":{\"@id\":\"https:\\\/\\\/www.retrocomputing-whv.net\\\/#\\\/schema\\\/logo\\\/image\\\/\"}}]}<\/script>\n<!-- \/ Yoast SEO plugin. -->","yoast_head_json":{"title":"64 Tips & Tricks - Retrocomputing WHV","robots":{"index":"index","follow":"follow","max-snippet":"max-snippet:-1","max-image-preview":"max-image-preview:large","max-video-preview":"max-video-preview:-1"},"canonical":"https:\/\/www.retrocomputing-whv.net\/?page_id=972","og_locale":"de_DE","og_type":"article","og_title":"64 Tips & Tricks - Retrocomputing WHV","og_description":"Ein DATA BECKER Buch &#8211; Autoren Hornig, Trapp, Weltner1. Auflage &#8211; Erscheinungsjahr 1984 &#8211; ISBN 3-89011-065-7 Das steht drin:64 Tips &amp; Tricks Band 2 enth\u00e4lt eine F\u00fclle hochkar\u00e4tiger Programme, Anregungen und viele n\u00fctzliche Routinen. Ein Buch, das f\u00fcr jeden, der auf Commodore 64 eigene Programme schreiben will, eine unentbehrliche Hilfe ist. Aus dem Inhalt: Softwareschutz Befehlserweiterung &#8211; selbst gemacht Grafik","og_url":"https:\/\/www.retrocomputing-whv.net\/?page_id=972","og_site_name":"Retrocomputing WHV","og_image":[{"url":"https:\/\/www.retrocomputing-whv.net\/wp-content\/uploads\/2020\/04\/DATA-BECKER-Commodore-64-Tips-und-Tricks-Band-2-728x1024.jpg","type":"","width":"","height":""}],"twitter_card":"summary_large_image","schema":{"@context":"https:\/\/schema.org","@graph":[{"@type":"WebPage","@id":"https:\/\/www.retrocomputing-whv.net\/?page_id=972","url":"https:\/\/www.retrocomputing-whv.net\/?page_id=972","name":"64 Tips & Tricks - Retrocomputing WHV","isPartOf":{"@id":"https:\/\/www.retrocomputing-whv.net\/#website"},"primaryImageOfPage":{"@id":"https:\/\/www.retrocomputing-whv.net\/?page_id=972#primaryimage"},"image":{"@id":"https:\/\/www.retrocomputing-whv.net\/?page_id=972#primaryimage"},"thumbnailUrl":"https:\/\/www.retrocomputing-whv.net\/wp-content\/uploads\/2020\/04\/DATA-BECKER-Commodore-64-Tips-und-Tricks-Band-2-728x1024.jpg","datePublished":"2020-11-22T19:00:39+00:00","breadcrumb":{"@id":"https:\/\/www.retrocomputing-whv.net\/?page_id=972#breadcrumb"},"inLanguage":"de","potentialAction":[{"@type":"ReadAction","target":["https:\/\/www.retrocomputing-whv.net\/?page_id=972"]}]},{"@type":"ImageObject","inLanguage":"de","@id":"https:\/\/www.retrocomputing-whv.net\/?page_id=972#primaryimage","url":"https:\/\/www.retrocomputing-whv.net\/wp-content\/uploads\/2020\/04\/DATA-BECKER-Commodore-64-Tips-und-Tricks-Band-2.jpg","contentUrl":"https:\/\/www.retrocomputing-whv.net\/wp-content\/uploads\/2020\/04\/DATA-BECKER-Commodore-64-Tips-und-Tricks-Band-2.jpg","width":1200,"height":1688,"caption":"DATA BECKER - 64 Tipps und Tricks - Band 2"},{"@type":"BreadcrumbList","@id":"https:\/\/www.retrocomputing-whv.net\/?page_id=972#breadcrumb","itemListElement":[{"@type":"ListItem","position":1,"name":"Startseite","item":"https:\/\/www.retrocomputing-whv.net\/"},{"@type":"ListItem","position":2,"name":"Literatur","item":"https:\/\/www.retrocomputing-whv.net\/?page_id=105"},{"@type":"ListItem","position":3,"name":"DATA BECKER","item":"https:\/\/www.retrocomputing-whv.net\/?page_id=807"},{"@type":"ListItem","position":4,"name":"Commodore 64","item":"https:\/\/www.retrocomputing-whv.net\/?page_id=840"},{"@type":"ListItem","position":5,"name":"64 Tips &#038; Tricks"}]},{"@type":"WebSite","@id":"https:\/\/www.retrocomputing-whv.net\/#website","url":"https:\/\/www.retrocomputing-whv.net\/","name":"Retrocomputing WHV","description":"","publisher":{"@id":"https:\/\/www.retrocomputing-whv.net\/#organization"},"potentialAction":[{"@type":"SearchAction","target":{"@type":"EntryPoint","urlTemplate":"https:\/\/www.retrocomputing-whv.net\/?s={search_term_string}"},"query-input":{"@type":"PropertyValueSpecification","valueRequired":true,"valueName":"search_term_string"}}],"inLanguage":"de"},{"@type":"Organization","@id":"https:\/\/www.retrocomputing-whv.net\/#organization","name":"Retrocomputing-WHV","url":"https:\/\/www.retrocomputing-whv.net\/","logo":{"@type":"ImageObject","inLanguage":"de","@id":"https:\/\/www.retrocomputing-whv.net\/#\/schema\/logo\/image\/","url":"https:\/\/www.retrocomputing-whv.net\/wp-content\/uploads\/2020\/04\/Logo.png","contentUrl":"https:\/\/www.retrocomputing-whv.net\/wp-content\/uploads\/2020\/04\/Logo.png","width":1340,"height":250,"caption":"Retrocomputing-WHV"},"image":{"@id":"https:\/\/www.retrocomputing-whv.net\/#\/schema\/logo\/image\/"}}]}},"_links":{"self":[{"href":"https:\/\/www.retrocomputing-whv.net\/index.php?rest_route=\/wp\/v2\/pages\/972","targetHints":{"allow":["GET"]}}],"collection":[{"href":"https:\/\/www.retrocomputing-whv.net\/index.php?rest_route=\/wp\/v2\/pages"}],"about":[{"href":"https:\/\/www.retrocomputing-whv.net\/index.php?rest_route=\/wp\/v2\/types\/page"}],"author":[{"embeddable":true,"href":"https:\/\/www.retrocomputing-whv.net\/index.php?rest_route=\/wp\/v2\/users\/1"}],"replies":[{"embeddable":true,"href":"https:\/\/www.retrocomputing-whv.net\/index.php?rest_route=%2Fwp%2Fv2%2Fcomments&post=972"}],"version-history":[{"count":0,"href":"https:\/\/www.retrocomputing-whv.net\/index.php?rest_route=\/wp\/v2\/pages\/972\/revisions"}],"up":[{"embeddable":true,"href":"https:\/\/www.retrocomputing-whv.net\/index.php?rest_route=\/wp\/v2\/pages\/840"}],"wp:attachment":[{"href":"https:\/\/www.retrocomputing-whv.net\/index.php?rest_route=%2Fwp%2Fv2%2Fmedia&parent=972"}],"curies":[{"name":"wp","href":"https:\/\/api.w.org\/{rel}","templated":true}]}}