{"id":982,"date":"2020-11-22T20:35:22","date_gmt":"2020-11-22T19:35:22","guid":{"rendered":"https:\/\/www.retrocomputing-whv.net\/?page_id=982"},"modified":"2020-11-22T20:35:22","modified_gmt":"2020-11-22T19:35:22","slug":"das-ideenbuch-zum-commodore-64","status":"publish","type":"page","link":"https:\/\/www.retrocomputing-whv.net\/?page_id=982","title":{"rendered":"Das Ideenbuch zum Commodore 64"},"content":{"rendered":"\n<figure class=\"wp-block-image size-large\"><img loading=\"lazy\" decoding=\"async\" width=\"725\" height=\"1024\" src=\"https:\/\/www.retrocomputing-whv.net\/wp-content\/uploads\/2020\/04\/DATA-BECKER-Das-Ideenbuch-zum-Commodore-64-725x1024.jpg\" alt=\"DATA BECKER - Das Ideenbuch zum Commodore 64\" class=\"wp-image-293\" srcset=\"https:\/\/www.retrocomputing-whv.net\/wp-content\/uploads\/2020\/04\/DATA-BECKER-Das-Ideenbuch-zum-Commodore-64-725x1024.jpg 725w, https:\/\/www.retrocomputing-whv.net\/wp-content\/uploads\/2020\/04\/DATA-BECKER-Das-Ideenbuch-zum-Commodore-64-213x300.jpg 213w, https:\/\/www.retrocomputing-whv.net\/wp-content\/uploads\/2020\/04\/DATA-BECKER-Das-Ideenbuch-zum-Commodore-64-768x1084.jpg 768w, https:\/\/www.retrocomputing-whv.net\/wp-content\/uploads\/2020\/04\/DATA-BECKER-Das-Ideenbuch-zum-Commodore-64-1088x1536.jpg 1088w, https:\/\/www.retrocomputing-whv.net\/wp-content\/uploads\/2020\/04\/DATA-BECKER-Das-Ideenbuch-zum-Commodore-64.jpg 1200w\" sizes=\"auto, (max-width: 725px) 100vw, 725px\" \/><\/figure>\n\n\n\n<p>Ein DATA BECKER Buch &#8211; Autor Rainer Bartel<br>1. Auflage &#8211;  Erscheinungsjahr 1984 &#8211; ISBN 3-89011-027-4<\/p>\n\n\n\n<p><strong>Das steht drin:<\/strong><br>Fast alles, was man mit dem Commodore 64 machen kann, ist in diesem Buch ausf\u00fchrlich beschrieben. Es ist nicht nur interessant geschrieben wie ein Roman, sondern enth\u00e4lt neben n\u00fctzlichen Programmlistings vor allem viele, viele Anwendungsm\u00f6glichkeiten des C 64. Dabei wurde besonderer Wert darauf gelegt, da\u00df das Buch auch f\u00fcr Laien leicht verst\u00e4ndlich ist. Eine Auswahl aus der Themenvielfalt:<\/p>\n\n\n\n<ul class=\"wp-block-list\"><li>Gedichte vom Computer<\/li><li>Einladung zur Party<\/li><li>Diplomarbeit &#8211; professionell gestaltet<\/li><li>individuelle Werbebriefe<\/li><li>Autokosten im Griff<\/li><li>Baukostenberechnung<\/li><li>Taschenrechner<\/li><li>Rezeptkartei<\/li><li>Lagerliste<\/li><li>pers\u00f6nliches Gesundheitsarchiv<\/li><li>Di\u00e4tplan elektronisch<\/li><li>intelligentes W\u00f6rterbuch<\/li><li>kleine Notenschule<\/li><li>CAD f\u00fcr Handarbeit<\/li><li>Routenoptimierung<\/li><li>Schaufensterwerbung<\/li><li>Strategiespiele<\/li><\/ul>\n\n\n\n<figure class=\"wp-block-image size-large\"><a href=\"https:\/\/www.retrocomputing-whv.net\/?page_id=840\"><img loading=\"lazy\" decoding=\"async\" width=\"256\" height=\"136\" src=\"https:\/\/www.retrocomputing-whv.net\/wp-content\/uploads\/2020\/08\/Backspace.jpg\" alt=\"Backspace\" class=\"wp-image-681\"\/><\/a><\/figure>\n\n\n\n<p><\/p>\n","protected":false},"excerpt":{"rendered":"<p>Ein DATA BECKER Buch &#8211; Autor Rainer Bartel1. Auflage &#8211; Erscheinungsjahr 1984 &#8211; ISBN 3-89011-027-4 Das steht drin:Fast alles, was man mit dem Commodore 64 machen kann, ist in diesem Buch ausf\u00fchrlich beschrieben. Es ist nicht nur interessant geschrieben wie ein Roman, sondern enth\u00e4lt neben n\u00fctzlichen Programmlistings vor allem viele, viele Anwendungsm\u00f6glichkeiten des C 64. Dabei wurde besonderer Wert darauf<\/p>\n","protected":false},"author":1,"featured_media":0,"parent":840,"menu_order":0,"comment_status":"closed","ping_status":"closed","template":"","meta":{"footnotes":""},"class_list":["post-982","page","type-page","status-publish","hentry"],"yoast_head":"<!-- This site is optimized with the Yoast SEO plugin v27.5 - https:\/\/yoast.com\/product\/yoast-seo-wordpress\/ -->\n<title>Das Ideenbuch zum Commodore 64 - Retrocomputing WHV<\/title>\n<meta name=\"robots\" content=\"index, follow, max-snippet:-1, max-image-preview:large, max-video-preview:-1\" \/>\n<link rel=\"canonical\" href=\"https:\/\/www.retrocomputing-whv.net\/?page_id=982\" \/>\n<meta property=\"og:locale\" content=\"de_DE\" \/>\n<meta property=\"og:type\" content=\"article\" \/>\n<meta property=\"og:title\" content=\"Das Ideenbuch zum Commodore 64 - Retrocomputing WHV\" \/>\n<meta property=\"og:description\" content=\"Ein DATA BECKER Buch &#8211; Autor Rainer Bartel1. Auflage &#8211; Erscheinungsjahr 1984 &#8211; ISBN 3-89011-027-4 Das steht drin:Fast alles, was man mit dem Commodore 64 machen kann, ist in diesem Buch ausf\u00fchrlich beschrieben. Es ist nicht nur interessant geschrieben wie ein Roman, sondern enth\u00e4lt neben n\u00fctzlichen Programmlistings vor allem viele, viele Anwendungsm\u00f6glichkeiten des C 64. Dabei wurde besonderer Wert darauf\" \/>\n<meta property=\"og:url\" content=\"https:\/\/www.retrocomputing-whv.net\/?page_id=982\" \/>\n<meta property=\"og:site_name\" content=\"Retrocomputing WHV\" \/>\n<meta property=\"og:image\" content=\"https:\/\/www.retrocomputing-whv.net\/wp-content\/uploads\/2020\/04\/DATA-BECKER-Das-Ideenbuch-zum-Commodore-64-725x1024.jpg\" \/>\n<meta name=\"twitter:card\" content=\"summary_large_image\" \/>\n<meta name=\"twitter:label1\" content=\"Gesch\u00e4tzte Lesezeit\" \/>\n\t<meta name=\"twitter:data1\" content=\"1\u00a0Minute\" \/>\n<script type=\"application\/ld+json\" class=\"yoast-schema-graph\">{\"@context\":\"https:\\\/\\\/schema.org\",\"@graph\":[{\"@type\":\"WebPage\",\"@id\":\"https:\\\/\\\/www.retrocomputing-whv.net\\\/?page_id=982\",\"url\":\"https:\\\/\\\/www.retrocomputing-whv.net\\\/?page_id=982\",\"name\":\"Das Ideenbuch zum Commodore 64 - Retrocomputing WHV\",\"isPartOf\":{\"@id\":\"https:\\\/\\\/www.retrocomputing-whv.net\\\/#website\"},\"primaryImageOfPage\":{\"@id\":\"https:\\\/\\\/www.retrocomputing-whv.net\\\/?page_id=982#primaryimage\"},\"image\":{\"@id\":\"https:\\\/\\\/www.retrocomputing-whv.net\\\/?page_id=982#primaryimage\"},\"thumbnailUrl\":\"https:\\\/\\\/www.retrocomputing-whv.net\\\/wp-content\\\/uploads\\\/2020\\\/04\\\/DATA-BECKER-Das-Ideenbuch-zum-Commodore-64-725x1024.jpg\",\"datePublished\":\"2020-11-22T19:35:22+00:00\",\"breadcrumb\":{\"@id\":\"https:\\\/\\\/www.retrocomputing-whv.net\\\/?page_id=982#breadcrumb\"},\"inLanguage\":\"de\",\"potentialAction\":[{\"@type\":\"ReadAction\",\"target\":[\"https:\\\/\\\/www.retrocomputing-whv.net\\\/?page_id=982\"]}]},{\"@type\":\"ImageObject\",\"inLanguage\":\"de\",\"@id\":\"https:\\\/\\\/www.retrocomputing-whv.net\\\/?page_id=982#primaryimage\",\"url\":\"https:\\\/\\\/www.retrocomputing-whv.net\\\/wp-content\\\/uploads\\\/2020\\\/04\\\/DATA-BECKER-Das-Ideenbuch-zum-Commodore-64.jpg\",\"contentUrl\":\"https:\\\/\\\/www.retrocomputing-whv.net\\\/wp-content\\\/uploads\\\/2020\\\/04\\\/DATA-BECKER-Das-Ideenbuch-zum-Commodore-64.jpg\",\"width\":1200,\"height\":1694,\"caption\":\"DATA BECKER - Das Ideenbuch zum Commodore 64\"},{\"@type\":\"BreadcrumbList\",\"@id\":\"https:\\\/\\\/www.retrocomputing-whv.net\\\/?page_id=982#breadcrumb\",\"itemListElement\":[{\"@type\":\"ListItem\",\"position\":1,\"name\":\"Startseite\",\"item\":\"https:\\\/\\\/www.retrocomputing-whv.net\\\/\"},{\"@type\":\"ListItem\",\"position\":2,\"name\":\"Literatur\",\"item\":\"https:\\\/\\\/www.retrocomputing-whv.net\\\/?page_id=105\"},{\"@type\":\"ListItem\",\"position\":3,\"name\":\"DATA BECKER\",\"item\":\"https:\\\/\\\/www.retrocomputing-whv.net\\\/?page_id=807\"},{\"@type\":\"ListItem\",\"position\":4,\"name\":\"Commodore 64\",\"item\":\"https:\\\/\\\/www.retrocomputing-whv.net\\\/?page_id=840\"},{\"@type\":\"ListItem\",\"position\":5,\"name\":\"Das Ideenbuch zum Commodore 64\"}]},{\"@type\":\"WebSite\",\"@id\":\"https:\\\/\\\/www.retrocomputing-whv.net\\\/#website\",\"url\":\"https:\\\/\\\/www.retrocomputing-whv.net\\\/\",\"name\":\"Retrocomputing WHV\",\"description\":\"\",\"publisher\":{\"@id\":\"https:\\\/\\\/www.retrocomputing-whv.net\\\/#organization\"},\"potentialAction\":[{\"@type\":\"SearchAction\",\"target\":{\"@type\":\"EntryPoint\",\"urlTemplate\":\"https:\\\/\\\/www.retrocomputing-whv.net\\\/?s={search_term_string}\"},\"query-input\":{\"@type\":\"PropertyValueSpecification\",\"valueRequired\":true,\"valueName\":\"search_term_string\"}}],\"inLanguage\":\"de\"},{\"@type\":\"Organization\",\"@id\":\"https:\\\/\\\/www.retrocomputing-whv.net\\\/#organization\",\"name\":\"Retrocomputing-WHV\",\"url\":\"https:\\\/\\\/www.retrocomputing-whv.net\\\/\",\"logo\":{\"@type\":\"ImageObject\",\"inLanguage\":\"de\",\"@id\":\"https:\\\/\\\/www.retrocomputing-whv.net\\\/#\\\/schema\\\/logo\\\/image\\\/\",\"url\":\"https:\\\/\\\/www.retrocomputing-whv.net\\\/wp-content\\\/uploads\\\/2020\\\/04\\\/Logo.png\",\"contentUrl\":\"https:\\\/\\\/www.retrocomputing-whv.net\\\/wp-content\\\/uploads\\\/2020\\\/04\\\/Logo.png\",\"width\":1340,\"height\":250,\"caption\":\"Retrocomputing-WHV\"},\"image\":{\"@id\":\"https:\\\/\\\/www.retrocomputing-whv.net\\\/#\\\/schema\\\/logo\\\/image\\\/\"}}]}<\/script>\n<!-- \/ Yoast SEO plugin. -->","yoast_head_json":{"title":"Das Ideenbuch zum Commodore 64 - Retrocomputing WHV","robots":{"index":"index","follow":"follow","max-snippet":"max-snippet:-1","max-image-preview":"max-image-preview:large","max-video-preview":"max-video-preview:-1"},"canonical":"https:\/\/www.retrocomputing-whv.net\/?page_id=982","og_locale":"de_DE","og_type":"article","og_title":"Das Ideenbuch zum Commodore 64 - Retrocomputing WHV","og_description":"Ein DATA BECKER Buch &#8211; Autor Rainer Bartel1. Auflage &#8211; Erscheinungsjahr 1984 &#8211; ISBN 3-89011-027-4 Das steht drin:Fast alles, was man mit dem Commodore 64 machen kann, ist in diesem Buch ausf\u00fchrlich beschrieben. Es ist nicht nur interessant geschrieben wie ein Roman, sondern enth\u00e4lt neben n\u00fctzlichen Programmlistings vor allem viele, viele Anwendungsm\u00f6glichkeiten des C 64. Dabei wurde besonderer Wert darauf","og_url":"https:\/\/www.retrocomputing-whv.net\/?page_id=982","og_site_name":"Retrocomputing WHV","og_image":[{"url":"https:\/\/www.retrocomputing-whv.net\/wp-content\/uploads\/2020\/04\/DATA-BECKER-Das-Ideenbuch-zum-Commodore-64-725x1024.jpg","type":"","width":"","height":""}],"twitter_card":"summary_large_image","twitter_misc":{"Gesch\u00e4tzte Lesezeit":"1\u00a0Minute"},"schema":{"@context":"https:\/\/schema.org","@graph":[{"@type":"WebPage","@id":"https:\/\/www.retrocomputing-whv.net\/?page_id=982","url":"https:\/\/www.retrocomputing-whv.net\/?page_id=982","name":"Das Ideenbuch zum Commodore 64 - Retrocomputing WHV","isPartOf":{"@id":"https:\/\/www.retrocomputing-whv.net\/#website"},"primaryImageOfPage":{"@id":"https:\/\/www.retrocomputing-whv.net\/?page_id=982#primaryimage"},"image":{"@id":"https:\/\/www.retrocomputing-whv.net\/?page_id=982#primaryimage"},"thumbnailUrl":"https:\/\/www.retrocomputing-whv.net\/wp-content\/uploads\/2020\/04\/DATA-BECKER-Das-Ideenbuch-zum-Commodore-64-725x1024.jpg","datePublished":"2020-11-22T19:35:22+00:00","breadcrumb":{"@id":"https:\/\/www.retrocomputing-whv.net\/?page_id=982#breadcrumb"},"inLanguage":"de","potentialAction":[{"@type":"ReadAction","target":["https:\/\/www.retrocomputing-whv.net\/?page_id=982"]}]},{"@type":"ImageObject","inLanguage":"de","@id":"https:\/\/www.retrocomputing-whv.net\/?page_id=982#primaryimage","url":"https:\/\/www.retrocomputing-whv.net\/wp-content\/uploads\/2020\/04\/DATA-BECKER-Das-Ideenbuch-zum-Commodore-64.jpg","contentUrl":"https:\/\/www.retrocomputing-whv.net\/wp-content\/uploads\/2020\/04\/DATA-BECKER-Das-Ideenbuch-zum-Commodore-64.jpg","width":1200,"height":1694,"caption":"DATA BECKER - Das Ideenbuch zum Commodore 64"},{"@type":"BreadcrumbList","@id":"https:\/\/www.retrocomputing-whv.net\/?page_id=982#breadcrumb","itemListElement":[{"@type":"ListItem","position":1,"name":"Startseite","item":"https:\/\/www.retrocomputing-whv.net\/"},{"@type":"ListItem","position":2,"name":"Literatur","item":"https:\/\/www.retrocomputing-whv.net\/?page_id=105"},{"@type":"ListItem","position":3,"name":"DATA BECKER","item":"https:\/\/www.retrocomputing-whv.net\/?page_id=807"},{"@type":"ListItem","position":4,"name":"Commodore 64","item":"https:\/\/www.retrocomputing-whv.net\/?page_id=840"},{"@type":"ListItem","position":5,"name":"Das Ideenbuch zum Commodore 64"}]},{"@type":"WebSite","@id":"https:\/\/www.retrocomputing-whv.net\/#website","url":"https:\/\/www.retrocomputing-whv.net\/","name":"Retrocomputing WHV","description":"","publisher":{"@id":"https:\/\/www.retrocomputing-whv.net\/#organization"},"potentialAction":[{"@type":"SearchAction","target":{"@type":"EntryPoint","urlTemplate":"https:\/\/www.retrocomputing-whv.net\/?s={search_term_string}"},"query-input":{"@type":"PropertyValueSpecification","valueRequired":true,"valueName":"search_term_string"}}],"inLanguage":"de"},{"@type":"Organization","@id":"https:\/\/www.retrocomputing-whv.net\/#organization","name":"Retrocomputing-WHV","url":"https:\/\/www.retrocomputing-whv.net\/","logo":{"@type":"ImageObject","inLanguage":"de","@id":"https:\/\/www.retrocomputing-whv.net\/#\/schema\/logo\/image\/","url":"https:\/\/www.retrocomputing-whv.net\/wp-content\/uploads\/2020\/04\/Logo.png","contentUrl":"https:\/\/www.retrocomputing-whv.net\/wp-content\/uploads\/2020\/04\/Logo.png","width":1340,"height":250,"caption":"Retrocomputing-WHV"},"image":{"@id":"https:\/\/www.retrocomputing-whv.net\/#\/schema\/logo\/image\/"}}]}},"_links":{"self":[{"href":"https:\/\/www.retrocomputing-whv.net\/index.php?rest_route=\/wp\/v2\/pages\/982","targetHints":{"allow":["GET"]}}],"collection":[{"href":"https:\/\/www.retrocomputing-whv.net\/index.php?rest_route=\/wp\/v2\/pages"}],"about":[{"href":"https:\/\/www.retrocomputing-whv.net\/index.php?rest_route=\/wp\/v2\/types\/page"}],"author":[{"embeddable":true,"href":"https:\/\/www.retrocomputing-whv.net\/index.php?rest_route=\/wp\/v2\/users\/1"}],"replies":[{"embeddable":true,"href":"https:\/\/www.retrocomputing-whv.net\/index.php?rest_route=%2Fwp%2Fv2%2Fcomments&post=982"}],"version-history":[{"count":0,"href":"https:\/\/www.retrocomputing-whv.net\/index.php?rest_route=\/wp\/v2\/pages\/982\/revisions"}],"up":[{"embeddable":true,"href":"https:\/\/www.retrocomputing-whv.net\/index.php?rest_route=\/wp\/v2\/pages\/840"}],"wp:attachment":[{"href":"https:\/\/www.retrocomputing-whv.net\/index.php?rest_route=%2Fwp%2Fv2%2Fmedia&parent=982"}],"curies":[{"name":"wp","href":"https:\/\/api.w.org\/{rel}","templated":true}]}}