{"id":985,"date":"2020-11-22T20:58:24","date_gmt":"2020-11-22T19:58:24","guid":{"rendered":"https:\/\/www.retrocomputing-whv.net\/?page_id=985"},"modified":"2020-11-22T20:58:24","modified_gmt":"2020-11-22T19:58:24","slug":"das-handbuch-zur-dfue","status":"publish","type":"page","link":"https:\/\/www.retrocomputing-whv.net\/?page_id=985","title":{"rendered":"Das Handbuch zur DF\u00dc"},"content":{"rendered":"\n<figure class=\"wp-block-image size-large\"><img loading=\"lazy\" decoding=\"async\" width=\"720\" height=\"1024\" src=\"https:\/\/www.retrocomputing-whv.net\/wp-content\/uploads\/2020\/05\/DATA-BECKER-Das-Handbuch-zur-DF\u00dc-Datenfern\u00fcbertragung-mit-dem-Commodore-64-720x1024.jpg\" alt=\"DATA BECKER - Das Handbuch zur DF\u00dc Datenfern\u00fcbertragung mit dem Commodore 64\" class=\"wp-image-449\" srcset=\"https:\/\/www.retrocomputing-whv.net\/wp-content\/uploads\/2020\/05\/DATA-BECKER-Das-Handbuch-zur-DF\u00dc-Datenfern\u00fcbertragung-mit-dem-Commodore-64-720x1024.jpg 720w, https:\/\/www.retrocomputing-whv.net\/wp-content\/uploads\/2020\/05\/DATA-BECKER-Das-Handbuch-zur-DF\u00dc-Datenfern\u00fcbertragung-mit-dem-Commodore-64-211x300.jpg 211w, https:\/\/www.retrocomputing-whv.net\/wp-content\/uploads\/2020\/05\/DATA-BECKER-Das-Handbuch-zur-DF\u00dc-Datenfern\u00fcbertragung-mit-dem-Commodore-64-768x1092.jpg 768w, https:\/\/www.retrocomputing-whv.net\/wp-content\/uploads\/2020\/05\/DATA-BECKER-Das-Handbuch-zur-DF\u00dc-Datenfern\u00fcbertragung-mit-dem-Commodore-64-1080x1536.jpg 1080w, https:\/\/www.retrocomputing-whv.net\/wp-content\/uploads\/2020\/05\/DATA-BECKER-Das-Handbuch-zur-DF\u00dc-Datenfern\u00fcbertragung-mit-dem-Commodore-64.jpg 1200w\" sizes=\"auto, (max-width: 720px) 100vw, 720px\" \/><\/figure>\n\n\n\n<p>Ein DATA BECKER Buch &#8211; Autor R\u00fcdiger Sch\u00e4fer<br>1. Auflage &#8211; Erscheinungsjahr 1984 &#8211; ISBN 3-89011-058-4<\/p>\n\n\n\n<p><strong>Das steht drin:<\/strong><br>Dieses Buch ist unentbehrlich f\u00fcr jeden C-64-Besitzer, der sich mit dem interessanten Gebiet der Datenfern\u00fcbertragung besch\u00e4ftigen will. Mit Spitzenprogrammen f\u00fcr alle, die einen Akustikkoppler besitzen.<\/p>\n\n\n\n<ul class=\"wp-block-list\"><li>Grundlagen der Daten\u00fcbermittlung<\/li><li>Schnittstelle RS-232 (V.24) und ihre Programmierung<\/li><li>Wie funktioniert ein Modem<\/li><li>ASCII-Codes<\/li><li>Daten\u00fcbertragungsprozeduren<\/li><li>Einstieg mit dem Akustikkoppler<\/li><li>DATEX-P &#8211; Das Datennetz der Post<\/li><li>Datenbanken und Mailboxen<\/li><li>\u00f6ffentlich zug\u00e4ngliche Datenbanken und Mailboxen und vieles mehr<\/li><\/ul>\n\n\n\n<figure class=\"wp-block-image size-large\"><a href=\"https:\/\/www.retrocomputing-whv.net\/?page_id=840\"><img loading=\"lazy\" decoding=\"async\" width=\"256\" height=\"136\" src=\"https:\/\/www.retrocomputing-whv.net\/wp-content\/uploads\/2020\/08\/Backspace.jpg\" alt=\"Backspace\" class=\"wp-image-681\"\/><\/a><\/figure>\n","protected":false},"excerpt":{"rendered":"<p>Ein DATA BECKER Buch &#8211; Autor R\u00fcdiger Sch\u00e4fer1. Auflage &#8211; Erscheinungsjahr 1984 &#8211; ISBN 3-89011-058-4 Das steht drin:Dieses Buch ist unentbehrlich f\u00fcr jeden C-64-Besitzer, der sich mit dem interessanten Gebiet der Datenfern\u00fcbertragung besch\u00e4ftigen will. Mit Spitzenprogrammen f\u00fcr alle, die einen Akustikkoppler besitzen. Grundlagen der Daten\u00fcbermittlung Schnittstelle RS-232 (V.24) und ihre Programmierung Wie funktioniert ein Modem ASCII-Codes Daten\u00fcbertragungsprozeduren Einstieg mit dem<\/p>\n","protected":false},"author":1,"featured_media":0,"parent":840,"menu_order":0,"comment_status":"closed","ping_status":"closed","template":"","meta":{"footnotes":""},"class_list":["post-985","page","type-page","status-publish","hentry"],"yoast_head":"<!-- This site is optimized with the Yoast SEO plugin v27.5 - https:\/\/yoast.com\/product\/yoast-seo-wordpress\/ -->\n<title>Das Handbuch zur DF\u00dc - Retrocomputing WHV<\/title>\n<meta name=\"robots\" content=\"index, follow, max-snippet:-1, max-image-preview:large, max-video-preview:-1\" \/>\n<link rel=\"canonical\" href=\"https:\/\/www.retrocomputing-whv.net\/?page_id=985\" \/>\n<meta property=\"og:locale\" content=\"de_DE\" \/>\n<meta property=\"og:type\" content=\"article\" \/>\n<meta property=\"og:title\" content=\"Das Handbuch zur DF\u00dc - Retrocomputing WHV\" \/>\n<meta property=\"og:description\" content=\"Ein DATA BECKER Buch &#8211; Autor R\u00fcdiger Sch\u00e4fer1. Auflage &#8211; Erscheinungsjahr 1984 &#8211; ISBN 3-89011-058-4 Das steht drin:Dieses Buch ist unentbehrlich f\u00fcr jeden C-64-Besitzer, der sich mit dem interessanten Gebiet der Datenfern\u00fcbertragung besch\u00e4ftigen will. Mit Spitzenprogrammen f\u00fcr alle, die einen Akustikkoppler besitzen. Grundlagen der Daten\u00fcbermittlung Schnittstelle RS-232 (V.24) und ihre Programmierung Wie funktioniert ein Modem ASCII-Codes Daten\u00fcbertragungsprozeduren Einstieg mit dem\" \/>\n<meta property=\"og:url\" content=\"https:\/\/www.retrocomputing-whv.net\/?page_id=985\" \/>\n<meta property=\"og:site_name\" content=\"Retrocomputing WHV\" \/>\n<meta property=\"og:image\" content=\"https:\/\/www.retrocomputing-whv.net\/wp-content\/uploads\/2020\/05\/DATA-BECKER-Das-Handbuch-zur-DF\u00dc-Datenfern\u00fcbertragung-mit-dem-Commodore-64-720x1024.jpg\" \/>\n<meta name=\"twitter:card\" content=\"summary_large_image\" \/>\n<script type=\"application\/ld+json\" class=\"yoast-schema-graph\">{\"@context\":\"https:\\\/\\\/schema.org\",\"@graph\":[{\"@type\":\"WebPage\",\"@id\":\"https:\\\/\\\/www.retrocomputing-whv.net\\\/?page_id=985\",\"url\":\"https:\\\/\\\/www.retrocomputing-whv.net\\\/?page_id=985\",\"name\":\"Das Handbuch zur DF\u00dc - Retrocomputing WHV\",\"isPartOf\":{\"@id\":\"https:\\\/\\\/www.retrocomputing-whv.net\\\/#website\"},\"primaryImageOfPage\":{\"@id\":\"https:\\\/\\\/www.retrocomputing-whv.net\\\/?page_id=985#primaryimage\"},\"image\":{\"@id\":\"https:\\\/\\\/www.retrocomputing-whv.net\\\/?page_id=985#primaryimage\"},\"thumbnailUrl\":\"https:\\\/\\\/www.retrocomputing-whv.net\\\/wp-content\\\/uploads\\\/2020\\\/08\\\/Backspace.jpg\",\"datePublished\":\"2020-11-22T19:58:24+00:00\",\"breadcrumb\":{\"@id\":\"https:\\\/\\\/www.retrocomputing-whv.net\\\/?page_id=985#breadcrumb\"},\"inLanguage\":\"de\",\"potentialAction\":[{\"@type\":\"ReadAction\",\"target\":[\"https:\\\/\\\/www.retrocomputing-whv.net\\\/?page_id=985\"]}]},{\"@type\":\"ImageObject\",\"inLanguage\":\"de\",\"@id\":\"https:\\\/\\\/www.retrocomputing-whv.net\\\/?page_id=985#primaryimage\",\"url\":\"https:\\\/\\\/www.retrocomputing-whv.net\\\/wp-content\\\/uploads\\\/2020\\\/08\\\/Backspace.jpg\",\"contentUrl\":\"https:\\\/\\\/www.retrocomputing-whv.net\\\/wp-content\\\/uploads\\\/2020\\\/08\\\/Backspace.jpg\",\"width\":256,\"height\":136,\"caption\":\"Backspace\"},{\"@type\":\"BreadcrumbList\",\"@id\":\"https:\\\/\\\/www.retrocomputing-whv.net\\\/?page_id=985#breadcrumb\",\"itemListElement\":[{\"@type\":\"ListItem\",\"position\":1,\"name\":\"Startseite\",\"item\":\"https:\\\/\\\/www.retrocomputing-whv.net\\\/\"},{\"@type\":\"ListItem\",\"position\":2,\"name\":\"Literatur\",\"item\":\"https:\\\/\\\/www.retrocomputing-whv.net\\\/?page_id=105\"},{\"@type\":\"ListItem\",\"position\":3,\"name\":\"DATA BECKER\",\"item\":\"https:\\\/\\\/www.retrocomputing-whv.net\\\/?page_id=807\"},{\"@type\":\"ListItem\",\"position\":4,\"name\":\"Commodore 64\",\"item\":\"https:\\\/\\\/www.retrocomputing-whv.net\\\/?page_id=840\"},{\"@type\":\"ListItem\",\"position\":5,\"name\":\"Das Handbuch zur DF\u00dc\"}]},{\"@type\":\"WebSite\",\"@id\":\"https:\\\/\\\/www.retrocomputing-whv.net\\\/#website\",\"url\":\"https:\\\/\\\/www.retrocomputing-whv.net\\\/\",\"name\":\"Retrocomputing WHV\",\"description\":\"\",\"publisher\":{\"@id\":\"https:\\\/\\\/www.retrocomputing-whv.net\\\/#organization\"},\"potentialAction\":[{\"@type\":\"SearchAction\",\"target\":{\"@type\":\"EntryPoint\",\"urlTemplate\":\"https:\\\/\\\/www.retrocomputing-whv.net\\\/?s={search_term_string}\"},\"query-input\":{\"@type\":\"PropertyValueSpecification\",\"valueRequired\":true,\"valueName\":\"search_term_string\"}}],\"inLanguage\":\"de\"},{\"@type\":\"Organization\",\"@id\":\"https:\\\/\\\/www.retrocomputing-whv.net\\\/#organization\",\"name\":\"Retrocomputing-WHV\",\"url\":\"https:\\\/\\\/www.retrocomputing-whv.net\\\/\",\"logo\":{\"@type\":\"ImageObject\",\"inLanguage\":\"de\",\"@id\":\"https:\\\/\\\/www.retrocomputing-whv.net\\\/#\\\/schema\\\/logo\\\/image\\\/\",\"url\":\"https:\\\/\\\/www.retrocomputing-whv.net\\\/wp-content\\\/uploads\\\/2020\\\/04\\\/Logo.png\",\"contentUrl\":\"https:\\\/\\\/www.retrocomputing-whv.net\\\/wp-content\\\/uploads\\\/2020\\\/04\\\/Logo.png\",\"width\":1340,\"height\":250,\"caption\":\"Retrocomputing-WHV\"},\"image\":{\"@id\":\"https:\\\/\\\/www.retrocomputing-whv.net\\\/#\\\/schema\\\/logo\\\/image\\\/\"}}]}<\/script>\n<!-- \/ Yoast SEO plugin. -->","yoast_head_json":{"title":"Das Handbuch zur DF\u00dc - Retrocomputing WHV","robots":{"index":"index","follow":"follow","max-snippet":"max-snippet:-1","max-image-preview":"max-image-preview:large","max-video-preview":"max-video-preview:-1"},"canonical":"https:\/\/www.retrocomputing-whv.net\/?page_id=985","og_locale":"de_DE","og_type":"article","og_title":"Das Handbuch zur DF\u00dc - Retrocomputing WHV","og_description":"Ein DATA BECKER Buch &#8211; Autor R\u00fcdiger Sch\u00e4fer1. Auflage &#8211; Erscheinungsjahr 1984 &#8211; ISBN 3-89011-058-4 Das steht drin:Dieses Buch ist unentbehrlich f\u00fcr jeden C-64-Besitzer, der sich mit dem interessanten Gebiet der Datenfern\u00fcbertragung besch\u00e4ftigen will. Mit Spitzenprogrammen f\u00fcr alle, die einen Akustikkoppler besitzen. Grundlagen der Daten\u00fcbermittlung Schnittstelle RS-232 (V.24) und ihre Programmierung Wie funktioniert ein Modem ASCII-Codes Daten\u00fcbertragungsprozeduren Einstieg mit dem","og_url":"https:\/\/www.retrocomputing-whv.net\/?page_id=985","og_site_name":"Retrocomputing WHV","og_image":[{"url":"https:\/\/www.retrocomputing-whv.net\/wp-content\/uploads\/2020\/05\/DATA-BECKER-Das-Handbuch-zur-DF\u00dc-Datenfern\u00fcbertragung-mit-dem-Commodore-64-720x1024.jpg","type":"","width":"","height":""}],"twitter_card":"summary_large_image","schema":{"@context":"https:\/\/schema.org","@graph":[{"@type":"WebPage","@id":"https:\/\/www.retrocomputing-whv.net\/?page_id=985","url":"https:\/\/www.retrocomputing-whv.net\/?page_id=985","name":"Das Handbuch zur DF\u00dc - Retrocomputing WHV","isPartOf":{"@id":"https:\/\/www.retrocomputing-whv.net\/#website"},"primaryImageOfPage":{"@id":"https:\/\/www.retrocomputing-whv.net\/?page_id=985#primaryimage"},"image":{"@id":"https:\/\/www.retrocomputing-whv.net\/?page_id=985#primaryimage"},"thumbnailUrl":"https:\/\/www.retrocomputing-whv.net\/wp-content\/uploads\/2020\/08\/Backspace.jpg","datePublished":"2020-11-22T19:58:24+00:00","breadcrumb":{"@id":"https:\/\/www.retrocomputing-whv.net\/?page_id=985#breadcrumb"},"inLanguage":"de","potentialAction":[{"@type":"ReadAction","target":["https:\/\/www.retrocomputing-whv.net\/?page_id=985"]}]},{"@type":"ImageObject","inLanguage":"de","@id":"https:\/\/www.retrocomputing-whv.net\/?page_id=985#primaryimage","url":"https:\/\/www.retrocomputing-whv.net\/wp-content\/uploads\/2020\/08\/Backspace.jpg","contentUrl":"https:\/\/www.retrocomputing-whv.net\/wp-content\/uploads\/2020\/08\/Backspace.jpg","width":256,"height":136,"caption":"Backspace"},{"@type":"BreadcrumbList","@id":"https:\/\/www.retrocomputing-whv.net\/?page_id=985#breadcrumb","itemListElement":[{"@type":"ListItem","position":1,"name":"Startseite","item":"https:\/\/www.retrocomputing-whv.net\/"},{"@type":"ListItem","position":2,"name":"Literatur","item":"https:\/\/www.retrocomputing-whv.net\/?page_id=105"},{"@type":"ListItem","position":3,"name":"DATA BECKER","item":"https:\/\/www.retrocomputing-whv.net\/?page_id=807"},{"@type":"ListItem","position":4,"name":"Commodore 64","item":"https:\/\/www.retrocomputing-whv.net\/?page_id=840"},{"@type":"ListItem","position":5,"name":"Das Handbuch zur DF\u00dc"}]},{"@type":"WebSite","@id":"https:\/\/www.retrocomputing-whv.net\/#website","url":"https:\/\/www.retrocomputing-whv.net\/","name":"Retrocomputing WHV","description":"","publisher":{"@id":"https:\/\/www.retrocomputing-whv.net\/#organization"},"potentialAction":[{"@type":"SearchAction","target":{"@type":"EntryPoint","urlTemplate":"https:\/\/www.retrocomputing-whv.net\/?s={search_term_string}"},"query-input":{"@type":"PropertyValueSpecification","valueRequired":true,"valueName":"search_term_string"}}],"inLanguage":"de"},{"@type":"Organization","@id":"https:\/\/www.retrocomputing-whv.net\/#organization","name":"Retrocomputing-WHV","url":"https:\/\/www.retrocomputing-whv.net\/","logo":{"@type":"ImageObject","inLanguage":"de","@id":"https:\/\/www.retrocomputing-whv.net\/#\/schema\/logo\/image\/","url":"https:\/\/www.retrocomputing-whv.net\/wp-content\/uploads\/2020\/04\/Logo.png","contentUrl":"https:\/\/www.retrocomputing-whv.net\/wp-content\/uploads\/2020\/04\/Logo.png","width":1340,"height":250,"caption":"Retrocomputing-WHV"},"image":{"@id":"https:\/\/www.retrocomputing-whv.net\/#\/schema\/logo\/image\/"}}]}},"_links":{"self":[{"href":"https:\/\/www.retrocomputing-whv.net\/index.php?rest_route=\/wp\/v2\/pages\/985","targetHints":{"allow":["GET"]}}],"collection":[{"href":"https:\/\/www.retrocomputing-whv.net\/index.php?rest_route=\/wp\/v2\/pages"}],"about":[{"href":"https:\/\/www.retrocomputing-whv.net\/index.php?rest_route=\/wp\/v2\/types\/page"}],"author":[{"embeddable":true,"href":"https:\/\/www.retrocomputing-whv.net\/index.php?rest_route=\/wp\/v2\/users\/1"}],"replies":[{"embeddable":true,"href":"https:\/\/www.retrocomputing-whv.net\/index.php?rest_route=%2Fwp%2Fv2%2Fcomments&post=985"}],"version-history":[{"count":0,"href":"https:\/\/www.retrocomputing-whv.net\/index.php?rest_route=\/wp\/v2\/pages\/985\/revisions"}],"up":[{"embeddable":true,"href":"https:\/\/www.retrocomputing-whv.net\/index.php?rest_route=\/wp\/v2\/pages\/840"}],"wp:attachment":[{"href":"https:\/\/www.retrocomputing-whv.net\/index.php?rest_route=%2Fwp%2Fv2%2Fmedia&parent=985"}],"curies":[{"name":"wp","href":"https:\/\/api.w.org\/{rel}","templated":true}]}}